{"id":38,"date":"2024-10-05T21:29:26","date_gmt":"2024-10-05T19:29:26","guid":{"rendered":"http:\/\/de-vv.com\/bonconseil\/?page_id=38"},"modified":"2024-10-06T15:57:57","modified_gmt":"2024-10-06T13:57:57","slug":"documents-a-fournir","status":"publish","type":"page","link":"http:\/\/de-vv.com\/bonconseil\/documents-a-fournir\/","title":{"rendered":"Documents \u00e0 fournir"},"content":{"rendered":"[vc_row type=\u00a0\u00bbfull_width_content\u00a0\u00bb full_screen_row_position=\u00a0\u00bbmiddle\u00a0\u00bb equal_height=\u00a0\u00bbyes\u00a0\u00bb column_margin=\u00a0\u00bbnone\u00a0\u00bb scene_position=\u00a0\u00bbcenter\u00a0\u00bb text_color=\u00a0\u00bbdark\u00a0\u00bb text_align=\u00a0\u00bbleft\u00a0\u00bb class=\u00a0\u00bbmargin-form\u00a0\u00bb overlay_strength=\u00a0\u00bb0.3&Prime; shape_divider_position=\u00a0\u00bbbottom\u00a0\u00bb bg_image_animation=\u00a0\u00bbnone\u00a0\u00bb shape_type=\u00a0\u00bb\u00a0\u00bb][vc_column column_padding=\u00a0\u00bbpadding-4-percent\u00a0\u00bb column_padding_position=\u00a0\u00bball\u00a0\u00bb background_color_opacity=\u00a0\u00bb1&Prime; background_hover_color_opacity=\u00a0\u00bb1&Prime; font_color=\u00a0\u00bb#040404&Prime; column_link_target=\u00a0\u00bb_self\u00a0\u00bb column_shadow=\u00a0\u00bbnone\u00a0\u00bb column_border_radius=\u00a0\u00bbnone\u00a0\u00bb width=\u00a0\u00bb2\/3&Prime; tablet_width_inherit=\u00a0\u00bbdefault\u00a0\u00bb tablet_text_alignment=\u00a0\u00bbdefault\u00a0\u00bb phone_text_alignment=\u00a0\u00bbdefault\u00a0\u00bb overlay_strength=\u00a0\u00bb0.3&Prime; column_border_width=\u00a0\u00bbnone\u00a0\u00bb column_border_style=\u00a0\u00bbsolid\u00a0\u00bb bg_image_animation=\u00a0\u00bbnone\u00a0\u00bb][vc_column_text css=\u00a0\u00bb.vc_custom_1728222615736{padding-bottom: 20px !important;}\u00a0\u00bb]\n<h1 style=\"color: #007fa0;\">Documents \u00e0 fournir<\/h1>\n<p>Retrouvez ci-dessous la liste des documents \u00e0 nous fournir \u00e0 l\u2019inscription. Ces documents sont n\u00e9cessaires pour la constitution de votre dossier et son <a href=\"https:\/\/permisdeconduire.ants.gouv.fr\/\" target=\"_blank\" rel=\"noopener\">enregistrement aupr\u00e8s de l\u2019ANTS<\/a>.[\/vc_column_text]<div class=\"nectar-fancy-ul\" data-list-icon=\"icon-salient-thin-line\" data-animation=\"false\" data-animation-delay=\"0\" data-color=\"accent-color\" data-spacing=\"default\" data-alignment=\"left\"> \n<ul>\n<li>4 e-photos d&rsquo;identit\u00e9 sur fond clair et uni (agr\u00e9\u00e9es ANTS) ;<\/li>\n<li>La photocopie recto-verso de la carte d&rsquo;identit\u00e9 ou du passeport du candidat, en cours de validit\u00e9 ;<\/li>\n<li>La photocopie de la carte d&rsquo;identit\u00e9 ou du passeport du repr\u00e9sentant l\u00e9gal <u>si l&rsquo;\u00e9l\u00e8ve est mineur<\/u>, en cours de validit\u00e9 ;<\/li>\n<li>La photocopie du certificat individuel de participation \u00e0 la JAPD ou JDC ou de l&rsquo;attestation provisoire \u00ab en instance de convocation ou de l&rsquo;attestation d&rsquo;exemption \u00bb si le candidat est fran\u00e7ais et \u00e2g\u00e9 de 17 \u00e0 25 ans non r\u00e9volus ;<\/li>\n<li>La photocopie recto-verso de votre permis de conduire (si vous en poss\u00e9dez un)<\/li>\n<li>La photocopie d&rsquo;un justificatif de domicile datant de moins de 3 mois (le cas \u00e9ch\u00e9ant, l&rsquo;original de l&rsquo;attestation d&rsquo;h\u00e9bergement pr\u00e9cisant que le demandeur est h\u00e9berg\u00e9 depuis plus de 3 mois) + photocopie de la pi\u00e8ce d&rsquo;identit\u00e9 de l&rsquo;h\u00e9bergent.<\/li>\n<li>Votre ancien dossier (livret + Cerfa 02) si vous en avez d\u00e9j\u00e0 un.<\/li>\n<\/ul>\n <\/div>[\/vc_column][vc_column column_padding=\u00a0\u00bbpadding-4-percent\u00a0\u00bb column_padding_position=\u00a0\u00bball\u00a0\u00bb background_color_opacity=\u00a0\u00bb1&Prime; background_hover_color_opacity=\u00a0\u00bb1&Prime; background_image=\u00a0\u00bb55&Prime; column_link_target=\u00a0\u00bb_self\u00a0\u00bb column_shadow=\u00a0\u00bbnone\u00a0\u00bb column_border_radius=\u00a0\u00bbnone\u00a0\u00bb width=\u00a0\u00bb1\/3&Prime; tablet_width_inherit=\u00a0\u00bbdefault\u00a0\u00bb tablet_text_alignment=\u00a0\u00bbdefault\u00a0\u00bb phone_text_alignment=\u00a0\u00bbdefault\u00a0\u00bb color_overlay=\u00a0\u00bb#000000&Prime; overlay_strength=\u00a0\u00bb0.5&Prime; column_border_width=\u00a0\u00bbnone\u00a0\u00bb column_border_style=\u00a0\u00bbsolid\u00a0\u00bb bg_image_animation=\u00a0\u00bbnone\u00a0\u00bb][vc_row_inner column_margin=\u00a0\u00bbdefault\u00a0\u00bb bottom_padding=\u00a0\u00bb12&Prime; text_align=\u00a0\u00bbleft\u00a0\u00bb][vc_column_inner column_padding=\u00a0\u00bbno-extra-padding\u00a0\u00bb column_padding_position=\u00a0\u00bball\u00a0\u00bb background_color_opacity=\u00a0\u00bb1&Prime; background_hover_color_opacity=\u00a0\u00bb1&Prime; font_color=\u00a0\u00bb#ffffff\u00a0\u00bb column_shadow=\u00a0\u00bbnone\u00a0\u00bb column_border_radius=\u00a0\u00bbnone\u00a0\u00bb column_link_target=\u00a0\u00bb_self\u00a0\u00bb width=\u00a0\u00bb1\/1&Prime; tablet_width_inherit=\u00a0\u00bbdefault\u00a0\u00bb overlay_strength=\u00a0\u00bb0.3&Prime; column_border_width=\u00a0\u00bbnone\u00a0\u00bb column_border_style=\u00a0\u00bbsolid\u00a0\u00bb bg_image_animation=\u00a0\u00bbnone\u00a0\u00bb][vc_column_text css=\u00a0\u00bb.vc_custom_1728207132598{padding-bottom: 12px !important;}\u00a0\u00bb]\n<h4><i class=\"fa fa-map-signs\" style=\"color: #fad200;\"><\/i> O\u00f9 sommes-nous ?<\/h4>\n<p>Venez nous rencontrer dans notre agence d&rsquo;Oullins :<br \/>\n13 avenue Jean Jaur\u00e8s<br \/>\n69600 Oullins-Pierre-B\u00e9nite[\/vc_column_text][\/vc_column_inner][\/vc_row_inner][vc_row_inner column_margin=\u00a0\u00bbdefault\u00a0\u00bb bottom_padding=\u00a0\u00bb12&Prime; text_align=\u00a0\u00bbleft\u00a0\u00bb][vc_column_inner column_padding=\u00a0\u00bbno-extra-padding\u00a0\u00bb column_padding_position=\u00a0\u00bball\u00a0\u00bb background_color_opacity=\u00a0\u00bb1&Prime; background_hover_color_opacity=\u00a0\u00bb1&Prime; font_color=\u00a0\u00bb#ffffff\u00a0\u00bb column_shadow=\u00a0\u00bbnone\u00a0\u00bb column_border_radius=\u00a0\u00bbnone\u00a0\u00bb bottom_margin=\u00a0\u00bb30&Prime; column_link_target=\u00a0\u00bb_self\u00a0\u00bb width=\u00a0\u00bb1\/1&Prime; tablet_width_inherit=\u00a0\u00bbdefault\u00a0\u00bb overlay_strength=\u00a0\u00bb0.3&Prime; column_border_width=\u00a0\u00bbnone\u00a0\u00bb column_border_style=\u00a0\u00bbsolid\u00a0\u00bb bg_image_animation=\u00a0\u00bbnone\u00a0\u00bb][vc_column_text]\n<h4><i class=\"fa fa-comments\" style=\"color: #fad200;\"><\/i> Nos coordonn\u00e9es<\/h4>\n<p><a style=\"color: #fad200!important;\" href=\"tel:09.87.06.96.05\">09 87 06 96 05<\/a><br \/>\n<a style=\"color: #fad200!important;\" href=\"mailto:aebc-secretariat@hotmail.com\">Envoyer un mail<\/a>[\/vc_column_text][\/vc_column_inner][\/vc_row_inner][vc_row_inner column_margin=\u00a0\u00bbdefault\u00a0\u00bb text_align=\u00a0\u00bbleft\u00a0\u00bb][vc_column_inner column_padding=\u00a0\u00bbno-extra-padding\u00a0\u00bb column_padding_position=\u00a0\u00bball\u00a0\u00bb background_color_opacity=\u00a0\u00bb1&Prime; background_hover_color_opacity=\u00a0\u00bb1&Prime; font_color=\u00a0\u00bb#ffffff\u00a0\u00bb column_shadow=\u00a0\u00bbnone\u00a0\u00bb column_border_radius=\u00a0\u00bbnone\u00a0\u00bb column_link_target=\u00a0\u00bb_self\u00a0\u00bb width=\u00a0\u00bb1\/1&Prime; tablet_width_inherit=\u00a0\u00bbdefault\u00a0\u00bb overlay_strength=\u00a0\u00bb0.3&Prime; column_border_width=\u00a0\u00bbnone\u00a0\u00bb column_border_style=\u00a0\u00bbsolid\u00a0\u00bb bg_image_animation=\u00a0\u00bbnone\u00a0\u00bb][vc_column_text]\n<h4><i class=\"fa fa-clock\" style=\"color: #fad200;\"><\/i> Nos horaires<\/h4>\n<p>Notre agence est ouverte :<br \/>\n&#8211; Du lundi au vendredi de 15h30 \u00e0 18h<br \/>\n&#8211; Le samedi de 10h \u00e0 14h[\/vc_column_text][\/vc_column_inner][\/vc_row_inner][\/vc_column][\/vc_row]\n","protected":false},"excerpt":{"rendered":"<p>[vc_row type=\u00a0\u00bbfull_width_content\u00a0\u00bb full_screen_row_position=\u00a0\u00bbmiddle\u00a0\u00bb equal_height=\u00a0\u00bbyes\u00a0\u00bb column_margin=\u00a0\u00bbnone\u00a0\u00bb scene_position=\u00a0\u00bbcenter\u00a0\u00bb text_color=\u00a0\u00bbdark\u00a0\u00bb text_align=\u00a0\u00bbleft\u00a0\u00bb class=\u00a0\u00bbmargin-form\u00a0\u00bb overlay_strength=\u00a0\u00bb0.3&Prime; shape_divider_position=\u00a0\u00bbbottom\u00a0\u00bb bg_image_animation=\u00a0\u00bbnone\u00a0\u00bb shape_type=\u00a0\u00bb\u00a0\u00bb][vc_column column_padding=\u00a0\u00bbpadding-4-percent\u00a0\u00bb column_padding_position=\u00a0\u00bball\u00a0\u00bb background_color_opacity=\u00a0\u00bb1&Prime; background_hover_color_opacity=\u00a0\u00bb1&Prime; font_color=\u00a0\u00bb#040404&Prime; column_link_target=\u00a0\u00bb_self\u00a0\u00bb column_shadow=\u00a0\u00bbnone\u00a0\u00bb column_border_radius=\u00a0\u00bbnone\u00a0\u00bb width=\u00a0\u00bb2\/3&Prime; tablet_width_inherit=\u00a0\u00bbdefault\u00a0\u00bb tablet_text_alignment=\u00a0\u00bbdefault\u00a0\u00bb phone_text_alignment=\u00a0\u00bbdefault\u00a0\u00bb overlay_strength=\u00a0\u00bb0.3&Prime; column_border_width=\u00a0\u00bbnone\u00a0\u00bb column_border_style=\u00a0\u00bbsolid\u00a0\u00bb bg_image_animation=\u00a0\u00bbnone\u00a0\u00bb][vc_column_text css=\u00a0\u00bb.vc_custom_1728222615736{padding-bottom:&#8230;<\/p>\n","protected":false},"author":1,"featured_media":55,"parent":0,"menu_order":0,"comment_status":"closed","ping_status":"closed","template":"","meta":{"footnotes":""},"class_list":["post-38","page","type-page","status-publish","has-post-thumbnail"],"yoast_head":"<!-- This site is optimized with the Yoast SEO plugin v23.6 - https:\/\/yoast.com\/wordpress\/plugins\/seo\/ -->\n<title>Documents \u00e0 fournir pour l&#039;inscription - Auto-\u00e9cole du Bon Conseil \u00e0 Oullins<\/title>\n<meta name=\"description\" content=\"Retrouvez la liste des documents \u00e0 nous fournir pour vous inscrire au permis de conduire avec l&#039;Auto-\u00e9cole du Bon Conseil \u00e0 Oullins (69600).\" \/>\n<meta name=\"robots\" content=\"noindex, follow, max-snippet:-1, max-image-preview:large, max-video-preview:-1\" \/>\n<meta property=\"og:locale\" content=\"fr_FR\" \/>\n<meta property=\"og:type\" content=\"article\" \/>\n<meta property=\"og:title\" content=\"Documents \u00e0 fournir pour l&#039;inscription - Auto-\u00e9cole du Bon Conseil \u00e0 Oullins\" \/>\n<meta property=\"og:description\" content=\"Retrouvez la liste des documents \u00e0 nous fournir pour vous inscrire au permis de conduire avec l&#039;Auto-\u00e9cole du Bon Conseil \u00e0 Oullins (69600).\" \/>\n<meta property=\"og:url\" content=\"http:\/\/de-vv.com\/bonconseil\/documents-a-fournir\/\" \/>\n<meta property=\"og:site_name\" content=\"Auto-\u00e9cole du Bon Conseil\" \/>\n<meta property=\"article:modified_time\" content=\"2024-10-06T13:57:57+00:00\" \/>\n<meta property=\"og:image\" content=\"http:\/\/de-vv.com\/bonconseil\/wp-content\/uploads\/2024\/10\/Auto-ecole-du-Bon-Conseil-Oullins.jpg\" \/>\n\t<meta property=\"og:image:width\" content=\"938\" \/>\n\t<meta property=\"og:image:height\" content=\"1250\" \/>\n\t<meta property=\"og:image:type\" content=\"image\/jpeg\" \/>\n<meta name=\"twitter:card\" content=\"summary_large_image\" \/>\n<meta name=\"twitter:label1\" content=\"Dur\u00e9e de lecture estim\u00e9e\" \/>\n\t<meta name=\"twitter:data1\" content=\"2 minutes\" \/>\n<script type=\"application\/ld+json\" class=\"yoast-schema-graph\">{\"@context\":\"https:\/\/schema.org\",\"@graph\":[{\"@type\":\"WebPage\",\"@id\":\"http:\/\/de-vv.com\/bonconseil\/documents-a-fournir\/\",\"url\":\"http:\/\/de-vv.com\/bonconseil\/documents-a-fournir\/\",\"name\":\"Documents \u00e0 fournir pour l'inscription - Auto-\u00e9cole du Bon Conseil \u00e0 Oullins\",\"isPartOf\":{\"@id\":\"http:\/\/de-vv.com\/bonconseil\/#website\"},\"primaryImageOfPage\":{\"@id\":\"http:\/\/de-vv.com\/bonconseil\/documents-a-fournir\/#primaryimage\"},\"image\":{\"@id\":\"http:\/\/de-vv.com\/bonconseil\/documents-a-fournir\/#primaryimage\"},\"thumbnailUrl\":\"http:\/\/de-vv.com\/bonconseil\/wp-content\/uploads\/2024\/10\/Auto-ecole-du-Bon-Conseil-Oullins.jpg\",\"datePublished\":\"2024-10-05T19:29:26+00:00\",\"dateModified\":\"2024-10-06T13:57:57+00:00\",\"description\":\"Retrouvez la liste des documents \u00e0 nous fournir pour vous inscrire au permis de conduire avec l'Auto-\u00e9cole du Bon Conseil \u00e0 Oullins (69600).\",\"breadcrumb\":{\"@id\":\"http:\/\/de-vv.com\/bonconseil\/documents-a-fournir\/#breadcrumb\"},\"inLanguage\":\"fr-FR\",\"potentialAction\":[{\"@type\":\"ReadAction\",\"target\":[\"http:\/\/de-vv.com\/bonconseil\/documents-a-fournir\/\"]}]},{\"@type\":\"ImageObject\",\"inLanguage\":\"fr-FR\",\"@id\":\"http:\/\/de-vv.com\/bonconseil\/documents-a-fournir\/#primaryimage\",\"url\":\"http:\/\/de-vv.com\/bonconseil\/wp-content\/uploads\/2024\/10\/Auto-ecole-du-Bon-Conseil-Oullins.jpg\",\"contentUrl\":\"http:\/\/de-vv.com\/bonconseil\/wp-content\/uploads\/2024\/10\/Auto-ecole-du-Bon-Conseil-Oullins.jpg\",\"width\":938,\"height\":1250,\"caption\":\"Auto-\u00e9cole du Bon Conseil Oullins\"},{\"@type\":\"BreadcrumbList\",\"@id\":\"http:\/\/de-vv.com\/bonconseil\/documents-a-fournir\/#breadcrumb\",\"itemListElement\":[{\"@type\":\"ListItem\",\"position\":1,\"name\":\"Accueil\",\"item\":\"http:\/\/de-vv.com\/bonconseil\/\"},{\"@type\":\"ListItem\",\"position\":2,\"name\":\"Documents \u00e0 fournir\"}]},{\"@type\":\"WebSite\",\"@id\":\"http:\/\/de-vv.com\/bonconseil\/#website\",\"url\":\"http:\/\/de-vv.com\/bonconseil\/\",\"name\":\"Auto-\u00e9cole du Bon Conseil\",\"description\":\"ton auto-\u00e9cole \u00e0 Oullins (69)\",\"potentialAction\":[{\"@type\":\"SearchAction\",\"target\":{\"@type\":\"EntryPoint\",\"urlTemplate\":\"http:\/\/de-vv.com\/bonconseil\/?s={search_term_string}\"},\"query-input\":{\"@type\":\"PropertyValueSpecification\",\"valueRequired\":true,\"valueName\":\"search_term_string\"}}],\"inLanguage\":\"fr-FR\"}]}<\/script>\n<!-- \/ Yoast SEO plugin. -->","yoast_head_json":{"title":"Documents \u00e0 fournir pour l'inscription - Auto-\u00e9cole du Bon Conseil \u00e0 Oullins","description":"Retrouvez la liste des documents \u00e0 nous fournir pour vous inscrire au permis de conduire avec l'Auto-\u00e9cole du Bon Conseil \u00e0 Oullins (69600).","robots":{"index":"noindex","follow":"follow","max-snippet":"max-snippet:-1","max-image-preview":"max-image-preview:large","max-video-preview":"max-video-preview:-1"},"og_locale":"fr_FR","og_type":"article","og_title":"Documents \u00e0 fournir pour l'inscription - Auto-\u00e9cole du Bon Conseil \u00e0 Oullins","og_description":"Retrouvez la liste des documents \u00e0 nous fournir pour vous inscrire au permis de conduire avec l'Auto-\u00e9cole du Bon Conseil \u00e0 Oullins (69600).","og_url":"http:\/\/de-vv.com\/bonconseil\/documents-a-fournir\/","og_site_name":"Auto-\u00e9cole du Bon Conseil","article_modified_time":"2024-10-06T13:57:57+00:00","og_image":[{"width":938,"height":1250,"url":"http:\/\/de-vv.com\/bonconseil\/wp-content\/uploads\/2024\/10\/Auto-ecole-du-Bon-Conseil-Oullins.jpg","type":"image\/jpeg"}],"twitter_card":"summary_large_image","twitter_misc":{"Dur\u00e9e de lecture estim\u00e9e":"2 minutes"},"schema":{"@context":"https:\/\/schema.org","@graph":[{"@type":"WebPage","@id":"http:\/\/de-vv.com\/bonconseil\/documents-a-fournir\/","url":"http:\/\/de-vv.com\/bonconseil\/documents-a-fournir\/","name":"Documents \u00e0 fournir pour l'inscription - Auto-\u00e9cole du Bon Conseil \u00e0 Oullins","isPartOf":{"@id":"http:\/\/de-vv.com\/bonconseil\/#website"},"primaryImageOfPage":{"@id":"http:\/\/de-vv.com\/bonconseil\/documents-a-fournir\/#primaryimage"},"image":{"@id":"http:\/\/de-vv.com\/bonconseil\/documents-a-fournir\/#primaryimage"},"thumbnailUrl":"http:\/\/de-vv.com\/bonconseil\/wp-content\/uploads\/2024\/10\/Auto-ecole-du-Bon-Conseil-Oullins.jpg","datePublished":"2024-10-05T19:29:26+00:00","dateModified":"2024-10-06T13:57:57+00:00","description":"Retrouvez la liste des documents \u00e0 nous fournir pour vous inscrire au permis de conduire avec l'Auto-\u00e9cole du Bon Conseil \u00e0 Oullins (69600).","breadcrumb":{"@id":"http:\/\/de-vv.com\/bonconseil\/documents-a-fournir\/#breadcrumb"},"inLanguage":"fr-FR","potentialAction":[{"@type":"ReadAction","target":["http:\/\/de-vv.com\/bonconseil\/documents-a-fournir\/"]}]},{"@type":"ImageObject","inLanguage":"fr-FR","@id":"http:\/\/de-vv.com\/bonconseil\/documents-a-fournir\/#primaryimage","url":"http:\/\/de-vv.com\/bonconseil\/wp-content\/uploads\/2024\/10\/Auto-ecole-du-Bon-Conseil-Oullins.jpg","contentUrl":"http:\/\/de-vv.com\/bonconseil\/wp-content\/uploads\/2024\/10\/Auto-ecole-du-Bon-Conseil-Oullins.jpg","width":938,"height":1250,"caption":"Auto-\u00e9cole du Bon Conseil Oullins"},{"@type":"BreadcrumbList","@id":"http:\/\/de-vv.com\/bonconseil\/documents-a-fournir\/#breadcrumb","itemListElement":[{"@type":"ListItem","position":1,"name":"Accueil","item":"http:\/\/de-vv.com\/bonconseil\/"},{"@type":"ListItem","position":2,"name":"Documents \u00e0 fournir"}]},{"@type":"WebSite","@id":"http:\/\/de-vv.com\/bonconseil\/#website","url":"http:\/\/de-vv.com\/bonconseil\/","name":"Auto-\u00e9cole du Bon Conseil","description":"ton auto-\u00e9cole \u00e0 Oullins (69)","potentialAction":[{"@type":"SearchAction","target":{"@type":"EntryPoint","urlTemplate":"http:\/\/de-vv.com\/bonconseil\/?s={search_term_string}"},"query-input":{"@type":"PropertyValueSpecification","valueRequired":true,"valueName":"search_term_string"}}],"inLanguage":"fr-FR"}]}},"_links":{"self":[{"href":"http:\/\/de-vv.com\/bonconseil\/wp-json\/wp\/v2\/pages\/38"}],"collection":[{"href":"http:\/\/de-vv.com\/bonconseil\/wp-json\/wp\/v2\/pages"}],"about":[{"href":"http:\/\/de-vv.com\/bonconseil\/wp-json\/wp\/v2\/types\/page"}],"author":[{"embeddable":true,"href":"http:\/\/de-vv.com\/bonconseil\/wp-json\/wp\/v2\/users\/1"}],"replies":[{"embeddable":true,"href":"http:\/\/de-vv.com\/bonconseil\/wp-json\/wp\/v2\/comments?post=38"}],"version-history":[{"count":3,"href":"http:\/\/de-vv.com\/bonconseil\/wp-json\/wp\/v2\/pages\/38\/revisions"}],"predecessor-version":[{"id":64,"href":"http:\/\/de-vv.com\/bonconseil\/wp-json\/wp\/v2\/pages\/38\/revisions\/64"}],"wp:featuredmedia":[{"embeddable":true,"href":"http:\/\/de-vv.com\/bonconseil\/wp-json\/wp\/v2\/media\/55"}],"wp:attachment":[{"href":"http:\/\/de-vv.com\/bonconseil\/wp-json\/wp\/v2\/media?parent=38"}],"curies":[{"name":"wp","href":"https:\/\/api.w.org\/{rel}","templated":true}]}}