{"id":46,"date":"2024-10-05T21:30:51","date_gmt":"2024-10-05T19:30:51","guid":{"rendered":"http:\/\/de-vv.com\/bonconseil\/?page_id=46"},"modified":"2024-10-05T21:30:51","modified_gmt":"2024-10-05T19:30:51","slug":"mediateur","status":"publish","type":"page","link":"http:\/\/de-vv.com\/bonconseil\/mediateur\/","title":{"rendered":"M\u00e9diateur"},"content":{"rendered":"","protected":false},"excerpt":{"rendered":"","protected":false},"author":1,"featured_media":0,"parent":0,"menu_order":0,"comment_status":"closed","ping_status":"closed","template":"","meta":{"footnotes":""},"class_list":["post-46","page","type-page","status-publish"],"yoast_head":"<!-- This site is optimized with the Yoast SEO plugin v23.6 - https:\/\/yoast.com\/wordpress\/plugins\/seo\/ -->\n<title>M\u00e9diateur - Auto-\u00e9cole du Bon Conseil<\/title>\n<meta name=\"robots\" content=\"noindex, follow, max-snippet:-1, max-image-preview:large, max-video-preview:-1\" \/>\n<meta property=\"og:locale\" content=\"fr_FR\" \/>\n<meta property=\"og:type\" content=\"article\" \/>\n<meta property=\"og:title\" content=\"M\u00e9diateur - Auto-\u00e9cole du Bon Conseil\" \/>\n<meta property=\"og:url\" content=\"http:\/\/de-vv.com\/bonconseil\/mediateur\/\" \/>\n<meta property=\"og:site_name\" content=\"Auto-\u00e9cole du Bon Conseil\" \/>\n<meta name=\"twitter:card\" content=\"summary_large_image\" \/>\n<script type=\"application\/ld+json\" class=\"yoast-schema-graph\">{\"@context\":\"https:\/\/schema.org\",\"@graph\":[{\"@type\":\"WebPage\",\"@id\":\"http:\/\/de-vv.com\/bonconseil\/mediateur\/\",\"url\":\"http:\/\/de-vv.com\/bonconseil\/mediateur\/\",\"name\":\"M\u00e9diateur - Auto-\u00e9cole du Bon Conseil\",\"isPartOf\":{\"@id\":\"http:\/\/de-vv.com\/bonconseil\/#website\"},\"datePublished\":\"2024-10-05T19:30:51+00:00\",\"dateModified\":\"2024-10-05T19:30:51+00:00\",\"breadcrumb\":{\"@id\":\"http:\/\/de-vv.com\/bonconseil\/mediateur\/#breadcrumb\"},\"inLanguage\":\"fr-FR\",\"potentialAction\":[{\"@type\":\"ReadAction\",\"target\":[\"http:\/\/de-vv.com\/bonconseil\/mediateur\/\"]}]},{\"@type\":\"BreadcrumbList\",\"@id\":\"http:\/\/de-vv.com\/bonconseil\/mediateur\/#breadcrumb\",\"itemListElement\":[{\"@type\":\"ListItem\",\"position\":1,\"name\":\"Accueil\",\"item\":\"http:\/\/de-vv.com\/bonconseil\/\"},{\"@type\":\"ListItem\",\"position\":2,\"name\":\"M\u00e9diateur\"}]},{\"@type\":\"WebSite\",\"@id\":\"http:\/\/de-vv.com\/bonconseil\/#website\",\"url\":\"http:\/\/de-vv.com\/bonconseil\/\",\"name\":\"Auto-\u00e9cole du Bon Conseil\",\"description\":\"ton auto-\u00e9cole \u00e0 Oullins (69)\",\"potentialAction\":[{\"@type\":\"SearchAction\",\"target\":{\"@type\":\"EntryPoint\",\"urlTemplate\":\"http:\/\/de-vv.com\/bonconseil\/?s={search_term_string}\"},\"query-input\":{\"@type\":\"PropertyValueSpecification\",\"valueRequired\":true,\"valueName\":\"search_term_string\"}}],\"inLanguage\":\"fr-FR\"}]}<\/script>\n<!-- \/ Yoast SEO plugin. -->","yoast_head_json":{"title":"M\u00e9diateur - Auto-\u00e9cole du Bon Conseil","robots":{"index":"noindex","follow":"follow","max-snippet":"max-snippet:-1","max-image-preview":"max-image-preview:large","max-video-preview":"max-video-preview:-1"},"og_locale":"fr_FR","og_type":"article","og_title":"M\u00e9diateur - Auto-\u00e9cole du Bon Conseil","og_url":"http:\/\/de-vv.com\/bonconseil\/mediateur\/","og_site_name":"Auto-\u00e9cole du Bon Conseil","twitter_card":"summary_large_image","schema":{"@context":"https:\/\/schema.org","@graph":[{"@type":"WebPage","@id":"http:\/\/de-vv.com\/bonconseil\/mediateur\/","url":"http:\/\/de-vv.com\/bonconseil\/mediateur\/","name":"M\u00e9diateur - Auto-\u00e9cole du Bon Conseil","isPartOf":{"@id":"http:\/\/de-vv.com\/bonconseil\/#website"},"datePublished":"2024-10-05T19:30:51+00:00","dateModified":"2024-10-05T19:30:51+00:00","breadcrumb":{"@id":"http:\/\/de-vv.com\/bonconseil\/mediateur\/#breadcrumb"},"inLanguage":"fr-FR","potentialAction":[{"@type":"ReadAction","target":["http:\/\/de-vv.com\/bonconseil\/mediateur\/"]}]},{"@type":"BreadcrumbList","@id":"http:\/\/de-vv.com\/bonconseil\/mediateur\/#breadcrumb","itemListElement":[{"@type":"ListItem","position":1,"name":"Accueil","item":"http:\/\/de-vv.com\/bonconseil\/"},{"@type":"ListItem","position":2,"name":"M\u00e9diateur"}]},{"@type":"WebSite","@id":"http:\/\/de-vv.com\/bonconseil\/#website","url":"http:\/\/de-vv.com\/bonconseil\/","name":"Auto-\u00e9cole du Bon Conseil","description":"ton auto-\u00e9cole \u00e0 Oullins (69)","potentialAction":[{"@type":"SearchAction","target":{"@type":"EntryPoint","urlTemplate":"http:\/\/de-vv.com\/bonconseil\/?s={search_term_string}"},"query-input":{"@type":"PropertyValueSpecification","valueRequired":true,"valueName":"search_term_string"}}],"inLanguage":"fr-FR"}]}},"_links":{"self":[{"href":"http:\/\/de-vv.com\/bonconseil\/wp-json\/wp\/v2\/pages\/46"}],"collection":[{"href":"http:\/\/de-vv.com\/bonconseil\/wp-json\/wp\/v2\/pages"}],"about":[{"href":"http:\/\/de-vv.com\/bonconseil\/wp-json\/wp\/v2\/types\/page"}],"author":[{"embeddable":true,"href":"http:\/\/de-vv.com\/bonconseil\/wp-json\/wp\/v2\/users\/1"}],"replies":[{"embeddable":true,"href":"http:\/\/de-vv.com\/bonconseil\/wp-json\/wp\/v2\/comments?post=46"}],"version-history":[{"count":1,"href":"http:\/\/de-vv.com\/bonconseil\/wp-json\/wp\/v2\/pages\/46\/revisions"}],"predecessor-version":[{"id":47,"href":"http:\/\/de-vv.com\/bonconseil\/wp-json\/wp\/v2\/pages\/46\/revisions\/47"}],"wp:attachment":[{"href":"http:\/\/de-vv.com\/bonconseil\/wp-json\/wp\/v2\/media?parent=46"}],"curies":[{"name":"wp","href":"https:\/\/api.w.org\/{rel}","templated":true}]}}