{"id":11,"date":"2024-11-09T16:15:57","date_gmt":"2024-11-09T15:15:57","guid":{"rendered":"http:\/\/de-vv.com\/centurions\/?page_id=11"},"modified":"2024-11-18T21:35:36","modified_gmt":"2024-11-18T20:35:36","slug":"contact","status":"publish","type":"page","link":"http:\/\/de-vv.com\/centurions\/contact\/","title":{"rendered":"Contact"},"content":{"rendered":"[vc_row type=\u00a0\u00bbfull_width_content\u00a0\u00bb full_screen_row_position=\u00a0\u00bbmiddle\u00a0\u00bb equal_height=\u00a0\u00bbyes\u00a0\u00bb column_margin=\u00a0\u00bbnone\u00a0\u00bb bg_color=\u00a0\u00bb#ffffff\u00a0\u00bb scene_position=\u00a0\u00bbcenter\u00a0\u00bb text_color=\u00a0\u00bbdark\u00a0\u00bb text_align=\u00a0\u00bbleft\u00a0\u00bb class=\u00a0\u00bbmargin-form\u00a0\u00bb overlay_strength=\u00a0\u00bb0.3&Prime; shape_divider_position=\u00a0\u00bbbottom\u00a0\u00bb bg_image_animation=\u00a0\u00bbnone\u00a0\u00bb shape_type=\u00a0\u00bb\u00a0\u00bb][vc_column column_padding=\u00a0\u00bbpadding-4-percent\u00a0\u00bb column_padding_position=\u00a0\u00bball\u00a0\u00bb background_color_opacity=\u00a0\u00bb1&Prime; background_hover_color_opacity=\u00a0\u00bb1&Prime; font_color=\u00a0\u00bb#040404&Prime; column_link_target=\u00a0\u00bb_self\u00a0\u00bb column_shadow=\u00a0\u00bbnone\u00a0\u00bb column_border_radius=\u00a0\u00bbnone\u00a0\u00bb width=\u00a0\u00bb2\/3&Prime; tablet_width_inherit=\u00a0\u00bbdefault\u00a0\u00bb tablet_text_alignment=\u00a0\u00bbdefault\u00a0\u00bb phone_text_alignment=\u00a0\u00bbdefault\u00a0\u00bb overlay_strength=\u00a0\u00bb0.3&Prime; column_border_width=\u00a0\u00bbnone\u00a0\u00bb column_border_style=\u00a0\u00bbsolid\u00a0\u00bb bg_image_animation=\u00a0\u00bbnone\u00a0\u00bb][vc_column_text css=\u00a0\u00bb.vc_custom_1701780299167{padding-bottom: 20px !important;}\u00a0\u00bb]\n<h1>Contactez nous<\/h1>\n<p>Vous avez une question sur nos formations ? Vous souhaitez conna\u00eetre la d\u00e9marche \u00e0 suivre pour vous inscrire ? Envoyez nous un message avec vos coordonn\u00e9es, nous vous recontacterons au plus vite.[\/vc_column_text][vc_raw_html]JTNDaWZyYW1lJTIwc2FuZGJveCUzRCUyN2FsbG93LXNjcmlwdHMlMjBhbGxvdy1mb3JtcyUyMGFsbG93LXNhbWUtb3JpZ2luJTIwYWxsb3ctcG9wdXBzJTI3JTIwc3JjJTNEJTI3aHR0cHMlM0ElMkYlMkZ3d3cudnJvb212cm9vbS5mciUyRm1lZXRpbmdzLWNvbnRhY3QlM0ZzY2hvb2xfaWQlM0Q2NzA2YjcwZjE3OGJlMzAwMGNmNzUyOTclMjZmcyUzRGV5SnRaV1YwYVc1blUzVmlhbVZqZEhNaU9sdDdJbTVoYldVaU9pSlFaWEp0YVhNZ1FpRGlnSk1nWW0lMkZEcm5SbElHMWhiblZsYkd4bEluMHNleUp1WVcxbElqb2lVR1Z5YldseklFSWc0b0NUSUdKdnc2NTBaU0JoZFhSdmJXRjBhWEYxWlNKOUxIc2libUZ0WlNJNklrTnZaR1VnZFc1cGNYVmxiV1Z1ZENKOUxIc2libUZ0WlNJNklsVnVaU0JoZFhSeVpTQm1iM0p0WVhScGIyNGlmU3g3SW01aGJXVWlPaUpHYjNKdFlYUnBiMjRnTVRJMUlHTnRNeUo5TEhzaWJtRnRaU0k2SWtOdmJtUjFhWFJsSUdGalkyOXRjR0ZuYnNPcFpTSjlYU3dpYzJOb2IyOXNjeUk2VzNzaWFXUWlPaUkyTnpBMllqY3daakUzT0dKbE16QXdNR05tTnpVeU9UY2lMQ0owYVhSc1pTSTZJa0YxZEc4dHc2bGpiMnhsSUVObGJuUjFjbWx2Ym5NaUxDSnpkSEpsWlhRaU9pSTBOeUJ5ZFdVZ1pHVnpJRkJsY25KcHc2aHlaWE1pTENKamFYUjVJam9pUTJGemRHVnNZVzVoZFMxc1pTMU1aWG9pTENKNmFYQmpiMlJsSWpvaU16UXhOekFpZlYwc0luTmxZM1JwYjI1eklqcGJleUpwWkNJNk1Td2libUZ0WlNJNklsQnl3Nmx1YjIwaUxDSmhjbVZoSWpvaVptbHljM1J1WVcxbElpd2lhWE5EYUdWamEyVmtJanAwY25WbExDSnBjMFJ5YjNCa2IzZHVJanBtWVd4elpTd2ljR3hoWTJWb2IyeGtaWElpT2lKTllYSjBhVzRpZlN4N0ltbGtJam95TENKdVlXMWxJam9pVG05dElpd2lZWEpsWVNJNklteGhjM1J1WVcxbElpd2lhWE5EYUdWamEyVmtJanAwY25WbExDSnBjMFJ5YjNCa2IzZHVJanBtWVd4elpTd2ljR3hoWTJWb2IyeGtaWElpT2lKRWRYQnZiblFpZlN4N0ltbGtJam96TENKdVlXMWxJam9pVk1PcGJNT3BjR2h2Ym1VaUxDSmhjbVZoSWpvaWNHaHZibVVpTENKcGMwTm9aV05yWldRaU9uUnlkV1VzSW1selJISnZjR1J2ZDI0aU9tWmhiSE5sTENKd2JHRmpaV2h2YkdSbGNpSTZJaXN6TXlBeklETXpJRE16SURNeklETXpJbjBzZXlKcFpDSTZOQ3dpYm1GdFpTSTZJa1Z0WVdsc0lpd2lZWEpsWVNJNkltVnRZV2xzSWl3aWFYTkRhR1ZqYTJWa0lqcDBjblZsTENKcGMwUnliM0JrYjNkdUlqcG1ZV3h6WlN3aWNHeGhZMlZvYjJ4a1pYSWlPaUpsZUdWdGNHeGxRR1Y0Wlcxd2JHVXVZMjl0SW4wc2V5SnBaQ0k2TlN3aWJtRnRaU0k2SWtadmNtMWhkR2x2YmlCemIzVm9ZV2wwdzZsbElpd2lZWEpsWVNJNkltWnZjbTFoZEdsdmJpSXNJbWx6UTJobFkydGxaQ0k2ZEhKMVpTd2lhWE5FY205d1pHOTNiaUk2ZEhKMVpTd2ljR3hoWTJWb2IyeGtaWElpT2lKVHc2bHNaV04wYVc5dWJtVjZJSFZ1WlNCbWIzSnRZWFJwYjI0aWZTeDdJbWxrSWpvMkxDSnVZVzFsSWpvaVVHVnliV1YwZEhKbElNT2dJR3ppZ0puRHFXekRxSFpsSUdSbElIUERxV3hsWTNScGIyNXVaWElnZFc1bElHRm5aVzVqWlNJc0ltRnlaV0VpT2lKaFoyVnVZM2tpTENKcGMwTm9aV05yWldRaU9tWmhiSE5sTENKcGMwUnliM0JrYjNkdUlqcDBjblZsTENKd2JHRmpaV2h2YkdSbGNpSTZJbFBEcVd4bFkzUnBiMjV1WlhvZ2RXNWxJR0ZuWlc1alpTSjlMSHNpYVdRaU9qY3NJbTVoYldVaU9pSk5aWE56WVdkbElIQmxjbk52Ym01aGJHbHp3NmtpTENKaGNtVmhJam9pYldWemMyRm5aU0lzSW1selEyaGxZMnRsWkNJNmRISjFaU3dpYVhORWNtOXdaRzkzYmlJNlptRnNjMlVzSW5Cc1lXTmxhRzlzWkdWeUlqb2lJbjFkTENKbWIzSnRRMjlzYjNKeklqcGJleUpwWkNJNk1Td2libUZ0WlNJNklrRnljbW5EcUhKbElIQnNZVzRpTENKaGNtVmhJam9pWW1GamEyZHliM1Z1WkVOdmJHOXlJaXdpWTI5c2IzSWlPaUlqWm1abVptWm1JbjBzZXlKcFpDSTZNaXdpYm1GdFpTSTZJa05vWVcxd2N5SXNJbUZ5WldFaU9pSm1hV1ZzWkhORGIyeHZjaUlzSW1OdmJHOXlJam9pSTBZM1JqZEdOeUo5TEhzaWFXUWlPak1zSW01aGJXVWlPaUpVWlhoMFpTQW93NmwwYVhGMVpYUjBaWE1wSWl3aVlYSmxZU0k2SW14aFltVnNjME52Ykc5eUlpd2lZMjlzYjNJaU9pSWpNek16TXpNekluMHNleUpwWkNJNk5Dd2libUZ0WlNJNklsUmxlSFJsSUNoamFHRnRjSE1wSWl3aVlYSmxZU0k2SW1acFpXeGtjMVJsZUhSRGIyeHZjaUlzSW1OdmJHOXlJam9pSXpNek16TXpNeUo5TEhzaWFXUWlPalVzSW01aGJXVWlPaUpDYjNWMGIyNGlMQ0poY21WaElqb2lZblYwZEc5dVEyOXNiM0lpTENKamIyeHZjaUk2SWlNMVF6ZzBOME1pZlN4N0ltbGtJam8yTENKdVlXMWxJam9pVkdWNGRHVWdLR0p2ZFhSdmJpa2lMQ0poY21WaElqb2lZblYwZEc5dVZHVjRkRU52Ykc5eUlpd2lZMjlzYjNJaU9pSWpSa1pHUmtaR0luMWRMQ0p6WTJodmIyeEpaQ0k2SWpZM01EWmlOekJtTVRjNFltVXpNREF3WTJZM05USTVOeUo5JTI3JTIwd2lkdGglM0QlMjcxMDAlMjUlMjclMjBzY3JvbGxpbmclM0QlMjdubyUyNyUyMGFsbG93ZnVsbHNjcmVlbiUyMGlkJTNEJTI3aW5pZnJhbWUlMjclMjBzdHlsZSUzRCUyN2JvcmRlci1zdHlsZSUzQSUyMG5vbmUlM0IlMjBvdmVyZmxvdyUzQSUyMHNjcm9sbCUzQiUyMG92ZXJmbG93LXglM0ElMjBoaWRkZW4lM0IlMjBoZWlnaHQlM0ElMjAxMjB2aCUzQiUyNyUzRSUzQyUyRmlmcmFtZSUzRQ==[\/vc_raw_html][\/vc_column][vc_column column_padding=\u00a0\u00bbpadding-4-percent\u00a0\u00bb column_padding_position=\u00a0\u00bball\u00a0\u00bb background_color_opacity=\u00a0\u00bb1&Prime; background_hover_color_opacity=\u00a0\u00bb1&Prime; background_image=\u00a0\u00bb62&Prime; enable_bg_scale=\u00a0\u00bbtrue\u00a0\u00bb column_link_target=\u00a0\u00bb_self\u00a0\u00bb column_shadow=\u00a0\u00bbnone\u00a0\u00bb column_border_radius=\u00a0\u00bbnone\u00a0\u00bb width=\u00a0\u00bb1\/3&Prime; tablet_width_inherit=\u00a0\u00bbdefault\u00a0\u00bb tablet_text_alignment=\u00a0\u00bbdefault\u00a0\u00bb phone_text_alignment=\u00a0\u00bbdefault\u00a0\u00bb color_overlay=\u00a0\u00bb#000000&Prime; overlay_strength=\u00a0\u00bb0.5&Prime; column_border_width=\u00a0\u00bbnone\u00a0\u00bb column_border_style=\u00a0\u00bbsolid\u00a0\u00bb bg_image_animation=\u00a0\u00bbnone\u00a0\u00bb][vc_row_inner column_margin=\u00a0\u00bbdefault\u00a0\u00bb bottom_padding=\u00a0\u00bb24&Prime; text_align=\u00a0\u00bbleft\u00a0\u00bb][vc_column_inner column_padding=\u00a0\u00bbno-extra-padding\u00a0\u00bb column_padding_position=\u00a0\u00bball\u00a0\u00bb background_color_opacity=\u00a0\u00bb1&Prime; background_hover_color_opacity=\u00a0\u00bb1&Prime; font_color=\u00a0\u00bb#ffffff\u00a0\u00bb column_shadow=\u00a0\u00bbnone\u00a0\u00bb column_border_radius=\u00a0\u00bbnone\u00a0\u00bb column_link_target=\u00a0\u00bb_self\u00a0\u00bb width=\u00a0\u00bb1\/1&Prime; tablet_width_inherit=\u00a0\u00bbdefault\u00a0\u00bb overlay_strength=\u00a0\u00bb0.3&Prime; column_border_width=\u00a0\u00bbnone\u00a0\u00bb column_border_style=\u00a0\u00bbsolid\u00a0\u00bb bg_image_animation=\u00a0\u00bbnone\u00a0\u00bb][vc_column_text]\n<h4><i class=\"fa fa-map-signs\" style=\"color: #d6d6c8;\"><\/i> O\u00f9 sommes-nous ?<\/h4>\n<p>Venez nous rencontrer dans notre agence \u00a0:<br \/>\n47 Rue des Perri\u00e8res<br \/>\n34170 Castelnau-le-Lez<br \/>\n<a class=\"phone\" dir=\"https:\/\/www.google.com\/maps\/dir\/\/47+Rue+des+Perri\u00e8res,+34170+Castelnau-le-Lez\/@43.6333108,3.9164543,15z\/data=!4m18!1m8!3m7!1s0x12b6a5f1fdf72191:0x22647455899172a2!2s47+Rue+des+Perri\u00e8res,+34170+Castelnau-le-Lez!3b1!8m2!3d43.6333118!4d3.9164431!16s%2Fg%2F11c1zhg1nd!4m8!1m0!1m5!1m1!1s0x12b6a5f1fdf72191:0x22647455899172a2!2m2!1d3.9164431!2d43.6333118!3e3?entry=ttu&amp;g_ep=EgoyMDI0MTExMy4xIKXMDSoASAFQAw%3D%3D\" style=\"color: #d6d6c8!important;\" target=\"_blank\" rel=\"noopener\">Plan d&rsquo;acc\u00e8s<\/a>[\/vc_column_text][\/vc_column_inner][\/vc_row_inner][vc_row_inner column_margin=\u00a0\u00bbdefault\u00a0\u00bb bottom_padding=\u00a0\u00bb24&Prime; text_align=\u00a0\u00bbleft\u00a0\u00bb][vc_column_inner column_padding=\u00a0\u00bbno-extra-padding\u00a0\u00bb column_padding_position=\u00a0\u00bball\u00a0\u00bb background_color_opacity=\u00a0\u00bb1&Prime; background_hover_color_opacity=\u00a0\u00bb1&Prime; font_color=\u00a0\u00bb#ffffff\u00a0\u00bb column_shadow=\u00a0\u00bbnone\u00a0\u00bb column_border_radius=\u00a0\u00bbnone\u00a0\u00bb bottom_margin=\u00a0\u00bb30&Prime; column_link_target=\u00a0\u00bb_self\u00a0\u00bb width=\u00a0\u00bb1\/1&Prime; tablet_width_inherit=\u00a0\u00bbdefault\u00a0\u00bb overlay_strength=\u00a0\u00bb0.3&Prime; column_border_width=\u00a0\u00bbnone\u00a0\u00bb column_border_style=\u00a0\u00bbsolid\u00a0\u00bb bg_image_animation=\u00a0\u00bbnone\u00a0\u00bb][vc_column_text]\n<h4><i class=\"fa fa-comments\" style=\"color: #d6d6c8;\"><\/i> Nos coordonn\u00e9es<\/h4>\n<p><a class=\"phone\" style=\"color: #d6d6c8!important;\" href=\"tel:06.28.53.40.12\">06 28 53 40 12<\/a><br \/>\n<a class=\"phone\" style=\"color: #d6d6c8!important;\" href=\"mailto:aecenturions@gmail.com\">Envoyer un mail<\/a>[\/vc_column_text][\/vc_column_inner][\/vc_row_inner][vc_row_inner column_margin=\u00a0\u00bbdefault\u00a0\u00bb text_align=\u00a0\u00bbleft\u00a0\u00bb][vc_column_inner column_padding=\u00a0\u00bbno-extra-padding\u00a0\u00bb column_padding_position=\u00a0\u00bball\u00a0\u00bb background_color_opacity=\u00a0\u00bb1&Prime; background_hover_color_opacity=\u00a0\u00bb1&Prime; font_color=\u00a0\u00bb#ffffff\u00a0\u00bb column_shadow=\u00a0\u00bbnone\u00a0\u00bb column_border_radius=\u00a0\u00bbnone\u00a0\u00bb column_link_target=\u00a0\u00bb_self\u00a0\u00bb width=\u00a0\u00bb1\/1&Prime; tablet_width_inherit=\u00a0\u00bbdefault\u00a0\u00bb overlay_strength=\u00a0\u00bb0.3&Prime; column_border_width=\u00a0\u00bbnone\u00a0\u00bb column_border_style=\u00a0\u00bbsolid\u00a0\u00bb bg_image_animation=\u00a0\u00bbnone\u00a0\u00bb][vc_column_text]\n<h4><i class=\"fa fa-clock\" style=\"color: #d6d6c8;\"><\/i> Nos horaires<\/h4>\n<p>Notre agence est ouverte :<br \/>\nlundi, mercredi et vendredi de 16h \u00e0 19h<br \/>\nmardi et jeudi de 10h \u00e0 13h et de 16h \u00e0 19h<br \/>\nsamedi de 10h \u00e0 13h[\/vc_column_text][\/vc_column_inner][\/vc_row_inner][\/vc_column][\/vc_row]\n","protected":false},"excerpt":{"rendered":"<p>[vc_row type=\u00a0\u00bbfull_width_content\u00a0\u00bb full_screen_row_position=\u00a0\u00bbmiddle\u00a0\u00bb equal_height=\u00a0\u00bbyes\u00a0\u00bb column_margin=\u00a0\u00bbnone\u00a0\u00bb bg_color=\u00a0\u00bb#ffffff\u00a0\u00bb scene_position=\u00a0\u00bbcenter\u00a0\u00bb text_color=\u00a0\u00bbdark\u00a0\u00bb text_align=\u00a0\u00bbleft\u00a0\u00bb class=\u00a0\u00bbmargin-form\u00a0\u00bb overlay_strength=\u00a0\u00bb0.3&Prime; shape_divider_position=\u00a0\u00bbbottom\u00a0\u00bb bg_image_animation=\u00a0\u00bbnone\u00a0\u00bb shape_type=\u00a0\u00bb\u00a0\u00bb][vc_column column_padding=\u00a0\u00bbpadding-4-percent\u00a0\u00bb column_padding_position=\u00a0\u00bball\u00a0\u00bb background_color_opacity=\u00a0\u00bb1&Prime; background_hover_color_opacity=\u00a0\u00bb1&Prime; font_color=\u00a0\u00bb#040404&Prime; column_link_target=\u00a0\u00bb_self\u00a0\u00bb column_shadow=\u00a0\u00bbnone\u00a0\u00bb column_border_radius=\u00a0\u00bbnone\u00a0\u00bb width=\u00a0\u00bb2\/3&Prime; tablet_width_inherit=\u00a0\u00bbdefault\u00a0\u00bb tablet_text_alignment=\u00a0\u00bbdefault\u00a0\u00bb phone_text_alignment=\u00a0\u00bbdefault\u00a0\u00bb overlay_strength=\u00a0\u00bb0.3&Prime; column_border_width=\u00a0\u00bbnone\u00a0\u00bb column_border_style=\u00a0\u00bbsolid\u00a0\u00bb bg_image_animation=\u00a0\u00bbnone\u00a0\u00bb][vc_column_text&#8230;<\/p>\n","protected":false},"author":1,"featured_media":26,"parent":0,"menu_order":0,"comment_status":"closed","ping_status":"closed","template":"","meta":{"footnotes":""},"class_list":["post-11","page","type-page","status-publish","has-post-thumbnail"],"yoast_head":"<!-- This site is optimized with the Yoast SEO plugin v26.8 - https:\/\/yoast.com\/product\/yoast-seo-wordpress\/ -->\n<title>Contact - Auto-\u00e9cole Centurions<\/title>\n<meta name=\"description\" content=\"Contactez l&#039;Auto-\u00e9cole Centurions \u00e0 Castelnau-le-Lez (34) par t\u00e9l\u00e9phone ou par email. Consultez nos horaires d&#039;ouverture.\" \/>\n<meta name=\"robots\" content=\"noindex, follow, max-snippet:-1, max-image-preview:large, max-video-preview:-1\" \/>\n<meta property=\"og:locale\" content=\"fr_FR\" \/>\n<meta property=\"og:type\" content=\"article\" \/>\n<meta property=\"og:title\" content=\"Contact - Auto-\u00e9cole Centurions\" \/>\n<meta property=\"og:description\" content=\"Contactez l&#039;Auto-\u00e9cole Centurions \u00e0 Castelnau-le-Lez (34) par t\u00e9l\u00e9phone ou par email. Consultez nos horaires d&#039;ouverture.\" \/>\n<meta property=\"og:url\" content=\"http:\/\/de-vv.com\/centurions\/contact\/\" \/>\n<meta property=\"og:site_name\" content=\"Auto-\u00e9cole Centurions\" \/>\n<meta property=\"article:modified_time\" content=\"2024-11-18T20:35:36+00:00\" \/>\n<meta property=\"og:image\" content=\"http:\/\/de-vv.com\/centurions\/wp-content\/uploads\/2024\/11\/Logo_Auto-ecole_Centurions_Castelnau-le-Lez-small-2.png\" \/>\n\t<meta property=\"og:image:width\" content=\"300\" \/>\n\t<meta property=\"og:image:height\" content=\"303\" \/>\n\t<meta property=\"og:image:type\" content=\"image\/png\" \/>\n<meta name=\"twitter:card\" content=\"summary_large_image\" \/>\n<meta name=\"twitter:label1\" content=\"Dur\u00e9e de lecture estim\u00e9e\" \/>\n\t<meta name=\"twitter:data1\" content=\"1 minute\" \/>\n<script type=\"application\/ld+json\" class=\"yoast-schema-graph\">{\"@context\":\"https:\/\/schema.org\",\"@graph\":[{\"@type\":\"WebPage\",\"@id\":\"http:\/\/de-vv.com\/centurions\/contact\/\",\"url\":\"http:\/\/de-vv.com\/centurions\/contact\/\",\"name\":\"Contact - Auto-\u00e9cole Centurions\",\"isPartOf\":{\"@id\":\"http:\/\/de-vv.com\/centurions\/#website\"},\"primaryImageOfPage\":{\"@id\":\"http:\/\/de-vv.com\/centurions\/contact\/#primaryimage\"},\"image\":{\"@id\":\"http:\/\/de-vv.com\/centurions\/contact\/#primaryimage\"},\"thumbnailUrl\":\"http:\/\/de-vv.com\/centurions\/wp-content\/uploads\/2024\/11\/Logo_Auto-ecole_Centurions_Castelnau-le-Lez-small-2.png\",\"datePublished\":\"2024-11-09T15:15:57+00:00\",\"dateModified\":\"2024-11-18T20:35:36+00:00\",\"description\":\"Contactez l'Auto-\u00e9cole Centurions \u00e0 Castelnau-le-Lez (34) par t\u00e9l\u00e9phone ou par email. Consultez nos horaires d'ouverture.\",\"breadcrumb\":{\"@id\":\"http:\/\/de-vv.com\/centurions\/contact\/#breadcrumb\"},\"inLanguage\":\"fr-FR\",\"potentialAction\":[{\"@type\":\"ReadAction\",\"target\":[\"http:\/\/de-vv.com\/centurions\/contact\/\"]}]},{\"@type\":\"ImageObject\",\"inLanguage\":\"fr-FR\",\"@id\":\"http:\/\/de-vv.com\/centurions\/contact\/#primaryimage\",\"url\":\"http:\/\/de-vv.com\/centurions\/wp-content\/uploads\/2024\/11\/Logo_Auto-ecole_Centurions_Castelnau-le-Lez-small-2.png\",\"contentUrl\":\"http:\/\/de-vv.com\/centurions\/wp-content\/uploads\/2024\/11\/Logo_Auto-ecole_Centurions_Castelnau-le-Lez-small-2.png\",\"width\":300,\"height\":303,\"caption\":\"Logo Auto-\u00e9cole Centurions\"},{\"@type\":\"BreadcrumbList\",\"@id\":\"http:\/\/de-vv.com\/centurions\/contact\/#breadcrumb\",\"itemListElement\":[{\"@type\":\"ListItem\",\"position\":1,\"name\":\"Accueil\",\"item\":\"http:\/\/de-vv.com\/centurions\/\"},{\"@type\":\"ListItem\",\"position\":2,\"name\":\"Contact\"}]},{\"@type\":\"WebSite\",\"@id\":\"http:\/\/de-vv.com\/centurions\/#website\",\"url\":\"http:\/\/de-vv.com\/centurions\/\",\"name\":\"Auto-\u00e9cole Centurions\",\"description\":\"Auto-\u00e9cole \u00e0 Castelnau-le-Lez\",\"potentialAction\":[{\"@type\":\"SearchAction\",\"target\":{\"@type\":\"EntryPoint\",\"urlTemplate\":\"http:\/\/de-vv.com\/centurions\/?s={search_term_string}\"},\"query-input\":{\"@type\":\"PropertyValueSpecification\",\"valueRequired\":true,\"valueName\":\"search_term_string\"}}],\"inLanguage\":\"fr-FR\"}]}<\/script>\n<!-- \/ Yoast SEO plugin. -->","yoast_head_json":{"title":"Contact - Auto-\u00e9cole Centurions","description":"Contactez l'Auto-\u00e9cole Centurions \u00e0 Castelnau-le-Lez (34) par t\u00e9l\u00e9phone ou par email. Consultez nos horaires d'ouverture.","robots":{"index":"noindex","follow":"follow","max-snippet":"max-snippet:-1","max-image-preview":"max-image-preview:large","max-video-preview":"max-video-preview:-1"},"og_locale":"fr_FR","og_type":"article","og_title":"Contact - Auto-\u00e9cole Centurions","og_description":"Contactez l'Auto-\u00e9cole Centurions \u00e0 Castelnau-le-Lez (34) par t\u00e9l\u00e9phone ou par email. Consultez nos horaires d'ouverture.","og_url":"http:\/\/de-vv.com\/centurions\/contact\/","og_site_name":"Auto-\u00e9cole Centurions","article_modified_time":"2024-11-18T20:35:36+00:00","og_image":[{"width":300,"height":303,"url":"http:\/\/de-vv.com\/centurions\/wp-content\/uploads\/2024\/11\/Logo_Auto-ecole_Centurions_Castelnau-le-Lez-small-2.png","type":"image\/png"}],"twitter_card":"summary_large_image","twitter_misc":{"Dur\u00e9e de lecture estim\u00e9e":"1 minute"},"schema":{"@context":"https:\/\/schema.org","@graph":[{"@type":"WebPage","@id":"http:\/\/de-vv.com\/centurions\/contact\/","url":"http:\/\/de-vv.com\/centurions\/contact\/","name":"Contact - Auto-\u00e9cole Centurions","isPartOf":{"@id":"http:\/\/de-vv.com\/centurions\/#website"},"primaryImageOfPage":{"@id":"http:\/\/de-vv.com\/centurions\/contact\/#primaryimage"},"image":{"@id":"http:\/\/de-vv.com\/centurions\/contact\/#primaryimage"},"thumbnailUrl":"http:\/\/de-vv.com\/centurions\/wp-content\/uploads\/2024\/11\/Logo_Auto-ecole_Centurions_Castelnau-le-Lez-small-2.png","datePublished":"2024-11-09T15:15:57+00:00","dateModified":"2024-11-18T20:35:36+00:00","description":"Contactez l'Auto-\u00e9cole Centurions \u00e0 Castelnau-le-Lez (34) par t\u00e9l\u00e9phone ou par email. Consultez nos horaires d'ouverture.","breadcrumb":{"@id":"http:\/\/de-vv.com\/centurions\/contact\/#breadcrumb"},"inLanguage":"fr-FR","potentialAction":[{"@type":"ReadAction","target":["http:\/\/de-vv.com\/centurions\/contact\/"]}]},{"@type":"ImageObject","inLanguage":"fr-FR","@id":"http:\/\/de-vv.com\/centurions\/contact\/#primaryimage","url":"http:\/\/de-vv.com\/centurions\/wp-content\/uploads\/2024\/11\/Logo_Auto-ecole_Centurions_Castelnau-le-Lez-small-2.png","contentUrl":"http:\/\/de-vv.com\/centurions\/wp-content\/uploads\/2024\/11\/Logo_Auto-ecole_Centurions_Castelnau-le-Lez-small-2.png","width":300,"height":303,"caption":"Logo Auto-\u00e9cole Centurions"},{"@type":"BreadcrumbList","@id":"http:\/\/de-vv.com\/centurions\/contact\/#breadcrumb","itemListElement":[{"@type":"ListItem","position":1,"name":"Accueil","item":"http:\/\/de-vv.com\/centurions\/"},{"@type":"ListItem","position":2,"name":"Contact"}]},{"@type":"WebSite","@id":"http:\/\/de-vv.com\/centurions\/#website","url":"http:\/\/de-vv.com\/centurions\/","name":"Auto-\u00e9cole Centurions","description":"Auto-\u00e9cole \u00e0 Castelnau-le-Lez","potentialAction":[{"@type":"SearchAction","target":{"@type":"EntryPoint","urlTemplate":"http:\/\/de-vv.com\/centurions\/?s={search_term_string}"},"query-input":{"@type":"PropertyValueSpecification","valueRequired":true,"valueName":"search_term_string"}}],"inLanguage":"fr-FR"}]}},"_links":{"self":[{"href":"http:\/\/de-vv.com\/centurions\/wp-json\/wp\/v2\/pages\/11","targetHints":{"allow":["GET"]}}],"collection":[{"href":"http:\/\/de-vv.com\/centurions\/wp-json\/wp\/v2\/pages"}],"about":[{"href":"http:\/\/de-vv.com\/centurions\/wp-json\/wp\/v2\/types\/page"}],"author":[{"embeddable":true,"href":"http:\/\/de-vv.com\/centurions\/wp-json\/wp\/v2\/users\/1"}],"replies":[{"embeddable":true,"href":"http:\/\/de-vv.com\/centurions\/wp-json\/wp\/v2\/comments?post=11"}],"version-history":[{"count":3,"href":"http:\/\/de-vv.com\/centurions\/wp-json\/wp\/v2\/pages\/11\/revisions"}],"predecessor-version":[{"id":64,"href":"http:\/\/de-vv.com\/centurions\/wp-json\/wp\/v2\/pages\/11\/revisions\/64"}],"wp:featuredmedia":[{"embeddable":true,"href":"http:\/\/de-vv.com\/centurions\/wp-json\/wp\/v2\/media\/26"}],"wp:attachment":[{"href":"http:\/\/de-vv.com\/centurions\/wp-json\/wp\/v2\/media?parent=11"}],"curies":[{"name":"wp","href":"https:\/\/api.w.org\/{rel}","templated":true}]}}