{"id":37,"date":"2024-11-16T20:54:56","date_gmt":"2024-11-16T19:54:56","guid":{"rendered":"http:\/\/de-vv.com\/centurions\/?page_id=37"},"modified":"2024-11-18T21:39:19","modified_gmt":"2024-11-18T20:39:19","slug":"permis-a-1-euro-par-jour","status":"publish","type":"page","link":"http:\/\/de-vv.com\/centurions\/permis-a-1-euro-par-jour\/","title":{"rendered":"Permis \u00e0 1 euro par jour"},"content":{"rendered":"[vc_row type=\u00a0\u00bbfull_width_background\u00a0\u00bb full_screen_row_position=\u00a0\u00bbmiddle\u00a0\u00bb equal_height=\u00a0\u00bbyes\u00a0\u00bb content_placement=\u00a0\u00bbmiddle\u00a0\u00bb column_margin=\u00a0\u00bbdefault\u00a0\u00bb scene_position=\u00a0\u00bbcenter\u00a0\u00bb text_color=\u00a0\u00bbdark\u00a0\u00bb text_align=\u00a0\u00bbleft\u00a0\u00bb top_padding=\u00a0\u00bb20&Prime; bottom_padding=\u00a0\u00bb20&Prime; overlay_strength=\u00a0\u00bb0.3&Prime; shape_divider_position=\u00a0\u00bbbottom\u00a0\u00bb bg_image_animation=\u00a0\u00bbnone\u00a0\u00bb shape_type=\u00a0\u00bb\u00a0\u00bb][vc_column column_padding=\u00a0\u00bbpadding-2-percent\u00a0\u00bb column_padding_position=\u00a0\u00bball\u00a0\u00bb background_color_opacity=\u00a0\u00bb1&Prime; background_hover_color_opacity=\u00a0\u00bb1&Prime; column_link_target=\u00a0\u00bb_self\u00a0\u00bb column_shadow=\u00a0\u00bbnone\u00a0\u00bb column_border_radius=\u00a0\u00bbnone\u00a0\u00bb width=\u00a0\u00bb1\/1&Prime; tablet_width_inherit=\u00a0\u00bbdefault\u00a0\u00bb tablet_text_alignment=\u00a0\u00bbdefault\u00a0\u00bb phone_text_alignment=\u00a0\u00bbdefault\u00a0\u00bb overlay_strength=\u00a0\u00bb0.3&Prime; column_border_width=\u00a0\u00bbnone\u00a0\u00bb column_border_style=\u00a0\u00bbsolid\u00a0\u00bb bg_image_animation=\u00a0\u00bbnone\u00a0\u00bb][vc_column_text]\n<h1 style=\"color: #5c847c;\">Le dispositif Permis \u00e0 1\u20ac par jour<\/h1>\n[\/vc_column_text][vc_row_inner column_margin=\u00a0\u00bbdefault\u00a0\u00bb top_padding=\u00a0\u00bb10&Prime; text_align=\u00a0\u00bbleft\u00a0\u00bb][vc_column_inner column_padding=\u00a0\u00bbno-extra-padding\u00a0\u00bb column_padding_position=\u00a0\u00bball\u00a0\u00bb background_color_opacity=\u00a0\u00bb1&Prime; background_hover_color_opacity=\u00a0\u00bb1&Prime; column_shadow=\u00a0\u00bbnone\u00a0\u00bb column_border_radius=\u00a0\u00bbnone\u00a0\u00bb column_link_target=\u00a0\u00bb_self\u00a0\u00bb width=\u00a0\u00bb2\/3&Prime; tablet_width_inherit=\u00a0\u00bbdefault\u00a0\u00bb overlay_strength=\u00a0\u00bb0.3&Prime; column_border_width=\u00a0\u00bbnone\u00a0\u00bb column_border_style=\u00a0\u00bbsolid\u00a0\u00bb bg_image_animation=\u00a0\u00bbnone\u00a0\u00bb][vc_column_text css=\u00a0\u00bb.vc_custom_1676127454736{padding-top: 12px !important;padding-bottom: 12px !important;}\u00a0\u00bb]Vous avez entre 16 et 25 ans et vous souhaitez passer votre permis de conduire ? La s\u00e9curit\u00e9 routi\u00e8re \u00e0 lanc\u00e9 le \u00ab <a href=\"https:\/\/www.securite-routiere.gouv.fr\/passer-son-permis-de-conduire\/financement-du-permis-de-conduire\/permis-1-eu-par-jour\" target=\"_blank\" rel=\"noopener\">permis \u00e0 1 euro par jour<\/a> \u00bb.<\/p>\n<p>L\u2019objectif est de vous faciliter l\u2019acc\u00e8s au permis de conduire, dont le co\u00fbt peut repr\u00e9senter un frein et notamment un obstacle fort \u00e0 l\u2019obtention d\u2019un emploi.<\/p>\n<p>Mais cette op\u00e9ration a \u00e9galement pour vocation d\u2019am\u00e9liorer la qualit\u00e9 g\u00e9n\u00e9rale de la formation, gr\u00e2ce \u00e0 la signature d\u2019une charte, fond\u00e9e sur leur engagement dans une d\u00e9marche de qualit\u00e9.[\/vc_column_text][nectar_btn size=\u00a0\u00bblarge\u00a0\u00bb button_style=\u00a0\u00bbregular\u00a0\u00bb button_color_2=\u00a0\u00bbExtra-Color-1&Prime; solid_text_color_override=\u00a0\u00bb#ffffff\u00a0\u00bb icon_family=\u00a0\u00bbfontawesome\u00a0\u00bb url=\u00a0\u00bbhttp:\/\/de-vv.com\/centurions\/contact\/\u00a0\u00bb text=\u00a0\u00bbContactez nous\u00a0\u00bb margin_top=\u00a0\u00bb5&Prime; margin_right=\u00a0\u00bb5&Prime; margin_bottom=\u00a0\u00bb5&Prime; icon_fontawesome=\u00a0\u00bbfa fa-envelope-open-o\u00a0\u00bb][nectar_btn size=\u00a0\u00bblarge\u00a0\u00bb button_style=\u00a0\u00bbregular\u00a0\u00bb button_color_2=\u00a0\u00bbAccent-Color\u00a0\u00bb icon_family=\u00a0\u00bbfontawesome\u00a0\u00bb url=\u00a0\u00bbtel:06.28.53.40.12&Prime; text=\u00a0\u00bb06 28 53 40 12&Prime; margin_top=\u00a0\u00bb5&Prime; margin_right=\u00a0\u00bb5&Prime; margin_bottom=\u00a0\u00bb5&Prime; icon_fontawesome=\u00a0\u00bbfa fa-mobile\u00a0\u00bb][\/vc_column_inner][vc_column_inner column_padding=\u00a0\u00bbpadding-2-percent\u00a0\u00bb column_padding_position=\u00a0\u00bball\u00a0\u00bb background_color_opacity=\u00a0\u00bb1&Prime; background_hover_color_opacity=\u00a0\u00bb1&Prime; column_shadow=\u00a0\u00bbnone\u00a0\u00bb column_border_radius=\u00a0\u00bbnone\u00a0\u00bb column_link_target=\u00a0\u00bb_self\u00a0\u00bb width=\u00a0\u00bb1\/3&Prime; tablet_width_inherit=\u00a0\u00bbdefault\u00a0\u00bb overlay_strength=\u00a0\u00bb0.3&Prime; column_border_width=\u00a0\u00bbnone\u00a0\u00bb column_border_style=\u00a0\u00bbsolid\u00a0\u00bb bg_image_animation=\u00a0\u00bbnone\u00a0\u00bb][image_with_animation image_url=\u00a0\u00bb86&Prime; alignment=\u00a0\u00bbcenter\u00a0\u00bb animation=\u00a0\u00bbFade In\u00a0\u00bb hover_animation=\u00a0\u00bbnone\u00a0\u00bb border_radius=\u00a0\u00bbnone\u00a0\u00bb box_shadow=\u00a0\u00bbnone\u00a0\u00bb image_loading=\u00a0\u00bbdefault\u00a0\u00bb max_width=\u00a0\u00bb100%\u00a0\u00bb max_width_mobile=\u00a0\u00bbdefault\u00a0\u00bb][\/vc_column_inner][\/vc_row_inner][\/vc_column][\/vc_row][vc_row type=\u00a0\u00bbfull_width_background\u00a0\u00bb full_screen_row_position=\u00a0\u00bbmiddle\u00a0\u00bb column_margin=\u00a0\u00bbdefault\u00a0\u00bb scene_position=\u00a0\u00bbcenter\u00a0\u00bb text_color=\u00a0\u00bblight\u00a0\u00bb text_align=\u00a0\u00bbleft\u00a0\u00bb top_padding=\u00a0\u00bb20&Prime; bottom_padding=\u00a0\u00bb20&Prime; enable_gradient=\u00a0\u00bbtrue\u00a0\u00bb color_overlay=\u00a0\u00bb#d6d6c8&Prime; color_overlay_2=\u00a0\u00bb#656258&Prime; gradient_direction=\u00a0\u00bbleft_t_to_right_b\u00a0\u00bb overlay_strength=\u00a0\u00bb1&Prime; shape_divider_position=\u00a0\u00bbbottom\u00a0\u00bb bg_image_animation=\u00a0\u00bbnone\u00a0\u00bb shape_type=\u00a0\u00bb\u00a0\u00bb][vc_column column_padding=\u00a0\u00bbpadding-2-percent\u00a0\u00bb column_padding_position=\u00a0\u00bball\u00a0\u00bb background_color_opacity=\u00a0\u00bb1&Prime; background_hover_color_opacity=\u00a0\u00bb1&Prime; column_link_target=\u00a0\u00bb_self\u00a0\u00bb column_shadow=\u00a0\u00bbnone\u00a0\u00bb column_border_radius=\u00a0\u00bbnone\u00a0\u00bb width=\u00a0\u00bb1\/1&Prime; tablet_width_inherit=\u00a0\u00bbdefault\u00a0\u00bb tablet_text_alignment=\u00a0\u00bbdefault\u00a0\u00bb phone_text_alignment=\u00a0\u00bbdefault\u00a0\u00bb overlay_strength=\u00a0\u00bb0.3&Prime; column_border_width=\u00a0\u00bbnone\u00a0\u00bb column_border_style=\u00a0\u00bbsolid\u00a0\u00bb bg_image_animation=\u00a0\u00bbnone\u00a0\u00bb][vc_column_text css=\u00a0\u00bb.vc_custom_1731871247564{padding-bottom: 12px !important;}\u00a0\u00bb]\n<h2>Retrouvez tous les dispositifs de financement<\/h2>\n<p>L&rsquo;Auto-\u00e9cole Centurions propose un grand nombre de financements pour vous faciliter le passage du permis de conduire : <u><a style=\"color: #fff;\" href=\"http:\/\/de-vv.com\/centurions\/financement-cpf\/\" target=\"_blank\" rel=\"noopener\">financement CPF<\/a><\/u>, Permis \u00e0 1\u20ac par jour et l&rsquo;<u><a style=\"color: #fff;\" href=\"http:\/\/de-vv.com\/centurions\/aide-region-occitanie\/\" target=\"_blank\" rel=\"noopener\">Aide au permis de la r\u00e9gion Occitanie<\/a><\/u>&#8230; Nos conseillers en formation sont l\u00e0 pour vous aider et vous orienter.[\/vc_column_text][\/vc_column][\/vc_row][vc_row type=\u00a0\u00bbfull_width_background\u00a0\u00bb full_screen_row_position=\u00a0\u00bbmiddle\u00a0\u00bb column_margin=\u00a0\u00bbdefault\u00a0\u00bb scene_position=\u00a0\u00bbcenter\u00a0\u00bb text_color=\u00a0\u00bbdark\u00a0\u00bb text_align=\u00a0\u00bbleft\u00a0\u00bb top_padding=\u00a0\u00bb20&Prime; bottom_padding=\u00a0\u00bb20&Prime; overlay_strength=\u00a0\u00bb0.3&Prime; shape_divider_position=\u00a0\u00bbbottom\u00a0\u00bb bg_image_animation=\u00a0\u00bbnone\u00a0\u00bb shape_type=\u00a0\u00bb\u00a0\u00bb][vc_column column_padding=\u00a0\u00bbpadding-2-percent\u00a0\u00bb column_padding_position=\u00a0\u00bball\u00a0\u00bb background_color_opacity=\u00a0\u00bb1&Prime; background_hover_color_opacity=\u00a0\u00bb1&Prime; column_link_target=\u00a0\u00bb_self\u00a0\u00bb column_shadow=\u00a0\u00bbnone\u00a0\u00bb column_border_radius=\u00a0\u00bbnone\u00a0\u00bb width=\u00a0\u00bb1\/4&Prime; tablet_width_inherit=\u00a0\u00bbdefault\u00a0\u00bb tablet_text_alignment=\u00a0\u00bbdefault\u00a0\u00bb phone_text_alignment=\u00a0\u00bbdefault\u00a0\u00bb overlay_strength=\u00a0\u00bb0.3&Prime; column_border_width=\u00a0\u00bbnone\u00a0\u00bb column_border_style=\u00a0\u00bbsolid\u00a0\u00bb bg_image_animation=\u00a0\u00bbnone\u00a0\u00bb enable_animation=\u00a0\u00bbtrue\u00a0\u00bb animation=\u00a0\u00bbfade-in-from-left\u00a0\u00bb][vc_raw_html]JTNDaWZyYW1lJTIwc2FuZGJveCUzRCUyN2FsbG93LXNjcmlwdHMlMjBhbGxvdy1mb3JtcyUyMGFsbG93LXNhbWUtb3JpZ2luJTIwYWxsb3ctcG9wdXBzJTI3JTIwc3JjJTNEJTI3aHR0cHMlM0ElMkYlMkZ3d3cudnJvb212cm9vbS5mciUyRnJhdGluZ3MlMkZjb21wYWN0JTNGc2Nob29sX2lkJTNENjcwNmI3MGYxNzhiZTMwMDBjZjc1Mjk3JTI3JTIwd2lkdGglM0QxMDAlMjUlMjBoZWlnaHQlM0QxMDAlMjUlMjBpZCUzRCUyN2luaWZyYW1lJTI3JTIwc3R5bGUlM0QlMjdib3JkZXItc3R5bGUlM0ElMjBub25lJTNCJTIwb3ZlcmZsb3clM0ElMjBzY3JvbGwlMjclM0UlM0MlMkZpZnJhbWUlM0U=[\/vc_raw_html][\/vc_column][vc_column column_padding=\u00a0\u00bbpadding-2-percent\u00a0\u00bb column_padding_position=\u00a0\u00bball\u00a0\u00bb background_color_opacity=\u00a0\u00bb1&Prime; background_hover_color_opacity=\u00a0\u00bb1&Prime; column_link_target=\u00a0\u00bb_self\u00a0\u00bb column_shadow=\u00a0\u00bbnone\u00a0\u00bb column_border_radius=\u00a0\u00bbnone\u00a0\u00bb width=\u00a0\u00bb3\/4&Prime; tablet_width_inherit=\u00a0\u00bbdefault\u00a0\u00bb tablet_text_alignment=\u00a0\u00bbdefault\u00a0\u00bb phone_text_alignment=\u00a0\u00bbdefault\u00a0\u00bb overlay_strength=\u00a0\u00bb0.3&Prime; column_border_width=\u00a0\u00bbnone\u00a0\u00bb column_border_style=\u00a0\u00bbsolid\u00a0\u00bb bg_image_animation=\u00a0\u00bbnone\u00a0\u00bb][vc_column_text css=\u00a0\u00bb.vc_custom_1689445116800{padding-bottom: 20px !important;}\u00a0\u00bb]\n<h3>Consultez nos avis !<\/h3>\n<p>Nos \u00e9l\u00e8ves sont satisfaits, et ils le font savoir ! Pour vous faire une id\u00e9e de la qualit\u00e9 de nos formations, consultez les commentaires laiss\u00e9s par nos anciens \u00e9l\u00e8ves.[\/vc_column_text][nectar_btn size=\u00a0\u00bblarge\u00a0\u00bb open_new_tab=\u00a0\u00bbtrue\u00a0\u00bb button_style=\u00a0\u00bbregular\u00a0\u00bb button_color_2=\u00a0\u00bbAccent-Color\u00a0\u00bb icon_family=\u00a0\u00bbfontawesome\u00a0\u00bb url=\u00a0\u00bbhttp:\/\/de-vv.com\/centurions\/avis\/\u00a0\u00bb text=\u00a0\u00bbConsultez nos avis\u00a0\u00bb icon_fontawesome=\u00a0\u00bbfa fa-trophy\u00a0\u00bb][\/vc_column][\/vc_row][vc_row type=\u00a0\u00bbfull_width_background\u00a0\u00bb full_screen_row_position=\u00a0\u00bbmiddle\u00a0\u00bb column_margin=\u00a0\u00bbdefault\u00a0\u00bb bg_color=\u00a0\u00bb#5c847c\u00a0\u00bb scene_position=\u00a0\u00bbcenter\u00a0\u00bb text_color=\u00a0\u00bblight\u00a0\u00bb text_align=\u00a0\u00bbleft\u00a0\u00bb top_padding=\u00a0\u00bb20&Prime; bottom_padding=\u00a0\u00bb20&Prime; overlay_strength=\u00a0\u00bb0.3&Prime; shape_divider_position=\u00a0\u00bbbottom\u00a0\u00bb bg_image_animation=\u00a0\u00bbnone\u00a0\u00bb shape_type=\u00a0\u00bb\u00a0\u00bb][vc_column column_padding=\u00a0\u00bbpadding-2-percent\u00a0\u00bb column_padding_position=\u00a0\u00bball\u00a0\u00bb background_color_opacity=\u00a0\u00bb1&Prime; background_hover_color_opacity=\u00a0\u00bb1&Prime; column_link_target=\u00a0\u00bb_self\u00a0\u00bb column_shadow=\u00a0\u00bbnone\u00a0\u00bb column_border_radius=\u00a0\u00bbnone\u00a0\u00bb width=\u00a0\u00bb1\/1&Prime; tablet_width_inherit=\u00a0\u00bbdefault\u00a0\u00bb tablet_text_alignment=\u00a0\u00bbdefault\u00a0\u00bb phone_text_alignment=\u00a0\u00bbdefault\u00a0\u00bb overlay_strength=\u00a0\u00bb0.3&Prime; column_border_width=\u00a0\u00bbnone\u00a0\u00bb column_border_style=\u00a0\u00bbsolid\u00a0\u00bb bg_image_animation=\u00a0\u00bbnone\u00a0\u00bb][vc_column_text css=\u00a0\u00bb.vc_custom_1690126872712{padding-bottom: 12px !important;}\u00a0\u00bb]\n<h2>Une question sur le Permis \u00e0 1\u20ac par jour ?<\/h2>\n<p>Vous avez une question sur le contenu de nos formations, sur nos tarifs ou sur nos horaires ? Besoin de conseils personnalis\u00e9s en fonction de votre situation ? Vous avez des contraintes d&rsquo;agenda ou souhaitez passer le permis rapidement?[\/vc_column_text][nectar_btn size=\u00a0\u00bblarge\u00a0\u00bb button_style=\u00a0\u00bbregular\u00a0\u00bb button_color_2=\u00a0\u00bbExtra-Color-1&Prime; solid_text_color_override=\u00a0\u00bb#656258&Prime; icon_family=\u00a0\u00bbdefault_arrow\u00a0\u00bb url=\u00a0\u00bbhttp:\/\/de-vv.com\/centurions\/contact\/\u00a0\u00bb text=\u00a0\u00bbContactez nous\u00a0\u00bb margin_top=\u00a0\u00bb5&Prime; margin_right=\u00a0\u00bb12&Prime; margin_bottom=\u00a0\u00bb5&Prime;][nectar_btn size=\u00a0\u00bblarge\u00a0\u00bb button_style=\u00a0\u00bbregular\u00a0\u00bb button_color_2=\u00a0\u00bbExtra-Color-2&Prime; color_override=\u00a0\u00bb#ffffff\u00a0\u00bb solid_text_color_override=\u00a0\u00bb#656258&Prime; icon_family=\u00a0\u00bbfontawesome\u00a0\u00bb url=\u00a0\u00bbtel:06.28.53.40.12&Prime; text=\u00a0\u00bb06 28 53 40 12&Prime; margin_top=\u00a0\u00bb5&Prime; margin_bottom=\u00a0\u00bb5&Prime; icon_fontawesome=\u00a0\u00bbfa fa-mobile\u00a0\u00bb][\/vc_column][\/vc_row]\n","protected":false},"excerpt":{"rendered":"<p>[vc_row type=\u00a0\u00bbfull_width_background\u00a0\u00bb full_screen_row_position=\u00a0\u00bbmiddle\u00a0\u00bb equal_height=\u00a0\u00bbyes\u00a0\u00bb content_placement=\u00a0\u00bbmiddle\u00a0\u00bb column_margin=\u00a0\u00bbdefault\u00a0\u00bb scene_position=\u00a0\u00bbcenter\u00a0\u00bb text_color=\u00a0\u00bbdark\u00a0\u00bb text_align=\u00a0\u00bbleft\u00a0\u00bb top_padding=\u00a0\u00bb20&Prime; bottom_padding=\u00a0\u00bb20&Prime; overlay_strength=\u00a0\u00bb0.3&Prime; shape_divider_position=\u00a0\u00bbbottom\u00a0\u00bb bg_image_animation=\u00a0\u00bbnone\u00a0\u00bb shape_type=\u00a0\u00bb\u00a0\u00bb][vc_column column_padding=\u00a0\u00bbpadding-2-percent\u00a0\u00bb column_padding_position=\u00a0\u00bball\u00a0\u00bb background_color_opacity=\u00a0\u00bb1&Prime; background_hover_color_opacity=\u00a0\u00bb1&Prime; column_link_target=\u00a0\u00bb_self\u00a0\u00bb column_shadow=\u00a0\u00bbnone\u00a0\u00bb column_border_radius=\u00a0\u00bbnone\u00a0\u00bb width=\u00a0\u00bb1\/1&Prime; tablet_width_inherit=\u00a0\u00bbdefault\u00a0\u00bb tablet_text_alignment=\u00a0\u00bbdefault\u00a0\u00bb phone_text_alignment=\u00a0\u00bbdefault\u00a0\u00bb overlay_strength=\u00a0\u00bb0.3&Prime; column_border_width=\u00a0\u00bbnone\u00a0\u00bb column_border_style=\u00a0\u00bbsolid\u00a0\u00bb bg_image_animation=\u00a0\u00bbnone\u00a0\u00bb][vc_column_text]&#8230;<\/p>\n","protected":false},"author":1,"featured_media":86,"parent":0,"menu_order":0,"comment_status":"closed","ping_status":"closed","template":"","meta":{"footnotes":""},"class_list":["post-37","page","type-page","status-publish","has-post-thumbnail"],"yoast_head":"<!-- This site is optimized with the Yoast SEO plugin v26.8 - https:\/\/yoast.com\/product\/yoast-seo-wordpress\/ -->\n<title>Permis \u00e0 1 euro par jour - Auto-\u00e9cole Centurions \u00e0 Castelnau-le-Lez (34)<\/title>\n<meta name=\"description\" content=\"B\u00e9n\u00e9ficiez du dispositif Permis \u00e0 1 euro par jour \u00e0 Castelnau-le-Lez (34) pr\u00e8s de Montpellier avec l&#039;Auto-\u00e9cole Centurions.\" \/>\n<meta name=\"robots\" content=\"noindex, follow, max-snippet:-1, max-image-preview:large, max-video-preview:-1\" \/>\n<meta property=\"og:locale\" content=\"fr_FR\" \/>\n<meta property=\"og:type\" content=\"article\" \/>\n<meta property=\"og:title\" content=\"Permis \u00e0 1 euro par jour - Auto-\u00e9cole Centurions \u00e0 Castelnau-le-Lez (34)\" \/>\n<meta property=\"og:description\" content=\"B\u00e9n\u00e9ficiez du dispositif Permis \u00e0 1 euro par jour \u00e0 Castelnau-le-Lez (34) pr\u00e8s de Montpellier avec l&#039;Auto-\u00e9cole Centurions.\" \/>\n<meta property=\"og:url\" content=\"http:\/\/de-vv.com\/centurions\/permis-a-1-euro-par-jour\/\" \/>\n<meta property=\"og:site_name\" content=\"Auto-\u00e9cole Centurions\" \/>\n<meta property=\"article:modified_time\" content=\"2024-11-18T20:39:19+00:00\" \/>\n<meta property=\"og:image\" content=\"http:\/\/de-vv.com\/centurions\/wp-content\/uploads\/2024\/11\/logo-Permis-1-euro-Castelnau-le-Lez.png\" \/>\n\t<meta property=\"og:image:width\" content=\"1536\" \/>\n\t<meta property=\"og:image:height\" content=\"958\" \/>\n\t<meta property=\"og:image:type\" content=\"image\/png\" \/>\n<meta name=\"twitter:card\" content=\"summary_large_image\" \/>\n<meta name=\"twitter:label1\" content=\"Dur\u00e9e de lecture estim\u00e9e\" \/>\n\t<meta name=\"twitter:data1\" content=\"3 minutes\" \/>\n<script type=\"application\/ld+json\" class=\"yoast-schema-graph\">{\"@context\":\"https:\/\/schema.org\",\"@graph\":[{\"@type\":\"WebPage\",\"@id\":\"http:\/\/de-vv.com\/centurions\/permis-a-1-euro-par-jour\/\",\"url\":\"http:\/\/de-vv.com\/centurions\/permis-a-1-euro-par-jour\/\",\"name\":\"Permis \u00e0 1 euro par jour - Auto-\u00e9cole Centurions \u00e0 Castelnau-le-Lez (34)\",\"isPartOf\":{\"@id\":\"http:\/\/de-vv.com\/centurions\/#website\"},\"primaryImageOfPage\":{\"@id\":\"http:\/\/de-vv.com\/centurions\/permis-a-1-euro-par-jour\/#primaryimage\"},\"image\":{\"@id\":\"http:\/\/de-vv.com\/centurions\/permis-a-1-euro-par-jour\/#primaryimage\"},\"thumbnailUrl\":\"http:\/\/de-vv.com\/centurions\/wp-content\/uploads\/2024\/11\/logo-Permis-1-euro-Castelnau-le-Lez.png\",\"datePublished\":\"2024-11-16T19:54:56+00:00\",\"dateModified\":\"2024-11-18T20:39:19+00:00\",\"description\":\"B\u00e9n\u00e9ficiez du dispositif Permis \u00e0 1 euro par jour \u00e0 Castelnau-le-Lez (34) pr\u00e8s de Montpellier avec l'Auto-\u00e9cole Centurions.\",\"breadcrumb\":{\"@id\":\"http:\/\/de-vv.com\/centurions\/permis-a-1-euro-par-jour\/#breadcrumb\"},\"inLanguage\":\"fr-FR\",\"potentialAction\":[{\"@type\":\"ReadAction\",\"target\":[\"http:\/\/de-vv.com\/centurions\/permis-a-1-euro-par-jour\/\"]}]},{\"@type\":\"ImageObject\",\"inLanguage\":\"fr-FR\",\"@id\":\"http:\/\/de-vv.com\/centurions\/permis-a-1-euro-par-jour\/#primaryimage\",\"url\":\"http:\/\/de-vv.com\/centurions\/wp-content\/uploads\/2024\/11\/logo-Permis-1-euro-Castelnau-le-Lez.png\",\"contentUrl\":\"http:\/\/de-vv.com\/centurions\/wp-content\/uploads\/2024\/11\/logo-Permis-1-euro-Castelnau-le-Lez.png\",\"width\":1536,\"height\":958,\"caption\":\"Permis \u00e0 1 euro - Auto-\u00e9cole Centurions Castelnau-le-Lez\"},{\"@type\":\"BreadcrumbList\",\"@id\":\"http:\/\/de-vv.com\/centurions\/permis-a-1-euro-par-jour\/#breadcrumb\",\"itemListElement\":[{\"@type\":\"ListItem\",\"position\":1,\"name\":\"Accueil\",\"item\":\"http:\/\/de-vv.com\/centurions\/\"},{\"@type\":\"ListItem\",\"position\":2,\"name\":\"Permis \u00e0 1 euro par jour\"}]},{\"@type\":\"WebSite\",\"@id\":\"http:\/\/de-vv.com\/centurions\/#website\",\"url\":\"http:\/\/de-vv.com\/centurions\/\",\"name\":\"Auto-\u00e9cole Centurions\",\"description\":\"Auto-\u00e9cole \u00e0 Castelnau-le-Lez\",\"potentialAction\":[{\"@type\":\"SearchAction\",\"target\":{\"@type\":\"EntryPoint\",\"urlTemplate\":\"http:\/\/de-vv.com\/centurions\/?s={search_term_string}\"},\"query-input\":{\"@type\":\"PropertyValueSpecification\",\"valueRequired\":true,\"valueName\":\"search_term_string\"}}],\"inLanguage\":\"fr-FR\"}]}<\/script>\n<!-- \/ Yoast SEO plugin. -->","yoast_head_json":{"title":"Permis \u00e0 1 euro par jour - Auto-\u00e9cole Centurions \u00e0 Castelnau-le-Lez (34)","description":"B\u00e9n\u00e9ficiez du dispositif Permis \u00e0 1 euro par jour \u00e0 Castelnau-le-Lez (34) pr\u00e8s de Montpellier avec l'Auto-\u00e9cole Centurions.","robots":{"index":"noindex","follow":"follow","max-snippet":"max-snippet:-1","max-image-preview":"max-image-preview:large","max-video-preview":"max-video-preview:-1"},"og_locale":"fr_FR","og_type":"article","og_title":"Permis \u00e0 1 euro par jour - Auto-\u00e9cole Centurions \u00e0 Castelnau-le-Lez (34)","og_description":"B\u00e9n\u00e9ficiez du dispositif Permis \u00e0 1 euro par jour \u00e0 Castelnau-le-Lez (34) pr\u00e8s de Montpellier avec l'Auto-\u00e9cole Centurions.","og_url":"http:\/\/de-vv.com\/centurions\/permis-a-1-euro-par-jour\/","og_site_name":"Auto-\u00e9cole Centurions","article_modified_time":"2024-11-18T20:39:19+00:00","og_image":[{"width":1536,"height":958,"url":"http:\/\/de-vv.com\/centurions\/wp-content\/uploads\/2024\/11\/logo-Permis-1-euro-Castelnau-le-Lez.png","type":"image\/png"}],"twitter_card":"summary_large_image","twitter_misc":{"Dur\u00e9e de lecture estim\u00e9e":"3 minutes"},"schema":{"@context":"https:\/\/schema.org","@graph":[{"@type":"WebPage","@id":"http:\/\/de-vv.com\/centurions\/permis-a-1-euro-par-jour\/","url":"http:\/\/de-vv.com\/centurions\/permis-a-1-euro-par-jour\/","name":"Permis \u00e0 1 euro par jour - Auto-\u00e9cole Centurions \u00e0 Castelnau-le-Lez (34)","isPartOf":{"@id":"http:\/\/de-vv.com\/centurions\/#website"},"primaryImageOfPage":{"@id":"http:\/\/de-vv.com\/centurions\/permis-a-1-euro-par-jour\/#primaryimage"},"image":{"@id":"http:\/\/de-vv.com\/centurions\/permis-a-1-euro-par-jour\/#primaryimage"},"thumbnailUrl":"http:\/\/de-vv.com\/centurions\/wp-content\/uploads\/2024\/11\/logo-Permis-1-euro-Castelnau-le-Lez.png","datePublished":"2024-11-16T19:54:56+00:00","dateModified":"2024-11-18T20:39:19+00:00","description":"B\u00e9n\u00e9ficiez du dispositif Permis \u00e0 1 euro par jour \u00e0 Castelnau-le-Lez (34) pr\u00e8s de Montpellier avec l'Auto-\u00e9cole Centurions.","breadcrumb":{"@id":"http:\/\/de-vv.com\/centurions\/permis-a-1-euro-par-jour\/#breadcrumb"},"inLanguage":"fr-FR","potentialAction":[{"@type":"ReadAction","target":["http:\/\/de-vv.com\/centurions\/permis-a-1-euro-par-jour\/"]}]},{"@type":"ImageObject","inLanguage":"fr-FR","@id":"http:\/\/de-vv.com\/centurions\/permis-a-1-euro-par-jour\/#primaryimage","url":"http:\/\/de-vv.com\/centurions\/wp-content\/uploads\/2024\/11\/logo-Permis-1-euro-Castelnau-le-Lez.png","contentUrl":"http:\/\/de-vv.com\/centurions\/wp-content\/uploads\/2024\/11\/logo-Permis-1-euro-Castelnau-le-Lez.png","width":1536,"height":958,"caption":"Permis \u00e0 1 euro - Auto-\u00e9cole Centurions Castelnau-le-Lez"},{"@type":"BreadcrumbList","@id":"http:\/\/de-vv.com\/centurions\/permis-a-1-euro-par-jour\/#breadcrumb","itemListElement":[{"@type":"ListItem","position":1,"name":"Accueil","item":"http:\/\/de-vv.com\/centurions\/"},{"@type":"ListItem","position":2,"name":"Permis \u00e0 1 euro par jour"}]},{"@type":"WebSite","@id":"http:\/\/de-vv.com\/centurions\/#website","url":"http:\/\/de-vv.com\/centurions\/","name":"Auto-\u00e9cole Centurions","description":"Auto-\u00e9cole \u00e0 Castelnau-le-Lez","potentialAction":[{"@type":"SearchAction","target":{"@type":"EntryPoint","urlTemplate":"http:\/\/de-vv.com\/centurions\/?s={search_term_string}"},"query-input":{"@type":"PropertyValueSpecification","valueRequired":true,"valueName":"search_term_string"}}],"inLanguage":"fr-FR"}]}},"_links":{"self":[{"href":"http:\/\/de-vv.com\/centurions\/wp-json\/wp\/v2\/pages\/37","targetHints":{"allow":["GET"]}}],"collection":[{"href":"http:\/\/de-vv.com\/centurions\/wp-json\/wp\/v2\/pages"}],"about":[{"href":"http:\/\/de-vv.com\/centurions\/wp-json\/wp\/v2\/types\/page"}],"author":[{"embeddable":true,"href":"http:\/\/de-vv.com\/centurions\/wp-json\/wp\/v2\/users\/1"}],"replies":[{"embeddable":true,"href":"http:\/\/de-vv.com\/centurions\/wp-json\/wp\/v2\/comments?post=37"}],"version-history":[{"count":3,"href":"http:\/\/de-vv.com\/centurions\/wp-json\/wp\/v2\/pages\/37\/revisions"}],"predecessor-version":[{"id":88,"href":"http:\/\/de-vv.com\/centurions\/wp-json\/wp\/v2\/pages\/37\/revisions\/88"}],"wp:featuredmedia":[{"embeddable":true,"href":"http:\/\/de-vv.com\/centurions\/wp-json\/wp\/v2\/media\/86"}],"wp:attachment":[{"href":"http:\/\/de-vv.com\/centurions\/wp-json\/wp\/v2\/media?parent=37"}],"curies":[{"name":"wp","href":"https:\/\/api.w.org\/{rel}","templated":true}]}}