{"id":45,"date":"2024-11-16T20:57:44","date_gmt":"2024-11-16T19:57:44","guid":{"rendered":"http:\/\/de-vv.com\/centurions\/?page_id=45"},"modified":"2024-11-18T21:43:14","modified_gmt":"2024-11-18T20:43:14","slug":"tarifs-a-lunite","status":"publish","type":"page","link":"http:\/\/de-vv.com\/centurions\/tarifs-a-lunite\/","title":{"rendered":"Tarifs \u00e0 l&rsquo;unit\u00e9"},"content":{"rendered":"[vc_row type=\u00a0\u00bbfull_width_content\u00a0\u00bb full_screen_row_position=\u00a0\u00bbmiddle\u00a0\u00bb equal_height=\u00a0\u00bbyes\u00a0\u00bb column_margin=\u00a0\u00bbnone\u00a0\u00bb bg_color=\u00a0\u00bb#ffffff\u00a0\u00bb scene_position=\u00a0\u00bbcenter\u00a0\u00bb text_color=\u00a0\u00bbdark\u00a0\u00bb text_align=\u00a0\u00bbleft\u00a0\u00bb class=\u00a0\u00bbmargin-form\u00a0\u00bb overlay_strength=\u00a0\u00bb0.3&Prime; shape_divider_position=\u00a0\u00bbbottom\u00a0\u00bb bg_image_animation=\u00a0\u00bbnone\u00a0\u00bb shape_type=\u00a0\u00bb\u00a0\u00bb][vc_column column_padding=\u00a0\u00bbpadding-4-percent\u00a0\u00bb column_padding_position=\u00a0\u00bball\u00a0\u00bb background_color_opacity=\u00a0\u00bb1&Prime; background_hover_color_opacity=\u00a0\u00bb1&Prime; font_color=\u00a0\u00bb#040404&Prime; column_link_target=\u00a0\u00bb_self\u00a0\u00bb column_shadow=\u00a0\u00bbnone\u00a0\u00bb column_border_radius=\u00a0\u00bbnone\u00a0\u00bb width=\u00a0\u00bb2\/3&Prime; tablet_width_inherit=\u00a0\u00bbdefault\u00a0\u00bb tablet_text_alignment=\u00a0\u00bbdefault\u00a0\u00bb phone_text_alignment=\u00a0\u00bbdefault\u00a0\u00bb overlay_strength=\u00a0\u00bb0.3&Prime; column_border_width=\u00a0\u00bbnone\u00a0\u00bb column_border_style=\u00a0\u00bbsolid\u00a0\u00bb bg_image_animation=\u00a0\u00bbnone\u00a0\u00bb][vc_column_text css=\u00a0\u00bb.vc_custom_1731872554936{padding-bottom: 20px !important;}\u00a0\u00bb]\n<h1>Tarifs \u00e0 l&rsquo;unit\u00e9<\/h1>\n<p>Nos forfaits ne sont pas suffisants? Vous avez besoin d\u2019un peu plus? Consultez nos tarifs \u00e0 l\u2019unit\u00e9! Tarifs exprim\u00e9s en euros (\u20ac), toutes taxes comprises, valables jusqu\u2019au 31 d\u00e9cembre 2024.[\/vc_column_text][nectar_food_menu_item style=\u00a0\u00bbline_between\u00a0\u00bb item_name_heading_tag=\u00a0\u00bbh4&Prime; item_name=\u00a0\u00bbFrais de fabrication de permis\u00a0\u00bb item_price=\u00a0\u00bb30\u20ac\u00a0\u00bb][nectar_food_menu_item style=\u00a0\u00bbline_between\u00a0\u00bb item_name_heading_tag=\u00a0\u00bbh4&Prime; item_name=\u00a0\u00bbForfait code (salle illimit\u00e9 &amp; acc\u00e8s internet 6 mois)\u00a0\u00bb item_price=\u00a0\u00bb30\u20ac\u00a0\u00bb][nectar_food_menu_item style=\u00a0\u00bbline_between\u00a0\u00bb item_name_heading_tag=\u00a0\u00bbh4&Prime; item_name=\u00a0\u00bb\u00c9valuation de d\u00e9part obligatoire\u00a0\u00bb item_price=\u00a0\u00bb50\u20ac\u00a0\u00bb][nectar_food_menu_item style=\u00a0\u00bbline_between\u00a0\u00bb item_name_heading_tag=\u00a0\u00bbh4&Prime; item_name=\u00a0\u00bbLe\u00e7on de conduite boite manuelle (55 min)\u00a0\u00bb item_price=\u00a0\u00bb55\u20ac\u00a0\u00bb][nectar_food_menu_item style=\u00a0\u00bbline_between\u00a0\u00bb item_name_heading_tag=\u00a0\u00bbh4&Prime; item_name=\u00a0\u00bbLe\u00e7on de conduite boite automatique (55 min)\u00a0\u00bb item_price=\u00a0\u00bb60\u20ac\u00a0\u00bb][nectar_food_menu_item style=\u00a0\u00bbline_between\u00a0\u00bb item_name_heading_tag=\u00a0\u00bbh4&Prime; item_name=\u00a0\u00bbFrais d\u2019accompagnement examen pratique B\u00a0\u00bb item_price=\u00a0\u00bb55\u20ac\u00a0\u00bb][nectar_food_menu_item style=\u00a0\u00bbline_between\u00a0\u00bb item_name_heading_tag=\u00a0\u00bbh4&Prime; item_name=\u00a0\u00bbFrais d\u2019accompagnement examen pratique BA\u00a0\u00bb item_price=\u00a0\u00bb60\u20ac\u00a0\u00bb][nectar_food_menu_item style=\u00a0\u00bbline_between\u00a0\u00bb item_name_heading_tag=\u00a0\u00bbh4&Prime; item_name=\u00a0\u00bb1 RDV pr\u00e9alable (2h de conduite)\u00a0\u00bb item_price=\u00a0\u00bb110\u20ac\u00a0\u00bb][nectar_food_menu_item style=\u00a0\u00bbline_between\u00a0\u00bb item_name_heading_tag=\u00a0\u00bbh4&Prime; item_name=\u00a0\u00bb1 RDV p\u00e9dagogique (2h th\u00e9orie et 1h pratique)\u00a0\u00bb item_price=\u00a0\u00bb110\u20ac\u00a0\u00bb][nectar_food_menu_item style=\u00a0\u00bbline_between\u00a0\u00bb item_name_heading_tag=\u00a0\u00bbh4&Prime; item_name=\u00a0\u00bbFrais administratifs\u00a0\u00bb item_price=\u00a0\u00bb150\u20ac\u00a0\u00bb][nectar_food_menu_item style=\u00a0\u00bbline_between\u00a0\u00bb item_name_heading_tag=\u00a0\u00bbh4&Prime; item_name=\u00a0\u00bbFrais de prolongation de contrat (par tranche de 3 mois)\u00a0\u00bb item_price=\u00a0\u00bb150\u20ac\u00a0\u00bb][nectar_food_menu_item style=\u00a0\u00bbline_between\u00a0\u00bb item_name_heading_tag=\u00a0\u00bbh4&Prime; item_name=\u00a0\u00bbOption formule acc\u00e9l\u00e9r\u00e9e\u00a0\u00bb item_price=\u00a0\u00bb300\u20ac\u00a0\u00bb][nectar_food_menu_item style=\u00a0\u00bbline_between\u00a0\u00bb item_name_heading_tag=\u00a0\u00bbh4&Prime; item_name=\u00a0\u00bbPack 10 le\u00e7ons boite manuelle\u00a0\u00bb item_price=\u00a0\u00bb500\u20ac\u00a0\u00bb][nectar_food_menu_item style=\u00a0\u00bbline_between\u00a0\u00bb item_name_heading_tag=\u00a0\u00bbh4&Prime; item_name=\u00a0\u00bbPack 10 le\u00e7ons boite automatique\u00a0\u00bb item_price=\u00a0\u00bb540\u20ac\u00a0\u00bb][\/vc_column][vc_column column_padding=\u00a0\u00bbpadding-4-percent\u00a0\u00bb column_padding_position=\u00a0\u00bball\u00a0\u00bb background_color_opacity=\u00a0\u00bb1&Prime; background_hover_color_opacity=\u00a0\u00bb1&Prime; background_image=\u00a0\u00bb62&Prime; enable_bg_scale=\u00a0\u00bbtrue\u00a0\u00bb column_link_target=\u00a0\u00bb_self\u00a0\u00bb column_shadow=\u00a0\u00bbnone\u00a0\u00bb column_border_radius=\u00a0\u00bbnone\u00a0\u00bb width=\u00a0\u00bb1\/3&Prime; tablet_width_inherit=\u00a0\u00bbdefault\u00a0\u00bb tablet_text_alignment=\u00a0\u00bbdefault\u00a0\u00bb phone_text_alignment=\u00a0\u00bbdefault\u00a0\u00bb color_overlay=\u00a0\u00bb#000000&Prime; overlay_strength=\u00a0\u00bb0.5&Prime; column_border_width=\u00a0\u00bbnone\u00a0\u00bb column_border_style=\u00a0\u00bbsolid\u00a0\u00bb bg_image_animation=\u00a0\u00bbnone\u00a0\u00bb][vc_row_inner column_margin=\u00a0\u00bbdefault\u00a0\u00bb bottom_padding=\u00a0\u00bb24&Prime; text_align=\u00a0\u00bbleft\u00a0\u00bb][vc_column_inner column_padding=\u00a0\u00bbno-extra-padding\u00a0\u00bb column_padding_position=\u00a0\u00bball\u00a0\u00bb background_color_opacity=\u00a0\u00bb1&Prime; background_hover_color_opacity=\u00a0\u00bb1&Prime; font_color=\u00a0\u00bb#ffffff\u00a0\u00bb column_shadow=\u00a0\u00bbnone\u00a0\u00bb column_border_radius=\u00a0\u00bbnone\u00a0\u00bb column_link_target=\u00a0\u00bb_self\u00a0\u00bb width=\u00a0\u00bb1\/1&Prime; tablet_width_inherit=\u00a0\u00bbdefault\u00a0\u00bb overlay_strength=\u00a0\u00bb0.3&Prime; column_border_width=\u00a0\u00bbnone\u00a0\u00bb column_border_style=\u00a0\u00bbsolid\u00a0\u00bb bg_image_animation=\u00a0\u00bbnone\u00a0\u00bb][vc_column_text]\n<h4><i class=\"fa fa-map-signs\" style=\"color: #d6d6c8;\"><\/i> O\u00f9 sommes-nous ?<\/h4>\n<p>Venez nous rencontrer dans notre agence \u00a0:<br \/>\n47 Rue des Perri\u00e8res<br \/>\n34170 Castelnau-le-Lez<br \/>\n<a class=\"phone\" dir=\"https:\/\/www.google.com\/maps\/dir\/\/47+Rue+des+Perri\u00e8res,+34170+Castelnau-le-Lez\/@43.6333108,3.9164543,15z\/data=!4m18!1m8!3m7!1s0x12b6a5f1fdf72191:0x22647455899172a2!2s47+Rue+des+Perri\u00e8res,+34170+Castelnau-le-Lez!3b1!8m2!3d43.6333118!4d3.9164431!16s%2Fg%2F11c1zhg1nd!4m8!1m0!1m5!1m1!1s0x12b6a5f1fdf72191:0x22647455899172a2!2m2!1d3.9164431!2d43.6333118!3e3?entry=ttu&amp;g_ep=EgoyMDI0MTExMy4xIKXMDSoASAFQAw%3D%3D\" style=\"color: #d6d6c8!important;\" target=\"_blank\" rel=\"noopener\">Plan d&rsquo;acc\u00e8s<\/a>[\/vc_column_text][\/vc_column_inner][\/vc_row_inner][vc_row_inner column_margin=\u00a0\u00bbdefault\u00a0\u00bb bottom_padding=\u00a0\u00bb24&Prime; text_align=\u00a0\u00bbleft\u00a0\u00bb][vc_column_inner column_padding=\u00a0\u00bbno-extra-padding\u00a0\u00bb column_padding_position=\u00a0\u00bball\u00a0\u00bb background_color_opacity=\u00a0\u00bb1&Prime; background_hover_color_opacity=\u00a0\u00bb1&Prime; font_color=\u00a0\u00bb#ffffff\u00a0\u00bb column_shadow=\u00a0\u00bbnone\u00a0\u00bb column_border_radius=\u00a0\u00bbnone\u00a0\u00bb bottom_margin=\u00a0\u00bb30&Prime; column_link_target=\u00a0\u00bb_self\u00a0\u00bb width=\u00a0\u00bb1\/1&Prime; tablet_width_inherit=\u00a0\u00bbdefault\u00a0\u00bb overlay_strength=\u00a0\u00bb0.3&Prime; column_border_width=\u00a0\u00bbnone\u00a0\u00bb column_border_style=\u00a0\u00bbsolid\u00a0\u00bb bg_image_animation=\u00a0\u00bbnone\u00a0\u00bb][vc_column_text]\n<h4><i class=\"fa fa-comments\" style=\"color: #d6d6c8;\"><\/i> Nos coordonn\u00e9es<\/h4>\n<p><a class=\"phone\" style=\"color: #d6d6c8!important;\" href=\"tel:06.28.53.40.12\">06 28 53 40 12<\/a><br \/>\n<a class=\"phone\" style=\"color: #d6d6c8!important;\" href=\"mailto:aecenturions@gmail.com\">Envoyer un mail<\/a>[\/vc_column_text][\/vc_column_inner][\/vc_row_inner][vc_row_inner column_margin=\u00a0\u00bbdefault\u00a0\u00bb text_align=\u00a0\u00bbleft\u00a0\u00bb][vc_column_inner column_padding=\u00a0\u00bbno-extra-padding\u00a0\u00bb column_padding_position=\u00a0\u00bball\u00a0\u00bb background_color_opacity=\u00a0\u00bb1&Prime; background_hover_color_opacity=\u00a0\u00bb1&Prime; font_color=\u00a0\u00bb#ffffff\u00a0\u00bb column_shadow=\u00a0\u00bbnone\u00a0\u00bb column_border_radius=\u00a0\u00bbnone\u00a0\u00bb column_link_target=\u00a0\u00bb_self\u00a0\u00bb width=\u00a0\u00bb1\/1&Prime; tablet_width_inherit=\u00a0\u00bbdefault\u00a0\u00bb overlay_strength=\u00a0\u00bb0.3&Prime; column_border_width=\u00a0\u00bbnone\u00a0\u00bb column_border_style=\u00a0\u00bbsolid\u00a0\u00bb bg_image_animation=\u00a0\u00bbnone\u00a0\u00bb][vc_column_text]\n<h4><i class=\"fa fa-clock\" style=\"color: #d6d6c8;\"><\/i> Nos horaires<\/h4>\n<p>Notre agence est ouverte :<br \/>\nlundi, mercredi et vendredi de 16h \u00e0 19h<br \/>\nmardi et jeudi de 10h \u00e0 13h et de 16h \u00e0 19h<br \/>\nsamedi de 10h \u00e0 13h[\/vc_column_text][\/vc_column_inner][\/vc_row_inner][\/vc_column][\/vc_row]\n","protected":false},"excerpt":{"rendered":"<p>[vc_row type=\u00a0\u00bbfull_width_content\u00a0\u00bb full_screen_row_position=\u00a0\u00bbmiddle\u00a0\u00bb equal_height=\u00a0\u00bbyes\u00a0\u00bb column_margin=\u00a0\u00bbnone\u00a0\u00bb bg_color=\u00a0\u00bb#ffffff\u00a0\u00bb scene_position=\u00a0\u00bbcenter\u00a0\u00bb text_color=\u00a0\u00bbdark\u00a0\u00bb text_align=\u00a0\u00bbleft\u00a0\u00bb class=\u00a0\u00bbmargin-form\u00a0\u00bb overlay_strength=\u00a0\u00bb0.3&Prime; shape_divider_position=\u00a0\u00bbbottom\u00a0\u00bb bg_image_animation=\u00a0\u00bbnone\u00a0\u00bb shape_type=\u00a0\u00bb\u00a0\u00bb][vc_column column_padding=\u00a0\u00bbpadding-4-percent\u00a0\u00bb column_padding_position=\u00a0\u00bball\u00a0\u00bb background_color_opacity=\u00a0\u00bb1&Prime; background_hover_color_opacity=\u00a0\u00bb1&Prime; font_color=\u00a0\u00bb#040404&Prime; column_link_target=\u00a0\u00bb_self\u00a0\u00bb column_shadow=\u00a0\u00bbnone\u00a0\u00bb column_border_radius=\u00a0\u00bbnone\u00a0\u00bb width=\u00a0\u00bb2\/3&Prime; tablet_width_inherit=\u00a0\u00bbdefault\u00a0\u00bb tablet_text_alignment=\u00a0\u00bbdefault\u00a0\u00bb phone_text_alignment=\u00a0\u00bbdefault\u00a0\u00bb overlay_strength=\u00a0\u00bb0.3&Prime; column_border_width=\u00a0\u00bbnone\u00a0\u00bb column_border_style=\u00a0\u00bbsolid\u00a0\u00bb bg_image_animation=\u00a0\u00bbnone\u00a0\u00bb][vc_column_text&#8230;<\/p>\n","protected":false},"author":1,"featured_media":26,"parent":0,"menu_order":0,"comment_status":"closed","ping_status":"closed","template":"","meta":{"footnotes":""},"class_list":["post-45","page","type-page","status-publish","has-post-thumbnail"],"yoast_head":"<!-- This site is optimized with the Yoast SEO plugin v26.8 - https:\/\/yoast.com\/product\/yoast-seo-wordpress\/ -->\n<title>Tarifs \u00e0 l&#039;unit\u00e9 - Auto-\u00e9cole Centurions<\/title>\n<meta name=\"description\" content=\"Consultez les tarifs \u00e0 l&#039;unit\u00e9 des prestations propos\u00e9es par l&#039;Auto-\u00e9cole Centurions \u00e0 Castelnau-le-Lez (34), pr\u00e8s de Montpellier.\" \/>\n<meta name=\"robots\" content=\"noindex, follow, max-snippet:-1, max-image-preview:large, max-video-preview:-1\" \/>\n<meta property=\"og:locale\" content=\"fr_FR\" \/>\n<meta property=\"og:type\" content=\"article\" \/>\n<meta property=\"og:title\" content=\"Tarifs \u00e0 l&#039;unit\u00e9 - Auto-\u00e9cole Centurions\" \/>\n<meta property=\"og:description\" content=\"Consultez les tarifs \u00e0 l&#039;unit\u00e9 des prestations propos\u00e9es par l&#039;Auto-\u00e9cole Centurions \u00e0 Castelnau-le-Lez (34), pr\u00e8s de Montpellier.\" \/>\n<meta property=\"og:url\" content=\"http:\/\/de-vv.com\/centurions\/tarifs-a-lunite\/\" \/>\n<meta property=\"og:site_name\" content=\"Auto-\u00e9cole Centurions\" \/>\n<meta property=\"article:modified_time\" content=\"2024-11-18T20:43:14+00:00\" \/>\n<meta property=\"og:image\" content=\"http:\/\/de-vv.com\/centurions\/wp-content\/uploads\/2024\/11\/Logo_Auto-ecole_Centurions_Castelnau-le-Lez-small-2.png\" \/>\n\t<meta property=\"og:image:width\" content=\"300\" \/>\n\t<meta property=\"og:image:height\" content=\"303\" \/>\n\t<meta property=\"og:image:type\" content=\"image\/png\" \/>\n<meta name=\"twitter:card\" content=\"summary_large_image\" \/>\n<meta name=\"twitter:label1\" content=\"Dur\u00e9e de lecture estim\u00e9e\" \/>\n\t<meta name=\"twitter:data1\" content=\"2 minutes\" \/>\n<script type=\"application\/ld+json\" class=\"yoast-schema-graph\">{\"@context\":\"https:\/\/schema.org\",\"@graph\":[{\"@type\":\"WebPage\",\"@id\":\"http:\/\/de-vv.com\/centurions\/tarifs-a-lunite\/\",\"url\":\"http:\/\/de-vv.com\/centurions\/tarifs-a-lunite\/\",\"name\":\"Tarifs \u00e0 l'unit\u00e9 - Auto-\u00e9cole Centurions\",\"isPartOf\":{\"@id\":\"http:\/\/de-vv.com\/centurions\/#website\"},\"primaryImageOfPage\":{\"@id\":\"http:\/\/de-vv.com\/centurions\/tarifs-a-lunite\/#primaryimage\"},\"image\":{\"@id\":\"http:\/\/de-vv.com\/centurions\/tarifs-a-lunite\/#primaryimage\"},\"thumbnailUrl\":\"http:\/\/de-vv.com\/centurions\/wp-content\/uploads\/2024\/11\/Logo_Auto-ecole_Centurions_Castelnau-le-Lez-small-2.png\",\"datePublished\":\"2024-11-16T19:57:44+00:00\",\"dateModified\":\"2024-11-18T20:43:14+00:00\",\"description\":\"Consultez les tarifs \u00e0 l'unit\u00e9 des prestations propos\u00e9es par l'Auto-\u00e9cole Centurions \u00e0 Castelnau-le-Lez (34), pr\u00e8s de Montpellier.\",\"breadcrumb\":{\"@id\":\"http:\/\/de-vv.com\/centurions\/tarifs-a-lunite\/#breadcrumb\"},\"inLanguage\":\"fr-FR\",\"potentialAction\":[{\"@type\":\"ReadAction\",\"target\":[\"http:\/\/de-vv.com\/centurions\/tarifs-a-lunite\/\"]}]},{\"@type\":\"ImageObject\",\"inLanguage\":\"fr-FR\",\"@id\":\"http:\/\/de-vv.com\/centurions\/tarifs-a-lunite\/#primaryimage\",\"url\":\"http:\/\/de-vv.com\/centurions\/wp-content\/uploads\/2024\/11\/Logo_Auto-ecole_Centurions_Castelnau-le-Lez-small-2.png\",\"contentUrl\":\"http:\/\/de-vv.com\/centurions\/wp-content\/uploads\/2024\/11\/Logo_Auto-ecole_Centurions_Castelnau-le-Lez-small-2.png\",\"width\":300,\"height\":303,\"caption\":\"Logo Auto-\u00e9cole Centurions\"},{\"@type\":\"BreadcrumbList\",\"@id\":\"http:\/\/de-vv.com\/centurions\/tarifs-a-lunite\/#breadcrumb\",\"itemListElement\":[{\"@type\":\"ListItem\",\"position\":1,\"name\":\"Accueil\",\"item\":\"http:\/\/de-vv.com\/centurions\/\"},{\"@type\":\"ListItem\",\"position\":2,\"name\":\"Tarifs \u00e0 l&rsquo;unit\u00e9\"}]},{\"@type\":\"WebSite\",\"@id\":\"http:\/\/de-vv.com\/centurions\/#website\",\"url\":\"http:\/\/de-vv.com\/centurions\/\",\"name\":\"Auto-\u00e9cole Centurions\",\"description\":\"Auto-\u00e9cole \u00e0 Castelnau-le-Lez\",\"potentialAction\":[{\"@type\":\"SearchAction\",\"target\":{\"@type\":\"EntryPoint\",\"urlTemplate\":\"http:\/\/de-vv.com\/centurions\/?s={search_term_string}\"},\"query-input\":{\"@type\":\"PropertyValueSpecification\",\"valueRequired\":true,\"valueName\":\"search_term_string\"}}],\"inLanguage\":\"fr-FR\"}]}<\/script>\n<!-- \/ Yoast SEO plugin. -->","yoast_head_json":{"title":"Tarifs \u00e0 l'unit\u00e9 - Auto-\u00e9cole Centurions","description":"Consultez les tarifs \u00e0 l'unit\u00e9 des prestations propos\u00e9es par l'Auto-\u00e9cole Centurions \u00e0 Castelnau-le-Lez (34), pr\u00e8s de Montpellier.","robots":{"index":"noindex","follow":"follow","max-snippet":"max-snippet:-1","max-image-preview":"max-image-preview:large","max-video-preview":"max-video-preview:-1"},"og_locale":"fr_FR","og_type":"article","og_title":"Tarifs \u00e0 l'unit\u00e9 - Auto-\u00e9cole Centurions","og_description":"Consultez les tarifs \u00e0 l'unit\u00e9 des prestations propos\u00e9es par l'Auto-\u00e9cole Centurions \u00e0 Castelnau-le-Lez (34), pr\u00e8s de Montpellier.","og_url":"http:\/\/de-vv.com\/centurions\/tarifs-a-lunite\/","og_site_name":"Auto-\u00e9cole Centurions","article_modified_time":"2024-11-18T20:43:14+00:00","og_image":[{"width":300,"height":303,"url":"http:\/\/de-vv.com\/centurions\/wp-content\/uploads\/2024\/11\/Logo_Auto-ecole_Centurions_Castelnau-le-Lez-small-2.png","type":"image\/png"}],"twitter_card":"summary_large_image","twitter_misc":{"Dur\u00e9e de lecture estim\u00e9e":"2 minutes"},"schema":{"@context":"https:\/\/schema.org","@graph":[{"@type":"WebPage","@id":"http:\/\/de-vv.com\/centurions\/tarifs-a-lunite\/","url":"http:\/\/de-vv.com\/centurions\/tarifs-a-lunite\/","name":"Tarifs \u00e0 l'unit\u00e9 - Auto-\u00e9cole Centurions","isPartOf":{"@id":"http:\/\/de-vv.com\/centurions\/#website"},"primaryImageOfPage":{"@id":"http:\/\/de-vv.com\/centurions\/tarifs-a-lunite\/#primaryimage"},"image":{"@id":"http:\/\/de-vv.com\/centurions\/tarifs-a-lunite\/#primaryimage"},"thumbnailUrl":"http:\/\/de-vv.com\/centurions\/wp-content\/uploads\/2024\/11\/Logo_Auto-ecole_Centurions_Castelnau-le-Lez-small-2.png","datePublished":"2024-11-16T19:57:44+00:00","dateModified":"2024-11-18T20:43:14+00:00","description":"Consultez les tarifs \u00e0 l'unit\u00e9 des prestations propos\u00e9es par l'Auto-\u00e9cole Centurions \u00e0 Castelnau-le-Lez (34), pr\u00e8s de Montpellier.","breadcrumb":{"@id":"http:\/\/de-vv.com\/centurions\/tarifs-a-lunite\/#breadcrumb"},"inLanguage":"fr-FR","potentialAction":[{"@type":"ReadAction","target":["http:\/\/de-vv.com\/centurions\/tarifs-a-lunite\/"]}]},{"@type":"ImageObject","inLanguage":"fr-FR","@id":"http:\/\/de-vv.com\/centurions\/tarifs-a-lunite\/#primaryimage","url":"http:\/\/de-vv.com\/centurions\/wp-content\/uploads\/2024\/11\/Logo_Auto-ecole_Centurions_Castelnau-le-Lez-small-2.png","contentUrl":"http:\/\/de-vv.com\/centurions\/wp-content\/uploads\/2024\/11\/Logo_Auto-ecole_Centurions_Castelnau-le-Lez-small-2.png","width":300,"height":303,"caption":"Logo Auto-\u00e9cole Centurions"},{"@type":"BreadcrumbList","@id":"http:\/\/de-vv.com\/centurions\/tarifs-a-lunite\/#breadcrumb","itemListElement":[{"@type":"ListItem","position":1,"name":"Accueil","item":"http:\/\/de-vv.com\/centurions\/"},{"@type":"ListItem","position":2,"name":"Tarifs \u00e0 l&rsquo;unit\u00e9"}]},{"@type":"WebSite","@id":"http:\/\/de-vv.com\/centurions\/#website","url":"http:\/\/de-vv.com\/centurions\/","name":"Auto-\u00e9cole Centurions","description":"Auto-\u00e9cole \u00e0 Castelnau-le-Lez","potentialAction":[{"@type":"SearchAction","target":{"@type":"EntryPoint","urlTemplate":"http:\/\/de-vv.com\/centurions\/?s={search_term_string}"},"query-input":{"@type":"PropertyValueSpecification","valueRequired":true,"valueName":"search_term_string"}}],"inLanguage":"fr-FR"}]}},"_links":{"self":[{"href":"http:\/\/de-vv.com\/centurions\/wp-json\/wp\/v2\/pages\/45","targetHints":{"allow":["GET"]}}],"collection":[{"href":"http:\/\/de-vv.com\/centurions\/wp-json\/wp\/v2\/pages"}],"about":[{"href":"http:\/\/de-vv.com\/centurions\/wp-json\/wp\/v2\/types\/page"}],"author":[{"embeddable":true,"href":"http:\/\/de-vv.com\/centurions\/wp-json\/wp\/v2\/users\/1"}],"replies":[{"embeddable":true,"href":"http:\/\/de-vv.com\/centurions\/wp-json\/wp\/v2\/comments?post=45"}],"version-history":[{"count":3,"href":"http:\/\/de-vv.com\/centurions\/wp-json\/wp\/v2\/pages\/45\/revisions"}],"predecessor-version":[{"id":99,"href":"http:\/\/de-vv.com\/centurions\/wp-json\/wp\/v2\/pages\/45\/revisions\/99"}],"wp:featuredmedia":[{"embeddable":true,"href":"http:\/\/de-vv.com\/centurions\/wp-json\/wp\/v2\/media\/26"}],"wp:attachment":[{"href":"http:\/\/de-vv.com\/centurions\/wp-json\/wp\/v2\/media?parent=45"}],"curies":[{"name":"wp","href":"https:\/\/api.w.org\/{rel}","templated":true}]}}