{"id":11,"date":"2022-05-22T09:40:47","date_gmt":"2022-05-22T07:40:47","guid":{"rendered":"https:\/\/de-vv.com\/cerambition\/?page_id=11"},"modified":"2022-05-30T11:47:33","modified_gmt":"2022-05-30T09:47:33","slug":"avis","status":"publish","type":"page","link":"http:\/\/de-vv.com\/cerambition\/avis\/","title":{"rendered":"Avis"},"content":{"rendered":"[vc_row type=\u00a0\u00bbfull_width_background\u00a0\u00bb full_screen_row_position=\u00a0\u00bbmiddle\u00a0\u00bb column_margin=\u00a0\u00bbdefault\u00a0\u00bb bg_color=\u00a0\u00bb#f7f8fc\u00a0\u00bb scene_position=\u00a0\u00bbcenter\u00a0\u00bb text_color=\u00a0\u00bbdark\u00a0\u00bb text_align=\u00a0\u00bbleft\u00a0\u00bb overlay_strength=\u00a0\u00bb0.3&Prime; enable_shape_divider=\u00a0\u00bbtrue\u00a0\u00bb shape_divider_position=\u00a0\u00bbbottom\u00a0\u00bb bg_image_animation=\u00a0\u00bbnone\u00a0\u00bb shape_type=\u00a0\u00bbcurve\u00a0\u00bb][vc_column centered_text=\u00a0\u00bbtrue\u00a0\u00bb column_padding=\u00a0\u00bbpadding-2-percent\u00a0\u00bb column_padding_position=\u00a0\u00bball\u00a0\u00bb background_color_opacity=\u00a0\u00bb1&Prime; background_hover_color_opacity=\u00a0\u00bb1&Prime; column_link_target=\u00a0\u00bb_self\u00a0\u00bb column_shadow=\u00a0\u00bbnone\u00a0\u00bb column_border_radius=\u00a0\u00bbnone\u00a0\u00bb width=\u00a0\u00bb1\/1&Prime; tablet_width_inherit=\u00a0\u00bbdefault\u00a0\u00bb tablet_text_alignment=\u00a0\u00bbdefault\u00a0\u00bb phone_text_alignment=\u00a0\u00bbdefault\u00a0\u00bb overlay_strength=\u00a0\u00bb0.3&Prime; column_border_width=\u00a0\u00bbnone\u00a0\u00bb column_border_style=\u00a0\u00bbsolid\u00a0\u00bb bg_image_animation=\u00a0\u00bbnone\u00a0\u00bb][vc_column_text]\n<h1>Les <span style=\"text-decoration: underline 3px #E5695A;\">avis de nos anciens \u00e9l\u00e8ves<\/span><\/h1>\n[\/vc_column_text][vc_column_text css=\u00a0\u00bb.vc_custom_1653747743946{padding-top: 20px !important;padding-bottom: 20px !important;}\u00a0\u00bb]Nos anciens \u00e9l\u00e8ves sont satisfaits de leur formation, et ils le font savoir ! Consultez leurs t\u00e9moignages ci-dessous afin de vous faire une id\u00e9e.<\/p>\n<p>Vous avez une question, une h\u00e9sitation?[\/vc_column_text][nectar_btn size=\u00a0\u00bblarge\u00a0\u00bb open_new_tab=\u00a0\u00bbtrue\u00a0\u00bb button_style=\u00a0\u00bbregular\u00a0\u00bb button_color_2=\u00a0\u00bbAccent-Color\u00a0\u00bb icon_family=\u00a0\u00bbfontawesome\u00a0\u00bb url=\u00a0\u00bbhttps:\/\/de-vv.com\/cerambition\/contact\/\u00a0\u00bb text=\u00a0\u00bbPrendre rendez-vous\u00a0\u00bb icon_fontawesome=\u00a0\u00bbfa fa-calendar\u00a0\u00bb margin_right=\u00a0\u00bb10&Prime;][nectar_btn size=\u00a0\u00bblarge\u00a0\u00bb open_new_tab=\u00a0\u00bbtrue\u00a0\u00bb button_style=\u00a0\u00bbsee-through\u00a0\u00bb button_color_2=\u00a0\u00bbExtra-Color-1&Prime; icon_family=\u00a0\u00bbfontawesome\u00a0\u00bb url=\u00a0\u00bbtel:01.48.61.41.85&Prime; text=\u00a0\u00bbAppelez-nous\u00a0\u00bb icon_fontawesome=\u00a0\u00bbfa fa-mobile\u00a0\u00bb][divider line_type=\u00a0\u00bbNo Line\u00a0\u00bb custom_height=\u00a0\u00bb20&Prime;][\/vc_column][\/vc_row][vc_row type=\u00a0\u00bbfull_width_background\u00a0\u00bb full_screen_row_position=\u00a0\u00bbmiddle\u00a0\u00bb column_margin=\u00a0\u00bbdefault\u00a0\u00bb bg_color=\u00a0\u00bb#ffffff\u00a0\u00bb scene_position=\u00a0\u00bbcenter\u00a0\u00bb text_color=\u00a0\u00bbdark\u00a0\u00bb text_align=\u00a0\u00bbleft\u00a0\u00bb bottom_padding=\u00a0\u00bb50&Prime; overlay_strength=\u00a0\u00bb0.3&Prime; shape_divider_position=\u00a0\u00bbbottom\u00a0\u00bb bg_image_animation=\u00a0\u00bbnone\u00a0\u00bb shape_type=\u00a0\u00bb\u00a0\u00bb][vc_column column_padding=\u00a0\u00bbno-extra-padding\u00a0\u00bb column_padding_position=\u00a0\u00bball\u00a0\u00bb background_color_opacity=\u00a0\u00bb1&Prime; background_hover_color_opacity=\u00a0\u00bb1&Prime; column_link_target=\u00a0\u00bb_self\u00a0\u00bb column_shadow=\u00a0\u00bbnone\u00a0\u00bb column_border_radius=\u00a0\u00bbnone\u00a0\u00bb width=\u00a0\u00bb1\/1&Prime; tablet_width_inherit=\u00a0\u00bbdefault\u00a0\u00bb tablet_text_alignment=\u00a0\u00bbdefault\u00a0\u00bb phone_text_alignment=\u00a0\u00bbdefault\u00a0\u00bb overlay_strength=\u00a0\u00bb0.3&Prime; column_border_width=\u00a0\u00bbnone\u00a0\u00bb column_border_style=\u00a0\u00bbsolid\u00a0\u00bb bg_image_animation=\u00a0\u00bbnone\u00a0\u00bb][vc_raw_html]JTNDaWZyYW1lJTIwc2FuZGJveCUzRCUyN2FsbG93LXNjcmlwdHMlMjBhbGxvdy1mb3JtcyUyMGFsbG93LXNhbWUtb3JpZ2luJTI3JTIwc3JjJTNEJTI3aHR0cHMlM0ElMkYlMkZ3d3cudnJvb212cm9vbS5mciUyRnJhdGluZ3MlM0ZzY2hvb2xfaWQlM0Q1MjQ2ZTNiYjI0YTAzOTAwMDIwMDEwMzIlMjclMjBzY3JvbGxpbmclM0QlMjd5ZXMlMjclMjB3aWR0aCUzRCUyNzEwMCUyNSUyNyUyMGhlaWdodCUzRCUyNzYwMHB4JTI3JTIwaWQlM0QlMjdpbmlmcmFtZSUyNyUyMGZyYW1lYm9yZGVyJTNEJTI3MCUyNyUyMGFsbG93ZnVsbHNjcmVlbiUzRSUzQyUyRmlmcmFtZSUzRSUzQ2JyJTJGJTNFJTNDYnIlMkYlM0UlM0NhJTIwaHJlZiUzRCUyN2h0dHBzJTNBJTJGJTJGd3d3LnZyb29tdnJvb20uZnIlMkZhdXRvLWVjb2xlcyUyRnNlaW5lLXNhaW50LWRlbmlzJTJGdmF1am91cnMlMkZjZXItYW1iaXRpb24lMjclMjB0YXJnZXQlM0QlMjdfYmxhbmslMjclMjByZWwlM0QlMjdub29wZW5lciUyMG5vcmVmZXJyZXIlMjclM0VEJUMzJUE5Y291dnJleiUyMG5vdHJlJTIwcGFnZSUyMHN1ciUyMFZyb29tVnJvb20uZnIlM0MlMkZhJTNF[\/vc_raw_html][\/vc_column][\/vc_row]\n","protected":false},"excerpt":{"rendered":"<p>[vc_row type=\u00a0\u00bbfull_width_background\u00a0\u00bb full_screen_row_position=\u00a0\u00bbmiddle\u00a0\u00bb column_margin=\u00a0\u00bbdefault\u00a0\u00bb bg_color=\u00a0\u00bb#f7f8fc\u00a0\u00bb scene_position=\u00a0\u00bbcenter\u00a0\u00bb text_color=\u00a0\u00bbdark\u00a0\u00bb text_align=\u00a0\u00bbleft\u00a0\u00bb overlay_strength=\u00a0\u00bb0.3&Prime; enable_shape_divider=\u00a0\u00bbtrue\u00a0\u00bb shape_divider_position=\u00a0\u00bbbottom\u00a0\u00bb bg_image_animation=\u00a0\u00bbnone\u00a0\u00bb shape_type=\u00a0\u00bbcurve\u00a0\u00bb][vc_column centered_text=\u00a0\u00bbtrue\u00a0\u00bb column_padding=\u00a0\u00bbpadding-2-percent\u00a0\u00bb column_padding_position=\u00a0\u00bball\u00a0\u00bb background_color_opacity=\u00a0\u00bb1&Prime; background_hover_color_opacity=\u00a0\u00bb1&Prime; column_link_target=\u00a0\u00bb_self\u00a0\u00bb column_shadow=\u00a0\u00bbnone\u00a0\u00bb column_border_radius=\u00a0\u00bbnone\u00a0\u00bb width=\u00a0\u00bb1\/1&Prime; tablet_width_inherit=\u00a0\u00bbdefault\u00a0\u00bb tablet_text_alignment=\u00a0\u00bbdefault\u00a0\u00bb phone_text_alignment=\u00a0\u00bbdefault\u00a0\u00bb overlay_strength=\u00a0\u00bb0.3&Prime; column_border_width=\u00a0\u00bbnone\u00a0\u00bb column_border_style=\u00a0\u00bbsolid\u00a0\u00bb bg_image_animation=\u00a0\u00bbnone\u00a0\u00bb][vc_column_text] Les&#8230;<\/p>\n","protected":false},"author":1,"featured_media":101,"parent":0,"menu_order":0,"comment_status":"closed","ping_status":"closed","template":"","meta":[],"yoast_head":"<!-- This site is optimized with the Yoast SEO plugin v20.6 - https:\/\/yoast.com\/wordpress\/plugins\/seo\/ -->\n<title>Avis de nos anciens \u00e9l\u00e8ves - CER Ambition<\/title>\n<meta name=\"description\" content=\"Consultez les avis v\u00e9rifi\u00e9s laiss\u00e9s par les anciens \u00e9l\u00e8ves de l&#039;auto-\u00e9cole CER Ambition \u00e0 Vaujours. Votre satisfaction est notre priorit\u00e9 !\" \/>\n<meta name=\"robots\" content=\"noindex, follow, max-snippet:-1, max-image-preview:large, max-video-preview:-1\" \/>\n<meta property=\"og:locale\" content=\"fr_FR\" \/>\n<meta property=\"og:type\" content=\"article\" \/>\n<meta property=\"og:title\" content=\"Avis de nos anciens \u00e9l\u00e8ves - CER Ambition\" \/>\n<meta property=\"og:description\" content=\"Consultez les avis v\u00e9rifi\u00e9s laiss\u00e9s par les anciens \u00e9l\u00e8ves de l&#039;auto-\u00e9cole CER Ambition \u00e0 Vaujours. Votre satisfaction est notre priorit\u00e9 !\" \/>\n<meta property=\"og:url\" content=\"https:\/\/de-vv.com\/cerambition\/avis\/\" \/>\n<meta property=\"og:site_name\" content=\"CER Ambition\" \/>\n<meta property=\"article:modified_time\" content=\"2022-05-30T09:47:33+00:00\" \/>\n<meta property=\"og:image\" content=\"https:\/\/de-vv.com\/cerambition\/wp-content\/uploads\/2022\/05\/CER-Code-en-ligne-1024x1024-2.png\" \/>\n\t<meta property=\"og:image:width\" content=\"1024\" \/>\n\t<meta property=\"og:image:height\" content=\"1024\" \/>\n\t<meta property=\"og:image:type\" content=\"image\/png\" \/>\n<meta name=\"twitter:card\" content=\"summary_large_image\" \/>\n<meta name=\"twitter:label1\" content=\"Dur\u00e9e de lecture estim\u00e9e\" \/>\n\t<meta name=\"twitter:data1\" content=\"1 minute\" \/>\n<script type=\"application\/ld+json\" class=\"yoast-schema-graph\">{\"@context\":\"https:\/\/schema.org\",\"@graph\":[{\"@type\":\"WebPage\",\"@id\":\"https:\/\/de-vv.com\/cerambition\/avis\/\",\"url\":\"https:\/\/de-vv.com\/cerambition\/avis\/\",\"name\":\"Avis de nos anciens \u00e9l\u00e8ves - CER Ambition\",\"isPartOf\":{\"@id\":\"http:\/\/de-vv.com\/cerambition\/#website\"},\"datePublished\":\"2022-05-22T07:40:47+00:00\",\"dateModified\":\"2022-05-30T09:47:33+00:00\",\"description\":\"Consultez les avis v\u00e9rifi\u00e9s laiss\u00e9s par les anciens \u00e9l\u00e8ves de l'auto-\u00e9cole CER Ambition \u00e0 Vaujours. Votre satisfaction est notre priorit\u00e9 !\",\"breadcrumb\":{\"@id\":\"https:\/\/de-vv.com\/cerambition\/avis\/#breadcrumb\"},\"inLanguage\":\"fr-FR\",\"potentialAction\":[{\"@type\":\"ReadAction\",\"target\":[\"https:\/\/de-vv.com\/cerambition\/avis\/\"]}]},{\"@type\":\"BreadcrumbList\",\"@id\":\"https:\/\/de-vv.com\/cerambition\/avis\/#breadcrumb\",\"itemListElement\":[{\"@type\":\"ListItem\",\"position\":1,\"name\":\"Accueil\",\"item\":\"http:\/\/de-vv.com\/cerambition\/\"},{\"@type\":\"ListItem\",\"position\":2,\"name\":\"Avis\"}]},{\"@type\":\"WebSite\",\"@id\":\"http:\/\/de-vv.com\/cerambition\/#website\",\"url\":\"http:\/\/de-vv.com\/cerambition\/\",\"name\":\"CER Ambition\",\"description\":\"votre auto-\u00e9cole \u00e0 Vaujours\",\"potentialAction\":[{\"@type\":\"SearchAction\",\"target\":{\"@type\":\"EntryPoint\",\"urlTemplate\":\"http:\/\/de-vv.com\/cerambition\/?s={search_term_string}\"},\"query-input\":\"required name=search_term_string\"}],\"inLanguage\":\"fr-FR\"}]}<\/script>\n<!-- \/ Yoast SEO plugin. -->","yoast_head_json":{"title":"Avis de nos anciens \u00e9l\u00e8ves - CER Ambition","description":"Consultez les avis v\u00e9rifi\u00e9s laiss\u00e9s par les anciens \u00e9l\u00e8ves de l'auto-\u00e9cole CER Ambition \u00e0 Vaujours. Votre satisfaction est notre priorit\u00e9 !","robots":{"index":"noindex","follow":"follow","max-snippet":"max-snippet:-1","max-image-preview":"max-image-preview:large","max-video-preview":"max-video-preview:-1"},"og_locale":"fr_FR","og_type":"article","og_title":"Avis de nos anciens \u00e9l\u00e8ves - CER Ambition","og_description":"Consultez les avis v\u00e9rifi\u00e9s laiss\u00e9s par les anciens \u00e9l\u00e8ves de l'auto-\u00e9cole CER Ambition \u00e0 Vaujours. Votre satisfaction est notre priorit\u00e9 !","og_url":"https:\/\/de-vv.com\/cerambition\/avis\/","og_site_name":"CER Ambition","article_modified_time":"2022-05-30T09:47:33+00:00","og_image":[{"width":1024,"height":1024,"url":"https:\/\/de-vv.com\/cerambition\/wp-content\/uploads\/2022\/05\/CER-Code-en-ligne-1024x1024-2.png","type":"image\/png"}],"twitter_card":"summary_large_image","twitter_misc":{"Dur\u00e9e de lecture estim\u00e9e":"1 minute"},"schema":{"@context":"https:\/\/schema.org","@graph":[{"@type":"WebPage","@id":"https:\/\/de-vv.com\/cerambition\/avis\/","url":"https:\/\/de-vv.com\/cerambition\/avis\/","name":"Avis de nos anciens \u00e9l\u00e8ves - CER Ambition","isPartOf":{"@id":"http:\/\/de-vv.com\/cerambition\/#website"},"datePublished":"2022-05-22T07:40:47+00:00","dateModified":"2022-05-30T09:47:33+00:00","description":"Consultez les avis v\u00e9rifi\u00e9s laiss\u00e9s par les anciens \u00e9l\u00e8ves de l'auto-\u00e9cole CER Ambition \u00e0 Vaujours. Votre satisfaction est notre priorit\u00e9 !","breadcrumb":{"@id":"https:\/\/de-vv.com\/cerambition\/avis\/#breadcrumb"},"inLanguage":"fr-FR","potentialAction":[{"@type":"ReadAction","target":["https:\/\/de-vv.com\/cerambition\/avis\/"]}]},{"@type":"BreadcrumbList","@id":"https:\/\/de-vv.com\/cerambition\/avis\/#breadcrumb","itemListElement":[{"@type":"ListItem","position":1,"name":"Accueil","item":"http:\/\/de-vv.com\/cerambition\/"},{"@type":"ListItem","position":2,"name":"Avis"}]},{"@type":"WebSite","@id":"http:\/\/de-vv.com\/cerambition\/#website","url":"http:\/\/de-vv.com\/cerambition\/","name":"CER Ambition","description":"votre auto-\u00e9cole \u00e0 Vaujours","potentialAction":[{"@type":"SearchAction","target":{"@type":"EntryPoint","urlTemplate":"http:\/\/de-vv.com\/cerambition\/?s={search_term_string}"},"query-input":"required name=search_term_string"}],"inLanguage":"fr-FR"}]}},"_links":{"self":[{"href":"http:\/\/de-vv.com\/cerambition\/wp-json\/wp\/v2\/pages\/11"}],"collection":[{"href":"http:\/\/de-vv.com\/cerambition\/wp-json\/wp\/v2\/pages"}],"about":[{"href":"http:\/\/de-vv.com\/cerambition\/wp-json\/wp\/v2\/types\/page"}],"author":[{"embeddable":true,"href":"http:\/\/de-vv.com\/cerambition\/wp-json\/wp\/v2\/users\/1"}],"replies":[{"embeddable":true,"href":"http:\/\/de-vv.com\/cerambition\/wp-json\/wp\/v2\/comments?post=11"}],"version-history":[{"count":8,"href":"http:\/\/de-vv.com\/cerambition\/wp-json\/wp\/v2\/pages\/11\/revisions"}],"predecessor-version":[{"id":252,"href":"http:\/\/de-vv.com\/cerambition\/wp-json\/wp\/v2\/pages\/11\/revisions\/252"}],"wp:featuredmedia":[{"embeddable":true,"href":"http:\/\/de-vv.com\/cerambition\/wp-json\/wp\/v2\/media\/101"}],"wp:attachment":[{"href":"http:\/\/de-vv.com\/cerambition\/wp-json\/wp\/v2\/media?parent=11"}],"curies":[{"name":"wp","href":"https:\/\/api.w.org\/{rel}","templated":true}]}}