{"id":38,"date":"2023-12-17T13:00:36","date_gmt":"2023-12-17T12:00:36","guid":{"rendered":"http:\/\/de-vv.com\/corneille\/?page_id=38"},"modified":"2023-12-17T16:20:33","modified_gmt":"2023-12-17T15:20:33","slug":"conduite-accompagnee","status":"publish","type":"page","link":"http:\/\/de-vv.com\/corneille\/conduite-accompagnee\/","title":{"rendered":"Conduite accompagn\u00e9e"},"content":{"rendered":"[vc_row type=\u00a0\u00bbfull_width_background\u00a0\u00bb full_screen_row_position=\u00a0\u00bbmiddle\u00a0\u00bb column_margin=\u00a0\u00bbdefault\u00a0\u00bb bg_color=\u00a0\u00bb#ecf0f1&Prime; scene_position=\u00a0\u00bbcenter\u00a0\u00bb text_color=\u00a0\u00bbdark\u00a0\u00bb text_align=\u00a0\u00bbleft\u00a0\u00bb bottom_padding=\u00a0\u00bb40&Prime; overlay_strength=\u00a0\u00bb0.3&Prime; shape_divider_position=\u00a0\u00bbbottom\u00a0\u00bb bg_image_animation=\u00a0\u00bbnone\u00a0\u00bb shape_type=\u00a0\u00bb\u00a0\u00bb][vc_column column_padding=\u00a0\u00bbpadding-2-percent\u00a0\u00bb column_padding_position=\u00a0\u00bball\u00a0\u00bb background_color_opacity=\u00a0\u00bb1&Prime; background_hover_color_opacity=\u00a0\u00bb1&Prime; column_link_target=\u00a0\u00bb_self\u00a0\u00bb column_shadow=\u00a0\u00bbnone\u00a0\u00bb column_border_radius=\u00a0\u00bbnone\u00a0\u00bb width=\u00a0\u00bb2\/3&Prime; tablet_width_inherit=\u00a0\u00bbdefault\u00a0\u00bb tablet_text_alignment=\u00a0\u00bbdefault\u00a0\u00bb phone_text_alignment=\u00a0\u00bbdefault\u00a0\u00bb overlay_strength=\u00a0\u00bb0.3&Prime; column_border_width=\u00a0\u00bbnone\u00a0\u00bb column_border_style=\u00a0\u00bbsolid\u00a0\u00bb bg_image_animation=\u00a0\u00bbnone\u00a0\u00bb][vc_column_text css=\u00a0\u00bb.vc_custom_1584290064282{padding-top: 30px !important;padding-bottom: 20px !important;}\u00a0\u00bb]\n<h2 style=\"text-align: center; color: #009fe3;\">Conduite accompagn\u00e9e<\/h2>\n[\/vc_column_text][vc_row_inner equal_height=\u00a0\u00bbyes\u00a0\u00bb column_margin=\u00a0\u00bbdefault\u00a0\u00bb text_align=\u00a0\u00bbleft\u00a0\u00bb][vc_column_inner column_padding=\u00a0\u00bbpadding-3-percent\u00a0\u00bb column_padding_position=\u00a0\u00bball\u00a0\u00bb background_color=\u00a0\u00bb#ffffff\u00a0\u00bb background_color_opacity=\u00a0\u00bb1&Prime; background_hover_color_opacity=\u00a0\u00bb1&Prime; column_shadow=\u00a0\u00bbsmall_depth\u00a0\u00bb column_border_radius=\u00a0\u00bb5px\u00a0\u00bb column_link_target=\u00a0\u00bb_self\u00a0\u00bb width=\u00a0\u00bb1\/2&Prime; tablet_width_inherit=\u00a0\u00bbdefault\u00a0\u00bb overlay_strength=\u00a0\u00bb0.3&Prime; column_border_width=\u00a0\u00bbnone\u00a0\u00bb column_border_style=\u00a0\u00bbsolid\u00a0\u00bb bg_image_animation=\u00a0\u00bbnone\u00a0\u00bb offset=\u00a0\u00bbvc_hidden-sm vc_hidden-xs\u00a0\u00bb][vc_column_text]\n<h4 style=\"text-align: center; color: #0070b9;\">Pack AAC Traditionnel<\/h4>\n[\/vc_column_text][vc_column_text]\n<ul>\n<li>Frais de dossier<\/li>\n<li>Livre de code<\/li>\n<li>Code en salle (1 an)<\/li>\n<li>Acc\u00e8s Pack web (e-learning) (6 mois)<\/li>\n<li>Kit p\u00e9dagogique<\/li>\n<li style=\"color: #0070b9;\"><strong>20 le\u00e7ons de conduite sur bo\u00eete manuelle<\/strong><\/li>\n<li>1 RDV pr\u00e9alable de 2h avec la pr\u00e9sence des accompagnateurs<\/li>\n<li>2 RDV p\u00e9dagogiques d&rsquo;une heure en voiture avec la pr\u00e9sence des accompagnateurs<\/li>\n<li>1 accompagnement \u00e0 l&rsquo;examen de conduite<\/li>\n<\/ul>\n[\/vc_column_text][\/vc_column_inner][vc_column_inner column_padding=\u00a0\u00bbpadding-3-percent\u00a0\u00bb column_padding_position=\u00a0\u00bball\u00a0\u00bb background_color=\u00a0\u00bb#ffffff\u00a0\u00bb background_color_opacity=\u00a0\u00bb1&Prime; background_hover_color_opacity=\u00a0\u00bb1&Prime; column_shadow=\u00a0\u00bbsmall_depth\u00a0\u00bb column_border_radius=\u00a0\u00bb5px\u00a0\u00bb column_link_target=\u00a0\u00bb_self\u00a0\u00bb width=\u00a0\u00bb1\/2&Prime; tablet_width_inherit=\u00a0\u00bbdefault\u00a0\u00bb overlay_strength=\u00a0\u00bb0.3&Prime; column_border_width=\u00a0\u00bbnone\u00a0\u00bb column_border_style=\u00a0\u00bbsolid\u00a0\u00bb bg_image_animation=\u00a0\u00bbnone\u00a0\u00bb offset=\u00a0\u00bbvc_hidden-sm vc_hidden-xs\u00a0\u00bb][vc_column_text]\n<h4 style=\"text-align: center; color: #0070b9;\">Pack AAC Bo\u00eete auto<\/h4>\n[\/vc_column_text][vc_column_text]\n<ul>\n<li>Frais de dossier<\/li>\n<li>Livre de code<\/li>\n<li>Code en salle (1 an)<\/li>\n<li>Acc\u00e8s Pack web (e-learning) (6 mois)<\/li>\n<li>Kit p\u00e9dagogique<\/li>\n<li style=\"color: #0070b9;\"><strong>13 le\u00e7ons de conduite sur bo\u00eete automatique<\/strong><\/li>\n<li>1 RDV pr\u00e9alable de 2h avec la pr\u00e9sence des accompagnateurs<\/li>\n<li>2 RDV p\u00e9dagogiques d&rsquo;une heure en voiture avec la pr\u00e9sence des accompagnateurs<\/li>\n<li>1 accompagnement \u00e0 l&rsquo;examen de conduite<\/li>\n<\/ul>\n[\/vc_column_text][\/vc_column_inner][\/vc_row_inner][vc_row_inner equal_height=\u00a0\u00bbyes\u00a0\u00bb column_margin=\u00a0\u00bbdefault\u00a0\u00bb text_align=\u00a0\u00bbleft\u00a0\u00bb][vc_column_inner column_padding=\u00a0\u00bbpadding-3-percent\u00a0\u00bb column_padding_position=\u00a0\u00bball\u00a0\u00bb background_color=\u00a0\u00bb#ffffff\u00a0\u00bb background_color_opacity=\u00a0\u00bb1&Prime; background_hover_color_opacity=\u00a0\u00bb1&Prime; column_shadow=\u00a0\u00bbsmall_depth\u00a0\u00bb column_border_radius=\u00a0\u00bb5px\u00a0\u00bb column_link_target=\u00a0\u00bb_self\u00a0\u00bb width=\u00a0\u00bb1\/2&Prime; tablet_width_inherit=\u00a0\u00bbdefault\u00a0\u00bb overlay_strength=\u00a0\u00bb0.3&Prime; column_border_width=\u00a0\u00bbnone\u00a0\u00bb column_border_style=\u00a0\u00bbsolid\u00a0\u00bb bg_image_animation=\u00a0\u00bbnone\u00a0\u00bb offset=\u00a0\u00bbvc_hidden-lg vc_hidden-md\u00a0\u00bb][vc_column_text]\n<h4 style=\"text-align: center; color: #0070b9;\">Pack AAC Traditionnel<\/h4>\n[\/vc_column_text][vc_column_text]\n<ul>\n<li>Frais de dossier<\/li>\n<li>Livre de code<\/li>\n<li>Code en salle (1 an)<\/li>\n<li>Acc\u00e8s Pack web (e-learning) (6 mois)<\/li>\n<li>Kit p\u00e9dagogique<\/li>\n<li style=\"color: #0070b9;\"><strong>20 le\u00e7ons de conduite sur bo\u00eete manuelle<\/strong><\/li>\n<li>1 RDV pr\u00e9alable de 2h avec la pr\u00e9sence des accompagnateurs<\/li>\n<li>2 RDV p\u00e9dagogiques d&rsquo;une heure en voiture avec la pr\u00e9sence des accompagnateurs<\/li>\n<li>1 accompagnement \u00e0 l&rsquo;examen de conduite<\/li>\n<\/ul>\n[\/vc_column_text][\/vc_column_inner][vc_column_inner column_padding=\u00a0\u00bbpadding-3-percent\u00a0\u00bb column_padding_position=\u00a0\u00bball\u00a0\u00bb background_color=\u00a0\u00bb#ffffff\u00a0\u00bb background_color_opacity=\u00a0\u00bb1&Prime; background_hover_color_opacity=\u00a0\u00bb1&Prime; column_shadow=\u00a0\u00bbsmall_depth\u00a0\u00bb column_border_radius=\u00a0\u00bb5px\u00a0\u00bb column_link_target=\u00a0\u00bb_self\u00a0\u00bb width=\u00a0\u00bb1\/2&Prime; tablet_width_inherit=\u00a0\u00bbdefault\u00a0\u00bb overlay_strength=\u00a0\u00bb0.3&Prime; column_border_width=\u00a0\u00bbnone\u00a0\u00bb column_border_style=\u00a0\u00bbsolid\u00a0\u00bb bg_image_animation=\u00a0\u00bbnone\u00a0\u00bb offset=\u00a0\u00bbvc_hidden-lg vc_hidden-md\u00a0\u00bb][vc_column_text]\n<h4 style=\"text-align: center; color: #0070b9;\">Pack AAC Bo\u00eete auto<\/h4>\n[\/vc_column_text][vc_column_text]\n<ul>\n<li>Frais de dossier<\/li>\n<li>Livre de code<\/li>\n<li>Code en salle (1 an)<\/li>\n<li>Acc\u00e8s Pack web (e-learning) (6 mois)<\/li>\n<li>Kit p\u00e9dagogique<\/li>\n<li style=\"color: #0070b9;\"><strong>13 le\u00e7ons de conduite sur bo\u00eete automatique<\/strong><\/li>\n<li>1 RDV pr\u00e9alable de 2h avec la pr\u00e9sence des accompagnateurs<\/li>\n<li>2 RDV p\u00e9dagogiques d&rsquo;une heure en voiture avec la pr\u00e9sence des accompagnateurs<\/li>\n<li>1 accompagnement \u00e0 l&rsquo;examen de conduite<\/li>\n<\/ul>\n[\/vc_column_text][\/vc_column_inner][\/vc_row_inner][vc_column_text css=\u00a0\u00bb.vc_custom_1584289975121{padding-top: 30px !important;padding-bottom: 20px !important;}\u00a0\u00bb]\n<h3 style=\"text-align: center; color: #009fe3;\"><i class=\"icon-normal fa fa-folder-open accent-color\"><\/i> Constitution du dossier<\/h3>\n[\/vc_column_text]<div class=\"nectar-fancy-ul\" data-list-icon=\"icon-salient-thin-line\" data-animation=\"true\" data-animation-delay=\"0\" data-color=\"accent-color\" data-spacing=\"default\" data-alignment=\"left\"> \n<ul>\n<li>4 photos d\u2019identit\u00e9 identiques num\u00e9riques \/ ANTS (avec lunettes si vous en portez)\u00a0;<\/li>\n<li>1 photocopie recto-verso de votre pi\u00e8ce d\u2019identit\u00e9 ou carte de s\u00e9jour\u00a0;<\/li>\n<li>1 justificatif (de moins de 3 mois)\u00a0;<\/li>\n<li>2 enveloppes A4 Lettre suivie\u00a0;<\/li>\n<li>JDC (de 18 \u00e0 25 ans)\u00a0;<\/li>\n<li>1 photocopie de l\u2019ASSR niveau 2 pour les personnes n\u00e9es apr\u00e8s le 31\/12\/1987\u00a0;<\/li>\n<li>Pour les mineurs\u00a0: photocopie de la pi\u00e8ce d\u2019identit\u00e9 des parents portant le m\u00eame nom.<\/li>\n<\/ul>\n <\/div>[vc_column_text css=\u00a0\u00bb.vc_custom_1584289983446{padding-top: 30px !important;padding-bottom: 20px !important;}\u00a0\u00bb]\n<h3 style=\"text-align: center; color: #009fe3;\"><i class=\"icon-normal fa fa-car accent-color\"><\/i> \u00c9valuation de d\u00e9part<\/h3>\n[\/vc_column_text][vc_column_text css=\u00a0\u00bb.vc_custom_1584289994306{padding-bottom: 20px !important;}\u00a0\u00bb]L&rsquo;\u00e9l\u00e8ve devra effectuer une \u00e9valuation de d\u00e9part avant la signature du contrat de formation.<\/p>\n<p>\u00ab <em>Le contrat pass\u00e9 entre le candidat et l\u2019\u00e9tablissement de la conduite doit pr\u00e9ciser le niveau du candidat avant d\u2019entrer en formation, notamment le nombre pr\u00e9visionnel d\u2019heures de formation<\/em> \u00bb (Art. R. 245-2 du Code de la route).[\/vc_column_text][\/vc_column][vc_column column_padding=\u00a0\u00bbpadding-2-percent\u00a0\u00bb column_padding_position=\u00a0\u00bball\u00a0\u00bb background_color_opacity=\u00a0\u00bb1&Prime; background_hover_color_opacity=\u00a0\u00bb1&Prime; column_link_target=\u00a0\u00bb_self\u00a0\u00bb column_shadow=\u00a0\u00bbnone\u00a0\u00bb column_border_radius=\u00a0\u00bbnone\u00a0\u00bb width=\u00a0\u00bb1\/3&Prime; tablet_width_inherit=\u00a0\u00bbdefault\u00a0\u00bb tablet_text_alignment=\u00a0\u00bbdefault\u00a0\u00bb phone_text_alignment=\u00a0\u00bbdefault\u00a0\u00bb overlay_strength=\u00a0\u00bb0.3&Prime; column_border_width=\u00a0\u00bbnone\u00a0\u00bb column_border_style=\u00a0\u00bbsolid\u00a0\u00bb bg_image_animation=\u00a0\u00bbnone\u00a0\u00bb][vc_column_text css=\u00a0\u00bb.vc_custom_1584289213635{padding-top: 30px !important;padding-bottom: 20px !important;}\u00a0\u00bb el_id=\u00a0\u00bbform-b\u00a0\u00bb]\n<h2 style=\"text-align: center; color: #009fe3;\">Contactez-nous<\/h2>\n[\/vc_column_text][vc_column_text]\n<p style=\"font-size: 11px; line-height: 14px; font-weight: 300;\">Vous avez une question sur nos formules? Prenez un rendez-vous t\u00e9l\u00e9phonique ou en agence.<\/p>\n[\/vc_column_text][vc_column_text]<iframe loading=\"lazy\" id=\"iniframe\" style=\"border-style: none; overflow: scroll;\" src=\"https:\/\/vroomvroom.fr\/meetings-booking?school_id=5246e3bd24a03900020012fc\" width=\"100%\" height=\"400px\" sandbox=\"allow-scripts allow-forms allow-same-origin\"><\/iframe>[\/vc_column_text][\/vc_column][\/vc_row]\n","protected":false},"excerpt":{"rendered":"<p>[vc_row type=\u00a0\u00bbfull_width_background\u00a0\u00bb full_screen_row_position=\u00a0\u00bbmiddle\u00a0\u00bb column_margin=\u00a0\u00bbdefault\u00a0\u00bb bg_color=\u00a0\u00bb#ecf0f1&Prime; scene_position=\u00a0\u00bbcenter\u00a0\u00bb text_color=\u00a0\u00bbdark\u00a0\u00bb text_align=\u00a0\u00bbleft\u00a0\u00bb bottom_padding=\u00a0\u00bb40&Prime; overlay_strength=\u00a0\u00bb0.3&Prime; shape_divider_position=\u00a0\u00bbbottom\u00a0\u00bb bg_image_animation=\u00a0\u00bbnone\u00a0\u00bb shape_type=\u00a0\u00bb\u00a0\u00bb][vc_column column_padding=\u00a0\u00bbpadding-2-percent\u00a0\u00bb column_padding_position=\u00a0\u00bball\u00a0\u00bb background_color_opacity=\u00a0\u00bb1&Prime; background_hover_color_opacity=\u00a0\u00bb1&Prime; column_link_target=\u00a0\u00bb_self\u00a0\u00bb column_shadow=\u00a0\u00bbnone\u00a0\u00bb column_border_radius=\u00a0\u00bbnone\u00a0\u00bb width=\u00a0\u00bb2\/3&Prime; tablet_width_inherit=\u00a0\u00bbdefault\u00a0\u00bb tablet_text_alignment=\u00a0\u00bbdefault\u00a0\u00bb phone_text_alignment=\u00a0\u00bbdefault\u00a0\u00bb overlay_strength=\u00a0\u00bb0.3&Prime; column_border_width=\u00a0\u00bbnone\u00a0\u00bb column_border_style=\u00a0\u00bbsolid\u00a0\u00bb bg_image_animation=\u00a0\u00bbnone\u00a0\u00bb][vc_column_text css=\u00a0\u00bb.vc_custom_1584290064282{padding-top: 30px&#8230;<\/p>\n","protected":false},"author":1,"featured_media":25,"parent":0,"menu_order":0,"comment_status":"closed","ping_status":"closed","template":"","meta":{"footnotes":""},"yoast_head":"<!-- This site is optimized with the Yoast SEO plugin v23.5 - https:\/\/yoast.com\/wordpress\/plugins\/seo\/ -->\n<title>Conduite accompagn\u00e9e - Auto-\u00e9cole Corneille Conduite<\/title>\n<meta name=\"description\" content=\"Passez le permis en conduite accompagn\u00e9e d\u00e8s 15 ans avec l&#039;Auto-\u00e9cole Corneille Conduite \u00e0 La Celle-Saint-Cloud. Infos et Tarifs\" \/>\n<meta name=\"robots\" content=\"noindex, follow, max-snippet:-1, max-image-preview:large, max-video-preview:-1\" \/>\n<meta property=\"og:locale\" content=\"fr_FR\" \/>\n<meta property=\"og:type\" content=\"article\" \/>\n<meta property=\"og:title\" content=\"Conduite accompagn\u00e9e - Auto-\u00e9cole Corneille Conduite\" \/>\n<meta property=\"og:description\" content=\"Passez le permis en conduite accompagn\u00e9e d\u00e8s 15 ans avec l&#039;Auto-\u00e9cole Corneille Conduite \u00e0 La Celle-Saint-Cloud. Infos et Tarifs\" \/>\n<meta property=\"og:url\" content=\"http:\/\/de-vv.com\/corneille\/conduite-accompagnee\/\" \/>\n<meta property=\"og:site_name\" content=\"Auto-\u00e9cole Corneille Conduite\" \/>\n<meta property=\"article:modified_time\" content=\"2023-12-17T15:20:33+00:00\" \/>\n<meta property=\"og:image\" content=\"http:\/\/de-vv.com\/corneille\/wp-content\/uploads\/2023\/12\/20210312_085634.jpg\" \/>\n\t<meta property=\"og:image:width\" content=\"1020\" \/>\n\t<meta property=\"og:image:height\" content=\"1020\" \/>\n\t<meta property=\"og:image:type\" content=\"image\/jpeg\" \/>\n<meta name=\"twitter:card\" content=\"summary_large_image\" \/>\n<meta name=\"twitter:label1\" content=\"Dur\u00e9e de lecture estim\u00e9e\" \/>\n\t<meta name=\"twitter:data1\" content=\"3 minutes\" \/>\n<script type=\"application\/ld+json\" class=\"yoast-schema-graph\">{\"@context\":\"https:\/\/schema.org\",\"@graph\":[{\"@type\":\"WebPage\",\"@id\":\"http:\/\/de-vv.com\/corneille\/conduite-accompagnee\/\",\"url\":\"http:\/\/de-vv.com\/corneille\/conduite-accompagnee\/\",\"name\":\"Conduite accompagn\u00e9e - Auto-\u00e9cole Corneille Conduite\",\"isPartOf\":{\"@id\":\"http:\/\/de-vv.com\/corneille\/#website\"},\"primaryImageOfPage\":{\"@id\":\"http:\/\/de-vv.com\/corneille\/conduite-accompagnee\/#primaryimage\"},\"image\":{\"@id\":\"http:\/\/de-vv.com\/corneille\/conduite-accompagnee\/#primaryimage\"},\"thumbnailUrl\":\"http:\/\/de-vv.com\/corneille\/wp-content\/uploads\/2023\/12\/20210312_085634.jpg\",\"datePublished\":\"2023-12-17T12:00:36+00:00\",\"dateModified\":\"2023-12-17T15:20:33+00:00\",\"description\":\"Passez le permis en conduite accompagn\u00e9e d\u00e8s 15 ans avec l'Auto-\u00e9cole Corneille Conduite \u00e0 La Celle-Saint-Cloud. Infos et Tarifs\",\"breadcrumb\":{\"@id\":\"http:\/\/de-vv.com\/corneille\/conduite-accompagnee\/#breadcrumb\"},\"inLanguage\":\"fr-FR\",\"potentialAction\":[{\"@type\":\"ReadAction\",\"target\":[\"http:\/\/de-vv.com\/corneille\/conduite-accompagnee\/\"]}]},{\"@type\":\"ImageObject\",\"inLanguage\":\"fr-FR\",\"@id\":\"http:\/\/de-vv.com\/corneille\/conduite-accompagnee\/#primaryimage\",\"url\":\"http:\/\/de-vv.com\/corneille\/wp-content\/uploads\/2023\/12\/20210312_085634.jpg\",\"contentUrl\":\"http:\/\/de-vv.com\/corneille\/wp-content\/uploads\/2023\/12\/20210312_085634.jpg\",\"width\":1020,\"height\":1020,\"caption\":\"Auto-\u00e9cole Corneille Conduite - La Celle-Saint-Cloud\"},{\"@type\":\"BreadcrumbList\",\"@id\":\"http:\/\/de-vv.com\/corneille\/conduite-accompagnee\/#breadcrumb\",\"itemListElement\":[{\"@type\":\"ListItem\",\"position\":1,\"name\":\"Accueil\",\"item\":\"http:\/\/de-vv.com\/corneille\/\"},{\"@type\":\"ListItem\",\"position\":2,\"name\":\"Conduite accompagn\u00e9e\"}]},{\"@type\":\"WebSite\",\"@id\":\"http:\/\/de-vv.com\/corneille\/#website\",\"url\":\"http:\/\/de-vv.com\/corneille\/\",\"name\":\"Auto-\u00e9cole Corneille Conduite\",\"description\":\"votre auto-\u00e9cole \u00e0 La Celle-Saint-Cloud\",\"potentialAction\":[{\"@type\":\"SearchAction\",\"target\":{\"@type\":\"EntryPoint\",\"urlTemplate\":\"http:\/\/de-vv.com\/corneille\/?s={search_term_string}\"},\"query-input\":{\"@type\":\"PropertyValueSpecification\",\"valueRequired\":true,\"valueName\":\"search_term_string\"}}],\"inLanguage\":\"fr-FR\"}]}<\/script>\n<!-- \/ Yoast SEO plugin. -->","yoast_head_json":{"title":"Conduite accompagn\u00e9e - Auto-\u00e9cole Corneille Conduite","description":"Passez le permis en conduite accompagn\u00e9e d\u00e8s 15 ans avec l'Auto-\u00e9cole Corneille Conduite \u00e0 La Celle-Saint-Cloud. Infos et Tarifs","robots":{"index":"noindex","follow":"follow","max-snippet":"max-snippet:-1","max-image-preview":"max-image-preview:large","max-video-preview":"max-video-preview:-1"},"og_locale":"fr_FR","og_type":"article","og_title":"Conduite accompagn\u00e9e - Auto-\u00e9cole Corneille Conduite","og_description":"Passez le permis en conduite accompagn\u00e9e d\u00e8s 15 ans avec l'Auto-\u00e9cole Corneille Conduite \u00e0 La Celle-Saint-Cloud. Infos et Tarifs","og_url":"http:\/\/de-vv.com\/corneille\/conduite-accompagnee\/","og_site_name":"Auto-\u00e9cole Corneille Conduite","article_modified_time":"2023-12-17T15:20:33+00:00","og_image":[{"width":1020,"height":1020,"url":"http:\/\/de-vv.com\/corneille\/wp-content\/uploads\/2023\/12\/20210312_085634.jpg","type":"image\/jpeg"}],"twitter_card":"summary_large_image","twitter_misc":{"Dur\u00e9e de lecture estim\u00e9e":"3 minutes"},"schema":{"@context":"https:\/\/schema.org","@graph":[{"@type":"WebPage","@id":"http:\/\/de-vv.com\/corneille\/conduite-accompagnee\/","url":"http:\/\/de-vv.com\/corneille\/conduite-accompagnee\/","name":"Conduite accompagn\u00e9e - Auto-\u00e9cole Corneille Conduite","isPartOf":{"@id":"http:\/\/de-vv.com\/corneille\/#website"},"primaryImageOfPage":{"@id":"http:\/\/de-vv.com\/corneille\/conduite-accompagnee\/#primaryimage"},"image":{"@id":"http:\/\/de-vv.com\/corneille\/conduite-accompagnee\/#primaryimage"},"thumbnailUrl":"http:\/\/de-vv.com\/corneille\/wp-content\/uploads\/2023\/12\/20210312_085634.jpg","datePublished":"2023-12-17T12:00:36+00:00","dateModified":"2023-12-17T15:20:33+00:00","description":"Passez le permis en conduite accompagn\u00e9e d\u00e8s 15 ans avec l'Auto-\u00e9cole Corneille Conduite \u00e0 La Celle-Saint-Cloud. Infos et Tarifs","breadcrumb":{"@id":"http:\/\/de-vv.com\/corneille\/conduite-accompagnee\/#breadcrumb"},"inLanguage":"fr-FR","potentialAction":[{"@type":"ReadAction","target":["http:\/\/de-vv.com\/corneille\/conduite-accompagnee\/"]}]},{"@type":"ImageObject","inLanguage":"fr-FR","@id":"http:\/\/de-vv.com\/corneille\/conduite-accompagnee\/#primaryimage","url":"http:\/\/de-vv.com\/corneille\/wp-content\/uploads\/2023\/12\/20210312_085634.jpg","contentUrl":"http:\/\/de-vv.com\/corneille\/wp-content\/uploads\/2023\/12\/20210312_085634.jpg","width":1020,"height":1020,"caption":"Auto-\u00e9cole Corneille Conduite - La Celle-Saint-Cloud"},{"@type":"BreadcrumbList","@id":"http:\/\/de-vv.com\/corneille\/conduite-accompagnee\/#breadcrumb","itemListElement":[{"@type":"ListItem","position":1,"name":"Accueil","item":"http:\/\/de-vv.com\/corneille\/"},{"@type":"ListItem","position":2,"name":"Conduite accompagn\u00e9e"}]},{"@type":"WebSite","@id":"http:\/\/de-vv.com\/corneille\/#website","url":"http:\/\/de-vv.com\/corneille\/","name":"Auto-\u00e9cole Corneille Conduite","description":"votre auto-\u00e9cole \u00e0 La Celle-Saint-Cloud","potentialAction":[{"@type":"SearchAction","target":{"@type":"EntryPoint","urlTemplate":"http:\/\/de-vv.com\/corneille\/?s={search_term_string}"},"query-input":{"@type":"PropertyValueSpecification","valueRequired":true,"valueName":"search_term_string"}}],"inLanguage":"fr-FR"}]}},"_links":{"self":[{"href":"http:\/\/de-vv.com\/corneille\/wp-json\/wp\/v2\/pages\/38"}],"collection":[{"href":"http:\/\/de-vv.com\/corneille\/wp-json\/wp\/v2\/pages"}],"about":[{"href":"http:\/\/de-vv.com\/corneille\/wp-json\/wp\/v2\/types\/page"}],"author":[{"embeddable":true,"href":"http:\/\/de-vv.com\/corneille\/wp-json\/wp\/v2\/users\/1"}],"replies":[{"embeddable":true,"href":"http:\/\/de-vv.com\/corneille\/wp-json\/wp\/v2\/comments?post=38"}],"version-history":[{"count":3,"href":"http:\/\/de-vv.com\/corneille\/wp-json\/wp\/v2\/pages\/38\/revisions"}],"predecessor-version":[{"id":63,"href":"http:\/\/de-vv.com\/corneille\/wp-json\/wp\/v2\/pages\/38\/revisions\/63"}],"wp:featuredmedia":[{"embeddable":true,"href":"http:\/\/de-vv.com\/corneille\/wp-json\/wp\/v2\/media\/25"}],"wp:attachment":[{"href":"http:\/\/de-vv.com\/corneille\/wp-json\/wp\/v2\/media?parent=38"}],"curies":[{"name":"wp","href":"https:\/\/api.w.org\/{rel}","templated":true}]}}