{"id":40,"date":"2023-12-17T13:01:08","date_gmt":"2023-12-17T12:01:08","guid":{"rendered":"http:\/\/de-vv.com\/corneille\/?page_id=40"},"modified":"2023-12-17T13:14:14","modified_gmt":"2023-12-17T12:14:14","slug":"formation-post-permis","status":"publish","type":"page","link":"http:\/\/de-vv.com\/corneille\/formation-post-permis\/","title":{"rendered":"Formation post-permis"},"content":{"rendered":"[vc_row type=\u00a0\u00bbfull_width_background\u00a0\u00bb full_screen_row_position=\u00a0\u00bbmiddle\u00a0\u00bb column_margin=\u00a0\u00bbdefault\u00a0\u00bb bg_color=\u00a0\u00bb#ecf0f1&Prime; scene_position=\u00a0\u00bbcenter\u00a0\u00bb text_color=\u00a0\u00bbdark\u00a0\u00bb text_align=\u00a0\u00bbleft\u00a0\u00bb bottom_padding=\u00a0\u00bb40&Prime; overlay_strength=\u00a0\u00bb0.3&Prime; shape_divider_position=\u00a0\u00bbbottom\u00a0\u00bb bg_image_animation=\u00a0\u00bbnone\u00a0\u00bb shape_type=\u00a0\u00bb\u00a0\u00bb][vc_column column_padding=\u00a0\u00bbpadding-2-percent\u00a0\u00bb column_padding_position=\u00a0\u00bball\u00a0\u00bb background_color_opacity=\u00a0\u00bb1&Prime; background_hover_color_opacity=\u00a0\u00bb1&Prime; column_link_target=\u00a0\u00bb_self\u00a0\u00bb column_shadow=\u00a0\u00bbnone\u00a0\u00bb column_border_radius=\u00a0\u00bbnone\u00a0\u00bb width=\u00a0\u00bb2\/3&Prime; tablet_width_inherit=\u00a0\u00bbdefault\u00a0\u00bb tablet_text_alignment=\u00a0\u00bbdefault\u00a0\u00bb phone_text_alignment=\u00a0\u00bbdefault\u00a0\u00bb overlay_strength=\u00a0\u00bb0.3&Prime; column_border_width=\u00a0\u00bbnone\u00a0\u00bb column_border_style=\u00a0\u00bbsolid\u00a0\u00bb bg_image_animation=\u00a0\u00bbnone\u00a0\u00bb][vc_column_text css=\u00a0\u00bb.vc_custom_1584293822623{padding-top: 30px !important;padding-bottom: 20px !important;}\u00a0\u00bb]\n<h2 style=\"text-align: center; color: #009fe3;\">Formation post-permis<\/h2>\n[\/vc_column_text][vc_column_text css=\u00a0\u00bb.vc_custom_1584109588532{padding-top: 30px !important;padding-bottom: 20px !important;}\u00a0\u00bb]\n<p style=\"text-align: center;\">\u26a0\ufe0f La formation post-permis n&rsquo;est pas encore disponible dans notre auto-\u00e9cole. En attendant, pour tout savoir au sujet de cette formation, vous pouvez consulter notre fiche pratique.<\/p>\n[\/vc_column_text][vc_row_inner column_margin=\u00a0\u00bbdefault\u00a0\u00bb text_align=\u00a0\u00bbleft\u00a0\u00bb][vc_column_inner column_padding=\u00a0\u00bbno-extra-padding\u00a0\u00bb column_padding_position=\u00a0\u00bball\u00a0\u00bb centered_text=\u00a0\u00bbtrue\u00a0\u00bb background_color_opacity=\u00a0\u00bb1&Prime; background_hover_color_opacity=\u00a0\u00bb1&Prime; column_shadow=\u00a0\u00bbnone\u00a0\u00bb column_border_radius=\u00a0\u00bbnone\u00a0\u00bb column_link_target=\u00a0\u00bb_self\u00a0\u00bb width=\u00a0\u00bb1\/1&Prime; tablet_width_inherit=\u00a0\u00bbdefault\u00a0\u00bb overlay_strength=\u00a0\u00bb0.3&Prime; column_border_width=\u00a0\u00bbnone\u00a0\u00bb column_border_style=\u00a0\u00bbsolid\u00a0\u00bb bg_image_animation=\u00a0\u00bbnone\u00a0\u00bb][nectar_btn size=\u00a0\u00bbmedium\u00a0\u00bb open_new_tab=\u00a0\u00bbtrue\u00a0\u00bb button_style=\u00a0\u00bbregular\u00a0\u00bb button_color_2=\u00a0\u00bbAccent-Color\u00a0\u00bb icon_family=\u00a0\u00bbdefault_arrow\u00a0\u00bb url=\u00a0\u00bbhttp:\/\/www.auto-ecole-marlygare.com\/wp-content\/uploads\/2020\/03\/1.5-Formation-post-permis.pdf\u00a0\u00bb text=\u00a0\u00bbT\u00e9l\u00e9charger\u00a0\u00bb][\/vc_column_inner][\/vc_row_inner][\/vc_column][vc_column column_padding=\u00a0\u00bbpadding-2-percent\u00a0\u00bb column_padding_position=\u00a0\u00bball\u00a0\u00bb background_color_opacity=\u00a0\u00bb1&Prime; background_hover_color_opacity=\u00a0\u00bb1&Prime; column_link_target=\u00a0\u00bb_self\u00a0\u00bb column_shadow=\u00a0\u00bbnone\u00a0\u00bb column_border_radius=\u00a0\u00bbnone\u00a0\u00bb width=\u00a0\u00bb1\/3&Prime; tablet_width_inherit=\u00a0\u00bbdefault\u00a0\u00bb tablet_text_alignment=\u00a0\u00bbdefault\u00a0\u00bb phone_text_alignment=\u00a0\u00bbdefault\u00a0\u00bb overlay_strength=\u00a0\u00bb0.3&Prime; column_border_width=\u00a0\u00bbnone\u00a0\u00bb column_border_style=\u00a0\u00bbsolid\u00a0\u00bb bg_image_animation=\u00a0\u00bbnone\u00a0\u00bb][vc_column_text css=\u00a0\u00bb.vc_custom_1584293829474{padding-top: 30px !important;padding-bottom: 20px !important;}\u00a0\u00bb el_id=\u00a0\u00bbform-b\u00a0\u00bb]\n<h2 style=\"text-align: center; color: #009fe3;\">Contactez-nous<\/h2>\n[\/vc_column_text][vc_column_text css=\u00a0\u00bb.vc_custom_1605210474664{padding-top: 30px !important;padding-bottom: 20px !important;}\u00a0\u00bb]\n<p style=\"font-size: 11 px; line-height: 13px; font-weight: 300;\">Vous avez une question sur nos formules? Prenez un rendez-vous t\u00e9l\u00e9phonique ou en agence.<\/p>\n[\/vc_column_text][vc_column_text]<iframe loading=\"lazy\" id=\"iniframe\" style=\"border-style: none; overflow: scroll;\" src=\"https:\/\/vroomvroom.fr\/meetings-booking?school_id=5246e3bd24a03900020012fc\" width=\"100%\" height=\"400px\" sandbox=\"allow-scripts allow-forms allow-same-origin\"><\/iframe>[\/vc_column_text][\/vc_column][\/vc_row]\n","protected":false},"excerpt":{"rendered":"<p>[vc_row type=\u00a0\u00bbfull_width_background\u00a0\u00bb full_screen_row_position=\u00a0\u00bbmiddle\u00a0\u00bb column_margin=\u00a0\u00bbdefault\u00a0\u00bb bg_color=\u00a0\u00bb#ecf0f1&Prime; scene_position=\u00a0\u00bbcenter\u00a0\u00bb text_color=\u00a0\u00bbdark\u00a0\u00bb text_align=\u00a0\u00bbleft\u00a0\u00bb bottom_padding=\u00a0\u00bb40&Prime; overlay_strength=\u00a0\u00bb0.3&Prime; shape_divider_position=\u00a0\u00bbbottom\u00a0\u00bb bg_image_animation=\u00a0\u00bbnone\u00a0\u00bb shape_type=\u00a0\u00bb\u00a0\u00bb][vc_column column_padding=\u00a0\u00bbpadding-2-percent\u00a0\u00bb column_padding_position=\u00a0\u00bball\u00a0\u00bb background_color_opacity=\u00a0\u00bb1&Prime; background_hover_color_opacity=\u00a0\u00bb1&Prime; column_link_target=\u00a0\u00bb_self\u00a0\u00bb column_shadow=\u00a0\u00bbnone\u00a0\u00bb column_border_radius=\u00a0\u00bbnone\u00a0\u00bb width=\u00a0\u00bb2\/3&Prime; tablet_width_inherit=\u00a0\u00bbdefault\u00a0\u00bb tablet_text_alignment=\u00a0\u00bbdefault\u00a0\u00bb phone_text_alignment=\u00a0\u00bbdefault\u00a0\u00bb overlay_strength=\u00a0\u00bb0.3&Prime; column_border_width=\u00a0\u00bbnone\u00a0\u00bb column_border_style=\u00a0\u00bbsolid\u00a0\u00bb bg_image_animation=\u00a0\u00bbnone\u00a0\u00bb][vc_column_text css=\u00a0\u00bb.vc_custom_1584293822623{padding-top: 30px&#8230;<\/p>\n","protected":false},"author":1,"featured_media":21,"parent":0,"menu_order":0,"comment_status":"closed","ping_status":"closed","template":"","meta":{"footnotes":""},"yoast_head":"<!-- This site is optimized with the Yoast SEO plugin v23.5 - https:\/\/yoast.com\/wordpress\/plugins\/seo\/ -->\n<title>Formation post-permis - Auto-\u00e9cole Corneille Conduite<\/title>\n<meta name=\"description\" content=\"L&#039;auto-\u00e9cole Corneille Conduite vous propose d&#039;effectuer votre formation post-permis \u00e0 La Celle-Saint-Cloud. Informations et tarifs.\" \/>\n<meta name=\"robots\" content=\"noindex, follow, max-snippet:-1, max-image-preview:large, max-video-preview:-1\" \/>\n<meta property=\"og:locale\" content=\"fr_FR\" \/>\n<meta property=\"og:type\" content=\"article\" \/>\n<meta property=\"og:title\" content=\"Formation post-permis - Auto-\u00e9cole Corneille Conduite\" \/>\n<meta property=\"og:description\" content=\"L&#039;auto-\u00e9cole Corneille Conduite vous propose d&#039;effectuer votre formation post-permis \u00e0 La Celle-Saint-Cloud. Informations et tarifs.\" \/>\n<meta property=\"og:url\" content=\"http:\/\/de-vv.com\/corneille\/formation-post-permis\/\" \/>\n<meta property=\"og:site_name\" content=\"Auto-\u00e9cole Corneille Conduite\" \/>\n<meta property=\"article:modified_time\" content=\"2023-12-17T12:14:14+00:00\" \/>\n<meta property=\"og:image\" content=\"http:\/\/de-vv.com\/corneille\/wp-content\/uploads\/2023\/12\/Logo-b-1-2.png\" \/>\n\t<meta property=\"og:image:width\" content=\"2000\" \/>\n\t<meta property=\"og:image:height\" content=\"2000\" \/>\n\t<meta property=\"og:image:type\" content=\"image\/png\" \/>\n<meta name=\"twitter:card\" content=\"summary_large_image\" \/>\n<meta name=\"twitter:label1\" content=\"Dur\u00e9e de lecture estim\u00e9e\" \/>\n\t<meta name=\"twitter:data1\" content=\"1 minute\" \/>\n<script type=\"application\/ld+json\" class=\"yoast-schema-graph\">{\"@context\":\"https:\/\/schema.org\",\"@graph\":[{\"@type\":\"WebPage\",\"@id\":\"http:\/\/de-vv.com\/corneille\/formation-post-permis\/\",\"url\":\"http:\/\/de-vv.com\/corneille\/formation-post-permis\/\",\"name\":\"Formation post-permis - Auto-\u00e9cole Corneille Conduite\",\"isPartOf\":{\"@id\":\"http:\/\/de-vv.com\/corneille\/#website\"},\"primaryImageOfPage\":{\"@id\":\"http:\/\/de-vv.com\/corneille\/formation-post-permis\/#primaryimage\"},\"image\":{\"@id\":\"http:\/\/de-vv.com\/corneille\/formation-post-permis\/#primaryimage\"},\"thumbnailUrl\":\"http:\/\/de-vv.com\/corneille\/wp-content\/uploads\/2023\/12\/Logo-b-1-2.png\",\"datePublished\":\"2023-12-17T12:01:08+00:00\",\"dateModified\":\"2023-12-17T12:14:14+00:00\",\"description\":\"L'auto-\u00e9cole Corneille Conduite vous propose d'effectuer votre formation post-permis \u00e0 La Celle-Saint-Cloud. Informations et tarifs.\",\"breadcrumb\":{\"@id\":\"http:\/\/de-vv.com\/corneille\/formation-post-permis\/#breadcrumb\"},\"inLanguage\":\"fr-FR\",\"potentialAction\":[{\"@type\":\"ReadAction\",\"target\":[\"http:\/\/de-vv.com\/corneille\/formation-post-permis\/\"]}]},{\"@type\":\"ImageObject\",\"inLanguage\":\"fr-FR\",\"@id\":\"http:\/\/de-vv.com\/corneille\/formation-post-permis\/#primaryimage\",\"url\":\"http:\/\/de-vv.com\/corneille\/wp-content\/uploads\/2023\/12\/Logo-b-1-2.png\",\"contentUrl\":\"http:\/\/de-vv.com\/corneille\/wp-content\/uploads\/2023\/12\/Logo-b-1-2.png\",\"width\":2000,\"height\":2000,\"caption\":\"Logo auto-\u00e9cole Corneille Conduite\"},{\"@type\":\"BreadcrumbList\",\"@id\":\"http:\/\/de-vv.com\/corneille\/formation-post-permis\/#breadcrumb\",\"itemListElement\":[{\"@type\":\"ListItem\",\"position\":1,\"name\":\"Accueil\",\"item\":\"http:\/\/de-vv.com\/corneille\/\"},{\"@type\":\"ListItem\",\"position\":2,\"name\":\"Formation post-permis\"}]},{\"@type\":\"WebSite\",\"@id\":\"http:\/\/de-vv.com\/corneille\/#website\",\"url\":\"http:\/\/de-vv.com\/corneille\/\",\"name\":\"Auto-\u00e9cole Corneille Conduite\",\"description\":\"votre auto-\u00e9cole \u00e0 La Celle-Saint-Cloud\",\"potentialAction\":[{\"@type\":\"SearchAction\",\"target\":{\"@type\":\"EntryPoint\",\"urlTemplate\":\"http:\/\/de-vv.com\/corneille\/?s={search_term_string}\"},\"query-input\":{\"@type\":\"PropertyValueSpecification\",\"valueRequired\":true,\"valueName\":\"search_term_string\"}}],\"inLanguage\":\"fr-FR\"}]}<\/script>\n<!-- \/ Yoast SEO plugin. -->","yoast_head_json":{"title":"Formation post-permis - Auto-\u00e9cole Corneille Conduite","description":"L'auto-\u00e9cole Corneille Conduite vous propose d'effectuer votre formation post-permis \u00e0 La Celle-Saint-Cloud. Informations et tarifs.","robots":{"index":"noindex","follow":"follow","max-snippet":"max-snippet:-1","max-image-preview":"max-image-preview:large","max-video-preview":"max-video-preview:-1"},"og_locale":"fr_FR","og_type":"article","og_title":"Formation post-permis - Auto-\u00e9cole Corneille Conduite","og_description":"L'auto-\u00e9cole Corneille Conduite vous propose d'effectuer votre formation post-permis \u00e0 La Celle-Saint-Cloud. Informations et tarifs.","og_url":"http:\/\/de-vv.com\/corneille\/formation-post-permis\/","og_site_name":"Auto-\u00e9cole Corneille Conduite","article_modified_time":"2023-12-17T12:14:14+00:00","og_image":[{"width":2000,"height":2000,"url":"http:\/\/de-vv.com\/corneille\/wp-content\/uploads\/2023\/12\/Logo-b-1-2.png","type":"image\/png"}],"twitter_card":"summary_large_image","twitter_misc":{"Dur\u00e9e de lecture estim\u00e9e":"1 minute"},"schema":{"@context":"https:\/\/schema.org","@graph":[{"@type":"WebPage","@id":"http:\/\/de-vv.com\/corneille\/formation-post-permis\/","url":"http:\/\/de-vv.com\/corneille\/formation-post-permis\/","name":"Formation post-permis - Auto-\u00e9cole Corneille Conduite","isPartOf":{"@id":"http:\/\/de-vv.com\/corneille\/#website"},"primaryImageOfPage":{"@id":"http:\/\/de-vv.com\/corneille\/formation-post-permis\/#primaryimage"},"image":{"@id":"http:\/\/de-vv.com\/corneille\/formation-post-permis\/#primaryimage"},"thumbnailUrl":"http:\/\/de-vv.com\/corneille\/wp-content\/uploads\/2023\/12\/Logo-b-1-2.png","datePublished":"2023-12-17T12:01:08+00:00","dateModified":"2023-12-17T12:14:14+00:00","description":"L'auto-\u00e9cole Corneille Conduite vous propose d'effectuer votre formation post-permis \u00e0 La Celle-Saint-Cloud. Informations et tarifs.","breadcrumb":{"@id":"http:\/\/de-vv.com\/corneille\/formation-post-permis\/#breadcrumb"},"inLanguage":"fr-FR","potentialAction":[{"@type":"ReadAction","target":["http:\/\/de-vv.com\/corneille\/formation-post-permis\/"]}]},{"@type":"ImageObject","inLanguage":"fr-FR","@id":"http:\/\/de-vv.com\/corneille\/formation-post-permis\/#primaryimage","url":"http:\/\/de-vv.com\/corneille\/wp-content\/uploads\/2023\/12\/Logo-b-1-2.png","contentUrl":"http:\/\/de-vv.com\/corneille\/wp-content\/uploads\/2023\/12\/Logo-b-1-2.png","width":2000,"height":2000,"caption":"Logo auto-\u00e9cole Corneille Conduite"},{"@type":"BreadcrumbList","@id":"http:\/\/de-vv.com\/corneille\/formation-post-permis\/#breadcrumb","itemListElement":[{"@type":"ListItem","position":1,"name":"Accueil","item":"http:\/\/de-vv.com\/corneille\/"},{"@type":"ListItem","position":2,"name":"Formation post-permis"}]},{"@type":"WebSite","@id":"http:\/\/de-vv.com\/corneille\/#website","url":"http:\/\/de-vv.com\/corneille\/","name":"Auto-\u00e9cole Corneille Conduite","description":"votre auto-\u00e9cole \u00e0 La Celle-Saint-Cloud","potentialAction":[{"@type":"SearchAction","target":{"@type":"EntryPoint","urlTemplate":"http:\/\/de-vv.com\/corneille\/?s={search_term_string}"},"query-input":{"@type":"PropertyValueSpecification","valueRequired":true,"valueName":"search_term_string"}}],"inLanguage":"fr-FR"}]}},"_links":{"self":[{"href":"http:\/\/de-vv.com\/corneille\/wp-json\/wp\/v2\/pages\/40"}],"collection":[{"href":"http:\/\/de-vv.com\/corneille\/wp-json\/wp\/v2\/pages"}],"about":[{"href":"http:\/\/de-vv.com\/corneille\/wp-json\/wp\/v2\/types\/page"}],"author":[{"embeddable":true,"href":"http:\/\/de-vv.com\/corneille\/wp-json\/wp\/v2\/users\/1"}],"replies":[{"embeddable":true,"href":"http:\/\/de-vv.com\/corneille\/wp-json\/wp\/v2\/comments?post=40"}],"version-history":[{"count":2,"href":"http:\/\/de-vv.com\/corneille\/wp-json\/wp\/v2\/pages\/40\/revisions"}],"predecessor-version":[{"id":51,"href":"http:\/\/de-vv.com\/corneille\/wp-json\/wp\/v2\/pages\/40\/revisions\/51"}],"wp:featuredmedia":[{"embeddable":true,"href":"http:\/\/de-vv.com\/corneille\/wp-json\/wp\/v2\/media\/21"}],"wp:attachment":[{"href":"http:\/\/de-vv.com\/corneille\/wp-json\/wp\/v2\/media?parent=40"}],"curies":[{"name":"wp","href":"https:\/\/api.w.org\/{rel}","templated":true}]}}