{"id":38,"date":"2024-06-22T08:30:22","date_gmt":"2024-06-22T06:30:22","guid":{"rendered":"http:\/\/de-vv.com\/croissy\/?page_id=38"},"modified":"2024-09-29T13:26:54","modified_gmt":"2024-09-29T11:26:54","slug":"documents-a-fournir","status":"publish","type":"page","link":"http:\/\/de-vv.com\/croissy\/documents-a-fournir\/","title":{"rendered":"Documents \u00e0 fournir"},"content":{"rendered":"[vc_row type=\u00a0\u00bbfull_width_content\u00a0\u00bb full_screen_row_position=\u00a0\u00bbmiddle\u00a0\u00bb equal_height=\u00a0\u00bbyes\u00a0\u00bb column_margin=\u00a0\u00bbnone\u00a0\u00bb scene_position=\u00a0\u00bbcenter\u00a0\u00bb text_color=\u00a0\u00bbdark\u00a0\u00bb text_align=\u00a0\u00bbleft\u00a0\u00bb class=\u00a0\u00bbmargin-form\u00a0\u00bb overlay_strength=\u00a0\u00bb0.3&Prime; shape_divider_position=\u00a0\u00bbbottom\u00a0\u00bb bg_image_animation=\u00a0\u00bbnone\u00a0\u00bb shape_type=\u00a0\u00bb\u00a0\u00bb][vc_column column_padding=\u00a0\u00bbpadding-4-percent\u00a0\u00bb column_padding_position=\u00a0\u00bball\u00a0\u00bb background_color_opacity=\u00a0\u00bb1&Prime; background_hover_color_opacity=\u00a0\u00bb1&Prime; font_color=\u00a0\u00bb#040404&Prime; column_link_target=\u00a0\u00bb_self\u00a0\u00bb column_shadow=\u00a0\u00bbnone\u00a0\u00bb column_border_radius=\u00a0\u00bbnone\u00a0\u00bb width=\u00a0\u00bb2\/3&Prime; tablet_width_inherit=\u00a0\u00bbdefault\u00a0\u00bb tablet_text_alignment=\u00a0\u00bbdefault\u00a0\u00bb phone_text_alignment=\u00a0\u00bbdefault\u00a0\u00bb overlay_strength=\u00a0\u00bb0.3&Prime; column_border_width=\u00a0\u00bbnone\u00a0\u00bb column_border_style=\u00a0\u00bbsolid\u00a0\u00bb bg_image_animation=\u00a0\u00bbnone\u00a0\u00bb][vc_column_text css=\u00a0\u00bb.vc_custom_1727599092565{padding-bottom: 20px !important;}\u00a0\u00bb]\n<h1 style=\"color: #53af39;\">Documents \u00e0 fournir<\/h1>\n<p>Retrouvez ci-dessous la liste des documents \u00e0 nous fournir \u00e0 l\u2019inscription. Ces documents sont n\u00e9cessaires pour la constitution de votre dossier et son <a href=\"https:\/\/permisdeconduire.ants.gouv.fr\/\" target=\"_blank\" rel=\"noopener\">enregistrement aupr\u00e8s de l\u2019ANTS<\/a>.[\/vc_column_text]<div class=\"nectar-fancy-ul\" data-list-icon=\"icon-salient-thin-line\" data-animation=\"false\" data-animation-delay=\"0\" data-color=\"accent-color\" data-spacing=\"default\" data-alignment=\"left\"> \n<ul>\n<li>Photocopie recto verso de la carte d&rsquo;identit\u00e9 ou de la carte de s\u00e9jour et du permis si vous en poss\u00e9dez un.<\/li>\n<li>Photocopie recto\/verso de la carte d&rsquo;identit\u00e9 des parents pour les \u00e9l\u00e8ves mineurs et ou \u00e9tranger.<\/li>\n<li>1 photo d\u2019identit\u00e9 num\u00e9rique avec signature \u00e9lectronique.<\/li>\n<li>4 enveloppes format A4 affranchies.<\/li>\n<li>Photocopie de l\u2019attestation de recensement (de 16 \u00e0 17 ans) ou du certificat de participation \u00e0 la d\u00e9fense (de 17 \u00e0 25 ans)<\/li>\n<li>Photocopie de l\u2019ASSR de 2\u00e8me niveau pour les personnes n\u00e9es \u00e0 partir du 01\/01\/1988.<\/li>\n<li>1 justificatif de domicile de moins de trois mois + attestation d\u2018h\u00e9bergement.<\/li>\n<li>Photocopie de la pi\u00e8ce d&rsquo;identit\u00e9 de l&rsquo;h\u00e9bergeur<\/li>\n<\/ul>\n <\/div>[\/vc_column][vc_column column_padding=\u00a0\u00bbpadding-4-percent\u00a0\u00bb column_padding_position=\u00a0\u00bball\u00a0\u00bb background_color_opacity=\u00a0\u00bb1&Prime; background_hover_color_opacity=\u00a0\u00bb1&Prime; background_image=\u00a0\u00bb63&Prime; enable_bg_scale=\u00a0\u00bbtrue\u00a0\u00bb column_link_target=\u00a0\u00bb_self\u00a0\u00bb column_shadow=\u00a0\u00bbnone\u00a0\u00bb column_border_radius=\u00a0\u00bbnone\u00a0\u00bb width=\u00a0\u00bb1\/3&Prime; tablet_width_inherit=\u00a0\u00bbdefault\u00a0\u00bb tablet_text_alignment=\u00a0\u00bbdefault\u00a0\u00bb phone_text_alignment=\u00a0\u00bbdefault\u00a0\u00bb color_overlay=\u00a0\u00bb#000000&Prime; overlay_strength=\u00a0\u00bb0.5&Prime; column_border_width=\u00a0\u00bbnone\u00a0\u00bb column_border_style=\u00a0\u00bbsolid\u00a0\u00bb bg_image_animation=\u00a0\u00bbnone\u00a0\u00bb][vc_row_inner column_margin=\u00a0\u00bbdefault\u00a0\u00bb bottom_padding=\u00a0\u00bb12&Prime; text_align=\u00a0\u00bbleft\u00a0\u00bb][vc_column_inner column_padding=\u00a0\u00bbno-extra-padding\u00a0\u00bb column_padding_position=\u00a0\u00bball\u00a0\u00bb background_color_opacity=\u00a0\u00bb1&Prime; background_hover_color_opacity=\u00a0\u00bb1&Prime; font_color=\u00a0\u00bb#ffffff\u00a0\u00bb column_shadow=\u00a0\u00bbnone\u00a0\u00bb column_border_radius=\u00a0\u00bbnone\u00a0\u00bb column_link_target=\u00a0\u00bb_self\u00a0\u00bb width=\u00a0\u00bb1\/1&Prime; tablet_width_inherit=\u00a0\u00bbdefault\u00a0\u00bb overlay_strength=\u00a0\u00bb0.3&Prime; column_border_width=\u00a0\u00bbnone\u00a0\u00bb column_border_style=\u00a0\u00bbsolid\u00a0\u00bb bg_image_animation=\u00a0\u00bbnone\u00a0\u00bb][vc_column_text css=\u00a0\u00bb.vc_custom_1727596526735{padding-bottom: 12px !important;}\u00a0\u00bb]\n<h4><i class=\"fa fa-map-signs\" style=\"color: #53af39;\"><\/i> O\u00f9 sommes-nous ?<\/h4>\n<p>Venez nous rencontrer dans notre agence de Croissy :<br \/>\n7 rue des Ponts<br \/>\n78290 Croissy-sur-Seine[\/vc_column_text][\/vc_column_inner][\/vc_row_inner][vc_row_inner column_margin=\u00a0\u00bbdefault\u00a0\u00bb bottom_padding=\u00a0\u00bb12&Prime; text_align=\u00a0\u00bbleft\u00a0\u00bb][vc_column_inner column_padding=\u00a0\u00bbno-extra-padding\u00a0\u00bb column_padding_position=\u00a0\u00bball\u00a0\u00bb background_color_opacity=\u00a0\u00bb1&Prime; background_hover_color_opacity=\u00a0\u00bb1&Prime; font_color=\u00a0\u00bb#ffffff\u00a0\u00bb column_shadow=\u00a0\u00bbnone\u00a0\u00bb column_border_radius=\u00a0\u00bbnone\u00a0\u00bb bottom_margin=\u00a0\u00bb30&Prime; column_link_target=\u00a0\u00bb_self\u00a0\u00bb width=\u00a0\u00bb1\/1&Prime; tablet_width_inherit=\u00a0\u00bbdefault\u00a0\u00bb overlay_strength=\u00a0\u00bb0.3&Prime; column_border_width=\u00a0\u00bbnone\u00a0\u00bb column_border_style=\u00a0\u00bbsolid\u00a0\u00bb bg_image_animation=\u00a0\u00bbnone\u00a0\u00bb][vc_column_text]\n<h4><i class=\"fa fa-comments\" style=\"color: #53af39;\"><\/i> Nos coordonn\u00e9es<\/h4>\n<p><a href=\"tel:01.39.76.33.38\">01 39 76 33 38<\/a><br \/>\n<a href=\"mailto:contact@auto-ecole-croissy.fr\">Envoyer un mail<\/a>[\/vc_column_text][\/vc_column_inner][\/vc_row_inner][vc_row_inner column_margin=\u00a0\u00bbdefault\u00a0\u00bb text_align=\u00a0\u00bbleft\u00a0\u00bb][vc_column_inner column_padding=\u00a0\u00bbno-extra-padding\u00a0\u00bb column_padding_position=\u00a0\u00bball\u00a0\u00bb background_color_opacity=\u00a0\u00bb1&Prime; background_hover_color_opacity=\u00a0\u00bb1&Prime; font_color=\u00a0\u00bb#ffffff\u00a0\u00bb column_shadow=\u00a0\u00bbnone\u00a0\u00bb column_border_radius=\u00a0\u00bbnone\u00a0\u00bb column_link_target=\u00a0\u00bb_self\u00a0\u00bb width=\u00a0\u00bb1\/1&Prime; tablet_width_inherit=\u00a0\u00bbdefault\u00a0\u00bb overlay_strength=\u00a0\u00bb0.3&Prime; column_border_width=\u00a0\u00bbnone\u00a0\u00bb column_border_style=\u00a0\u00bbsolid\u00a0\u00bb bg_image_animation=\u00a0\u00bbnone\u00a0\u00bb][vc_column_text]\n<h4><i class=\"fa fa-clock\" style=\"color: #53af39;\"><\/i> Nos horaires<\/h4>\n<p>Notre agence est ouverte :<br \/>\n&#8211; Du mardi au vendredi de 11h \u00e0 14h et de 15h \u00e0 19h<br \/>\n&#8211; Le samedi de 10h \u00e0 13h et de 15h \u00e0 18h[\/vc_column_text][\/vc_column_inner][\/vc_row_inner][\/vc_column][\/vc_row]\n","protected":false},"excerpt":{"rendered":"<p>[vc_row type=\u00a0\u00bbfull_width_content\u00a0\u00bb full_screen_row_position=\u00a0\u00bbmiddle\u00a0\u00bb equal_height=\u00a0\u00bbyes\u00a0\u00bb column_margin=\u00a0\u00bbnone\u00a0\u00bb scene_position=\u00a0\u00bbcenter\u00a0\u00bb text_color=\u00a0\u00bbdark\u00a0\u00bb text_align=\u00a0\u00bbleft\u00a0\u00bb class=\u00a0\u00bbmargin-form\u00a0\u00bb overlay_strength=\u00a0\u00bb0.3&Prime; shape_divider_position=\u00a0\u00bbbottom\u00a0\u00bb bg_image_animation=\u00a0\u00bbnone\u00a0\u00bb shape_type=\u00a0\u00bb\u00a0\u00bb][vc_column column_padding=\u00a0\u00bbpadding-4-percent\u00a0\u00bb column_padding_position=\u00a0\u00bball\u00a0\u00bb background_color_opacity=\u00a0\u00bb1&Prime; background_hover_color_opacity=\u00a0\u00bb1&Prime; font_color=\u00a0\u00bb#040404&Prime; column_link_target=\u00a0\u00bb_self\u00a0\u00bb column_shadow=\u00a0\u00bbnone\u00a0\u00bb column_border_radius=\u00a0\u00bbnone\u00a0\u00bb width=\u00a0\u00bb2\/3&Prime; tablet_width_inherit=\u00a0\u00bbdefault\u00a0\u00bb tablet_text_alignment=\u00a0\u00bbdefault\u00a0\u00bb phone_text_alignment=\u00a0\u00bbdefault\u00a0\u00bb overlay_strength=\u00a0\u00bb0.3&Prime; column_border_width=\u00a0\u00bbnone\u00a0\u00bb column_border_style=\u00a0\u00bbsolid\u00a0\u00bb bg_image_animation=\u00a0\u00bbnone\u00a0\u00bb][vc_column_text css=\u00a0\u00bb.vc_custom_1727599092565{padding-bottom:&#8230;<\/p>\n","protected":false},"author":1,"featured_media":87,"parent":0,"menu_order":0,"comment_status":"closed","ping_status":"closed","template":"","meta":{"footnotes":""},"class_list":["post-38","page","type-page","status-publish","has-post-thumbnail"],"yoast_head":"<!-- This site is optimized with the Yoast SEO plugin v25.6 - https:\/\/yoast.com\/wordpress\/plugins\/seo\/ -->\n<title>Documents \u00e0 fournir pour l&#039;inscription au permis - Auto-\u00e9cole Croissy Centre<\/title>\n<meta name=\"description\" content=\"Retrouvez la liste des documents \u00e0 nous fournir pour vous inscrire au permis de conduire avec l&#039;Auto-\u00e9cole Croissy Centre.\" \/>\n<meta name=\"robots\" content=\"noindex, follow, max-snippet:-1, max-image-preview:large, max-video-preview:-1\" \/>\n<meta property=\"og:locale\" content=\"fr_FR\" \/>\n<meta property=\"og:type\" content=\"article\" \/>\n<meta property=\"og:title\" content=\"Documents \u00e0 fournir pour l&#039;inscription au permis - Auto-\u00e9cole Croissy Centre\" \/>\n<meta property=\"og:description\" content=\"Retrouvez la liste des documents \u00e0 nous fournir pour vous inscrire au permis de conduire avec l&#039;Auto-\u00e9cole Croissy Centre.\" \/>\n<meta property=\"og:url\" content=\"http:\/\/de-vv.com\/croissy\/documents-a-fournir\/\" \/>\n<meta property=\"og:site_name\" content=\"Auto-\u00e9cole Croissy Centre\" \/>\n<meta property=\"article:modified_time\" content=\"2024-09-29T11:26:54+00:00\" \/>\n<meta property=\"og:image\" content=\"http:\/\/de-vv.com\/croissy\/wp-content\/uploads\/2024\/09\/cropped-Logo-Auto-ecole-Croissy-Centre-black.png\" \/>\n\t<meta property=\"og:image:width\" content=\"512\" \/>\n\t<meta property=\"og:image:height\" content=\"512\" \/>\n\t<meta property=\"og:image:type\" content=\"image\/png\" \/>\n<meta name=\"twitter:card\" content=\"summary_large_image\" \/>\n<meta name=\"twitter:label1\" content=\"Dur\u00e9e de lecture estim\u00e9e\" \/>\n\t<meta name=\"twitter:data1\" content=\"2 minutes\" \/>\n<script type=\"application\/ld+json\" class=\"yoast-schema-graph\">{\"@context\":\"https:\/\/schema.org\",\"@graph\":[{\"@type\":\"WebPage\",\"@id\":\"http:\/\/de-vv.com\/croissy\/documents-a-fournir\/\",\"url\":\"http:\/\/de-vv.com\/croissy\/documents-a-fournir\/\",\"name\":\"Documents \u00e0 fournir pour l'inscription au permis - Auto-\u00e9cole Croissy Centre\",\"isPartOf\":{\"@id\":\"http:\/\/de-vv.com\/croissy\/#website\"},\"primaryImageOfPage\":{\"@id\":\"http:\/\/de-vv.com\/croissy\/documents-a-fournir\/#primaryimage\"},\"image\":{\"@id\":\"http:\/\/de-vv.com\/croissy\/documents-a-fournir\/#primaryimage\"},\"thumbnailUrl\":\"http:\/\/de-vv.com\/croissy\/wp-content\/uploads\/2024\/09\/cropped-Logo-Auto-ecole-Croissy-Centre-black.png\",\"datePublished\":\"2024-06-22T06:30:22+00:00\",\"dateModified\":\"2024-09-29T11:26:54+00:00\",\"description\":\"Retrouvez la liste des documents \u00e0 nous fournir pour vous inscrire au permis de conduire avec l'Auto-\u00e9cole Croissy Centre.\",\"breadcrumb\":{\"@id\":\"http:\/\/de-vv.com\/croissy\/documents-a-fournir\/#breadcrumb\"},\"inLanguage\":\"fr-FR\",\"potentialAction\":[{\"@type\":\"ReadAction\",\"target\":[\"http:\/\/de-vv.com\/croissy\/documents-a-fournir\/\"]}]},{\"@type\":\"ImageObject\",\"inLanguage\":\"fr-FR\",\"@id\":\"http:\/\/de-vv.com\/croissy\/documents-a-fournir\/#primaryimage\",\"url\":\"http:\/\/de-vv.com\/croissy\/wp-content\/uploads\/2024\/09\/cropped-Logo-Auto-ecole-Croissy-Centre-black.png\",\"contentUrl\":\"http:\/\/de-vv.com\/croissy\/wp-content\/uploads\/2024\/09\/cropped-Logo-Auto-ecole-Croissy-Centre-black.png\",\"width\":512,\"height\":512,\"caption\":\"Logo Auto-\u00e9cole Croissy Centre black\"},{\"@type\":\"BreadcrumbList\",\"@id\":\"http:\/\/de-vv.com\/croissy\/documents-a-fournir\/#breadcrumb\",\"itemListElement\":[{\"@type\":\"ListItem\",\"position\":1,\"name\":\"Accueil\",\"item\":\"http:\/\/de-vv.com\/croissy\/\"},{\"@type\":\"ListItem\",\"position\":2,\"name\":\"Documents \u00e0 fournir\"}]},{\"@type\":\"WebSite\",\"@id\":\"http:\/\/de-vv.com\/croissy\/#website\",\"url\":\"http:\/\/de-vv.com\/croissy\/\",\"name\":\"Auto-\u00e9cole Croissy Centre\",\"description\":\"Votre auto-\u00e9cole \u00e0 Croissy-sur-Seine\",\"potentialAction\":[{\"@type\":\"SearchAction\",\"target\":{\"@type\":\"EntryPoint\",\"urlTemplate\":\"http:\/\/de-vv.com\/croissy\/?s={search_term_string}\"},\"query-input\":{\"@type\":\"PropertyValueSpecification\",\"valueRequired\":true,\"valueName\":\"search_term_string\"}}],\"inLanguage\":\"fr-FR\"}]}<\/script>\n<!-- \/ Yoast SEO plugin. -->","yoast_head_json":{"title":"Documents \u00e0 fournir pour l'inscription au permis - Auto-\u00e9cole Croissy Centre","description":"Retrouvez la liste des documents \u00e0 nous fournir pour vous inscrire au permis de conduire avec l'Auto-\u00e9cole Croissy Centre.","robots":{"index":"noindex","follow":"follow","max-snippet":"max-snippet:-1","max-image-preview":"max-image-preview:large","max-video-preview":"max-video-preview:-1"},"og_locale":"fr_FR","og_type":"article","og_title":"Documents \u00e0 fournir pour l'inscription au permis - Auto-\u00e9cole Croissy Centre","og_description":"Retrouvez la liste des documents \u00e0 nous fournir pour vous inscrire au permis de conduire avec l'Auto-\u00e9cole Croissy Centre.","og_url":"http:\/\/de-vv.com\/croissy\/documents-a-fournir\/","og_site_name":"Auto-\u00e9cole Croissy Centre","article_modified_time":"2024-09-29T11:26:54+00:00","og_image":[{"width":512,"height":512,"url":"http:\/\/de-vv.com\/croissy\/wp-content\/uploads\/2024\/09\/cropped-Logo-Auto-ecole-Croissy-Centre-black.png","type":"image\/png"}],"twitter_card":"summary_large_image","twitter_misc":{"Dur\u00e9e de lecture estim\u00e9e":"2 minutes"},"schema":{"@context":"https:\/\/schema.org","@graph":[{"@type":"WebPage","@id":"http:\/\/de-vv.com\/croissy\/documents-a-fournir\/","url":"http:\/\/de-vv.com\/croissy\/documents-a-fournir\/","name":"Documents \u00e0 fournir pour l'inscription au permis - Auto-\u00e9cole Croissy Centre","isPartOf":{"@id":"http:\/\/de-vv.com\/croissy\/#website"},"primaryImageOfPage":{"@id":"http:\/\/de-vv.com\/croissy\/documents-a-fournir\/#primaryimage"},"image":{"@id":"http:\/\/de-vv.com\/croissy\/documents-a-fournir\/#primaryimage"},"thumbnailUrl":"http:\/\/de-vv.com\/croissy\/wp-content\/uploads\/2024\/09\/cropped-Logo-Auto-ecole-Croissy-Centre-black.png","datePublished":"2024-06-22T06:30:22+00:00","dateModified":"2024-09-29T11:26:54+00:00","description":"Retrouvez la liste des documents \u00e0 nous fournir pour vous inscrire au permis de conduire avec l'Auto-\u00e9cole Croissy Centre.","breadcrumb":{"@id":"http:\/\/de-vv.com\/croissy\/documents-a-fournir\/#breadcrumb"},"inLanguage":"fr-FR","potentialAction":[{"@type":"ReadAction","target":["http:\/\/de-vv.com\/croissy\/documents-a-fournir\/"]}]},{"@type":"ImageObject","inLanguage":"fr-FR","@id":"http:\/\/de-vv.com\/croissy\/documents-a-fournir\/#primaryimage","url":"http:\/\/de-vv.com\/croissy\/wp-content\/uploads\/2024\/09\/cropped-Logo-Auto-ecole-Croissy-Centre-black.png","contentUrl":"http:\/\/de-vv.com\/croissy\/wp-content\/uploads\/2024\/09\/cropped-Logo-Auto-ecole-Croissy-Centre-black.png","width":512,"height":512,"caption":"Logo Auto-\u00e9cole Croissy Centre black"},{"@type":"BreadcrumbList","@id":"http:\/\/de-vv.com\/croissy\/documents-a-fournir\/#breadcrumb","itemListElement":[{"@type":"ListItem","position":1,"name":"Accueil","item":"http:\/\/de-vv.com\/croissy\/"},{"@type":"ListItem","position":2,"name":"Documents \u00e0 fournir"}]},{"@type":"WebSite","@id":"http:\/\/de-vv.com\/croissy\/#website","url":"http:\/\/de-vv.com\/croissy\/","name":"Auto-\u00e9cole Croissy Centre","description":"Votre auto-\u00e9cole \u00e0 Croissy-sur-Seine","potentialAction":[{"@type":"SearchAction","target":{"@type":"EntryPoint","urlTemplate":"http:\/\/de-vv.com\/croissy\/?s={search_term_string}"},"query-input":{"@type":"PropertyValueSpecification","valueRequired":true,"valueName":"search_term_string"}}],"inLanguage":"fr-FR"}]}},"_links":{"self":[{"href":"http:\/\/de-vv.com\/croissy\/wp-json\/wp\/v2\/pages\/38"}],"collection":[{"href":"http:\/\/de-vv.com\/croissy\/wp-json\/wp\/v2\/pages"}],"about":[{"href":"http:\/\/de-vv.com\/croissy\/wp-json\/wp\/v2\/types\/page"}],"author":[{"embeddable":true,"href":"http:\/\/de-vv.com\/croissy\/wp-json\/wp\/v2\/users\/1"}],"replies":[{"embeddable":true,"href":"http:\/\/de-vv.com\/croissy\/wp-json\/wp\/v2\/comments?post=38"}],"version-history":[{"count":4,"href":"http:\/\/de-vv.com\/croissy\/wp-json\/wp\/v2\/pages\/38\/revisions"}],"predecessor-version":[{"id":89,"href":"http:\/\/de-vv.com\/croissy\/wp-json\/wp\/v2\/pages\/38\/revisions\/89"}],"wp:featuredmedia":[{"embeddable":true,"href":"http:\/\/de-vv.com\/croissy\/wp-json\/wp\/v2\/media\/87"}],"wp:attachment":[{"href":"http:\/\/de-vv.com\/croissy\/wp-json\/wp\/v2\/media?parent=38"}],"curies":[{"name":"wp","href":"https:\/\/api.w.org\/{rel}","templated":true}]}}