{"id":9,"date":"2024-06-21T21:52:01","date_gmt":"2024-06-21T19:52:01","guid":{"rendered":"http:\/\/de-vv.com\/croissy\/?page_id=9"},"modified":"2024-10-03T20:19:15","modified_gmt":"2024-10-03T18:19:15","slug":"contact","status":"publish","type":"page","link":"http:\/\/de-vv.com\/croissy\/contact\/","title":{"rendered":"Contact"},"content":{"rendered":"[vc_row type=\u00a0\u00bbfull_width_content\u00a0\u00bb full_screen_row_position=\u00a0\u00bbmiddle\u00a0\u00bb equal_height=\u00a0\u00bbyes\u00a0\u00bb column_margin=\u00a0\u00bbnone\u00a0\u00bb scene_position=\u00a0\u00bbcenter\u00a0\u00bb text_color=\u00a0\u00bbdark\u00a0\u00bb text_align=\u00a0\u00bbleft\u00a0\u00bb class=\u00a0\u00bbmargin-form\u00a0\u00bb overlay_strength=\u00a0\u00bb0.3&Prime; shape_divider_position=\u00a0\u00bbbottom\u00a0\u00bb bg_image_animation=\u00a0\u00bbnone\u00a0\u00bb shape_type=\u00a0\u00bb\u00a0\u00bb][vc_column column_padding=\u00a0\u00bbpadding-4-percent\u00a0\u00bb column_padding_position=\u00a0\u00bball\u00a0\u00bb background_color_opacity=\u00a0\u00bb1&Prime; background_hover_color_opacity=\u00a0\u00bb1&Prime; font_color=\u00a0\u00bb#040404&Prime; column_link_target=\u00a0\u00bb_self\u00a0\u00bb column_shadow=\u00a0\u00bbnone\u00a0\u00bb column_border_radius=\u00a0\u00bbnone\u00a0\u00bb width=\u00a0\u00bb2\/3&Prime; tablet_width_inherit=\u00a0\u00bbdefault\u00a0\u00bb tablet_text_alignment=\u00a0\u00bbdefault\u00a0\u00bb phone_text_alignment=\u00a0\u00bbdefault\u00a0\u00bb overlay_strength=\u00a0\u00bb0.3&Prime; column_border_width=\u00a0\u00bbnone\u00a0\u00bb column_border_style=\u00a0\u00bbsolid\u00a0\u00bb bg_image_animation=\u00a0\u00bbnone\u00a0\u00bb][vc_column_text css=\u00a0\u00bb.vc_custom_1727596286362{padding-bottom: 20px !important;}\u00a0\u00bb]\n<h1 style=\"color: #53af39;\">Contactez nous<\/h1>\n<p>Vous avez une question sur nos formations ? Vous souhaitez conna\u00eetre la d\u00e9marche \u00e0 suivre pour vous inscrire ? Envoyez nous un message avec vos coordonn\u00e9es, nous vous recontacterons au plus vite.[\/vc_column_text][vc_raw_html]JTNDaWZyYW1lJTIwc2FuZGJveCUzRCUyN2FsbG93LXNjcmlwdHMlMjBhbGxvdy1mb3JtcyUyMGFsbG93LXNhbWUtb3JpZ2luJTIwYWxsb3ctcG9wdXBzJTI3JTIwc3JjJTNEJTI3aHR0cHMlM0ElMkYlMkZ3d3cudnJvb212cm9vbS5mciUyRm1lZXRpbmdzLWNvbnRhY3QlM0ZzY2hvb2xfaWQlM0Q1MjQ2ZTNiZDI0YTAzOTAwMDIwMDEzNGMlMjZmcyUzRGV5SnRaV1YwYVc1blUzVmlhbVZqZEhNaU9sdDdJbTVoYldVaU9pSlFaWEp0YVhNZ1FUSWlmU3g3SW01aGJXVWlPaUpRWlhKdGFYTWdRVTBpZlN4N0ltNWhiV1VpT2lKUVpYSnRhWE1nUWlEaWdKTWdZbSUyRkRyblJsSUcxaGJuVmxiR3hsSW4wc2V5SnVZVzFsSWpvaVVHVnliV2x6SUVJZzRvQ1RJR0p2dzY1MFpTQmhkWFJ2YldGMGFYRjFaU0o5TEhzaWJtRnRaU0k2SWtOdlpHVWdkVzVwY1hWbGJXVnVkQ0o5TEhzaWJtRnRaU0k2SWxWdVpTQmhkWFJ5WlNCbWIzSnRZWFJwYjI0aWZTeDdJbTVoYldVaU9pSkdiM0p0WVhScGIyNGdNVEkxSUdOdE15SjlMSHNpYm1GdFpTSTZJa052Ym1SMWFYUmxJR0ZqWTI5dGNHRm5ic09wWlNKOVhTd2ljMk5vYjI5c2N5STZXM3NpYVdRaU9pSTFNalEyWlROaVpESTBZVEF6T1RBd01ESXdNREV6TkdNaUxDSjBhWFJzWlNJNklrRjFkRzh0dzZsamIyeGxJRU55YjJsemMza2dRMlZ1ZEhKbElpd2ljM1J5WldWMElqb2lOeUJ5ZFdVZ1pHVnpJRkJ2Ym5Seklpd2lZMmwwZVNJNklrTnliMmx6YzNrdGMzVnlMVk5sYVc1bElpd2llbWx3WTI5a1pTSTZJamM0TWprd0luMWRMQ0p6WldOMGFXOXVjeUk2VzNzaWFXUWlPakVzSW01aGJXVWlPaUpRY3NPcGJtOXRJaXdpWVhKbFlTSTZJbVpwY25OMGJtRnRaU0lzSW1selEyaGxZMnRsWkNJNmRISjFaU3dpYVhORWNtOXdaRzkzYmlJNlptRnNjMlVzSW5Cc1lXTmxhRzlzWkdWeUlqb2lUV0Z5ZEdsdUluMHNleUpwWkNJNk1pd2libUZ0WlNJNklrNXZiU0lzSW1GeVpXRWlPaUpzWVhOMGJtRnRaU0lzSW1selEyaGxZMnRsWkNJNmRISjFaU3dpYVhORWNtOXdaRzkzYmlJNlptRnNjMlVzSW5Cc1lXTmxhRzlzWkdWeUlqb2lSSFZ3YjI1MEluMHNleUpwWkNJNk15d2libUZ0WlNJNklsVERxV3pEcVhCb2IyNWxJaXdpWVhKbFlTSTZJbkJvYjI1bElpd2lhWE5EYUdWamEyVmtJanAwY25WbExDSnBjMFJ5YjNCa2IzZHVJanBtWVd4elpTd2ljR3hoWTJWb2IyeGtaWElpT2lJck16TWdNeUF6TXlBek15QXpNeUF6TXlKOUxIc2lhV1FpT2pRc0ltNWhiV1VpT2lKRmJXRnBiQ0lzSW1GeVpXRWlPaUpsYldGcGJDSXNJbWx6UTJobFkydGxaQ0k2ZEhKMVpTd2lhWE5FY205d1pHOTNiaUk2Wm1Gc2MyVXNJbkJzWVdObGFHOXNaR1Z5SWpvaVpYaGxiWEJzWlVCbGVHVnRjR3hsTG1OdmJTSjlMSHNpYVdRaU9qVXNJbTVoYldVaU9pSkdiM0p0WVhScGIyNGdjMjkxYUdGcGRNT3BaU0lzSW1GeVpXRWlPaUptYjNKdFlYUnBiMjRpTENKcGMwTm9aV05yWldRaU9uUnlkV1VzSW1selJISnZjR1J2ZDI0aU9uUnlkV1VzSW5Cc1lXTmxhRzlzWkdWeUlqb2lVOE9wYkdWamRHbHZibTVsZWlCMWJtVWdabTl5YldGMGFXOXVJbjBzZXlKcFpDSTZOaXdpYm1GdFpTSTZJbEJsY20xbGRIUnlaU0REb0NCczRvQ1p3NmxzdzZoMlpTQmtaU0J6dzZsc1pXTjBhVzl1Ym1WeUlIVnVaU0JoWjJWdVkyVWlMQ0poY21WaElqb2lZV2RsYm1ONUlpd2lhWE5EYUdWamEyVmtJanBtWVd4elpTd2lhWE5FY205d1pHOTNiaUk2ZEhKMVpTd2ljR3hoWTJWb2IyeGtaWElpT2lKVHc2bHNaV04wYVc5dWJtVjZJSFZ1WlNCaFoyVnVZMlVpZlN4N0ltbGtJam8zTENKdVlXMWxJam9pVFdWemMyRm5aU0J3WlhKemIyNXVZV3hwYzhPcElpd2lZWEpsWVNJNkltMWxjM05oWjJVaUxDSnBjME5vWldOclpXUWlPblJ5ZFdVc0ltbHpSSEp2Y0dSdmQyNGlPbVpoYkhObExDSndiR0ZqWldodmJHUmxjaUk2SWlKOVhTd2labTl5YlVOdmJHOXljeUk2VzNzaWFXUWlPakVzSW01aGJXVWlPaUpCY25KcHc2aHlaU0J3YkdGdUlpd2lZWEpsWVNJNkltSmhZMnRuY205MWJtUkRiMnh2Y2lJc0ltTnZiRzl5SWpvaUkyWm1abVptWmlKOUxIc2lhV1FpT2pJc0ltNWhiV1VpT2lKRGFHRnRjSE1pTENKaGNtVmhJam9pWm1sbGJHUnpRMjlzYjNJaUxDSmpiMnh2Y2lJNklpTkdOMFkzUmpjaWZTeDdJbWxrSWpvekxDSnVZVzFsSWpvaVZHVjRkR1VnS01PcGRHbHhkV1YwZEdWektTSXNJbUZ5WldFaU9pSnNZV0psYkhORGIyeHZjaUlzSW1OdmJHOXlJam9pSXpBd01EQXdNQ0o5TEhzaWFXUWlPalFzSW01aGJXVWlPaUpVWlhoMFpTQW9ZMmhoYlhCektTSXNJbUZ5WldFaU9pSm1hV1ZzWkhOVVpYaDBRMjlzYjNJaUxDSmpiMnh2Y2lJNklpTXpNek16TXpNaWZTeDdJbWxrSWpvMUxDSnVZVzFsSWpvaVFtOTFkRzl1SWl3aVlYSmxZU0k2SW1KMWRIUnZia052Ykc5eUlpd2lZMjlzYjNJaU9pSWpOVE5oWmpNNUluMHNleUpwWkNJNk5pd2libUZ0WlNJNklsUmxlSFJsSUNoaWIzVjBiMjRwSWl3aVlYSmxZU0k2SW1KMWRIUnZibFJsZUhSRGIyeHZjaUlzSW1OdmJHOXlJam9pSTBaR1JrWkdSaUo5WFgwJTNEJTI3JTIwd2lkdGglM0QlMjcxMDAlMjUlMjclMjBzY3JvbGxpbmclM0QlMjdubyUyNyUyMGFsbG93ZnVsbHNjcmVlbiUyMGlkJTNEJTI3aW5pZnJhbWUlMjclMjBzdHlsZSUzRCUyN2JvcmRlci1zdHlsZSUzQSUyMG5vbmUlM0IlMjBvdmVyZmxvdyUzQSUyMHNjcm9sbCUzQiUyMG92ZXJmbG93LXglM0ElMjBoaWRkZW4lM0IlMjBoZWlnaHQlM0ElMjAxMjB2aCUzQiUyNyUzRSUzQyUyRmlmcmFtZSUzRQ==[\/vc_raw_html][\/vc_column][vc_column column_padding=\u00a0\u00bbpadding-4-percent\u00a0\u00bb column_padding_position=\u00a0\u00bball\u00a0\u00bb background_color_opacity=\u00a0\u00bb1&Prime; background_hover_color_opacity=\u00a0\u00bb1&Prime; background_image=\u00a0\u00bb63&Prime; enable_bg_scale=\u00a0\u00bbtrue\u00a0\u00bb column_link_target=\u00a0\u00bb_self\u00a0\u00bb column_shadow=\u00a0\u00bbnone\u00a0\u00bb column_border_radius=\u00a0\u00bbnone\u00a0\u00bb width=\u00a0\u00bb1\/3&Prime; tablet_width_inherit=\u00a0\u00bbdefault\u00a0\u00bb tablet_text_alignment=\u00a0\u00bbdefault\u00a0\u00bb phone_text_alignment=\u00a0\u00bbdefault\u00a0\u00bb color_overlay=\u00a0\u00bb#000000&Prime; overlay_strength=\u00a0\u00bb0.5&Prime; column_border_width=\u00a0\u00bbnone\u00a0\u00bb column_border_style=\u00a0\u00bbsolid\u00a0\u00bb bg_image_animation=\u00a0\u00bbnone\u00a0\u00bb][vc_row_inner column_margin=\u00a0\u00bbdefault\u00a0\u00bb bottom_padding=\u00a0\u00bb12&Prime; text_align=\u00a0\u00bbleft\u00a0\u00bb][vc_column_inner column_padding=\u00a0\u00bbno-extra-padding\u00a0\u00bb column_padding_position=\u00a0\u00bball\u00a0\u00bb background_color_opacity=\u00a0\u00bb1&Prime; background_hover_color_opacity=\u00a0\u00bb1&Prime; font_color=\u00a0\u00bb#ffffff\u00a0\u00bb column_shadow=\u00a0\u00bbnone\u00a0\u00bb column_border_radius=\u00a0\u00bbnone\u00a0\u00bb column_link_target=\u00a0\u00bb_self\u00a0\u00bb width=\u00a0\u00bb1\/1&Prime; tablet_width_inherit=\u00a0\u00bbdefault\u00a0\u00bb overlay_strength=\u00a0\u00bb0.3&Prime; column_border_width=\u00a0\u00bbnone\u00a0\u00bb column_border_style=\u00a0\u00bbsolid\u00a0\u00bb bg_image_animation=\u00a0\u00bbnone\u00a0\u00bb][vc_column_text css=\u00a0\u00bb.vc_custom_1727596526735{padding-bottom: 12px !important;}\u00a0\u00bb]\n<h4><i class=\"fa fa-map-signs\" style=\"color: #53af39;\"><\/i> O\u00f9 sommes-nous ?<\/h4>\n<p>Venez nous rencontrer dans notre agence de Croissy :<br \/>\n7 rue des Ponts<br \/>\n78290 Croissy-sur-Seine[\/vc_column_text][\/vc_column_inner][\/vc_row_inner][vc_row_inner column_margin=\u00a0\u00bbdefault\u00a0\u00bb bottom_padding=\u00a0\u00bb12&Prime; text_align=\u00a0\u00bbleft\u00a0\u00bb][vc_column_inner column_padding=\u00a0\u00bbno-extra-padding\u00a0\u00bb column_padding_position=\u00a0\u00bball\u00a0\u00bb background_color_opacity=\u00a0\u00bb1&Prime; background_hover_color_opacity=\u00a0\u00bb1&Prime; font_color=\u00a0\u00bb#ffffff\u00a0\u00bb column_shadow=\u00a0\u00bbnone\u00a0\u00bb column_border_radius=\u00a0\u00bbnone\u00a0\u00bb bottom_margin=\u00a0\u00bb30&Prime; column_link_target=\u00a0\u00bb_self\u00a0\u00bb width=\u00a0\u00bb1\/1&Prime; tablet_width_inherit=\u00a0\u00bbdefault\u00a0\u00bb overlay_strength=\u00a0\u00bb0.3&Prime; column_border_width=\u00a0\u00bbnone\u00a0\u00bb column_border_style=\u00a0\u00bbsolid\u00a0\u00bb bg_image_animation=\u00a0\u00bbnone\u00a0\u00bb][vc_column_text]\n<h4><i class=\"fa fa-comments\" style=\"color: #53af39;\"><\/i> Nos coordonn\u00e9es<\/h4>\n<p><a href=\"tel:01.39.76.33.38\">01 39 76 33 38<\/a><br \/>\n<a href=\"mailto:contact@auto-ecole-croissy.fr\">Envoyer un mail<\/a>[\/vc_column_text][\/vc_column_inner][\/vc_row_inner][vc_row_inner column_margin=\u00a0\u00bbdefault\u00a0\u00bb text_align=\u00a0\u00bbleft\u00a0\u00bb][vc_column_inner column_padding=\u00a0\u00bbno-extra-padding\u00a0\u00bb column_padding_position=\u00a0\u00bball\u00a0\u00bb background_color_opacity=\u00a0\u00bb1&Prime; background_hover_color_opacity=\u00a0\u00bb1&Prime; font_color=\u00a0\u00bb#ffffff\u00a0\u00bb column_shadow=\u00a0\u00bbnone\u00a0\u00bb column_border_radius=\u00a0\u00bbnone\u00a0\u00bb column_link_target=\u00a0\u00bb_self\u00a0\u00bb width=\u00a0\u00bb1\/1&Prime; tablet_width_inherit=\u00a0\u00bbdefault\u00a0\u00bb overlay_strength=\u00a0\u00bb0.3&Prime; column_border_width=\u00a0\u00bbnone\u00a0\u00bb column_border_style=\u00a0\u00bbsolid\u00a0\u00bb bg_image_animation=\u00a0\u00bbnone\u00a0\u00bb][vc_column_text]\n<h4><i class=\"fa fa-clock\" style=\"color: #53af39;\"><\/i> Nos horaires<\/h4>\n<p>Notre agence est ouverte :<br \/>\n&#8211; Du mardi au vendredi de 11h \u00e0 14h et de 15h \u00e0 19h<br \/>\n&#8211; Le samedi de 10h \u00e0 13h et de 15h \u00e0 18h[\/vc_column_text][\/vc_column_inner][\/vc_row_inner][\/vc_column][\/vc_row]\n","protected":false},"excerpt":{"rendered":"<p>[vc_row type=\u00a0\u00bbfull_width_content\u00a0\u00bb full_screen_row_position=\u00a0\u00bbmiddle\u00a0\u00bb equal_height=\u00a0\u00bbyes\u00a0\u00bb column_margin=\u00a0\u00bbnone\u00a0\u00bb scene_position=\u00a0\u00bbcenter\u00a0\u00bb text_color=\u00a0\u00bbdark\u00a0\u00bb text_align=\u00a0\u00bbleft\u00a0\u00bb class=\u00a0\u00bbmargin-form\u00a0\u00bb overlay_strength=\u00a0\u00bb0.3&Prime; shape_divider_position=\u00a0\u00bbbottom\u00a0\u00bb bg_image_animation=\u00a0\u00bbnone\u00a0\u00bb shape_type=\u00a0\u00bb\u00a0\u00bb][vc_column column_padding=\u00a0\u00bbpadding-4-percent\u00a0\u00bb column_padding_position=\u00a0\u00bball\u00a0\u00bb background_color_opacity=\u00a0\u00bb1&Prime; background_hover_color_opacity=\u00a0\u00bb1&Prime; font_color=\u00a0\u00bb#040404&Prime; column_link_target=\u00a0\u00bb_self\u00a0\u00bb column_shadow=\u00a0\u00bbnone\u00a0\u00bb column_border_radius=\u00a0\u00bbnone\u00a0\u00bb width=\u00a0\u00bb2\/3&Prime; tablet_width_inherit=\u00a0\u00bbdefault\u00a0\u00bb tablet_text_alignment=\u00a0\u00bbdefault\u00a0\u00bb phone_text_alignment=\u00a0\u00bbdefault\u00a0\u00bb overlay_strength=\u00a0\u00bb0.3&Prime; column_border_width=\u00a0\u00bbnone\u00a0\u00bb column_border_style=\u00a0\u00bbsolid\u00a0\u00bb bg_image_animation=\u00a0\u00bbnone\u00a0\u00bb][vc_column_text css=\u00a0\u00bb.vc_custom_1727596286362{padding-bottom:&#8230;<\/p>\n","protected":false},"author":1,"featured_media":87,"parent":0,"menu_order":0,"comment_status":"closed","ping_status":"closed","template":"","meta":{"footnotes":""},"class_list":["post-9","page","type-page","status-publish","has-post-thumbnail"],"yoast_head":"<!-- This site is optimized with the Yoast SEO plugin v25.6 - https:\/\/yoast.com\/wordpress\/plugins\/seo\/ -->\n<title>Contact ez nous par t\u00e9l\u00e9phone ou email - Auto-\u00e9cole Croissy Centre<\/title>\n<meta name=\"description\" content=\"Contactez l&#039;Auto-\u00e9cole Croissy Centre par t\u00e9l\u00e9phone ou par email. Consultez nos horaires d&#039;ouverture pour venir en agence. On vous attend!\" \/>\n<meta name=\"robots\" content=\"noindex, follow, max-snippet:-1, max-image-preview:large, max-video-preview:-1\" \/>\n<meta property=\"og:locale\" content=\"fr_FR\" \/>\n<meta property=\"og:type\" content=\"article\" \/>\n<meta property=\"og:title\" content=\"Contact ez nous par t\u00e9l\u00e9phone ou email - Auto-\u00e9cole Croissy Centre\" \/>\n<meta property=\"og:description\" content=\"Contactez l&#039;Auto-\u00e9cole Croissy Centre par t\u00e9l\u00e9phone ou par email. Consultez nos horaires d&#039;ouverture pour venir en agence. On vous attend!\" \/>\n<meta property=\"og:url\" content=\"http:\/\/de-vv.com\/croissy\/contact\/\" \/>\n<meta property=\"og:site_name\" content=\"Auto-\u00e9cole Croissy Centre\" \/>\n<meta property=\"article:modified_time\" content=\"2024-10-03T18:19:15+00:00\" \/>\n<meta property=\"og:image\" content=\"http:\/\/de-vv.com\/croissy\/wp-content\/uploads\/2024\/09\/cropped-Logo-Auto-ecole-Croissy-Centre-black.png\" \/>\n\t<meta property=\"og:image:width\" content=\"512\" \/>\n\t<meta property=\"og:image:height\" content=\"512\" \/>\n\t<meta property=\"og:image:type\" content=\"image\/png\" \/>\n<meta name=\"twitter:card\" content=\"summary_large_image\" \/>\n<meta name=\"twitter:label1\" content=\"Dur\u00e9e de lecture estim\u00e9e\" \/>\n\t<meta name=\"twitter:data1\" content=\"2 minutes\" \/>\n<script type=\"application\/ld+json\" class=\"yoast-schema-graph\">{\"@context\":\"https:\/\/schema.org\",\"@graph\":[{\"@type\":\"WebPage\",\"@id\":\"http:\/\/de-vv.com\/croissy\/contact\/\",\"url\":\"http:\/\/de-vv.com\/croissy\/contact\/\",\"name\":\"Contact ez nous par t\u00e9l\u00e9phone ou email - Auto-\u00e9cole Croissy Centre\",\"isPartOf\":{\"@id\":\"http:\/\/de-vv.com\/croissy\/#website\"},\"primaryImageOfPage\":{\"@id\":\"http:\/\/de-vv.com\/croissy\/contact\/#primaryimage\"},\"image\":{\"@id\":\"http:\/\/de-vv.com\/croissy\/contact\/#primaryimage\"},\"thumbnailUrl\":\"http:\/\/de-vv.com\/croissy\/wp-content\/uploads\/2024\/09\/cropped-Logo-Auto-ecole-Croissy-Centre-black.png\",\"datePublished\":\"2024-06-21T19:52:01+00:00\",\"dateModified\":\"2024-10-03T18:19:15+00:00\",\"description\":\"Contactez l'Auto-\u00e9cole Croissy Centre par t\u00e9l\u00e9phone ou par email. Consultez nos horaires d'ouverture pour venir en agence. On vous attend!\",\"breadcrumb\":{\"@id\":\"http:\/\/de-vv.com\/croissy\/contact\/#breadcrumb\"},\"inLanguage\":\"fr-FR\",\"potentialAction\":[{\"@type\":\"ReadAction\",\"target\":[\"http:\/\/de-vv.com\/croissy\/contact\/\"]}]},{\"@type\":\"ImageObject\",\"inLanguage\":\"fr-FR\",\"@id\":\"http:\/\/de-vv.com\/croissy\/contact\/#primaryimage\",\"url\":\"http:\/\/de-vv.com\/croissy\/wp-content\/uploads\/2024\/09\/cropped-Logo-Auto-ecole-Croissy-Centre-black.png\",\"contentUrl\":\"http:\/\/de-vv.com\/croissy\/wp-content\/uploads\/2024\/09\/cropped-Logo-Auto-ecole-Croissy-Centre-black.png\",\"width\":512,\"height\":512,\"caption\":\"Logo Auto-\u00e9cole Croissy Centre black\"},{\"@type\":\"BreadcrumbList\",\"@id\":\"http:\/\/de-vv.com\/croissy\/contact\/#breadcrumb\",\"itemListElement\":[{\"@type\":\"ListItem\",\"position\":1,\"name\":\"Accueil\",\"item\":\"http:\/\/de-vv.com\/croissy\/\"},{\"@type\":\"ListItem\",\"position\":2,\"name\":\"Contact\"}]},{\"@type\":\"WebSite\",\"@id\":\"http:\/\/de-vv.com\/croissy\/#website\",\"url\":\"http:\/\/de-vv.com\/croissy\/\",\"name\":\"Auto-\u00e9cole Croissy Centre\",\"description\":\"Votre auto-\u00e9cole \u00e0 Croissy-sur-Seine\",\"potentialAction\":[{\"@type\":\"SearchAction\",\"target\":{\"@type\":\"EntryPoint\",\"urlTemplate\":\"http:\/\/de-vv.com\/croissy\/?s={search_term_string}\"},\"query-input\":{\"@type\":\"PropertyValueSpecification\",\"valueRequired\":true,\"valueName\":\"search_term_string\"}}],\"inLanguage\":\"fr-FR\"}]}<\/script>\n<!-- \/ Yoast SEO plugin. -->","yoast_head_json":{"title":"Contact ez nous par t\u00e9l\u00e9phone ou email - Auto-\u00e9cole Croissy Centre","description":"Contactez l'Auto-\u00e9cole Croissy Centre par t\u00e9l\u00e9phone ou par email. Consultez nos horaires d'ouverture pour venir en agence. On vous attend!","robots":{"index":"noindex","follow":"follow","max-snippet":"max-snippet:-1","max-image-preview":"max-image-preview:large","max-video-preview":"max-video-preview:-1"},"og_locale":"fr_FR","og_type":"article","og_title":"Contact ez nous par t\u00e9l\u00e9phone ou email - Auto-\u00e9cole Croissy Centre","og_description":"Contactez l'Auto-\u00e9cole Croissy Centre par t\u00e9l\u00e9phone ou par email. Consultez nos horaires d'ouverture pour venir en agence. On vous attend!","og_url":"http:\/\/de-vv.com\/croissy\/contact\/","og_site_name":"Auto-\u00e9cole Croissy Centre","article_modified_time":"2024-10-03T18:19:15+00:00","og_image":[{"width":512,"height":512,"url":"http:\/\/de-vv.com\/croissy\/wp-content\/uploads\/2024\/09\/cropped-Logo-Auto-ecole-Croissy-Centre-black.png","type":"image\/png"}],"twitter_card":"summary_large_image","twitter_misc":{"Dur\u00e9e de lecture estim\u00e9e":"2 minutes"},"schema":{"@context":"https:\/\/schema.org","@graph":[{"@type":"WebPage","@id":"http:\/\/de-vv.com\/croissy\/contact\/","url":"http:\/\/de-vv.com\/croissy\/contact\/","name":"Contact ez nous par t\u00e9l\u00e9phone ou email - Auto-\u00e9cole Croissy Centre","isPartOf":{"@id":"http:\/\/de-vv.com\/croissy\/#website"},"primaryImageOfPage":{"@id":"http:\/\/de-vv.com\/croissy\/contact\/#primaryimage"},"image":{"@id":"http:\/\/de-vv.com\/croissy\/contact\/#primaryimage"},"thumbnailUrl":"http:\/\/de-vv.com\/croissy\/wp-content\/uploads\/2024\/09\/cropped-Logo-Auto-ecole-Croissy-Centre-black.png","datePublished":"2024-06-21T19:52:01+00:00","dateModified":"2024-10-03T18:19:15+00:00","description":"Contactez l'Auto-\u00e9cole Croissy Centre par t\u00e9l\u00e9phone ou par email. Consultez nos horaires d'ouverture pour venir en agence. On vous attend!","breadcrumb":{"@id":"http:\/\/de-vv.com\/croissy\/contact\/#breadcrumb"},"inLanguage":"fr-FR","potentialAction":[{"@type":"ReadAction","target":["http:\/\/de-vv.com\/croissy\/contact\/"]}]},{"@type":"ImageObject","inLanguage":"fr-FR","@id":"http:\/\/de-vv.com\/croissy\/contact\/#primaryimage","url":"http:\/\/de-vv.com\/croissy\/wp-content\/uploads\/2024\/09\/cropped-Logo-Auto-ecole-Croissy-Centre-black.png","contentUrl":"http:\/\/de-vv.com\/croissy\/wp-content\/uploads\/2024\/09\/cropped-Logo-Auto-ecole-Croissy-Centre-black.png","width":512,"height":512,"caption":"Logo Auto-\u00e9cole Croissy Centre black"},{"@type":"BreadcrumbList","@id":"http:\/\/de-vv.com\/croissy\/contact\/#breadcrumb","itemListElement":[{"@type":"ListItem","position":1,"name":"Accueil","item":"http:\/\/de-vv.com\/croissy\/"},{"@type":"ListItem","position":2,"name":"Contact"}]},{"@type":"WebSite","@id":"http:\/\/de-vv.com\/croissy\/#website","url":"http:\/\/de-vv.com\/croissy\/","name":"Auto-\u00e9cole Croissy Centre","description":"Votre auto-\u00e9cole \u00e0 Croissy-sur-Seine","potentialAction":[{"@type":"SearchAction","target":{"@type":"EntryPoint","urlTemplate":"http:\/\/de-vv.com\/croissy\/?s={search_term_string}"},"query-input":{"@type":"PropertyValueSpecification","valueRequired":true,"valueName":"search_term_string"}}],"inLanguage":"fr-FR"}]}},"_links":{"self":[{"href":"http:\/\/de-vv.com\/croissy\/wp-json\/wp\/v2\/pages\/9"}],"collection":[{"href":"http:\/\/de-vv.com\/croissy\/wp-json\/wp\/v2\/pages"}],"about":[{"href":"http:\/\/de-vv.com\/croissy\/wp-json\/wp\/v2\/types\/page"}],"author":[{"embeddable":true,"href":"http:\/\/de-vv.com\/croissy\/wp-json\/wp\/v2\/users\/1"}],"replies":[{"embeddable":true,"href":"http:\/\/de-vv.com\/croissy\/wp-json\/wp\/v2\/comments?post=9"}],"version-history":[{"count":5,"href":"http:\/\/de-vv.com\/croissy\/wp-json\/wp\/v2\/pages\/9\/revisions"}],"predecessor-version":[{"id":138,"href":"http:\/\/de-vv.com\/croissy\/wp-json\/wp\/v2\/pages\/9\/revisions\/138"}],"wp:featuredmedia":[{"embeddable":true,"href":"http:\/\/de-vv.com\/croissy\/wp-json\/wp\/v2\/media\/87"}],"wp:attachment":[{"href":"http:\/\/de-vv.com\/croissy\/wp-json\/wp\/v2\/media?parent=9"}],"curies":[{"name":"wp","href":"https:\/\/api.w.org\/{rel}","templated":true}]}}