{"id":151,"date":"2024-05-22T14:39:08","date_gmt":"2024-05-22T12:39:08","guid":{"rendered":"http:\/\/de-vv.com\/drivingsek\/?page_id=151"},"modified":"2024-05-23T20:21:13","modified_gmt":"2024-05-23T18:21:13","slug":"aide-de-la-region-idf","status":"publish","type":"page","link":"http:\/\/de-vv.com\/drivingsek\/aide-de-la-region-idf\/","title":{"rendered":"Aide de la r\u00e9gion IDF"},"content":{"rendered":"[vc_row type=\u00a0\u00bbfull_width_background\u00a0\u00bb full_screen_row_position=\u00a0\u00bbmiddle\u00a0\u00bb equal_height=\u00a0\u00bbyes\u00a0\u00bb content_placement=\u00a0\u00bbmiddle\u00a0\u00bb column_margin=\u00a0\u00bbdefault\u00a0\u00bb bg_color=\u00a0\u00bb#fee8d5&Prime; scene_position=\u00a0\u00bbcenter\u00a0\u00bb text_color=\u00a0\u00bbdark\u00a0\u00bb text_align=\u00a0\u00bbleft\u00a0\u00bb top_padding=\u00a0\u00bb140&Prime; overlay_strength=\u00a0\u00bb0.3&Prime; shape_divider_position=\u00a0\u00bbbottom\u00a0\u00bb bg_image_animation=\u00a0\u00bbnone\u00a0\u00bb shape_type=\u00a0\u00bb\u00a0\u00bb][vc_column column_padding=\u00a0\u00bbpadding-2-percent\u00a0\u00bb column_padding_position=\u00a0\u00bball\u00a0\u00bb background_color_opacity=\u00a0\u00bb1&Prime; background_hover_color_opacity=\u00a0\u00bb1&Prime; column_link_target=\u00a0\u00bb_self\u00a0\u00bb column_shadow=\u00a0\u00bbnone\u00a0\u00bb column_border_radius=\u00a0\u00bbnone\u00a0\u00bb width=\u00a0\u00bb1\/1&Prime; tablet_width_inherit=\u00a0\u00bbdefault\u00a0\u00bb tablet_text_alignment=\u00a0\u00bbdefault\u00a0\u00bb phone_text_alignment=\u00a0\u00bbdefault\u00a0\u00bb overlay_strength=\u00a0\u00bb0.3&Prime; column_border_width=\u00a0\u00bbnone\u00a0\u00bb column_border_style=\u00a0\u00bbsolid\u00a0\u00bb bg_image_animation=\u00a0\u00bbnone\u00a0\u00bb][vc_row_inner equal_height=\u00a0\u00bbyes\u00a0\u00bb content_placement=\u00a0\u00bbmiddle\u00a0\u00bb column_margin=\u00a0\u00bbdefault\u00a0\u00bb top_padding=\u00a0\u00bb10&Prime; text_align=\u00a0\u00bbleft\u00a0\u00bb][vc_column_inner column_padding=\u00a0\u00bbno-extra-padding\u00a0\u00bb column_padding_position=\u00a0\u00bball\u00a0\u00bb background_color_opacity=\u00a0\u00bb1&Prime; background_hover_color_opacity=\u00a0\u00bb1&Prime; column_shadow=\u00a0\u00bbnone\u00a0\u00bb column_border_radius=\u00a0\u00bbnone\u00a0\u00bb column_link_target=\u00a0\u00bb_self\u00a0\u00bb width=\u00a0\u00bb2\/3&Prime; tablet_width_inherit=\u00a0\u00bbdefault\u00a0\u00bb overlay_strength=\u00a0\u00bb0.3&Prime; column_border_width=\u00a0\u00bbnone\u00a0\u00bb column_border_style=\u00a0\u00bbsolid\u00a0\u00bb bg_image_animation=\u00a0\u00bbnone\u00a0\u00bb][vc_column_text]\n<h1 style=\"color: #cc4444;\"><span style=\"color: #292929;\">Aide R\u00e9gion \u00cele-de-France<\/span><\/h1>\n[\/vc_column_text][vc_column_text css=\u00a0\u00bb.vc_custom_1716453917214{padding-top: 12px !important;padding-bottom: 12px !important;}\u00a0\u00bb]La R\u00e9gion finance le permis B des jeunes Franciliens jusqu\u2019\u00e0 1300\u20ac, sans avance de frais ! L&rsquo;Auto-\u00e9cole Driving Sek vous permet de b\u00e9n\u00e9ficier de ce dispositif, que vous habitiez \u00e0 Poissy ou ailleurs en \u00cele-de-France.[\/vc_column_text][nectar_btn size=\u00a0\u00bblarge\u00a0\u00bb button_style=\u00a0\u00bbregular-tilt\u00a0\u00bb button_color=\u00a0\u00bbExtra-Color-1&Prime; solid_text_color_override=\u00a0\u00bb#ffffff\u00a0\u00bb icon_family=\u00a0\u00bbfontawesome\u00a0\u00bb url=\u00a0\u00bbhttp:\/\/de-vv.com\/drivingsek\/contact\/\u00a0\u00bb text=\u00a0\u00bbContactez nous\u00a0\u00bb margin_top=\u00a0\u00bb5&Prime; margin_right=\u00a0\u00bb10&Prime; margin_bottom=\u00a0\u00bb5&Prime; icon_fontawesome=\u00a0\u00bbfa fa-envelope-open-o\u00a0\u00bb margin_left=\u00a0\u00bb10&Prime;][nectar_btn size=\u00a0\u00bblarge\u00a0\u00bb button_style=\u00a0\u00bbregular-tilt\u00a0\u00bb button_color=\u00a0\u00bbAccent-Color\u00a0\u00bb solid_text_color_override=\u00a0\u00bb#ffffff\u00a0\u00bb icon_family=\u00a0\u00bbfontawesome\u00a0\u00bb url=\u00a0\u00bbtel:01.39.77.21.77&Prime; text=\u00a0\u00bb01 39 77 21 77&Prime; margin_top=\u00a0\u00bb5&Prime; margin_right=\u00a0\u00bb10&Prime; margin_bottom=\u00a0\u00bb5&Prime; icon_fontawesome=\u00a0\u00bbfa fa-mobile\u00a0\u00bb margin_left=\u00a0\u00bb10&Prime;][\/vc_column_inner][vc_column_inner column_padding=\u00a0\u00bbpadding-2-percent\u00a0\u00bb column_padding_position=\u00a0\u00bball\u00a0\u00bb centered_text=\u00a0\u00bbtrue\u00a0\u00bb background_color_opacity=\u00a0\u00bb1&Prime; background_hover_color_opacity=\u00a0\u00bb1&Prime; column_shadow=\u00a0\u00bbnone\u00a0\u00bb column_border_radius=\u00a0\u00bbnone\u00a0\u00bb column_link_target=\u00a0\u00bb_self\u00a0\u00bb width=\u00a0\u00bb1\/3&Prime; tablet_width_inherit=\u00a0\u00bbdefault\u00a0\u00bb overlay_strength=\u00a0\u00bb0.3&Prime; column_border_width=\u00a0\u00bbnone\u00a0\u00bb column_border_style=\u00a0\u00bbsolid\u00a0\u00bb bg_image_animation=\u00a0\u00bbnone\u00a0\u00bb enable_animation=\u00a0\u00bbtrue\u00a0\u00bb animation=\u00a0\u00bbfade-in-from-right\u00a0\u00bb delay=\u00a0\u00bb150&Prime;][image_with_animation image_url=\u00a0\u00bb215&Prime; alignment=\u00a0\u00bbcenter\u00a0\u00bb animation=\u00a0\u00bbFade In\u00a0\u00bb hover_animation=\u00a0\u00bbnone\u00a0\u00bb border_radius=\u00a0\u00bbnone\u00a0\u00bb box_shadow=\u00a0\u00bbnone\u00a0\u00bb image_loading=\u00a0\u00bblazy-load\u00a0\u00bb max_width=\u00a0\u00bb75%\u00a0\u00bb max_width_mobile=\u00a0\u00bbdefault\u00a0\u00bb][\/vc_column_inner][\/vc_row_inner][\/vc_column][\/vc_row][vc_row type=\u00a0\u00bbin_container\u00a0\u00bb full_screen_row_position=\u00a0\u00bbmiddle\u00a0\u00bb column_margin=\u00a0\u00bbdefault\u00a0\u00bb scene_position=\u00a0\u00bbcenter\u00a0\u00bb text_color=\u00a0\u00bbdark\u00a0\u00bb text_align=\u00a0\u00bbleft\u00a0\u00bb top_padding=\u00a0\u00bb20&Prime; overlay_strength=\u00a0\u00bb0.3&Prime; shape_divider_position=\u00a0\u00bbbottom\u00a0\u00bb bg_image_animation=\u00a0\u00bbnone\u00a0\u00bb shape_type=\u00a0\u00bb\u00a0\u00bb][vc_column column_padding=\u00a0\u00bbno-extra-padding\u00a0\u00bb column_padding_position=\u00a0\u00bball\u00a0\u00bb background_color_opacity=\u00a0\u00bb1&Prime; background_hover_color_opacity=\u00a0\u00bb1&Prime; column_link_target=\u00a0\u00bb_self\u00a0\u00bb column_shadow=\u00a0\u00bbnone\u00a0\u00bb column_border_radius=\u00a0\u00bbnone\u00a0\u00bb width=\u00a0\u00bb1\/1&Prime; tablet_width_inherit=\u00a0\u00bbdefault\u00a0\u00bb tablet_text_alignment=\u00a0\u00bbdefault\u00a0\u00bb phone_text_alignment=\u00a0\u00bbdefault\u00a0\u00bb overlay_strength=\u00a0\u00bb0.3&Prime; column_border_width=\u00a0\u00bbnone\u00a0\u00bb column_border_style=\u00a0\u00bbsolid\u00a0\u00bb bg_image_animation=\u00a0\u00bbnone\u00a0\u00bb][vc_column_text css=\u00a0\u00bb.vc_custom_1716454191457{padding-top: 12px !important;padding-bottom: 12px !important;}\u00a0\u00bb]\n<h3 style=\"color: #cc4444;\"><span style=\"color: #f66933;\">De quoi s\u2019agit-il ?<\/span><\/h3>\n<p><strong>Il s\u2019agit d\u2019une aide individuelle finan\u00e7ant des actions de formation \u00e0 la conduite pour le permis de conduire B.<\/strong><\/p>\n<p>Le jeune ou un repr\u00e9sentant de la structure qui l\u2019accompagne d\u00e9pose une demande et joint les justificatifs n\u00e9cessaires.<br \/>\nSeules les demandes compl\u00e8tes peuvent \u00eatre \u00e9tudi\u00e9es.<br \/>\nApr\u00e8s v\u00e9rification des pi\u00e8ces, une notification d\u2019accord ou de refus est envoy\u00e9e.<\/p>\n<p>L\u2019aide prend la forme d\u2019un ch\u00e8que \u00ab aide au permis \u00bb de 1300\u20ac d\u00e9compos\u00e9 en 3 coupons : le premier d\u2019une valeur de 300\u20ac et les deux suivants de 500\u20ac.[\/vc_column_text][vc_column_text css=\u00a0\u00bb.vc_custom_1716454069000{padding-top: 12px !important;padding-bottom: 12px !important;}\u00a0\u00bb]\n<h3 style=\"color: #cc4444;\"><span style=\"color: #f66933;\">Qui peut en b\u00e9n\u00e9ficier ?<\/span><\/h3>\n<p><strong>Jeunes \u00e2g\u00e9s de 18 \u00e0 25 ans<\/strong>, habitant en \u00cele-de-France, inscrits dans une d\u00e9marche d\u2019insertion professionnelle, et \u00e9tant dans l\u2019une des situations suivantes :<\/p>\n<ul>\n<li>Stagiaires de la formation professionnelle inscrits dans une formation financ\u00e9e par la R\u00e9gion,<\/li>\n<li>Inscrits et suivis en mission locale, signataires d\u2019un parcours contractualis\u00e9 d\u2019accompagnement vers l\u2019emploi et l\u2019autonomie (PACEA), dont le projet professionnel n\u00e9cessite l\u2019obtention du permis,<\/li>\n<li>Signataires d\u2019un contrat d\u2019engagement jeune (CEJ),<\/li>\n<li>Demandeurs d\u2019emploi r\u00e9sidant dans un quartier politique de la ville (condition v\u00e9rifiable sur <a href=\"https:\/\/sig.ville.gouv.fr\/\" target=\"_blank\" rel=\"noopener\">sig.ville.gouv.fr<\/a>) ou en zone rurale (d\u00e9finie au <a href=\"https:\/\/www.iledefrance.fr\/sites\/default\/files\/medias\/rapports\/RAPCR2019-012RAP.pdf\" target=\"_blank\" rel=\"noopener\">Pacte rural de la R\u00e9gion<\/a> : communes de moins de 10 000 habitants hors m\u00e9tropole Grand Paris et communes d\u2019un EPCI rural dont le si\u00e8ge est situ\u00e9 hors unit\u00e9 urbaine de Paris).<\/li>\n<\/ul>\n[\/vc_column_text][vc_column_text css=\u00a0\u00bb.vc_custom_1716454082065{padding-top: 12px !important;padding-bottom: 12px !important;}\u00a0\u00bb]\n<h3 style=\"color: #cc4444;\"><span style=\"color: #f66933;\">Quelle est la nature de l\u2019aide ?<\/span><\/h3>\n<p><strong>Montant maximum de l\u2019aide : 1300\u20ac <\/strong>(l\u2019aide est vers\u00e9e dans la limite des cr\u00e9dits disponibles).<\/p>\n<p><strong>L\u2019aide fait l\u2019objet de 3 versements \u00e0 l\u2019auto-\u00e9cole :<\/strong><\/p>\n<ul>\n<li>Un 1er versement forfaitaire de 300\u20ac vient valider la d\u00e9marche de formation engag\u00e9e, attest\u00e9e par le contrat de formation avec l\u2019auto-\u00e9cole,<\/li>\n<li>Un 2e versement de 500\u20ac pour la poursuite de la pr\u00e9paration \u00e0 l\u2019examen du permis de conduire conditionn\u00e9 \u00e0 la transmission par l\u2019auto-\u00e9cole du justificatif des heures\/prestations r\u00e9alis\u00e9es dans le premier temps,<\/li>\n<li>Un 3e versement de 500\u20ac conditionn\u00e9 \u00e0 la transmission des heures r\u00e9alis\u00e9es lors du 2e et dernier temps.<\/li>\n<\/ul>\n[\/vc_column_text][\/vc_column][\/vc_row][vc_row type=\u00a0\u00bbfull_width_background\u00a0\u00bb full_screen_row_position=\u00a0\u00bbmiddle\u00a0\u00bb equal_height=\u00a0\u00bbyes\u00a0\u00bb content_placement=\u00a0\u00bbmiddle\u00a0\u00bb column_margin=\u00a0\u00bbdefault\u00a0\u00bb bg_color=\u00a0\u00bb#292929&Prime; scene_position=\u00a0\u00bbcenter\u00a0\u00bb text_color=\u00a0\u00bblight\u00a0\u00bb text_align=\u00a0\u00bbleft\u00a0\u00bb overlay_strength=\u00a0\u00bb0.3&Prime; shape_divider_position=\u00a0\u00bbbottom\u00a0\u00bb bg_image_animation=\u00a0\u00bbnone\u00a0\u00bb shape_type=\u00a0\u00bb\u00a0\u00bb][vc_column centered_text=\u00a0\u00bbtrue\u00a0\u00bb column_padding=\u00a0\u00bbpadding-2-percent\u00a0\u00bb column_padding_position=\u00a0\u00bball\u00a0\u00bb background_color_opacity=\u00a0\u00bb1&Prime; background_hover_color_opacity=\u00a0\u00bb1&Prime; column_link_target=\u00a0\u00bb_self\u00a0\u00bb column_shadow=\u00a0\u00bbnone\u00a0\u00bb column_border_radius=\u00a0\u00bbnone\u00a0\u00bb width=\u00a0\u00bb1\/4&Prime; tablet_width_inherit=\u00a0\u00bbdefault\u00a0\u00bb tablet_text_alignment=\u00a0\u00bbdefault\u00a0\u00bb phone_text_alignment=\u00a0\u00bbdefault\u00a0\u00bb overlay_strength=\u00a0\u00bb0.3&Prime; column_border_width=\u00a0\u00bbnone\u00a0\u00bb column_border_style=\u00a0\u00bbsolid\u00a0\u00bb bg_image_animation=\u00a0\u00bbnone\u00a0\u00bb][vc_raw_html]JTNDaWZyYW1lJTIwc2FuZGJveCUzRCUyN2FsbG93LXNjcmlwdHMlMjBhbGxvdy1mb3JtcyUyMGFsbG93LXNhbWUtb3JpZ2luJTI3JTIwc3JjJTNEJTI3aHR0cHMlM0ElMkYlMkZ3d3cudnJvb212cm9vbS5mciUyRnJhdGluZ3MlMkZjb21wYWN0JTNGc2Nob29sX2lkJTNENThlMTFmZjY2M2I1MmUwMDA0N2VjODQ4JTI2cG9zaXRpdmUlM0R0cnVlJTI3JTIwd2lkdGglM0QlMjcxNzRweCUyNyUyMGhlaWdodCUzRCUyNzE3NHB4JTI3JTIwaWQlM0QlMjd2dlJhdGluZ0lmcmFtZSUyNyUyMHN0eWxlJTNEJTI3Ym9yZGVyLXN0eWxlJTNBJTIwbm9uZSUzQiUyNyUzRSUzQyUyRmlmcmFtZSUzRQ==[\/vc_raw_html][\/vc_column][vc_column column_padding=\u00a0\u00bbno-extra-padding\u00a0\u00bb column_padding_position=\u00a0\u00bball\u00a0\u00bb background_color_opacity=\u00a0\u00bb1&Prime; background_hover_color_opacity=\u00a0\u00bb1&Prime; column_link_target=\u00a0\u00bb_self\u00a0\u00bb column_shadow=\u00a0\u00bbnone\u00a0\u00bb column_border_radius=\u00a0\u00bbnone\u00a0\u00bb width=\u00a0\u00bb3\/4&Prime; tablet_width_inherit=\u00a0\u00bbdefault\u00a0\u00bb tablet_text_alignment=\u00a0\u00bbdefault\u00a0\u00bb phone_text_alignment=\u00a0\u00bbdefault\u00a0\u00bb overlay_strength=\u00a0\u00bb0.3&Prime; column_border_width=\u00a0\u00bbnone\u00a0\u00bb column_border_style=\u00a0\u00bbsolid\u00a0\u00bb bg_image_animation=\u00a0\u00bbnone\u00a0\u00bb][vc_column_text]\n<h3 style=\"color: #cea35a!important;\"><span style=\"color: #f66933;\">Nos anciens \u00e9l\u00e8ves donnent leur avis !<\/span><\/h3>\n<p>Consultez les commentaires laiss\u00e9s par les anciens \u00e9l\u00e8ves ayant fait confiance \u00e0 Driving Sek Auto-\u00e9cole. Ce sont eux qui parlent le mieux de nous ! Consultez les avis laiss\u00e9s sur VroomVroom et sur Google. <a style=\"color: #cea35a;\" href=\"http:\/\/de-vv.com\/drivingsek\/avis\/\"><span style=\"color: #f66933;\">Lire les avis<\/span><\/a>.[\/vc_column_text][\/vc_column][\/vc_row][vc_row type=\u00a0\u00bbfull_width_background\u00a0\u00bb full_screen_row_position=\u00a0\u00bbmiddle\u00a0\u00bb column_margin=\u00a0\u00bbdefault\u00a0\u00bb bg_image=\u00a0\u00bb143&Prime; bg_position=\u00a0\u00bbcenter center\u00a0\u00bb bg_repeat=\u00a0\u00bbno-repeat\u00a0\u00bb scene_position=\u00a0\u00bbcenter\u00a0\u00bb text_color=\u00a0\u00bbdark\u00a0\u00bb text_align=\u00a0\u00bbleft\u00a0\u00bb top_padding=\u00a0\u00bb30&Prime; bottom_padding=\u00a0\u00bb30&Prime; color_overlay=\u00a0\u00bb#000000&Prime; overlay_strength=\u00a0\u00bb0.5&Prime; shape_divider_position=\u00a0\u00bbbottom\u00a0\u00bb bg_image_animation=\u00a0\u00bbnone\u00a0\u00bb shape_type=\u00a0\u00bb\u00a0\u00bb][vc_column centered_text=\u00a0\u00bbtrue\u00a0\u00bb column_padding=\u00a0\u00bbpadding-2-percent\u00a0\u00bb column_padding_position=\u00a0\u00bball\u00a0\u00bb background_color_opacity=\u00a0\u00bb1&Prime; background_hover_color_opacity=\u00a0\u00bb1&Prime; font_color=\u00a0\u00bb#ffffff\u00a0\u00bb column_link_target=\u00a0\u00bb_self\u00a0\u00bb column_shadow=\u00a0\u00bbnone\u00a0\u00bb column_border_radius=\u00a0\u00bbnone\u00a0\u00bb width=\u00a0\u00bb1\/1&Prime; tablet_width_inherit=\u00a0\u00bbdefault\u00a0\u00bb tablet_text_alignment=\u00a0\u00bbdefault\u00a0\u00bb phone_text_alignment=\u00a0\u00bbdefault\u00a0\u00bb overlay_strength=\u00a0\u00bb0.3&Prime; column_border_width=\u00a0\u00bbnone\u00a0\u00bb column_border_style=\u00a0\u00bbsolid\u00a0\u00bb bg_image_animation=\u00a0\u00bbnone\u00a0\u00bb][vc_column_text]\n<h2 style=\"text-align: center; color: #fff;\">Vous avez une question ?<\/h2>\n[\/vc_column_text][vc_column_text]\n<p style=\"text-align: center;\">Vous avez une question sur nos formations ? Vous souhaitez conna\u00eetre la d\u00e9marche \u00e0 suivre pour vous inscrire ? Envoyez nous un message avec vos coordonn\u00e9es, nous vous recontacterons au plus vite.<\/p>\n[\/vc_column_text][nectar_btn size=\u00a0\u00bblarge\u00a0\u00bb button_style=\u00a0\u00bbregular-tilt\u00a0\u00bb button_color=\u00a0\u00bbExtra-Color-2&Prime; solid_text_color_override=\u00a0\u00bb#000000&Prime; icon_family=\u00a0\u00bbfontawesome\u00a0\u00bb url=\u00a0\u00bbhttp:\/\/de-vv.com\/drivingsek\/contact\/\u00a0\u00bb text=\u00a0\u00bbEnvoyer un message\u00a0\u00bb icon_fontawesome=\u00a0\u00bbfa fa-envelope-open-o\u00a0\u00bb margin_right=\u00a0\u00bb12&Prime; margin_left=\u00a0\u00bb12&Prime;][nectar_btn size=\u00a0\u00bblarge\u00a0\u00bb button_style=\u00a0\u00bbregular-tilt\u00a0\u00bb button_color=\u00a0\u00bbAccent-Color\u00a0\u00bb icon_family=\u00a0\u00bbfontawesome\u00a0\u00bb url=\u00a0\u00bbtel:01.39.77.21.77&Prime; text=\u00a0\u00bb01 39 77 21 77&Prime; icon_fontawesome=\u00a0\u00bbfa fa-mobile\u00a0\u00bb margin_right=\u00a0\u00bb12&Prime; margin_left=\u00a0\u00bb12&Prime;][\/vc_column][\/vc_row]\n","protected":false},"excerpt":{"rendered":"<p>[vc_row type=\u00a0\u00bbfull_width_background\u00a0\u00bb full_screen_row_position=\u00a0\u00bbmiddle\u00a0\u00bb equal_height=\u00a0\u00bbyes\u00a0\u00bb content_placement=\u00a0\u00bbmiddle\u00a0\u00bb column_margin=\u00a0\u00bbdefault\u00a0\u00bb bg_color=\u00a0\u00bb#fee8d5&Prime; scene_position=\u00a0\u00bbcenter\u00a0\u00bb text_color=\u00a0\u00bbdark\u00a0\u00bb text_align=\u00a0\u00bbleft\u00a0\u00bb top_padding=\u00a0\u00bb140&Prime; overlay_strength=\u00a0\u00bb0.3&Prime; shape_divider_position=\u00a0\u00bbbottom\u00a0\u00bb bg_image_animation=\u00a0\u00bbnone\u00a0\u00bb shape_type=\u00a0\u00bb\u00a0\u00bb][vc_column column_padding=\u00a0\u00bbpadding-2-percent\u00a0\u00bb column_padding_position=\u00a0\u00bball\u00a0\u00bb background_color_opacity=\u00a0\u00bb1&Prime; background_hover_color_opacity=\u00a0\u00bb1&Prime; column_link_target=\u00a0\u00bb_self\u00a0\u00bb column_shadow=\u00a0\u00bbnone\u00a0\u00bb column_border_radius=\u00a0\u00bbnone\u00a0\u00bb width=\u00a0\u00bb1\/1&Prime; tablet_width_inherit=\u00a0\u00bbdefault\u00a0\u00bb tablet_text_alignment=\u00a0\u00bbdefault\u00a0\u00bb phone_text_alignment=\u00a0\u00bbdefault\u00a0\u00bb overlay_strength=\u00a0\u00bb0.3&Prime; column_border_width=\u00a0\u00bbnone\u00a0\u00bb column_border_style=\u00a0\u00bbsolid\u00a0\u00bb bg_image_animation=\u00a0\u00bbnone\u00a0\u00bb][vc_row_inner&#8230;<\/p>\n","protected":false},"author":1,"featured_media":215,"parent":0,"menu_order":0,"comment_status":"closed","ping_status":"closed","template":"","meta":{"footnotes":""},"yoast_head":"<!-- This site is optimized with the Yoast SEO plugin v24.5 - https:\/\/yoast.com\/wordpress\/plugins\/seo\/ -->\n<title>Aide au permis de la r\u00e9gion \u00cele-de-France avec l&#039;Auto-\u00e9cole Driving SEK \u00e0 Poissy<\/title>\n<meta name=\"description\" content=\"La R\u00e9gion \u00cele-de-France finance le permis B jusqu\u2019\u00e0 1300\u20ac, sans avance ! L&#039;Auto-\u00e9cole Driving SEK de Poissy vous permet d&#039;en b\u00e9n\u00e9ficier.\" \/>\n<meta name=\"robots\" content=\"noindex, follow, max-snippet:-1, max-image-preview:large, max-video-preview:-1\" \/>\n<meta property=\"og:locale\" content=\"fr_FR\" \/>\n<meta property=\"og:type\" content=\"article\" \/>\n<meta property=\"og:title\" content=\"Aide au permis de la r\u00e9gion \u00cele-de-France avec l&#039;Auto-\u00e9cole Driving SEK \u00e0 Poissy\" \/>\n<meta property=\"og:description\" content=\"La R\u00e9gion \u00cele-de-France finance le permis B jusqu\u2019\u00e0 1300\u20ac, sans avance ! L&#039;Auto-\u00e9cole Driving SEK de Poissy vous permet d&#039;en b\u00e9n\u00e9ficier.\" \/>\n<meta property=\"og:url\" content=\"http:\/\/de-vv.com\/drivingsek\/aide-de-la-region-idf\/\" \/>\n<meta property=\"og:site_name\" content=\"Auto-\u00e9cole Driving SEK \u00e0 Poissy\" \/>\n<meta property=\"article:modified_time\" content=\"2024-05-23T18:21:13+00:00\" \/>\n<meta property=\"og:image\" content=\"http:\/\/de-vv.com\/drivingsek\/wp-content\/uploads\/2024\/05\/Aide-au-permis-Region-Ile-de-France-Auto-ecole-des-Vignes.png\" \/>\n\t<meta property=\"og:image:width\" content=\"400\" \/>\n\t<meta property=\"og:image:height\" content=\"379\" \/>\n\t<meta property=\"og:image:type\" content=\"image\/png\" \/>\n<meta name=\"twitter:card\" content=\"summary_large_image\" \/>\n<meta name=\"twitter:label1\" content=\"Dur\u00e9e de lecture estim\u00e9e\" \/>\n\t<meta name=\"twitter:data1\" content=\"4 minutes\" \/>\n<script type=\"application\/ld+json\" class=\"yoast-schema-graph\">{\"@context\":\"https:\/\/schema.org\",\"@graph\":[{\"@type\":\"WebPage\",\"@id\":\"http:\/\/de-vv.com\/drivingsek\/aide-de-la-region-idf\/\",\"url\":\"http:\/\/de-vv.com\/drivingsek\/aide-de-la-region-idf\/\",\"name\":\"Aide au permis de la r\u00e9gion \u00cele-de-France avec l'Auto-\u00e9cole Driving SEK \u00e0 Poissy\",\"isPartOf\":{\"@id\":\"http:\/\/de-vv.com\/drivingsek\/#website\"},\"primaryImageOfPage\":{\"@id\":\"http:\/\/de-vv.com\/drivingsek\/aide-de-la-region-idf\/#primaryimage\"},\"image\":{\"@id\":\"http:\/\/de-vv.com\/drivingsek\/aide-de-la-region-idf\/#primaryimage\"},\"thumbnailUrl\":\"http:\/\/de-vv.com\/drivingsek\/wp-content\/uploads\/2024\/05\/Aide-au-permis-Region-Ile-de-France-Auto-ecole-des-Vignes.png\",\"datePublished\":\"2024-05-22T12:39:08+00:00\",\"dateModified\":\"2024-05-23T18:21:13+00:00\",\"description\":\"La R\u00e9gion \u00cele-de-France finance le permis B jusqu\u2019\u00e0 1300\u20ac, sans avance ! L'Auto-\u00e9cole Driving SEK de Poissy vous permet d'en b\u00e9n\u00e9ficier.\",\"breadcrumb\":{\"@id\":\"http:\/\/de-vv.com\/drivingsek\/aide-de-la-region-idf\/#breadcrumb\"},\"inLanguage\":\"fr-FR\",\"potentialAction\":[{\"@type\":\"ReadAction\",\"target\":[\"http:\/\/de-vv.com\/drivingsek\/aide-de-la-region-idf\/\"]}]},{\"@type\":\"ImageObject\",\"inLanguage\":\"fr-FR\",\"@id\":\"http:\/\/de-vv.com\/drivingsek\/aide-de-la-region-idf\/#primaryimage\",\"url\":\"http:\/\/de-vv.com\/drivingsek\/wp-content\/uploads\/2024\/05\/Aide-au-permis-Region-Ile-de-France-Auto-ecole-des-Vignes.png\",\"contentUrl\":\"http:\/\/de-vv.com\/drivingsek\/wp-content\/uploads\/2024\/05\/Aide-au-permis-Region-Ile-de-France-Auto-ecole-des-Vignes.png\",\"width\":400,\"height\":379},{\"@type\":\"BreadcrumbList\",\"@id\":\"http:\/\/de-vv.com\/drivingsek\/aide-de-la-region-idf\/#breadcrumb\",\"itemListElement\":[{\"@type\":\"ListItem\",\"position\":1,\"name\":\"Accueil\",\"item\":\"http:\/\/de-vv.com\/drivingsek\/\"},{\"@type\":\"ListItem\",\"position\":2,\"name\":\"Aide de la r\u00e9gion IDF\"}]},{\"@type\":\"WebSite\",\"@id\":\"http:\/\/de-vv.com\/drivingsek\/#website\",\"url\":\"http:\/\/de-vv.com\/drivingsek\/\",\"name\":\"Auto-\u00e9cole Driving SEK \u00e0 Poissy\",\"description\":\"Formation au permis de conduire\",\"potentialAction\":[{\"@type\":\"SearchAction\",\"target\":{\"@type\":\"EntryPoint\",\"urlTemplate\":\"http:\/\/de-vv.com\/drivingsek\/?s={search_term_string}\"},\"query-input\":{\"@type\":\"PropertyValueSpecification\",\"valueRequired\":true,\"valueName\":\"search_term_string\"}}],\"inLanguage\":\"fr-FR\"}]}<\/script>\n<!-- \/ Yoast SEO plugin. -->","yoast_head_json":{"title":"Aide au permis de la r\u00e9gion \u00cele-de-France avec l'Auto-\u00e9cole Driving SEK \u00e0 Poissy","description":"La R\u00e9gion \u00cele-de-France finance le permis B jusqu\u2019\u00e0 1300\u20ac, sans avance ! L'Auto-\u00e9cole Driving SEK de Poissy vous permet d'en b\u00e9n\u00e9ficier.","robots":{"index":"noindex","follow":"follow","max-snippet":"max-snippet:-1","max-image-preview":"max-image-preview:large","max-video-preview":"max-video-preview:-1"},"og_locale":"fr_FR","og_type":"article","og_title":"Aide au permis de la r\u00e9gion \u00cele-de-France avec l'Auto-\u00e9cole Driving SEK \u00e0 Poissy","og_description":"La R\u00e9gion \u00cele-de-France finance le permis B jusqu\u2019\u00e0 1300\u20ac, sans avance ! L'Auto-\u00e9cole Driving SEK de Poissy vous permet d'en b\u00e9n\u00e9ficier.","og_url":"http:\/\/de-vv.com\/drivingsek\/aide-de-la-region-idf\/","og_site_name":"Auto-\u00e9cole Driving SEK \u00e0 Poissy","article_modified_time":"2024-05-23T18:21:13+00:00","og_image":[{"width":400,"height":379,"url":"http:\/\/de-vv.com\/drivingsek\/wp-content\/uploads\/2024\/05\/Aide-au-permis-Region-Ile-de-France-Auto-ecole-des-Vignes.png","type":"image\/png"}],"twitter_card":"summary_large_image","twitter_misc":{"Dur\u00e9e de lecture estim\u00e9e":"4 minutes"},"schema":{"@context":"https:\/\/schema.org","@graph":[{"@type":"WebPage","@id":"http:\/\/de-vv.com\/drivingsek\/aide-de-la-region-idf\/","url":"http:\/\/de-vv.com\/drivingsek\/aide-de-la-region-idf\/","name":"Aide au permis de la r\u00e9gion \u00cele-de-France avec l'Auto-\u00e9cole Driving SEK \u00e0 Poissy","isPartOf":{"@id":"http:\/\/de-vv.com\/drivingsek\/#website"},"primaryImageOfPage":{"@id":"http:\/\/de-vv.com\/drivingsek\/aide-de-la-region-idf\/#primaryimage"},"image":{"@id":"http:\/\/de-vv.com\/drivingsek\/aide-de-la-region-idf\/#primaryimage"},"thumbnailUrl":"http:\/\/de-vv.com\/drivingsek\/wp-content\/uploads\/2024\/05\/Aide-au-permis-Region-Ile-de-France-Auto-ecole-des-Vignes.png","datePublished":"2024-05-22T12:39:08+00:00","dateModified":"2024-05-23T18:21:13+00:00","description":"La R\u00e9gion \u00cele-de-France finance le permis B jusqu\u2019\u00e0 1300\u20ac, sans avance ! L'Auto-\u00e9cole Driving SEK de Poissy vous permet d'en b\u00e9n\u00e9ficier.","breadcrumb":{"@id":"http:\/\/de-vv.com\/drivingsek\/aide-de-la-region-idf\/#breadcrumb"},"inLanguage":"fr-FR","potentialAction":[{"@type":"ReadAction","target":["http:\/\/de-vv.com\/drivingsek\/aide-de-la-region-idf\/"]}]},{"@type":"ImageObject","inLanguage":"fr-FR","@id":"http:\/\/de-vv.com\/drivingsek\/aide-de-la-region-idf\/#primaryimage","url":"http:\/\/de-vv.com\/drivingsek\/wp-content\/uploads\/2024\/05\/Aide-au-permis-Region-Ile-de-France-Auto-ecole-des-Vignes.png","contentUrl":"http:\/\/de-vv.com\/drivingsek\/wp-content\/uploads\/2024\/05\/Aide-au-permis-Region-Ile-de-France-Auto-ecole-des-Vignes.png","width":400,"height":379},{"@type":"BreadcrumbList","@id":"http:\/\/de-vv.com\/drivingsek\/aide-de-la-region-idf\/#breadcrumb","itemListElement":[{"@type":"ListItem","position":1,"name":"Accueil","item":"http:\/\/de-vv.com\/drivingsek\/"},{"@type":"ListItem","position":2,"name":"Aide de la r\u00e9gion IDF"}]},{"@type":"WebSite","@id":"http:\/\/de-vv.com\/drivingsek\/#website","url":"http:\/\/de-vv.com\/drivingsek\/","name":"Auto-\u00e9cole Driving SEK \u00e0 Poissy","description":"Formation au permis de conduire","potentialAction":[{"@type":"SearchAction","target":{"@type":"EntryPoint","urlTemplate":"http:\/\/de-vv.com\/drivingsek\/?s={search_term_string}"},"query-input":{"@type":"PropertyValueSpecification","valueRequired":true,"valueName":"search_term_string"}}],"inLanguage":"fr-FR"}]}},"_links":{"self":[{"href":"http:\/\/de-vv.com\/drivingsek\/wp-json\/wp\/v2\/pages\/151"}],"collection":[{"href":"http:\/\/de-vv.com\/drivingsek\/wp-json\/wp\/v2\/pages"}],"about":[{"href":"http:\/\/de-vv.com\/drivingsek\/wp-json\/wp\/v2\/types\/page"}],"author":[{"embeddable":true,"href":"http:\/\/de-vv.com\/drivingsek\/wp-json\/wp\/v2\/users\/1"}],"replies":[{"embeddable":true,"href":"http:\/\/de-vv.com\/drivingsek\/wp-json\/wp\/v2\/comments?post=151"}],"version-history":[{"count":9,"href":"http:\/\/de-vv.com\/drivingsek\/wp-json\/wp\/v2\/pages\/151\/revisions"}],"predecessor-version":[{"id":351,"href":"http:\/\/de-vv.com\/drivingsek\/wp-json\/wp\/v2\/pages\/151\/revisions\/351"}],"wp:featuredmedia":[{"embeddable":true,"href":"http:\/\/de-vv.com\/drivingsek\/wp-json\/wp\/v2\/media\/215"}],"wp:attachment":[{"href":"http:\/\/de-vv.com\/drivingsek\/wp-json\/wp\/v2\/media?parent=151"}],"curies":[{"name":"wp","href":"https:\/\/api.w.org\/{rel}","templated":true}]}}