{"id":153,"date":"2024-05-22T14:39:19","date_gmt":"2024-05-22T12:39:19","guid":{"rendered":"http:\/\/de-vv.com\/drivingsek\/?page_id=153"},"modified":"2024-05-23T20:35:08","modified_gmt":"2024-05-23T18:35:08","slug":"permis-a-1e-par-jour","status":"publish","type":"page","link":"http:\/\/de-vv.com\/drivingsek\/permis-a-1e-par-jour\/","title":{"rendered":"Permis \u00e0 1\u20ac par jour"},"content":{"rendered":"[vc_row type=\u00a0\u00bbfull_width_background\u00a0\u00bb full_screen_row_position=\u00a0\u00bbmiddle\u00a0\u00bb equal_height=\u00a0\u00bbyes\u00a0\u00bb content_placement=\u00a0\u00bbmiddle\u00a0\u00bb column_margin=\u00a0\u00bbdefault\u00a0\u00bb bg_color=\u00a0\u00bb#fee8d5&Prime; scene_position=\u00a0\u00bbcenter\u00a0\u00bb text_color=\u00a0\u00bbdark\u00a0\u00bb text_align=\u00a0\u00bbleft\u00a0\u00bb top_padding=\u00a0\u00bb140&Prime; overlay_strength=\u00a0\u00bb0.3&Prime; shape_divider_position=\u00a0\u00bbbottom\u00a0\u00bb bg_image_animation=\u00a0\u00bbnone\u00a0\u00bb shape_type=\u00a0\u00bb\u00a0\u00bb][vc_column column_padding=\u00a0\u00bbpadding-2-percent\u00a0\u00bb column_padding_position=\u00a0\u00bball\u00a0\u00bb background_color_opacity=\u00a0\u00bb1&Prime; background_hover_color_opacity=\u00a0\u00bb1&Prime; column_link_target=\u00a0\u00bb_self\u00a0\u00bb column_shadow=\u00a0\u00bbnone\u00a0\u00bb column_border_radius=\u00a0\u00bbnone\u00a0\u00bb width=\u00a0\u00bb1\/1&Prime; tablet_width_inherit=\u00a0\u00bbdefault\u00a0\u00bb tablet_text_alignment=\u00a0\u00bbdefault\u00a0\u00bb phone_text_alignment=\u00a0\u00bbdefault\u00a0\u00bb overlay_strength=\u00a0\u00bb0.3&Prime; column_border_width=\u00a0\u00bbnone\u00a0\u00bb column_border_style=\u00a0\u00bbsolid\u00a0\u00bb bg_image_animation=\u00a0\u00bbnone\u00a0\u00bb][vc_row_inner equal_height=\u00a0\u00bbyes\u00a0\u00bb content_placement=\u00a0\u00bbmiddle\u00a0\u00bb column_margin=\u00a0\u00bbdefault\u00a0\u00bb top_padding=\u00a0\u00bb10&Prime; text_align=\u00a0\u00bbleft\u00a0\u00bb][vc_column_inner column_padding=\u00a0\u00bbno-extra-padding\u00a0\u00bb column_padding_position=\u00a0\u00bball\u00a0\u00bb background_color_opacity=\u00a0\u00bb1&Prime; background_hover_color_opacity=\u00a0\u00bb1&Prime; column_shadow=\u00a0\u00bbnone\u00a0\u00bb column_border_radius=\u00a0\u00bbnone\u00a0\u00bb column_link_target=\u00a0\u00bb_self\u00a0\u00bb width=\u00a0\u00bb2\/3&Prime; tablet_width_inherit=\u00a0\u00bbdefault\u00a0\u00bb overlay_strength=\u00a0\u00bb0.3&Prime; column_border_width=\u00a0\u00bbnone\u00a0\u00bb column_border_style=\u00a0\u00bbsolid\u00a0\u00bb bg_image_animation=\u00a0\u00bbnone\u00a0\u00bb][vc_column_text]\n<h1>Le dispositif Permis \u00e0 1\u20ac par jour<\/h1>\n[\/vc_column_text][vc_column_text css=\u00a0\u00bb.vc_custom_1716454950521{padding-top: 12px !important;padding-bottom: 12px !important;}\u00a0\u00bb]Vous avez entre 16 et 25 ans et vous souhaitez passer votre permis de conduire ? La s\u00e9curit\u00e9 routi\u00e8re \u00e0 lanc\u00e9 le \u00ab\u00a0<a href=\"https:\/\/www.securite-routiere.gouv.fr\/passer-son-permis-de-conduire\/financement-du-permis-de-conduire\/permis-1-eu-par-jour\" target=\"_blank\" rel=\"noopener\">permis \u00e0 1 euro par jour<\/a>\u00a0\u00bb. L\u2019objectif est de vous faciliter l\u2019acc\u00e8s au permis de conduire, dont le co\u00fbt peut repr\u00e9senter un frein et notamment un obstacle fort \u00e0 l\u2019obtention d\u2019un emploi.<\/p>\n<p>Mais cette op\u00e9ration a \u00e9galement pour vocation d\u2019am\u00e9liorer la qualit\u00e9 g\u00e9n\u00e9rale de la formation, gr\u00e2ce \u00e0 la signature d\u2019une charte, fond\u00e9e sur leur engagement dans une d\u00e9marche de qualit\u00e9.[\/vc_column_text][nectar_btn size=\u00a0\u00bblarge\u00a0\u00bb button_style=\u00a0\u00bbregular-tilt\u00a0\u00bb button_color=\u00a0\u00bbExtra-Color-1&Prime; solid_text_color_override=\u00a0\u00bb#ffffff\u00a0\u00bb icon_family=\u00a0\u00bbfontawesome\u00a0\u00bb url=\u00a0\u00bbhttp:\/\/de-vv.com\/drivingsek\/contact\/\u00a0\u00bb text=\u00a0\u00bbContactez nous\u00a0\u00bb margin_top=\u00a0\u00bb5&Prime; margin_right=\u00a0\u00bb10&Prime; margin_bottom=\u00a0\u00bb5&Prime; icon_fontawesome=\u00a0\u00bbfa fa-envelope-open-o\u00a0\u00bb margin_left=\u00a0\u00bb10&Prime;][nectar_btn size=\u00a0\u00bblarge\u00a0\u00bb button_style=\u00a0\u00bbregular-tilt\u00a0\u00bb button_color=\u00a0\u00bbAccent-Color\u00a0\u00bb solid_text_color_override=\u00a0\u00bb#ffffff\u00a0\u00bb icon_family=\u00a0\u00bbfontawesome\u00a0\u00bb url=\u00a0\u00bbtel:01.39.77.21.77&Prime; text=\u00a0\u00bb01 39 77 21 77&Prime; margin_top=\u00a0\u00bb5&Prime; margin_right=\u00a0\u00bb10&Prime; margin_bottom=\u00a0\u00bb5&Prime; icon_fontawesome=\u00a0\u00bbfa fa-mobile\u00a0\u00bb margin_left=\u00a0\u00bb10&Prime;][\/vc_column_inner][vc_column_inner column_padding=\u00a0\u00bbpadding-2-percent\u00a0\u00bb column_padding_position=\u00a0\u00bball\u00a0\u00bb centered_text=\u00a0\u00bbtrue\u00a0\u00bb background_color_opacity=\u00a0\u00bb1&Prime; background_hover_color_opacity=\u00a0\u00bb1&Prime; column_shadow=\u00a0\u00bbnone\u00a0\u00bb column_border_radius=\u00a0\u00bbnone\u00a0\u00bb column_link_target=\u00a0\u00bb_self\u00a0\u00bb width=\u00a0\u00bb1\/3&Prime; tablet_width_inherit=\u00a0\u00bbdefault\u00a0\u00bb overlay_strength=\u00a0\u00bb0.3&Prime; column_border_width=\u00a0\u00bbnone\u00a0\u00bb column_border_style=\u00a0\u00bbsolid\u00a0\u00bb bg_image_animation=\u00a0\u00bbnone\u00a0\u00bb enable_animation=\u00a0\u00bbtrue\u00a0\u00bb animation=\u00a0\u00bbfade-in-from-right\u00a0\u00bb delay=\u00a0\u00bb150&Prime;][image_with_animation image_url=\u00a0\u00bb122&Prime; alignment=\u00a0\u00bbcenter\u00a0\u00bb animation=\u00a0\u00bbFade In\u00a0\u00bb hover_animation=\u00a0\u00bbnone\u00a0\u00bb border_radius=\u00a0\u00bbnone\u00a0\u00bb box_shadow=\u00a0\u00bbnone\u00a0\u00bb image_loading=\u00a0\u00bblazy-load\u00a0\u00bb max_width=\u00a0\u00bb100%\u00a0\u00bb max_width_mobile=\u00a0\u00bbdefault\u00a0\u00bb][\/vc_column_inner][\/vc_row_inner][\/vc_column][\/vc_row][vc_row type=\u00a0\u00bbfull_width_background\u00a0\u00bb full_screen_row_position=\u00a0\u00bbmiddle\u00a0\u00bb equal_height=\u00a0\u00bbyes\u00a0\u00bb content_placement=\u00a0\u00bbmiddle\u00a0\u00bb column_margin=\u00a0\u00bbdefault\u00a0\u00bb bg_color=\u00a0\u00bb#292929&Prime; scene_position=\u00a0\u00bbcenter\u00a0\u00bb text_color=\u00a0\u00bblight\u00a0\u00bb text_align=\u00a0\u00bbleft\u00a0\u00bb overlay_strength=\u00a0\u00bb0.3&Prime; shape_divider_position=\u00a0\u00bbbottom\u00a0\u00bb bg_image_animation=\u00a0\u00bbnone\u00a0\u00bb shape_type=\u00a0\u00bb\u00a0\u00bb][vc_column centered_text=\u00a0\u00bbtrue\u00a0\u00bb column_padding=\u00a0\u00bbpadding-2-percent\u00a0\u00bb column_padding_position=\u00a0\u00bball\u00a0\u00bb background_color_opacity=\u00a0\u00bb1&Prime; background_hover_color_opacity=\u00a0\u00bb1&Prime; column_link_target=\u00a0\u00bb_self\u00a0\u00bb column_shadow=\u00a0\u00bbnone\u00a0\u00bb column_border_radius=\u00a0\u00bbnone\u00a0\u00bb width=\u00a0\u00bb1\/4&Prime; tablet_width_inherit=\u00a0\u00bbdefault\u00a0\u00bb tablet_text_alignment=\u00a0\u00bbdefault\u00a0\u00bb phone_text_alignment=\u00a0\u00bbdefault\u00a0\u00bb overlay_strength=\u00a0\u00bb0.3&Prime; column_border_width=\u00a0\u00bbnone\u00a0\u00bb column_border_style=\u00a0\u00bbsolid\u00a0\u00bb bg_image_animation=\u00a0\u00bbnone\u00a0\u00bb][image_with_animation image_url=\u00a0\u00bb132&Prime; alignment=\u00a0\u00bbcenter\u00a0\u00bb animation=\u00a0\u00bbFade In\u00a0\u00bb hover_animation=\u00a0\u00bbnone\u00a0\u00bb border_radius=\u00a0\u00bbnone\u00a0\u00bb box_shadow=\u00a0\u00bbnone\u00a0\u00bb image_loading=\u00a0\u00bblazy-load\u00a0\u00bb max_width=\u00a0\u00bb75%\u00a0\u00bb max_width_mobile=\u00a0\u00bbdefault\u00a0\u00bb][\/vc_column][vc_column column_padding=\u00a0\u00bbno-extra-padding\u00a0\u00bb column_padding_position=\u00a0\u00bball\u00a0\u00bb background_color_opacity=\u00a0\u00bb1&Prime; background_hover_color_opacity=\u00a0\u00bb1&Prime; column_link_target=\u00a0\u00bb_self\u00a0\u00bb column_shadow=\u00a0\u00bbnone\u00a0\u00bb column_border_radius=\u00a0\u00bbnone\u00a0\u00bb width=\u00a0\u00bb3\/4&Prime; tablet_width_inherit=\u00a0\u00bbdefault\u00a0\u00bb tablet_text_alignment=\u00a0\u00bbdefault\u00a0\u00bb phone_text_alignment=\u00a0\u00bbdefault\u00a0\u00bb overlay_strength=\u00a0\u00bb0.3&Prime; column_border_width=\u00a0\u00bbnone\u00a0\u00bb column_border_style=\u00a0\u00bbsolid\u00a0\u00bb bg_image_animation=\u00a0\u00bbnone\u00a0\u00bb][vc_column_text]\n<h3><span style=\"color: #f66933;\">Une auto-\u00e9cole de qualit\u00e9<\/span><\/h3>\n<p>Driving Sek Auto-\u00e9cole, s\u2019est engag\u00e9e dans une d\u00e9marche de qualit\u00e9 et a d\u00e9pos\u00e9 une demande en vue d\u2019obtenir le\u00a0<a href=\"https:\/\/www.securite-routiere.gouv.fr\/les-metiers-de-leducation-routiere\/obtenir-le-label-pour-son-ecole-de-conduite\" target=\"_blank\" rel=\"noopener\">label \u00ab qualit\u00e9 des formations au sein des \u00e9coles de conduite \u00bb<\/a>\u00a0d\u00e9cern\u00e9 par le Minist\u00e8re de l\u2019Int\u00e9rieur. Pour en savoir plus sur le contenu et le d\u00e9roulement de nos formations, nous vous invitons \u00e0 consulter ces\u00a0<a href=\"http:\/\/de-vv.com\/drivingsek\/informations-utiles\/\" target=\"_blank\" rel=\"noopener\">informations utiles<\/a>.[\/vc_column_text][\/vc_column][\/vc_row][vc_row type=\u00a0\u00bbfull_width_background\u00a0\u00bb full_screen_row_position=\u00a0\u00bbmiddle\u00a0\u00bb column_margin=\u00a0\u00bbdefault\u00a0\u00bb bg_image=\u00a0\u00bb143&Prime; bg_position=\u00a0\u00bbcenter center\u00a0\u00bb bg_repeat=\u00a0\u00bbno-repeat\u00a0\u00bb scene_position=\u00a0\u00bbcenter\u00a0\u00bb text_color=\u00a0\u00bblight\u00a0\u00bb text_align=\u00a0\u00bbleft\u00a0\u00bb top_padding=\u00a0\u00bb30&Prime; bottom_padding=\u00a0\u00bb30&Prime; color_overlay=\u00a0\u00bb#000000&Prime; overlay_strength=\u00a0\u00bb0.5&Prime; shape_divider_position=\u00a0\u00bbbottom\u00a0\u00bb bg_image_animation=\u00a0\u00bbnone\u00a0\u00bb shape_type=\u00a0\u00bb\u00a0\u00bb][vc_column centered_text=\u00a0\u00bbtrue\u00a0\u00bb column_padding=\u00a0\u00bbpadding-2-percent\u00a0\u00bb column_padding_position=\u00a0\u00bball\u00a0\u00bb background_color_opacity=\u00a0\u00bb1&Prime; background_hover_color_opacity=\u00a0\u00bb1&Prime; column_link_target=\u00a0\u00bb_self\u00a0\u00bb column_shadow=\u00a0\u00bbnone\u00a0\u00bb column_border_radius=\u00a0\u00bbnone\u00a0\u00bb width=\u00a0\u00bb1\/1&Prime; tablet_width_inherit=\u00a0\u00bbdefault\u00a0\u00bb tablet_text_alignment=\u00a0\u00bbdefault\u00a0\u00bb phone_text_alignment=\u00a0\u00bbdefault\u00a0\u00bb overlay_strength=\u00a0\u00bb0.3&Prime; column_border_width=\u00a0\u00bbnone\u00a0\u00bb column_border_style=\u00a0\u00bbsolid\u00a0\u00bb bg_image_animation=\u00a0\u00bbnone\u00a0\u00bb][vc_column_text]\n<h2 style=\"text-align: center; color: #fff;\">Vous avez une question ?<\/h2>\n[\/vc_column_text][vc_column_text]\n<p style=\"text-align: center;\">Vous avez une question sur nos formations ? Vous souhaitez conna\u00eetre la d\u00e9marche \u00e0 suivre pour vous inscrire ? Envoyez nous un message avec vos coordonn\u00e9es, nous vous recontacterons au plus vite.<\/p>\n[\/vc_column_text][nectar_btn size=\u00a0\u00bblarge\u00a0\u00bb button_style=\u00a0\u00bbregular-tilt\u00a0\u00bb button_color=\u00a0\u00bbExtra-Color-2&Prime; solid_text_color_override=\u00a0\u00bb#000000&Prime; icon_family=\u00a0\u00bbfontawesome\u00a0\u00bb margin_right=\u00a0\u00bb12&Prime; url=\u00a0\u00bbhttp:\/\/de-vv.com\/drivingsek\/contact\/\u00a0\u00bb text=\u00a0\u00bbEnvoyer un message\u00a0\u00bb icon_fontawesome=\u00a0\u00bbfa fa-envelope-open-o\u00a0\u00bb margin_left=\u00a0\u00bb12&Prime;][nectar_btn size=\u00a0\u00bblarge\u00a0\u00bb button_style=\u00a0\u00bbregular-tilt\u00a0\u00bb button_color=\u00a0\u00bbAccent-Color\u00a0\u00bb icon_family=\u00a0\u00bbfontawesome\u00a0\u00bb url=\u00a0\u00bbtel:01.39.77.21.77&Prime; text=\u00a0\u00bb01 39 77 21 77&Prime; icon_fontawesome=\u00a0\u00bbfa fa-mobile\u00a0\u00bb margin_right=\u00a0\u00bb12&Prime; margin_left=\u00a0\u00bb12&Prime;][\/vc_column][\/vc_row]\n","protected":false},"excerpt":{"rendered":"<p>[vc_row type=\u00a0\u00bbfull_width_background\u00a0\u00bb full_screen_row_position=\u00a0\u00bbmiddle\u00a0\u00bb equal_height=\u00a0\u00bbyes\u00a0\u00bb content_placement=\u00a0\u00bbmiddle\u00a0\u00bb column_margin=\u00a0\u00bbdefault\u00a0\u00bb bg_color=\u00a0\u00bb#fee8d5&Prime; scene_position=\u00a0\u00bbcenter\u00a0\u00bb text_color=\u00a0\u00bbdark\u00a0\u00bb text_align=\u00a0\u00bbleft\u00a0\u00bb top_padding=\u00a0\u00bb140&Prime; overlay_strength=\u00a0\u00bb0.3&Prime; shape_divider_position=\u00a0\u00bbbottom\u00a0\u00bb bg_image_animation=\u00a0\u00bbnone\u00a0\u00bb shape_type=\u00a0\u00bb\u00a0\u00bb][vc_column column_padding=\u00a0\u00bbpadding-2-percent\u00a0\u00bb column_padding_position=\u00a0\u00bball\u00a0\u00bb background_color_opacity=\u00a0\u00bb1&Prime; background_hover_color_opacity=\u00a0\u00bb1&Prime; column_link_target=\u00a0\u00bb_self\u00a0\u00bb column_shadow=\u00a0\u00bbnone\u00a0\u00bb column_border_radius=\u00a0\u00bbnone\u00a0\u00bb width=\u00a0\u00bb1\/1&Prime; tablet_width_inherit=\u00a0\u00bbdefault\u00a0\u00bb tablet_text_alignment=\u00a0\u00bbdefault\u00a0\u00bb phone_text_alignment=\u00a0\u00bbdefault\u00a0\u00bb overlay_strength=\u00a0\u00bb0.3&Prime; column_border_width=\u00a0\u00bbnone\u00a0\u00bb column_border_style=\u00a0\u00bbsolid\u00a0\u00bb bg_image_animation=\u00a0\u00bbnone\u00a0\u00bb][vc_row_inner&#8230;<\/p>\n","protected":false},"author":1,"featured_media":122,"parent":0,"menu_order":0,"comment_status":"closed","ping_status":"closed","template":"","meta":{"footnotes":""},"yoast_head":"<!-- This site is optimized with the Yoast SEO plugin v24.5 - https:\/\/yoast.com\/wordpress\/plugins\/seo\/ -->\n<title>Permis \u00e0 1\u20ac par jour - Auto-\u00e9cole Driving SEK \u00e0 Poissy<\/title>\n<meta name=\"description\" content=\"Passez votre permis avec l&#039;Auto-\u00e9cole Driving SEK. B\u00e9n\u00e9ficiez du dispositif Permis \u00e0 1 euro \u00e0 Poissy, jusqu&#039;\u00e0 1200 euros.\" \/>\n<meta name=\"robots\" content=\"noindex, follow, max-snippet:-1, max-image-preview:large, max-video-preview:-1\" \/>\n<meta property=\"og:locale\" content=\"fr_FR\" \/>\n<meta property=\"og:type\" content=\"article\" \/>\n<meta property=\"og:title\" content=\"Permis \u00e0 1\u20ac par jour - Auto-\u00e9cole Driving SEK \u00e0 Poissy\" \/>\n<meta property=\"og:description\" content=\"Passez votre permis avec l&#039;Auto-\u00e9cole Driving SEK. B\u00e9n\u00e9ficiez du dispositif Permis \u00e0 1 euro \u00e0 Poissy, jusqu&#039;\u00e0 1200 euros.\" \/>\n<meta property=\"og:url\" content=\"http:\/\/de-vv.com\/drivingsek\/permis-a-1e-par-jour\/\" \/>\n<meta property=\"og:site_name\" content=\"Auto-\u00e9cole Driving SEK \u00e0 Poissy\" \/>\n<meta property=\"article:modified_time\" content=\"2024-05-23T18:35:08+00:00\" \/>\n<meta property=\"og:image\" content=\"http:\/\/de-vv.com\/drivingsek\/wp-content\/uploads\/2024\/05\/logo-Permis-1-euro-Seine-et-Marne.png\" \/>\n\t<meta property=\"og:image:width\" content=\"768\" \/>\n\t<meta property=\"og:image:height\" content=\"480\" \/>\n\t<meta property=\"og:image:type\" content=\"image\/png\" \/>\n<meta name=\"twitter:card\" content=\"summary_large_image\" \/>\n<meta name=\"twitter:label1\" content=\"Dur\u00e9e de lecture estim\u00e9e\" \/>\n\t<meta name=\"twitter:data1\" content=\"3 minutes\" \/>\n<script type=\"application\/ld+json\" class=\"yoast-schema-graph\">{\"@context\":\"https:\/\/schema.org\",\"@graph\":[{\"@type\":\"WebPage\",\"@id\":\"http:\/\/de-vv.com\/drivingsek\/permis-a-1e-par-jour\/\",\"url\":\"http:\/\/de-vv.com\/drivingsek\/permis-a-1e-par-jour\/\",\"name\":\"Permis \u00e0 1\u20ac par jour - Auto-\u00e9cole Driving SEK \u00e0 Poissy\",\"isPartOf\":{\"@id\":\"http:\/\/de-vv.com\/drivingsek\/#website\"},\"primaryImageOfPage\":{\"@id\":\"http:\/\/de-vv.com\/drivingsek\/permis-a-1e-par-jour\/#primaryimage\"},\"image\":{\"@id\":\"http:\/\/de-vv.com\/drivingsek\/permis-a-1e-par-jour\/#primaryimage\"},\"thumbnailUrl\":\"http:\/\/de-vv.com\/drivingsek\/wp-content\/uploads\/2024\/05\/logo-Permis-1-euro-Seine-et-Marne.png\",\"datePublished\":\"2024-05-22T12:39:19+00:00\",\"dateModified\":\"2024-05-23T18:35:08+00:00\",\"description\":\"Passez votre permis avec l'Auto-\u00e9cole Driving SEK. B\u00e9n\u00e9ficiez du dispositif Permis \u00e0 1 euro \u00e0 Poissy, jusqu'\u00e0 1200 euros.\",\"breadcrumb\":{\"@id\":\"http:\/\/de-vv.com\/drivingsek\/permis-a-1e-par-jour\/#breadcrumb\"},\"inLanguage\":\"fr-FR\",\"potentialAction\":[{\"@type\":\"ReadAction\",\"target\":[\"http:\/\/de-vv.com\/drivingsek\/permis-a-1e-par-jour\/\"]}]},{\"@type\":\"ImageObject\",\"inLanguage\":\"fr-FR\",\"@id\":\"http:\/\/de-vv.com\/drivingsek\/permis-a-1e-par-jour\/#primaryimage\",\"url\":\"http:\/\/de-vv.com\/drivingsek\/wp-content\/uploads\/2024\/05\/logo-Permis-1-euro-Seine-et-Marne.png\",\"contentUrl\":\"http:\/\/de-vv.com\/drivingsek\/wp-content\/uploads\/2024\/05\/logo-Permis-1-euro-Seine-et-Marne.png\",\"width\":768,\"height\":480},{\"@type\":\"BreadcrumbList\",\"@id\":\"http:\/\/de-vv.com\/drivingsek\/permis-a-1e-par-jour\/#breadcrumb\",\"itemListElement\":[{\"@type\":\"ListItem\",\"position\":1,\"name\":\"Accueil\",\"item\":\"http:\/\/de-vv.com\/drivingsek\/\"},{\"@type\":\"ListItem\",\"position\":2,\"name\":\"Permis \u00e0 1\u20ac par jour\"}]},{\"@type\":\"WebSite\",\"@id\":\"http:\/\/de-vv.com\/drivingsek\/#website\",\"url\":\"http:\/\/de-vv.com\/drivingsek\/\",\"name\":\"Auto-\u00e9cole Driving SEK \u00e0 Poissy\",\"description\":\"Formation au permis de conduire\",\"potentialAction\":[{\"@type\":\"SearchAction\",\"target\":{\"@type\":\"EntryPoint\",\"urlTemplate\":\"http:\/\/de-vv.com\/drivingsek\/?s={search_term_string}\"},\"query-input\":{\"@type\":\"PropertyValueSpecification\",\"valueRequired\":true,\"valueName\":\"search_term_string\"}}],\"inLanguage\":\"fr-FR\"}]}<\/script>\n<!-- \/ Yoast SEO plugin. -->","yoast_head_json":{"title":"Permis \u00e0 1\u20ac par jour - Auto-\u00e9cole Driving SEK \u00e0 Poissy","description":"Passez votre permis avec l'Auto-\u00e9cole Driving SEK. B\u00e9n\u00e9ficiez du dispositif Permis \u00e0 1 euro \u00e0 Poissy, jusqu'\u00e0 1200 euros.","robots":{"index":"noindex","follow":"follow","max-snippet":"max-snippet:-1","max-image-preview":"max-image-preview:large","max-video-preview":"max-video-preview:-1"},"og_locale":"fr_FR","og_type":"article","og_title":"Permis \u00e0 1\u20ac par jour - Auto-\u00e9cole Driving SEK \u00e0 Poissy","og_description":"Passez votre permis avec l'Auto-\u00e9cole Driving SEK. B\u00e9n\u00e9ficiez du dispositif Permis \u00e0 1 euro \u00e0 Poissy, jusqu'\u00e0 1200 euros.","og_url":"http:\/\/de-vv.com\/drivingsek\/permis-a-1e-par-jour\/","og_site_name":"Auto-\u00e9cole Driving SEK \u00e0 Poissy","article_modified_time":"2024-05-23T18:35:08+00:00","og_image":[{"width":768,"height":480,"url":"http:\/\/de-vv.com\/drivingsek\/wp-content\/uploads\/2024\/05\/logo-Permis-1-euro-Seine-et-Marne.png","type":"image\/png"}],"twitter_card":"summary_large_image","twitter_misc":{"Dur\u00e9e de lecture estim\u00e9e":"3 minutes"},"schema":{"@context":"https:\/\/schema.org","@graph":[{"@type":"WebPage","@id":"http:\/\/de-vv.com\/drivingsek\/permis-a-1e-par-jour\/","url":"http:\/\/de-vv.com\/drivingsek\/permis-a-1e-par-jour\/","name":"Permis \u00e0 1\u20ac par jour - Auto-\u00e9cole Driving SEK \u00e0 Poissy","isPartOf":{"@id":"http:\/\/de-vv.com\/drivingsek\/#website"},"primaryImageOfPage":{"@id":"http:\/\/de-vv.com\/drivingsek\/permis-a-1e-par-jour\/#primaryimage"},"image":{"@id":"http:\/\/de-vv.com\/drivingsek\/permis-a-1e-par-jour\/#primaryimage"},"thumbnailUrl":"http:\/\/de-vv.com\/drivingsek\/wp-content\/uploads\/2024\/05\/logo-Permis-1-euro-Seine-et-Marne.png","datePublished":"2024-05-22T12:39:19+00:00","dateModified":"2024-05-23T18:35:08+00:00","description":"Passez votre permis avec l'Auto-\u00e9cole Driving SEK. B\u00e9n\u00e9ficiez du dispositif Permis \u00e0 1 euro \u00e0 Poissy, jusqu'\u00e0 1200 euros.","breadcrumb":{"@id":"http:\/\/de-vv.com\/drivingsek\/permis-a-1e-par-jour\/#breadcrumb"},"inLanguage":"fr-FR","potentialAction":[{"@type":"ReadAction","target":["http:\/\/de-vv.com\/drivingsek\/permis-a-1e-par-jour\/"]}]},{"@type":"ImageObject","inLanguage":"fr-FR","@id":"http:\/\/de-vv.com\/drivingsek\/permis-a-1e-par-jour\/#primaryimage","url":"http:\/\/de-vv.com\/drivingsek\/wp-content\/uploads\/2024\/05\/logo-Permis-1-euro-Seine-et-Marne.png","contentUrl":"http:\/\/de-vv.com\/drivingsek\/wp-content\/uploads\/2024\/05\/logo-Permis-1-euro-Seine-et-Marne.png","width":768,"height":480},{"@type":"BreadcrumbList","@id":"http:\/\/de-vv.com\/drivingsek\/permis-a-1e-par-jour\/#breadcrumb","itemListElement":[{"@type":"ListItem","position":1,"name":"Accueil","item":"http:\/\/de-vv.com\/drivingsek\/"},{"@type":"ListItem","position":2,"name":"Permis \u00e0 1\u20ac par jour"}]},{"@type":"WebSite","@id":"http:\/\/de-vv.com\/drivingsek\/#website","url":"http:\/\/de-vv.com\/drivingsek\/","name":"Auto-\u00e9cole Driving SEK \u00e0 Poissy","description":"Formation au permis de conduire","potentialAction":[{"@type":"SearchAction","target":{"@type":"EntryPoint","urlTemplate":"http:\/\/de-vv.com\/drivingsek\/?s={search_term_string}"},"query-input":{"@type":"PropertyValueSpecification","valueRequired":true,"valueName":"search_term_string"}}],"inLanguage":"fr-FR"}]}},"_links":{"self":[{"href":"http:\/\/de-vv.com\/drivingsek\/wp-json\/wp\/v2\/pages\/153"}],"collection":[{"href":"http:\/\/de-vv.com\/drivingsek\/wp-json\/wp\/v2\/pages"}],"about":[{"href":"http:\/\/de-vv.com\/drivingsek\/wp-json\/wp\/v2\/types\/page"}],"author":[{"embeddable":true,"href":"http:\/\/de-vv.com\/drivingsek\/wp-json\/wp\/v2\/users\/1"}],"replies":[{"embeddable":true,"href":"http:\/\/de-vv.com\/drivingsek\/wp-json\/wp\/v2\/comments?post=153"}],"version-history":[{"count":7,"href":"http:\/\/de-vv.com\/drivingsek\/wp-json\/wp\/v2\/pages\/153\/revisions"}],"predecessor-version":[{"id":363,"href":"http:\/\/de-vv.com\/drivingsek\/wp-json\/wp\/v2\/pages\/153\/revisions\/363"}],"wp:featuredmedia":[{"embeddable":true,"href":"http:\/\/de-vv.com\/drivingsek\/wp-json\/wp\/v2\/media\/122"}],"wp:attachment":[{"href":"http:\/\/de-vv.com\/drivingsek\/wp-json\/wp\/v2\/media?parent=153"}],"curies":[{"name":"wp","href":"https:\/\/api.w.org\/{rel}","templated":true}]}}