{"id":160,"date":"2024-05-22T14:42:49","date_gmt":"2024-05-22T12:42:49","guid":{"rendered":"http:\/\/de-vv.com\/drivingsek\/?page_id=160"},"modified":"2024-05-23T20:29:09","modified_gmt":"2024-05-23T18:29:09","slug":"documents-a-fournir","status":"publish","type":"page","link":"http:\/\/de-vv.com\/drivingsek\/documents-a-fournir\/","title":{"rendered":"Documents \u00e0 fournir"},"content":{"rendered":"[vc_row type=\u00a0\u00bbfull_width_content\u00a0\u00bb full_screen_row_position=\u00a0\u00bbmiddle\u00a0\u00bb equal_height=\u00a0\u00bbyes\u00a0\u00bb column_margin=\u00a0\u00bbnone\u00a0\u00bb bg_color=\u00a0\u00bb#fee8d5&Prime; scene_position=\u00a0\u00bbcenter\u00a0\u00bb text_color=\u00a0\u00bbdark\u00a0\u00bb text_align=\u00a0\u00bbleft\u00a0\u00bb class=\u00a0\u00bbmargin-form\u00a0\u00bb overlay_strength=\u00a0\u00bb0.3&Prime; shape_divider_position=\u00a0\u00bbbottom\u00a0\u00bb bg_image_animation=\u00a0\u00bbnone\u00a0\u00bb shape_type=\u00a0\u00bb\u00a0\u00bb][vc_column column_padding=\u00a0\u00bbpadding-4-percent\u00a0\u00bb column_padding_position=\u00a0\u00bball\u00a0\u00bb background_color_opacity=\u00a0\u00bb1&Prime; background_hover_color_opacity=\u00a0\u00bb1&Prime; font_color=\u00a0\u00bb#040404&Prime; column_link_target=\u00a0\u00bb_self\u00a0\u00bb column_shadow=\u00a0\u00bbnone\u00a0\u00bb column_border_radius=\u00a0\u00bbnone\u00a0\u00bb width=\u00a0\u00bb2\/3&Prime; tablet_width_inherit=\u00a0\u00bbdefault\u00a0\u00bb tablet_text_alignment=\u00a0\u00bbdefault\u00a0\u00bb phone_text_alignment=\u00a0\u00bbdefault\u00a0\u00bb overlay_strength=\u00a0\u00bb0.3&Prime; column_border_width=\u00a0\u00bbnone\u00a0\u00bb column_border_style=\u00a0\u00bbsolid\u00a0\u00bb bg_image_animation=\u00a0\u00bbnone\u00a0\u00bb][vc_column_text css=\u00a0\u00bb.vc_custom_1701514230439{padding-bottom: 20px !important;}\u00a0\u00bb]\n<h1 style=\"color: #292929;\">Documents \u00e0 fournir<\/h1>\n<p>Retrouvez ci-dessous la liste des documents \u00e0 nous fournir \u00e0 l&rsquo;inscription. Ces documents sont n\u00e9cessaires pour la constitution de votre dossier et son <a href=\"https:\/\/permisdeconduire.ants.gouv.fr\/\" target=\"_blank\" rel=\"noopener\">enregistrement aupr\u00e8s de l&rsquo;ANTS<\/a>.[\/vc_column_text]<div class=\"nectar-fancy-ul\" data-list-icon=\"icon-salient-thin-line\" data-animation=\"false\" data-animation-delay=\"0\" data-color=\"extra-color-1\" data-spacing=\"default\" data-alignment=\"left\"> \n<ul>\n<li><strong>2 photos d&rsquo;identit\u00e9 num\u00e9riques<\/strong> (e-photos) agr\u00e9es ANTS ;<\/li>\n<li><strong>Pi\u00e8ce d&rsquo;identit\u00e9<\/strong> en cours de validit\u00e9 (ou titre de s\u00e9jour si vous \u00eates \u00e9tranger) ;\n<ul>\n<li>Si le titre de s\u00e9jour est p\u00e9rim\u00e9, fournir le r\u00e9c\u00e9piss\u00e9 ;<\/li>\n<\/ul>\n<\/li>\n<li><strong>Justificatif de domicile<\/strong> de moins de 3 mois ;\n<ul>\n<li>Si vous \u00eates mineur ou h\u00e9berg\u00e9 : attestation d&rsquo;h\u00e9bergement + pi\u00e8ce d&rsquo;identit\u00e9 de l&rsquo;h\u00e9bergeant ;<\/li>\n<\/ul>\n<\/li>\n<li><strong>Attestation de recensement<\/strong> (16 ans) ou de <strong>Journ\u00e9e D\u00e9fense et Citoyennet\u00e9<\/strong> (17 \u00e0 25 ans) ;<\/li>\n<li><strong>ASSR niveau 2 ou ASR <\/strong>pour les candidats \u00e2g\u00e9s de -de 21 ans ce document est indispensable pour la d\u00e9livrance du permis ;<\/li>\n<li><strong>2 enveloppes A5 \u00ab\u00a0lettre suivie 50g\u00a0\u00bb ;<\/strong><\/li>\n<li><strong>Permis de conduire<\/strong> uniquement pour les candidats poss\u00e9dant d\u00e9j\u00e0 un permis de conduire. Traduction officielle pour les permis \u00e9trangers.<\/li>\n<\/ul>\n <\/div>[\/vc_column][vc_column column_padding=\u00a0\u00bbpadding-4-percent\u00a0\u00bb column_padding_position=\u00a0\u00bball\u00a0\u00bb background_color=\u00a0\u00bb#292929&Prime; background_color_opacity=\u00a0\u00bb0.6&Prime; background_hover_color_opacity=\u00a0\u00bb1&Prime; background_image=\u00a0\u00bb254&Prime; enable_bg_scale=\u00a0\u00bbtrue\u00a0\u00bb column_link_target=\u00a0\u00bb_self\u00a0\u00bb column_shadow=\u00a0\u00bbnone\u00a0\u00bb column_border_radius=\u00a0\u00bbnone\u00a0\u00bb width=\u00a0\u00bb1\/3&Prime; tablet_width_inherit=\u00a0\u00bbdefault\u00a0\u00bb tablet_text_alignment=\u00a0\u00bbdefault\u00a0\u00bb phone_text_alignment=\u00a0\u00bbdefault\u00a0\u00bb overlay_strength=\u00a0\u00bb0.3&Prime; column_border_width=\u00a0\u00bbnone\u00a0\u00bb column_border_style=\u00a0\u00bbsolid\u00a0\u00bb bg_image_animation=\u00a0\u00bbnone\u00a0\u00bb][vc_row_inner column_margin=\u00a0\u00bbdefault\u00a0\u00bb bottom_padding=\u00a0\u00bb12&Prime; text_align=\u00a0\u00bbleft\u00a0\u00bb][vc_column_inner column_padding=\u00a0\u00bbno-extra-padding\u00a0\u00bb column_padding_position=\u00a0\u00bball\u00a0\u00bb background_color_opacity=\u00a0\u00bb1&Prime; background_hover_color_opacity=\u00a0\u00bb1&Prime; font_color=\u00a0\u00bb#ffffff\u00a0\u00bb column_shadow=\u00a0\u00bbnone\u00a0\u00bb column_border_radius=\u00a0\u00bbnone\u00a0\u00bb column_link_target=\u00a0\u00bb_self\u00a0\u00bb width=\u00a0\u00bb1\/1&Prime; tablet_width_inherit=\u00a0\u00bbdefault\u00a0\u00bb overlay_strength=\u00a0\u00bb0.3&Prime; column_border_width=\u00a0\u00bbnone\u00a0\u00bb column_border_style=\u00a0\u00bbsolid\u00a0\u00bb bg_image_animation=\u00a0\u00bbnone\u00a0\u00bb][vc_column_text]\n<h4><i class=\"fa fa-map-signs\" style=\"color: #f66933;\"><\/i> O\u00f9 sommes-nous ?<\/h4>\n<p style=\"color: #f9f9f9; padding-bottom: 12px;\">Venez nous rencontrer dans notre agence de Poissy :<br \/>\n24 avenue du CEP<br \/>\n78300 Poissy<\/p>\n[\/vc_column_text][\/vc_column_inner][\/vc_row_inner][vc_row_inner column_margin=\u00a0\u00bbdefault\u00a0\u00bb bottom_padding=\u00a0\u00bb12&Prime; text_align=\u00a0\u00bbleft\u00a0\u00bb][vc_column_inner column_padding=\u00a0\u00bbno-extra-padding\u00a0\u00bb column_padding_position=\u00a0\u00bball\u00a0\u00bb background_color_opacity=\u00a0\u00bb1&Prime; background_hover_color_opacity=\u00a0\u00bb1&Prime; font_color=\u00a0\u00bb#ffffff\u00a0\u00bb column_shadow=\u00a0\u00bbnone\u00a0\u00bb column_border_radius=\u00a0\u00bbnone\u00a0\u00bb bottom_margin=\u00a0\u00bb30&Prime; column_link_target=\u00a0\u00bb_self\u00a0\u00bb width=\u00a0\u00bb1\/1&Prime; tablet_width_inherit=\u00a0\u00bbdefault\u00a0\u00bb overlay_strength=\u00a0\u00bb0.3&Prime; column_border_width=\u00a0\u00bbnone\u00a0\u00bb column_border_style=\u00a0\u00bbsolid\u00a0\u00bb bg_image_animation=\u00a0\u00bbnone\u00a0\u00bb][vc_column_text]\n<h4><i class=\"fa fa-comments\" style=\"color: #f66933;\"><\/i> Nos coordonn\u00e9es<\/h4>\n<p><a style=\"color: #f9f9f9;\" href=\"tel:01.39.77.21.77\">01 39 77 21 77<\/a><br \/>\n<a style=\"color: #f9f9f9;\" href=\"mailto:autoecoledrivingsek@orange.fr\">Envoyer un mail<\/a>[\/vc_column_text][\/vc_column_inner][\/vc_row_inner][vc_row_inner column_margin=\u00a0\u00bbdefault\u00a0\u00bb text_align=\u00a0\u00bbleft\u00a0\u00bb][vc_column_inner column_padding=\u00a0\u00bbno-extra-padding\u00a0\u00bb column_padding_position=\u00a0\u00bball\u00a0\u00bb background_color_opacity=\u00a0\u00bb1&Prime; background_hover_color_opacity=\u00a0\u00bb1&Prime; font_color=\u00a0\u00bb#ffffff\u00a0\u00bb column_shadow=\u00a0\u00bbnone\u00a0\u00bb column_border_radius=\u00a0\u00bbnone\u00a0\u00bb column_link_target=\u00a0\u00bb_self\u00a0\u00bb width=\u00a0\u00bb1\/1&Prime; tablet_width_inherit=\u00a0\u00bbdefault\u00a0\u00bb overlay_strength=\u00a0\u00bb0.3&Prime; column_border_width=\u00a0\u00bbnone\u00a0\u00bb column_border_style=\u00a0\u00bbsolid\u00a0\u00bb bg_image_animation=\u00a0\u00bbnone\u00a0\u00bb][vc_column_text]\n<h4><i class=\"fa fa-clock-o\" style=\"color: #f66933;\"><\/i> Nos horaires<\/h4>\n<p><span style=\"color: #f9f9f9;\">Notre agence est ouverte du lundi au vendredi (10h-13h et 15h-19h) et le samedi (10h-13h).<\/span>[\/vc_column_text][\/vc_column_inner][\/vc_row_inner][\/vc_column][\/vc_row]\n","protected":false},"excerpt":{"rendered":"<p>[vc_row type=\u00a0\u00bbfull_width_content\u00a0\u00bb full_screen_row_position=\u00a0\u00bbmiddle\u00a0\u00bb equal_height=\u00a0\u00bbyes\u00a0\u00bb column_margin=\u00a0\u00bbnone\u00a0\u00bb bg_color=\u00a0\u00bb#fee8d5&Prime; scene_position=\u00a0\u00bbcenter\u00a0\u00bb text_color=\u00a0\u00bbdark\u00a0\u00bb text_align=\u00a0\u00bbleft\u00a0\u00bb class=\u00a0\u00bbmargin-form\u00a0\u00bb overlay_strength=\u00a0\u00bb0.3&Prime; shape_divider_position=\u00a0\u00bbbottom\u00a0\u00bb bg_image_animation=\u00a0\u00bbnone\u00a0\u00bb shape_type=\u00a0\u00bb\u00a0\u00bb][vc_column column_padding=\u00a0\u00bbpadding-4-percent\u00a0\u00bb column_padding_position=\u00a0\u00bball\u00a0\u00bb background_color_opacity=\u00a0\u00bb1&Prime; background_hover_color_opacity=\u00a0\u00bb1&Prime; font_color=\u00a0\u00bb#040404&Prime; column_link_target=\u00a0\u00bb_self\u00a0\u00bb column_shadow=\u00a0\u00bbnone\u00a0\u00bb column_border_radius=\u00a0\u00bbnone\u00a0\u00bb width=\u00a0\u00bb2\/3&Prime; tablet_width_inherit=\u00a0\u00bbdefault\u00a0\u00bb tablet_text_alignment=\u00a0\u00bbdefault\u00a0\u00bb phone_text_alignment=\u00a0\u00bbdefault\u00a0\u00bb overlay_strength=\u00a0\u00bb0.3&Prime; column_border_width=\u00a0\u00bbnone\u00a0\u00bb column_border_style=\u00a0\u00bbsolid\u00a0\u00bb bg_image_animation=\u00a0\u00bbnone\u00a0\u00bb][vc_column_text&#8230;<\/p>\n","protected":false},"author":1,"featured_media":141,"parent":0,"menu_order":0,"comment_status":"closed","ping_status":"closed","template":"","meta":{"footnotes":""},"yoast_head":"<!-- This site is optimized with the Yoast SEO plugin v24.5 - https:\/\/yoast.com\/wordpress\/plugins\/seo\/ -->\n<title>Liste des documents \u00e0 fournir inscription \u00e0 l&#039;Auto-\u00e9cole Driving SEK \u00e0 Poissy<\/title>\n<meta name=\"description\" content=\"Retrouvez la liste des documents \u00e0 nous fournir pour vous inscrire au permis de conduire avec l&#039;Auto-\u00e9cole Driving SEK \u00e0 Poissy.\" \/>\n<meta name=\"robots\" content=\"noindex, follow, max-snippet:-1, max-image-preview:large, max-video-preview:-1\" \/>\n<meta property=\"og:locale\" content=\"fr_FR\" \/>\n<meta property=\"og:type\" content=\"article\" \/>\n<meta property=\"og:title\" content=\"Liste des documents \u00e0 fournir inscription \u00e0 l&#039;Auto-\u00e9cole Driving SEK \u00e0 Poissy\" \/>\n<meta property=\"og:description\" content=\"Retrouvez la liste des documents \u00e0 nous fournir pour vous inscrire au permis de conduire avec l&#039;Auto-\u00e9cole Driving SEK \u00e0 Poissy.\" \/>\n<meta property=\"og:url\" content=\"http:\/\/de-vv.com\/drivingsek\/documents-a-fournir\/\" \/>\n<meta property=\"og:site_name\" content=\"Auto-\u00e9cole Driving SEK \u00e0 Poissy\" \/>\n<meta property=\"article:modified_time\" content=\"2024-05-23T18:29:09+00:00\" \/>\n<meta property=\"og:image\" content=\"http:\/\/de-vv.com\/drivingsek\/wp-content\/uploads\/2024\/05\/Vitrine-Driving-Sek.png\" \/>\n\t<meta property=\"og:image:width\" content=\"1200\" \/>\n\t<meta property=\"og:image:height\" content=\"800\" \/>\n\t<meta property=\"og:image:type\" content=\"image\/png\" \/>\n<meta name=\"twitter:card\" content=\"summary_large_image\" \/>\n<meta name=\"twitter:label1\" content=\"Dur\u00e9e de lecture estim\u00e9e\" \/>\n\t<meta name=\"twitter:data1\" content=\"2 minutes\" \/>\n<script type=\"application\/ld+json\" class=\"yoast-schema-graph\">{\"@context\":\"https:\/\/schema.org\",\"@graph\":[{\"@type\":\"WebPage\",\"@id\":\"http:\/\/de-vv.com\/drivingsek\/documents-a-fournir\/\",\"url\":\"http:\/\/de-vv.com\/drivingsek\/documents-a-fournir\/\",\"name\":\"Liste des documents \u00e0 fournir inscription \u00e0 l'Auto-\u00e9cole Driving SEK \u00e0 Poissy\",\"isPartOf\":{\"@id\":\"http:\/\/de-vv.com\/drivingsek\/#website\"},\"primaryImageOfPage\":{\"@id\":\"http:\/\/de-vv.com\/drivingsek\/documents-a-fournir\/#primaryimage\"},\"image\":{\"@id\":\"http:\/\/de-vv.com\/drivingsek\/documents-a-fournir\/#primaryimage\"},\"thumbnailUrl\":\"http:\/\/de-vv.com\/drivingsek\/wp-content\/uploads\/2024\/05\/Vitrine-Driving-Sek.png\",\"datePublished\":\"2024-05-22T12:42:49+00:00\",\"dateModified\":\"2024-05-23T18:29:09+00:00\",\"description\":\"Retrouvez la liste des documents \u00e0 nous fournir pour vous inscrire au permis de conduire avec l'Auto-\u00e9cole Driving SEK \u00e0 Poissy.\",\"breadcrumb\":{\"@id\":\"http:\/\/de-vv.com\/drivingsek\/documents-a-fournir\/#breadcrumb\"},\"inLanguage\":\"fr-FR\",\"potentialAction\":[{\"@type\":\"ReadAction\",\"target\":[\"http:\/\/de-vv.com\/drivingsek\/documents-a-fournir\/\"]}]},{\"@type\":\"ImageObject\",\"inLanguage\":\"fr-FR\",\"@id\":\"http:\/\/de-vv.com\/drivingsek\/documents-a-fournir\/#primaryimage\",\"url\":\"http:\/\/de-vv.com\/drivingsek\/wp-content\/uploads\/2024\/05\/Vitrine-Driving-Sek.png\",\"contentUrl\":\"http:\/\/de-vv.com\/drivingsek\/wp-content\/uploads\/2024\/05\/Vitrine-Driving-Sek.png\",\"width\":1200,\"height\":800},{\"@type\":\"BreadcrumbList\",\"@id\":\"http:\/\/de-vv.com\/drivingsek\/documents-a-fournir\/#breadcrumb\",\"itemListElement\":[{\"@type\":\"ListItem\",\"position\":1,\"name\":\"Accueil\",\"item\":\"http:\/\/de-vv.com\/drivingsek\/\"},{\"@type\":\"ListItem\",\"position\":2,\"name\":\"Documents \u00e0 fournir\"}]},{\"@type\":\"WebSite\",\"@id\":\"http:\/\/de-vv.com\/drivingsek\/#website\",\"url\":\"http:\/\/de-vv.com\/drivingsek\/\",\"name\":\"Auto-\u00e9cole Driving SEK \u00e0 Poissy\",\"description\":\"Formation au permis de conduire\",\"potentialAction\":[{\"@type\":\"SearchAction\",\"target\":{\"@type\":\"EntryPoint\",\"urlTemplate\":\"http:\/\/de-vv.com\/drivingsek\/?s={search_term_string}\"},\"query-input\":{\"@type\":\"PropertyValueSpecification\",\"valueRequired\":true,\"valueName\":\"search_term_string\"}}],\"inLanguage\":\"fr-FR\"}]}<\/script>\n<!-- \/ Yoast SEO plugin. -->","yoast_head_json":{"title":"Liste des documents \u00e0 fournir inscription \u00e0 l'Auto-\u00e9cole Driving SEK \u00e0 Poissy","description":"Retrouvez la liste des documents \u00e0 nous fournir pour vous inscrire au permis de conduire avec l'Auto-\u00e9cole Driving SEK \u00e0 Poissy.","robots":{"index":"noindex","follow":"follow","max-snippet":"max-snippet:-1","max-image-preview":"max-image-preview:large","max-video-preview":"max-video-preview:-1"},"og_locale":"fr_FR","og_type":"article","og_title":"Liste des documents \u00e0 fournir inscription \u00e0 l'Auto-\u00e9cole Driving SEK \u00e0 Poissy","og_description":"Retrouvez la liste des documents \u00e0 nous fournir pour vous inscrire au permis de conduire avec l'Auto-\u00e9cole Driving SEK \u00e0 Poissy.","og_url":"http:\/\/de-vv.com\/drivingsek\/documents-a-fournir\/","og_site_name":"Auto-\u00e9cole Driving SEK \u00e0 Poissy","article_modified_time":"2024-05-23T18:29:09+00:00","og_image":[{"width":1200,"height":800,"url":"http:\/\/de-vv.com\/drivingsek\/wp-content\/uploads\/2024\/05\/Vitrine-Driving-Sek.png","type":"image\/png"}],"twitter_card":"summary_large_image","twitter_misc":{"Dur\u00e9e de lecture estim\u00e9e":"2 minutes"},"schema":{"@context":"https:\/\/schema.org","@graph":[{"@type":"WebPage","@id":"http:\/\/de-vv.com\/drivingsek\/documents-a-fournir\/","url":"http:\/\/de-vv.com\/drivingsek\/documents-a-fournir\/","name":"Liste des documents \u00e0 fournir inscription \u00e0 l'Auto-\u00e9cole Driving SEK \u00e0 Poissy","isPartOf":{"@id":"http:\/\/de-vv.com\/drivingsek\/#website"},"primaryImageOfPage":{"@id":"http:\/\/de-vv.com\/drivingsek\/documents-a-fournir\/#primaryimage"},"image":{"@id":"http:\/\/de-vv.com\/drivingsek\/documents-a-fournir\/#primaryimage"},"thumbnailUrl":"http:\/\/de-vv.com\/drivingsek\/wp-content\/uploads\/2024\/05\/Vitrine-Driving-Sek.png","datePublished":"2024-05-22T12:42:49+00:00","dateModified":"2024-05-23T18:29:09+00:00","description":"Retrouvez la liste des documents \u00e0 nous fournir pour vous inscrire au permis de conduire avec l'Auto-\u00e9cole Driving SEK \u00e0 Poissy.","breadcrumb":{"@id":"http:\/\/de-vv.com\/drivingsek\/documents-a-fournir\/#breadcrumb"},"inLanguage":"fr-FR","potentialAction":[{"@type":"ReadAction","target":["http:\/\/de-vv.com\/drivingsek\/documents-a-fournir\/"]}]},{"@type":"ImageObject","inLanguage":"fr-FR","@id":"http:\/\/de-vv.com\/drivingsek\/documents-a-fournir\/#primaryimage","url":"http:\/\/de-vv.com\/drivingsek\/wp-content\/uploads\/2024\/05\/Vitrine-Driving-Sek.png","contentUrl":"http:\/\/de-vv.com\/drivingsek\/wp-content\/uploads\/2024\/05\/Vitrine-Driving-Sek.png","width":1200,"height":800},{"@type":"BreadcrumbList","@id":"http:\/\/de-vv.com\/drivingsek\/documents-a-fournir\/#breadcrumb","itemListElement":[{"@type":"ListItem","position":1,"name":"Accueil","item":"http:\/\/de-vv.com\/drivingsek\/"},{"@type":"ListItem","position":2,"name":"Documents \u00e0 fournir"}]},{"@type":"WebSite","@id":"http:\/\/de-vv.com\/drivingsek\/#website","url":"http:\/\/de-vv.com\/drivingsek\/","name":"Auto-\u00e9cole Driving SEK \u00e0 Poissy","description":"Formation au permis de conduire","potentialAction":[{"@type":"SearchAction","target":{"@type":"EntryPoint","urlTemplate":"http:\/\/de-vv.com\/drivingsek\/?s={search_term_string}"},"query-input":{"@type":"PropertyValueSpecification","valueRequired":true,"valueName":"search_term_string"}}],"inLanguage":"fr-FR"}]}},"_links":{"self":[{"href":"http:\/\/de-vv.com\/drivingsek\/wp-json\/wp\/v2\/pages\/160"}],"collection":[{"href":"http:\/\/de-vv.com\/drivingsek\/wp-json\/wp\/v2\/pages"}],"about":[{"href":"http:\/\/de-vv.com\/drivingsek\/wp-json\/wp\/v2\/types\/page"}],"author":[{"embeddable":true,"href":"http:\/\/de-vv.com\/drivingsek\/wp-json\/wp\/v2\/users\/1"}],"replies":[{"embeddable":true,"href":"http:\/\/de-vv.com\/drivingsek\/wp-json\/wp\/v2\/comments?post=160"}],"version-history":[{"count":5,"href":"http:\/\/de-vv.com\/drivingsek\/wp-json\/wp\/v2\/pages\/160\/revisions"}],"predecessor-version":[{"id":359,"href":"http:\/\/de-vv.com\/drivingsek\/wp-json\/wp\/v2\/pages\/160\/revisions\/359"}],"wp:featuredmedia":[{"embeddable":true,"href":"http:\/\/de-vv.com\/drivingsek\/wp-json\/wp\/v2\/media\/141"}],"wp:attachment":[{"href":"http:\/\/de-vv.com\/drivingsek\/wp-json\/wp\/v2\/media?parent=160"}],"curies":[{"name":"wp","href":"https:\/\/api.w.org\/{rel}","templated":true}]}}