{"id":234,"date":"2024-05-23T11:32:37","date_gmt":"2024-05-23T09:32:37","guid":{"rendered":"http:\/\/de-vv.com\/drivingsek\/?page_id=234"},"modified":"2024-05-23T20:38:40","modified_gmt":"2024-05-23T18:38:40","slug":"tarifs-a-lunite","status":"publish","type":"page","link":"http:\/\/de-vv.com\/drivingsek\/tarifs-a-lunite\/","title":{"rendered":"Tarifs \u00e0 l&rsquo;unit\u00e9"},"content":{"rendered":"[vc_row type=\u00a0\u00bbfull_width_content\u00a0\u00bb full_screen_row_position=\u00a0\u00bbmiddle\u00a0\u00bb equal_height=\u00a0\u00bbyes\u00a0\u00bb column_margin=\u00a0\u00bbnone\u00a0\u00bb bg_color=\u00a0\u00bb#fee8d5&Prime; scene_position=\u00a0\u00bbcenter\u00a0\u00bb text_color=\u00a0\u00bbdark\u00a0\u00bb text_align=\u00a0\u00bbleft\u00a0\u00bb class=\u00a0\u00bbmargin-form\u00a0\u00bb overlay_strength=\u00a0\u00bb0.3&Prime; shape_divider_position=\u00a0\u00bbbottom\u00a0\u00bb bg_image_animation=\u00a0\u00bbnone\u00a0\u00bb column_direction=\u00a0\u00bbdefault\u00a0\u00bb column_direction_tablet=\u00a0\u00bbdefault\u00a0\u00bb column_direction_phone=\u00a0\u00bbdefault\u00a0\u00bb row_border_radius=\u00a0\u00bbnone\u00a0\u00bb row_border_radius_applies=\u00a0\u00bbbg\u00a0\u00bb overflow=\u00a0\u00bbvisible\u00a0\u00bb shape_type=\u00a0\u00bb\u00a0\u00bb][vc_column column_padding=\u00a0\u00bbpadding-4-percent\u00a0\u00bb column_padding_position=\u00a0\u00bball\u00a0\u00bb background_color_opacity=\u00a0\u00bb1&Prime; background_hover_color_opacity=\u00a0\u00bb1&Prime; font_color=\u00a0\u00bb#040404&Prime; column_link_target=\u00a0\u00bb_self\u00a0\u00bb column_shadow=\u00a0\u00bbnone\u00a0\u00bb column_border_radius=\u00a0\u00bbnone\u00a0\u00bb width=\u00a0\u00bb2\/3&Prime; tablet_width_inherit=\u00a0\u00bbdefault\u00a0\u00bb tablet_text_alignment=\u00a0\u00bbdefault\u00a0\u00bb phone_text_alignment=\u00a0\u00bbdefault\u00a0\u00bb overlay_strength=\u00a0\u00bb0.3&Prime; column_border_width=\u00a0\u00bbnone\u00a0\u00bb column_border_style=\u00a0\u00bbsolid\u00a0\u00bb bg_image_animation=\u00a0\u00bbnone\u00a0\u00bb column_padding_tablet=\u00a0\u00bbinherit\u00a0\u00bb column_padding_phone=\u00a0\u00bbinherit\u00a0\u00bb column_element_direction_desktop=\u00a0\u00bbdefault\u00a0\u00bb column_element_spacing=\u00a0\u00bbdefault\u00a0\u00bb desktop_text_alignment=\u00a0\u00bbdefault\u00a0\u00bb column_backdrop_filter=\u00a0\u00bbnone\u00a0\u00bb column_position=\u00a0\u00bbdefault\u00a0\u00bb animation_type=\u00a0\u00bbdefault\u00a0\u00bb border_type=\u00a0\u00bbsimple\u00a0\u00bb][vc_column_text css=\u00a0\u00bb.vc_custom_1716457169567{padding-bottom: 20px !important;}\u00a0\u00bb text_direction=\u00a0\u00bbdefault\u00a0\u00bb]\n<h1 style=\"color: #292929;\"><span style=\"color: #f66933;\">Tarifs \u00e0 l&rsquo;unit\u00e9<\/span><\/h1>\n<p>Retrouvez ci-dessous nos tarifs \u00e0 l&rsquo;unit\u00e9. Ces tarifs sont exprim\u00e9s en euros (\u20ac), toutes taxes comprises. Ils sont valables jusqu&rsquo;au 31 d\u00e9cembre 2024.[\/vc_column_text][nectar_food_menu_item style=\u00a0\u00bbline_between\u00a0\u00bb item_name_heading_tag=\u00a0\u00bbh5&Prime; item_name=\u00a0\u00bbCr\u00e9ation \/ Gestion dossier ANTS \/ R\u00e9actualisation\u00a0\u00bb item_price=\u00a0\u00bb100\u20ac\u00a0\u00bb][nectar_food_menu_item style=\u00a0\u00bbline_between\u00a0\u00bb item_name_heading_tag=\u00a0\u00bbh5&Prime; item_name=\u00a0\u00bbDemande de fabrication de permis\u00a0\u00bb item_price=\u00a0\u00bb40\u20ac\u00a0\u00bb][nectar_food_menu_item style=\u00a0\u00bbline_between\u00a0\u00bb item_name_heading_tag=\u00a0\u00bbh5&Prime; item_name=\u00a0\u00bbRedevance de l&rsquo;\u00e9preuve th\u00e9orique (code de la route)\u00a0\u00bb item_price=\u00a0\u00bb30\u20ac\u00a0\u00bb][nectar_food_menu_item style=\u00a0\u00bbline_between\u00a0\u00bb item_name_heading_tag=\u00a0\u00bbh5&Prime; item_name=\u00a0\u00bbProlongation du pack code acc\u00e9l\u00e9r\u00e9 (1 an)\u00a0\u00bb item_price=\u00a0\u00bb100\u20ac\u00a0\u00bb][nectar_food_menu_item style=\u00a0\u00bbline_between\u00a0\u00bb item_name_heading_tag=\u00a0\u00bbh5&Prime; item_name=\u00a0\u00bbProlongation du pack code en ligne (1 an)\u00a0\u00bb item_price=\u00a0\u00bb15\u20ac\u00a0\u00bb][nectar_food_menu_item style=\u00a0\u00bbline_between\u00a0\u00bb item_name_heading_tag=\u00a0\u00bbh5&Prime; item_name=\u00a0\u00bbProlongation du pack code en ligne + salle (1 an)\u00a0\u00bb item_price=\u00a0\u00bb50\u20ac\u00a0\u00bb][nectar_food_menu_item style=\u00a0\u00bbline_between\u00a0\u00bb item_name_heading_tag=\u00a0\u00bbh5&Prime; item_name=\u00a0\u00bbLivre de code\u00a0\u00bb item_price=\u00a0\u00bb20\u20ac\u00a0\u00bb][vc_column_text css=\u00a0\u00bb.vc_custom_1716465207307{padding-top: 12px !important;padding-bottom: 20px !important;}\u00a0\u00bb]\n<h3 style=\"color: #292929;\"><span style=\"color: #f66933;\">Permis auto<\/span><\/h3>\n[\/vc_column_text][nectar_food_menu_item style=\u00a0\u00bbline_between\u00a0\u00bb item_name_heading_tag=\u00a0\u00bbh5&Prime; item_name=\u00a0\u00bb\u00c9valuation de d\u00e9part (obligatoire) sur simulateur de conduite\u00a0\u00bb item_price=\u00a0\u00bb45\u20ac\u00a0\u00bb][nectar_food_menu_item style=\u00a0\u00bbline_between\u00a0\u00bb item_name_heading_tag=\u00a0\u00bbh5&Prime; item_name=\u00a0\u00bb\u00c9valuation de d\u00e9part (obligatoire) avec un enseignant en bo\u00eete manuelle\u00a0\u00bb item_price=\u00a0\u00bb65\u20ac\u00a0\u00bb][nectar_food_menu_item style=\u00a0\u00bbline_between\u00a0\u00bb item_name_heading_tag=\u00a0\u00bbh5&Prime; item_name=\u00a0\u00bb\u00c9valuation de d\u00e9part (obligatoire) avec un enseignant en bo\u00eete automatique\u00a0\u00bb item_price=\u00a0\u00bb70\u20ac\u00a0\u00bb][nectar_food_menu_item style=\u00a0\u00bbline_between\u00a0\u00bb item_name_heading_tag=\u00a0\u00bbh5&Prime; item_name=\u00a0\u00bbLe\u00e7on de conduite sur simulateur\u00a0\u00bb item_price=\u00a0\u00bb45\u20ac\u00a0\u00bb][nectar_food_menu_item style=\u00a0\u00bbline_between\u00a0\u00bb item_name_heading_tag=\u00a0\u00bbh5&Prime; item_name=\u00a0\u00bbLe\u00e7on de conduite suppl\u00e9mentaire en bo\u00eete manuelle\u00a0\u00bb item_price=\u00a0\u00bb60\u20ac\u00a0\u00bb][nectar_food_menu_item style=\u00a0\u00bbline_between\u00a0\u00bb item_name_heading_tag=\u00a0\u00bbh5&Prime; item_name=\u00a0\u00bbLe\u00e7on de conduite suppl\u00e9mentaire en bo\u00eete automatique\u00a0\u00bb item_price=\u00a0\u00bb65\u20ac\u00a0\u00bb][vc_column_text css=\u00a0\u00bb.vc_custom_1716465237930{padding-top: 12px !important;padding-bottom: 20px !important;}\u00a0\u00bb]\n<h3 style=\"color: #292929;\"><span style=\"color: #f66933;\">Conduite accompagn\u00e9e \/ supervis\u00e9e<\/span><\/h3>\n[\/vc_column_text][nectar_food_menu_item style=\u00a0\u00bbline_between\u00a0\u00bb item_name_heading_tag=\u00a0\u00bbh5&Prime; item_name=\u00a0\u00bb1 rendez-vous pr\u00e9alable (1h pratique + disque + assurance)\u00a0\u00bb item_price=\u00a0\u00bb150\u20ac\u00a0\u00bb][nectar_food_menu_item style=\u00a0\u00bbline_between\u00a0\u00bb item_name_heading_tag=\u00a0\u00bbh5&Prime; item_name=\u00a0\u00bb2 rendez-vous p\u00e9dagogique (2h dont 1h pratique + 1h th\u00e9orique + assurance)\u00a0\u00bb item_price=\u00a0\u00bb150\u20ac\u00a0\u00bb][vc_column_text css=\u00a0\u00bb.vc_custom_1716465471888{padding-top: 12px !important;padding-bottom: 20px !important;}\u00a0\u00bb]\n<h3 style=\"color: #292929;\"><span style=\"color: #f66933;\">Prestations compl\u00e9mentaires<\/span><\/h3>\n[\/vc_column_text][nectar_food_menu_item style=\u00a0\u00bbline_between\u00a0\u00bb item_name_heading_tag=\u00a0\u00bbh5&Prime; item_name=\u00a0\u00bbLe\u00e7on de conduite sur quadricycle l\u00e9ger &#8211; voiturette (55 minutes)\u00a0\u00bb item_price=\u00a0\u00bb45\u20ac\u00a0\u00bb][nectar_food_menu_item style=\u00a0\u00bbline_between\u00a0\u00bb item_name_heading_tag=\u00a0\u00bbh5&Prime; item_name=\u00a0\u00bbForfait 10 le\u00e7ons de conduite sur bo\u00eete manuelle (55 minutes)\u00a0\u00bb item_price=\u00a0\u00bb550\u20ac\u00a0\u00bb][nectar_food_menu_item style=\u00a0\u00bbline_between\u00a0\u00bb item_name_heading_tag=\u00a0\u00bbh5&Prime; item_name=\u00a0\u00bbForfait 10 le\u00e7ons de conduite sur bo\u00eete automatique (55 minutes)\u00a0\u00bb item_price=\u00a0\u00bb600\u20ac\u00a0\u00bb][vc_column_text css=\u00a0\u00bb.vc_custom_1716465223538{padding-top: 12px !important;padding-bottom: 20px !important;}\u00a0\u00bb]\n<h3 style=\"color: #292929;\"><span style=\"color: #f66933;\">Accompagnement \u00e0 l&rsquo;examen<\/span><\/h3>\n[\/vc_column_text][nectar_food_menu_item style=\u00a0\u00bbline_between\u00a0\u00bb item_name_heading_tag=\u00a0\u00bbh5&Prime; item_name=\u00a0\u00bbFrais d&rsquo;accompagnement \u00e0 l&rsquo;examen de conduite (manuelle)\u00a0\u00bb item_price=\u00a0\u00bb60\u20ac\u00a0\u00bb][nectar_food_menu_item style=\u00a0\u00bbline_between\u00a0\u00bb item_name_heading_tag=\u00a0\u00bbh5&Prime; item_name=\u00a0\u00bbFrais d&rsquo;accompagnement \u00e0 l&rsquo;examen de conduite (automatique)\u00a0\u00bb item_price=\u00a0\u00bb65\u20ac\u00a0\u00bb][\/vc_column][vc_column column_padding=\u00a0\u00bbpadding-4-percent\u00a0\u00bb column_padding_position=\u00a0\u00bball\u00a0\u00bb background_color=\u00a0\u00bb#292929&Prime; background_color_opacity=\u00a0\u00bb0.6&Prime; background_hover_color_opacity=\u00a0\u00bb1&Prime; background_image=\u00a0\u00bb143&Prime; enable_bg_scale=\u00a0\u00bbtrue\u00a0\u00bb column_link_target=\u00a0\u00bb_self\u00a0\u00bb column_shadow=\u00a0\u00bbnone\u00a0\u00bb column_border_radius=\u00a0\u00bbnone\u00a0\u00bb width=\u00a0\u00bb1\/3&Prime; tablet_width_inherit=\u00a0\u00bbdefault\u00a0\u00bb tablet_text_alignment=\u00a0\u00bbdefault\u00a0\u00bb phone_text_alignment=\u00a0\u00bbdefault\u00a0\u00bb overlay_strength=\u00a0\u00bb0.3&Prime; column_border_width=\u00a0\u00bbnone\u00a0\u00bb column_border_style=\u00a0\u00bbsolid\u00a0\u00bb bg_image_animation=\u00a0\u00bbnone\u00a0\u00bb column_padding_tablet=\u00a0\u00bbinherit\u00a0\u00bb column_padding_phone=\u00a0\u00bbinherit\u00a0\u00bb column_element_direction_desktop=\u00a0\u00bbdefault\u00a0\u00bb column_element_spacing=\u00a0\u00bbdefault\u00a0\u00bb desktop_text_alignment=\u00a0\u00bbdefault\u00a0\u00bb background_image_position=\u00a0\u00bbcenter center\u00a0\u00bb background_image_stacking=\u00a0\u00bbdefault\u00a0\u00bb background_image_loading=\u00a0\u00bbdefault\u00a0\u00bb column_backdrop_filter=\u00a0\u00bbnone\u00a0\u00bb column_position=\u00a0\u00bbdefault\u00a0\u00bb animation_type=\u00a0\u00bbdefault\u00a0\u00bb border_type=\u00a0\u00bbsimple\u00a0\u00bb][vc_row_inner column_margin=\u00a0\u00bbdefault\u00a0\u00bb bottom_padding=\u00a0\u00bb12&Prime; text_align=\u00a0\u00bbleft\u00a0\u00bb column_direction=\u00a0\u00bbdefault\u00a0\u00bb column_direction_tablet=\u00a0\u00bbdefault\u00a0\u00bb column_direction_phone=\u00a0\u00bbdefault\u00a0\u00bb row_position=\u00a0\u00bbdefault\u00a0\u00bb row_position_tablet=\u00a0\u00bbinherit\u00a0\u00bb row_position_phone=\u00a0\u00bbinherit\u00a0\u00bb overflow=\u00a0\u00bbvisible\u00a0\u00bb pointer_events=\u00a0\u00bball\u00a0\u00bb][vc_column_inner column_padding=\u00a0\u00bbno-extra-padding\u00a0\u00bb column_padding_position=\u00a0\u00bball\u00a0\u00bb background_color_opacity=\u00a0\u00bb1&Prime; background_hover_color_opacity=\u00a0\u00bb1&Prime; font_color=\u00a0\u00bb#ffffff\u00a0\u00bb column_shadow=\u00a0\u00bbnone\u00a0\u00bb column_border_radius=\u00a0\u00bbnone\u00a0\u00bb column_link_target=\u00a0\u00bb_self\u00a0\u00bb width=\u00a0\u00bb1\/1&Prime; tablet_width_inherit=\u00a0\u00bbdefault\u00a0\u00bb overlay_strength=\u00a0\u00bb0.3&Prime; column_border_width=\u00a0\u00bbnone\u00a0\u00bb column_border_style=\u00a0\u00bbsolid\u00a0\u00bb bg_image_animation=\u00a0\u00bbnone\u00a0\u00bb column_padding_tablet=\u00a0\u00bbinherit\u00a0\u00bb column_padding_phone=\u00a0\u00bbinherit\u00a0\u00bb column_element_direction_desktop=\u00a0\u00bbdefault\u00a0\u00bb column_element_spacing=\u00a0\u00bbdefault\u00a0\u00bb desktop_text_alignment=\u00a0\u00bbdefault\u00a0\u00bb tablet_text_alignment=\u00a0\u00bbdefault\u00a0\u00bb phone_text_alignment=\u00a0\u00bbdefault\u00a0\u00bb column_backdrop_filter=\u00a0\u00bbnone\u00a0\u00bb overflow=\u00a0\u00bbvisible\u00a0\u00bb animation_type=\u00a0\u00bbdefault\u00a0\u00bb border_type=\u00a0\u00bbsimple\u00a0\u00bb][vc_column_text]\n<h4><i class=\"fa fa-map-signs\" style=\"color: #f66933;\"><\/i> O\u00f9 sommes-nous ?<\/h4>\n<p style=\"color: #f9f9f9; padding-bottom: 12px;\">Venez nous rencontrer dans notre agence de Poissy :<br \/>\n24 avenue du CEP<br \/>\n78300 Poissy<\/p>\n[\/vc_column_text][\/vc_column_inner][\/vc_row_inner][vc_row_inner column_margin=\u00a0\u00bbdefault\u00a0\u00bb bottom_padding=\u00a0\u00bb12&Prime; text_align=\u00a0\u00bbleft\u00a0\u00bb column_direction=\u00a0\u00bbdefault\u00a0\u00bb column_direction_tablet=\u00a0\u00bbdefault\u00a0\u00bb column_direction_phone=\u00a0\u00bbdefault\u00a0\u00bb row_position=\u00a0\u00bbdefault\u00a0\u00bb row_position_tablet=\u00a0\u00bbinherit\u00a0\u00bb row_position_phone=\u00a0\u00bbinherit\u00a0\u00bb overflow=\u00a0\u00bbvisible\u00a0\u00bb pointer_events=\u00a0\u00bball\u00a0\u00bb][vc_column_inner column_padding=\u00a0\u00bbno-extra-padding\u00a0\u00bb column_padding_position=\u00a0\u00bball\u00a0\u00bb background_color_opacity=\u00a0\u00bb1&Prime; background_hover_color_opacity=\u00a0\u00bb1&Prime; font_color=\u00a0\u00bb#ffffff\u00a0\u00bb column_shadow=\u00a0\u00bbnone\u00a0\u00bb column_border_radius=\u00a0\u00bbnone\u00a0\u00bb bottom_margin=\u00a0\u00bb30&Prime; column_link_target=\u00a0\u00bb_self\u00a0\u00bb width=\u00a0\u00bb1\/1&Prime; tablet_width_inherit=\u00a0\u00bbdefault\u00a0\u00bb overlay_strength=\u00a0\u00bb0.3&Prime; column_border_width=\u00a0\u00bbnone\u00a0\u00bb column_border_style=\u00a0\u00bbsolid\u00a0\u00bb bg_image_animation=\u00a0\u00bbnone\u00a0\u00bb column_padding_tablet=\u00a0\u00bbinherit\u00a0\u00bb column_padding_phone=\u00a0\u00bbinherit\u00a0\u00bb column_element_direction_desktop=\u00a0\u00bbdefault\u00a0\u00bb column_element_spacing=\u00a0\u00bbdefault\u00a0\u00bb desktop_text_alignment=\u00a0\u00bbdefault\u00a0\u00bb tablet_text_alignment=\u00a0\u00bbdefault\u00a0\u00bb phone_text_alignment=\u00a0\u00bbdefault\u00a0\u00bb column_backdrop_filter=\u00a0\u00bbnone\u00a0\u00bb overflow=\u00a0\u00bbvisible\u00a0\u00bb animation_type=\u00a0\u00bbdefault\u00a0\u00bb border_type=\u00a0\u00bbsimple\u00a0\u00bb][vc_column_text]\n<h4><i class=\"fa fa-comments\" style=\"color: #f66933;\"><\/i> Nos coordonn\u00e9es<\/h4>\n<p><a style=\"color: #f9f9f9;\" href=\"tel:01.39.77.21.77\">01 39 77 21 77<\/a><br \/>\n<a style=\"color: #f9f9f9;\" href=\"mailto:autoecoledrivingsek@orange.fr\">Envoyer un mail<\/a>[\/vc_column_text][\/vc_column_inner][\/vc_row_inner][vc_row_inner column_margin=\u00a0\u00bbdefault\u00a0\u00bb text_align=\u00a0\u00bbleft\u00a0\u00bb column_direction=\u00a0\u00bbdefault\u00a0\u00bb column_direction_tablet=\u00a0\u00bbdefault\u00a0\u00bb column_direction_phone=\u00a0\u00bbdefault\u00a0\u00bb row_position=\u00a0\u00bbdefault\u00a0\u00bb row_position_tablet=\u00a0\u00bbinherit\u00a0\u00bb row_position_phone=\u00a0\u00bbinherit\u00a0\u00bb overflow=\u00a0\u00bbvisible\u00a0\u00bb pointer_events=\u00a0\u00bball\u00a0\u00bb][vc_column_inner column_padding=\u00a0\u00bbno-extra-padding\u00a0\u00bb column_padding_position=\u00a0\u00bball\u00a0\u00bb background_color_opacity=\u00a0\u00bb1&Prime; background_hover_color_opacity=\u00a0\u00bb1&Prime; font_color=\u00a0\u00bb#ffffff\u00a0\u00bb column_shadow=\u00a0\u00bbnone\u00a0\u00bb column_border_radius=\u00a0\u00bbnone\u00a0\u00bb column_link_target=\u00a0\u00bb_self\u00a0\u00bb width=\u00a0\u00bb1\/1&Prime; tablet_width_inherit=\u00a0\u00bbdefault\u00a0\u00bb overlay_strength=\u00a0\u00bb0.3&Prime; column_border_width=\u00a0\u00bbnone\u00a0\u00bb column_border_style=\u00a0\u00bbsolid\u00a0\u00bb bg_image_animation=\u00a0\u00bbnone\u00a0\u00bb column_padding_tablet=\u00a0\u00bbinherit\u00a0\u00bb column_padding_phone=\u00a0\u00bbinherit\u00a0\u00bb column_element_direction_desktop=\u00a0\u00bbdefault\u00a0\u00bb column_element_spacing=\u00a0\u00bbdefault\u00a0\u00bb desktop_text_alignment=\u00a0\u00bbdefault\u00a0\u00bb tablet_text_alignment=\u00a0\u00bbdefault\u00a0\u00bb phone_text_alignment=\u00a0\u00bbdefault\u00a0\u00bb column_backdrop_filter=\u00a0\u00bbnone\u00a0\u00bb overflow=\u00a0\u00bbvisible\u00a0\u00bb animation_type=\u00a0\u00bbdefault\u00a0\u00bb border_type=\u00a0\u00bbsimple\u00a0\u00bb][vc_column_text]\n<h4><i class=\"fa fa-clock-o\" style=\"color: #f66933;\"><\/i> Nos horaires<\/h4>\n<p><span style=\"color: #f9f9f9;\">Notre agence est ouverte du lundi au vendredi (10h-13h et 15h-19h) et le samedi (10h-13h).<\/span>[\/vc_column_text][\/vc_column_inner][\/vc_row_inner][\/vc_column][\/vc_row]\n","protected":false},"excerpt":{"rendered":"<p>[vc_row type=\u00a0\u00bbfull_width_content\u00a0\u00bb full_screen_row_position=\u00a0\u00bbmiddle\u00a0\u00bb equal_height=\u00a0\u00bbyes\u00a0\u00bb column_margin=\u00a0\u00bbnone\u00a0\u00bb bg_color=\u00a0\u00bb#fee8d5&Prime; scene_position=\u00a0\u00bbcenter\u00a0\u00bb text_color=\u00a0\u00bbdark\u00a0\u00bb text_align=\u00a0\u00bbleft\u00a0\u00bb class=\u00a0\u00bbmargin-form\u00a0\u00bb overlay_strength=\u00a0\u00bb0.3&Prime; shape_divider_position=\u00a0\u00bbbottom\u00a0\u00bb bg_image_animation=\u00a0\u00bbnone\u00a0\u00bb column_direction=\u00a0\u00bbdefault\u00a0\u00bb column_direction_tablet=\u00a0\u00bbdefault\u00a0\u00bb column_direction_phone=\u00a0\u00bbdefault\u00a0\u00bb row_border_radius=\u00a0\u00bbnone\u00a0\u00bb row_border_radius_applies=\u00a0\u00bbbg\u00a0\u00bb overflow=\u00a0\u00bbvisible\u00a0\u00bb shape_type=\u00a0\u00bb\u00a0\u00bb][vc_column column_padding=\u00a0\u00bbpadding-4-percent\u00a0\u00bb column_padding_position=\u00a0\u00bball\u00a0\u00bb background_color_opacity=\u00a0\u00bb1&Prime; background_hover_color_opacity=\u00a0\u00bb1&Prime; font_color=\u00a0\u00bb#040404&Prime; column_link_target=\u00a0\u00bb_self\u00a0\u00bb column_shadow=\u00a0\u00bbnone\u00a0\u00bb column_border_radius=\u00a0\u00bbnone\u00a0\u00bb width=\u00a0\u00bb2\/3&Prime; tablet_width_inherit=\u00a0\u00bbdefault\u00a0\u00bb&#8230;<\/p>\n","protected":false},"author":1,"featured_media":141,"parent":0,"menu_order":0,"comment_status":"closed","ping_status":"closed","template":"","meta":{"footnotes":""},"yoast_head":"<!-- This site is optimized with the Yoast SEO plugin v24.5 - https:\/\/yoast.com\/wordpress\/plugins\/seo\/ -->\n<title>Retrouvez les tarifs \u00e0 l&#039;unit\u00e9 de l&#039;Auto-\u00e9cole Driving SEK \u00e0 Poissy<\/title>\n<meta name=\"description\" content=\"Consultez les tarifs \u00e0 l&#039;unit\u00e9 de l&#039;Auto-\u00e9cole Driving SEK \u00e0 Poissy. Tarifs exprim\u00e9s en euros, toutes taxes comprises.\" \/>\n<meta name=\"robots\" content=\"noindex, follow, max-snippet:-1, max-image-preview:large, max-video-preview:-1\" \/>\n<meta property=\"og:locale\" content=\"fr_FR\" \/>\n<meta property=\"og:type\" content=\"article\" \/>\n<meta property=\"og:title\" content=\"Retrouvez les tarifs \u00e0 l&#039;unit\u00e9 de l&#039;Auto-\u00e9cole Driving SEK \u00e0 Poissy\" \/>\n<meta property=\"og:description\" content=\"Consultez les tarifs \u00e0 l&#039;unit\u00e9 de l&#039;Auto-\u00e9cole Driving SEK \u00e0 Poissy. Tarifs exprim\u00e9s en euros, toutes taxes comprises.\" \/>\n<meta property=\"og:url\" content=\"http:\/\/de-vv.com\/drivingsek\/tarifs-a-lunite\/\" \/>\n<meta property=\"og:site_name\" content=\"Auto-\u00e9cole Driving SEK \u00e0 Poissy\" \/>\n<meta property=\"article:modified_time\" content=\"2024-05-23T18:38:40+00:00\" \/>\n<meta property=\"og:image\" content=\"http:\/\/de-vv.com\/drivingsek\/wp-content\/uploads\/2024\/05\/Vitrine-Driving-Sek.png\" \/>\n\t<meta property=\"og:image:width\" content=\"1200\" \/>\n\t<meta property=\"og:image:height\" content=\"800\" \/>\n\t<meta property=\"og:image:type\" content=\"image\/png\" \/>\n<meta name=\"twitter:card\" content=\"summary_large_image\" \/>\n<meta name=\"twitter:label1\" content=\"Dur\u00e9e de lecture estim\u00e9e\" \/>\n\t<meta name=\"twitter:data1\" content=\"3 minutes\" \/>\n<script type=\"application\/ld+json\" class=\"yoast-schema-graph\">{\"@context\":\"https:\/\/schema.org\",\"@graph\":[{\"@type\":\"WebPage\",\"@id\":\"http:\/\/de-vv.com\/drivingsek\/tarifs-a-lunite\/\",\"url\":\"http:\/\/de-vv.com\/drivingsek\/tarifs-a-lunite\/\",\"name\":\"Retrouvez les tarifs \u00e0 l'unit\u00e9 de l'Auto-\u00e9cole Driving SEK \u00e0 Poissy\",\"isPartOf\":{\"@id\":\"http:\/\/de-vv.com\/drivingsek\/#website\"},\"primaryImageOfPage\":{\"@id\":\"http:\/\/de-vv.com\/drivingsek\/tarifs-a-lunite\/#primaryimage\"},\"image\":{\"@id\":\"http:\/\/de-vv.com\/drivingsek\/tarifs-a-lunite\/#primaryimage\"},\"thumbnailUrl\":\"http:\/\/de-vv.com\/drivingsek\/wp-content\/uploads\/2024\/05\/Vitrine-Driving-Sek.png\",\"datePublished\":\"2024-05-23T09:32:37+00:00\",\"dateModified\":\"2024-05-23T18:38:40+00:00\",\"description\":\"Consultez les tarifs \u00e0 l'unit\u00e9 de l'Auto-\u00e9cole Driving SEK \u00e0 Poissy. Tarifs exprim\u00e9s en euros, toutes taxes comprises.\",\"breadcrumb\":{\"@id\":\"http:\/\/de-vv.com\/drivingsek\/tarifs-a-lunite\/#breadcrumb\"},\"inLanguage\":\"fr-FR\",\"potentialAction\":[{\"@type\":\"ReadAction\",\"target\":[\"http:\/\/de-vv.com\/drivingsek\/tarifs-a-lunite\/\"]}]},{\"@type\":\"ImageObject\",\"inLanguage\":\"fr-FR\",\"@id\":\"http:\/\/de-vv.com\/drivingsek\/tarifs-a-lunite\/#primaryimage\",\"url\":\"http:\/\/de-vv.com\/drivingsek\/wp-content\/uploads\/2024\/05\/Vitrine-Driving-Sek.png\",\"contentUrl\":\"http:\/\/de-vv.com\/drivingsek\/wp-content\/uploads\/2024\/05\/Vitrine-Driving-Sek.png\",\"width\":1200,\"height\":800},{\"@type\":\"BreadcrumbList\",\"@id\":\"http:\/\/de-vv.com\/drivingsek\/tarifs-a-lunite\/#breadcrumb\",\"itemListElement\":[{\"@type\":\"ListItem\",\"position\":1,\"name\":\"Accueil\",\"item\":\"http:\/\/de-vv.com\/drivingsek\/\"},{\"@type\":\"ListItem\",\"position\":2,\"name\":\"Tarifs \u00e0 l&rsquo;unit\u00e9\"}]},{\"@type\":\"WebSite\",\"@id\":\"http:\/\/de-vv.com\/drivingsek\/#website\",\"url\":\"http:\/\/de-vv.com\/drivingsek\/\",\"name\":\"Auto-\u00e9cole Driving SEK \u00e0 Poissy\",\"description\":\"Formation au permis de conduire\",\"potentialAction\":[{\"@type\":\"SearchAction\",\"target\":{\"@type\":\"EntryPoint\",\"urlTemplate\":\"http:\/\/de-vv.com\/drivingsek\/?s={search_term_string}\"},\"query-input\":{\"@type\":\"PropertyValueSpecification\",\"valueRequired\":true,\"valueName\":\"search_term_string\"}}],\"inLanguage\":\"fr-FR\"}]}<\/script>\n<!-- \/ Yoast SEO plugin. -->","yoast_head_json":{"title":"Retrouvez les tarifs \u00e0 l'unit\u00e9 de l'Auto-\u00e9cole Driving SEK \u00e0 Poissy","description":"Consultez les tarifs \u00e0 l'unit\u00e9 de l'Auto-\u00e9cole Driving SEK \u00e0 Poissy. Tarifs exprim\u00e9s en euros, toutes taxes comprises.","robots":{"index":"noindex","follow":"follow","max-snippet":"max-snippet:-1","max-image-preview":"max-image-preview:large","max-video-preview":"max-video-preview:-1"},"og_locale":"fr_FR","og_type":"article","og_title":"Retrouvez les tarifs \u00e0 l'unit\u00e9 de l'Auto-\u00e9cole Driving SEK \u00e0 Poissy","og_description":"Consultez les tarifs \u00e0 l'unit\u00e9 de l'Auto-\u00e9cole Driving SEK \u00e0 Poissy. Tarifs exprim\u00e9s en euros, toutes taxes comprises.","og_url":"http:\/\/de-vv.com\/drivingsek\/tarifs-a-lunite\/","og_site_name":"Auto-\u00e9cole Driving SEK \u00e0 Poissy","article_modified_time":"2024-05-23T18:38:40+00:00","og_image":[{"width":1200,"height":800,"url":"http:\/\/de-vv.com\/drivingsek\/wp-content\/uploads\/2024\/05\/Vitrine-Driving-Sek.png","type":"image\/png"}],"twitter_card":"summary_large_image","twitter_misc":{"Dur\u00e9e de lecture estim\u00e9e":"3 minutes"},"schema":{"@context":"https:\/\/schema.org","@graph":[{"@type":"WebPage","@id":"http:\/\/de-vv.com\/drivingsek\/tarifs-a-lunite\/","url":"http:\/\/de-vv.com\/drivingsek\/tarifs-a-lunite\/","name":"Retrouvez les tarifs \u00e0 l'unit\u00e9 de l'Auto-\u00e9cole Driving SEK \u00e0 Poissy","isPartOf":{"@id":"http:\/\/de-vv.com\/drivingsek\/#website"},"primaryImageOfPage":{"@id":"http:\/\/de-vv.com\/drivingsek\/tarifs-a-lunite\/#primaryimage"},"image":{"@id":"http:\/\/de-vv.com\/drivingsek\/tarifs-a-lunite\/#primaryimage"},"thumbnailUrl":"http:\/\/de-vv.com\/drivingsek\/wp-content\/uploads\/2024\/05\/Vitrine-Driving-Sek.png","datePublished":"2024-05-23T09:32:37+00:00","dateModified":"2024-05-23T18:38:40+00:00","description":"Consultez les tarifs \u00e0 l'unit\u00e9 de l'Auto-\u00e9cole Driving SEK \u00e0 Poissy. Tarifs exprim\u00e9s en euros, toutes taxes comprises.","breadcrumb":{"@id":"http:\/\/de-vv.com\/drivingsek\/tarifs-a-lunite\/#breadcrumb"},"inLanguage":"fr-FR","potentialAction":[{"@type":"ReadAction","target":["http:\/\/de-vv.com\/drivingsek\/tarifs-a-lunite\/"]}]},{"@type":"ImageObject","inLanguage":"fr-FR","@id":"http:\/\/de-vv.com\/drivingsek\/tarifs-a-lunite\/#primaryimage","url":"http:\/\/de-vv.com\/drivingsek\/wp-content\/uploads\/2024\/05\/Vitrine-Driving-Sek.png","contentUrl":"http:\/\/de-vv.com\/drivingsek\/wp-content\/uploads\/2024\/05\/Vitrine-Driving-Sek.png","width":1200,"height":800},{"@type":"BreadcrumbList","@id":"http:\/\/de-vv.com\/drivingsek\/tarifs-a-lunite\/#breadcrumb","itemListElement":[{"@type":"ListItem","position":1,"name":"Accueil","item":"http:\/\/de-vv.com\/drivingsek\/"},{"@type":"ListItem","position":2,"name":"Tarifs \u00e0 l&rsquo;unit\u00e9"}]},{"@type":"WebSite","@id":"http:\/\/de-vv.com\/drivingsek\/#website","url":"http:\/\/de-vv.com\/drivingsek\/","name":"Auto-\u00e9cole Driving SEK \u00e0 Poissy","description":"Formation au permis de conduire","potentialAction":[{"@type":"SearchAction","target":{"@type":"EntryPoint","urlTemplate":"http:\/\/de-vv.com\/drivingsek\/?s={search_term_string}"},"query-input":{"@type":"PropertyValueSpecification","valueRequired":true,"valueName":"search_term_string"}}],"inLanguage":"fr-FR"}]}},"_links":{"self":[{"href":"http:\/\/de-vv.com\/drivingsek\/wp-json\/wp\/v2\/pages\/234"}],"collection":[{"href":"http:\/\/de-vv.com\/drivingsek\/wp-json\/wp\/v2\/pages"}],"about":[{"href":"http:\/\/de-vv.com\/drivingsek\/wp-json\/wp\/v2\/types\/page"}],"author":[{"embeddable":true,"href":"http:\/\/de-vv.com\/drivingsek\/wp-json\/wp\/v2\/users\/1"}],"replies":[{"embeddable":true,"href":"http:\/\/de-vv.com\/drivingsek\/wp-json\/wp\/v2\/comments?post=234"}],"version-history":[{"count":10,"href":"http:\/\/de-vv.com\/drivingsek\/wp-json\/wp\/v2\/pages\/234\/revisions"}],"predecessor-version":[{"id":367,"href":"http:\/\/de-vv.com\/drivingsek\/wp-json\/wp\/v2\/pages\/234\/revisions\/367"}],"wp:featuredmedia":[{"embeddable":true,"href":"http:\/\/de-vv.com\/drivingsek\/wp-json\/wp\/v2\/media\/141"}],"wp:attachment":[{"href":"http:\/\/de-vv.com\/drivingsek\/wp-json\/wp\/v2\/media?parent=234"}],"curies":[{"name":"wp","href":"https:\/\/api.w.org\/{rel}","templated":true}]}}