{"id":27,"date":"2024-07-06T10:01:30","date_gmt":"2024-07-06T08:01:30","guid":{"rendered":"http:\/\/de-vv.com\/drivingup\/?page_id=27"},"modified":"2024-07-11T11:12:48","modified_gmt":"2024-07-11T09:12:48","slug":"documents-a-fournir","status":"publish","type":"page","link":"http:\/\/de-vv.com\/drivingup\/documents-a-fournir\/","title":{"rendered":"Documents \u00e0 fournir"},"content":{"rendered":"[vc_row type=\u00a0\u00bbfull_width_content\u00a0\u00bb full_screen_row_position=\u00a0\u00bbmiddle\u00a0\u00bb equal_height=\u00a0\u00bbyes\u00a0\u00bb column_margin=\u00a0\u00bbnone\u00a0\u00bb bg_color=\u00a0\u00bb#ffffff\u00a0\u00bb scene_position=\u00a0\u00bbcenter\u00a0\u00bb text_color=\u00a0\u00bbdark\u00a0\u00bb text_align=\u00a0\u00bbleft\u00a0\u00bb class=\u00a0\u00bbmargin-form\u00a0\u00bb overlay_strength=\u00a0\u00bb0.3&Prime; shape_divider_position=\u00a0\u00bbbottom\u00a0\u00bb bg_image_animation=\u00a0\u00bbnone\u00a0\u00bb shape_type=\u00a0\u00bb\u00a0\u00bb][vc_column column_padding=\u00a0\u00bbpadding-4-percent\u00a0\u00bb column_padding_position=\u00a0\u00bball\u00a0\u00bb background_color=\u00a0\u00bb#ffffff\u00a0\u00bb background_color_opacity=\u00a0\u00bb1&Prime; background_hover_color_opacity=\u00a0\u00bb1&Prime; font_color=\u00a0\u00bb#040404&Prime; column_link_target=\u00a0\u00bb_self\u00a0\u00bb column_shadow=\u00a0\u00bbnone\u00a0\u00bb column_border_radius=\u00a0\u00bbnone\u00a0\u00bb width=\u00a0\u00bb2\/3&Prime; tablet_width_inherit=\u00a0\u00bbdefault\u00a0\u00bb tablet_text_alignment=\u00a0\u00bbdefault\u00a0\u00bb phone_text_alignment=\u00a0\u00bbdefault\u00a0\u00bb overlay_strength=\u00a0\u00bb0.3&Prime; column_border_width=\u00a0\u00bbnone\u00a0\u00bb column_border_style=\u00a0\u00bbsolid\u00a0\u00bb bg_image_animation=\u00a0\u00bbnone\u00a0\u00bb][vc_column_text css=\u00a0\u00bb.vc_custom_1720275406297{padding-bottom: 20px !important;}\u00a0\u00bb]\n<h1>Documents \u00e0 fournir<\/h1>\n<p>Retrouvez ci-dessous la liste des documents \u00e0 nous fournir \u00e0 l\u2019inscription. Ces documents sont n\u00e9cessaires pour la constitution de votre dossier et son\u00a0<a href=\"https:\/\/permisdeconduire.ants.gouv.fr\/\" target=\"_blank\" rel=\"noopener\">enregistrement aupr\u00e8s de l\u2019ANTS<\/a>.[\/vc_column_text][nectar_food_menu_item style=\u00a0\u00bbdefault\u00a0\u00bb item_name_heading_tag=\u00a0\u00bbh4&Prime; item_name=\u00a0\u00bbE-photo d&rsquo;identit\u00e9 agr\u00e9es ANTS\u00a0\u00bb][nectar_food_menu_item style=\u00a0\u00bbdefault\u00a0\u00bb item_name_heading_tag=\u00a0\u00bbh4&Prime; item_name=\u00a0\u00bbPi\u00e8ce d&rsquo;identit\u00e9 en cours de validit\u00e9\u00a0\u00bb item_description=\u00a0\u00bb+ photocopie de la pi\u00e8ce d&rsquo;identit\u00e9 d&rsquo;un parent si l&rsquo;\u00e9l\u00e8ve est mineur.\u00a0\u00bb][nectar_food_menu_item style=\u00a0\u00bbdefault\u00a0\u00bb item_name_heading_tag=\u00a0\u00bbh4&Prime; item_name=\u00a0\u00bbJustificatif de domicile de moins de 3 mois\u00a0\u00bb item_description=\u00a0\u00bbSi vous \u00eates h\u00e9berg\u00e9 : attestation d&rsquo;h\u00e9bergement + photocopie de la pi\u00e8ce d&rsquo;identit\u00e9 de l&rsquo;h\u00e9bergeant\u00a0\u00bb][nectar_food_menu_item style=\u00a0\u00bbdefault\u00a0\u00bb item_name_heading_tag=\u00a0\u00bbh4&Prime; item_name=\u00a0\u00bbASSR niveau 2&Prime; item_description=\u00a0\u00bbSi vous avez moins de 25 ans et \u00eates n\u00e9(e) en France.\u00a0\u00bb][nectar_food_menu_item style=\u00a0\u00bbdefault\u00a0\u00bb item_name_heading_tag=\u00a0\u00bbh4&Prime; item_name=\u00a0\u00bbAttestation de participation \u00e0 la Journ\u00e9e D\u00e9fense et Citoyennet\u00e9\u00a0\u00bb item_description=\u00a0\u00bbSi vous avez moins de 25 ans et \u00eates n\u00e9(e) en France.\u00a0\u00bb][nectar_food_menu_item style=\u00a0\u00bbdefault\u00a0\u00bb item_name_heading_tag=\u00a0\u00bbh4&Prime; item_name=\u00a0\u00bb2 enveloppes lettres vertes A5&Prime;][\/vc_column][vc_column column_padding=\u00a0\u00bbpadding-4-percent\u00a0\u00bb column_padding_position=\u00a0\u00bball\u00a0\u00bb background_color_opacity=\u00a0\u00bb1&Prime; background_hover_color_opacity=\u00a0\u00bb1&Prime; background_image=\u00a0\u00bb80&Prime; enable_bg_scale=\u00a0\u00bbtrue\u00a0\u00bb column_link_target=\u00a0\u00bb_self\u00a0\u00bb column_shadow=\u00a0\u00bbnone\u00a0\u00bb column_border_radius=\u00a0\u00bbnone\u00a0\u00bb width=\u00a0\u00bb1\/3&Prime; tablet_width_inherit=\u00a0\u00bbdefault\u00a0\u00bb tablet_text_alignment=\u00a0\u00bbdefault\u00a0\u00bb phone_text_alignment=\u00a0\u00bbdefault\u00a0\u00bb enable_gradient=\u00a0\u00bbtrue\u00a0\u00bb color_overlay=\u00a0\u00bb#c10058&Prime; color_overlay_2=\u00a0\u00bb#281b59&Prime; gradient_direction=\u00a0\u00bbleft_to_right\u00a0\u00bb overlay_strength=\u00a0\u00bb0.8&Prime; column_border_width=\u00a0\u00bbnone\u00a0\u00bb column_border_style=\u00a0\u00bbsolid\u00a0\u00bb bg_image_animation=\u00a0\u00bbnone\u00a0\u00bb][vc_row_inner column_margin=\u00a0\u00bbdefault\u00a0\u00bb bottom_padding=\u00a0\u00bb20&Prime; text_align=\u00a0\u00bbleft\u00a0\u00bb][vc_column_inner column_padding=\u00a0\u00bbno-extra-padding\u00a0\u00bb column_padding_position=\u00a0\u00bball\u00a0\u00bb background_color_opacity=\u00a0\u00bb1&Prime; background_hover_color_opacity=\u00a0\u00bb1&Prime; font_color=\u00a0\u00bb#ffffff\u00a0\u00bb column_shadow=\u00a0\u00bbnone\u00a0\u00bb column_border_radius=\u00a0\u00bbnone\u00a0\u00bb column_link_target=\u00a0\u00bb_self\u00a0\u00bb width=\u00a0\u00bb1\/1&Prime; tablet_width_inherit=\u00a0\u00bbdefault\u00a0\u00bb overlay_strength=\u00a0\u00bb0.3&Prime; column_border_width=\u00a0\u00bbnone\u00a0\u00bb column_border_style=\u00a0\u00bbsolid\u00a0\u00bb bg_image_animation=\u00a0\u00bbnone\u00a0\u00bb][vc_column_text]\n<h4><i class=\"fa fa-map-signs\" style=\"color: #26e4ad;\"><\/i> O\u00f9 sommes-nous ?<\/h4>\n<p>Venez nous rencontrer dans notre agence de Meudon :<br \/>\nCentre Commerial Joli Mai<br \/>\n8 Galerie du Patio<br \/>\n92360 Meudon-la-For\u00eat<br \/>\n<a style=\"color: #26e4ad;\" href=\"https:\/\/www.google.com\/maps\/dir\/\/Auto-\u00e9cole+INRI'S+Meudon+Velizy+-+N\u00b01+du+Permis+Acc\u00e9l\u00e9r\u00e9,+Centre+Commerial+Joli+Mai,+8+Gal+du+Patio,+92360+Meudon\/@48.7868658,2.2274656,15z\/data=!3m1!5s0x47e67bd2afdc461f:0x701580e14e1d4d61!4m17!1m7!3m6!1s0x47e67a2d47d7e76f:0x177978a81fa840c5!2sAuto-\u00e9cole+INRI'S+Meudon+Velizy+-+N\u00b01+du+Permis+Acc\u00e9l\u00e9r\u00e9!8m2!3d48.7868658!4d2.2274656!16s%2Fg%2F11f_1ghb60!4m8!1m0!1m5!1m1!1s0x47e67a2d47d7e76f:0x177978a81fa840c5!2m2!1d2.2274656!2d48.7868658!3e3?entry=ttu\" target=\"_blank\" rel=\"noopener\">Plan d&rsquo;acc\u00e8s<\/a>[\/vc_column_text][\/vc_column_inner][\/vc_row_inner][vc_row_inner column_margin=\u00a0\u00bbdefault\u00a0\u00bb bottom_padding=\u00a0\u00bb12&Prime; text_align=\u00a0\u00bbleft\u00a0\u00bb][vc_column_inner column_padding=\u00a0\u00bbno-extra-padding\u00a0\u00bb column_padding_position=\u00a0\u00bball\u00a0\u00bb background_color_opacity=\u00a0\u00bb1&Prime; background_hover_color_opacity=\u00a0\u00bb1&Prime; font_color=\u00a0\u00bb#ffffff\u00a0\u00bb column_shadow=\u00a0\u00bbnone\u00a0\u00bb column_border_radius=\u00a0\u00bbnone\u00a0\u00bb bottom_margin=\u00a0\u00bb30&Prime; column_link_target=\u00a0\u00bb_self\u00a0\u00bb width=\u00a0\u00bb1\/1&Prime; tablet_width_inherit=\u00a0\u00bbdefault\u00a0\u00bb overlay_strength=\u00a0\u00bb0.3&Prime; column_border_width=\u00a0\u00bbnone\u00a0\u00bb column_border_style=\u00a0\u00bbsolid\u00a0\u00bb bg_image_animation=\u00a0\u00bbnone\u00a0\u00bb][vc_column_text]\n<h4><i class=\"fa fa-comments\" style=\"color: #26e4ad;\"><\/i> Nos coordonn\u00e9es<\/h4>\n<p><a class=\"big\" style=\"color: #fff!important;\" href=\"tel: 01.46.30.51.13 \"> 01 46 30 51 13<\/a><br \/>\n<a class=\"big\" style=\"color: #fff!important;\" href=\"mailto:contact@drivingup.fr\">Envoyer un mail<\/a>[\/vc_column_text][\/vc_column_inner][\/vc_row_inner][vc_row_inner column_margin=\u00a0\u00bbdefault\u00a0\u00bb text_align=\u00a0\u00bbleft\u00a0\u00bb][vc_column_inner column_padding=\u00a0\u00bbno-extra-padding\u00a0\u00bb column_padding_position=\u00a0\u00bball\u00a0\u00bb background_color_opacity=\u00a0\u00bb1&Prime; background_hover_color_opacity=\u00a0\u00bb1&Prime; font_color=\u00a0\u00bb#ffffff\u00a0\u00bb column_shadow=\u00a0\u00bbnone\u00a0\u00bb column_border_radius=\u00a0\u00bbnone\u00a0\u00bb column_link_target=\u00a0\u00bb_self\u00a0\u00bb width=\u00a0\u00bb1\/1&Prime; tablet_width_inherit=\u00a0\u00bbdefault\u00a0\u00bb overlay_strength=\u00a0\u00bb0.3&Prime; column_border_width=\u00a0\u00bbnone\u00a0\u00bb column_border_style=\u00a0\u00bbsolid\u00a0\u00bb bg_image_animation=\u00a0\u00bbnone\u00a0\u00bb][vc_column_text]\n<h4><i class=\"fa fa-clock\" style=\"color: #26e4ad;\"><\/i> Nos horaires<\/h4>\n<p>Notre agence est ouverte du mardi au jeudi de 14h \u00e0 19h.<br \/>\nLe vendredi de 14h \u00e0 17h.<br \/>\nLe samedi de 10h \u00e0 13h.[\/vc_column_text][\/vc_column_inner][\/vc_row_inner][\/vc_column][\/vc_row]\n","protected":false},"excerpt":{"rendered":"<p>[vc_row type=\u00a0\u00bbfull_width_content\u00a0\u00bb full_screen_row_position=\u00a0\u00bbmiddle\u00a0\u00bb equal_height=\u00a0\u00bbyes\u00a0\u00bb column_margin=\u00a0\u00bbnone\u00a0\u00bb bg_color=\u00a0\u00bb#ffffff\u00a0\u00bb scene_position=\u00a0\u00bbcenter\u00a0\u00bb text_color=\u00a0\u00bbdark\u00a0\u00bb text_align=\u00a0\u00bbleft\u00a0\u00bb class=\u00a0\u00bbmargin-form\u00a0\u00bb overlay_strength=\u00a0\u00bb0.3&Prime; shape_divider_position=\u00a0\u00bbbottom\u00a0\u00bb bg_image_animation=\u00a0\u00bbnone\u00a0\u00bb shape_type=\u00a0\u00bb\u00a0\u00bb][vc_column column_padding=\u00a0\u00bbpadding-4-percent\u00a0\u00bb column_padding_position=\u00a0\u00bball\u00a0\u00bb background_color=\u00a0\u00bb#ffffff\u00a0\u00bb background_color_opacity=\u00a0\u00bb1&Prime; background_hover_color_opacity=\u00a0\u00bb1&Prime; font_color=\u00a0\u00bb#040404&Prime; column_link_target=\u00a0\u00bb_self\u00a0\u00bb column_shadow=\u00a0\u00bbnone\u00a0\u00bb column_border_radius=\u00a0\u00bbnone\u00a0\u00bb width=\u00a0\u00bb2\/3&Prime; tablet_width_inherit=\u00a0\u00bbdefault\u00a0\u00bb tablet_text_alignment=\u00a0\u00bbdefault\u00a0\u00bb phone_text_alignment=\u00a0\u00bbdefault\u00a0\u00bb overlay_strength=\u00a0\u00bb0.3&Prime; column_border_width=\u00a0\u00bbnone\u00a0\u00bb column_border_style=\u00a0\u00bbsolid\u00a0\u00bb&#8230;<\/p>\n","protected":false},"author":1,"featured_media":0,"parent":0,"menu_order":0,"comment_status":"closed","ping_status":"closed","template":"","meta":{"_joinchat":[],"footnotes":""},"yoast_head":"<!-- This site is optimized with the Yoast SEO plugin v24.5 - https:\/\/yoast.com\/wordpress\/plugins\/seo\/ -->\n<title>Documents \u00e0 fournir pour l&#039;inscription au permis de conduire - Auto-\u00e9cole Meudon V\u00e9lizy<\/title>\n<meta name=\"description\" content=\"Retrouvez la liste des documents \u00e0 nous fournir pour vous inscrire au permis de conduire avec l&#039;Auto-\u00e9cole Meudon-V\u00e9lizy.\" \/>\n<meta name=\"robots\" content=\"noindex, follow, max-snippet:-1, max-image-preview:large, max-video-preview:-1\" \/>\n<meta property=\"og:locale\" content=\"fr_FR\" \/>\n<meta property=\"og:type\" content=\"article\" \/>\n<meta property=\"og:title\" content=\"Documents \u00e0 fournir pour l&#039;inscription au permis de conduire - Auto-\u00e9cole Meudon V\u00e9lizy\" \/>\n<meta property=\"og:description\" content=\"Retrouvez la liste des documents \u00e0 nous fournir pour vous inscrire au permis de conduire avec l&#039;Auto-\u00e9cole Meudon-V\u00e9lizy.\" \/>\n<meta property=\"og:url\" content=\"http:\/\/de-vv.com\/drivingup\/documents-a-fournir\/\" \/>\n<meta property=\"og:site_name\" content=\"Auto-\u00e9cole Meudon V\u00e9lizy\" \/>\n<meta property=\"article:modified_time\" content=\"2024-07-11T09:12:48+00:00\" \/>\n<meta name=\"twitter:card\" content=\"summary_large_image\" \/>\n<meta name=\"twitter:label1\" content=\"Dur\u00e9e de lecture estim\u00e9e\" \/>\n\t<meta name=\"twitter:data1\" content=\"2 minutes\" \/>\n<script type=\"application\/ld+json\" class=\"yoast-schema-graph\">{\"@context\":\"https:\/\/schema.org\",\"@graph\":[{\"@type\":\"WebPage\",\"@id\":\"http:\/\/de-vv.com\/drivingup\/documents-a-fournir\/\",\"url\":\"http:\/\/de-vv.com\/drivingup\/documents-a-fournir\/\",\"name\":\"Documents \u00e0 fournir pour l'inscription au permis de conduire - Auto-\u00e9cole Meudon V\u00e9lizy\",\"isPartOf\":{\"@id\":\"https:\/\/de-vv.com\/drivingup\/#website\"},\"datePublished\":\"2024-07-06T08:01:30+00:00\",\"dateModified\":\"2024-07-11T09:12:48+00:00\",\"description\":\"Retrouvez la liste des documents \u00e0 nous fournir pour vous inscrire au permis de conduire avec l'Auto-\u00e9cole Meudon-V\u00e9lizy.\",\"breadcrumb\":{\"@id\":\"http:\/\/de-vv.com\/drivingup\/documents-a-fournir\/#breadcrumb\"},\"inLanguage\":\"fr-FR\",\"potentialAction\":[{\"@type\":\"ReadAction\",\"target\":[\"http:\/\/de-vv.com\/drivingup\/documents-a-fournir\/\"]}]},{\"@type\":\"BreadcrumbList\",\"@id\":\"http:\/\/de-vv.com\/drivingup\/documents-a-fournir\/#breadcrumb\",\"itemListElement\":[{\"@type\":\"ListItem\",\"position\":1,\"name\":\"Accueil\",\"item\":\"https:\/\/de-vv.com\/drivingup\/\"},{\"@type\":\"ListItem\",\"position\":2,\"name\":\"Documents \u00e0 fournir\"}]},{\"@type\":\"WebSite\",\"@id\":\"https:\/\/de-vv.com\/drivingup\/#website\",\"url\":\"https:\/\/de-vv.com\/drivingup\/\",\"name\":\"Auto-\u00e9cole Meudon V\u00e9lizy\",\"description\":\"by Driving Up\",\"potentialAction\":[{\"@type\":\"SearchAction\",\"target\":{\"@type\":\"EntryPoint\",\"urlTemplate\":\"https:\/\/de-vv.com\/drivingup\/?s={search_term_string}\"},\"query-input\":{\"@type\":\"PropertyValueSpecification\",\"valueRequired\":true,\"valueName\":\"search_term_string\"}}],\"inLanguage\":\"fr-FR\"}]}<\/script>\n<!-- \/ Yoast SEO plugin. -->","yoast_head_json":{"title":"Documents \u00e0 fournir pour l'inscription au permis de conduire - Auto-\u00e9cole Meudon V\u00e9lizy","description":"Retrouvez la liste des documents \u00e0 nous fournir pour vous inscrire au permis de conduire avec l'Auto-\u00e9cole Meudon-V\u00e9lizy.","robots":{"index":"noindex","follow":"follow","max-snippet":"max-snippet:-1","max-image-preview":"max-image-preview:large","max-video-preview":"max-video-preview:-1"},"og_locale":"fr_FR","og_type":"article","og_title":"Documents \u00e0 fournir pour l'inscription au permis de conduire - Auto-\u00e9cole Meudon V\u00e9lizy","og_description":"Retrouvez la liste des documents \u00e0 nous fournir pour vous inscrire au permis de conduire avec l'Auto-\u00e9cole Meudon-V\u00e9lizy.","og_url":"http:\/\/de-vv.com\/drivingup\/documents-a-fournir\/","og_site_name":"Auto-\u00e9cole Meudon V\u00e9lizy","article_modified_time":"2024-07-11T09:12:48+00:00","twitter_card":"summary_large_image","twitter_misc":{"Dur\u00e9e de lecture estim\u00e9e":"2 minutes"},"schema":{"@context":"https:\/\/schema.org","@graph":[{"@type":"WebPage","@id":"http:\/\/de-vv.com\/drivingup\/documents-a-fournir\/","url":"http:\/\/de-vv.com\/drivingup\/documents-a-fournir\/","name":"Documents \u00e0 fournir pour l'inscription au permis de conduire - Auto-\u00e9cole Meudon V\u00e9lizy","isPartOf":{"@id":"https:\/\/de-vv.com\/drivingup\/#website"},"datePublished":"2024-07-06T08:01:30+00:00","dateModified":"2024-07-11T09:12:48+00:00","description":"Retrouvez la liste des documents \u00e0 nous fournir pour vous inscrire au permis de conduire avec l'Auto-\u00e9cole Meudon-V\u00e9lizy.","breadcrumb":{"@id":"http:\/\/de-vv.com\/drivingup\/documents-a-fournir\/#breadcrumb"},"inLanguage":"fr-FR","potentialAction":[{"@type":"ReadAction","target":["http:\/\/de-vv.com\/drivingup\/documents-a-fournir\/"]}]},{"@type":"BreadcrumbList","@id":"http:\/\/de-vv.com\/drivingup\/documents-a-fournir\/#breadcrumb","itemListElement":[{"@type":"ListItem","position":1,"name":"Accueil","item":"https:\/\/de-vv.com\/drivingup\/"},{"@type":"ListItem","position":2,"name":"Documents \u00e0 fournir"}]},{"@type":"WebSite","@id":"https:\/\/de-vv.com\/drivingup\/#website","url":"https:\/\/de-vv.com\/drivingup\/","name":"Auto-\u00e9cole Meudon V\u00e9lizy","description":"by Driving Up","potentialAction":[{"@type":"SearchAction","target":{"@type":"EntryPoint","urlTemplate":"https:\/\/de-vv.com\/drivingup\/?s={search_term_string}"},"query-input":{"@type":"PropertyValueSpecification","valueRequired":true,"valueName":"search_term_string"}}],"inLanguage":"fr-FR"}]}},"_links":{"self":[{"href":"http:\/\/de-vv.com\/drivingup\/wp-json\/wp\/v2\/pages\/27"}],"collection":[{"href":"http:\/\/de-vv.com\/drivingup\/wp-json\/wp\/v2\/pages"}],"about":[{"href":"http:\/\/de-vv.com\/drivingup\/wp-json\/wp\/v2\/types\/page"}],"author":[{"embeddable":true,"href":"http:\/\/de-vv.com\/drivingup\/wp-json\/wp\/v2\/users\/1"}],"replies":[{"embeddable":true,"href":"http:\/\/de-vv.com\/drivingup\/wp-json\/wp\/v2\/comments?post=27"}],"version-history":[{"count":5,"href":"http:\/\/de-vv.com\/drivingup\/wp-json\/wp\/v2\/pages\/27\/revisions"}],"predecessor-version":[{"id":212,"href":"http:\/\/de-vv.com\/drivingup\/wp-json\/wp\/v2\/pages\/27\/revisions\/212"}],"wp:attachment":[{"href":"http:\/\/de-vv.com\/drivingup\/wp-json\/wp\/v2\/media?parent=27"}],"curies":[{"name":"wp","href":"https:\/\/api.w.org\/{rel}","templated":true}]}}