{"id":29,"date":"2024-07-06T10:01:42","date_gmt":"2024-07-06T08:01:42","guid":{"rendered":"http:\/\/de-vv.com\/drivingup\/?page_id=29"},"modified":"2024-07-07T22:11:45","modified_gmt":"2024-07-07T20:11:45","slug":"informations-utiles","status":"publish","type":"page","link":"http:\/\/de-vv.com\/drivingup\/informations-utiles\/","title":{"rendered":"Informations utiles"},"content":{"rendered":"[vc_row type=\u00a0\u00bbin_container\u00a0\u00bb full_screen_row_position=\u00a0\u00bbmiddle\u00a0\u00bb column_margin=\u00a0\u00bbdefault\u00a0\u00bb scene_position=\u00a0\u00bbcenter\u00a0\u00bb text_color=\u00a0\u00bbdark\u00a0\u00bb text_align=\u00a0\u00bbleft\u00a0\u00bb overlay_strength=\u00a0\u00bb0.3&Prime; shape_divider_position=\u00a0\u00bbbottom\u00a0\u00bb bg_image_animation=\u00a0\u00bbnone\u00a0\u00bb][vc_column column_padding=\u00a0\u00bbpadding-2-percent\u00a0\u00bb column_padding_position=\u00a0\u00bball\u00a0\u00bb background_color_opacity=\u00a0\u00bb1&Prime; background_hover_color_opacity=\u00a0\u00bb1&Prime; column_link_target=\u00a0\u00bb_self\u00a0\u00bb column_shadow=\u00a0\u00bbnone\u00a0\u00bb column_border_radius=\u00a0\u00bbnone\u00a0\u00bb width=\u00a0\u00bb1\/1&Prime; tablet_width_inherit=\u00a0\u00bbdefault\u00a0\u00bb tablet_text_alignment=\u00a0\u00bbdefault\u00a0\u00bb phone_text_alignment=\u00a0\u00bbdefault\u00a0\u00bb overlay_strength=\u00a0\u00bb0.3&Prime; column_border_width=\u00a0\u00bbnone\u00a0\u00bb column_border_style=\u00a0\u00bbsolid\u00a0\u00bb bg_image_animation=\u00a0\u00bbnone\u00a0\u00bb][vc_column_text]\n<h1 style=\"color: #c10058; text-align: center;\">Informations utiles<\/h1>\n[\/vc_column_text][vc_column_text]\n<p style=\"text-align: center;\">L\u2019essentiel \u00e0 conna\u00eetre pour une formation r\u00e9ussie avec l&rsquo;Auto-\u00e9cole Meudon V\u00e9lizy !<\/p>\n[\/vc_column_text][\/vc_column][\/vc_row][vc_row type=\u00a0\u00bbin_container\u00a0\u00bb full_screen_row_position=\u00a0\u00bbmiddle\u00a0\u00bb column_margin=\u00a0\u00bbdefault\u00a0\u00bb scene_position=\u00a0\u00bbcenter\u00a0\u00bb text_color=\u00a0\u00bbdark\u00a0\u00bb text_align=\u00a0\u00bbleft\u00a0\u00bb overlay_strength=\u00a0\u00bb0.3&Prime; shape_divider_position=\u00a0\u00bbbottom\u00a0\u00bb bg_image_animation=\u00a0\u00bbnone\u00a0\u00bb shape_type=\u00a0\u00bb\u00a0\u00bb][vc_column column_padding=\u00a0\u00bbpadding-2-percent\u00a0\u00bb column_padding_position=\u00a0\u00bbtop-left\u00a0\u00bb background_color_opacity=\u00a0\u00bb1&Prime; background_hover_color_opacity=\u00a0\u00bb1&Prime; column_link_target=\u00a0\u00bb_self\u00a0\u00bb column_shadow=\u00a0\u00bbnone\u00a0\u00bb column_border_radius=\u00a0\u00bbnone\u00a0\u00bb width=\u00a0\u00bb2\/3&Prime; tablet_width_inherit=\u00a0\u00bbdefault\u00a0\u00bb tablet_text_alignment=\u00a0\u00bbdefault\u00a0\u00bb phone_text_alignment=\u00a0\u00bbdefault\u00a0\u00bb overlay_strength=\u00a0\u00bb0.3&Prime; column_border_width=\u00a0\u00bbnone\u00a0\u00bb column_border_style=\u00a0\u00bbsolid\u00a0\u00bb bg_image_animation=\u00a0\u00bbnone\u00a0\u00bb][vc_column_text]\n<h3>Les enjeux de la formation<\/h3>\n[\/vc_column_text]<div class=\"nectar-fancy-ul\" data-list-icon=\"icon-salient-thin-line\" data-animation=\"false\" data-animation-delay=\"0\" data-color=\"accent-color\" data-spacing=\"default\" data-alignment=\"left\"> \n<ul>\n<li><a href=\"http:\/\/de-vv.com\/drivingup\/wp-content\/uploads\/2024\/07\/1.2-ENJEUX-DE-LA-FORMATION-B.pdf\" target=\"_blank\" rel=\"noopener\">Les enjeux de la formation au permis<\/a><\/li>\n<\/ul>\n <\/div>[vc_column_text]\n<h3>Le r\u00e8glement int\u00e9rieur<\/h3>\n[\/vc_column_text]<div class=\"nectar-fancy-ul\" data-list-icon=\"icon-salient-thin-line\" data-animation=\"false\" data-animation-delay=\"0\" data-color=\"accent-color\" data-spacing=\"default\" data-alignment=\"left\"> \n<ul>\n<li>Le r\u00e8glement int\u00e9rieur<\/li>\n<\/ul>\n <\/div>[vc_column_text css=\u00a0\u00bb.vc_custom_1709663688906{padding-bottom: 12px !important;}\u00a0\u00bb]\n<h3>Formations moto<\/h3>\n<p>L&rsquo;Auto-\u00e9cole Meudon V\u00e9lizy ne dispense pas de formations deux roues.[\/vc_column_text][\/vc_column][vc_column column_padding=\u00a0\u00bbpadding-2-percent\u00a0\u00bb column_padding_position=\u00a0\u00bball\u00a0\u00bb background_color=\u00a0\u00bb#f7f7f7&Prime; background_color_opacity=\u00a0\u00bb1&Prime; background_hover_color_opacity=\u00a0\u00bb1&Prime; column_link_target=\u00a0\u00bb_self\u00a0\u00bb column_shadow=\u00a0\u00bbnone\u00a0\u00bb column_border_radius=\u00a0\u00bbnone\u00a0\u00bb width=\u00a0\u00bb1\/3&Prime; tablet_width_inherit=\u00a0\u00bbdefault\u00a0\u00bb tablet_text_alignment=\u00a0\u00bbdefault\u00a0\u00bb phone_text_alignment=\u00a0\u00bbdefault\u00a0\u00bb overlay_strength=\u00a0\u00bb0.3&Prime; column_border_width=\u00a0\u00bbnone\u00a0\u00bb column_border_style=\u00a0\u00bbsolid\u00a0\u00bb bg_image_animation=\u00a0\u00bbnone\u00a0\u00bb][vc_column_text]\n<h4>Vous avez une question ?<\/h4>\n[\/vc_column_text][divider line_type=\u00a0\u00bbNo Line\u00a0\u00bb custom_height=\u00a0\u00bb12&Prime;][nectar_btn size=\u00a0\u00bbmedium\u00a0\u00bb button_style=\u00a0\u00bbregular\u00a0\u00bb button_color_2=\u00a0\u00bbExtra-Color-2&Prime; icon_family=\u00a0\u00bbfontawesome\u00a0\u00bb text=\u00a0\u00bbPrendre RDV\u00a0\u00bb url=\u00a0\u00bbhttp:\/\/de-vv.com\/drivingup\/contact\/\u00a0\u00bb icon_fontawesome=\u00a0\u00bbfa fa-envelope-open-o\u00a0\u00bb margin_right=\u00a0\u00bb8&Prime;][nectar_btn size=\u00a0\u00bbmedium\u00a0\u00bb button_style=\u00a0\u00bbregular\u00a0\u00bb button_color_2=\u00a0\u00bbAccent-Color\u00a0\u00bb icon_family=\u00a0\u00bbfontawesome\u00a0\u00bb text=\u00a0\u00bb01 46 30 51 13&Prime; url=\u00a0\u00bbtel:01.46.30.51.13&Prime; icon_fontawesome=\u00a0\u00bbfa fa-mobile\u00a0\u00bb][divider line_type=\u00a0\u00bbNo Line\u00a0\u00bb custom_height=\u00a0\u00bb12&Prime;][\/vc_column][\/vc_row][vc_row type=\u00a0\u00bbin_container\u00a0\u00bb full_screen_row_position=\u00a0\u00bbmiddle\u00a0\u00bb column_margin=\u00a0\u00bbdefault\u00a0\u00bb scene_position=\u00a0\u00bbcenter\u00a0\u00bb text_color=\u00a0\u00bbdark\u00a0\u00bb text_align=\u00a0\u00bbleft\u00a0\u00bb overlay_strength=\u00a0\u00bb0.3&Prime; shape_divider_position=\u00a0\u00bbbottom\u00a0\u00bb bg_image_animation=\u00a0\u00bbnone\u00a0\u00bb][vc_column column_padding=\u00a0\u00bbpadding-2-percent\u00a0\u00bb column_padding_position=\u00a0\u00bbleft-right\u00a0\u00bb background_color_opacity=\u00a0\u00bb1&Prime; background_hover_color_opacity=\u00a0\u00bb1&Prime; column_link_target=\u00a0\u00bb_self\u00a0\u00bb column_shadow=\u00a0\u00bbnone\u00a0\u00bb column_border_radius=\u00a0\u00bbnone\u00a0\u00bb width=\u00a0\u00bb1\/1&Prime; tablet_width_inherit=\u00a0\u00bbdefault\u00a0\u00bb tablet_text_alignment=\u00a0\u00bbdefault\u00a0\u00bb phone_text_alignment=\u00a0\u00bbdefault\u00a0\u00bb overlay_strength=\u00a0\u00bb0.3&Prime; column_border_width=\u00a0\u00bbnone\u00a0\u00bb column_border_style=\u00a0\u00bbsolid\u00a0\u00bb bg_image_animation=\u00a0\u00bbnone\u00a0\u00bb][vc_column_text css=\u00a0\u00bb.vc_custom_1702737880929{padding-bottom: 20px !important;}\u00a0\u00bb]\n<h3>Stage post-permis<\/h3>\n<p>L&rsquo;Auto-\u00e9cole Meudon-V\u00e9lizy propose des stages post-permis aux \u00e9l\u00e8ves ayant r\u00e9ussi l&rsquo;examen. Ces stages permette de r\u00e9duire la dur\u00e9e de la p\u00e9riode probatoire et comportent de nombreux avantages. Plus d&rsquo;informations sur le contenu et le d\u00e9roulement de ces stages sur le site de la <a href=\"https:\/\/securite-routiere.gouv.fr\/passer-son-permis-de-conduire\/permis-probatoire\/les-stages-post-permis-et-reduction-de-la-periode\" target=\"_blank\" rel=\"noopener\">S\u00e9curit\u00e9 routi\u00e8re<\/a>.[\/vc_column_text][vc_column_text css=\u00a0\u00bb.vc_custom_1720383102824{padding-bottom: 20px !important;}\u00a0\u00bb]\n<h3>Les avantages de la conduite accompagn\u00e9e et supervis\u00e9e<\/h3>\n<p>L&rsquo;apprentissage anticip\u00e9 de la conduite (AAC) ou <a href=\"http:\/\/de-vv.com\/drivingup\/conduite-accompagnee\/\">conduite accompagn\u00e9e<\/a>, accessible d\u00e8s 15 ans, comporte de <a href=\"https:\/\/www.securite-routiere.gouv.fr\/passer-son-permis-de-conduire\/conduite-accompagnee\/quest-ce-que-la-conduite-accompagnee#les-avantages-de-la-conduite-accompagnee-1666\" target=\"_blank\" rel=\"noopener\">nombreux avantages<\/a>. La formation en <a href=\"http:\/\/de-vv.com\/drivingup\/wp-content\/uploads\/2024\/07\/1.7-Les-avantages-de-la-CA-et-conduite-supervisee.pdf\" target=\"_blank\" rel=\"noopener\">conduite supervis\u00e9e<\/a> (\u00e0 partir de 18 ans) comporte elle aussi des avantages par rapport \u00e0 la formation traditionnelle. La conduite supervis\u00e9e comporte elle aussi <a href=\"https:\/\/www.securite-routiere.gouv.fr\/passer-son-permis-de-conduire\/conduite-accompagnee\/conduite-supervisee#quels-avantages-pour-le-candidat-?-1398\" target=\"_blank\" rel=\"noopener\">plusieurs avantages<\/a>.[\/vc_column_text][vc_column_text]\n<h3>Proc\u00e9d\u00e9 de positionnement et d\u2019\u00e9valuation<\/h3>\n[\/vc_column_text]<div class=\"nectar-fancy-ul\" data-list-icon=\"icon-salient-thin-line\" data-animation=\"false\" data-animation-delay=\"0\" data-color=\"accent-color\" data-spacing=\"default\" data-alignment=\"left\"> \n<ul>\n<li><a href=\"http:\/\/de-vv.com\/drivingup\/wp-content\/uploads\/2024\/07\/2.2-Procede-de-positionnement.pdf\" target=\"_blank\" rel=\"noopener\">Proc\u00e9d\u00e9 de positionnement<\/a><\/li>\n<li><a href=\"http:\/\/de-vv.com\/drivingup\/wp-content\/uploads\/2024\/07\/2.2-Procede-devaluation.pdf\" target=\"_blank\" rel=\"noopener\">Proc\u00e9d\u00e9 d&rsquo;\u00e9valuation<\/a><\/li>\n<li><a href=\"http:\/\/de-vv.com\/drivingup\/wp-content\/uploads\/2024\/07\/2.4-Prise-en-compte-du-handicap.pdf\" target=\"_blank\" rel=\"noopener\">Prise en compte du handicap<\/a><\/li>\n<\/ul>\n <\/div>[vc_column_text]\n<h3>Modalit\u00e9s d\u2019organisation des formations th\u00e9oriques et pratiques<\/h3>\n[\/vc_column_text]<div class=\"nectar-fancy-ul\" data-list-icon=\"icon-salient-thin-line\" data-animation=\"false\" data-animation-delay=\"0\" data-color=\"accent-color\" data-spacing=\"default\" data-alignment=\"left\"> \n<ul>\n<li><a href=\"http:\/\/de-vv.com\/drivingup\/wp-content\/uploads\/2024\/07\/2.1-PROGRAMME-B-.pdf\" target=\"_blank\" rel=\"noopener\">Programme de formation &#8211; Permis B<\/a><\/li>\n<li><a href=\"http:\/\/de-vv.com\/drivingup\/wp-content\/uploads\/2024\/07\/2.1-PROGRAMME-AAC-.pdf\" target=\"_blank\" rel=\"noopener\">Programme de formation &#8211; AAC<\/a><\/li>\n<li><a href=\"http:\/\/de-vv.com\/drivingup\/wp-content\/uploads\/2024\/07\/2.1-PROGRAMME-B78-.pdf\" target=\"_blank\" rel=\"noopener\">Programme de formation &#8211; Permis B78<\/a><\/li>\n<li><a href=\"http:\/\/de-vv.com\/drivingup\/wp-content\/uploads\/2024\/07\/2.1-PROGRAMME-B78-vers-B-.pdf\" target=\"_blank\" rel=\"noopener\">Programme de formation &#8211; Passerelle B78 vers B<\/a><\/li>\n<\/ul>\n <\/div>[vc_column_text]\n<h3>Modalit\u00e9s de traitement des r\u00e9clamations<\/h3>\n[\/vc_column_text]<div class=\"nectar-fancy-ul\" data-list-icon=\"icon-salient-thin-line\" data-animation=\"false\" data-animation-delay=\"0\" data-color=\"accent-color\" data-spacing=\"default\" data-alignment=\"left\"> \n<ul>\n<li>Le traitement des r\u00e9clamations<\/li>\n<\/ul>\n <\/div>[\/vc_column][\/vc_row][vc_row type=\u00a0\u00bbfull_width_background\u00a0\u00bb full_screen_row_position=\u00a0\u00bbmiddle\u00a0\u00bb equal_height=\u00a0\u00bbyes\u00a0\u00bb content_placement=\u00a0\u00bbmiddle\u00a0\u00bb column_margin=\u00a0\u00bbdefault\u00a0\u00bb scene_position=\u00a0\u00bbcenter\u00a0\u00bb text_color=\u00a0\u00bblight\u00a0\u00bb text_align=\u00a0\u00bbleft\u00a0\u00bb enable_gradient=\u00a0\u00bbtrue\u00a0\u00bb color_overlay=\u00a0\u00bb#281b59&Prime; color_overlay_2=\u00a0\u00bb#c10058&Prime; gradient_direction=\u00a0\u00bbleft_to_right\u00a0\u00bb overlay_strength=\u00a0\u00bb1&Prime; shape_divider_position=\u00a0\u00bbbottom\u00a0\u00bb bg_image_animation=\u00a0\u00bbnone\u00a0\u00bb shape_type=\u00a0\u00bb\u00a0\u00bb][vc_column centered_text=\u00a0\u00bbtrue\u00a0\u00bb column_padding=\u00a0\u00bbpadding-2-percent\u00a0\u00bb column_padding_position=\u00a0\u00bball\u00a0\u00bb background_color_opacity=\u00a0\u00bb1&Prime; background_hover_color_opacity=\u00a0\u00bb1&Prime; column_link_target=\u00a0\u00bb_self\u00a0\u00bb column_shadow=\u00a0\u00bbnone\u00a0\u00bb column_border_radius=\u00a0\u00bbnone\u00a0\u00bb width=\u00a0\u00bb1\/4&Prime; tablet_width_inherit=\u00a0\u00bbdefault\u00a0\u00bb tablet_text_alignment=\u00a0\u00bbdefault\u00a0\u00bb phone_text_alignment=\u00a0\u00bbdefault\u00a0\u00bb overlay_strength=\u00a0\u00bb0.3&Prime; column_border_width=\u00a0\u00bbnone\u00a0\u00bb column_border_style=\u00a0\u00bbsolid\u00a0\u00bb bg_image_animation=\u00a0\u00bbnone\u00a0\u00bb][image_with_animation image_url=\u00a0\u00bb95&Prime; alignment=\u00a0\u00bbcenter\u00a0\u00bb animation=\u00a0\u00bbFade In\u00a0\u00bb hover_animation=\u00a0\u00bbnone\u00a0\u00bb border_radius=\u00a0\u00bbnone\u00a0\u00bb box_shadow=\u00a0\u00bbnone\u00a0\u00bb image_loading=\u00a0\u00bblazy-load\u00a0\u00bb max_width=\u00a0\u00bb75%\u00a0\u00bb max_width_mobile=\u00a0\u00bbdefault\u00a0\u00bb][\/vc_column][vc_column column_padding=\u00a0\u00bbpadding-2-percent\u00a0\u00bb column_padding_position=\u00a0\u00bball\u00a0\u00bb background_color_opacity=\u00a0\u00bb1&Prime; background_hover_color_opacity=\u00a0\u00bb1&Prime; column_link_target=\u00a0\u00bb_self\u00a0\u00bb column_shadow=\u00a0\u00bbnone\u00a0\u00bb column_border_radius=\u00a0\u00bbnone\u00a0\u00bb width=\u00a0\u00bb3\/4&Prime; tablet_width_inherit=\u00a0\u00bbdefault\u00a0\u00bb tablet_text_alignment=\u00a0\u00bbdefault\u00a0\u00bb phone_text_alignment=\u00a0\u00bbdefault\u00a0\u00bb overlay_strength=\u00a0\u00bb0.3&Prime; column_border_width=\u00a0\u00bbnone\u00a0\u00bb column_border_style=\u00a0\u00bbsolid\u00a0\u00bb bg_image_animation=\u00a0\u00bbnone\u00a0\u00bb][vc_column_text css=\u00a0\u00bb.vc_custom_1702065214538{padding-bottom: 12px !important;}\u00a0\u00bb]\n<h2>Une auto-\u00e9cole de qualit\u00e9 !<\/h2>\n[\/vc_column_text][vc_column_text]L&rsquo;Auto-\u00e9cole Meudon-V\u00e9lizy s\u2019est engag\u00e9e dans une d\u00e9marche de qualit\u00e9 et dispose du <a style=\"color: #26e4ad!important;\" href=\"https:\/\/www.securite-routiere.gouv.fr\/les-metiers-de-leducation-routiere\/obtenir-le-label-pour-son-ecole-de-conduite\" target=\"_blank\" rel=\"noopener\">label \u00ab qualit\u00e9 des formations au sein des \u00e9coles de conduite \u00bb<\/a> d\u00e9cern\u00e9 par le Minist\u00e8re de l\u2019Int\u00e9rieur. Pour en savoir plus sur le contenu et le d\u00e9roulement de nos formations, nous vous invitons \u00e0 consulter ces informations utiles.[\/vc_column_text][\/vc_column][\/vc_row]\n","protected":false},"excerpt":{"rendered":"<p>[vc_row type=\u00a0\u00bbin_container\u00a0\u00bb full_screen_row_position=\u00a0\u00bbmiddle\u00a0\u00bb column_margin=\u00a0\u00bbdefault\u00a0\u00bb scene_position=\u00a0\u00bbcenter\u00a0\u00bb text_color=\u00a0\u00bbdark\u00a0\u00bb text_align=\u00a0\u00bbleft\u00a0\u00bb overlay_strength=\u00a0\u00bb0.3&Prime; shape_divider_position=\u00a0\u00bbbottom\u00a0\u00bb bg_image_animation=\u00a0\u00bbnone\u00a0\u00bb][vc_column column_padding=\u00a0\u00bbpadding-2-percent\u00a0\u00bb column_padding_position=\u00a0\u00bball\u00a0\u00bb background_color_opacity=\u00a0\u00bb1&Prime; background_hover_color_opacity=\u00a0\u00bb1&Prime; column_link_target=\u00a0\u00bb_self\u00a0\u00bb column_shadow=\u00a0\u00bbnone\u00a0\u00bb column_border_radius=\u00a0\u00bbnone\u00a0\u00bb width=\u00a0\u00bb1\/1&Prime; tablet_width_inherit=\u00a0\u00bbdefault\u00a0\u00bb tablet_text_alignment=\u00a0\u00bbdefault\u00a0\u00bb phone_text_alignment=\u00a0\u00bbdefault\u00a0\u00bb overlay_strength=\u00a0\u00bb0.3&Prime; column_border_width=\u00a0\u00bbnone\u00a0\u00bb column_border_style=\u00a0\u00bbsolid\u00a0\u00bb bg_image_animation=\u00a0\u00bbnone\u00a0\u00bb][vc_column_text] Informations utiles [\/vc_column_text][vc_column_text] L\u2019essentiel \u00e0&#8230;<\/p>\n","protected":false},"author":1,"featured_media":95,"parent":0,"menu_order":0,"comment_status":"closed","ping_status":"closed","template":"","meta":{"_joinchat":[],"footnotes":""},"yoast_head":"<!-- This site is optimized with the Yoast SEO plugin v24.5 - https:\/\/yoast.com\/wordpress\/plugins\/seo\/ -->\n<title>Informations utiles pour votre permis de conduire - Auto-\u00e9cole Meudon V\u00e9lizy<\/title>\n<meta name=\"description\" content=\"Retrouvez des informations utiles pour votre formation au permis de conduire au sein de l&#039;Auto-\u00e9cole Meudon V\u00e9lizy, label de qualit\u00e9.\" \/>\n<meta name=\"robots\" content=\"noindex, follow, max-snippet:-1, max-image-preview:large, max-video-preview:-1\" \/>\n<meta property=\"og:locale\" content=\"fr_FR\" \/>\n<meta property=\"og:type\" content=\"article\" \/>\n<meta property=\"og:title\" content=\"Informations utiles pour votre permis de conduire - Auto-\u00e9cole Meudon V\u00e9lizy\" \/>\n<meta property=\"og:description\" content=\"Retrouvez des informations utiles pour votre formation au permis de conduire au sein de l&#039;Auto-\u00e9cole Meudon V\u00e9lizy, label de qualit\u00e9.\" \/>\n<meta property=\"og:url\" content=\"http:\/\/de-vv.com\/drivingup\/informations-utiles\/\" \/>\n<meta property=\"og:site_name\" content=\"Auto-\u00e9cole Meudon V\u00e9lizy\" \/>\n<meta property=\"article:modified_time\" content=\"2024-07-07T20:11:45+00:00\" \/>\n<meta property=\"og:image\" content=\"http:\/\/de-vv.com\/drivingup\/wp-content\/uploads\/2024\/07\/label-de-qualite-Auto-ecole-Meudon-Velizy.png\" \/>\n\t<meta property=\"og:image:width\" content=\"768\" \/>\n\t<meta property=\"og:image:height\" content=\"733\" \/>\n\t<meta property=\"og:image:type\" content=\"image\/png\" \/>\n<meta name=\"twitter:card\" content=\"summary_large_image\" \/>\n<meta name=\"twitter:label1\" content=\"Dur\u00e9e de lecture estim\u00e9e\" \/>\n\t<meta name=\"twitter:data1\" content=\"3 minutes\" \/>\n<script type=\"application\/ld+json\" class=\"yoast-schema-graph\">{\"@context\":\"https:\/\/schema.org\",\"@graph\":[{\"@type\":\"WebPage\",\"@id\":\"http:\/\/de-vv.com\/drivingup\/informations-utiles\/\",\"url\":\"http:\/\/de-vv.com\/drivingup\/informations-utiles\/\",\"name\":\"Informations utiles pour votre permis de conduire - Auto-\u00e9cole Meudon V\u00e9lizy\",\"isPartOf\":{\"@id\":\"https:\/\/de-vv.com\/drivingup\/#website\"},\"primaryImageOfPage\":{\"@id\":\"http:\/\/de-vv.com\/drivingup\/informations-utiles\/#primaryimage\"},\"image\":{\"@id\":\"http:\/\/de-vv.com\/drivingup\/informations-utiles\/#primaryimage\"},\"thumbnailUrl\":\"http:\/\/de-vv.com\/drivingup\/wp-content\/uploads\/2024\/07\/label-de-qualite-Auto-ecole-Meudon-Velizy.png\",\"datePublished\":\"2024-07-06T08:01:42+00:00\",\"dateModified\":\"2024-07-07T20:11:45+00:00\",\"description\":\"Retrouvez des informations utiles pour votre formation au permis de conduire au sein de l'Auto-\u00e9cole Meudon V\u00e9lizy, label de qualit\u00e9.\",\"breadcrumb\":{\"@id\":\"http:\/\/de-vv.com\/drivingup\/informations-utiles\/#breadcrumb\"},\"inLanguage\":\"fr-FR\",\"potentialAction\":[{\"@type\":\"ReadAction\",\"target\":[\"http:\/\/de-vv.com\/drivingup\/informations-utiles\/\"]}]},{\"@type\":\"ImageObject\",\"inLanguage\":\"fr-FR\",\"@id\":\"http:\/\/de-vv.com\/drivingup\/informations-utiles\/#primaryimage\",\"url\":\"http:\/\/de-vv.com\/drivingup\/wp-content\/uploads\/2024\/07\/label-de-qualite-Auto-ecole-Meudon-Velizy.png\",\"contentUrl\":\"http:\/\/de-vv.com\/drivingup\/wp-content\/uploads\/2024\/07\/label-de-qualite-Auto-ecole-Meudon-Velizy.png\",\"width\":768,\"height\":733,\"caption\":\"Label Auto-\u00e9cole de Qualit\u00e9 - Auto-\u00e9cole Meudon V\u00e9lizy\"},{\"@type\":\"BreadcrumbList\",\"@id\":\"http:\/\/de-vv.com\/drivingup\/informations-utiles\/#breadcrumb\",\"itemListElement\":[{\"@type\":\"ListItem\",\"position\":1,\"name\":\"Accueil\",\"item\":\"https:\/\/de-vv.com\/drivingup\/\"},{\"@type\":\"ListItem\",\"position\":2,\"name\":\"Informations utiles\"}]},{\"@type\":\"WebSite\",\"@id\":\"https:\/\/de-vv.com\/drivingup\/#website\",\"url\":\"https:\/\/de-vv.com\/drivingup\/\",\"name\":\"Auto-\u00e9cole Meudon V\u00e9lizy\",\"description\":\"by Driving Up\",\"potentialAction\":[{\"@type\":\"SearchAction\",\"target\":{\"@type\":\"EntryPoint\",\"urlTemplate\":\"https:\/\/de-vv.com\/drivingup\/?s={search_term_string}\"},\"query-input\":{\"@type\":\"PropertyValueSpecification\",\"valueRequired\":true,\"valueName\":\"search_term_string\"}}],\"inLanguage\":\"fr-FR\"}]}<\/script>\n<!-- \/ Yoast SEO plugin. -->","yoast_head_json":{"title":"Informations utiles pour votre permis de conduire - Auto-\u00e9cole Meudon V\u00e9lizy","description":"Retrouvez des informations utiles pour votre formation au permis de conduire au sein de l'Auto-\u00e9cole Meudon V\u00e9lizy, label de qualit\u00e9.","robots":{"index":"noindex","follow":"follow","max-snippet":"max-snippet:-1","max-image-preview":"max-image-preview:large","max-video-preview":"max-video-preview:-1"},"og_locale":"fr_FR","og_type":"article","og_title":"Informations utiles pour votre permis de conduire - Auto-\u00e9cole Meudon V\u00e9lizy","og_description":"Retrouvez des informations utiles pour votre formation au permis de conduire au sein de l'Auto-\u00e9cole Meudon V\u00e9lizy, label de qualit\u00e9.","og_url":"http:\/\/de-vv.com\/drivingup\/informations-utiles\/","og_site_name":"Auto-\u00e9cole Meudon V\u00e9lizy","article_modified_time":"2024-07-07T20:11:45+00:00","og_image":[{"width":768,"height":733,"url":"http:\/\/de-vv.com\/drivingup\/wp-content\/uploads\/2024\/07\/label-de-qualite-Auto-ecole-Meudon-Velizy.png","type":"image\/png"}],"twitter_card":"summary_large_image","twitter_misc":{"Dur\u00e9e de lecture estim\u00e9e":"3 minutes"},"schema":{"@context":"https:\/\/schema.org","@graph":[{"@type":"WebPage","@id":"http:\/\/de-vv.com\/drivingup\/informations-utiles\/","url":"http:\/\/de-vv.com\/drivingup\/informations-utiles\/","name":"Informations utiles pour votre permis de conduire - Auto-\u00e9cole Meudon V\u00e9lizy","isPartOf":{"@id":"https:\/\/de-vv.com\/drivingup\/#website"},"primaryImageOfPage":{"@id":"http:\/\/de-vv.com\/drivingup\/informations-utiles\/#primaryimage"},"image":{"@id":"http:\/\/de-vv.com\/drivingup\/informations-utiles\/#primaryimage"},"thumbnailUrl":"http:\/\/de-vv.com\/drivingup\/wp-content\/uploads\/2024\/07\/label-de-qualite-Auto-ecole-Meudon-Velizy.png","datePublished":"2024-07-06T08:01:42+00:00","dateModified":"2024-07-07T20:11:45+00:00","description":"Retrouvez des informations utiles pour votre formation au permis de conduire au sein de l'Auto-\u00e9cole Meudon V\u00e9lizy, label de qualit\u00e9.","breadcrumb":{"@id":"http:\/\/de-vv.com\/drivingup\/informations-utiles\/#breadcrumb"},"inLanguage":"fr-FR","potentialAction":[{"@type":"ReadAction","target":["http:\/\/de-vv.com\/drivingup\/informations-utiles\/"]}]},{"@type":"ImageObject","inLanguage":"fr-FR","@id":"http:\/\/de-vv.com\/drivingup\/informations-utiles\/#primaryimage","url":"http:\/\/de-vv.com\/drivingup\/wp-content\/uploads\/2024\/07\/label-de-qualite-Auto-ecole-Meudon-Velizy.png","contentUrl":"http:\/\/de-vv.com\/drivingup\/wp-content\/uploads\/2024\/07\/label-de-qualite-Auto-ecole-Meudon-Velizy.png","width":768,"height":733,"caption":"Label Auto-\u00e9cole de Qualit\u00e9 - Auto-\u00e9cole Meudon V\u00e9lizy"},{"@type":"BreadcrumbList","@id":"http:\/\/de-vv.com\/drivingup\/informations-utiles\/#breadcrumb","itemListElement":[{"@type":"ListItem","position":1,"name":"Accueil","item":"https:\/\/de-vv.com\/drivingup\/"},{"@type":"ListItem","position":2,"name":"Informations utiles"}]},{"@type":"WebSite","@id":"https:\/\/de-vv.com\/drivingup\/#website","url":"https:\/\/de-vv.com\/drivingup\/","name":"Auto-\u00e9cole Meudon V\u00e9lizy","description":"by Driving Up","potentialAction":[{"@type":"SearchAction","target":{"@type":"EntryPoint","urlTemplate":"https:\/\/de-vv.com\/drivingup\/?s={search_term_string}"},"query-input":{"@type":"PropertyValueSpecification","valueRequired":true,"valueName":"search_term_string"}}],"inLanguage":"fr-FR"}]}},"_links":{"self":[{"href":"http:\/\/de-vv.com\/drivingup\/wp-json\/wp\/v2\/pages\/29"}],"collection":[{"href":"http:\/\/de-vv.com\/drivingup\/wp-json\/wp\/v2\/pages"}],"about":[{"href":"http:\/\/de-vv.com\/drivingup\/wp-json\/wp\/v2\/types\/page"}],"author":[{"embeddable":true,"href":"http:\/\/de-vv.com\/drivingup\/wp-json\/wp\/v2\/users\/1"}],"replies":[{"embeddable":true,"href":"http:\/\/de-vv.com\/drivingup\/wp-json\/wp\/v2\/comments?post=29"}],"version-history":[{"count":6,"href":"http:\/\/de-vv.com\/drivingup\/wp-json\/wp\/v2\/pages\/29\/revisions"}],"predecessor-version":[{"id":185,"href":"http:\/\/de-vv.com\/drivingup\/wp-json\/wp\/v2\/pages\/29\/revisions\/185"}],"wp:featuredmedia":[{"embeddable":true,"href":"http:\/\/de-vv.com\/drivingup\/wp-json\/wp\/v2\/media\/95"}],"wp:attachment":[{"href":"http:\/\/de-vv.com\/drivingup\/wp-json\/wp\/v2\/media?parent=29"}],"curies":[{"name":"wp","href":"https:\/\/api.w.org\/{rel}","templated":true}]}}