{"id":41,"date":"2024-07-06T10:13:17","date_gmt":"2024-07-06T08:13:17","guid":{"rendered":"http:\/\/de-vv.com\/drivingup\/?page_id=41"},"modified":"2024-07-07T08:42:42","modified_gmt":"2024-07-07T06:42:42","slug":"mediateur","status":"publish","type":"page","link":"http:\/\/de-vv.com\/drivingup\/mediateur\/","title":{"rendered":"M\u00e9diateur"},"content":{"rendered":"[vc_row type=\u00a0\u00bbin_container\u00a0\u00bb full_screen_row_position=\u00a0\u00bbmiddle\u00a0\u00bb column_margin=\u00a0\u00bbdefault\u00a0\u00bb scene_position=\u00a0\u00bbcenter\u00a0\u00bb text_color=\u00a0\u00bbdark\u00a0\u00bb text_align=\u00a0\u00bbleft\u00a0\u00bb overlay_strength=\u00a0\u00bb0.3&Prime; shape_divider_position=\u00a0\u00bbbottom\u00a0\u00bb bg_image_animation=\u00a0\u00bbnone\u00a0\u00bb][vc_column column_padding=\u00a0\u00bbno-extra-padding\u00a0\u00bb column_padding_position=\u00a0\u00bball\u00a0\u00bb background_color_opacity=\u00a0\u00bb1&Prime; background_hover_color_opacity=\u00a0\u00bb1&Prime; column_link_target=\u00a0\u00bb_self\u00a0\u00bb column_shadow=\u00a0\u00bbnone\u00a0\u00bb column_border_radius=\u00a0\u00bbnone\u00a0\u00bb width=\u00a0\u00bb1\/6&Prime; tablet_width_inherit=\u00a0\u00bbdefault\u00a0\u00bb tablet_text_alignment=\u00a0\u00bbdefault\u00a0\u00bb phone_text_alignment=\u00a0\u00bbdefault\u00a0\u00bb overlay_strength=\u00a0\u00bb0.3&Prime; column_border_width=\u00a0\u00bbnone\u00a0\u00bb column_border_style=\u00a0\u00bbsolid\u00a0\u00bb bg_image_animation=\u00a0\u00bbnone\u00a0\u00bb][\/vc_column][vc_column column_padding=\u00a0\u00bbpadding-3-percent\u00a0\u00bb column_padding_position=\u00a0\u00bball\u00a0\u00bb background_color_opacity=\u00a0\u00bb1&Prime; background_hover_color_opacity=\u00a0\u00bb1&Prime; column_link_target=\u00a0\u00bb_self\u00a0\u00bb column_shadow=\u00a0\u00bbnone\u00a0\u00bb column_border_radius=\u00a0\u00bbnone\u00a0\u00bb width=\u00a0\u00bb2\/3&Prime; tablet_width_inherit=\u00a0\u00bbdefault\u00a0\u00bb tablet_text_alignment=\u00a0\u00bbdefault\u00a0\u00bb phone_text_alignment=\u00a0\u00bbdefault\u00a0\u00bb overlay_strength=\u00a0\u00bb0.3&Prime; column_border_width=\u00a0\u00bbnone\u00a0\u00bb column_border_style=\u00a0\u00bbsolid\u00a0\u00bb bg_image_animation=\u00a0\u00bbnone\u00a0\u00bb][vc_column_text css=\u00a0\u00bb.vc_custom_1720253699733{padding-top: 20px !important;padding-bottom: 30px !important;}\u00a0\u00bb]\n<h2 style=\"color: #c10058; text-align: center;\">M\u00e9diateur de la consommation<\/h2>\n[\/vc_column_text][vc_column_text css=\u00a0\u00bb.vc_custom_1720253663548{padding-bottom: 20px !important;}\u00a0\u00bb]En application des nouvelles obligations du code de la consommation, vous \u00eates inform\u00e9s qu\u2019en cas de litige, vous pouvez vous adresser au M\u00e9diateur de Mobilians (anciennement CNPA) :<\/p>\n<ul>\n<li>par courrier, au moyen d\u2019un formulaire de saisine t\u00e9l\u00e9chargeable sur le site du m\u00e9diateur, \u00e0 l\u2019adresse : M. Paul Mauriac\u00a0 M\u00e9diateur dde Mobilians \u2013 43 BIS ROUTE DE VAUGIRARD \u2013 CS 80016 \u2013 92197 MEUDON CEDEX<\/li>\n<li>sur son site internet\u00a0<a href=\"https:\/\/www.mediateur-mobilians.fr\/\">www.mediateur-mobilians.fr<\/a>.<\/li>\n<\/ul>\n[\/vc_column_text][\/vc_column][vc_column column_padding=\u00a0\u00bbno-extra-padding\u00a0\u00bb column_padding_position=\u00a0\u00bball\u00a0\u00bb background_color_opacity=\u00a0\u00bb1&Prime; background_hover_color_opacity=\u00a0\u00bb1&Prime; column_link_target=\u00a0\u00bb_self\u00a0\u00bb column_shadow=\u00a0\u00bbnone\u00a0\u00bb column_border_radius=\u00a0\u00bbnone\u00a0\u00bb width=\u00a0\u00bb1\/6&Prime; tablet_width_inherit=\u00a0\u00bbdefault\u00a0\u00bb tablet_text_alignment=\u00a0\u00bbdefault\u00a0\u00bb phone_text_alignment=\u00a0\u00bbdefault\u00a0\u00bb overlay_strength=\u00a0\u00bb0.3&Prime; column_border_width=\u00a0\u00bbnone\u00a0\u00bb column_border_style=\u00a0\u00bbsolid\u00a0\u00bb bg_image_animation=\u00a0\u00bbnone\u00a0\u00bb][\/vc_column][\/vc_row]\n","protected":false},"excerpt":{"rendered":"<p>[vc_row type=\u00a0\u00bbin_container\u00a0\u00bb full_screen_row_position=\u00a0\u00bbmiddle\u00a0\u00bb column_margin=\u00a0\u00bbdefault\u00a0\u00bb scene_position=\u00a0\u00bbcenter\u00a0\u00bb text_color=\u00a0\u00bbdark\u00a0\u00bb text_align=\u00a0\u00bbleft\u00a0\u00bb overlay_strength=\u00a0\u00bb0.3&Prime; shape_divider_position=\u00a0\u00bbbottom\u00a0\u00bb bg_image_animation=\u00a0\u00bbnone\u00a0\u00bb][vc_column column_padding=\u00a0\u00bbno-extra-padding\u00a0\u00bb column_padding_position=\u00a0\u00bball\u00a0\u00bb background_color_opacity=\u00a0\u00bb1&Prime; background_hover_color_opacity=\u00a0\u00bb1&Prime; column_link_target=\u00a0\u00bb_self\u00a0\u00bb column_shadow=\u00a0\u00bbnone\u00a0\u00bb column_border_radius=\u00a0\u00bbnone\u00a0\u00bb width=\u00a0\u00bb1\/6&Prime; tablet_width_inherit=\u00a0\u00bbdefault\u00a0\u00bb tablet_text_alignment=\u00a0\u00bbdefault\u00a0\u00bb phone_text_alignment=\u00a0\u00bbdefault\u00a0\u00bb overlay_strength=\u00a0\u00bb0.3&Prime; column_border_width=\u00a0\u00bbnone\u00a0\u00bb column_border_style=\u00a0\u00bbsolid\u00a0\u00bb bg_image_animation=\u00a0\u00bbnone\u00a0\u00bb][\/vc_column][vc_column column_padding=\u00a0\u00bbpadding-3-percent\u00a0\u00bb column_padding_position=\u00a0\u00bball\u00a0\u00bb background_color_opacity=\u00a0\u00bb1&Prime; background_hover_color_opacity=\u00a0\u00bb1&Prime; column_link_target=\u00a0\u00bb_self\u00a0\u00bb&#8230;<\/p>\n","protected":false},"author":1,"featured_media":0,"parent":0,"menu_order":0,"comment_status":"closed","ping_status":"closed","template":"","meta":{"_joinchat":[],"footnotes":""},"yoast_head":"<!-- This site is optimized with the Yoast SEO plugin v24.5 - https:\/\/yoast.com\/wordpress\/plugins\/seo\/ -->\n<title>M\u00e9diateur de la consommation - Auto-\u00e9cole Meudon V\u00e9lizy<\/title>\n<meta name=\"description\" content=\"Retrouvez les coordonn\u00e9es du m\u00e9diateur de la consommation de l&#039;Auto-\u00e9cole Meudon V\u00e9lizy. Contactez le en cas de litige non r\u00e9solu.\" \/>\n<meta name=\"robots\" content=\"noindex, follow, max-snippet:-1, max-image-preview:large, max-video-preview:-1\" \/>\n<meta property=\"og:locale\" content=\"fr_FR\" \/>\n<meta property=\"og:type\" content=\"article\" \/>\n<meta property=\"og:title\" content=\"M\u00e9diateur de la consommation - Auto-\u00e9cole Meudon V\u00e9lizy\" \/>\n<meta property=\"og:description\" content=\"Retrouvez les coordonn\u00e9es du m\u00e9diateur de la consommation de l&#039;Auto-\u00e9cole Meudon V\u00e9lizy. Contactez le en cas de litige non r\u00e9solu.\" \/>\n<meta property=\"og:url\" content=\"http:\/\/de-vv.com\/drivingup\/mediateur\/\" \/>\n<meta property=\"og:site_name\" content=\"Auto-\u00e9cole Meudon V\u00e9lizy\" \/>\n<meta property=\"article:modified_time\" content=\"2024-07-07T06:42:42+00:00\" \/>\n<meta name=\"twitter:card\" content=\"summary_large_image\" \/>\n<meta name=\"twitter:label1\" content=\"Dur\u00e9e de lecture estim\u00e9e\" \/>\n\t<meta name=\"twitter:data1\" content=\"1 minute\" \/>\n<script type=\"application\/ld+json\" class=\"yoast-schema-graph\">{\"@context\":\"https:\/\/schema.org\",\"@graph\":[{\"@type\":\"WebPage\",\"@id\":\"http:\/\/de-vv.com\/drivingup\/mediateur\/\",\"url\":\"http:\/\/de-vv.com\/drivingup\/mediateur\/\",\"name\":\"M\u00e9diateur de la consommation - Auto-\u00e9cole Meudon V\u00e9lizy\",\"isPartOf\":{\"@id\":\"https:\/\/de-vv.com\/drivingup\/#website\"},\"datePublished\":\"2024-07-06T08:13:17+00:00\",\"dateModified\":\"2024-07-07T06:42:42+00:00\",\"description\":\"Retrouvez les coordonn\u00e9es du m\u00e9diateur de la consommation de l'Auto-\u00e9cole Meudon V\u00e9lizy. Contactez le en cas de litige non r\u00e9solu.\",\"breadcrumb\":{\"@id\":\"http:\/\/de-vv.com\/drivingup\/mediateur\/#breadcrumb\"},\"inLanguage\":\"fr-FR\",\"potentialAction\":[{\"@type\":\"ReadAction\",\"target\":[\"http:\/\/de-vv.com\/drivingup\/mediateur\/\"]}]},{\"@type\":\"BreadcrumbList\",\"@id\":\"http:\/\/de-vv.com\/drivingup\/mediateur\/#breadcrumb\",\"itemListElement\":[{\"@type\":\"ListItem\",\"position\":1,\"name\":\"Accueil\",\"item\":\"https:\/\/de-vv.com\/drivingup\/\"},{\"@type\":\"ListItem\",\"position\":2,\"name\":\"M\u00e9diateur\"}]},{\"@type\":\"WebSite\",\"@id\":\"https:\/\/de-vv.com\/drivingup\/#website\",\"url\":\"https:\/\/de-vv.com\/drivingup\/\",\"name\":\"Auto-\u00e9cole Meudon V\u00e9lizy\",\"description\":\"by Driving Up\",\"potentialAction\":[{\"@type\":\"SearchAction\",\"target\":{\"@type\":\"EntryPoint\",\"urlTemplate\":\"https:\/\/de-vv.com\/drivingup\/?s={search_term_string}\"},\"query-input\":{\"@type\":\"PropertyValueSpecification\",\"valueRequired\":true,\"valueName\":\"search_term_string\"}}],\"inLanguage\":\"fr-FR\"}]}<\/script>\n<!-- \/ Yoast SEO plugin. -->","yoast_head_json":{"title":"M\u00e9diateur de la consommation - Auto-\u00e9cole Meudon V\u00e9lizy","description":"Retrouvez les coordonn\u00e9es du m\u00e9diateur de la consommation de l'Auto-\u00e9cole Meudon V\u00e9lizy. Contactez le en cas de litige non r\u00e9solu.","robots":{"index":"noindex","follow":"follow","max-snippet":"max-snippet:-1","max-image-preview":"max-image-preview:large","max-video-preview":"max-video-preview:-1"},"og_locale":"fr_FR","og_type":"article","og_title":"M\u00e9diateur de la consommation - Auto-\u00e9cole Meudon V\u00e9lizy","og_description":"Retrouvez les coordonn\u00e9es du m\u00e9diateur de la consommation de l'Auto-\u00e9cole Meudon V\u00e9lizy. Contactez le en cas de litige non r\u00e9solu.","og_url":"http:\/\/de-vv.com\/drivingup\/mediateur\/","og_site_name":"Auto-\u00e9cole Meudon V\u00e9lizy","article_modified_time":"2024-07-07T06:42:42+00:00","twitter_card":"summary_large_image","twitter_misc":{"Dur\u00e9e de lecture estim\u00e9e":"1 minute"},"schema":{"@context":"https:\/\/schema.org","@graph":[{"@type":"WebPage","@id":"http:\/\/de-vv.com\/drivingup\/mediateur\/","url":"http:\/\/de-vv.com\/drivingup\/mediateur\/","name":"M\u00e9diateur de la consommation - Auto-\u00e9cole Meudon V\u00e9lizy","isPartOf":{"@id":"https:\/\/de-vv.com\/drivingup\/#website"},"datePublished":"2024-07-06T08:13:17+00:00","dateModified":"2024-07-07T06:42:42+00:00","description":"Retrouvez les coordonn\u00e9es du m\u00e9diateur de la consommation de l'Auto-\u00e9cole Meudon V\u00e9lizy. Contactez le en cas de litige non r\u00e9solu.","breadcrumb":{"@id":"http:\/\/de-vv.com\/drivingup\/mediateur\/#breadcrumb"},"inLanguage":"fr-FR","potentialAction":[{"@type":"ReadAction","target":["http:\/\/de-vv.com\/drivingup\/mediateur\/"]}]},{"@type":"BreadcrumbList","@id":"http:\/\/de-vv.com\/drivingup\/mediateur\/#breadcrumb","itemListElement":[{"@type":"ListItem","position":1,"name":"Accueil","item":"https:\/\/de-vv.com\/drivingup\/"},{"@type":"ListItem","position":2,"name":"M\u00e9diateur"}]},{"@type":"WebSite","@id":"https:\/\/de-vv.com\/drivingup\/#website","url":"https:\/\/de-vv.com\/drivingup\/","name":"Auto-\u00e9cole Meudon V\u00e9lizy","description":"by Driving Up","potentialAction":[{"@type":"SearchAction","target":{"@type":"EntryPoint","urlTemplate":"https:\/\/de-vv.com\/drivingup\/?s={search_term_string}"},"query-input":{"@type":"PropertyValueSpecification","valueRequired":true,"valueName":"search_term_string"}}],"inLanguage":"fr-FR"}]}},"_links":{"self":[{"href":"http:\/\/de-vv.com\/drivingup\/wp-json\/wp\/v2\/pages\/41"}],"collection":[{"href":"http:\/\/de-vv.com\/drivingup\/wp-json\/wp\/v2\/pages"}],"about":[{"href":"http:\/\/de-vv.com\/drivingup\/wp-json\/wp\/v2\/types\/page"}],"author":[{"embeddable":true,"href":"http:\/\/de-vv.com\/drivingup\/wp-json\/wp\/v2\/users\/1"}],"replies":[{"embeddable":true,"href":"http:\/\/de-vv.com\/drivingup\/wp-json\/wp\/v2\/comments?post=41"}],"version-history":[{"count":3,"href":"http:\/\/de-vv.com\/drivingup\/wp-json\/wp\/v2\/pages\/41\/revisions"}],"predecessor-version":[{"id":44,"href":"http:\/\/de-vv.com\/drivingup\/wp-json\/wp\/v2\/pages\/41\/revisions\/44"}],"wp:attachment":[{"href":"http:\/\/de-vv.com\/drivingup\/wp-json\/wp\/v2\/media?parent=41"}],"curies":[{"name":"wp","href":"https:\/\/api.w.org\/{rel}","templated":true}]}}