{"id":72,"date":"2024-07-06T11:11:59","date_gmt":"2024-07-06T09:11:59","guid":{"rendered":"http:\/\/de-vv.com\/drivingup\/?page_id=72"},"modified":"2024-07-11T11:15:31","modified_gmt":"2024-07-11T09:15:31","slug":"tarifs-a-lunite","status":"publish","type":"page","link":"http:\/\/de-vv.com\/drivingup\/tarifs-a-lunite\/","title":{"rendered":"Tarifs \u00e0 l&rsquo;unit\u00e9"},"content":{"rendered":"[vc_row type=\u00a0\u00bbfull_width_content\u00a0\u00bb full_screen_row_position=\u00a0\u00bbmiddle\u00a0\u00bb equal_height=\u00a0\u00bbyes\u00a0\u00bb column_margin=\u00a0\u00bbnone\u00a0\u00bb bg_color=\u00a0\u00bb#ffffff\u00a0\u00bb scene_position=\u00a0\u00bbcenter\u00a0\u00bb text_color=\u00a0\u00bbdark\u00a0\u00bb text_align=\u00a0\u00bbleft\u00a0\u00bb class=\u00a0\u00bbmargin-form\u00a0\u00bb overlay_strength=\u00a0\u00bb0.3&Prime; shape_divider_position=\u00a0\u00bbbottom\u00a0\u00bb bg_image_animation=\u00a0\u00bbnone\u00a0\u00bb shape_type=\u00a0\u00bb\u00a0\u00bb][vc_column column_padding=\u00a0\u00bbpadding-4-percent\u00a0\u00bb column_padding_position=\u00a0\u00bball\u00a0\u00bb background_color=\u00a0\u00bb#ffffff\u00a0\u00bb background_color_opacity=\u00a0\u00bb1&Prime; background_hover_color_opacity=\u00a0\u00bb1&Prime; font_color=\u00a0\u00bb#040404&Prime; column_link_target=\u00a0\u00bb_self\u00a0\u00bb column_shadow=\u00a0\u00bbnone\u00a0\u00bb column_border_radius=\u00a0\u00bbnone\u00a0\u00bb width=\u00a0\u00bb2\/3&Prime; tablet_width_inherit=\u00a0\u00bbdefault\u00a0\u00bb tablet_text_alignment=\u00a0\u00bbdefault\u00a0\u00bb phone_text_alignment=\u00a0\u00bbdefault\u00a0\u00bb overlay_strength=\u00a0\u00bb0.3&Prime; column_border_width=\u00a0\u00bbnone\u00a0\u00bb column_border_style=\u00a0\u00bbsolid\u00a0\u00bb bg_image_animation=\u00a0\u00bbnone\u00a0\u00bb][vc_column_text css=\u00a0\u00bb.vc_custom_1720275847604{padding-bottom: 20px !important;}\u00a0\u00bb]\n<h1>Tarifs \u00e0 l&rsquo;unit\u00e9<\/h1>\n<p>Nos forfaits ne sont pas suffisants? Vous avez besoin d&rsquo;un peu plus? Consultez nos tarifs \u00e0 l&rsquo;unit\u00e9! Tarifs exprim\u00e9s en euros (\u20ac), toutes taxes comprises, valables jusqu\u2019au 31 d\u00e9cembre 2024.[\/vc_column_text][nectar_food_menu_item style=\u00a0\u00bbline_between\u00a0\u00bb item_name_heading_tag=\u00a0\u00bbh4&Prime; item_name=\u00a0\u00bb\u00c9valuation de d\u00e9part\u00a0\u00bb item_price=\u00a0\u00bb62\u20ac\u00a0\u00bb][nectar_food_menu_item style=\u00a0\u00bbline_between\u00a0\u00bb item_name_heading_tag=\u00a0\u00bbh4&Prime; item_name=\u00a0\u00bbLe\u00e7on de conduite &#8211; Bo\u00eete manuelle\u00a0\u00bb item_price=\u00a0\u00bb67\u20ac\u00a0\u00bb][nectar_food_menu_item style=\u00a0\u00bbline_between\u00a0\u00bb item_name_heading_tag=\u00a0\u00bbh4&Prime; item_name=\u00a0\u00bbLe\u00e7on de conduite &#8211; Bo\u00eete automatique ou formule acc\u00e9l\u00e9r\u00e9e\u00a0\u00bb item_price=\u00a0\u00bb70\u20ac\u00a0\u00bb][nectar_food_menu_item style=\u00a0\u00bbline_between\u00a0\u00bb item_name_heading_tag=\u00a0\u00bbh4&Prime; item_name=\u00a0\u00bbAccompagnement \u00e0 l&rsquo;examen &#8211; Bo\u00eete manuelle\u00a0\u00bb item_price=\u00a0\u00bb67\u20ac\u00a0\u00bb][nectar_food_menu_item style=\u00a0\u00bbline_between\u00a0\u00bb item_name_heading_tag=\u00a0\u00bbh4&Prime; item_name=\u00a0\u00bbAccompagnement \u00e0 l&rsquo;examen &#8211; Bo\u00eete automatique ou formule acc\u00e9l\u00e9r\u00e9e\u00a0\u00bb item_price=\u00a0\u00bb70\u20ac\u00a0\u00bb][nectar_food_menu_item style=\u00a0\u00bbline_between\u00a0\u00bb item_name_heading_tag=\u00a0\u00bbh4&Prime; item_name=\u00a0\u00bbCode en ligne (3 mois)\u00a0\u00bb item_price=\u00a0\u00bb20\u20ac\u00a0\u00bb][nectar_food_menu_item style=\u00a0\u00bbline_between\u00a0\u00bb item_name_heading_tag=\u00a0\u00bbh4&Prime; item_name=\u00a0\u00bbLivre de code\u00a0\u00bb item_price=\u00a0\u00bb20\u20ac\u00a0\u00bb][nectar_food_menu_item style=\u00a0\u00bbline_between\u00a0\u00bb item_name_heading_tag=\u00a0\u00bbh4&Prime; item_name=\u00a0\u00bbExamen du code de la route\u00a0\u00bb item_price=\u00a0\u00bb30\u20ac\u00a0\u00bb item_description=\u00a0\u00bbRedevance \u00e0 payer \u00e0 l&rsquo;op\u00e9rateur agr\u00e9\u00e9\u00a0\u00bb][nectar_food_menu_item style=\u00a0\u00bbline_between\u00a0\u00bb item_name_heading_tag=\u00a0\u00bbh4&Prime; item_name=\u00a0\u00bbD\u00e9marches ANTS &#8211; Fabrication du titre\u00a0\u00bb item_price=\u00a0\u00bb30\u20ac\u00a0\u00bb][nectar_food_menu_item style=\u00a0\u00bbline_between\u00a0\u00bb item_name_heading_tag=\u00a0\u00bbh4&Prime; item_name=\u00a0\u00bbFrais administratifs &#8211; Conduite accompagn\u00e9e\u00a0\u00bb item_price=\u00a0\u00bb180\u20ac\u00a0\u00bb][nectar_food_menu_item style=\u00a0\u00bbline_between\u00a0\u00bb item_name_heading_tag=\u00a0\u00bbh4&Prime; item_name=\u00a0\u00bbAtelier V\u00e9rifications m\u00e9caniques\u00a0\u00bb item_price=\u00a0\u00bb20\u20ac\u00a0\u00bb][nectar_food_menu_item style=\u00a0\u00bbline_between\u00a0\u00bb item_name_heading_tag=\u00a0\u00bbh4&Prime; item_name=\u00a0\u00bbPack 10 le\u00e7ons suppl\u00e9mentaires &#8211; bo\u00eete manuelle\u00a0\u00bb item_price=\u00a0\u00bb650\u20ac\u00a0\u00bb][nectar_food_menu_item style=\u00a0\u00bbline_between\u00a0\u00bb item_name_heading_tag=\u00a0\u00bbh4&Prime; item_name=\u00a0\u00bbPack 10 le\u00e7ons suppl\u00e9mentaires &#8211; bo\u00eete automatique\u00a0\u00bb item_price=\u00a0\u00bb680\u20ac\u00a0\u00bb][\/vc_column][vc_column column_padding=\u00a0\u00bbpadding-4-percent\u00a0\u00bb column_padding_position=\u00a0\u00bball\u00a0\u00bb background_color_opacity=\u00a0\u00bb1&Prime; background_hover_color_opacity=\u00a0\u00bb1&Prime; background_image=\u00a0\u00bb80&Prime; enable_bg_scale=\u00a0\u00bbtrue\u00a0\u00bb column_link_target=\u00a0\u00bb_self\u00a0\u00bb column_shadow=\u00a0\u00bbnone\u00a0\u00bb column_border_radius=\u00a0\u00bbnone\u00a0\u00bb width=\u00a0\u00bb1\/3&Prime; tablet_width_inherit=\u00a0\u00bbdefault\u00a0\u00bb tablet_text_alignment=\u00a0\u00bbdefault\u00a0\u00bb phone_text_alignment=\u00a0\u00bbdefault\u00a0\u00bb enable_gradient=\u00a0\u00bbtrue\u00a0\u00bb color_overlay=\u00a0\u00bb#c10058&Prime; color_overlay_2=\u00a0\u00bb#281b59&Prime; gradient_direction=\u00a0\u00bbleft_to_right\u00a0\u00bb overlay_strength=\u00a0\u00bb0.8&Prime; column_border_width=\u00a0\u00bbnone\u00a0\u00bb column_border_style=\u00a0\u00bbsolid\u00a0\u00bb bg_image_animation=\u00a0\u00bbnone\u00a0\u00bb][vc_row_inner column_margin=\u00a0\u00bbdefault\u00a0\u00bb bottom_padding=\u00a0\u00bb20&Prime; text_align=\u00a0\u00bbleft\u00a0\u00bb][vc_column_inner column_padding=\u00a0\u00bbno-extra-padding\u00a0\u00bb column_padding_position=\u00a0\u00bball\u00a0\u00bb background_color_opacity=\u00a0\u00bb1&Prime; background_hover_color_opacity=\u00a0\u00bb1&Prime; font_color=\u00a0\u00bb#ffffff\u00a0\u00bb column_shadow=\u00a0\u00bbnone\u00a0\u00bb column_border_radius=\u00a0\u00bbnone\u00a0\u00bb column_link_target=\u00a0\u00bb_self\u00a0\u00bb width=\u00a0\u00bb1\/1&Prime; tablet_width_inherit=\u00a0\u00bbdefault\u00a0\u00bb overlay_strength=\u00a0\u00bb0.3&Prime; column_border_width=\u00a0\u00bbnone\u00a0\u00bb column_border_style=\u00a0\u00bbsolid\u00a0\u00bb bg_image_animation=\u00a0\u00bbnone\u00a0\u00bb][vc_column_text]\n<h4><i class=\"fa fa-map-signs\" style=\"color: #26e4ad;\"><\/i> O\u00f9 sommes-nous ?<\/h4>\n<p>Venez nous rencontrer dans notre agence de Meudon :<br \/>\nCentre Commerial Joli Mai<br \/>\n8 Galerie du Patio<br \/>\n92360 Meudon-la-For\u00eat<br \/>\n<a style=\"color: #26e4ad;\" href=\"https:\/\/www.google.com\/maps\/dir\/\/Auto-\u00e9cole+INRI'S+Meudon+Velizy+-+N\u00b01+du+Permis+Acc\u00e9l\u00e9r\u00e9,+Centre+Commerial+Joli+Mai,+8+Gal+du+Patio,+92360+Meudon\/@48.7868658,2.2274656,15z\/data=!3m1!5s0x47e67bd2afdc461f:0x701580e14e1d4d61!4m17!1m7!3m6!1s0x47e67a2d47d7e76f:0x177978a81fa840c5!2sAuto-\u00e9cole+INRI'S+Meudon+Velizy+-+N\u00b01+du+Permis+Acc\u00e9l\u00e9r\u00e9!8m2!3d48.7868658!4d2.2274656!16s%2Fg%2F11f_1ghb60!4m8!1m0!1m5!1m1!1s0x47e67a2d47d7e76f:0x177978a81fa840c5!2m2!1d2.2274656!2d48.7868658!3e3?entry=ttu\" target=\"_blank\" rel=\"noopener\">Plan d&rsquo;acc\u00e8s<\/a>[\/vc_column_text][\/vc_column_inner][\/vc_row_inner][vc_row_inner column_margin=\u00a0\u00bbdefault\u00a0\u00bb bottom_padding=\u00a0\u00bb12&Prime; text_align=\u00a0\u00bbleft\u00a0\u00bb][vc_column_inner column_padding=\u00a0\u00bbno-extra-padding\u00a0\u00bb column_padding_position=\u00a0\u00bball\u00a0\u00bb background_color_opacity=\u00a0\u00bb1&Prime; background_hover_color_opacity=\u00a0\u00bb1&Prime; font_color=\u00a0\u00bb#ffffff\u00a0\u00bb column_shadow=\u00a0\u00bbnone\u00a0\u00bb column_border_radius=\u00a0\u00bbnone\u00a0\u00bb bottom_margin=\u00a0\u00bb30&Prime; column_link_target=\u00a0\u00bb_self\u00a0\u00bb width=\u00a0\u00bb1\/1&Prime; tablet_width_inherit=\u00a0\u00bbdefault\u00a0\u00bb overlay_strength=\u00a0\u00bb0.3&Prime; column_border_width=\u00a0\u00bbnone\u00a0\u00bb column_border_style=\u00a0\u00bbsolid\u00a0\u00bb bg_image_animation=\u00a0\u00bbnone\u00a0\u00bb][vc_column_text]\n<h4><i class=\"fa fa-comments\" style=\"color: #26e4ad;\"><\/i> Nos coordonn\u00e9es<\/h4>\n<p><a class=\"big\" style=\"color: #fff!important;\" href=\"tel: 01.46.30.51.13 \"> 01 46 30 51 13<\/a><br \/>\n<a class=\"big\" style=\"color: #fff!important;\" href=\"mailto:contact@drivingup.fr\">Envoyer un mail<\/a>[\/vc_column_text][\/vc_column_inner][\/vc_row_inner][vc_row_inner column_margin=\u00a0\u00bbdefault\u00a0\u00bb text_align=\u00a0\u00bbleft\u00a0\u00bb][vc_column_inner column_padding=\u00a0\u00bbno-extra-padding\u00a0\u00bb column_padding_position=\u00a0\u00bball\u00a0\u00bb background_color_opacity=\u00a0\u00bb1&Prime; background_hover_color_opacity=\u00a0\u00bb1&Prime; font_color=\u00a0\u00bb#ffffff\u00a0\u00bb column_shadow=\u00a0\u00bbnone\u00a0\u00bb column_border_radius=\u00a0\u00bbnone\u00a0\u00bb column_link_target=\u00a0\u00bb_self\u00a0\u00bb width=\u00a0\u00bb1\/1&Prime; tablet_width_inherit=\u00a0\u00bbdefault\u00a0\u00bb overlay_strength=\u00a0\u00bb0.3&Prime; column_border_width=\u00a0\u00bbnone\u00a0\u00bb column_border_style=\u00a0\u00bbsolid\u00a0\u00bb bg_image_animation=\u00a0\u00bbnone\u00a0\u00bb][vc_column_text]\n<h4><i class=\"fa fa-clock\" style=\"color: #26e4ad;\"><\/i> Nos horaires<\/h4>\n<p>Notre agence est ouverte du mardi au jeudi de 14h \u00e0 19h.<br \/>\nLe vendredi de 14h \u00e0 17h.<br \/>\nLe samedi de 10h \u00e0 13h.[\/vc_column_text][\/vc_column_inner][\/vc_row_inner][\/vc_column][\/vc_row]\n","protected":false},"excerpt":{"rendered":"<p>[vc_row type=\u00a0\u00bbfull_width_content\u00a0\u00bb full_screen_row_position=\u00a0\u00bbmiddle\u00a0\u00bb equal_height=\u00a0\u00bbyes\u00a0\u00bb column_margin=\u00a0\u00bbnone\u00a0\u00bb bg_color=\u00a0\u00bb#ffffff\u00a0\u00bb scene_position=\u00a0\u00bbcenter\u00a0\u00bb text_color=\u00a0\u00bbdark\u00a0\u00bb text_align=\u00a0\u00bbleft\u00a0\u00bb class=\u00a0\u00bbmargin-form\u00a0\u00bb overlay_strength=\u00a0\u00bb0.3&Prime; shape_divider_position=\u00a0\u00bbbottom\u00a0\u00bb bg_image_animation=\u00a0\u00bbnone\u00a0\u00bb shape_type=\u00a0\u00bb\u00a0\u00bb][vc_column column_padding=\u00a0\u00bbpadding-4-percent\u00a0\u00bb column_padding_position=\u00a0\u00bball\u00a0\u00bb background_color=\u00a0\u00bb#ffffff\u00a0\u00bb background_color_opacity=\u00a0\u00bb1&Prime; background_hover_color_opacity=\u00a0\u00bb1&Prime; font_color=\u00a0\u00bb#040404&Prime; column_link_target=\u00a0\u00bb_self\u00a0\u00bb column_shadow=\u00a0\u00bbnone\u00a0\u00bb column_border_radius=\u00a0\u00bbnone\u00a0\u00bb width=\u00a0\u00bb2\/3&Prime; tablet_width_inherit=\u00a0\u00bbdefault\u00a0\u00bb tablet_text_alignment=\u00a0\u00bbdefault\u00a0\u00bb phone_text_alignment=\u00a0\u00bbdefault\u00a0\u00bb overlay_strength=\u00a0\u00bb0.3&Prime; column_border_width=\u00a0\u00bbnone\u00a0\u00bb column_border_style=\u00a0\u00bbsolid\u00a0\u00bb&#8230;<\/p>\n","protected":false},"author":1,"featured_media":0,"parent":0,"menu_order":0,"comment_status":"closed","ping_status":"closed","template":"","meta":{"_joinchat":[],"footnotes":""},"yoast_head":"<!-- This site is optimized with the Yoast SEO plugin v24.5 - https:\/\/yoast.com\/wordpress\/plugins\/seo\/ -->\n<title>Tarifs \u00e0 l&#039;unit\u00e9 - Auto-\u00e9cole Meudon V\u00e9lizy<\/title>\n<meta name=\"description\" content=\"Retrouvez les tarifs des prestations \u00e0 l&#039;unit\u00e9 de l&#039;Auto-\u00e9cole Meudon V\u00e9lizy. Le\u00e7on de code de la route et le\u00e7on de conduite.\" \/>\n<meta name=\"robots\" content=\"noindex, follow, max-snippet:-1, max-image-preview:large, max-video-preview:-1\" \/>\n<meta property=\"og:locale\" content=\"fr_FR\" \/>\n<meta property=\"og:type\" content=\"article\" \/>\n<meta property=\"og:title\" content=\"Tarifs \u00e0 l&#039;unit\u00e9 - Auto-\u00e9cole Meudon V\u00e9lizy\" \/>\n<meta property=\"og:description\" content=\"Retrouvez les tarifs des prestations \u00e0 l&#039;unit\u00e9 de l&#039;Auto-\u00e9cole Meudon V\u00e9lizy. Le\u00e7on de code de la route et le\u00e7on de conduite.\" \/>\n<meta property=\"og:url\" content=\"http:\/\/de-vv.com\/drivingup\/tarifs-a-lunite\/\" \/>\n<meta property=\"og:site_name\" content=\"Auto-\u00e9cole Meudon V\u00e9lizy\" \/>\n<meta property=\"article:modified_time\" content=\"2024-07-11T09:15:31+00:00\" \/>\n<meta name=\"twitter:card\" content=\"summary_large_image\" \/>\n<meta name=\"twitter:label1\" content=\"Dur\u00e9e de lecture estim\u00e9e\" \/>\n\t<meta name=\"twitter:data1\" content=\"2 minutes\" \/>\n<script type=\"application\/ld+json\" class=\"yoast-schema-graph\">{\"@context\":\"https:\/\/schema.org\",\"@graph\":[{\"@type\":\"WebPage\",\"@id\":\"http:\/\/de-vv.com\/drivingup\/tarifs-a-lunite\/\",\"url\":\"http:\/\/de-vv.com\/drivingup\/tarifs-a-lunite\/\",\"name\":\"Tarifs \u00e0 l'unit\u00e9 - Auto-\u00e9cole Meudon V\u00e9lizy\",\"isPartOf\":{\"@id\":\"https:\/\/de-vv.com\/drivingup\/#website\"},\"datePublished\":\"2024-07-06T09:11:59+00:00\",\"dateModified\":\"2024-07-11T09:15:31+00:00\",\"description\":\"Retrouvez les tarifs des prestations \u00e0 l'unit\u00e9 de l'Auto-\u00e9cole Meudon V\u00e9lizy. Le\u00e7on de code de la route et le\u00e7on de conduite.\",\"breadcrumb\":{\"@id\":\"http:\/\/de-vv.com\/drivingup\/tarifs-a-lunite\/#breadcrumb\"},\"inLanguage\":\"fr-FR\",\"potentialAction\":[{\"@type\":\"ReadAction\",\"target\":[\"http:\/\/de-vv.com\/drivingup\/tarifs-a-lunite\/\"]}]},{\"@type\":\"BreadcrumbList\",\"@id\":\"http:\/\/de-vv.com\/drivingup\/tarifs-a-lunite\/#breadcrumb\",\"itemListElement\":[{\"@type\":\"ListItem\",\"position\":1,\"name\":\"Accueil\",\"item\":\"https:\/\/de-vv.com\/drivingup\/\"},{\"@type\":\"ListItem\",\"position\":2,\"name\":\"Tarifs \u00e0 l&rsquo;unit\u00e9\"}]},{\"@type\":\"WebSite\",\"@id\":\"https:\/\/de-vv.com\/drivingup\/#website\",\"url\":\"https:\/\/de-vv.com\/drivingup\/\",\"name\":\"Auto-\u00e9cole Meudon V\u00e9lizy\",\"description\":\"by Driving Up\",\"potentialAction\":[{\"@type\":\"SearchAction\",\"target\":{\"@type\":\"EntryPoint\",\"urlTemplate\":\"https:\/\/de-vv.com\/drivingup\/?s={search_term_string}\"},\"query-input\":{\"@type\":\"PropertyValueSpecification\",\"valueRequired\":true,\"valueName\":\"search_term_string\"}}],\"inLanguage\":\"fr-FR\"}]}<\/script>\n<!-- \/ Yoast SEO plugin. -->","yoast_head_json":{"title":"Tarifs \u00e0 l'unit\u00e9 - Auto-\u00e9cole Meudon V\u00e9lizy","description":"Retrouvez les tarifs des prestations \u00e0 l'unit\u00e9 de l'Auto-\u00e9cole Meudon V\u00e9lizy. Le\u00e7on de code de la route et le\u00e7on de conduite.","robots":{"index":"noindex","follow":"follow","max-snippet":"max-snippet:-1","max-image-preview":"max-image-preview:large","max-video-preview":"max-video-preview:-1"},"og_locale":"fr_FR","og_type":"article","og_title":"Tarifs \u00e0 l'unit\u00e9 - Auto-\u00e9cole Meudon V\u00e9lizy","og_description":"Retrouvez les tarifs des prestations \u00e0 l'unit\u00e9 de l'Auto-\u00e9cole Meudon V\u00e9lizy. Le\u00e7on de code de la route et le\u00e7on de conduite.","og_url":"http:\/\/de-vv.com\/drivingup\/tarifs-a-lunite\/","og_site_name":"Auto-\u00e9cole Meudon V\u00e9lizy","article_modified_time":"2024-07-11T09:15:31+00:00","twitter_card":"summary_large_image","twitter_misc":{"Dur\u00e9e de lecture estim\u00e9e":"2 minutes"},"schema":{"@context":"https:\/\/schema.org","@graph":[{"@type":"WebPage","@id":"http:\/\/de-vv.com\/drivingup\/tarifs-a-lunite\/","url":"http:\/\/de-vv.com\/drivingup\/tarifs-a-lunite\/","name":"Tarifs \u00e0 l'unit\u00e9 - Auto-\u00e9cole Meudon V\u00e9lizy","isPartOf":{"@id":"https:\/\/de-vv.com\/drivingup\/#website"},"datePublished":"2024-07-06T09:11:59+00:00","dateModified":"2024-07-11T09:15:31+00:00","description":"Retrouvez les tarifs des prestations \u00e0 l'unit\u00e9 de l'Auto-\u00e9cole Meudon V\u00e9lizy. Le\u00e7on de code de la route et le\u00e7on de conduite.","breadcrumb":{"@id":"http:\/\/de-vv.com\/drivingup\/tarifs-a-lunite\/#breadcrumb"},"inLanguage":"fr-FR","potentialAction":[{"@type":"ReadAction","target":["http:\/\/de-vv.com\/drivingup\/tarifs-a-lunite\/"]}]},{"@type":"BreadcrumbList","@id":"http:\/\/de-vv.com\/drivingup\/tarifs-a-lunite\/#breadcrumb","itemListElement":[{"@type":"ListItem","position":1,"name":"Accueil","item":"https:\/\/de-vv.com\/drivingup\/"},{"@type":"ListItem","position":2,"name":"Tarifs \u00e0 l&rsquo;unit\u00e9"}]},{"@type":"WebSite","@id":"https:\/\/de-vv.com\/drivingup\/#website","url":"https:\/\/de-vv.com\/drivingup\/","name":"Auto-\u00e9cole Meudon V\u00e9lizy","description":"by Driving Up","potentialAction":[{"@type":"SearchAction","target":{"@type":"EntryPoint","urlTemplate":"https:\/\/de-vv.com\/drivingup\/?s={search_term_string}"},"query-input":{"@type":"PropertyValueSpecification","valueRequired":true,"valueName":"search_term_string"}}],"inLanguage":"fr-FR"}]}},"_links":{"self":[{"href":"http:\/\/de-vv.com\/drivingup\/wp-json\/wp\/v2\/pages\/72"}],"collection":[{"href":"http:\/\/de-vv.com\/drivingup\/wp-json\/wp\/v2\/pages"}],"about":[{"href":"http:\/\/de-vv.com\/drivingup\/wp-json\/wp\/v2\/types\/page"}],"author":[{"embeddable":true,"href":"http:\/\/de-vv.com\/drivingup\/wp-json\/wp\/v2\/users\/1"}],"replies":[{"embeddable":true,"href":"http:\/\/de-vv.com\/drivingup\/wp-json\/wp\/v2\/comments?post=72"}],"version-history":[{"count":5,"href":"http:\/\/de-vv.com\/drivingup\/wp-json\/wp\/v2\/pages\/72\/revisions"}],"predecessor-version":[{"id":213,"href":"http:\/\/de-vv.com\/drivingup\/wp-json\/wp\/v2\/pages\/72\/revisions\/213"}],"wp:attachment":[{"href":"http:\/\/de-vv.com\/drivingup\/wp-json\/wp\/v2\/media?parent=72"}],"curies":[{"name":"wp","href":"https:\/\/api.w.org\/{rel}","templated":true}]}}