{"id":90,"date":"2024-05-30T16:35:54","date_gmt":"2024-05-30T14:35:54","guid":{"rendered":"https:\/\/de-vv.com\/felixfaure\/?page_id=90"},"modified":"2024-06-26T20:09:05","modified_gmt":"2024-06-26T18:09:05","slug":"mediateur","status":"publish","type":"page","link":"http:\/\/de-vv.com\/felixfaure\/mediateur\/","title":{"rendered":"M\u00e9diateur"},"content":{"rendered":"[vc_row type=\u00a0\u00bbin_container\u00a0\u00bb full_screen_row_position=\u00a0\u00bbmiddle\u00a0\u00bb column_margin=\u00a0\u00bbdefault\u00a0\u00bb scene_position=\u00a0\u00bbcenter\u00a0\u00bb text_color=\u00a0\u00bbdark\u00a0\u00bb text_align=\u00a0\u00bbleft\u00a0\u00bb overlay_strength=\u00a0\u00bb0.3&Prime; shape_divider_position=\u00a0\u00bbbottom\u00a0\u00bb bg_image_animation=\u00a0\u00bbnone\u00a0\u00bb][vc_column column_padding=\u00a0\u00bbpadding-2-percent\u00a0\u00bb column_padding_position=\u00a0\u00bball\u00a0\u00bb background_color_opacity=\u00a0\u00bb1&Prime; background_hover_color_opacity=\u00a0\u00bb1&Prime; column_link_target=\u00a0\u00bb_self\u00a0\u00bb column_shadow=\u00a0\u00bbnone\u00a0\u00bb column_border_radius=\u00a0\u00bbnone\u00a0\u00bb width=\u00a0\u00bb1\/1&Prime; tablet_width_inherit=\u00a0\u00bbdefault\u00a0\u00bb tablet_text_alignment=\u00a0\u00bbdefault\u00a0\u00bb phone_text_alignment=\u00a0\u00bbdefault\u00a0\u00bb overlay_strength=\u00a0\u00bb0.3&Prime; column_border_width=\u00a0\u00bbnone\u00a0\u00bb column_border_style=\u00a0\u00bbsolid\u00a0\u00bb bg_image_animation=\u00a0\u00bbnone\u00a0\u00bb][vc_column_text]\n<h2 style=\"color: #006b9f;\">M\u00e9diateur<\/h2>\n<p>En cas de litige, nous nous efforcerons de trouver une solution amiable. N&rsquo;h\u00e9sitez pas \u00e0 venir nous rencontrer en agence ou \u00e0 nous <a href=\"https:\/\/de-vv.com\/felixfaure\/contact\/\" target=\"_blank\" rel=\"noopener\">envoyer un message<\/a>. \u00c0 d\u00e9faut d&rsquo;accord amiable, vous avez la possibilit\u00e9 de saisir gratuitement le m\u00e9diateur de la consommation dont rel\u00e8ve le professionnel, \u00e0 savoir l&rsquo;Association des M\u00e9diateurs Europ\u00e9ens (AME CONSO), dans un d\u00e9lai d&rsquo;un an \u00e0 compter de la r\u00e9clamation \u00e9crite adress\u00e9e au professionnel.<\/p>\n<p>La saisine du m\u00e9diateur de la consommation devra s\u2019effectuer :<\/p>\n<ul>\n<li>soit en compl\u00e9tant le formulaire pr\u00e9vu \u00e0 cet effet sur le site internet de l\u2019AME CONSO : <a href=\"http:\/\/www.mediationconso-ame.com\/\" target=\"_blank\" rel=\"noopener\">www.mediationconso-ame.com<\/a>\u00a0;<\/li>\n<li>soit par courrier adress\u00e9 \u00e0 l\u2019AME CONSO, 197 Boulevard Saint-Germain, 75007 Paris<\/li>\n<\/ul>\n<p>Les demandes de m\u00e9diation doivent se faire uniquement sur le site internet de l&rsquo;AME ou par courrier \u00e0 l&rsquo;adresse indiqu\u00e9e ci-dessus.[\/vc_column_text][\/vc_column][\/vc_row]\n","protected":false},"excerpt":{"rendered":"<p>[vc_row type=\u00a0\u00bbin_container\u00a0\u00bb full_screen_row_position=\u00a0\u00bbmiddle\u00a0\u00bb column_margin=\u00a0\u00bbdefault\u00a0\u00bb scene_position=\u00a0\u00bbcenter\u00a0\u00bb text_color=\u00a0\u00bbdark\u00a0\u00bb text_align=\u00a0\u00bbleft\u00a0\u00bb overlay_strength=\u00a0\u00bb0.3&Prime; shape_divider_position=\u00a0\u00bbbottom\u00a0\u00bb bg_image_animation=\u00a0\u00bbnone\u00a0\u00bb][vc_column column_padding=\u00a0\u00bbpadding-2-percent\u00a0\u00bb column_padding_position=\u00a0\u00bball\u00a0\u00bb background_color_opacity=\u00a0\u00bb1&Prime; background_hover_color_opacity=\u00a0\u00bb1&Prime; column_link_target=\u00a0\u00bb_self\u00a0\u00bb column_shadow=\u00a0\u00bbnone\u00a0\u00bb column_border_radius=\u00a0\u00bbnone\u00a0\u00bb width=\u00a0\u00bb1\/1&Prime; tablet_width_inherit=\u00a0\u00bbdefault\u00a0\u00bb tablet_text_alignment=\u00a0\u00bbdefault\u00a0\u00bb phone_text_alignment=\u00a0\u00bbdefault\u00a0\u00bb overlay_strength=\u00a0\u00bb0.3&Prime; column_border_width=\u00a0\u00bbnone\u00a0\u00bb column_border_style=\u00a0\u00bbsolid\u00a0\u00bb bg_image_animation=\u00a0\u00bbnone\u00a0\u00bb][vc_column_text] M\u00e9diateur En cas de litige,&#8230;<\/p>\n","protected":false},"author":1,"featured_media":195,"parent":0,"menu_order":0,"comment_status":"closed","ping_status":"closed","template":"","meta":{"_joinchat":[],"footnotes":""},"yoast_head":"<!-- This site is optimized with the Yoast SEO plugin v24.5 - https:\/\/yoast.com\/wordpress\/plugins\/seo\/ -->\n<title>M\u00e9diateur \u00e0 la consommation - Auto Ecole Felix Faure - Paris 15<\/title>\n<meta name=\"description\" content=\"En cas de litige, vous pouvez saisir le m\u00e9diateur de le consommation de l&#039;Auto-\u00e9cole F\u00e9lix Faure \u00e0 Paris 15.\" \/>\n<meta name=\"robots\" content=\"noindex, follow, max-snippet:-1, max-image-preview:large, max-video-preview:-1\" \/>\n<meta property=\"og:locale\" content=\"fr_FR\" \/>\n<meta property=\"og:type\" content=\"article\" \/>\n<meta property=\"og:title\" content=\"M\u00e9diateur \u00e0 la consommation - Auto Ecole Felix Faure - Paris 15\" \/>\n<meta property=\"og:description\" content=\"En cas de litige, vous pouvez saisir le m\u00e9diateur de le consommation de l&#039;Auto-\u00e9cole F\u00e9lix Faure \u00e0 Paris 15.\" \/>\n<meta property=\"og:url\" content=\"http:\/\/de-vv.com\/felixfaure\/mediateur\/\" \/>\n<meta property=\"og:site_name\" content=\"Auto Ecole Felix Faure - Paris 15\" \/>\n<meta property=\"article:modified_time\" content=\"2024-06-26T18:09:05+00:00\" \/>\n<meta property=\"og:image\" content=\"http:\/\/de-vv.com\/felixfaure\/wp-content\/uploads\/2024\/06\/Auto-ecole-Felix-Faure-Devanture.png\" \/>\n\t<meta property=\"og:image:width\" content=\"733\" \/>\n\t<meta property=\"og:image:height\" content=\"504\" \/>\n\t<meta property=\"og:image:type\" content=\"image\/png\" \/>\n<meta name=\"twitter:card\" content=\"summary_large_image\" \/>\n<meta name=\"twitter:label1\" content=\"Dur\u00e9e de lecture estim\u00e9e\" \/>\n\t<meta name=\"twitter:data1\" content=\"1 minute\" \/>\n<script type=\"application\/ld+json\" class=\"yoast-schema-graph\">{\"@context\":\"https:\/\/schema.org\",\"@graph\":[{\"@type\":\"WebPage\",\"@id\":\"http:\/\/de-vv.com\/felixfaure\/mediateur\/\",\"url\":\"http:\/\/de-vv.com\/felixfaure\/mediateur\/\",\"name\":\"M\u00e9diateur \u00e0 la consommation - Auto Ecole Felix Faure - Paris 15\",\"isPartOf\":{\"@id\":\"http:\/\/de-vv.com\/felixfaure\/#website\"},\"primaryImageOfPage\":{\"@id\":\"http:\/\/de-vv.com\/felixfaure\/mediateur\/#primaryimage\"},\"image\":{\"@id\":\"http:\/\/de-vv.com\/felixfaure\/mediateur\/#primaryimage\"},\"thumbnailUrl\":\"http:\/\/de-vv.com\/felixfaure\/wp-content\/uploads\/2024\/06\/Auto-ecole-Felix-Faure-Devanture.png\",\"datePublished\":\"2024-05-30T14:35:54+00:00\",\"dateModified\":\"2024-06-26T18:09:05+00:00\",\"description\":\"En cas de litige, vous pouvez saisir le m\u00e9diateur de le consommation de l'Auto-\u00e9cole F\u00e9lix Faure \u00e0 Paris 15.\",\"breadcrumb\":{\"@id\":\"http:\/\/de-vv.com\/felixfaure\/mediateur\/#breadcrumb\"},\"inLanguage\":\"fr-FR\",\"potentialAction\":[{\"@type\":\"ReadAction\",\"target\":[\"http:\/\/de-vv.com\/felixfaure\/mediateur\/\"]}]},{\"@type\":\"ImageObject\",\"inLanguage\":\"fr-FR\",\"@id\":\"http:\/\/de-vv.com\/felixfaure\/mediateur\/#primaryimage\",\"url\":\"http:\/\/de-vv.com\/felixfaure\/wp-content\/uploads\/2024\/06\/Auto-ecole-Felix-Faure-Devanture.png\",\"contentUrl\":\"http:\/\/de-vv.com\/felixfaure\/wp-content\/uploads\/2024\/06\/Auto-ecole-Felix-Faure-Devanture.png\",\"width\":733,\"height\":504,\"caption\":\"Auto-\u00e9cole F\u00e9lix Faure - Devanture\"},{\"@type\":\"BreadcrumbList\",\"@id\":\"http:\/\/de-vv.com\/felixfaure\/mediateur\/#breadcrumb\",\"itemListElement\":[{\"@type\":\"ListItem\",\"position\":1,\"name\":\"Accueil\",\"item\":\"http:\/\/de-vv.com\/felixfaure\/\"},{\"@type\":\"ListItem\",\"position\":2,\"name\":\"M\u00e9diateur\"}]},{\"@type\":\"WebSite\",\"@id\":\"http:\/\/de-vv.com\/felixfaure\/#website\",\"url\":\"http:\/\/de-vv.com\/felixfaure\/\",\"name\":\"Auto Ecole Felix Faure - Paris 15\",\"description\":\"Auto-\u00e9cole dans le 15\u00e8me arrondissement\",\"potentialAction\":[{\"@type\":\"SearchAction\",\"target\":{\"@type\":\"EntryPoint\",\"urlTemplate\":\"http:\/\/de-vv.com\/felixfaure\/?s={search_term_string}\"},\"query-input\":{\"@type\":\"PropertyValueSpecification\",\"valueRequired\":true,\"valueName\":\"search_term_string\"}}],\"inLanguage\":\"fr-FR\"}]}<\/script>\n<!-- \/ Yoast SEO plugin. -->","yoast_head_json":{"title":"M\u00e9diateur \u00e0 la consommation - Auto Ecole Felix Faure - Paris 15","description":"En cas de litige, vous pouvez saisir le m\u00e9diateur de le consommation de l'Auto-\u00e9cole F\u00e9lix Faure \u00e0 Paris 15.","robots":{"index":"noindex","follow":"follow","max-snippet":"max-snippet:-1","max-image-preview":"max-image-preview:large","max-video-preview":"max-video-preview:-1"},"og_locale":"fr_FR","og_type":"article","og_title":"M\u00e9diateur \u00e0 la consommation - Auto Ecole Felix Faure - Paris 15","og_description":"En cas de litige, vous pouvez saisir le m\u00e9diateur de le consommation de l'Auto-\u00e9cole F\u00e9lix Faure \u00e0 Paris 15.","og_url":"http:\/\/de-vv.com\/felixfaure\/mediateur\/","og_site_name":"Auto Ecole Felix Faure - Paris 15","article_modified_time":"2024-06-26T18:09:05+00:00","og_image":[{"width":733,"height":504,"url":"http:\/\/de-vv.com\/felixfaure\/wp-content\/uploads\/2024\/06\/Auto-ecole-Felix-Faure-Devanture.png","type":"image\/png"}],"twitter_card":"summary_large_image","twitter_misc":{"Dur\u00e9e de lecture estim\u00e9e":"1 minute"},"schema":{"@context":"https:\/\/schema.org","@graph":[{"@type":"WebPage","@id":"http:\/\/de-vv.com\/felixfaure\/mediateur\/","url":"http:\/\/de-vv.com\/felixfaure\/mediateur\/","name":"M\u00e9diateur \u00e0 la consommation - Auto Ecole Felix Faure - Paris 15","isPartOf":{"@id":"http:\/\/de-vv.com\/felixfaure\/#website"},"primaryImageOfPage":{"@id":"http:\/\/de-vv.com\/felixfaure\/mediateur\/#primaryimage"},"image":{"@id":"http:\/\/de-vv.com\/felixfaure\/mediateur\/#primaryimage"},"thumbnailUrl":"http:\/\/de-vv.com\/felixfaure\/wp-content\/uploads\/2024\/06\/Auto-ecole-Felix-Faure-Devanture.png","datePublished":"2024-05-30T14:35:54+00:00","dateModified":"2024-06-26T18:09:05+00:00","description":"En cas de litige, vous pouvez saisir le m\u00e9diateur de le consommation de l'Auto-\u00e9cole F\u00e9lix Faure \u00e0 Paris 15.","breadcrumb":{"@id":"http:\/\/de-vv.com\/felixfaure\/mediateur\/#breadcrumb"},"inLanguage":"fr-FR","potentialAction":[{"@type":"ReadAction","target":["http:\/\/de-vv.com\/felixfaure\/mediateur\/"]}]},{"@type":"ImageObject","inLanguage":"fr-FR","@id":"http:\/\/de-vv.com\/felixfaure\/mediateur\/#primaryimage","url":"http:\/\/de-vv.com\/felixfaure\/wp-content\/uploads\/2024\/06\/Auto-ecole-Felix-Faure-Devanture.png","contentUrl":"http:\/\/de-vv.com\/felixfaure\/wp-content\/uploads\/2024\/06\/Auto-ecole-Felix-Faure-Devanture.png","width":733,"height":504,"caption":"Auto-\u00e9cole F\u00e9lix Faure - Devanture"},{"@type":"BreadcrumbList","@id":"http:\/\/de-vv.com\/felixfaure\/mediateur\/#breadcrumb","itemListElement":[{"@type":"ListItem","position":1,"name":"Accueil","item":"http:\/\/de-vv.com\/felixfaure\/"},{"@type":"ListItem","position":2,"name":"M\u00e9diateur"}]},{"@type":"WebSite","@id":"http:\/\/de-vv.com\/felixfaure\/#website","url":"http:\/\/de-vv.com\/felixfaure\/","name":"Auto Ecole Felix Faure - Paris 15","description":"Auto-\u00e9cole dans le 15\u00e8me arrondissement","potentialAction":[{"@type":"SearchAction","target":{"@type":"EntryPoint","urlTemplate":"http:\/\/de-vv.com\/felixfaure\/?s={search_term_string}"},"query-input":{"@type":"PropertyValueSpecification","valueRequired":true,"valueName":"search_term_string"}}],"inLanguage":"fr-FR"}]}},"_links":{"self":[{"href":"http:\/\/de-vv.com\/felixfaure\/wp-json\/wp\/v2\/pages\/90"}],"collection":[{"href":"http:\/\/de-vv.com\/felixfaure\/wp-json\/wp\/v2\/pages"}],"about":[{"href":"http:\/\/de-vv.com\/felixfaure\/wp-json\/wp\/v2\/types\/page"}],"author":[{"embeddable":true,"href":"http:\/\/de-vv.com\/felixfaure\/wp-json\/wp\/v2\/users\/1"}],"replies":[{"embeddable":true,"href":"http:\/\/de-vv.com\/felixfaure\/wp-json\/wp\/v2\/comments?post=90"}],"version-history":[{"count":4,"href":"http:\/\/de-vv.com\/felixfaure\/wp-json\/wp\/v2\/pages\/90\/revisions"}],"predecessor-version":[{"id":596,"href":"http:\/\/de-vv.com\/felixfaure\/wp-json\/wp\/v2\/pages\/90\/revisions\/596"}],"wp:featuredmedia":[{"embeddable":true,"href":"http:\/\/de-vv.com\/felixfaure\/wp-json\/wp\/v2\/media\/195"}],"wp:attachment":[{"href":"http:\/\/de-vv.com\/felixfaure\/wp-json\/wp\/v2\/media?parent=90"}],"curies":[{"name":"wp","href":"https:\/\/api.w.org\/{rel}","templated":true}]}}