{"id":37,"date":"2024-07-09T20:29:00","date_gmt":"2024-07-09T18:29:00","guid":{"rendered":"http:\/\/de-vv.com\/mconduite\/?page_id=37"},"modified":"2024-07-09T20:53:49","modified_gmt":"2024-07-09T18:53:49","slug":"mediateur","status":"publish","type":"page","link":"http:\/\/de-vv.com\/mconduite\/mediateur\/","title":{"rendered":"M\u00e9diateur"},"content":{"rendered":"[vc_row type=\u00a0\u00bbin_container\u00a0\u00bb full_screen_row_position=\u00a0\u00bbmiddle\u00a0\u00bb column_margin=\u00a0\u00bbdefault\u00a0\u00bb scene_position=\u00a0\u00bbcenter\u00a0\u00bb text_color=\u00a0\u00bbdark\u00a0\u00bb text_align=\u00a0\u00bbleft\u00a0\u00bb overlay_strength=\u00a0\u00bb0.3&Prime; shape_divider_position=\u00a0\u00bbbottom\u00a0\u00bb bg_image_animation=\u00a0\u00bbnone\u00a0\u00bb][vc_column column_padding=\u00a0\u00bbno-extra-padding\u00a0\u00bb column_padding_position=\u00a0\u00bball\u00a0\u00bb background_color_opacity=\u00a0\u00bb1&Prime; background_hover_color_opacity=\u00a0\u00bb1&Prime; column_link_target=\u00a0\u00bb_self\u00a0\u00bb column_shadow=\u00a0\u00bbnone\u00a0\u00bb column_border_radius=\u00a0\u00bbnone\u00a0\u00bb width=\u00a0\u00bb1\/6&Prime; tablet_width_inherit=\u00a0\u00bbdefault\u00a0\u00bb tablet_text_alignment=\u00a0\u00bbdefault\u00a0\u00bb phone_text_alignment=\u00a0\u00bbdefault\u00a0\u00bb overlay_strength=\u00a0\u00bb0.3&Prime; column_border_width=\u00a0\u00bbnone\u00a0\u00bb column_border_style=\u00a0\u00bbsolid\u00a0\u00bb bg_image_animation=\u00a0\u00bbnone\u00a0\u00bb][\/vc_column][vc_column column_padding=\u00a0\u00bbpadding-3-percent\u00a0\u00bb column_padding_position=\u00a0\u00bball\u00a0\u00bb background_color_opacity=\u00a0\u00bb1&Prime; background_hover_color_opacity=\u00a0\u00bb1&Prime; column_link_target=\u00a0\u00bb_self\u00a0\u00bb column_shadow=\u00a0\u00bbnone\u00a0\u00bb column_border_radius=\u00a0\u00bbnone\u00a0\u00bb width=\u00a0\u00bb2\/3&Prime; tablet_width_inherit=\u00a0\u00bbdefault\u00a0\u00bb tablet_text_alignment=\u00a0\u00bbdefault\u00a0\u00bb phone_text_alignment=\u00a0\u00bbdefault\u00a0\u00bb overlay_strength=\u00a0\u00bb0.3&Prime; column_border_width=\u00a0\u00bbnone\u00a0\u00bb column_border_style=\u00a0\u00bbsolid\u00a0\u00bb bg_image_animation=\u00a0\u00bbnone\u00a0\u00bb][vc_column_text css=\u00a0\u00bb.vc_custom_1720549720642{padding-top: 20px !important;}\u00a0\u00bb]\n<h2 style=\"text-align: center;\">M\u00e9diateur de la consommation<\/h2>\n[\/vc_column_text][divider line_type=\u00a0\u00bbSmall Line\u00a0\u00bb line_alignment=\u00a0\u00bbcenter\u00a0\u00bb line_thickness=\u00a0\u00bb2&Prime; divider_color=\u00a0\u00bbaccent-color\u00a0\u00bb animate=\u00a0\u00bbyes\u00a0\u00bb custom_height=\u00a0\u00bb20&Prime; custom_line_width=\u00a0\u00bb100&Prime;][vc_column_text css=\u00a0\u00bb.vc_custom_1720549713971{padding-top: 20px !important;padding-bottom: 20px !important;}\u00a0\u00bb]En application des nouvelles obligations du code de la consommation, vous \u00eates inform\u00e9s qu\u2019en cas de litige, vous pouvez vous adresser au M\u00e9diateur de Mobilians (anciennement CNPA) :<\/p>\n<ul>\n<li>par courrier, au moyen d\u2019un formulaire de saisine t\u00e9l\u00e9chargeable sur le site du m\u00e9diateur, \u00e0 l\u2019adresse : M. Paul Mauriac\u00a0 M\u00e9diateur dde Mobilians \u2013 43 BIS ROUTE DE VAUGIRARD \u2013 CS 80016 \u2013 92197 MEUDON CEDEX<\/li>\n<li>sur son site internet\u00a0<a href=\"https:\/\/www.mediateur-mobilians.fr\/\">www.mediateur-mobilians.fr<\/a>.<\/li>\n<\/ul>\n[\/vc_column_text][\/vc_column][vc_column column_padding=\u00a0\u00bbno-extra-padding\u00a0\u00bb column_padding_position=\u00a0\u00bball\u00a0\u00bb background_color_opacity=\u00a0\u00bb1&Prime; background_hover_color_opacity=\u00a0\u00bb1&Prime; column_link_target=\u00a0\u00bb_self\u00a0\u00bb column_shadow=\u00a0\u00bbnone\u00a0\u00bb column_border_radius=\u00a0\u00bbnone\u00a0\u00bb width=\u00a0\u00bb1\/6&Prime; tablet_width_inherit=\u00a0\u00bbdefault\u00a0\u00bb tablet_text_alignment=\u00a0\u00bbdefault\u00a0\u00bb phone_text_alignment=\u00a0\u00bbdefault\u00a0\u00bb overlay_strength=\u00a0\u00bb0.3&Prime; column_border_width=\u00a0\u00bbnone\u00a0\u00bb column_border_style=\u00a0\u00bbsolid\u00a0\u00bb bg_image_animation=\u00a0\u00bbnone\u00a0\u00bb][\/vc_column][\/vc_row]\n","protected":false},"excerpt":{"rendered":"<p>[vc_row type=\u00a0\u00bbin_container\u00a0\u00bb full_screen_row_position=\u00a0\u00bbmiddle\u00a0\u00bb column_margin=\u00a0\u00bbdefault\u00a0\u00bb scene_position=\u00a0\u00bbcenter\u00a0\u00bb text_color=\u00a0\u00bbdark\u00a0\u00bb text_align=\u00a0\u00bbleft\u00a0\u00bb overlay_strength=\u00a0\u00bb0.3&Prime; shape_divider_position=\u00a0\u00bbbottom\u00a0\u00bb bg_image_animation=\u00a0\u00bbnone\u00a0\u00bb][vc_column column_padding=\u00a0\u00bbno-extra-padding\u00a0\u00bb column_padding_position=\u00a0\u00bball\u00a0\u00bb background_color_opacity=\u00a0\u00bb1&Prime; background_hover_color_opacity=\u00a0\u00bb1&Prime; column_link_target=\u00a0\u00bb_self\u00a0\u00bb column_shadow=\u00a0\u00bbnone\u00a0\u00bb column_border_radius=\u00a0\u00bbnone\u00a0\u00bb width=\u00a0\u00bb1\/6&Prime; tablet_width_inherit=\u00a0\u00bbdefault\u00a0\u00bb tablet_text_alignment=\u00a0\u00bbdefault\u00a0\u00bb phone_text_alignment=\u00a0\u00bbdefault\u00a0\u00bb overlay_strength=\u00a0\u00bb0.3&Prime; column_border_width=\u00a0\u00bbnone\u00a0\u00bb column_border_style=\u00a0\u00bbsolid\u00a0\u00bb bg_image_animation=\u00a0\u00bbnone\u00a0\u00bb][\/vc_column][vc_column column_padding=\u00a0\u00bbpadding-3-percent\u00a0\u00bb column_padding_position=\u00a0\u00bball\u00a0\u00bb background_color_opacity=\u00a0\u00bb1&Prime; background_hover_color_opacity=\u00a0\u00bb1&Prime; column_link_target=\u00a0\u00bb_self\u00a0\u00bb&#8230;<\/p>\n","protected":false},"author":1,"featured_media":46,"parent":0,"menu_order":0,"comment_status":"closed","ping_status":"closed","template":"","meta":{"_joinchat":[],"footnotes":""},"class_list":["post-37","page","type-page","status-publish","has-post-thumbnail"],"yoast_head":"<!-- This site is optimized with the Yoast SEO plugin v25.6 - https:\/\/yoast.com\/wordpress\/plugins\/seo\/ -->\n<title>M\u00e9diateur de la consommation - Auto-\u00e9cole M&#039;Conduite<\/title>\n<meta name=\"description\" content=\"Retrouvez l&#039;adresse du m\u00e9diateur de la consommation de l&#039;Auto-\u00e9cole M&#039;Conduite - Les Arcs-sur-Argens (83). Contactez le en cas de litige.\" \/>\n<meta name=\"robots\" content=\"noindex, follow, max-snippet:-1, max-image-preview:large, max-video-preview:-1\" \/>\n<meta property=\"og:locale\" content=\"fr_FR\" \/>\n<meta property=\"og:type\" content=\"article\" \/>\n<meta property=\"og:title\" content=\"M\u00e9diateur de la consommation - Auto-\u00e9cole M&#039;Conduite\" \/>\n<meta property=\"og:description\" content=\"Retrouvez l&#039;adresse du m\u00e9diateur de la consommation de l&#039;Auto-\u00e9cole M&#039;Conduite - Les Arcs-sur-Argens (83). Contactez le en cas de litige.\" \/>\n<meta property=\"og:url\" content=\"http:\/\/de-vv.com\/mconduite\/mediateur\/\" \/>\n<meta property=\"og:site_name\" content=\"Auto-\u00e9cole M&#039;Conduite\" \/>\n<meta property=\"article:modified_time\" content=\"2024-07-09T18:53:49+00:00\" \/>\n<meta property=\"og:image\" content=\"http:\/\/de-vv.com\/mconduite\/wp-content\/uploads\/2024\/07\/cropped-favicon-MConduite-Auto-ecole.jpg\" \/>\n\t<meta property=\"og:image:width\" content=\"512\" \/>\n\t<meta property=\"og:image:height\" content=\"512\" \/>\n\t<meta property=\"og:image:type\" content=\"image\/jpeg\" \/>\n<meta name=\"twitter:card\" content=\"summary_large_image\" \/>\n<meta name=\"twitter:label1\" content=\"Dur\u00e9e de lecture estim\u00e9e\" \/>\n\t<meta name=\"twitter:data1\" content=\"1 minute\" \/>\n<script type=\"application\/ld+json\" class=\"yoast-schema-graph\">{\"@context\":\"https:\/\/schema.org\",\"@graph\":[{\"@type\":\"WebPage\",\"@id\":\"http:\/\/de-vv.com\/mconduite\/mediateur\/\",\"url\":\"http:\/\/de-vv.com\/mconduite\/mediateur\/\",\"name\":\"M\u00e9diateur de la consommation - Auto-\u00e9cole M&#039;Conduite\",\"isPartOf\":{\"@id\":\"http:\/\/de-vv.com\/mconduite\/#website\"},\"primaryImageOfPage\":{\"@id\":\"http:\/\/de-vv.com\/mconduite\/mediateur\/#primaryimage\"},\"image\":{\"@id\":\"http:\/\/de-vv.com\/mconduite\/mediateur\/#primaryimage\"},\"thumbnailUrl\":\"http:\/\/de-vv.com\/mconduite\/wp-content\/uploads\/2024\/07\/cropped-favicon-MConduite-Auto-ecole.jpg\",\"datePublished\":\"2024-07-09T18:29:00+00:00\",\"dateModified\":\"2024-07-09T18:53:49+00:00\",\"description\":\"Retrouvez l'adresse du m\u00e9diateur de la consommation de l'Auto-\u00e9cole M'Conduite - Les Arcs-sur-Argens (83). Contactez le en cas de litige.\",\"breadcrumb\":{\"@id\":\"http:\/\/de-vv.com\/mconduite\/mediateur\/#breadcrumb\"},\"inLanguage\":\"fr-FR\",\"potentialAction\":[{\"@type\":\"ReadAction\",\"target\":[\"http:\/\/de-vv.com\/mconduite\/mediateur\/\"]}]},{\"@type\":\"ImageObject\",\"inLanguage\":\"fr-FR\",\"@id\":\"http:\/\/de-vv.com\/mconduite\/mediateur\/#primaryimage\",\"url\":\"http:\/\/de-vv.com\/mconduite\/wp-content\/uploads\/2024\/07\/cropped-favicon-MConduite-Auto-ecole.jpg\",\"contentUrl\":\"http:\/\/de-vv.com\/mconduite\/wp-content\/uploads\/2024\/07\/cropped-favicon-MConduite-Auto-ecole.jpg\",\"width\":512,\"height\":512,\"caption\":\"favicon M'Conduite Auto-\u00e9cole\"},{\"@type\":\"BreadcrumbList\",\"@id\":\"http:\/\/de-vv.com\/mconduite\/mediateur\/#breadcrumb\",\"itemListElement\":[{\"@type\":\"ListItem\",\"position\":1,\"name\":\"Accueil\",\"item\":\"http:\/\/de-vv.com\/mconduite\/\"},{\"@type\":\"ListItem\",\"position\":2,\"name\":\"M\u00e9diateur\"}]},{\"@type\":\"WebSite\",\"@id\":\"http:\/\/de-vv.com\/mconduite\/#website\",\"url\":\"http:\/\/de-vv.com\/mconduite\/\",\"name\":\"Auto-\u00e9cole M&#039;Conduite\",\"description\":\"Auto-\u00e9cole Les Arcs (83460)\",\"potentialAction\":[{\"@type\":\"SearchAction\",\"target\":{\"@type\":\"EntryPoint\",\"urlTemplate\":\"http:\/\/de-vv.com\/mconduite\/?s={search_term_string}\"},\"query-input\":{\"@type\":\"PropertyValueSpecification\",\"valueRequired\":true,\"valueName\":\"search_term_string\"}}],\"inLanguage\":\"fr-FR\"}]}<\/script>\n<!-- \/ Yoast SEO plugin. -->","yoast_head_json":{"title":"M\u00e9diateur de la consommation - Auto-\u00e9cole M&#039;Conduite","description":"Retrouvez l'adresse du m\u00e9diateur de la consommation de l'Auto-\u00e9cole M'Conduite - Les Arcs-sur-Argens (83). Contactez le en cas de litige.","robots":{"index":"noindex","follow":"follow","max-snippet":"max-snippet:-1","max-image-preview":"max-image-preview:large","max-video-preview":"max-video-preview:-1"},"og_locale":"fr_FR","og_type":"article","og_title":"M\u00e9diateur de la consommation - Auto-\u00e9cole M&#039;Conduite","og_description":"Retrouvez l'adresse du m\u00e9diateur de la consommation de l'Auto-\u00e9cole M'Conduite - Les Arcs-sur-Argens (83). Contactez le en cas de litige.","og_url":"http:\/\/de-vv.com\/mconduite\/mediateur\/","og_site_name":"Auto-\u00e9cole M&#039;Conduite","article_modified_time":"2024-07-09T18:53:49+00:00","og_image":[{"width":512,"height":512,"url":"http:\/\/de-vv.com\/mconduite\/wp-content\/uploads\/2024\/07\/cropped-favicon-MConduite-Auto-ecole.jpg","type":"image\/jpeg"}],"twitter_card":"summary_large_image","twitter_misc":{"Dur\u00e9e de lecture estim\u00e9e":"1 minute"},"schema":{"@context":"https:\/\/schema.org","@graph":[{"@type":"WebPage","@id":"http:\/\/de-vv.com\/mconduite\/mediateur\/","url":"http:\/\/de-vv.com\/mconduite\/mediateur\/","name":"M\u00e9diateur de la consommation - Auto-\u00e9cole M&#039;Conduite","isPartOf":{"@id":"http:\/\/de-vv.com\/mconduite\/#website"},"primaryImageOfPage":{"@id":"http:\/\/de-vv.com\/mconduite\/mediateur\/#primaryimage"},"image":{"@id":"http:\/\/de-vv.com\/mconduite\/mediateur\/#primaryimage"},"thumbnailUrl":"http:\/\/de-vv.com\/mconduite\/wp-content\/uploads\/2024\/07\/cropped-favicon-MConduite-Auto-ecole.jpg","datePublished":"2024-07-09T18:29:00+00:00","dateModified":"2024-07-09T18:53:49+00:00","description":"Retrouvez l'adresse du m\u00e9diateur de la consommation de l'Auto-\u00e9cole M'Conduite - Les Arcs-sur-Argens (83). Contactez le en cas de litige.","breadcrumb":{"@id":"http:\/\/de-vv.com\/mconduite\/mediateur\/#breadcrumb"},"inLanguage":"fr-FR","potentialAction":[{"@type":"ReadAction","target":["http:\/\/de-vv.com\/mconduite\/mediateur\/"]}]},{"@type":"ImageObject","inLanguage":"fr-FR","@id":"http:\/\/de-vv.com\/mconduite\/mediateur\/#primaryimage","url":"http:\/\/de-vv.com\/mconduite\/wp-content\/uploads\/2024\/07\/cropped-favicon-MConduite-Auto-ecole.jpg","contentUrl":"http:\/\/de-vv.com\/mconduite\/wp-content\/uploads\/2024\/07\/cropped-favicon-MConduite-Auto-ecole.jpg","width":512,"height":512,"caption":"favicon M'Conduite Auto-\u00e9cole"},{"@type":"BreadcrumbList","@id":"http:\/\/de-vv.com\/mconduite\/mediateur\/#breadcrumb","itemListElement":[{"@type":"ListItem","position":1,"name":"Accueil","item":"http:\/\/de-vv.com\/mconduite\/"},{"@type":"ListItem","position":2,"name":"M\u00e9diateur"}]},{"@type":"WebSite","@id":"http:\/\/de-vv.com\/mconduite\/#website","url":"http:\/\/de-vv.com\/mconduite\/","name":"Auto-\u00e9cole M&#039;Conduite","description":"Auto-\u00e9cole Les Arcs (83460)","potentialAction":[{"@type":"SearchAction","target":{"@type":"EntryPoint","urlTemplate":"http:\/\/de-vv.com\/mconduite\/?s={search_term_string}"},"query-input":{"@type":"PropertyValueSpecification","valueRequired":true,"valueName":"search_term_string"}}],"inLanguage":"fr-FR"}]}},"_links":{"self":[{"href":"http:\/\/de-vv.com\/mconduite\/wp-json\/wp\/v2\/pages\/37"}],"collection":[{"href":"http:\/\/de-vv.com\/mconduite\/wp-json\/wp\/v2\/pages"}],"about":[{"href":"http:\/\/de-vv.com\/mconduite\/wp-json\/wp\/v2\/types\/page"}],"author":[{"embeddable":true,"href":"http:\/\/de-vv.com\/mconduite\/wp-json\/wp\/v2\/users\/1"}],"replies":[{"embeddable":true,"href":"http:\/\/de-vv.com\/mconduite\/wp-json\/wp\/v2\/comments?post=37"}],"version-history":[{"count":3,"href":"http:\/\/de-vv.com\/mconduite\/wp-json\/wp\/v2\/pages\/37\/revisions"}],"predecessor-version":[{"id":40,"href":"http:\/\/de-vv.com\/mconduite\/wp-json\/wp\/v2\/pages\/37\/revisions\/40"}],"wp:featuredmedia":[{"embeddable":true,"href":"http:\/\/de-vv.com\/mconduite\/wp-json\/wp\/v2\/media\/46"}],"wp:attachment":[{"href":"http:\/\/de-vv.com\/mconduite\/wp-json\/wp\/v2\/media?parent=37"}],"curies":[{"name":"wp","href":"https:\/\/api.w.org\/{rel}","templated":true}]}}