{"id":78,"date":"2024-07-09T22:25:55","date_gmt":"2024-07-09T20:25:55","guid":{"rendered":"http:\/\/de-vv.com\/mconduite\/?page_id=78"},"modified":"2024-07-10T14:43:55","modified_gmt":"2024-07-10T12:43:55","slug":"aide-aux-apprentis","status":"publish","type":"page","link":"http:\/\/de-vv.com\/mconduite\/aide-aux-apprentis\/","title":{"rendered":"Aide aux apprentis"},"content":{"rendered":"[vc_row type=\u00a0\u00bbfull_width_background\u00a0\u00bb full_screen_row_position=\u00a0\u00bbmiddle\u00a0\u00bb equal_height=\u00a0\u00bbyes\u00a0\u00bb content_placement=\u00a0\u00bbmiddle\u00a0\u00bb column_margin=\u00a0\u00bbdefault\u00a0\u00bb bg_image=\u00a0\u00bb50&Prime; bg_position=\u00a0\u00bbcenter center\u00a0\u00bb bg_repeat=\u00a0\u00bbno-repeat\u00a0\u00bb scene_position=\u00a0\u00bbcenter\u00a0\u00bb text_color=\u00a0\u00bblight\u00a0\u00bb text_align=\u00a0\u00bbleft\u00a0\u00bb top_padding=\u00a0\u00bb60&Prime; bottom_padding=\u00a0\u00bb40&Prime; color_overlay=\u00a0\u00bb#000000&Prime; overlay_strength=\u00a0\u00bb0.5&Prime; shape_divider_position=\u00a0\u00bbbottom\u00a0\u00bb bg_image_animation=\u00a0\u00bbnone\u00a0\u00bb shape_type=\u00a0\u00bb\u00a0\u00bb][vc_column column_padding=\u00a0\u00bbpadding-2-percent\u00a0\u00bb column_padding_position=\u00a0\u00bball\u00a0\u00bb background_color_opacity=\u00a0\u00bb1&Prime; background_hover_color_opacity=\u00a0\u00bb1&Prime; column_link_target=\u00a0\u00bb_self\u00a0\u00bb column_shadow=\u00a0\u00bbnone\u00a0\u00bb column_border_radius=\u00a0\u00bbnone\u00a0\u00bb width=\u00a0\u00bb2\/3&Prime; tablet_width_inherit=\u00a0\u00bbdefault\u00a0\u00bb tablet_text_alignment=\u00a0\u00bbdefault\u00a0\u00bb phone_text_alignment=\u00a0\u00bbdefault\u00a0\u00bb overlay_strength=\u00a0\u00bb0.3&Prime; column_border_width=\u00a0\u00bbnone\u00a0\u00bb column_border_style=\u00a0\u00bbsolid\u00a0\u00bb bg_image_animation=\u00a0\u00bbnone\u00a0\u00bb][vc_column_text]\n<h1>Aide aux apprentis<\/h1>\n[\/vc_column_text][vc_column_text css=\u00a0\u00bb.vc_custom_1720614989713{padding-top: 12px !important;padding-bottom: 12px !important;}\u00a0\u00bb]Depuis le 1er janvier 2019, les apprentis majeurs peuvent b\u00e9n\u00e9ficier d\u2019une aide d\u2019\u00c9tat pour financer leur permis de conduire. Retrouvez dans cette page toute les informations utiles concernant ce financement.[\/vc_column_text][nectar_btn size=\u00a0\u00bblarge\u00a0\u00bb button_style=\u00a0\u00bbregular\u00a0\u00bb button_color_2=\u00a0\u00bbExtra-Color-1&Prime; solid_text_color_override=\u00a0\u00bb#000000&Prime; icon_family=\u00a0\u00bbfontawesome\u00a0\u00bb url=\u00a0\u00bbhttp:\/\/de-vv.com\/mconduite\/contact\/\u00a0\u00bb text=\u00a0\u00bbContactez nous\u00a0\u00bb margin_top=\u00a0\u00bb5&Prime; margin_right=\u00a0\u00bb12&Prime; margin_bottom=\u00a0\u00bb5&Prime; icon_fontawesome=\u00a0\u00bbfa fa-envelope-open-o\u00a0\u00bb][nectar_btn size=\u00a0\u00bblarge\u00a0\u00bb button_style=\u00a0\u00bbregular\u00a0\u00bb button_color_2=\u00a0\u00bbAccent-Color\u00a0\u00bb solid_text_color_override=\u00a0\u00bb#ffffff\u00a0\u00bb icon_family=\u00a0\u00bbfontawesome\u00a0\u00bb url=\u00a0\u00bbtel:06.82.99.81.49&Prime; text=\u00a0\u00bb06 82 99 81 49&Prime; margin_top=\u00a0\u00bb5&Prime; margin_bottom=\u00a0\u00bb5&Prime; icon_fontawesome=\u00a0\u00bbfa fa-mobile\u00a0\u00bb][\/vc_column][vc_column column_padding=\u00a0\u00bbno-extra-padding\u00a0\u00bb column_padding_position=\u00a0\u00bball\u00a0\u00bb background_color_opacity=\u00a0\u00bb1&Prime; background_hover_color_opacity=\u00a0\u00bb1&Prime; column_link_target=\u00a0\u00bb_self\u00a0\u00bb column_shadow=\u00a0\u00bbnone\u00a0\u00bb column_border_radius=\u00a0\u00bbnone\u00a0\u00bb width=\u00a0\u00bb1\/3&Prime; tablet_width_inherit=\u00a0\u00bbdefault\u00a0\u00bb tablet_text_alignment=\u00a0\u00bbdefault\u00a0\u00bb phone_text_alignment=\u00a0\u00bbdefault\u00a0\u00bb overlay_strength=\u00a0\u00bb0.3&Prime; column_border_width=\u00a0\u00bbnone\u00a0\u00bb column_border_style=\u00a0\u00bbsolid\u00a0\u00bb bg_image_animation=\u00a0\u00bbnone\u00a0\u00bb][image_with_animation image_url=\u00a0\u00bb89&Prime; alignment=\u00a0\u00bb\u00a0\u00bb animation=\u00a0\u00bbFade In\u00a0\u00bb hover_animation=\u00a0\u00bbnone\u00a0\u00bb border_radius=\u00a0\u00bb5px\u00a0\u00bb box_shadow=\u00a0\u00bbnone\u00a0\u00bb image_loading=\u00a0\u00bblazy-load\u00a0\u00bb max_width=\u00a0\u00bb100%\u00a0\u00bb max_width_mobile=\u00a0\u00bbdefault\u00a0\u00bb][\/vc_column][\/vc_row][vc_row type=\u00a0\u00bbin_container\u00a0\u00bb full_screen_row_position=\u00a0\u00bbmiddle\u00a0\u00bb column_margin=\u00a0\u00bbdefault\u00a0\u00bb scene_position=\u00a0\u00bbcenter\u00a0\u00bb text_color=\u00a0\u00bbdark\u00a0\u00bb text_align=\u00a0\u00bbleft\u00a0\u00bb overlay_strength=\u00a0\u00bb0.3&Prime; shape_divider_position=\u00a0\u00bbbottom\u00a0\u00bb bg_image_animation=\u00a0\u00bbnone\u00a0\u00bb][vc_column column_padding=\u00a0\u00bbpadding-2-percent\u00a0\u00bb column_padding_position=\u00a0\u00bball\u00a0\u00bb background_color_opacity=\u00a0\u00bb1&Prime; background_hover_color_opacity=\u00a0\u00bb1&Prime; column_link_target=\u00a0\u00bb_self\u00a0\u00bb column_shadow=\u00a0\u00bbnone\u00a0\u00bb column_border_radius=\u00a0\u00bbnone\u00a0\u00bb width=\u00a0\u00bb1\/1&Prime; tablet_width_inherit=\u00a0\u00bbdefault\u00a0\u00bb tablet_text_alignment=\u00a0\u00bbdefault\u00a0\u00bb phone_text_alignment=\u00a0\u00bbdefault\u00a0\u00bb overlay_strength=\u00a0\u00bb0.3&Prime; column_border_width=\u00a0\u00bbnone\u00a0\u00bb column_border_style=\u00a0\u00bbsolid\u00a0\u00bb bg_image_animation=\u00a0\u00bbnone\u00a0\u00bb][vc_column_text]\n<div class=\"wpb_text_column wpb_content_element \">\n<div class=\"wpb_wrapper\">\n<h2>Pour quels apprentis ?<\/h2>\n<\/div>\n<\/div>\n<div class=\"wpb_text_column wpb_content_element \">\n<div class=\"wpb_wrapper\">\n<p>L\u2019aide au financement du permis de conduire B s\u2019adresse aux apprentis remplissant les conditions suivantes :<\/p>\n<ul>\n<li>\u00eatre \u00e2g\u00e9 d\u2019au moins 18 ans ;<\/li>\n<li>\u00eatre titulaire d\u2019un contrat d\u2019apprentissage en cours d\u2019ex\u00e9cution ;<\/li>\n<li>\u00eatre engag\u00e9 dans un parcours d\u2019obtention du permis B.<\/li>\n<\/ul>\n<\/div>\n<\/div>\n<div class=\"wpb_text_column wpb_content_element \">\n<div class=\"wpb_wrapper\">\n<h2>Quel est le montant de l\u2019aide ?<\/h2>\n<\/div>\n<\/div>\n<div class=\"wpb_text_column wpb_content_element \">\n<div class=\"wpb_wrapper\">\n<p>Il s\u2019agit d\u2019une aide forfaitaire d\u2019un montant de 500 euros, quel que soit le montant des frais engag\u00e9s par l\u2019apprenti.<\/p>\n<\/div>\n<\/div>\n<div class=\"wpb_text_column wpb_content_element \">\n<div class=\"wpb_wrapper\">\n<h2 id=\"Comment-obtenir-l-aide-au-financement-du-permis-de-conduire-B-nbsp\">Comment fonctionne l\u2019aide au financement du permis de conduire B\u00a0?<\/h2>\n<\/div>\n<\/div>\n<div class=\"wpb_text_column wpb_content_element \">\n<div class=\"wpb_wrapper\">\n<p>L\u2019aide au permis de conduire B doit \u00eatre demand\u00e9e par l\u2019apprenti au centre de formation d\u2019apprentis (CFA). Le CFA lui communique la d\u00e9marche \u00e0 suivre et le contenu du dossier\u00a0:<\/p>\n<ul>\n<li>La demande d\u2019aide compl\u00e9t\u00e9e et sign\u00e9e par l\u2019apprenti ;<\/li>\n<li>Une copie recto verso de sa carte nationale d\u2019identit\u00e9 ou de son passeport ou de son titre de s\u00e9jour en cours de validit\u00e9\u00a0;<\/li>\n<li>Une copie de la facture de l\u2019\u00e9cole de conduite, \u00e9mise ou acquitt\u00e9e, datant de moins de douze mois avant la demande d\u2019aide.<\/li>\n<\/ul>\n<\/div>\n<\/div>\n<div class=\"wpb_text_column wpb_content_element \">\n<div class=\"wpb_wrapper\">\n<p><strong>Le centre de formation d\u2019apprentis (CFA) instruit la demande d\u00e9pos\u00e9e par l\u2019apprenti<\/strong>.\u00a0Lorsqu\u2019elle est recevable, le CFA l\u2019atteste sur le formulaire et verse l\u2019aide \u00e0 l\u2019apprenti ou, le cas \u00e9ch\u00e9ant, \u00e0 l\u2019\u00e9cole de conduite.<\/p>\n<\/div>\n<\/div>\n[\/vc_column_text][\/vc_column][\/vc_row][vc_row type=\u00a0\u00bbfull_width_background\u00a0\u00bb full_screen_row_position=\u00a0\u00bbmiddle\u00a0\u00bb column_margin=\u00a0\u00bbdefault\u00a0\u00bb bg_color=\u00a0\u00bb#000000&Prime; scene_position=\u00a0\u00bbcenter\u00a0\u00bb text_color=\u00a0\u00bblight\u00a0\u00bb text_align=\u00a0\u00bbleft\u00a0\u00bb top_padding=\u00a0\u00bb20&Prime; bottom_padding=\u00a0\u00bb20&Prime; overlay_strength=\u00a0\u00bb0.8&Prime; shape_divider_position=\u00a0\u00bbbottom\u00a0\u00bb bg_image_animation=\u00a0\u00bbnone\u00a0\u00bb shape_type=\u00a0\u00bb\u00a0\u00bb][vc_column column_padding=\u00a0\u00bbpadding-2-percent\u00a0\u00bb column_padding_position=\u00a0\u00bball\u00a0\u00bb background_color_opacity=\u00a0\u00bb1&Prime; background_hover_color_opacity=\u00a0\u00bb1&Prime; column_link_target=\u00a0\u00bb_self\u00a0\u00bb column_shadow=\u00a0\u00bbnone\u00a0\u00bb column_border_radius=\u00a0\u00bbnone\u00a0\u00bb width=\u00a0\u00bb1\/1&Prime; tablet_width_inherit=\u00a0\u00bbdefault\u00a0\u00bb tablet_text_alignment=\u00a0\u00bbdefault\u00a0\u00bb phone_text_alignment=\u00a0\u00bbdefault\u00a0\u00bb overlay_strength=\u00a0\u00bb0.3&Prime; column_border_width=\u00a0\u00bbnone\u00a0\u00bb column_border_style=\u00a0\u00bbsolid\u00a0\u00bb bg_image_animation=\u00a0\u00bbnone\u00a0\u00bb][vc_column_text css=\u00a0\u00bb.vc_custom_1720615028942{padding-bottom: 12px !important;}\u00a0\u00bb]\n<h2>Une question sur l&rsquo;aide aux apprentis ?<\/h2>\n<p>Vous avez une question sur le contenu de nos formations, sur nos tarifs ou sur nos horaires ? Besoin de conseils personnalis\u00e9s en fonction de votre situation ? Vous avez des contraintes d&rsquo;agenda ou souhaitez passer le permis rapidement?[\/vc_column_text][nectar_btn size=\u00a0\u00bblarge\u00a0\u00bb button_style=\u00a0\u00bbregular\u00a0\u00bb button_color_2=\u00a0\u00bbExtra-Color-1&Prime; solid_text_color_override=\u00a0\u00bb#000000&Prime; icon_family=\u00a0\u00bbdefault_arrow\u00a0\u00bb url=\u00a0\u00bbhttp:\/\/de-vv.com\/mconduite\/contact\/\u00a0\u00bb text=\u00a0\u00bbContactez nous\u00a0\u00bb margin_top=\u00a0\u00bb5&Prime; margin_right=\u00a0\u00bb12&Prime; margin_bottom=\u00a0\u00bb5&Prime;][nectar_btn size=\u00a0\u00bblarge\u00a0\u00bb button_style=\u00a0\u00bbregular\u00a0\u00bb button_color_2=\u00a0\u00bbAccent-Color\u00a0\u00bb solid_text_color_override=\u00a0\u00bb#000000&Prime; icon_family=\u00a0\u00bbfontawesome\u00a0\u00bb url=\u00a0\u00bbtel:06.82.99.81.49&Prime; text=\u00a0\u00bb06 82 99 81 49&Prime; margin_top=\u00a0\u00bb5&Prime; margin_bottom=\u00a0\u00bb5&Prime; icon_fontawesome=\u00a0\u00bbfa fa-mobile\u00a0\u00bb][\/vc_column][\/vc_row]\n","protected":false},"excerpt":{"rendered":"<p>[vc_row type=\u00a0\u00bbfull_width_background\u00a0\u00bb full_screen_row_position=\u00a0\u00bbmiddle\u00a0\u00bb equal_height=\u00a0\u00bbyes\u00a0\u00bb content_placement=\u00a0\u00bbmiddle\u00a0\u00bb column_margin=\u00a0\u00bbdefault\u00a0\u00bb bg_image=\u00a0\u00bb50&Prime; bg_position=\u00a0\u00bbcenter center\u00a0\u00bb bg_repeat=\u00a0\u00bbno-repeat\u00a0\u00bb scene_position=\u00a0\u00bbcenter\u00a0\u00bb text_color=\u00a0\u00bblight\u00a0\u00bb text_align=\u00a0\u00bbleft\u00a0\u00bb top_padding=\u00a0\u00bb60&Prime; bottom_padding=\u00a0\u00bb40&Prime; color_overlay=\u00a0\u00bb#000000&Prime; overlay_strength=\u00a0\u00bb0.5&Prime; shape_divider_position=\u00a0\u00bbbottom\u00a0\u00bb bg_image_animation=\u00a0\u00bbnone\u00a0\u00bb shape_type=\u00a0\u00bb\u00a0\u00bb][vc_column column_padding=\u00a0\u00bbpadding-2-percent\u00a0\u00bb column_padding_position=\u00a0\u00bball\u00a0\u00bb background_color_opacity=\u00a0\u00bb1&Prime; background_hover_color_opacity=\u00a0\u00bb1&Prime; column_link_target=\u00a0\u00bb_self\u00a0\u00bb column_shadow=\u00a0\u00bbnone\u00a0\u00bb column_border_radius=\u00a0\u00bbnone\u00a0\u00bb width=\u00a0\u00bb2\/3&Prime; tablet_width_inherit=\u00a0\u00bbdefault\u00a0\u00bb tablet_text_alignment=\u00a0\u00bbdefault\u00a0\u00bb&#8230;<\/p>\n","protected":false},"author":1,"featured_media":89,"parent":0,"menu_order":0,"comment_status":"closed","ping_status":"closed","template":"","meta":{"_joinchat":[],"footnotes":""},"class_list":["post-78","page","type-page","status-publish","has-post-thumbnail"],"yoast_head":"<!-- This site is optimized with the Yoast SEO plugin v25.6 - https:\/\/yoast.com\/wordpress\/plugins\/seo\/ -->\n<title>Aide aux apprentis pour le permis de conduire - Auto-\u00e9cole M&#039;Conduite<\/title>\n<meta name=\"description\" content=\"L&#039;aide aux apprentis pour passer le permis de conduire s&#039;\u00e9l\u00e8ve \u00e0 500\u20ac. M&#039;Conduite Auto-\u00e9cole - Les Arcs (83460) vous aide \u00e0 obtenir l&#039;aide.\" \/>\n<meta name=\"robots\" content=\"noindex, follow, max-snippet:-1, max-image-preview:large, max-video-preview:-1\" \/>\n<meta property=\"og:locale\" content=\"fr_FR\" \/>\n<meta property=\"og:type\" content=\"article\" \/>\n<meta property=\"og:title\" content=\"Aide aux apprentis pour le permis de conduire - Auto-\u00e9cole M&#039;Conduite\" \/>\n<meta property=\"og:description\" content=\"L&#039;aide aux apprentis pour passer le permis de conduire s&#039;\u00e9l\u00e8ve \u00e0 500\u20ac. M&#039;Conduite Auto-\u00e9cole - Les Arcs (83460) vous aide \u00e0 obtenir l&#039;aide.\" \/>\n<meta property=\"og:url\" content=\"http:\/\/de-vv.com\/mconduite\/aide-aux-apprentis\/\" \/>\n<meta property=\"og:site_name\" content=\"Auto-\u00e9cole M&#039;Conduite\" \/>\n<meta property=\"article:modified_time\" content=\"2024-07-10T12:43:55+00:00\" \/>\n<meta property=\"og:image\" content=\"http:\/\/de-vv.com\/mconduite\/wp-content\/uploads\/2024\/07\/aide-aux-apprentis-permis.png\" \/>\n\t<meta property=\"og:image:width\" content=\"768\" \/>\n\t<meta property=\"og:image:height\" content=\"480\" \/>\n\t<meta property=\"og:image:type\" content=\"image\/png\" \/>\n<meta name=\"twitter:card\" content=\"summary_large_image\" \/>\n<meta name=\"twitter:label1\" content=\"Dur\u00e9e de lecture estim\u00e9e\" \/>\n\t<meta name=\"twitter:data1\" content=\"3 minutes\" \/>\n<script type=\"application\/ld+json\" class=\"yoast-schema-graph\">{\"@context\":\"https:\/\/schema.org\",\"@graph\":[{\"@type\":\"WebPage\",\"@id\":\"http:\/\/de-vv.com\/mconduite\/aide-aux-apprentis\/\",\"url\":\"http:\/\/de-vv.com\/mconduite\/aide-aux-apprentis\/\",\"name\":\"Aide aux apprentis pour le permis de conduire - Auto-\u00e9cole M&#039;Conduite\",\"isPartOf\":{\"@id\":\"http:\/\/de-vv.com\/mconduite\/#website\"},\"primaryImageOfPage\":{\"@id\":\"http:\/\/de-vv.com\/mconduite\/aide-aux-apprentis\/#primaryimage\"},\"image\":{\"@id\":\"http:\/\/de-vv.com\/mconduite\/aide-aux-apprentis\/#primaryimage\"},\"thumbnailUrl\":\"http:\/\/de-vv.com\/mconduite\/wp-content\/uploads\/2024\/07\/aide-aux-apprentis-permis.png\",\"datePublished\":\"2024-07-09T20:25:55+00:00\",\"dateModified\":\"2024-07-10T12:43:55+00:00\",\"description\":\"L'aide aux apprentis pour passer le permis de conduire s'\u00e9l\u00e8ve \u00e0 500\u20ac. M'Conduite Auto-\u00e9cole - Les Arcs (83460) vous aide \u00e0 obtenir l'aide.\",\"breadcrumb\":{\"@id\":\"http:\/\/de-vv.com\/mconduite\/aide-aux-apprentis\/#breadcrumb\"},\"inLanguage\":\"fr-FR\",\"potentialAction\":[{\"@type\":\"ReadAction\",\"target\":[\"http:\/\/de-vv.com\/mconduite\/aide-aux-apprentis\/\"]}]},{\"@type\":\"ImageObject\",\"inLanguage\":\"fr-FR\",\"@id\":\"http:\/\/de-vv.com\/mconduite\/aide-aux-apprentis\/#primaryimage\",\"url\":\"http:\/\/de-vv.com\/mconduite\/wp-content\/uploads\/2024\/07\/aide-aux-apprentis-permis.png\",\"contentUrl\":\"http:\/\/de-vv.com\/mconduite\/wp-content\/uploads\/2024\/07\/aide-aux-apprentis-permis.png\",\"width\":768,\"height\":480,\"caption\":\"Aide aux apprentis - permis de conduire\"},{\"@type\":\"BreadcrumbList\",\"@id\":\"http:\/\/de-vv.com\/mconduite\/aide-aux-apprentis\/#breadcrumb\",\"itemListElement\":[{\"@type\":\"ListItem\",\"position\":1,\"name\":\"Accueil\",\"item\":\"http:\/\/de-vv.com\/mconduite\/\"},{\"@type\":\"ListItem\",\"position\":2,\"name\":\"Aide aux apprentis\"}]},{\"@type\":\"WebSite\",\"@id\":\"http:\/\/de-vv.com\/mconduite\/#website\",\"url\":\"http:\/\/de-vv.com\/mconduite\/\",\"name\":\"Auto-\u00e9cole M&#039;Conduite\",\"description\":\"Auto-\u00e9cole Les Arcs (83460)\",\"potentialAction\":[{\"@type\":\"SearchAction\",\"target\":{\"@type\":\"EntryPoint\",\"urlTemplate\":\"http:\/\/de-vv.com\/mconduite\/?s={search_term_string}\"},\"query-input\":{\"@type\":\"PropertyValueSpecification\",\"valueRequired\":true,\"valueName\":\"search_term_string\"}}],\"inLanguage\":\"fr-FR\"}]}<\/script>\n<!-- \/ Yoast SEO plugin. -->","yoast_head_json":{"title":"Aide aux apprentis pour le permis de conduire - Auto-\u00e9cole M&#039;Conduite","description":"L'aide aux apprentis pour passer le permis de conduire s'\u00e9l\u00e8ve \u00e0 500\u20ac. M'Conduite Auto-\u00e9cole - Les Arcs (83460) vous aide \u00e0 obtenir l'aide.","robots":{"index":"noindex","follow":"follow","max-snippet":"max-snippet:-1","max-image-preview":"max-image-preview:large","max-video-preview":"max-video-preview:-1"},"og_locale":"fr_FR","og_type":"article","og_title":"Aide aux apprentis pour le permis de conduire - Auto-\u00e9cole M&#039;Conduite","og_description":"L'aide aux apprentis pour passer le permis de conduire s'\u00e9l\u00e8ve \u00e0 500\u20ac. M'Conduite Auto-\u00e9cole - Les Arcs (83460) vous aide \u00e0 obtenir l'aide.","og_url":"http:\/\/de-vv.com\/mconduite\/aide-aux-apprentis\/","og_site_name":"Auto-\u00e9cole M&#039;Conduite","article_modified_time":"2024-07-10T12:43:55+00:00","og_image":[{"width":768,"height":480,"url":"http:\/\/de-vv.com\/mconduite\/wp-content\/uploads\/2024\/07\/aide-aux-apprentis-permis.png","type":"image\/png"}],"twitter_card":"summary_large_image","twitter_misc":{"Dur\u00e9e de lecture estim\u00e9e":"3 minutes"},"schema":{"@context":"https:\/\/schema.org","@graph":[{"@type":"WebPage","@id":"http:\/\/de-vv.com\/mconduite\/aide-aux-apprentis\/","url":"http:\/\/de-vv.com\/mconduite\/aide-aux-apprentis\/","name":"Aide aux apprentis pour le permis de conduire - Auto-\u00e9cole M&#039;Conduite","isPartOf":{"@id":"http:\/\/de-vv.com\/mconduite\/#website"},"primaryImageOfPage":{"@id":"http:\/\/de-vv.com\/mconduite\/aide-aux-apprentis\/#primaryimage"},"image":{"@id":"http:\/\/de-vv.com\/mconduite\/aide-aux-apprentis\/#primaryimage"},"thumbnailUrl":"http:\/\/de-vv.com\/mconduite\/wp-content\/uploads\/2024\/07\/aide-aux-apprentis-permis.png","datePublished":"2024-07-09T20:25:55+00:00","dateModified":"2024-07-10T12:43:55+00:00","description":"L'aide aux apprentis pour passer le permis de conduire s'\u00e9l\u00e8ve \u00e0 500\u20ac. M'Conduite Auto-\u00e9cole - Les Arcs (83460) vous aide \u00e0 obtenir l'aide.","breadcrumb":{"@id":"http:\/\/de-vv.com\/mconduite\/aide-aux-apprentis\/#breadcrumb"},"inLanguage":"fr-FR","potentialAction":[{"@type":"ReadAction","target":["http:\/\/de-vv.com\/mconduite\/aide-aux-apprentis\/"]}]},{"@type":"ImageObject","inLanguage":"fr-FR","@id":"http:\/\/de-vv.com\/mconduite\/aide-aux-apprentis\/#primaryimage","url":"http:\/\/de-vv.com\/mconduite\/wp-content\/uploads\/2024\/07\/aide-aux-apprentis-permis.png","contentUrl":"http:\/\/de-vv.com\/mconduite\/wp-content\/uploads\/2024\/07\/aide-aux-apprentis-permis.png","width":768,"height":480,"caption":"Aide aux apprentis - permis de conduire"},{"@type":"BreadcrumbList","@id":"http:\/\/de-vv.com\/mconduite\/aide-aux-apprentis\/#breadcrumb","itemListElement":[{"@type":"ListItem","position":1,"name":"Accueil","item":"http:\/\/de-vv.com\/mconduite\/"},{"@type":"ListItem","position":2,"name":"Aide aux apprentis"}]},{"@type":"WebSite","@id":"http:\/\/de-vv.com\/mconduite\/#website","url":"http:\/\/de-vv.com\/mconduite\/","name":"Auto-\u00e9cole M&#039;Conduite","description":"Auto-\u00e9cole Les Arcs (83460)","potentialAction":[{"@type":"SearchAction","target":{"@type":"EntryPoint","urlTemplate":"http:\/\/de-vv.com\/mconduite\/?s={search_term_string}"},"query-input":{"@type":"PropertyValueSpecification","valueRequired":true,"valueName":"search_term_string"}}],"inLanguage":"fr-FR"}]}},"_links":{"self":[{"href":"http:\/\/de-vv.com\/mconduite\/wp-json\/wp\/v2\/pages\/78"}],"collection":[{"href":"http:\/\/de-vv.com\/mconduite\/wp-json\/wp\/v2\/pages"}],"about":[{"href":"http:\/\/de-vv.com\/mconduite\/wp-json\/wp\/v2\/types\/page"}],"author":[{"embeddable":true,"href":"http:\/\/de-vv.com\/mconduite\/wp-json\/wp\/v2\/users\/1"}],"replies":[{"embeddable":true,"href":"http:\/\/de-vv.com\/mconduite\/wp-json\/wp\/v2\/comments?post=78"}],"version-history":[{"count":6,"href":"http:\/\/de-vv.com\/mconduite\/wp-json\/wp\/v2\/pages\/78\/revisions"}],"predecessor-version":[{"id":152,"href":"http:\/\/de-vv.com\/mconduite\/wp-json\/wp\/v2\/pages\/78\/revisions\/152"}],"wp:featuredmedia":[{"embeddable":true,"href":"http:\/\/de-vv.com\/mconduite\/wp-json\/wp\/v2\/media\/89"}],"wp:attachment":[{"href":"http:\/\/de-vv.com\/mconduite\/wp-json\/wp\/v2\/media?parent=78"}],"curies":[{"name":"wp","href":"https:\/\/api.w.org\/{rel}","templated":true}]}}