{"id":3,"date":"2024-06-07T17:37:30","date_gmt":"2024-06-07T15:37:30","guid":{"rendered":"http:\/\/de-vv.com\/oldschool\/?page_id=3"},"modified":"2024-06-07T22:49:56","modified_gmt":"2024-06-07T20:49:56","slug":"donnees-personnelles","status":"publish","type":"page","link":"http:\/\/de-vv.com\/oldschool\/donnees-personnelles\/","title":{"rendered":"Donn\u00e9es personnelles"},"content":{"rendered":"","protected":false},"excerpt":{"rendered":"","protected":false},"author":1,"featured_media":0,"parent":0,"menu_order":0,"comment_status":"closed","ping_status":"open","template":"","meta":{"_joinchat":[],"footnotes":""},"class_list":["post-3","page","type-page","status-publish"],"yoast_head":"<!-- This site is optimized with the Yoast SEO plugin v25.6 - https:\/\/yoast.com\/wordpress\/plugins\/seo\/ -->\n<title>Donn\u00e9es personnelles - Old School Auto-\u00e9cole<\/title>\n<meta name=\"robots\" content=\"noindex, follow, max-snippet:-1, max-image-preview:large, max-video-preview:-1\" \/>\n<meta property=\"og:locale\" content=\"fr_FR\" \/>\n<meta property=\"og:type\" content=\"article\" \/>\n<meta property=\"og:title\" content=\"Donn\u00e9es personnelles - Old School Auto-\u00e9cole\" \/>\n<meta property=\"og:url\" content=\"http:\/\/de-vv.com\/oldschool\/donnees-personnelles\/\" \/>\n<meta property=\"og:site_name\" content=\"Old School Auto-\u00e9cole\" \/>\n<meta property=\"article:modified_time\" content=\"2024-06-07T20:49:56+00:00\" \/>\n<meta name=\"twitter:card\" content=\"summary_large_image\" \/>\n<meta name=\"twitter:label1\" content=\"Dur\u00e9e de lecture estim\u00e9e\" \/>\n\t<meta name=\"twitter:data1\" content=\"4 minutes\" \/>\n<script type=\"application\/ld+json\" class=\"yoast-schema-graph\">{\"@context\":\"https:\/\/schema.org\",\"@graph\":[{\"@type\":\"WebPage\",\"@id\":\"http:\/\/de-vv.com\/oldschool\/donnees-personnelles\/\",\"url\":\"http:\/\/de-vv.com\/oldschool\/donnees-personnelles\/\",\"name\":\"Donn\u00e9es personnelles - Old School Auto-\u00e9cole\",\"isPartOf\":{\"@id\":\"http:\/\/de-vv.com\/oldschool\/#website\"},\"datePublished\":\"2024-06-07T15:37:30+00:00\",\"dateModified\":\"2024-06-07T20:49:56+00:00\",\"breadcrumb\":{\"@id\":\"http:\/\/de-vv.com\/oldschool\/donnees-personnelles\/#breadcrumb\"},\"inLanguage\":\"fr-FR\",\"potentialAction\":[{\"@type\":\"ReadAction\",\"target\":[\"http:\/\/de-vv.com\/oldschool\/donnees-personnelles\/\"]}]},{\"@type\":\"BreadcrumbList\",\"@id\":\"http:\/\/de-vv.com\/oldschool\/donnees-personnelles\/#breadcrumb\",\"itemListElement\":[{\"@type\":\"ListItem\",\"position\":1,\"name\":\"Accueil\",\"item\":\"http:\/\/de-vv.com\/oldschool\/\"},{\"@type\":\"ListItem\",\"position\":2,\"name\":\"Donn\u00e9es personnelles\"}]},{\"@type\":\"WebSite\",\"@id\":\"http:\/\/de-vv.com\/oldschool\/#website\",\"url\":\"http:\/\/de-vv.com\/oldschool\/\",\"name\":\"Old School Auto-\u00e9cole\",\"description\":\"Votre auto-\u00e9cole \u00e0 \u00c9couen (95)\",\"potentialAction\":[{\"@type\":\"SearchAction\",\"target\":{\"@type\":\"EntryPoint\",\"urlTemplate\":\"http:\/\/de-vv.com\/oldschool\/?s={search_term_string}\"},\"query-input\":{\"@type\":\"PropertyValueSpecification\",\"valueRequired\":true,\"valueName\":\"search_term_string\"}}],\"inLanguage\":\"fr-FR\"}]}<\/script>\n<!-- \/ Yoast SEO plugin. -->","yoast_head_json":{"title":"Donn\u00e9es personnelles - Old School Auto-\u00e9cole","robots":{"index":"noindex","follow":"follow","max-snippet":"max-snippet:-1","max-image-preview":"max-image-preview:large","max-video-preview":"max-video-preview:-1"},"og_locale":"fr_FR","og_type":"article","og_title":"Donn\u00e9es personnelles - Old School Auto-\u00e9cole","og_url":"http:\/\/de-vv.com\/oldschool\/donnees-personnelles\/","og_site_name":"Old School Auto-\u00e9cole","article_modified_time":"2024-06-07T20:49:56+00:00","twitter_card":"summary_large_image","twitter_misc":{"Dur\u00e9e de lecture estim\u00e9e":"4 minutes"},"schema":{"@context":"https:\/\/schema.org","@graph":[{"@type":"WebPage","@id":"http:\/\/de-vv.com\/oldschool\/donnees-personnelles\/","url":"http:\/\/de-vv.com\/oldschool\/donnees-personnelles\/","name":"Donn\u00e9es personnelles - Old School Auto-\u00e9cole","isPartOf":{"@id":"http:\/\/de-vv.com\/oldschool\/#website"},"datePublished":"2024-06-07T15:37:30+00:00","dateModified":"2024-06-07T20:49:56+00:00","breadcrumb":{"@id":"http:\/\/de-vv.com\/oldschool\/donnees-personnelles\/#breadcrumb"},"inLanguage":"fr-FR","potentialAction":[{"@type":"ReadAction","target":["http:\/\/de-vv.com\/oldschool\/donnees-personnelles\/"]}]},{"@type":"BreadcrumbList","@id":"http:\/\/de-vv.com\/oldschool\/donnees-personnelles\/#breadcrumb","itemListElement":[{"@type":"ListItem","position":1,"name":"Accueil","item":"http:\/\/de-vv.com\/oldschool\/"},{"@type":"ListItem","position":2,"name":"Donn\u00e9es personnelles"}]},{"@type":"WebSite","@id":"http:\/\/de-vv.com\/oldschool\/#website","url":"http:\/\/de-vv.com\/oldschool\/","name":"Old School Auto-\u00e9cole","description":"Votre auto-\u00e9cole \u00e0 \u00c9couen (95)","potentialAction":[{"@type":"SearchAction","target":{"@type":"EntryPoint","urlTemplate":"http:\/\/de-vv.com\/oldschool\/?s={search_term_string}"},"query-input":{"@type":"PropertyValueSpecification","valueRequired":true,"valueName":"search_term_string"}}],"inLanguage":"fr-FR"}]}},"_links":{"self":[{"href":"http:\/\/de-vv.com\/oldschool\/wp-json\/wp\/v2\/pages\/3"}],"collection":[{"href":"http:\/\/de-vv.com\/oldschool\/wp-json\/wp\/v2\/pages"}],"about":[{"href":"http:\/\/de-vv.com\/oldschool\/wp-json\/wp\/v2\/types\/page"}],"author":[{"embeddable":true,"href":"http:\/\/de-vv.com\/oldschool\/wp-json\/wp\/v2\/users\/1"}],"replies":[{"embeddable":true,"href":"http:\/\/de-vv.com\/oldschool\/wp-json\/wp\/v2\/comments?post=3"}],"version-history":[{"count":1,"href":"http:\/\/de-vv.com\/oldschool\/wp-json\/wp\/v2\/pages\/3\/revisions"}],"predecessor-version":[{"id":26,"href":"http:\/\/de-vv.com\/oldschool\/wp-json\/wp\/v2\/pages\/3\/revisions\/26"}],"wp:attachment":[{"href":"http:\/\/de-vv.com\/oldschool\/wp-json\/wp\/v2\/media?parent=3"}],"curies":[{"name":"wp","href":"https:\/\/api.w.org\/{rel}","templated":true}]}}