{"id":125,"date":"2024-04-27T20:07:23","date_gmt":"2024-04-27T18:07:23","guid":{"rendered":"http:\/\/de-vv.com\/permisa13\/?page_id=125"},"modified":"2024-04-28T18:28:37","modified_gmt":"2024-04-28T16:28:37","slug":"tarifs-a-lunite","status":"publish","type":"page","link":"http:\/\/de-vv.com\/permisa13\/tarifs-a-lunite\/","title":{"rendered":"Tarifs \u00e0 l&rsquo;unit\u00e9"},"content":{"rendered":"[vc_row type=\u00a0\u00bbfull_width_content\u00a0\u00bb full_screen_row_position=\u00a0\u00bbmiddle\u00a0\u00bb equal_height=\u00a0\u00bbyes\u00a0\u00bb column_margin=\u00a0\u00bbnone\u00a0\u00bb bg_color=\u00a0\u00bb#3245b2&Prime; scene_position=\u00a0\u00bbcenter\u00a0\u00bb text_color=\u00a0\u00bbdark\u00a0\u00bb text_align=\u00a0\u00bbleft\u00a0\u00bb class=\u00a0\u00bbmargin-form\u00a0\u00bb overlay_strength=\u00a0\u00bb0.3&Prime; shape_divider_position=\u00a0\u00bbbottom\u00a0\u00bb bg_image_animation=\u00a0\u00bbnone\u00a0\u00bb shape_type=\u00a0\u00bb\u00a0\u00bb][vc_column column_padding=\u00a0\u00bbpadding-4-percent\u00a0\u00bb column_padding_position=\u00a0\u00bball\u00a0\u00bb background_color_opacity=\u00a0\u00bb1&Prime; background_hover_color_opacity=\u00a0\u00bb1&Prime; font_color=\u00a0\u00bb#ffffff\u00a0\u00bb column_link_target=\u00a0\u00bb_self\u00a0\u00bb column_shadow=\u00a0\u00bbnone\u00a0\u00bb column_border_radius=\u00a0\u00bbnone\u00a0\u00bb width=\u00a0\u00bb2\/3&Prime; tablet_width_inherit=\u00a0\u00bbdefault\u00a0\u00bb tablet_text_alignment=\u00a0\u00bbdefault\u00a0\u00bb phone_text_alignment=\u00a0\u00bbdefault\u00a0\u00bb overlay_strength=\u00a0\u00bb0.3&Prime; column_border_width=\u00a0\u00bbnone\u00a0\u00bb column_border_style=\u00a0\u00bbsolid\u00a0\u00bb bg_image_animation=\u00a0\u00bbnone\u00a0\u00bb][vc_column_text css=\u00a0\u00bb.vc_custom_1714290695774{padding-bottom: 20px !important;}\u00a0\u00bb]\n<h2 style=\"color: #48b056;\">Tarifs \u00e0 l&rsquo;unit\u00e9<\/h2>\n<p>Retrouvez ci-dessous nos tarifs \u00e0 l\u2019unit\u00e9. Ces tarifs sont exprim\u00e9s en euros (\u20ac), toutes taxes comprises. Ils sont valables jusqu\u2019au 31 d\u00e9cembre 2024.[\/vc_column_text][nectar_food_menu_item style=\u00a0\u00bbline_between\u00a0\u00bb item_name_heading_tag=\u00a0\u00bbh5&Prime; item_name=\u00a0\u00bb\u00c9valuation de d\u00e9part\u00a0\u00bb item_price=\u00a0\u00bb49\u20ac\u00a0\u00bb][nectar_food_menu_item style=\u00a0\u00bbline_between\u00a0\u00bb item_name_heading_tag=\u00a0\u00bbh5&Prime; item_name=\u00a0\u00bbD\u00e9marches administratives\u00a0\u00bb item_price=\u00a0\u00bb100\u20ac\u00a0\u00bb item_description=\u00a0\u00bbConstitution du dossier, enregistrement ANTS, gestion et suivi de la formation.\u00a0\u00bb][nectar_food_menu_item style=\u00a0\u00bbline_between\u00a0\u00bb item_name_heading_tag=\u00a0\u00bbh5&Prime; item_name=\u00a0\u00bbCode en salle\u00a0\u00bb item_price=\u00a0\u00bb100\u20ac\u00a0\u00bb item_description=\u00a0\u00bbAcc\u00e8s illimit\u00e9 (3 mois)\u00a0\u00bb][nectar_food_menu_item style=\u00a0\u00bbline_between\u00a0\u00bb item_name_heading_tag=\u00a0\u00bbh5&Prime; item_name=\u00a0\u00bbCode en ligne\u00a0\u00bb item_price=\u00a0\u00bb30\u20ac\u00a0\u00bb item_description=\u00a0\u00bbAcc\u00e8s \u00e0 la plateforme Pr\u00e9pacode (6 mois)\u00a0\u00bb][nectar_food_menu_item style=\u00a0\u00bbline_between\u00a0\u00bb item_name_heading_tag=\u00a0\u00bbh5&Prime; item_name=\u00a0\u00bbExamen du code\u00a0\u00bb item_price=\u00a0\u00bb30\u20ac\u00a0\u00bb item_description=\u00a0\u00bbInscription \u00e0 faire aupr\u00e8s de l&rsquo;op\u00e9rateur.\u00a0\u00bb][nectar_food_menu_item style=\u00a0\u00bbline_between\u00a0\u00bb item_name_heading_tag=\u00a0\u00bbh5&Prime; item_name=\u00a0\u00bbKit p\u00e9dagogique\u00a0\u00bb item_price=\u00a0\u00bb50\u20ac\u00a0\u00bb item_description=\u00a0\u00bbApplication mobile Kopilote, livret d\u2019apprentissage, suivi p\u00e9dagogique, question v\u00e9rifications int\u00e9rieures-ext\u00e9rieures, disque A\u00a0\u00bb][nectar_food_menu_item style=\u00a0\u00bbline_between\u00a0\u00bb item_name_heading_tag=\u00a0\u00bbh5&Prime; item_name=\u00a0\u00bbLe\u00e7on suppl\u00e9mentaire (classique)\u00a0\u00bb item_price=\u00a0\u00bb50\u20ac\u00a0\u00bb item_description=\u00a0\u00bbBo\u00eete manuelle\u00a0\u00bb][nectar_food_menu_item style=\u00a0\u00bbline_between\u00a0\u00bb item_name_heading_tag=\u00a0\u00bbh5&Prime; item_name=\u00a0\u00bbLe\u00e7on suppl\u00e9mentaire (acc\u00e9l\u00e9r\u00e9)\u00a0\u00bb item_price=\u00a0\u00bb80\u20ac\u00a0\u00bb item_description=\u00a0\u00bbBo\u00eete manuelle\u00a0\u00bb][nectar_food_menu_item style=\u00a0\u00bbline_between\u00a0\u00bb item_name_heading_tag=\u00a0\u00bbh5&Prime; item_name=\u00a0\u00bbLe\u00e7on suppl\u00e9mentaire (classique)\u00a0\u00bb item_price=\u00a0\u00bb60\u20ac\u00a0\u00bb item_description=\u00a0\u00bbBo\u00eete automatique\u00a0\u00bb][nectar_food_menu_item style=\u00a0\u00bbline_between\u00a0\u00bb item_name_heading_tag=\u00a0\u00bbh5&Prime; item_name=\u00a0\u00bbLe\u00e7on suppl\u00e9mentaire (acc\u00e9l\u00e9r\u00e9)\u00a0\u00bb item_price=\u00a0\u00bb90\u20ac\u00a0\u00bb item_description=\u00a0\u00bbBo\u00eete automatique\u00a0\u00bb][nectar_food_menu_item style=\u00a0\u00bbline_between\u00a0\u00bb item_name_heading_tag=\u00a0\u00bbh5&Prime; item_name=\u00a0\u00bbAccompagnement \u00e0 l&rsquo;examen pratique (classique)\u00a0\u00bb item_price=\u00a0\u00bb50\u20ac\u00a0\u00bb][nectar_food_menu_item style=\u00a0\u00bbline_between\u00a0\u00bb item_name_heading_tag=\u00a0\u00bbh5&Prime; item_name=\u00a0\u00bbAccompagnement \u00e0 l&rsquo;examen pratique (acc\u00e9l\u00e9r\u00e9)\u00a0\u00bb item_price=\u00a0\u00bb80\u20ac\u00a0\u00bb][nectar_food_menu_item style=\u00a0\u00bbline_between\u00a0\u00bb item_name_heading_tag=\u00a0\u00bbh5&Prime; item_name=\u00a0\u00bbFormation passerelle BEA vers B\u00a0\u00bb item_price=\u00a0\u00bb349\u20ac\u00a0\u00bb item_description=\u00a0\u00bbFrais administratifs, 7 le\u00e7ons de conduite sur bo\u00eete manuelle, d\u00e9marches demande de titre.\u00a0\u00bb][\/vc_column][vc_column column_padding=\u00a0\u00bbpadding-4-percent\u00a0\u00bb column_padding_position=\u00a0\u00bball\u00a0\u00bb background_color=\u00a0\u00bb#000000&Prime; background_color_opacity=\u00a0\u00bb0.6&Prime; background_hover_color_opacity=\u00a0\u00bb1&Prime; background_image=\u00a0\u00bb42&Prime; enable_bg_scale=\u00a0\u00bbtrue\u00a0\u00bb column_link_target=\u00a0\u00bb_self\u00a0\u00bb column_shadow=\u00a0\u00bbnone\u00a0\u00bb column_border_radius=\u00a0\u00bbnone\u00a0\u00bb width=\u00a0\u00bb1\/3&Prime; tablet_width_inherit=\u00a0\u00bbdefault\u00a0\u00bb tablet_text_alignment=\u00a0\u00bbdefault\u00a0\u00bb phone_text_alignment=\u00a0\u00bbdefault\u00a0\u00bb overlay_strength=\u00a0\u00bb0.3&Prime; column_border_width=\u00a0\u00bbnone\u00a0\u00bb column_border_style=\u00a0\u00bbsolid\u00a0\u00bb bg_image_animation=\u00a0\u00bbnone\u00a0\u00bb][vc_row_inner column_margin=\u00a0\u00bbdefault\u00a0\u00bb text_align=\u00a0\u00bbleft\u00a0\u00bb][vc_column_inner column_padding=\u00a0\u00bbpadding-2-percent\u00a0\u00bb column_padding_position=\u00a0\u00bball\u00a0\u00bb background_color_opacity=\u00a0\u00bb1&Prime; background_hover_color_opacity=\u00a0\u00bb1&Prime; font_color=\u00a0\u00bb#ffffff\u00a0\u00bb column_shadow=\u00a0\u00bbnone\u00a0\u00bb column_border_radius=\u00a0\u00bbnone\u00a0\u00bb column_link_target=\u00a0\u00bb_self\u00a0\u00bb width=\u00a0\u00bb1\/2&Prime; tablet_width_inherit=\u00a0\u00bbdefault\u00a0\u00bb overlay_strength=\u00a0\u00bb0.3&Prime; column_border_width=\u00a0\u00bbnone\u00a0\u00bb column_border_style=\u00a0\u00bbsolid\u00a0\u00bb bg_image_animation=\u00a0\u00bbnone\u00a0\u00bb][image_with_animation image_url=\u00a0\u00bb142&Prime; alignment=\u00a0\u00bb\u00a0\u00bb animation=\u00a0\u00bbFade In\u00a0\u00bb hover_animation=\u00a0\u00bbnone\u00a0\u00bb border_radius=\u00a0\u00bbnone\u00a0\u00bb box_shadow=\u00a0\u00bbnone\u00a0\u00bb image_loading=\u00a0\u00bbdefault\u00a0\u00bb max_width=\u00a0\u00bb50%\u00a0\u00bb max_width_mobile=\u00a0\u00bbdefault\u00a0\u00bb][\/vc_column_inner][vc_column_inner column_padding=\u00a0\u00bbno-extra-padding\u00a0\u00bb column_padding_position=\u00a0\u00bball\u00a0\u00bb background_color_opacity=\u00a0\u00bb1&Prime; background_hover_color_opacity=\u00a0\u00bb1&Prime; column_shadow=\u00a0\u00bbnone\u00a0\u00bb column_border_radius=\u00a0\u00bbnone\u00a0\u00bb column_link_target=\u00a0\u00bb_self\u00a0\u00bb width=\u00a0\u00bb1\/2&Prime; tablet_width_inherit=\u00a0\u00bbdefault\u00a0\u00bb overlay_strength=\u00a0\u00bb0.3&Prime; column_border_width=\u00a0\u00bbnone\u00a0\u00bb column_border_style=\u00a0\u00bbsolid\u00a0\u00bb bg_image_animation=\u00a0\u00bbnone\u00a0\u00bb offset=\u00a0\u00bbvc_hidden-lg vc_hidden-md vc_hidden-sm vc_hidden-xs\u00a0\u00bb][\/vc_column_inner][\/vc_row_inner][vc_column_text css=\u00a0\u00bb.vc_custom_1714242575339{padding-top: 12px !important;padding-bottom: 12px !important;}\u00a0\u00bb]\n<h4 style=\"color: #48b056;\">O\u00f9 sommes-nous ?<\/h4>\n<p><a href=\"https:\/\/www.google.com\/maps\/dir\/\/49+Rue+de+Breteuil,+27240+Mesnils-sur-Iton\/@48.8699387,1.0724427,17z\/data=!4m9!4m8!1m0!1m5!1m1!1s0x47e15d2e7f49fe65:0xe2c945582ce5d9e9!2m2!1d1.0724427!2d48.8699387!3e0?entry=ttu\">49 Rue de Breteuil<\/a><br \/>\n<a href=\"https:\/\/www.google.com\/maps\/dir\/\/49+Rue+de+Breteuil,+27240+Mesnils-sur-Iton\/@48.8699387,1.0724427,17z\/data=!4m9!4m8!1m0!1m5!1m1!1s0x47e15d2e7f49fe65:0xe2c945582ce5d9e9!2m2!1d1.0724427!2d48.8699387!3e0?entry=ttu\">27240 Damville<\/a>[\/vc_column_text][vc_row_inner column_margin=\u00a0\u00bbdefault\u00a0\u00bb text_align=\u00a0\u00bbleft\u00a0\u00bb][vc_column_inner column_padding=\u00a0\u00bbpadding-2-percent\u00a0\u00bb column_padding_position=\u00a0\u00bball\u00a0\u00bb background_color_opacity=\u00a0\u00bb1&Prime; background_hover_color_opacity=\u00a0\u00bb1&Prime; font_color=\u00a0\u00bb#ffffff\u00a0\u00bb column_shadow=\u00a0\u00bbnone\u00a0\u00bb column_border_radius=\u00a0\u00bbnone\u00a0\u00bb column_link_target=\u00a0\u00bb_self\u00a0\u00bb width=\u00a0\u00bb1\/2&Prime; tablet_width_inherit=\u00a0\u00bbdefault\u00a0\u00bb overlay_strength=\u00a0\u00bb0.3&Prime; column_border_width=\u00a0\u00bbnone\u00a0\u00bb column_border_style=\u00a0\u00bbsolid\u00a0\u00bb bg_image_animation=\u00a0\u00bbnone\u00a0\u00bb][image_with_animation image_url=\u00a0\u00bb141&Prime; alignment=\u00a0\u00bb\u00a0\u00bb animation=\u00a0\u00bbFade In\u00a0\u00bb hover_animation=\u00a0\u00bbnone\u00a0\u00bb border_radius=\u00a0\u00bbnone\u00a0\u00bb box_shadow=\u00a0\u00bbnone\u00a0\u00bb image_loading=\u00a0\u00bblazy-load\u00a0\u00bb max_width=\u00a0\u00bb50%\u00a0\u00bb max_width_mobile=\u00a0\u00bbdefault\u00a0\u00bb][\/vc_column_inner][vc_column_inner column_padding=\u00a0\u00bbno-extra-padding\u00a0\u00bb column_padding_position=\u00a0\u00bball\u00a0\u00bb background_color_opacity=\u00a0\u00bb1&Prime; background_hover_color_opacity=\u00a0\u00bb1&Prime; column_shadow=\u00a0\u00bbnone\u00a0\u00bb column_border_radius=\u00a0\u00bbnone\u00a0\u00bb column_link_target=\u00a0\u00bb_self\u00a0\u00bb width=\u00a0\u00bb1\/2&Prime; tablet_width_inherit=\u00a0\u00bbdefault\u00a0\u00bb overlay_strength=\u00a0\u00bb0.3&Prime; column_border_width=\u00a0\u00bbnone\u00a0\u00bb column_border_style=\u00a0\u00bbsolid\u00a0\u00bb bg_image_animation=\u00a0\u00bbnone\u00a0\u00bb offset=\u00a0\u00bbvc_hidden-lg vc_hidden-md vc_hidden-sm vc_hidden-xs\u00a0\u00bb][\/vc_column_inner][\/vc_row_inner][vc_column_text css=\u00a0\u00bb.vc_custom_1714242582808{padding-top: 12px !important;padding-bottom: 12px !important;}\u00a0\u00bb]\n<h4 style=\"color: #48b056;\">Nos coordonn\u00e9es<\/h4>\n<p>01 02 01 01 01<br \/>\n<a href=\"mailto:permisa13@gmail.com\">permisa13@gmail.com<\/a>[\/vc_column_text][vc_row_inner column_margin=\u00a0\u00bbdefault\u00a0\u00bb text_align=\u00a0\u00bbleft\u00a0\u00bb][vc_column_inner column_padding=\u00a0\u00bbpadding-2-percent\u00a0\u00bb column_padding_position=\u00a0\u00bball\u00a0\u00bb background_color_opacity=\u00a0\u00bb1&Prime; background_hover_color_opacity=\u00a0\u00bb1&Prime; font_color=\u00a0\u00bb#ffffff\u00a0\u00bb column_shadow=\u00a0\u00bbnone\u00a0\u00bb column_border_radius=\u00a0\u00bbnone\u00a0\u00bb column_link_target=\u00a0\u00bb_self\u00a0\u00bb width=\u00a0\u00bb1\/2&Prime; tablet_width_inherit=\u00a0\u00bbdefault\u00a0\u00bb overlay_strength=\u00a0\u00bb0.3&Prime; column_border_width=\u00a0\u00bbnone\u00a0\u00bb column_border_style=\u00a0\u00bbsolid\u00a0\u00bb bg_image_animation=\u00a0\u00bbnone\u00a0\u00bb offset=\u00a0\u00bbvc_col-lg-6&Prime;][image_with_animation image_url=\u00a0\u00bb143&Prime; alignment=\u00a0\u00bb\u00a0\u00bb animation=\u00a0\u00bbFade In\u00a0\u00bb hover_animation=\u00a0\u00bbnone\u00a0\u00bb border_radius=\u00a0\u00bbnone\u00a0\u00bb box_shadow=\u00a0\u00bbnone\u00a0\u00bb image_loading=\u00a0\u00bblazy-load\u00a0\u00bb max_width=\u00a0\u00bb50%\u00a0\u00bb max_width_mobile=\u00a0\u00bbdefault\u00a0\u00bb][\/vc_column_inner][vc_column_inner column_padding=\u00a0\u00bbno-extra-padding\u00a0\u00bb column_padding_position=\u00a0\u00bball\u00a0\u00bb background_color_opacity=\u00a0\u00bb1&Prime; background_hover_color_opacity=\u00a0\u00bb1&Prime; column_shadow=\u00a0\u00bbnone\u00a0\u00bb column_border_radius=\u00a0\u00bbnone\u00a0\u00bb column_link_target=\u00a0\u00bb_self\u00a0\u00bb width=\u00a0\u00bb1\/2&Prime; tablet_width_inherit=\u00a0\u00bbdefault\u00a0\u00bb overlay_strength=\u00a0\u00bb0.3&Prime; column_border_width=\u00a0\u00bbnone\u00a0\u00bb column_border_style=\u00a0\u00bbsolid\u00a0\u00bb bg_image_animation=\u00a0\u00bbnone\u00a0\u00bb offset=\u00a0\u00bbvc_hidden-lg vc_hidden-md vc_hidden-sm vc_hidden-xs\u00a0\u00bb][\/vc_column_inner][\/vc_row_inner][vc_column_text css=\u00a0\u00bb.vc_custom_1714242588714{padding-top: 12px !important;padding-bottom: 12px !important;}\u00a0\u00bb]\n<h4 style=\"color: #48b056;\">Nos horaires<\/h4>\n<p>Lundi &#8211; Jeudi : 10h-14h et 15h-19h<br \/>\nVendredi &#8211; Samedi : 10h-15h[\/vc_column_text][\/vc_column][\/vc_row]\n","protected":false},"excerpt":{"rendered":"<p>[vc_row type=\u00a0\u00bbfull_width_content\u00a0\u00bb full_screen_row_position=\u00a0\u00bbmiddle\u00a0\u00bb equal_height=\u00a0\u00bbyes\u00a0\u00bb column_margin=\u00a0\u00bbnone\u00a0\u00bb bg_color=\u00a0\u00bb#3245b2&Prime; scene_position=\u00a0\u00bbcenter\u00a0\u00bb text_color=\u00a0\u00bbdark\u00a0\u00bb text_align=\u00a0\u00bbleft\u00a0\u00bb class=\u00a0\u00bbmargin-form\u00a0\u00bb overlay_strength=\u00a0\u00bb0.3&Prime; shape_divider_position=\u00a0\u00bbbottom\u00a0\u00bb bg_image_animation=\u00a0\u00bbnone\u00a0\u00bb shape_type=\u00a0\u00bb\u00a0\u00bb][vc_column column_padding=\u00a0\u00bbpadding-4-percent\u00a0\u00bb column_padding_position=\u00a0\u00bball\u00a0\u00bb background_color_opacity=\u00a0\u00bb1&Prime; background_hover_color_opacity=\u00a0\u00bb1&Prime; font_color=\u00a0\u00bb#ffffff\u00a0\u00bb column_link_target=\u00a0\u00bb_self\u00a0\u00bb column_shadow=\u00a0\u00bbnone\u00a0\u00bb column_border_radius=\u00a0\u00bbnone\u00a0\u00bb width=\u00a0\u00bb2\/3&Prime; tablet_width_inherit=\u00a0\u00bbdefault\u00a0\u00bb tablet_text_alignment=\u00a0\u00bbdefault\u00a0\u00bb phone_text_alignment=\u00a0\u00bbdefault\u00a0\u00bb overlay_strength=\u00a0\u00bb0.3&Prime; column_border_width=\u00a0\u00bbnone\u00a0\u00bb column_border_style=\u00a0\u00bbsolid\u00a0\u00bb bg_image_animation=\u00a0\u00bbnone\u00a0\u00bb][vc_column_text&#8230;<\/p>\n","protected":false},"author":1,"featured_media":75,"parent":0,"menu_order":0,"comment_status":"closed","ping_status":"closed","template":"","meta":{"_joinchat":[],"footnotes":""},"yoast_head":"<!-- This site is optimized with the Yoast SEO plugin v22.5 - https:\/\/yoast.com\/wordpress\/plugins\/seo\/ -->\n<title>Tarifs \u00e0 l&#039;unit\u00e9 - Auto-\u00e9cole Permis A13<\/title>\n<meta name=\"description\" content=\"Retrouvez les tarifs \u00e0 l&#039;unit\u00e9 de l&#039;Auto-\u00e9cole Permis A13, sp\u00e9cialiste du permis en acc\u00e9l\u00e9r\u00e9 et du permis en Province. Stage 3 jours en Normandie.\" \/>\n<meta name=\"robots\" content=\"noindex, follow, max-snippet:-1, max-image-preview:large, max-video-preview:-1\" \/>\n<meta property=\"og:locale\" content=\"fr_FR\" \/>\n<meta property=\"og:type\" content=\"article\" \/>\n<meta property=\"og:title\" content=\"Tarifs \u00e0 l&#039;unit\u00e9 - Auto-\u00e9cole Permis A13\" \/>\n<meta property=\"og:description\" content=\"Retrouvez les tarifs \u00e0 l&#039;unit\u00e9 de l&#039;Auto-\u00e9cole Permis A13, sp\u00e9cialiste du permis en acc\u00e9l\u00e9r\u00e9 et du permis en Province. Stage 3 jours en Normandie.\" \/>\n<meta property=\"og:url\" content=\"https:\/\/de-vv.com\/permisa13\/tarifs-a-lunite\/\" \/>\n<meta property=\"og:site_name\" content=\"Auto-\u00e9cole Permis A13\" \/>\n<meta property=\"article:modified_time\" content=\"2024-04-28T16:28:37+00:00\" \/>\n<meta property=\"og:image\" content=\"https:\/\/de-vv.com\/permisa13\/wp-content\/uploads\/2024\/04\/Auto-ecole-Permis-A13-Normandie.jpg\" \/>\n\t<meta property=\"og:image:width\" content=\"536\" \/>\n\t<meta property=\"og:image:height\" content=\"342\" \/>\n\t<meta property=\"og:image:type\" content=\"image\/jpeg\" \/>\n<meta name=\"twitter:card\" content=\"summary_large_image\" \/>\n<meta name=\"twitter:label1\" content=\"Dur\u00e9e de lecture estim\u00e9e\" \/>\n\t<meta name=\"twitter:data1\" content=\"3 minutes\" \/>\n<script type=\"application\/ld+json\" class=\"yoast-schema-graph\">{\"@context\":\"https:\/\/schema.org\",\"@graph\":[{\"@type\":\"WebPage\",\"@id\":\"https:\/\/de-vv.com\/permisa13\/tarifs-a-lunite\/\",\"url\":\"https:\/\/de-vv.com\/permisa13\/tarifs-a-lunite\/\",\"name\":\"Tarifs \u00e0 l'unit\u00e9 - Auto-\u00e9cole Permis A13\",\"isPartOf\":{\"@id\":\"https:\/\/de-vv.com\/permisa13\/#website\"},\"primaryImageOfPage\":{\"@id\":\"https:\/\/de-vv.com\/permisa13\/tarifs-a-lunite\/#primaryimage\"},\"image\":{\"@id\":\"https:\/\/de-vv.com\/permisa13\/tarifs-a-lunite\/#primaryimage\"},\"thumbnailUrl\":\"http:\/\/de-vv.com\/permisa13\/wp-content\/uploads\/2024\/04\/Auto-ecole-Permis-A13-Normandie.jpg\",\"datePublished\":\"2024-04-27T18:07:23+00:00\",\"dateModified\":\"2024-04-28T16:28:37+00:00\",\"description\":\"Retrouvez les tarifs \u00e0 l'unit\u00e9 de l'Auto-\u00e9cole Permis A13, sp\u00e9cialiste du permis en acc\u00e9l\u00e9r\u00e9 et du permis en Province. Stage 3 jours en Normandie.\",\"breadcrumb\":{\"@id\":\"https:\/\/de-vv.com\/permisa13\/tarifs-a-lunite\/#breadcrumb\"},\"inLanguage\":\"fr-FR\",\"potentialAction\":[{\"@type\":\"ReadAction\",\"target\":[\"https:\/\/de-vv.com\/permisa13\/tarifs-a-lunite\/\"]}]},{\"@type\":\"ImageObject\",\"inLanguage\":\"fr-FR\",\"@id\":\"https:\/\/de-vv.com\/permisa13\/tarifs-a-lunite\/#primaryimage\",\"url\":\"http:\/\/de-vv.com\/permisa13\/wp-content\/uploads\/2024\/04\/Auto-ecole-Permis-A13-Normandie.jpg\",\"contentUrl\":\"http:\/\/de-vv.com\/permisa13\/wp-content\/uploads\/2024\/04\/Auto-ecole-Permis-A13-Normandie.jpg\",\"width\":536,\"height\":342,\"caption\":\"Auto-\u00e9cole Permis A13\"},{\"@type\":\"BreadcrumbList\",\"@id\":\"https:\/\/de-vv.com\/permisa13\/tarifs-a-lunite\/#breadcrumb\",\"itemListElement\":[{\"@type\":\"ListItem\",\"position\":1,\"name\":\"Accueil\",\"item\":\"https:\/\/de-vv.com\/permisa13\/\"},{\"@type\":\"ListItem\",\"position\":2,\"name\":\"Tarifs \u00e0 l&rsquo;unit\u00e9\"}]},{\"@type\":\"WebSite\",\"@id\":\"https:\/\/de-vv.com\/permisa13\/#website\",\"url\":\"https:\/\/de-vv.com\/permisa13\/\",\"name\":\"Auto-\u00e9cole Permis A13\",\"description\":\"Permis en province | Permis acc\u00e9l\u00e9r\u00e9\",\"potentialAction\":[{\"@type\":\"SearchAction\",\"target\":{\"@type\":\"EntryPoint\",\"urlTemplate\":\"https:\/\/de-vv.com\/permisa13\/?s={search_term_string}\"},\"query-input\":\"required name=search_term_string\"}],\"inLanguage\":\"fr-FR\"}]}<\/script>\n<!-- \/ Yoast SEO plugin. -->","yoast_head_json":{"title":"Tarifs \u00e0 l'unit\u00e9 - Auto-\u00e9cole Permis A13","description":"Retrouvez les tarifs \u00e0 l'unit\u00e9 de l'Auto-\u00e9cole Permis A13, sp\u00e9cialiste du permis en acc\u00e9l\u00e9r\u00e9 et du permis en Province. Stage 3 jours en Normandie.","robots":{"index":"noindex","follow":"follow","max-snippet":"max-snippet:-1","max-image-preview":"max-image-preview:large","max-video-preview":"max-video-preview:-1"},"og_locale":"fr_FR","og_type":"article","og_title":"Tarifs \u00e0 l'unit\u00e9 - Auto-\u00e9cole Permis A13","og_description":"Retrouvez les tarifs \u00e0 l'unit\u00e9 de l'Auto-\u00e9cole Permis A13, sp\u00e9cialiste du permis en acc\u00e9l\u00e9r\u00e9 et du permis en Province. Stage 3 jours en Normandie.","og_url":"https:\/\/de-vv.com\/permisa13\/tarifs-a-lunite\/","og_site_name":"Auto-\u00e9cole Permis A13","article_modified_time":"2024-04-28T16:28:37+00:00","og_image":[{"width":536,"height":342,"url":"https:\/\/de-vv.com\/permisa13\/wp-content\/uploads\/2024\/04\/Auto-ecole-Permis-A13-Normandie.jpg","type":"image\/jpeg"}],"twitter_card":"summary_large_image","twitter_misc":{"Dur\u00e9e de lecture estim\u00e9e":"3 minutes"},"schema":{"@context":"https:\/\/schema.org","@graph":[{"@type":"WebPage","@id":"https:\/\/de-vv.com\/permisa13\/tarifs-a-lunite\/","url":"https:\/\/de-vv.com\/permisa13\/tarifs-a-lunite\/","name":"Tarifs \u00e0 l'unit\u00e9 - Auto-\u00e9cole Permis A13","isPartOf":{"@id":"https:\/\/de-vv.com\/permisa13\/#website"},"primaryImageOfPage":{"@id":"https:\/\/de-vv.com\/permisa13\/tarifs-a-lunite\/#primaryimage"},"image":{"@id":"https:\/\/de-vv.com\/permisa13\/tarifs-a-lunite\/#primaryimage"},"thumbnailUrl":"http:\/\/de-vv.com\/permisa13\/wp-content\/uploads\/2024\/04\/Auto-ecole-Permis-A13-Normandie.jpg","datePublished":"2024-04-27T18:07:23+00:00","dateModified":"2024-04-28T16:28:37+00:00","description":"Retrouvez les tarifs \u00e0 l'unit\u00e9 de l'Auto-\u00e9cole Permis A13, sp\u00e9cialiste du permis en acc\u00e9l\u00e9r\u00e9 et du permis en Province. Stage 3 jours en Normandie.","breadcrumb":{"@id":"https:\/\/de-vv.com\/permisa13\/tarifs-a-lunite\/#breadcrumb"},"inLanguage":"fr-FR","potentialAction":[{"@type":"ReadAction","target":["https:\/\/de-vv.com\/permisa13\/tarifs-a-lunite\/"]}]},{"@type":"ImageObject","inLanguage":"fr-FR","@id":"https:\/\/de-vv.com\/permisa13\/tarifs-a-lunite\/#primaryimage","url":"http:\/\/de-vv.com\/permisa13\/wp-content\/uploads\/2024\/04\/Auto-ecole-Permis-A13-Normandie.jpg","contentUrl":"http:\/\/de-vv.com\/permisa13\/wp-content\/uploads\/2024\/04\/Auto-ecole-Permis-A13-Normandie.jpg","width":536,"height":342,"caption":"Auto-\u00e9cole Permis A13"},{"@type":"BreadcrumbList","@id":"https:\/\/de-vv.com\/permisa13\/tarifs-a-lunite\/#breadcrumb","itemListElement":[{"@type":"ListItem","position":1,"name":"Accueil","item":"https:\/\/de-vv.com\/permisa13\/"},{"@type":"ListItem","position":2,"name":"Tarifs \u00e0 l&rsquo;unit\u00e9"}]},{"@type":"WebSite","@id":"https:\/\/de-vv.com\/permisa13\/#website","url":"https:\/\/de-vv.com\/permisa13\/","name":"Auto-\u00e9cole Permis A13","description":"Permis en province | Permis acc\u00e9l\u00e9r\u00e9","potentialAction":[{"@type":"SearchAction","target":{"@type":"EntryPoint","urlTemplate":"https:\/\/de-vv.com\/permisa13\/?s={search_term_string}"},"query-input":"required name=search_term_string"}],"inLanguage":"fr-FR"}]}},"_links":{"self":[{"href":"http:\/\/de-vv.com\/permisa13\/wp-json\/wp\/v2\/pages\/125"}],"collection":[{"href":"http:\/\/de-vv.com\/permisa13\/wp-json\/wp\/v2\/pages"}],"about":[{"href":"http:\/\/de-vv.com\/permisa13\/wp-json\/wp\/v2\/types\/page"}],"author":[{"embeddable":true,"href":"http:\/\/de-vv.com\/permisa13\/wp-json\/wp\/v2\/users\/1"}],"replies":[{"embeddable":true,"href":"http:\/\/de-vv.com\/permisa13\/wp-json\/wp\/v2\/comments?post=125"}],"version-history":[{"count":8,"href":"http:\/\/de-vv.com\/permisa13\/wp-json\/wp\/v2\/pages\/125\/revisions"}],"predecessor-version":[{"id":188,"href":"http:\/\/de-vv.com\/permisa13\/wp-json\/wp\/v2\/pages\/125\/revisions\/188"}],"wp:featuredmedia":[{"embeddable":true,"href":"http:\/\/de-vv.com\/permisa13\/wp-json\/wp\/v2\/media\/75"}],"wp:attachment":[{"href":"http:\/\/de-vv.com\/permisa13\/wp-json\/wp\/v2\/media?parent=125"}],"curies":[{"name":"wp","href":"https:\/\/api.w.org\/{rel}","templated":true}]}}