{"id":168,"date":"2023-12-25T16:16:18","date_gmt":"2023-12-25T15:16:18","guid":{"rendered":"https:\/\/de-vv.com\/poleposition\/?page_id=168"},"modified":"2024-01-14T21:31:56","modified_gmt":"2024-01-14T20:31:56","slug":"tarifs-a-lunite","status":"publish","type":"page","link":"http:\/\/de-vv.com\/poleposition\/tarifs-a-lunite\/","title":{"rendered":"Tarifs \u00e0 l&rsquo;unit\u00e9"},"content":{"rendered":"[vc_row type=\u00a0\u00bbfull_width_content\u00a0\u00bb full_screen_row_position=\u00a0\u00bbmiddle\u00a0\u00bb equal_height=\u00a0\u00bbyes\u00a0\u00bb column_margin=\u00a0\u00bbnone\u00a0\u00bb bg_color=\u00a0\u00bb#ffffff\u00a0\u00bb scene_position=\u00a0\u00bbcenter\u00a0\u00bb text_color=\u00a0\u00bbdark\u00a0\u00bb text_align=\u00a0\u00bbleft\u00a0\u00bb class=\u00a0\u00bbmargin-form\u00a0\u00bb overlay_strength=\u00a0\u00bb0.3&Prime; shape_divider_position=\u00a0\u00bbbottom\u00a0\u00bb bg_image_animation=\u00a0\u00bbnone\u00a0\u00bb shape_type=\u00a0\u00bb\u00a0\u00bb][vc_column column_padding=\u00a0\u00bbpadding-4-percent\u00a0\u00bb column_padding_position=\u00a0\u00bball\u00a0\u00bb background_color=\u00a0\u00bb#ffda1f\u00a0\u00bb background_color_opacity=\u00a0\u00bb1&Prime; background_hover_color_opacity=\u00a0\u00bb1&Prime; font_color=\u00a0\u00bb#040404&Prime; column_link_target=\u00a0\u00bb_self\u00a0\u00bb column_shadow=\u00a0\u00bbnone\u00a0\u00bb column_border_radius=\u00a0\u00bbnone\u00a0\u00bb width=\u00a0\u00bb2\/3&Prime; tablet_width_inherit=\u00a0\u00bbdefault\u00a0\u00bb tablet_text_alignment=\u00a0\u00bbdefault\u00a0\u00bb phone_text_alignment=\u00a0\u00bbdefault\u00a0\u00bb overlay_strength=\u00a0\u00bb0.3&Prime; column_border_width=\u00a0\u00bbnone\u00a0\u00bb column_border_style=\u00a0\u00bbsolid\u00a0\u00bb bg_image_animation=\u00a0\u00bbnone\u00a0\u00bb][vc_column_text css=\u00a0\u00bb.vc_custom_1703521540314{padding-bottom: 20px !important;}\u00a0\u00bb]\n<h1>Tarifs \u00e0 l&rsquo;unit\u00e9<\/h1>\n<p>Retrouvez ci-dessous les tarifs de nos prestations \u00e0 l&rsquo;unit\u00e9. Tarifs exprim\u00e9s en euros (\u20ac), toutes taxes comprises, valables jusqu\u2019au 31 d\u00e9cembre 2024.[\/vc_column_text][nectar_food_menu_item style=\u00a0\u00bbline_between\u00a0\u00bb item_name_heading_tag=\u00a0\u00bbh4&Prime; item_name=\u00a0\u00bb\u00c9valuation de d\u00e9part\u00a0\u00bb item_price=\u00a0\u00bb50\u20ac\u00a0\u00bb item_description=\u00a0\u00bbPermis B\u00a0\u00bb][nectar_food_menu_item style=\u00a0\u00bbline_between\u00a0\u00bb item_name_heading_tag=\u00a0\u00bbh4&Prime; item_name=\u00a0\u00bb\u00c9valuation de d\u00e9part\u00a0\u00bb item_price=\u00a0\u00bb45\u20ac\u00a0\u00bb item_description=\u00a0\u00bbPermis A2&Prime;][nectar_food_menu_item style=\u00a0\u00bbline_between\u00a0\u00bb item_name_heading_tag=\u00a0\u00bbh4&Prime; item_name=\u00a0\u00bbRedevance examen du code\u00a0\u00bb item_price=\u00a0\u00bb30\u20ac\u00a0\u00bb item_description=\u00a0\u00bbETG ou ETM\u00a0\u00bb][nectar_food_menu_item style=\u00a0\u00bbline_between\u00a0\u00bb item_name_heading_tag=\u00a0\u00bbh4&Prime; item_name=\u00a0\u00bbLe\u00e7on de conduite sur bo\u00eete manuelle\u00a0\u00bb item_price=\u00a0\u00bb50\u20ac\u00a0\u00bb item_description=\u00a0\u00bbDur\u00e9e : 55 minutes\u00a0\u00bb][nectar_food_menu_item style=\u00a0\u00bbline_between\u00a0\u00bb item_name_heading_tag=\u00a0\u00bbh4&Prime; item_name=\u00a0\u00bbLe\u00e7on de conduite sur bo\u00eete automatique\u00a0\u00bb item_price=\u00a0\u00bb55\u20ac\u00a0\u00bb item_description=\u00a0\u00bbDur\u00e9e : 55 minutes\u00a0\u00bb][nectar_food_menu_item style=\u00a0\u00bbline_between\u00a0\u00bb item_name_heading_tag=\u00a0\u00bbh4&Prime; item_name=\u00a0\u00bbLe\u00e7on de conduite moto\u00a0\u00bb item_price=\u00a0\u00bb45\u20ac\u00a0\u00bb item_description=\u00a0\u00bbDur\u00e9e : 55 minutes\u00a0\u00bb][\/vc_column][vc_column column_padding=\u00a0\u00bbpadding-4-percent\u00a0\u00bb column_padding_position=\u00a0\u00bball\u00a0\u00bb background_color_opacity=\u00a0\u00bb1&Prime; background_hover_color_opacity=\u00a0\u00bb1&Prime; background_image=\u00a0\u00bb115&Prime; enable_bg_scale=\u00a0\u00bbtrue\u00a0\u00bb column_link_target=\u00a0\u00bb_self\u00a0\u00bb column_shadow=\u00a0\u00bbnone\u00a0\u00bb column_border_radius=\u00a0\u00bbnone\u00a0\u00bb width=\u00a0\u00bb1\/3&Prime; tablet_width_inherit=\u00a0\u00bbdefault\u00a0\u00bb tablet_text_alignment=\u00a0\u00bbdefault\u00a0\u00bb phone_text_alignment=\u00a0\u00bbdefault\u00a0\u00bb enable_gradient=\u00a0\u00bbtrue\u00a0\u00bb color_overlay=\u00a0\u00bb#000000&Prime; gradient_direction=\u00a0\u00bbtop_to_bottom\u00a0\u00bb overlay_strength=\u00a0\u00bb0.8&Prime; column_border_width=\u00a0\u00bbnone\u00a0\u00bb column_border_style=\u00a0\u00bbsolid\u00a0\u00bb bg_image_animation=\u00a0\u00bbnone\u00a0\u00bb][vc_row_inner column_margin=\u00a0\u00bbdefault\u00a0\u00bb bottom_padding=\u00a0\u00bb12&Prime; text_align=\u00a0\u00bbleft\u00a0\u00bb][vc_column_inner column_padding=\u00a0\u00bbno-extra-padding\u00a0\u00bb column_padding_position=\u00a0\u00bball\u00a0\u00bb background_color_opacity=\u00a0\u00bb1&Prime; background_hover_color_opacity=\u00a0\u00bb1&Prime; font_color=\u00a0\u00bb#ffffff\u00a0\u00bb column_shadow=\u00a0\u00bbnone\u00a0\u00bb column_border_radius=\u00a0\u00bbnone\u00a0\u00bb column_link_target=\u00a0\u00bb_self\u00a0\u00bb width=\u00a0\u00bb1\/1&Prime; tablet_width_inherit=\u00a0\u00bbdefault\u00a0\u00bb overlay_strength=\u00a0\u00bb0.3&Prime; column_border_width=\u00a0\u00bbnone\u00a0\u00bb column_border_style=\u00a0\u00bbsolid\u00a0\u00bb bg_image_animation=\u00a0\u00bbnone\u00a0\u00bb][vc_column_text]\n<h4><i class=\"fa fa-map-signs\" style=\"color: #ffda1f;\"><\/i> O\u00f9 sommes-nous ?<\/h4>\n<p style=\"color: #f9f9f9; padding-bottom: 12px;\">Venez nous rencontrer dans notre agence de Dreux :<br \/>\n10 Bis place Doguereau<br \/>\n28100 Dreux<br \/>\n<a href=\"https:\/\/www.google.fr\/maps\/dir\/\/Auto+%C3%A9cole+POLE+POSITION+28,+10+bis+Rue+Doguereau,+28100+Dreux\/@48.7351648,1.2871075,12z\/data=!4m9!4m8!1m0!1m5!1m1!1s0x47e15539ec77bb57:0xa11076e7ceabf9a2!2m2!1d1.369654!2d48.7352252!3e0?entry=ttu\" target=\"_blank\" rel=\"noopener\">Plan d&rsquo;acc\u00e8s<\/a><\/p>\n[\/vc_column_text][\/vc_column_inner][\/vc_row_inner][vc_row_inner column_margin=\u00a0\u00bbdefault\u00a0\u00bb bottom_padding=\u00a0\u00bb12&Prime; text_align=\u00a0\u00bbleft\u00a0\u00bb][vc_column_inner column_padding=\u00a0\u00bbno-extra-padding\u00a0\u00bb column_padding_position=\u00a0\u00bball\u00a0\u00bb background_color_opacity=\u00a0\u00bb1&Prime; background_hover_color_opacity=\u00a0\u00bb1&Prime; font_color=\u00a0\u00bb#ffffff\u00a0\u00bb column_shadow=\u00a0\u00bbnone\u00a0\u00bb column_border_radius=\u00a0\u00bbnone\u00a0\u00bb bottom_margin=\u00a0\u00bb30&Prime; column_link_target=\u00a0\u00bb_self\u00a0\u00bb width=\u00a0\u00bb1\/1&Prime; tablet_width_inherit=\u00a0\u00bbdefault\u00a0\u00bb overlay_strength=\u00a0\u00bb0.3&Prime; column_border_width=\u00a0\u00bbnone\u00a0\u00bb column_border_style=\u00a0\u00bbsolid\u00a0\u00bb bg_image_animation=\u00a0\u00bbnone\u00a0\u00bb][vc_column_text]\n<h4><i class=\"fa fa-comments\" style=\"color: #ffda1f;\"><\/i> Nos coordonn\u00e9es<\/h4>\n<p><a href=\"tel:02.37.15.88.53\">02 37 15 88 53<\/a><br \/>\n<a href=\"mailto:autoecolepoleposition28@gmail.com\">Envoyer un mail<\/a>[\/vc_column_text][\/vc_column_inner][\/vc_row_inner][vc_row_inner column_margin=\u00a0\u00bbdefault\u00a0\u00bb text_align=\u00a0\u00bbleft\u00a0\u00bb][vc_column_inner column_padding=\u00a0\u00bbno-extra-padding\u00a0\u00bb column_padding_position=\u00a0\u00bball\u00a0\u00bb background_color_opacity=\u00a0\u00bb1&Prime; background_hover_color_opacity=\u00a0\u00bb1&Prime; font_color=\u00a0\u00bb#ffffff\u00a0\u00bb column_shadow=\u00a0\u00bbnone\u00a0\u00bb column_border_radius=\u00a0\u00bbnone\u00a0\u00bb column_link_target=\u00a0\u00bb_self\u00a0\u00bb width=\u00a0\u00bb1\/1&Prime; tablet_width_inherit=\u00a0\u00bbdefault\u00a0\u00bb overlay_strength=\u00a0\u00bb0.3&Prime; column_border_width=\u00a0\u00bbnone\u00a0\u00bb column_border_style=\u00a0\u00bbsolid\u00a0\u00bb bg_image_animation=\u00a0\u00bbnone\u00a0\u00bb][vc_column_text]\n<h4><i class=\"fa fa-clock\" style=\"color: #ffda1f;\"><\/i> Nos horaires<\/h4>\n<p><span style=\"color: #f9f9f9;\">Notre agence est ouverte les mardi et mercredi de 09h-12h et 14h-18h.<br \/>\nLe samedi de 08h-12h et 14h-17h.<\/span>[\/vc_column_text][\/vc_column_inner][\/vc_row_inner][\/vc_column][\/vc_row]\n","protected":false},"excerpt":{"rendered":"<p>[vc_row type=\u00a0\u00bbfull_width_content\u00a0\u00bb full_screen_row_position=\u00a0\u00bbmiddle\u00a0\u00bb equal_height=\u00a0\u00bbyes\u00a0\u00bb column_margin=\u00a0\u00bbnone\u00a0\u00bb bg_color=\u00a0\u00bb#ffffff\u00a0\u00bb scene_position=\u00a0\u00bbcenter\u00a0\u00bb text_color=\u00a0\u00bbdark\u00a0\u00bb text_align=\u00a0\u00bbleft\u00a0\u00bb class=\u00a0\u00bbmargin-form\u00a0\u00bb overlay_strength=\u00a0\u00bb0.3&Prime; shape_divider_position=\u00a0\u00bbbottom\u00a0\u00bb bg_image_animation=\u00a0\u00bbnone\u00a0\u00bb shape_type=\u00a0\u00bb\u00a0\u00bb][vc_column column_padding=\u00a0\u00bbpadding-4-percent\u00a0\u00bb column_padding_position=\u00a0\u00bball\u00a0\u00bb background_color=\u00a0\u00bb#ffda1f\u00a0\u00bb background_color_opacity=\u00a0\u00bb1&Prime; background_hover_color_opacity=\u00a0\u00bb1&Prime; font_color=\u00a0\u00bb#040404&Prime; column_link_target=\u00a0\u00bb_self\u00a0\u00bb column_shadow=\u00a0\u00bbnone\u00a0\u00bb column_border_radius=\u00a0\u00bbnone\u00a0\u00bb width=\u00a0\u00bb2\/3&Prime; tablet_width_inherit=\u00a0\u00bbdefault\u00a0\u00bb tablet_text_alignment=\u00a0\u00bbdefault\u00a0\u00bb phone_text_alignment=\u00a0\u00bbdefault\u00a0\u00bb overlay_strength=\u00a0\u00bb0.3&Prime; column_border_width=\u00a0\u00bbnone\u00a0\u00bb column_border_style=\u00a0\u00bbsolid\u00a0\u00bb&#8230;<\/p>\n","protected":false},"author":1,"featured_media":81,"parent":0,"menu_order":0,"comment_status":"closed","ping_status":"closed","template":"","meta":{"footnotes":""},"yoast_head":"<!-- This site is optimized with the Yoast SEO plugin v23.5 - https:\/\/yoast.com\/wordpress\/plugins\/seo\/ -->\n<title>Tarifs \u00e0 l&#039;unit\u00e9 - Auto-\u00e9cole Pole Position 28 \u00e0 Dreux<\/title>\n<meta name=\"description\" content=\"Retrouvez les tarifs \u00e0 l&#039;unit\u00e9 de l&#039;Auto-\u00e9cole Pole Position 28 \u00e0 Dreux. Renseignements et information sur nos tarifs au 02 37 15 88 53.\" \/>\n<meta name=\"robots\" content=\"noindex, follow, max-snippet:-1, max-image-preview:large, max-video-preview:-1\" \/>\n<meta property=\"og:locale\" content=\"fr_FR\" \/>\n<meta property=\"og:type\" content=\"article\" \/>\n<meta property=\"og:title\" content=\"Tarifs \u00e0 l&#039;unit\u00e9 - Auto-\u00e9cole Pole Position 28 \u00e0 Dreux\" \/>\n<meta property=\"og:description\" content=\"Retrouvez les tarifs \u00e0 l&#039;unit\u00e9 de l&#039;Auto-\u00e9cole Pole Position 28 \u00e0 Dreux. Renseignements et information sur nos tarifs au 02 37 15 88 53.\" \/>\n<meta property=\"og:url\" content=\"http:\/\/de-vv.com\/poleposition\/tarifs-a-lunite\/\" \/>\n<meta property=\"og:site_name\" content=\"Auto-\u00e9cole Pole Position 28\" \/>\n<meta property=\"article:modified_time\" content=\"2024-01-14T20:31:56+00:00\" \/>\n<meta property=\"og:image\" content=\"http:\/\/de-vv.com\/poleposition\/wp-content\/uploads\/2023\/12\/cropped-favicon.jpg\" \/>\n\t<meta property=\"og:image:width\" content=\"512\" \/>\n\t<meta property=\"og:image:height\" content=\"512\" \/>\n\t<meta property=\"og:image:type\" content=\"image\/jpeg\" \/>\n<meta name=\"twitter:card\" content=\"summary_large_image\" \/>\n<meta name=\"twitter:label1\" content=\"Dur\u00e9e de lecture estim\u00e9e\" \/>\n\t<meta name=\"twitter:data1\" content=\"2 minutes\" \/>\n<script type=\"application\/ld+json\" class=\"yoast-schema-graph\">{\"@context\":\"https:\/\/schema.org\",\"@graph\":[{\"@type\":\"WebPage\",\"@id\":\"http:\/\/de-vv.com\/poleposition\/tarifs-a-lunite\/\",\"url\":\"http:\/\/de-vv.com\/poleposition\/tarifs-a-lunite\/\",\"name\":\"Tarifs \u00e0 l'unit\u00e9 - Auto-\u00e9cole Pole Position 28 \u00e0 Dreux\",\"isPartOf\":{\"@id\":\"https:\/\/de-vv.com\/poleposition\/#website\"},\"primaryImageOfPage\":{\"@id\":\"http:\/\/de-vv.com\/poleposition\/tarifs-a-lunite\/#primaryimage\"},\"image\":{\"@id\":\"http:\/\/de-vv.com\/poleposition\/tarifs-a-lunite\/#primaryimage\"},\"thumbnailUrl\":\"http:\/\/de-vv.com\/poleposition\/wp-content\/uploads\/2023\/12\/cropped-favicon.jpg\",\"datePublished\":\"2023-12-25T15:16:18+00:00\",\"dateModified\":\"2024-01-14T20:31:56+00:00\",\"description\":\"Retrouvez les tarifs \u00e0 l'unit\u00e9 de l'Auto-\u00e9cole Pole Position 28 \u00e0 Dreux. Renseignements et information sur nos tarifs au 02 37 15 88 53.\",\"breadcrumb\":{\"@id\":\"http:\/\/de-vv.com\/poleposition\/tarifs-a-lunite\/#breadcrumb\"},\"inLanguage\":\"fr-FR\",\"potentialAction\":[{\"@type\":\"ReadAction\",\"target\":[\"http:\/\/de-vv.com\/poleposition\/tarifs-a-lunite\/\"]}]},{\"@type\":\"ImageObject\",\"inLanguage\":\"fr-FR\",\"@id\":\"http:\/\/de-vv.com\/poleposition\/tarifs-a-lunite\/#primaryimage\",\"url\":\"http:\/\/de-vv.com\/poleposition\/wp-content\/uploads\/2023\/12\/cropped-favicon.jpg\",\"contentUrl\":\"http:\/\/de-vv.com\/poleposition\/wp-content\/uploads\/2023\/12\/cropped-favicon.jpg\",\"width\":512,\"height\":512},{\"@type\":\"BreadcrumbList\",\"@id\":\"http:\/\/de-vv.com\/poleposition\/tarifs-a-lunite\/#breadcrumb\",\"itemListElement\":[{\"@type\":\"ListItem\",\"position\":1,\"name\":\"Accueil\",\"item\":\"https:\/\/de-vv.com\/poleposition\/\"},{\"@type\":\"ListItem\",\"position\":2,\"name\":\"Tarifs \u00e0 l&rsquo;unit\u00e9\"}]},{\"@type\":\"WebSite\",\"@id\":\"https:\/\/de-vv.com\/poleposition\/#website\",\"url\":\"https:\/\/de-vv.com\/poleposition\/\",\"name\":\"Auto-\u00e9cole Pole Position 28\",\"description\":\"Permis auto et moto \u00e0 Dreux\",\"potentialAction\":[{\"@type\":\"SearchAction\",\"target\":{\"@type\":\"EntryPoint\",\"urlTemplate\":\"https:\/\/de-vv.com\/poleposition\/?s={search_term_string}\"},\"query-input\":{\"@type\":\"PropertyValueSpecification\",\"valueRequired\":true,\"valueName\":\"search_term_string\"}}],\"inLanguage\":\"fr-FR\"}]}<\/script>\n<!-- \/ Yoast SEO plugin. -->","yoast_head_json":{"title":"Tarifs \u00e0 l'unit\u00e9 - Auto-\u00e9cole Pole Position 28 \u00e0 Dreux","description":"Retrouvez les tarifs \u00e0 l'unit\u00e9 de l'Auto-\u00e9cole Pole Position 28 \u00e0 Dreux. Renseignements et information sur nos tarifs au 02 37 15 88 53.","robots":{"index":"noindex","follow":"follow","max-snippet":"max-snippet:-1","max-image-preview":"max-image-preview:large","max-video-preview":"max-video-preview:-1"},"og_locale":"fr_FR","og_type":"article","og_title":"Tarifs \u00e0 l'unit\u00e9 - Auto-\u00e9cole Pole Position 28 \u00e0 Dreux","og_description":"Retrouvez les tarifs \u00e0 l'unit\u00e9 de l'Auto-\u00e9cole Pole Position 28 \u00e0 Dreux. Renseignements et information sur nos tarifs au 02 37 15 88 53.","og_url":"http:\/\/de-vv.com\/poleposition\/tarifs-a-lunite\/","og_site_name":"Auto-\u00e9cole Pole Position 28","article_modified_time":"2024-01-14T20:31:56+00:00","og_image":[{"width":512,"height":512,"url":"http:\/\/de-vv.com\/poleposition\/wp-content\/uploads\/2023\/12\/cropped-favicon.jpg","type":"image\/jpeg"}],"twitter_card":"summary_large_image","twitter_misc":{"Dur\u00e9e de lecture estim\u00e9e":"2 minutes"},"schema":{"@context":"https:\/\/schema.org","@graph":[{"@type":"WebPage","@id":"http:\/\/de-vv.com\/poleposition\/tarifs-a-lunite\/","url":"http:\/\/de-vv.com\/poleposition\/tarifs-a-lunite\/","name":"Tarifs \u00e0 l'unit\u00e9 - Auto-\u00e9cole Pole Position 28 \u00e0 Dreux","isPartOf":{"@id":"https:\/\/de-vv.com\/poleposition\/#website"},"primaryImageOfPage":{"@id":"http:\/\/de-vv.com\/poleposition\/tarifs-a-lunite\/#primaryimage"},"image":{"@id":"http:\/\/de-vv.com\/poleposition\/tarifs-a-lunite\/#primaryimage"},"thumbnailUrl":"http:\/\/de-vv.com\/poleposition\/wp-content\/uploads\/2023\/12\/cropped-favicon.jpg","datePublished":"2023-12-25T15:16:18+00:00","dateModified":"2024-01-14T20:31:56+00:00","description":"Retrouvez les tarifs \u00e0 l'unit\u00e9 de l'Auto-\u00e9cole Pole Position 28 \u00e0 Dreux. Renseignements et information sur nos tarifs au 02 37 15 88 53.","breadcrumb":{"@id":"http:\/\/de-vv.com\/poleposition\/tarifs-a-lunite\/#breadcrumb"},"inLanguage":"fr-FR","potentialAction":[{"@type":"ReadAction","target":["http:\/\/de-vv.com\/poleposition\/tarifs-a-lunite\/"]}]},{"@type":"ImageObject","inLanguage":"fr-FR","@id":"http:\/\/de-vv.com\/poleposition\/tarifs-a-lunite\/#primaryimage","url":"http:\/\/de-vv.com\/poleposition\/wp-content\/uploads\/2023\/12\/cropped-favicon.jpg","contentUrl":"http:\/\/de-vv.com\/poleposition\/wp-content\/uploads\/2023\/12\/cropped-favicon.jpg","width":512,"height":512},{"@type":"BreadcrumbList","@id":"http:\/\/de-vv.com\/poleposition\/tarifs-a-lunite\/#breadcrumb","itemListElement":[{"@type":"ListItem","position":1,"name":"Accueil","item":"https:\/\/de-vv.com\/poleposition\/"},{"@type":"ListItem","position":2,"name":"Tarifs \u00e0 l&rsquo;unit\u00e9"}]},{"@type":"WebSite","@id":"https:\/\/de-vv.com\/poleposition\/#website","url":"https:\/\/de-vv.com\/poleposition\/","name":"Auto-\u00e9cole Pole Position 28","description":"Permis auto et moto \u00e0 Dreux","potentialAction":[{"@type":"SearchAction","target":{"@type":"EntryPoint","urlTemplate":"https:\/\/de-vv.com\/poleposition\/?s={search_term_string}"},"query-input":{"@type":"PropertyValueSpecification","valueRequired":true,"valueName":"search_term_string"}}],"inLanguage":"fr-FR"}]}},"_links":{"self":[{"href":"http:\/\/de-vv.com\/poleposition\/wp-json\/wp\/v2\/pages\/168"}],"collection":[{"href":"http:\/\/de-vv.com\/poleposition\/wp-json\/wp\/v2\/pages"}],"about":[{"href":"http:\/\/de-vv.com\/poleposition\/wp-json\/wp\/v2\/types\/page"}],"author":[{"embeddable":true,"href":"http:\/\/de-vv.com\/poleposition\/wp-json\/wp\/v2\/users\/1"}],"replies":[{"embeddable":true,"href":"http:\/\/de-vv.com\/poleposition\/wp-json\/wp\/v2\/comments?post=168"}],"version-history":[{"count":5,"href":"http:\/\/de-vv.com\/poleposition\/wp-json\/wp\/v2\/pages\/168\/revisions"}],"predecessor-version":[{"id":224,"href":"http:\/\/de-vv.com\/poleposition\/wp-json\/wp\/v2\/pages\/168\/revisions\/224"}],"wp:featuredmedia":[{"embeddable":true,"href":"http:\/\/de-vv.com\/poleposition\/wp-json\/wp\/v2\/media\/81"}],"wp:attachment":[{"href":"http:\/\/de-vv.com\/poleposition\/wp-json\/wp\/v2\/media?parent=168"}],"curies":[{"name":"wp","href":"https:\/\/api.w.org\/{rel}","templated":true}]}}