{"id":21,"date":"2023-12-10T11:38:44","date_gmt":"2023-12-10T10:38:44","guid":{"rendered":"http:\/\/de-vv.com\/poleposition\/?page_id=21"},"modified":"2023-12-25T11:42:11","modified_gmt":"2023-12-25T10:42:11","slug":"informations-utiles","status":"publish","type":"page","link":"http:\/\/de-vv.com\/poleposition\/informations-utiles\/","title":{"rendered":"Informations utiles"},"content":{"rendered":"[vc_row type=\u00a0\u00bbin_container\u00a0\u00bb full_screen_row_position=\u00a0\u00bbmiddle\u00a0\u00bb column_margin=\u00a0\u00bbdefault\u00a0\u00bb scene_position=\u00a0\u00bbcenter\u00a0\u00bb text_color=\u00a0\u00bbdark\u00a0\u00bb text_align=\u00a0\u00bbleft\u00a0\u00bb overlay_strength=\u00a0\u00bb0.3&Prime; shape_divider_position=\u00a0\u00bbbottom\u00a0\u00bb bg_image_animation=\u00a0\u00bbnone\u00a0\u00bb][vc_column column_padding=\u00a0\u00bbpadding-2-percent\u00a0\u00bb column_padding_position=\u00a0\u00bball\u00a0\u00bb background_color_opacity=\u00a0\u00bb1&Prime; background_hover_color_opacity=\u00a0\u00bb1&Prime; column_link_target=\u00a0\u00bb_self\u00a0\u00bb column_shadow=\u00a0\u00bbnone\u00a0\u00bb column_border_radius=\u00a0\u00bbnone\u00a0\u00bb width=\u00a0\u00bb1\/1&Prime; tablet_width_inherit=\u00a0\u00bbdefault\u00a0\u00bb tablet_text_alignment=\u00a0\u00bbdefault\u00a0\u00bb phone_text_alignment=\u00a0\u00bbdefault\u00a0\u00bb overlay_strength=\u00a0\u00bb0.3&Prime; column_border_width=\u00a0\u00bbnone\u00a0\u00bb column_border_style=\u00a0\u00bbsolid\u00a0\u00bb bg_image_animation=\u00a0\u00bbnone\u00a0\u00bb][vc_column_text]\n<h1 style=\"text-align: center;\">Informations utiles<\/h1>\n[\/vc_column_text][vc_column_text]\n<p style=\"text-align: center;\">L\u2019essentiel \u00e0 conna\u00eetre pour une formation r\u00e9ussie avec l&rsquo;Auto-\u00e9cole Pole Position \u00e0 Dreux !<\/p>\n[\/vc_column_text][\/vc_column][\/vc_row][vc_row type=\u00a0\u00bbin_container\u00a0\u00bb full_screen_row_position=\u00a0\u00bbmiddle\u00a0\u00bb column_margin=\u00a0\u00bbdefault\u00a0\u00bb scene_position=\u00a0\u00bbcenter\u00a0\u00bb text_color=\u00a0\u00bbdark\u00a0\u00bb text_align=\u00a0\u00bbleft\u00a0\u00bb overlay_strength=\u00a0\u00bb0.3&Prime; shape_divider_position=\u00a0\u00bbbottom\u00a0\u00bb bg_image_animation=\u00a0\u00bbnone\u00a0\u00bb shape_type=\u00a0\u00bb\u00a0\u00bb][vc_column column_padding=\u00a0\u00bbpadding-2-percent\u00a0\u00bb column_padding_position=\u00a0\u00bbtop-left\u00a0\u00bb background_color_opacity=\u00a0\u00bb1&Prime; background_hover_color_opacity=\u00a0\u00bb1&Prime; column_link_target=\u00a0\u00bb_self\u00a0\u00bb column_shadow=\u00a0\u00bbnone\u00a0\u00bb column_border_radius=\u00a0\u00bbnone\u00a0\u00bb width=\u00a0\u00bb2\/3&Prime; tablet_width_inherit=\u00a0\u00bbdefault\u00a0\u00bb tablet_text_alignment=\u00a0\u00bbdefault\u00a0\u00bb phone_text_alignment=\u00a0\u00bbdefault\u00a0\u00bb overlay_strength=\u00a0\u00bb0.3&Prime; column_border_width=\u00a0\u00bbnone\u00a0\u00bb column_border_style=\u00a0\u00bbsolid\u00a0\u00bb bg_image_animation=\u00a0\u00bbnone\u00a0\u00bb][vc_column_text]\n<h3 style=\"text-align: left;\">Les enjeux de la formation<\/h3>\n[\/vc_column_text]<div class=\"nectar-fancy-ul\" data-list-icon=\"icon-salient-thin-line\" data-animation=\"false\" data-animation-delay=\"0\" data-color=\"accent-color\" data-spacing=\"default\" data-alignment=\"left\"> \n<ul>\n<li><a href=\"http:\/\/de-vv.com\/poleposition\/informations-utiles\/enjeux-de-la-formation\/\" target=\"_blank\" rel=\"noopener\">Les enjeux de la formation au permis<\/a><\/li>\n<\/ul>\n <\/div>[vc_column_text]\n<h3 style=\"text-align: left;\">Le r\u00e8glement int\u00e9rieur<\/h3>\n[\/vc_column_text]<div class=\"nectar-fancy-ul\" data-list-icon=\"icon-salient-thin-line\" data-animation=\"false\" data-animation-delay=\"0\" data-color=\"accent-color\" data-spacing=\"default\" data-alignment=\"left\"> \n<ul>\n<li><a href=\"http:\/\/de-vv.com\/poleposition\/informations-utiles\/reglement-interieur\/\" target=\"_blank\" rel=\"noopener\">Le r\u00e8glement int\u00e9rieur<\/a><\/li>\n<\/ul>\n <\/div>[vc_column_text css=\u00a0\u00bb.vc_custom_1702226142133{padding-bottom: 12px !important;}\u00a0\u00bb]\n<h3 style=\"text-align: left;\">Formations moto<\/h3>\n<p>L&rsquo;Auto-\u00e9cole propose les formations deux-roues suivantes \u00e0 Dreux : <a href=\"https:\/\/de-vv.com\/poleposition\/permis-am-scooter\/\">permis AM<\/a>, et <a href=\"https:\/\/de-vv.com\/poleposition\/permis-moto-a2\/\">permis A2<\/a>.<\/p>\n<p>Notre piste moto est situ\u00e9e au XXXX . Elle est situ\u00e9e \u00e0 XX kilom\u00e8tres de l&rsquo;auto-\u00e9cole (temps de trajet : XX minutes).[\/vc_column_text][\/vc_column][vc_column column_padding=\u00a0\u00bbpadding-2-percent\u00a0\u00bb column_padding_position=\u00a0\u00bball\u00a0\u00bb background_color=\u00a0\u00bb#f7f7f7&Prime; background_color_opacity=\u00a0\u00bb1&Prime; background_hover_color_opacity=\u00a0\u00bb1&Prime; column_link_target=\u00a0\u00bb_self\u00a0\u00bb column_shadow=\u00a0\u00bbnone\u00a0\u00bb column_border_radius=\u00a0\u00bbnone\u00a0\u00bb width=\u00a0\u00bb1\/3&Prime; tablet_width_inherit=\u00a0\u00bbdefault\u00a0\u00bb tablet_text_alignment=\u00a0\u00bbdefault\u00a0\u00bb phone_text_alignment=\u00a0\u00bbdefault\u00a0\u00bb overlay_strength=\u00a0\u00bb0.3&Prime; column_border_width=\u00a0\u00bbnone\u00a0\u00bb column_border_style=\u00a0\u00bbsolid\u00a0\u00bb bg_image_animation=\u00a0\u00bbnone\u00a0\u00bb][vc_column_text]\n<h4>Vous avez une question ?<\/h4>\n[\/vc_column_text][divider line_type=\u00a0\u00bbNo Line\u00a0\u00bb custom_height=\u00a0\u00bb12&Prime;][nectar_btn size=\u00a0\u00bbmedium\u00a0\u00bb button_style=\u00a0\u00bbregular\u00a0\u00bb button_color_2=\u00a0\u00bbExtra-Color-1&Prime; icon_family=\u00a0\u00bbfontawesome\u00a0\u00bb text=\u00a0\u00bbPrendre RDV\u00a0\u00bb url=\u00a0\u00bbhttps:\/\/de-vv.com\/poleposition\/contact\/\u00a0\u00bb icon_fontawesome=\u00a0\u00bbfa fa-envelope-open-o\u00a0\u00bb margin_right=\u00a0\u00bb8&Prime;][nectar_btn size=\u00a0\u00bbmedium\u00a0\u00bb button_style=\u00a0\u00bbregular\u00a0\u00bb button_color_2=\u00a0\u00bbAccent-Color\u00a0\u00bb solid_text_color_override=\u00a0\u00bb#000000&Prime; icon_family=\u00a0\u00bbfontawesome\u00a0\u00bb text=\u00a0\u00bb02 37 15 88 53&Prime; url=\u00a0\u00bbtel:02.37.15.88.53&Prime; icon_fontawesome=\u00a0\u00bbfa fa-mobile\u00a0\u00bb][divider line_type=\u00a0\u00bbNo Line\u00a0\u00bb custom_height=\u00a0\u00bb12&Prime;][\/vc_column][\/vc_row][vc_row type=\u00a0\u00bbin_container\u00a0\u00bb full_screen_row_position=\u00a0\u00bbmiddle\u00a0\u00bb column_margin=\u00a0\u00bbdefault\u00a0\u00bb scene_position=\u00a0\u00bbcenter\u00a0\u00bb text_color=\u00a0\u00bbdark\u00a0\u00bb text_align=\u00a0\u00bbleft\u00a0\u00bb overlay_strength=\u00a0\u00bb0.3&Prime; shape_divider_position=\u00a0\u00bbbottom\u00a0\u00bb bg_image_animation=\u00a0\u00bbnone\u00a0\u00bb][vc_column column_padding=\u00a0\u00bbpadding-2-percent\u00a0\u00bb column_padding_position=\u00a0\u00bbleft-right\u00a0\u00bb background_color_opacity=\u00a0\u00bb1&Prime; background_hover_color_opacity=\u00a0\u00bb1&Prime; column_link_target=\u00a0\u00bb_self\u00a0\u00bb column_shadow=\u00a0\u00bbnone\u00a0\u00bb column_border_radius=\u00a0\u00bbnone\u00a0\u00bb width=\u00a0\u00bb1\/1&Prime; tablet_width_inherit=\u00a0\u00bbdefault\u00a0\u00bb tablet_text_alignment=\u00a0\u00bbdefault\u00a0\u00bb phone_text_alignment=\u00a0\u00bbdefault\u00a0\u00bb overlay_strength=\u00a0\u00bb0.3&Prime; column_border_width=\u00a0\u00bbnone\u00a0\u00bb column_border_style=\u00a0\u00bbsolid\u00a0\u00bb bg_image_animation=\u00a0\u00bbnone\u00a0\u00bb][vc_column_text css=\u00a0\u00bb.vc_custom_1702226376115{padding-bottom: 20px !important;}\u00a0\u00bb]\n<h3 style=\"text-align: left;\">Stage post-permis<\/h3>\n<p>L&rsquo;Auto-\u00e9cole Pole Position propose des stages post-permis aux \u00e9l\u00e8ves ayant r\u00e9ussi l&rsquo;examen. Ces stages permette de r\u00e9duire la dur\u00e9e de la p\u00e9riode probatoire et comportent de nombreux avantages. Plus d&rsquo;informations sur le contenu et le d\u00e9roulement de ces stages sur le site de la <a href=\"https:\/\/securite-routiere.gouv.fr\/passer-son-permis-de-conduire\/permis-probatoire\/les-stages-post-permis-et-reduction-de-la-periode\" target=\"_blank\" rel=\"noopener\">S\u00e9curit\u00e9 routi\u00e8re<\/a>.[\/vc_column_text][vc_column_text css=\u00a0\u00bb.vc_custom_1702226166875{padding-bottom: 20px !important;}\u00a0\u00bb]\n<h3 style=\"text-align: left;\">Les avantages de la conduite accompagn\u00e9e et supervis\u00e9e<\/h3>\n<p>L&rsquo;apprentissage anticip\u00e9 de la conduite (AAC) ou <a href=\"https:\/\/de-vv.com\/poleposition\/conduite-accompagnee\/\">conduite accompagn\u00e9e<\/a>, accessible d\u00e8s 15 ans, comporte de nombreux avantages. La formation en conduite supervis\u00e9e (\u00e0 partir de 18 ans) comporte elle aussi des avantages par rapport \u00e0 la formation traditionnelle. La conduite supervis\u00e9e comporte elle aussi plusieurs avantages.[\/vc_column_text][vc_column_text]\n<h3 style=\"text-align: left;\">Proc\u00e9d\u00e9 de positionnement et d\u2019\u00e9valuation<\/h3>\n[\/vc_column_text]<div class=\"nectar-fancy-ul\" data-list-icon=\"icon-salient-thin-line\" data-animation=\"false\" data-animation-delay=\"0\" data-color=\"accent-color\" data-spacing=\"default\" data-alignment=\"left\"> \n<ul>\n<li><a href=\"http:\/\/de-vv.com\/poleposition\/informations-utiles\/evaluation-de-conduite\/\" target=\"_blank\" rel=\"noopener\">Proc\u00e9d\u00e9 de positionnement et d&rsquo;\u00e9valuation<\/a><\/li>\n<li><a href=\"http:\/\/de-vv.com\/poleposition\/informations-utiles\/prise-en-compte-du-handicap\/\" target=\"_blank\" rel=\"noopener\">Prise en compte du handicap<\/a><\/li>\n<\/ul>\n <\/div>[vc_column_text]\n<h3 style=\"text-align: left;\">Modalit\u00e9s d\u2019organisation des formations th\u00e9oriques et pratiques<\/h3>\n[\/vc_column_text]<div class=\"nectar-fancy-ul\" data-list-icon=\"icon-salient-thin-line\" data-animation=\"false\" data-animation-delay=\"0\" data-color=\"accent-color\" data-spacing=\"default\" data-alignment=\"left\"> \n<ul>\n<li><a href=\"https:\/\/de-vv.com\/poleposition\/informations-utiles\/parcours-de-formation\/\" target=\"_blank\" rel=\"noopener\">Parcours de formation<\/a><\/li>\n<li><a href=\"https:\/\/de-vv.com\/poleposition\/informations-utiles\/horaires-des-cours-theoriques\/\" target=\"_blank\" rel=\"noopener\">Horaires des cours th\u00e9oriques<\/a><\/li>\n<\/ul>\n <\/div>[vc_column_text]\n<h3 style=\"text-align: left;\">Modalit\u00e9s de traitement des r\u00e9clamations<\/h3>\n[\/vc_column_text]<div class=\"nectar-fancy-ul\" data-list-icon=\"icon-salient-thin-line\" data-animation=\"false\" data-animation-delay=\"0\" data-color=\"accent-color\" data-spacing=\"default\" data-alignment=\"left\"> \n<ul>\n<li><a href=\"https:\/\/de-vv.com\/poleposition\/informations-utiles\/traitement-des-reclamations\/\" target=\"_blank\" rel=\"noopener\">Le traitement des r\u00e9clamations<\/a><\/li>\n<\/ul>\n <\/div>[\/vc_column][\/vc_row][vc_row type=\u00a0\u00bbfull_width_background\u00a0\u00bb full_screen_row_position=\u00a0\u00bbmiddle\u00a0\u00bb equal_height=\u00a0\u00bbyes\u00a0\u00bb content_placement=\u00a0\u00bbmiddle\u00a0\u00bb column_margin=\u00a0\u00bbdefault\u00a0\u00bb bg_color=\u00a0\u00bb#000000&Prime; scene_position=\u00a0\u00bbcenter\u00a0\u00bb text_color=\u00a0\u00bblight\u00a0\u00bb text_align=\u00a0\u00bbleft\u00a0\u00bb overlay_strength=\u00a0\u00bb0.3&Prime; shape_divider_position=\u00a0\u00bbbottom\u00a0\u00bb bg_image_animation=\u00a0\u00bbnone\u00a0\u00bb shape_type=\u00a0\u00bb\u00a0\u00bb][vc_column centered_text=\u00a0\u00bbtrue\u00a0\u00bb column_padding=\u00a0\u00bbpadding-2-percent\u00a0\u00bb column_padding_position=\u00a0\u00bball\u00a0\u00bb background_color_opacity=\u00a0\u00bb1&Prime; background_hover_color_opacity=\u00a0\u00bb1&Prime; column_link_target=\u00a0\u00bb_self\u00a0\u00bb column_shadow=\u00a0\u00bbnone\u00a0\u00bb column_border_radius=\u00a0\u00bbnone\u00a0\u00bb width=\u00a0\u00bb1\/4&Prime; tablet_width_inherit=\u00a0\u00bbdefault\u00a0\u00bb tablet_text_alignment=\u00a0\u00bbdefault\u00a0\u00bb phone_text_alignment=\u00a0\u00bbdefault\u00a0\u00bb overlay_strength=\u00a0\u00bb0.3&Prime; column_border_width=\u00a0\u00bbnone\u00a0\u00bb column_border_style=\u00a0\u00bbsolid\u00a0\u00bb bg_image_animation=\u00a0\u00bbnone\u00a0\u00bb][image_with_animation image_url=\u00a0\u00bb67&Prime; alignment=\u00a0\u00bbcenter\u00a0\u00bb animation=\u00a0\u00bbFade In\u00a0\u00bb hover_animation=\u00a0\u00bbnone\u00a0\u00bb border_radius=\u00a0\u00bbnone\u00a0\u00bb box_shadow=\u00a0\u00bbnone\u00a0\u00bb image_loading=\u00a0\u00bblazy-load\u00a0\u00bb max_width=\u00a0\u00bb75%\u00a0\u00bb max_width_mobile=\u00a0\u00bbdefault\u00a0\u00bb][\/vc_column][vc_column column_padding=\u00a0\u00bbpadding-2-percent\u00a0\u00bb column_padding_position=\u00a0\u00bball\u00a0\u00bb background_color_opacity=\u00a0\u00bb1&Prime; background_hover_color_opacity=\u00a0\u00bb1&Prime; column_link_target=\u00a0\u00bb_self\u00a0\u00bb column_shadow=\u00a0\u00bbnone\u00a0\u00bb column_border_radius=\u00a0\u00bbnone\u00a0\u00bb width=\u00a0\u00bb3\/4&Prime; tablet_width_inherit=\u00a0\u00bbdefault\u00a0\u00bb tablet_text_alignment=\u00a0\u00bbdefault\u00a0\u00bb phone_text_alignment=\u00a0\u00bbdefault\u00a0\u00bb overlay_strength=\u00a0\u00bb0.3&Prime; column_border_width=\u00a0\u00bbnone\u00a0\u00bb column_border_style=\u00a0\u00bbsolid\u00a0\u00bb bg_image_animation=\u00a0\u00bbnone\u00a0\u00bb][vc_column_text css=\u00a0\u00bb.vc_custom_1702226256489{padding-bottom: 12px !important;}\u00a0\u00bb]\n<h2 style=\"color: #ffda1f;\">Une auto-\u00e9cole de qualit\u00e9 !<\/h2>\n[\/vc_column_text][vc_column_text]L&rsquo;Auto-\u00e9cole Pole Position s\u2019est engag\u00e9e dans une d\u00e9marche de qualit\u00e9 et dispose du <a style=\"color: #ffda1f;\" href=\"https:\/\/www.securite-routiere.gouv.fr\/les-metiers-de-leducation-routiere\/obtenir-le-label-pour-son-ecole-de-conduite\" target=\"_blank\" rel=\"noopener\">label \u00ab qualit\u00e9 des formations au sein des \u00e9coles de conduite \u00bb<\/a> d\u00e9cern\u00e9 par le Minist\u00e8re de l\u2019Int\u00e9rieur. Pour en savoir plus sur le contenu et le d\u00e9roulement de nos formations, nous vous invitons \u00e0 consulter ces informations utiles.[\/vc_column_text][\/vc_column][\/vc_row]\n","protected":false},"excerpt":{"rendered":"<p>[vc_row type=\u00a0\u00bbin_container\u00a0\u00bb full_screen_row_position=\u00a0\u00bbmiddle\u00a0\u00bb column_margin=\u00a0\u00bbdefault\u00a0\u00bb scene_position=\u00a0\u00bbcenter\u00a0\u00bb text_color=\u00a0\u00bbdark\u00a0\u00bb text_align=\u00a0\u00bbleft\u00a0\u00bb overlay_strength=\u00a0\u00bb0.3&Prime; shape_divider_position=\u00a0\u00bbbottom\u00a0\u00bb bg_image_animation=\u00a0\u00bbnone\u00a0\u00bb][vc_column column_padding=\u00a0\u00bbpadding-2-percent\u00a0\u00bb column_padding_position=\u00a0\u00bball\u00a0\u00bb background_color_opacity=\u00a0\u00bb1&Prime; background_hover_color_opacity=\u00a0\u00bb1&Prime; column_link_target=\u00a0\u00bb_self\u00a0\u00bb column_shadow=\u00a0\u00bbnone\u00a0\u00bb column_border_radius=\u00a0\u00bbnone\u00a0\u00bb width=\u00a0\u00bb1\/1&Prime; tablet_width_inherit=\u00a0\u00bbdefault\u00a0\u00bb tablet_text_alignment=\u00a0\u00bbdefault\u00a0\u00bb phone_text_alignment=\u00a0\u00bbdefault\u00a0\u00bb overlay_strength=\u00a0\u00bb0.3&Prime; column_border_width=\u00a0\u00bbnone\u00a0\u00bb column_border_style=\u00a0\u00bbsolid\u00a0\u00bb bg_image_animation=\u00a0\u00bbnone\u00a0\u00bb][vc_column_text] Informations utiles [\/vc_column_text][vc_column_text] L\u2019essentiel \u00e0&#8230;<\/p>\n","protected":false},"author":1,"featured_media":67,"parent":0,"menu_order":0,"comment_status":"closed","ping_status":"closed","template":"","meta":{"footnotes":""},"yoast_head":"<!-- This site is optimized with the Yoast SEO plugin v23.5 - https:\/\/yoast.com\/wordpress\/plugins\/seo\/ -->\n<title>Informations utiles - Auto-\u00e9cole Pole Position 28 \u00e0 Dreux<\/title>\n<meta name=\"description\" content=\"Retrouvez l&#039;ensemble des informations utiles pour votre formation au sein de l&#039;Auto-\u00e9cole Pole Position \u00e0 Dreux, une auto-\u00e9cole de qualit\u00e9.\" \/>\n<meta name=\"robots\" content=\"noindex, follow, max-snippet:-1, max-image-preview:large, max-video-preview:-1\" \/>\n<meta property=\"og:locale\" content=\"fr_FR\" \/>\n<meta property=\"og:type\" content=\"article\" \/>\n<meta property=\"og:title\" content=\"Informations utiles - Auto-\u00e9cole Pole Position 28 \u00e0 Dreux\" \/>\n<meta property=\"og:description\" content=\"Retrouvez l&#039;ensemble des informations utiles pour votre formation au sein de l&#039;Auto-\u00e9cole Pole Position \u00e0 Dreux, une auto-\u00e9cole de qualit\u00e9.\" \/>\n<meta property=\"og:url\" content=\"https:\/\/de-vv.com\/poleposition\/informations-utiles\/\" \/>\n<meta property=\"og:site_name\" content=\"Auto-\u00e9cole Pole Position 28\" \/>\n<meta property=\"article:modified_time\" content=\"2023-12-25T10:42:11+00:00\" \/>\n<meta property=\"og:image\" content=\"https:\/\/de-vv.com\/poleposition\/wp-content\/uploads\/2023\/12\/logo-EDC-label-de-qualite-Auto-ecole-Pole-Position-28-Dreux.png\" \/>\n\t<meta property=\"og:image:width\" content=\"768\" \/>\n\t<meta property=\"og:image:height\" content=\"733\" \/>\n\t<meta property=\"og:image:type\" content=\"image\/png\" \/>\n<meta name=\"twitter:card\" content=\"summary_large_image\" \/>\n<meta name=\"twitter:label1\" content=\"Dur\u00e9e de lecture estim\u00e9e\" \/>\n\t<meta name=\"twitter:data1\" content=\"3 minutes\" \/>\n<script type=\"application\/ld+json\" class=\"yoast-schema-graph\">{\"@context\":\"https:\/\/schema.org\",\"@graph\":[{\"@type\":\"WebPage\",\"@id\":\"https:\/\/de-vv.com\/poleposition\/informations-utiles\/\",\"url\":\"https:\/\/de-vv.com\/poleposition\/informations-utiles\/\",\"name\":\"Informations utiles - Auto-\u00e9cole Pole Position 28 \u00e0 Dreux\",\"isPartOf\":{\"@id\":\"https:\/\/de-vv.com\/poleposition\/#website\"},\"primaryImageOfPage\":{\"@id\":\"https:\/\/de-vv.com\/poleposition\/informations-utiles\/#primaryimage\"},\"image\":{\"@id\":\"https:\/\/de-vv.com\/poleposition\/informations-utiles\/#primaryimage\"},\"thumbnailUrl\":\"http:\/\/de-vv.com\/poleposition\/wp-content\/uploads\/2023\/12\/logo-EDC-label-de-qualite-Auto-ecole-Pole-Position-28-Dreux.png\",\"datePublished\":\"2023-12-10T10:38:44+00:00\",\"dateModified\":\"2023-12-25T10:42:11+00:00\",\"description\":\"Retrouvez l'ensemble des informations utiles pour votre formation au sein de l'Auto-\u00e9cole Pole Position \u00e0 Dreux, une auto-\u00e9cole de qualit\u00e9.\",\"breadcrumb\":{\"@id\":\"https:\/\/de-vv.com\/poleposition\/informations-utiles\/#breadcrumb\"},\"inLanguage\":\"fr-FR\",\"potentialAction\":[{\"@type\":\"ReadAction\",\"target\":[\"https:\/\/de-vv.com\/poleposition\/informations-utiles\/\"]}]},{\"@type\":\"ImageObject\",\"inLanguage\":\"fr-FR\",\"@id\":\"https:\/\/de-vv.com\/poleposition\/informations-utiles\/#primaryimage\",\"url\":\"http:\/\/de-vv.com\/poleposition\/wp-content\/uploads\/2023\/12\/logo-EDC-label-de-qualite-Auto-ecole-Pole-Position-28-Dreux.png\",\"contentUrl\":\"http:\/\/de-vv.com\/poleposition\/wp-content\/uploads\/2023\/12\/logo-EDC-label-de-qualite-Auto-ecole-Pole-Position-28-Dreux.png\",\"width\":768,\"height\":733,\"caption\":\"Label Auto-\u00e9cole de Qualit\u00e9 - Auto-\u00e9cole Pole Position Dreux\"},{\"@type\":\"BreadcrumbList\",\"@id\":\"https:\/\/de-vv.com\/poleposition\/informations-utiles\/#breadcrumb\",\"itemListElement\":[{\"@type\":\"ListItem\",\"position\":1,\"name\":\"Accueil\",\"item\":\"https:\/\/de-vv.com\/poleposition\/\"},{\"@type\":\"ListItem\",\"position\":2,\"name\":\"Informations utiles\"}]},{\"@type\":\"WebSite\",\"@id\":\"https:\/\/de-vv.com\/poleposition\/#website\",\"url\":\"https:\/\/de-vv.com\/poleposition\/\",\"name\":\"Auto-\u00e9cole Pole Position 28\",\"description\":\"Permis auto et moto \u00e0 Dreux\",\"potentialAction\":[{\"@type\":\"SearchAction\",\"target\":{\"@type\":\"EntryPoint\",\"urlTemplate\":\"https:\/\/de-vv.com\/poleposition\/?s={search_term_string}\"},\"query-input\":{\"@type\":\"PropertyValueSpecification\",\"valueRequired\":true,\"valueName\":\"search_term_string\"}}],\"inLanguage\":\"fr-FR\"}]}<\/script>\n<!-- \/ Yoast SEO plugin. -->","yoast_head_json":{"title":"Informations utiles - Auto-\u00e9cole Pole Position 28 \u00e0 Dreux","description":"Retrouvez l'ensemble des informations utiles pour votre formation au sein de l'Auto-\u00e9cole Pole Position \u00e0 Dreux, une auto-\u00e9cole de qualit\u00e9.","robots":{"index":"noindex","follow":"follow","max-snippet":"max-snippet:-1","max-image-preview":"max-image-preview:large","max-video-preview":"max-video-preview:-1"},"og_locale":"fr_FR","og_type":"article","og_title":"Informations utiles - Auto-\u00e9cole Pole Position 28 \u00e0 Dreux","og_description":"Retrouvez l'ensemble des informations utiles pour votre formation au sein de l'Auto-\u00e9cole Pole Position \u00e0 Dreux, une auto-\u00e9cole de qualit\u00e9.","og_url":"https:\/\/de-vv.com\/poleposition\/informations-utiles\/","og_site_name":"Auto-\u00e9cole Pole Position 28","article_modified_time":"2023-12-25T10:42:11+00:00","og_image":[{"width":768,"height":733,"url":"https:\/\/de-vv.com\/poleposition\/wp-content\/uploads\/2023\/12\/logo-EDC-label-de-qualite-Auto-ecole-Pole-Position-28-Dreux.png","type":"image\/png"}],"twitter_card":"summary_large_image","twitter_misc":{"Dur\u00e9e de lecture estim\u00e9e":"3 minutes"},"schema":{"@context":"https:\/\/schema.org","@graph":[{"@type":"WebPage","@id":"https:\/\/de-vv.com\/poleposition\/informations-utiles\/","url":"https:\/\/de-vv.com\/poleposition\/informations-utiles\/","name":"Informations utiles - Auto-\u00e9cole Pole Position 28 \u00e0 Dreux","isPartOf":{"@id":"https:\/\/de-vv.com\/poleposition\/#website"},"primaryImageOfPage":{"@id":"https:\/\/de-vv.com\/poleposition\/informations-utiles\/#primaryimage"},"image":{"@id":"https:\/\/de-vv.com\/poleposition\/informations-utiles\/#primaryimage"},"thumbnailUrl":"http:\/\/de-vv.com\/poleposition\/wp-content\/uploads\/2023\/12\/logo-EDC-label-de-qualite-Auto-ecole-Pole-Position-28-Dreux.png","datePublished":"2023-12-10T10:38:44+00:00","dateModified":"2023-12-25T10:42:11+00:00","description":"Retrouvez l'ensemble des informations utiles pour votre formation au sein de l'Auto-\u00e9cole Pole Position \u00e0 Dreux, une auto-\u00e9cole de qualit\u00e9.","breadcrumb":{"@id":"https:\/\/de-vv.com\/poleposition\/informations-utiles\/#breadcrumb"},"inLanguage":"fr-FR","potentialAction":[{"@type":"ReadAction","target":["https:\/\/de-vv.com\/poleposition\/informations-utiles\/"]}]},{"@type":"ImageObject","inLanguage":"fr-FR","@id":"https:\/\/de-vv.com\/poleposition\/informations-utiles\/#primaryimage","url":"http:\/\/de-vv.com\/poleposition\/wp-content\/uploads\/2023\/12\/logo-EDC-label-de-qualite-Auto-ecole-Pole-Position-28-Dreux.png","contentUrl":"http:\/\/de-vv.com\/poleposition\/wp-content\/uploads\/2023\/12\/logo-EDC-label-de-qualite-Auto-ecole-Pole-Position-28-Dreux.png","width":768,"height":733,"caption":"Label Auto-\u00e9cole de Qualit\u00e9 - Auto-\u00e9cole Pole Position Dreux"},{"@type":"BreadcrumbList","@id":"https:\/\/de-vv.com\/poleposition\/informations-utiles\/#breadcrumb","itemListElement":[{"@type":"ListItem","position":1,"name":"Accueil","item":"https:\/\/de-vv.com\/poleposition\/"},{"@type":"ListItem","position":2,"name":"Informations utiles"}]},{"@type":"WebSite","@id":"https:\/\/de-vv.com\/poleposition\/#website","url":"https:\/\/de-vv.com\/poleposition\/","name":"Auto-\u00e9cole Pole Position 28","description":"Permis auto et moto \u00e0 Dreux","potentialAction":[{"@type":"SearchAction","target":{"@type":"EntryPoint","urlTemplate":"https:\/\/de-vv.com\/poleposition\/?s={search_term_string}"},"query-input":{"@type":"PropertyValueSpecification","valueRequired":true,"valueName":"search_term_string"}}],"inLanguage":"fr-FR"}]}},"_links":{"self":[{"href":"http:\/\/de-vv.com\/poleposition\/wp-json\/wp\/v2\/pages\/21"}],"collection":[{"href":"http:\/\/de-vv.com\/poleposition\/wp-json\/wp\/v2\/pages"}],"about":[{"href":"http:\/\/de-vv.com\/poleposition\/wp-json\/wp\/v2\/types\/page"}],"author":[{"embeddable":true,"href":"http:\/\/de-vv.com\/poleposition\/wp-json\/wp\/v2\/users\/1"}],"replies":[{"embeddable":true,"href":"http:\/\/de-vv.com\/poleposition\/wp-json\/wp\/v2\/comments?post=21"}],"version-history":[{"count":9,"href":"http:\/\/de-vv.com\/poleposition\/wp-json\/wp\/v2\/pages\/21\/revisions"}],"predecessor-version":[{"id":141,"href":"http:\/\/de-vv.com\/poleposition\/wp-json\/wp\/v2\/pages\/21\/revisions\/141"}],"wp:featuredmedia":[{"embeddable":true,"href":"http:\/\/de-vv.com\/poleposition\/wp-json\/wp\/v2\/media\/67"}],"wp:attachment":[{"href":"http:\/\/de-vv.com\/poleposition\/wp-json\/wp\/v2\/media?parent=21"}],"curies":[{"name":"wp","href":"https:\/\/api.w.org\/{rel}","templated":true}]}}