{"id":88,"date":"2023-12-23T10:44:23","date_gmt":"2023-12-23T09:44:23","guid":{"rendered":"http:\/\/de-vv.com\/poleposition\/?page_id=88"},"modified":"2023-12-23T10:44:34","modified_gmt":"2023-12-23T09:44:34","slug":"enjeux-de-la-formation","status":"publish","type":"page","link":"http:\/\/de-vv.com\/poleposition\/informations-utiles\/enjeux-de-la-formation\/","title":{"rendered":"Enjeux de la formation"},"content":{"rendered":"[vc_row type=\u00a0\u00bbin_container\u00a0\u00bb full_screen_row_position=\u00a0\u00bbmiddle\u00a0\u00bb column_margin=\u00a0\u00bbdefault\u00a0\u00bb scene_position=\u00a0\u00bbcenter\u00a0\u00bb text_color=\u00a0\u00bbdark\u00a0\u00bb text_align=\u00a0\u00bbleft\u00a0\u00bb overlay_strength=\u00a0\u00bb0.3&Prime; shape_divider_position=\u00a0\u00bbbottom\u00a0\u00bb bg_image_animation=\u00a0\u00bbnone\u00a0\u00bb][vc_column column_padding=\u00a0\u00bbpadding-2-percent\u00a0\u00bb column_padding_position=\u00a0\u00bball\u00a0\u00bb background_color_opacity=\u00a0\u00bb1&Prime; background_hover_color_opacity=\u00a0\u00bb1&Prime; column_link_target=\u00a0\u00bb_self\u00a0\u00bb column_shadow=\u00a0\u00bbnone\u00a0\u00bb column_border_radius=\u00a0\u00bbnone\u00a0\u00bb width=\u00a0\u00bb1\/1&Prime; tablet_width_inherit=\u00a0\u00bbdefault\u00a0\u00bb tablet_text_alignment=\u00a0\u00bbdefault\u00a0\u00bb phone_text_alignment=\u00a0\u00bbdefault\u00a0\u00bb overlay_strength=\u00a0\u00bb0.3&Prime; column_border_width=\u00a0\u00bbnone\u00a0\u00bb column_border_style=\u00a0\u00bbsolid\u00a0\u00bb bg_image_animation=\u00a0\u00bbnone\u00a0\u00bb][vc_column_text]\n<h2>Les enjeux de la formation \u00e0 la cat\u00e9gorie B du permis de conduire<\/h2>\n<p>Votre auto-\u00e9cole vous informe sur le permis de conduire. Quels sont les enjeux de la formation pr\u00e9paratoire \u00e0 l&rsquo;examen du permis de conduire ? Comment se d\u00e9roule la formation ? Quelles sont les conditions de passage de l&rsquo;\u00e9preuve ? Cette notice vous apporte l&rsquo;essentiel des r\u00e9ponses \u00e0 ces questions.<\/p>\n<p>L\u2019automobile est devenue un outil social indispensable pour toutes les cat\u00e9gories de notre soci\u00e9t\u00e9. Au-del\u00e0 du plaisir de conduire, l\u2019utilisation d\u2019une voiture est souvent indispensable pour les \u00e9tudes, le travail ou les loisirs. Rouler en s\u00e9curit\u00e9 est donc une n\u00e9cessit\u00e9 pour tous. Les conducteurs d\u00e9butants repr\u00e9sentent une part trop importante des tu\u00e9s et bless\u00e9s sur la route. L\u2019effort engag\u00e9 doit \u00eatre poursuivi, notamment par le renforcement de l\u2019\u00e9ducation et de la formation.<\/p>\n<p>Les accidents de la route ne sont pas li\u00e9s \u00e0 la fatalit\u00e9 et pour aider les nouveaux conducteurs \u00e0 se d\u00e9placer avec un risque faible de perdre la vie ou de la d\u00e9grader, un programme de formation doit \u00eatre mis en place.<\/p>\n<p>Il vous faudra prendre conscience de ce qui est appris en formation, ce qui doit progresser et \u00e9voluer, apr\u00e8s l\u2019obtention du permis de conduire, en tenant compte des m\u00eames objectifs s\u00e9curitaires que lors de votre apprentissage.<\/p>\n<p>Vous allez apprendre \u00e0 manipuler une automobile et \u00e0 circuler dans diff\u00e9rentes configurations, \u00e0 en conna\u00eetre les risques et les limites.<\/p>\n<p>Vous allez au travers de ce programme de formation, comprendre les r\u00e8gles du code de la route ainsi que l\u2019influence des lois physiques et des aspects psychologiques et physiologiques. Vous devrez \u00e9galement vous situer personnellement en tant que citoyen dans vos choix de conduite.<\/p>\n<p>L\u2019objectif g\u00e9n\u00e9ral est d\u2019amener tout automobiliste d\u00e9butant \u00e0 la ma\u00eetrise des comp\u00e9tences en mati\u00e8re de savoir \u00eatre, savoirs, savoir-faire et savoir devenir. Un futur conducteur responsable doit acqu\u00e9rir toutes les comp\u00e9tences pour ne pas mettre sa s\u00e9curit\u00e9 et celle des autres en danger.<\/p>\n<p>Apprendre \u00e0 conduire est une d\u00e9marche \u00e9ducative exigeante qui demande \u00e0 l\u2019\u00e9l\u00e8ve de la concentration, de l\u2019assiduit\u00e9 et de la motivation.<\/p>\n<h3>2. Le d\u00e9roulement de la formation :<\/h3>\n<p>Des cours th\u00e9oriques et pratiques, collectifs ou individuels, vous aideront \u00e0 atteindre les objectifs d\u00e9finis et \u00e0 personnaliser votre progression.<\/p>\n<p>Votre formateur sera \u00e0 vos c\u00f4t\u00e9s pour vous guider et vous conseiller, des tests de connaissances et de capacit\u00e9s pourront \u00eatre mis en place au fur et \u00e0 mesure.<\/p>\n<p>Afin de disposer de rep\u00e8res lors de la conduite, quatre grilles de progression accompagnent l\u2019\u00e9l\u00e8ve dans l\u2019acquisition des comp\u00e9tences. Elles d\u00e9taillent les savoirs comportementaux, techniques et environnementaux dont doit disposer l\u2019\u00e9l\u00e8ve conducteur au fur et \u00e0 mesure de son \u00e9volution.<\/p>\n<p class=\"font_8 wixui-rich-text__text\"><span class=\"wixui-rich-text__text\">Pour chacun des objectifs de votre programme, des \u00e9valuations mises en place par votre formateur, qui vous pr\u00e9cisera les crit\u00e8res et les conditions de r\u00e9ussite, sont pr\u00e9vues.<\/span><\/p>\n<p class=\"font_8 wixui-rich-text__text\"><span class=\"wixui-rich-text__text\">Il vous sera possible ainsi de mesurer votre r\u00e9ussite ou d\u2019appr\u00e9cier les \u00e9l\u00e9ments \u00e0 faire progresser. C\u2019est le cas du \u00ab Certificat d\u2019Examen BLANC du Permis de Conduire \u00bb : mise en condition d\u2019examen et notation avec la grille d\u2019\u00e9valuation utilis\u00e9e par l\u2019inspecteur. Il s\u2019agit de r\u00e9aliser un bilan de comp\u00e9tences n\u00e9cessaires et fondamentales pour une conduite en s\u00e9curit\u00e9. L\u2019\u00e9l\u00e8ve conserve l\u2019original, tandis que l\u2019auto-\u00e9cole garde le second exemplaire pour suivre l\u2019\u00e9volution.<\/span><\/p>\n<p class=\"font_8 wixui-rich-text__text\"><span class=\"wixui-rich-text__text\">Lorsque l\u2019ensemble des comp\u00e9tences requises sera valid\u00e9 et que le \u00ab test blanc \u00bb sera positif, votre formateur pourra alors vous pr\u00e9senter \u00e0 l\u2019\u00e9preuve pratique du permis de conduire.<\/span><\/p>\n<h3 class=\"font_8 wixui-rich-text__text\"><span class=\"wixui-rich-text__text\">3. L\u2019\u00c9preuve Th\u00e9orique G\u00e9n\u00e9rale :<\/span><\/h3>\n<p class=\"font_8 wixui-rich-text__text\"><span class=\"wixui-rich-text__text\">Pour passer l\u2019\u00e9preuve du code, il vous faut avoir au moins 17 ans si vous suivez la formation traditionnelle ou 15 ans si vous suivez l\u2019<a href=\"http:\/\/de-vv.com\/poleposition\/conduite-accompagnee\/\" target=\"_blank\" rel=\"noopener\">Apprentissage Anticip\u00e9 de la conduite<\/a> (AAC).<\/span><\/p>\n<ul class=\"font_8 wix-list-text-align wixui-rich-text__text\">\n<li class=\"wixui-rich-text__text\">\n<p class=\"font_8 wixui-rich-text__text\"><span class=\"wixui-rich-text__text\">L\u2019\u00e9preuve se passe dans un centre d\u2019examen g\u00e9r\u00e9 par un op\u00e9rateur priv\u00e9, l\u2019\u00e9cole de conduite se charge de la prise de rendez-vous pour l\u2019examen, accompagne l\u2019\u00e9l\u00e8ve et lui donne les derniers conseils. Le jour de l\u2019examen, pensez \u00e0 apporter votre pi\u00e8ce d\u2019identit\u00e9.<\/span><\/p>\n<\/li>\n<li class=\"wixui-rich-text__text\">\n<p class=\"font_8 wixui-rich-text__text\"><span class=\"wixui-rich-text__text\">L\u2019\u00e9preuve se passe sur une tablette en individuel. Il s\u2019agit d\u2019une \u00e9preuve de type QCM.<\/span><\/p>\n<\/li>\n<li class=\"wixui-rich-text__text\">\n<p class=\"font_8 wixui-rich-text__text\"><span class=\"wixui-rich-text__text\">Les candidats sont re\u00e7us \u00e0 l\u2019examen \u00e0 partir de 35 bonnes r\u00e9ponses sur 40 questions. Une question est consid\u00e9r\u00e9e juste si toutes les propositions exactes ont \u00e9t\u00e9 valid\u00e9es. Parmi les 40 questions auxquelles vous devrez r\u00e9pondre, certaines sont des vid\u00e9os. Vous devrez d\u00e9montrer vos connaissances r\u00e9glementaires mais largement, confirmer que vous ma\u00eetrisez les savoirs utiles en toutes circonstances en conduisant un v\u00e9hicule.<\/span><\/p>\n<\/li>\n<li class=\"wixui-rich-text__text\">\n<p class=\"font_8 wixui-rich-text__text\"><span class=\"wixui-rich-text__text\">Le r\u00e9sultat est donn\u00e9 \u00e0 l\u2019\u00e9l\u00e8ve par l\u2019auto-\u00e9cole : la feuille de r\u00e9sultat mentionne le nombre de fautes et les chapitres pour lequel vous avait fait des erreurs.<\/span><\/p>\n<\/li>\n<li class=\"wixui-rich-text__text\">\n<p class=\"font_8 wixui-rich-text__text\"><span class=\"wixui-rich-text__text\">Le code est valable 5 ans.<\/span><\/p>\n<\/li>\n<\/ul>\n<h3 class=\"font_8 wixui-rich-text__text\"><span class=\"wixui-rich-text__text\">4. L\u2019\u00c9preuve pratique :<\/span><\/h3>\n<p class=\"font_8 wixui-rich-text__text\"><span class=\"wixui-rich-text__text\">Pour se pr\u00e9senter \u00e0 l\u2019\u00e9preuve pratique, il vous faut avoir au moins 18 ans ou 17 ans et demi si vous suivez l\u2019AAC et que vous avez au moins 1 an de conduite accompagn\u00e9e. De plus, il faut avoir r\u00e9ussi \u00e0 l\u2019examen du code.<\/span><\/p>\n<p class=\"font_8 wixui-rich-text__text\"><span class=\"wixui-rich-text__text\">L\u2019examen pratique est r\u00e9alis\u00e9 par un Inspecteur des permis de conduire et de la s\u00e9curit\u00e9 routi\u00e8re sur un v\u00e9hicule de l\u2019auto-\u00e9cole.<\/span><\/p>\n<p class=\"font_8 wixui-rich-text__text\"><span class=\"wixui-rich-text__text\">L\u2019\u00e9preuve dure 32 minutes et comprend :<\/span><\/p>\n<ul class=\"font_8 wix-list-text-align wixui-rich-text__text\">\n<li class=\"wixui-rich-text__text\">\n<p class=\"font_8 wixui-rich-text__text\"><span class=\"wixui-rich-text__text\">Une pr\u00e9sentation individuelle de l\u2019\u00e9preuve par l\u2019inspecteur<\/span><\/p>\n<\/li>\n<li class=\"wixui-rich-text__text\">\n<p class=\"font_8 wixui-rich-text__text\"><span class=\"wixui-rich-text__text\">La r\u00e9alisation d\u2019un parcours empruntant des voies \u00e0 caract\u00e8re urbain, routier et\/ou autoroutier\u2009;<\/span><\/p>\n<\/li>\n<li class=\"wixui-rich-text__text\">\n<p class=\"font_8 wixui-rich-text__text\"><span class=\"wixui-rich-text__text\">Le suivi d\u2019un itin\u00e9raire ou vous rendre vers une destination pr\u00e9alablement \u00e9tablie, en vous guidant de mani\u00e8re autonome, pendant une dur\u00e9e globale d\u2019environ cinq minutes\u2009;<\/span><\/p>\n<\/li>\n<li class=\"wixui-rich-text__text\">\n<p class=\"font_8 wixui-rich-text__text\"><span class=\"wixui-rich-text__text\">La r\u00e9alisation d\u2019un freinage pour s\u2019arr\u00eater avec pr\u00e9cision et la r\u00e9alisation d\u2019une man\u0153uvre en marche arri\u00e8re ;<\/span><\/p>\n<\/li>\n<li class=\"wixui-rich-text__text\">\n<p class=\"font_8 wixui-rich-text__text\"><span class=\"wixui-rich-text__text\">Proc\u00e9der \u00e0 la v\u00e9rification d\u2019un \u00e9l\u00e9ment technique \u00e0 l\u2019int\u00e9rieur ou \u00e0 l\u2019ext\u00e9rieur du v\u00e9hicule, r\u00e9pondre \u00e0 une question en lien avec la s\u00e9curit\u00e9 routi\u00e8re et \u00e0 une question portant sur les notions \u00e9l\u00e9mentaires de premiers secours ;<\/span><\/p>\n<\/li>\n<li class=\"wixui-rich-text__text\">\n<p class=\"font_8 wixui-rich-text__text\"><span class=\"wixui-rich-text__text\">L\u2019application des r\u00e8gles du code de la route, notamment les limitations de vitesse s\u2019appliquant aux \u00e9l\u00e8ves conducteurs\u2009;<\/span><\/p>\n<\/li>\n<li class=\"wixui-rich-text__text\">\n<p class=\"font_8 wixui-rich-text__text\"><span class=\"wixui-rich-text__text\">L\u2019adaptation de votre conduite dans un souci d\u2019\u00e9conomie de carburant et de limitation de rejet de gaz \u00e0 effet de serre\u2009;<\/span><\/p>\n<\/li>\n<li class=\"wixui-rich-text__text\">\n<p class=\"font_8 wixui-rich-text__text\"><span class=\"wixui-rich-text__text\">Faire preuve de courtoisie envers les autres usagers, et notamment les plus vuln\u00e9rables.<\/span><\/p>\n<\/li>\n<\/ul>\n<p class=\"font_8 wixui-rich-text__text\"><span class=\"wixui-rich-text__text\">Un enseignant de la conduite titulaire d\u2019une autorisation d\u2019enseigner vous accompagnera pour l\u2019\u00e9preuve pratique<\/span><\/p>\n<p class=\"font_8 wixui-rich-text__text\"><span class=\"wixui-rich-text__text\">L\u2019\u00e9valuation r\u00e9alis\u00e9e par l\u2019inspecteur est bas\u00e9e sur des textes r\u00e9glementaires et instructions pr\u00e9cises qui en fixent les modalit\u00e9s. Cette \u00e9valuation consiste en un bilan des comp\u00e9tences n\u00e9cessaires et fondamentales devant \u00eatre acquises pour une conduite en s\u00e9curit\u00e9, car la conduite est un acte difficile qui engage une responsabilit\u00e9 forte.<\/span><\/p>\n<p class=\"font_8 wixui-rich-text__text\"><span class=\"wixui-rich-text__text\">L\u2019inspecteur s\u2019attache \u00e0 valoriser vos acquis comportementaux plut\u00f4t que vos faiblesses. Il r\u00e9alise ainsi un inventaire des points positifs et des points n\u00e9gatifs restitu\u00e9s par rapport \u00e0 une comp\u00e9tence donn\u00e9e. Un \u00e9change entre l\u2019expert et vous peut s\u2019instaurer au cours de l\u2019\u00e9preuve.<\/span><\/p>\n<p class=\"font_8 wixui-rich-text__text\"><span class=\"wixui-rich-text__text\">\u00c0 l\u2019issue de l\u2019\u00e9preuve, l\u2019expert retranscrit de fa\u00e7on formelle ce bilan de comp\u00e9tences dans une grille d\u2019\u00e9valuation.<\/span><\/p>\n<p class=\"font_8 wixui-rich-text__text\"><span class=\"wixui-rich-text__text\">Les candidats sont re\u00e7us \u00e0 l\u2019examen \u00e0 partir de 20 points sur les 31 points distribu\u00e9s, d\u00e8s lors qu\u2019il n\u2019y a pas de faute \u00e9liminatoire.<\/span><\/p>\n<p class=\"font_8 wixui-rich-text__text\"><span class=\"wixui-rich-text__text\">Dans tous les cas, le Certificat d\u2019Examen du Permis de Conduire est adress\u00e9 \u00e0 l\u2019auto-\u00e9cole dans le d\u00e9lai d\u2019environ 48h, qui vous le transmets.<\/span><\/p>\n<ul>\n<li><strong>En cas de r\u00e9ussite \u00e0 l\u2019examen du permis de conduire :<\/strong>\n<ul>\n<li>Remise du \u00ab Certificat d\u2019examen du permis de conduire \u00bb et analyse du bilan de conduite.<\/li>\n<li>Remise du A<\/li>\n<li>Remise de \u00ab l\u2019attestation de fin de conduite accompagn\u00e9e \u00bb si vous avez suivi l\u2019Apprentissage Anticip\u00e9 de la Conduite<\/li>\n<\/ul>\n<\/li>\n<\/ul>\n<ul>\n<li><strong>En cas d\u2019\u00e9chec lors de l\u2019examen du permis de conduire :<\/strong>\n<ul>\n<li>Remise du \u00ab Certificat d\u2019Examen du permis de conduire \u00bb avec analyse du bilan de conduite par un enseignant de la conduite afin de ressortir vos points positifs et les comp\u00e9tences \u00e0 am\u00e9liorer.<\/li>\n<li>Mise en place de la Conduite Supervis\u00e9e, si possible, pour vous permettre d\u2019am\u00e9liorer votre niveau de conduite gr\u00e2ce \u00e0 l\u2019exp\u00e9rience, et vous mettre en confiance. \u00ab L\u2019autorisation de conduire en conduite supervis\u00e9e \u00bb vous est remise apr\u00e8s conduite avec 1 ou plusieurs accompagnateur(s).<\/li>\n<li>Enseignement de quelques heures de conduite et\/ou nouveau \u00ab Certificat d\u2019Examen BLANC du Permis de Conduire \u00bb pour permettre une nouvelle pr\u00e9sentation \u00e0 l\u2019examen.<\/li>\n<\/ul>\n<\/li>\n<\/ul>\n[\/vc_column_text][\/vc_column][\/vc_row]\n","protected":false},"excerpt":{"rendered":"<p>[vc_row type=\u00a0\u00bbin_container\u00a0\u00bb full_screen_row_position=\u00a0\u00bbmiddle\u00a0\u00bb column_margin=\u00a0\u00bbdefault\u00a0\u00bb scene_position=\u00a0\u00bbcenter\u00a0\u00bb text_color=\u00a0\u00bbdark\u00a0\u00bb text_align=\u00a0\u00bbleft\u00a0\u00bb overlay_strength=\u00a0\u00bb0.3&Prime; shape_divider_position=\u00a0\u00bbbottom\u00a0\u00bb bg_image_animation=\u00a0\u00bbnone\u00a0\u00bb][vc_column column_padding=\u00a0\u00bbpadding-2-percent\u00a0\u00bb column_padding_position=\u00a0\u00bball\u00a0\u00bb background_color_opacity=\u00a0\u00bb1&Prime; background_hover_color_opacity=\u00a0\u00bb1&Prime; column_link_target=\u00a0\u00bb_self\u00a0\u00bb column_shadow=\u00a0\u00bbnone\u00a0\u00bb column_border_radius=\u00a0\u00bbnone\u00a0\u00bb width=\u00a0\u00bb1\/1&Prime; tablet_width_inherit=\u00a0\u00bbdefault\u00a0\u00bb tablet_text_alignment=\u00a0\u00bbdefault\u00a0\u00bb phone_text_alignment=\u00a0\u00bbdefault\u00a0\u00bb overlay_strength=\u00a0\u00bb0.3&Prime; column_border_width=\u00a0\u00bbnone\u00a0\u00bb column_border_style=\u00a0\u00bbsolid\u00a0\u00bb bg_image_animation=\u00a0\u00bbnone\u00a0\u00bb][vc_column_text] Les enjeux de la formation&#8230;<\/p>\n","protected":false},"author":1,"featured_media":81,"parent":21,"menu_order":0,"comment_status":"closed","ping_status":"closed","template":"","meta":{"footnotes":""},"yoast_head":"<!-- This site is optimized with the Yoast SEO plugin v23.5 - https:\/\/yoast.com\/wordpress\/plugins\/seo\/ -->\n<title>Enjeux de la formation - Auto-\u00e9cole Pole Position 28<\/title>\n<meta name=\"robots\" content=\"noindex, follow, max-snippet:-1, max-image-preview:large, max-video-preview:-1\" \/>\n<meta property=\"og:locale\" content=\"fr_FR\" \/>\n<meta property=\"og:type\" content=\"article\" \/>\n<meta property=\"og:title\" content=\"Enjeux de la formation - Auto-\u00e9cole Pole Position 28\" \/>\n<meta property=\"og:description\" content=\"[vc_row type=\u00a0\u00bbin_container\u00a0\u00bb full_screen_row_position=\u00a0\u00bbmiddle\u00a0\u00bb column_margin=\u00a0\u00bbdefault\u00a0\u00bb scene_position=\u00a0\u00bbcenter\u00a0\u00bb text_color=\u00a0\u00bbdark\u00a0\u00bb text_align=\u00a0\u00bbleft\u00a0\u00bb overlay_strength=\u00a0\u00bb0.3&Prime; shape_divider_position=\u00a0\u00bbbottom\u00a0\u00bb bg_image_animation=\u00a0\u00bbnone\u00a0\u00bb][vc_column column_padding=\u00a0\u00bbpadding-2-percent\u00a0\u00bb column_padding_position=\u00a0\u00bball\u00a0\u00bb background_color_opacity=\u00a0\u00bb1&Prime; background_hover_color_opacity=\u00a0\u00bb1&Prime; column_link_target=\u00a0\u00bb_self\u00a0\u00bb column_shadow=\u00a0\u00bbnone\u00a0\u00bb column_border_radius=\u00a0\u00bbnone\u00a0\u00bb width=\u00a0\u00bb1\/1&Prime; tablet_width_inherit=\u00a0\u00bbdefault\u00a0\u00bb tablet_text_alignment=\u00a0\u00bbdefault\u00a0\u00bb phone_text_alignment=\u00a0\u00bbdefault\u00a0\u00bb overlay_strength=\u00a0\u00bb0.3&Prime; column_border_width=\u00a0\u00bbnone\u00a0\u00bb column_border_style=\u00a0\u00bbsolid\u00a0\u00bb bg_image_animation=\u00a0\u00bbnone\u00a0\u00bb][vc_column_text] Les enjeux de la formation...\" \/>\n<meta property=\"og:url\" content=\"http:\/\/de-vv.com\/poleposition\/informations-utiles\/enjeux-de-la-formation\/\" \/>\n<meta property=\"og:site_name\" content=\"Auto-\u00e9cole Pole Position 28\" \/>\n<meta property=\"article:modified_time\" content=\"2023-12-23T09:44:34+00:00\" \/>\n<meta property=\"og:image\" content=\"http:\/\/de-vv.com\/poleposition\/wp-content\/uploads\/2023\/12\/cropped-favicon.jpg\" \/>\n\t<meta property=\"og:image:width\" content=\"512\" \/>\n\t<meta property=\"og:image:height\" content=\"512\" \/>\n\t<meta property=\"og:image:type\" content=\"image\/jpeg\" \/>\n<meta name=\"twitter:card\" content=\"summary_large_image\" \/>\n<meta name=\"twitter:label1\" content=\"Dur\u00e9e de lecture estim\u00e9e\" \/>\n\t<meta name=\"twitter:data1\" content=\"7 minutes\" \/>\n<script type=\"application\/ld+json\" class=\"yoast-schema-graph\">{\"@context\":\"https:\/\/schema.org\",\"@graph\":[{\"@type\":\"WebPage\",\"@id\":\"http:\/\/de-vv.com\/poleposition\/informations-utiles\/enjeux-de-la-formation\/\",\"url\":\"http:\/\/de-vv.com\/poleposition\/informations-utiles\/enjeux-de-la-formation\/\",\"name\":\"Enjeux de la formation - Auto-\u00e9cole Pole Position 28\",\"isPartOf\":{\"@id\":\"https:\/\/de-vv.com\/poleposition\/#website\"},\"primaryImageOfPage\":{\"@id\":\"http:\/\/de-vv.com\/poleposition\/informations-utiles\/enjeux-de-la-formation\/#primaryimage\"},\"image\":{\"@id\":\"http:\/\/de-vv.com\/poleposition\/informations-utiles\/enjeux-de-la-formation\/#primaryimage\"},\"thumbnailUrl\":\"http:\/\/de-vv.com\/poleposition\/wp-content\/uploads\/2023\/12\/cropped-favicon.jpg\",\"datePublished\":\"2023-12-23T09:44:23+00:00\",\"dateModified\":\"2023-12-23T09:44:34+00:00\",\"breadcrumb\":{\"@id\":\"http:\/\/de-vv.com\/poleposition\/informations-utiles\/enjeux-de-la-formation\/#breadcrumb\"},\"inLanguage\":\"fr-FR\",\"potentialAction\":[{\"@type\":\"ReadAction\",\"target\":[\"http:\/\/de-vv.com\/poleposition\/informations-utiles\/enjeux-de-la-formation\/\"]}]},{\"@type\":\"ImageObject\",\"inLanguage\":\"fr-FR\",\"@id\":\"http:\/\/de-vv.com\/poleposition\/informations-utiles\/enjeux-de-la-formation\/#primaryimage\",\"url\":\"http:\/\/de-vv.com\/poleposition\/wp-content\/uploads\/2023\/12\/cropped-favicon.jpg\",\"contentUrl\":\"http:\/\/de-vv.com\/poleposition\/wp-content\/uploads\/2023\/12\/cropped-favicon.jpg\",\"width\":512,\"height\":512},{\"@type\":\"BreadcrumbList\",\"@id\":\"http:\/\/de-vv.com\/poleposition\/informations-utiles\/enjeux-de-la-formation\/#breadcrumb\",\"itemListElement\":[{\"@type\":\"ListItem\",\"position\":1,\"name\":\"Accueil\",\"item\":\"https:\/\/de-vv.com\/poleposition\/\"},{\"@type\":\"ListItem\",\"position\":2,\"name\":\"Informations utiles\",\"item\":\"https:\/\/de-vv.com\/poleposition\/informations-utiles\/\"},{\"@type\":\"ListItem\",\"position\":3,\"name\":\"Enjeux de la formation\"}]},{\"@type\":\"WebSite\",\"@id\":\"https:\/\/de-vv.com\/poleposition\/#website\",\"url\":\"https:\/\/de-vv.com\/poleposition\/\",\"name\":\"Auto-\u00e9cole Pole Position 28\",\"description\":\"Permis auto et moto \u00e0 Dreux\",\"potentialAction\":[{\"@type\":\"SearchAction\",\"target\":{\"@type\":\"EntryPoint\",\"urlTemplate\":\"https:\/\/de-vv.com\/poleposition\/?s={search_term_string}\"},\"query-input\":{\"@type\":\"PropertyValueSpecification\",\"valueRequired\":true,\"valueName\":\"search_term_string\"}}],\"inLanguage\":\"fr-FR\"}]}<\/script>\n<!-- \/ Yoast SEO plugin. -->","yoast_head_json":{"title":"Enjeux de la formation - Auto-\u00e9cole Pole Position 28","robots":{"index":"noindex","follow":"follow","max-snippet":"max-snippet:-1","max-image-preview":"max-image-preview:large","max-video-preview":"max-video-preview:-1"},"og_locale":"fr_FR","og_type":"article","og_title":"Enjeux de la formation - Auto-\u00e9cole Pole Position 28","og_description":"[vc_row type=\u00a0\u00bbin_container\u00a0\u00bb full_screen_row_position=\u00a0\u00bbmiddle\u00a0\u00bb column_margin=\u00a0\u00bbdefault\u00a0\u00bb scene_position=\u00a0\u00bbcenter\u00a0\u00bb text_color=\u00a0\u00bbdark\u00a0\u00bb text_align=\u00a0\u00bbleft\u00a0\u00bb overlay_strength=\u00a0\u00bb0.3&Prime; shape_divider_position=\u00a0\u00bbbottom\u00a0\u00bb bg_image_animation=\u00a0\u00bbnone\u00a0\u00bb][vc_column column_padding=\u00a0\u00bbpadding-2-percent\u00a0\u00bb column_padding_position=\u00a0\u00bball\u00a0\u00bb background_color_opacity=\u00a0\u00bb1&Prime; background_hover_color_opacity=\u00a0\u00bb1&Prime; column_link_target=\u00a0\u00bb_self\u00a0\u00bb column_shadow=\u00a0\u00bbnone\u00a0\u00bb column_border_radius=\u00a0\u00bbnone\u00a0\u00bb width=\u00a0\u00bb1\/1&Prime; tablet_width_inherit=\u00a0\u00bbdefault\u00a0\u00bb tablet_text_alignment=\u00a0\u00bbdefault\u00a0\u00bb phone_text_alignment=\u00a0\u00bbdefault\u00a0\u00bb overlay_strength=\u00a0\u00bb0.3&Prime; column_border_width=\u00a0\u00bbnone\u00a0\u00bb column_border_style=\u00a0\u00bbsolid\u00a0\u00bb bg_image_animation=\u00a0\u00bbnone\u00a0\u00bb][vc_column_text] Les enjeux de la formation...","og_url":"http:\/\/de-vv.com\/poleposition\/informations-utiles\/enjeux-de-la-formation\/","og_site_name":"Auto-\u00e9cole Pole Position 28","article_modified_time":"2023-12-23T09:44:34+00:00","og_image":[{"width":512,"height":512,"url":"http:\/\/de-vv.com\/poleposition\/wp-content\/uploads\/2023\/12\/cropped-favicon.jpg","type":"image\/jpeg"}],"twitter_card":"summary_large_image","twitter_misc":{"Dur\u00e9e de lecture estim\u00e9e":"7 minutes"},"schema":{"@context":"https:\/\/schema.org","@graph":[{"@type":"WebPage","@id":"http:\/\/de-vv.com\/poleposition\/informations-utiles\/enjeux-de-la-formation\/","url":"http:\/\/de-vv.com\/poleposition\/informations-utiles\/enjeux-de-la-formation\/","name":"Enjeux de la formation - Auto-\u00e9cole Pole Position 28","isPartOf":{"@id":"https:\/\/de-vv.com\/poleposition\/#website"},"primaryImageOfPage":{"@id":"http:\/\/de-vv.com\/poleposition\/informations-utiles\/enjeux-de-la-formation\/#primaryimage"},"image":{"@id":"http:\/\/de-vv.com\/poleposition\/informations-utiles\/enjeux-de-la-formation\/#primaryimage"},"thumbnailUrl":"http:\/\/de-vv.com\/poleposition\/wp-content\/uploads\/2023\/12\/cropped-favicon.jpg","datePublished":"2023-12-23T09:44:23+00:00","dateModified":"2023-12-23T09:44:34+00:00","breadcrumb":{"@id":"http:\/\/de-vv.com\/poleposition\/informations-utiles\/enjeux-de-la-formation\/#breadcrumb"},"inLanguage":"fr-FR","potentialAction":[{"@type":"ReadAction","target":["http:\/\/de-vv.com\/poleposition\/informations-utiles\/enjeux-de-la-formation\/"]}]},{"@type":"ImageObject","inLanguage":"fr-FR","@id":"http:\/\/de-vv.com\/poleposition\/informations-utiles\/enjeux-de-la-formation\/#primaryimage","url":"http:\/\/de-vv.com\/poleposition\/wp-content\/uploads\/2023\/12\/cropped-favicon.jpg","contentUrl":"http:\/\/de-vv.com\/poleposition\/wp-content\/uploads\/2023\/12\/cropped-favicon.jpg","width":512,"height":512},{"@type":"BreadcrumbList","@id":"http:\/\/de-vv.com\/poleposition\/informations-utiles\/enjeux-de-la-formation\/#breadcrumb","itemListElement":[{"@type":"ListItem","position":1,"name":"Accueil","item":"https:\/\/de-vv.com\/poleposition\/"},{"@type":"ListItem","position":2,"name":"Informations utiles","item":"https:\/\/de-vv.com\/poleposition\/informations-utiles\/"},{"@type":"ListItem","position":3,"name":"Enjeux de la formation"}]},{"@type":"WebSite","@id":"https:\/\/de-vv.com\/poleposition\/#website","url":"https:\/\/de-vv.com\/poleposition\/","name":"Auto-\u00e9cole Pole Position 28","description":"Permis auto et moto \u00e0 Dreux","potentialAction":[{"@type":"SearchAction","target":{"@type":"EntryPoint","urlTemplate":"https:\/\/de-vv.com\/poleposition\/?s={search_term_string}"},"query-input":{"@type":"PropertyValueSpecification","valueRequired":true,"valueName":"search_term_string"}}],"inLanguage":"fr-FR"}]}},"_links":{"self":[{"href":"http:\/\/de-vv.com\/poleposition\/wp-json\/wp\/v2\/pages\/88"}],"collection":[{"href":"http:\/\/de-vv.com\/poleposition\/wp-json\/wp\/v2\/pages"}],"about":[{"href":"http:\/\/de-vv.com\/poleposition\/wp-json\/wp\/v2\/types\/page"}],"author":[{"embeddable":true,"href":"http:\/\/de-vv.com\/poleposition\/wp-json\/wp\/v2\/users\/1"}],"replies":[{"embeddable":true,"href":"http:\/\/de-vv.com\/poleposition\/wp-json\/wp\/v2\/comments?post=88"}],"version-history":[{"count":2,"href":"http:\/\/de-vv.com\/poleposition\/wp-json\/wp\/v2\/pages\/88\/revisions"}],"predecessor-version":[{"id":90,"href":"http:\/\/de-vv.com\/poleposition\/wp-json\/wp\/v2\/pages\/88\/revisions\/90"}],"up":[{"embeddable":true,"href":"http:\/\/de-vv.com\/poleposition\/wp-json\/wp\/v2\/pages\/21"}],"wp:featuredmedia":[{"embeddable":true,"href":"http:\/\/de-vv.com\/poleposition\/wp-json\/wp\/v2\/media\/81"}],"wp:attachment":[{"href":"http:\/\/de-vv.com\/poleposition\/wp-json\/wp\/v2\/media?parent=88"}],"curies":[{"name":"wp","href":"https:\/\/api.w.org\/{rel}","templated":true}]}}