{"id":98,"date":"2023-12-23T11:12:31","date_gmt":"2023-12-23T10:12:31","guid":{"rendered":"http:\/\/de-vv.com\/poleposition\/?page_id=98"},"modified":"2023-12-23T11:12:31","modified_gmt":"2023-12-23T10:12:31","slug":"prise-en-compte-du-handicap","status":"publish","type":"page","link":"http:\/\/de-vv.com\/poleposition\/informations-utiles\/prise-en-compte-du-handicap\/","title":{"rendered":"Prise en compte du handicap"},"content":{"rendered":"[vc_row type=\u00a0\u00bbin_container\u00a0\u00bb full_screen_row_position=\u00a0\u00bbmiddle\u00a0\u00bb column_margin=\u00a0\u00bbdefault\u00a0\u00bb scene_position=\u00a0\u00bbcenter\u00a0\u00bb text_color=\u00a0\u00bbdark\u00a0\u00bb text_align=\u00a0\u00bbleft\u00a0\u00bb overlay_strength=\u00a0\u00bb0.3&Prime; shape_divider_position=\u00a0\u00bbbottom\u00a0\u00bb bg_image_animation=\u00a0\u00bbnone\u00a0\u00bb][vc_column column_padding=\u00a0\u00bbpadding-2-percent\u00a0\u00bb column_padding_position=\u00a0\u00bball\u00a0\u00bb background_color_opacity=\u00a0\u00bb1&Prime; background_hover_color_opacity=\u00a0\u00bb1&Prime; column_link_target=\u00a0\u00bb_self\u00a0\u00bb column_shadow=\u00a0\u00bbnone\u00a0\u00bb column_border_radius=\u00a0\u00bbnone\u00a0\u00bb width=\u00a0\u00bb1\/1&Prime; tablet_width_inherit=\u00a0\u00bbdefault\u00a0\u00bb tablet_text_alignment=\u00a0\u00bbdefault\u00a0\u00bb phone_text_alignment=\u00a0\u00bbdefault\u00a0\u00bb overlay_strength=\u00a0\u00bb0.3&Prime; column_border_width=\u00a0\u00bbnone\u00a0\u00bb column_border_style=\u00a0\u00bbsolid\u00a0\u00bb bg_image_animation=\u00a0\u00bbnone\u00a0\u00bb][vc_column_text]\n<h2>Prise en compte du handicap<\/h2>\n<p><strong>R\u00e9f\u00e9rent handicap :<\/strong> Morgan V.<\/p>\n<p><strong>Pour la partie th\u00e9orique<\/strong>, l&rsquo;auto \u00e9cole est en capacit\u00e9 d&rsquo;accueillir du public.<\/p>\n<p><strong>Pour la partie pratique<\/strong>, les v\u00e9hicules de l&rsquo;auto \u00e9cole ne sont pas adapt\u00e9 pour l&rsquo;apprentissage de la conduite. Nous pouvons vous conseiller de vous diriger vers :<\/p>\n<p>Auto \u00e9cole de la Gare<br \/>\n11-13 rue F\u00e9libien<br \/>\n28000 Chartres<br \/>\nEmail : auto.ecolegare@wanadoo.fr[\/vc_column_text][\/vc_column][\/vc_row]\n","protected":false},"excerpt":{"rendered":"<p>[vc_row type=\u00a0\u00bbin_container\u00a0\u00bb full_screen_row_position=\u00a0\u00bbmiddle\u00a0\u00bb column_margin=\u00a0\u00bbdefault\u00a0\u00bb scene_position=\u00a0\u00bbcenter\u00a0\u00bb text_color=\u00a0\u00bbdark\u00a0\u00bb text_align=\u00a0\u00bbleft\u00a0\u00bb overlay_strength=\u00a0\u00bb0.3&Prime; shape_divider_position=\u00a0\u00bbbottom\u00a0\u00bb bg_image_animation=\u00a0\u00bbnone\u00a0\u00bb][vc_column column_padding=\u00a0\u00bbpadding-2-percent\u00a0\u00bb column_padding_position=\u00a0\u00bball\u00a0\u00bb background_color_opacity=\u00a0\u00bb1&Prime; background_hover_color_opacity=\u00a0\u00bb1&Prime; column_link_target=\u00a0\u00bb_self\u00a0\u00bb column_shadow=\u00a0\u00bbnone\u00a0\u00bb column_border_radius=\u00a0\u00bbnone\u00a0\u00bb width=\u00a0\u00bb1\/1&Prime; tablet_width_inherit=\u00a0\u00bbdefault\u00a0\u00bb tablet_text_alignment=\u00a0\u00bbdefault\u00a0\u00bb phone_text_alignment=\u00a0\u00bbdefault\u00a0\u00bb overlay_strength=\u00a0\u00bb0.3&Prime; column_border_width=\u00a0\u00bbnone\u00a0\u00bb column_border_style=\u00a0\u00bbsolid\u00a0\u00bb bg_image_animation=\u00a0\u00bbnone\u00a0\u00bb][vc_column_text] Prise en compte du handicap&#8230;<\/p>\n","protected":false},"author":1,"featured_media":81,"parent":21,"menu_order":0,"comment_status":"closed","ping_status":"closed","template":"","meta":{"footnotes":""},"yoast_head":"<!-- This site is optimized with the Yoast SEO plugin v23.5 - https:\/\/yoast.com\/wordpress\/plugins\/seo\/ -->\n<title>Prise en compte du handicap - Auto-\u00e9cole Pole Position 28<\/title>\n<meta name=\"robots\" content=\"noindex, follow, max-snippet:-1, max-image-preview:large, max-video-preview:-1\" \/>\n<meta property=\"og:locale\" content=\"fr_FR\" \/>\n<meta property=\"og:type\" content=\"article\" \/>\n<meta property=\"og:title\" content=\"Prise en compte du handicap - Auto-\u00e9cole Pole Position 28\" \/>\n<meta property=\"og:description\" content=\"[vc_row type=\u00a0\u00bbin_container\u00a0\u00bb full_screen_row_position=\u00a0\u00bbmiddle\u00a0\u00bb column_margin=\u00a0\u00bbdefault\u00a0\u00bb scene_position=\u00a0\u00bbcenter\u00a0\u00bb text_color=\u00a0\u00bbdark\u00a0\u00bb text_align=\u00a0\u00bbleft\u00a0\u00bb overlay_strength=\u00a0\u00bb0.3&Prime; shape_divider_position=\u00a0\u00bbbottom\u00a0\u00bb bg_image_animation=\u00a0\u00bbnone\u00a0\u00bb][vc_column column_padding=\u00a0\u00bbpadding-2-percent\u00a0\u00bb column_padding_position=\u00a0\u00bball\u00a0\u00bb background_color_opacity=\u00a0\u00bb1&Prime; background_hover_color_opacity=\u00a0\u00bb1&Prime; column_link_target=\u00a0\u00bb_self\u00a0\u00bb column_shadow=\u00a0\u00bbnone\u00a0\u00bb column_border_radius=\u00a0\u00bbnone\u00a0\u00bb width=\u00a0\u00bb1\/1&Prime; tablet_width_inherit=\u00a0\u00bbdefault\u00a0\u00bb tablet_text_alignment=\u00a0\u00bbdefault\u00a0\u00bb phone_text_alignment=\u00a0\u00bbdefault\u00a0\u00bb overlay_strength=\u00a0\u00bb0.3&Prime; column_border_width=\u00a0\u00bbnone\u00a0\u00bb column_border_style=\u00a0\u00bbsolid\u00a0\u00bb bg_image_animation=\u00a0\u00bbnone\u00a0\u00bb][vc_column_text] Prise en compte du handicap...\" \/>\n<meta property=\"og:url\" content=\"http:\/\/de-vv.com\/poleposition\/informations-utiles\/prise-en-compte-du-handicap\/\" \/>\n<meta property=\"og:site_name\" content=\"Auto-\u00e9cole Pole Position 28\" \/>\n<meta property=\"og:image\" content=\"http:\/\/de-vv.com\/poleposition\/wp-content\/uploads\/2023\/12\/cropped-favicon.jpg\" \/>\n\t<meta property=\"og:image:width\" content=\"512\" \/>\n\t<meta property=\"og:image:height\" content=\"512\" \/>\n\t<meta property=\"og:image:type\" content=\"image\/jpeg\" \/>\n<meta name=\"twitter:card\" content=\"summary_large_image\" \/>\n<meta name=\"twitter:label1\" content=\"Dur\u00e9e de lecture estim\u00e9e\" \/>\n\t<meta name=\"twitter:data1\" content=\"1 minute\" \/>\n<script type=\"application\/ld+json\" class=\"yoast-schema-graph\">{\"@context\":\"https:\/\/schema.org\",\"@graph\":[{\"@type\":\"WebPage\",\"@id\":\"http:\/\/de-vv.com\/poleposition\/informations-utiles\/prise-en-compte-du-handicap\/\",\"url\":\"http:\/\/de-vv.com\/poleposition\/informations-utiles\/prise-en-compte-du-handicap\/\",\"name\":\"Prise en compte du handicap - Auto-\u00e9cole Pole Position 28\",\"isPartOf\":{\"@id\":\"https:\/\/de-vv.com\/poleposition\/#website\"},\"primaryImageOfPage\":{\"@id\":\"http:\/\/de-vv.com\/poleposition\/informations-utiles\/prise-en-compte-du-handicap\/#primaryimage\"},\"image\":{\"@id\":\"http:\/\/de-vv.com\/poleposition\/informations-utiles\/prise-en-compte-du-handicap\/#primaryimage\"},\"thumbnailUrl\":\"http:\/\/de-vv.com\/poleposition\/wp-content\/uploads\/2023\/12\/cropped-favicon.jpg\",\"datePublished\":\"2023-12-23T10:12:31+00:00\",\"dateModified\":\"2023-12-23T10:12:31+00:00\",\"breadcrumb\":{\"@id\":\"http:\/\/de-vv.com\/poleposition\/informations-utiles\/prise-en-compte-du-handicap\/#breadcrumb\"},\"inLanguage\":\"fr-FR\",\"potentialAction\":[{\"@type\":\"ReadAction\",\"target\":[\"http:\/\/de-vv.com\/poleposition\/informations-utiles\/prise-en-compte-du-handicap\/\"]}]},{\"@type\":\"ImageObject\",\"inLanguage\":\"fr-FR\",\"@id\":\"http:\/\/de-vv.com\/poleposition\/informations-utiles\/prise-en-compte-du-handicap\/#primaryimage\",\"url\":\"http:\/\/de-vv.com\/poleposition\/wp-content\/uploads\/2023\/12\/cropped-favicon.jpg\",\"contentUrl\":\"http:\/\/de-vv.com\/poleposition\/wp-content\/uploads\/2023\/12\/cropped-favicon.jpg\",\"width\":512,\"height\":512},{\"@type\":\"BreadcrumbList\",\"@id\":\"http:\/\/de-vv.com\/poleposition\/informations-utiles\/prise-en-compte-du-handicap\/#breadcrumb\",\"itemListElement\":[{\"@type\":\"ListItem\",\"position\":1,\"name\":\"Accueil\",\"item\":\"https:\/\/de-vv.com\/poleposition\/\"},{\"@type\":\"ListItem\",\"position\":2,\"name\":\"Informations utiles\",\"item\":\"https:\/\/de-vv.com\/poleposition\/informations-utiles\/\"},{\"@type\":\"ListItem\",\"position\":3,\"name\":\"Prise en compte du handicap\"}]},{\"@type\":\"WebSite\",\"@id\":\"https:\/\/de-vv.com\/poleposition\/#website\",\"url\":\"https:\/\/de-vv.com\/poleposition\/\",\"name\":\"Auto-\u00e9cole Pole Position 28\",\"description\":\"Permis auto et moto \u00e0 Dreux\",\"potentialAction\":[{\"@type\":\"SearchAction\",\"target\":{\"@type\":\"EntryPoint\",\"urlTemplate\":\"https:\/\/de-vv.com\/poleposition\/?s={search_term_string}\"},\"query-input\":{\"@type\":\"PropertyValueSpecification\",\"valueRequired\":true,\"valueName\":\"search_term_string\"}}],\"inLanguage\":\"fr-FR\"}]}<\/script>\n<!-- \/ Yoast SEO plugin. -->","yoast_head_json":{"title":"Prise en compte du handicap - Auto-\u00e9cole Pole Position 28","robots":{"index":"noindex","follow":"follow","max-snippet":"max-snippet:-1","max-image-preview":"max-image-preview:large","max-video-preview":"max-video-preview:-1"},"og_locale":"fr_FR","og_type":"article","og_title":"Prise en compte du handicap - Auto-\u00e9cole Pole Position 28","og_description":"[vc_row type=\u00a0\u00bbin_container\u00a0\u00bb full_screen_row_position=\u00a0\u00bbmiddle\u00a0\u00bb column_margin=\u00a0\u00bbdefault\u00a0\u00bb scene_position=\u00a0\u00bbcenter\u00a0\u00bb text_color=\u00a0\u00bbdark\u00a0\u00bb text_align=\u00a0\u00bbleft\u00a0\u00bb overlay_strength=\u00a0\u00bb0.3&Prime; shape_divider_position=\u00a0\u00bbbottom\u00a0\u00bb bg_image_animation=\u00a0\u00bbnone\u00a0\u00bb][vc_column column_padding=\u00a0\u00bbpadding-2-percent\u00a0\u00bb column_padding_position=\u00a0\u00bball\u00a0\u00bb background_color_opacity=\u00a0\u00bb1&Prime; background_hover_color_opacity=\u00a0\u00bb1&Prime; column_link_target=\u00a0\u00bb_self\u00a0\u00bb column_shadow=\u00a0\u00bbnone\u00a0\u00bb column_border_radius=\u00a0\u00bbnone\u00a0\u00bb width=\u00a0\u00bb1\/1&Prime; tablet_width_inherit=\u00a0\u00bbdefault\u00a0\u00bb tablet_text_alignment=\u00a0\u00bbdefault\u00a0\u00bb phone_text_alignment=\u00a0\u00bbdefault\u00a0\u00bb overlay_strength=\u00a0\u00bb0.3&Prime; column_border_width=\u00a0\u00bbnone\u00a0\u00bb column_border_style=\u00a0\u00bbsolid\u00a0\u00bb bg_image_animation=\u00a0\u00bbnone\u00a0\u00bb][vc_column_text] Prise en compte du handicap...","og_url":"http:\/\/de-vv.com\/poleposition\/informations-utiles\/prise-en-compte-du-handicap\/","og_site_name":"Auto-\u00e9cole Pole Position 28","og_image":[{"width":512,"height":512,"url":"http:\/\/de-vv.com\/poleposition\/wp-content\/uploads\/2023\/12\/cropped-favicon.jpg","type":"image\/jpeg"}],"twitter_card":"summary_large_image","twitter_misc":{"Dur\u00e9e de lecture estim\u00e9e":"1 minute"},"schema":{"@context":"https:\/\/schema.org","@graph":[{"@type":"WebPage","@id":"http:\/\/de-vv.com\/poleposition\/informations-utiles\/prise-en-compte-du-handicap\/","url":"http:\/\/de-vv.com\/poleposition\/informations-utiles\/prise-en-compte-du-handicap\/","name":"Prise en compte du handicap - Auto-\u00e9cole Pole Position 28","isPartOf":{"@id":"https:\/\/de-vv.com\/poleposition\/#website"},"primaryImageOfPage":{"@id":"http:\/\/de-vv.com\/poleposition\/informations-utiles\/prise-en-compte-du-handicap\/#primaryimage"},"image":{"@id":"http:\/\/de-vv.com\/poleposition\/informations-utiles\/prise-en-compte-du-handicap\/#primaryimage"},"thumbnailUrl":"http:\/\/de-vv.com\/poleposition\/wp-content\/uploads\/2023\/12\/cropped-favicon.jpg","datePublished":"2023-12-23T10:12:31+00:00","dateModified":"2023-12-23T10:12:31+00:00","breadcrumb":{"@id":"http:\/\/de-vv.com\/poleposition\/informations-utiles\/prise-en-compte-du-handicap\/#breadcrumb"},"inLanguage":"fr-FR","potentialAction":[{"@type":"ReadAction","target":["http:\/\/de-vv.com\/poleposition\/informations-utiles\/prise-en-compte-du-handicap\/"]}]},{"@type":"ImageObject","inLanguage":"fr-FR","@id":"http:\/\/de-vv.com\/poleposition\/informations-utiles\/prise-en-compte-du-handicap\/#primaryimage","url":"http:\/\/de-vv.com\/poleposition\/wp-content\/uploads\/2023\/12\/cropped-favicon.jpg","contentUrl":"http:\/\/de-vv.com\/poleposition\/wp-content\/uploads\/2023\/12\/cropped-favicon.jpg","width":512,"height":512},{"@type":"BreadcrumbList","@id":"http:\/\/de-vv.com\/poleposition\/informations-utiles\/prise-en-compte-du-handicap\/#breadcrumb","itemListElement":[{"@type":"ListItem","position":1,"name":"Accueil","item":"https:\/\/de-vv.com\/poleposition\/"},{"@type":"ListItem","position":2,"name":"Informations utiles","item":"https:\/\/de-vv.com\/poleposition\/informations-utiles\/"},{"@type":"ListItem","position":3,"name":"Prise en compte du handicap"}]},{"@type":"WebSite","@id":"https:\/\/de-vv.com\/poleposition\/#website","url":"https:\/\/de-vv.com\/poleposition\/","name":"Auto-\u00e9cole Pole Position 28","description":"Permis auto et moto \u00e0 Dreux","potentialAction":[{"@type":"SearchAction","target":{"@type":"EntryPoint","urlTemplate":"https:\/\/de-vv.com\/poleposition\/?s={search_term_string}"},"query-input":{"@type":"PropertyValueSpecification","valueRequired":true,"valueName":"search_term_string"}}],"inLanguage":"fr-FR"}]}},"_links":{"self":[{"href":"http:\/\/de-vv.com\/poleposition\/wp-json\/wp\/v2\/pages\/98"}],"collection":[{"href":"http:\/\/de-vv.com\/poleposition\/wp-json\/wp\/v2\/pages"}],"about":[{"href":"http:\/\/de-vv.com\/poleposition\/wp-json\/wp\/v2\/types\/page"}],"author":[{"embeddable":true,"href":"http:\/\/de-vv.com\/poleposition\/wp-json\/wp\/v2\/users\/1"}],"replies":[{"embeddable":true,"href":"http:\/\/de-vv.com\/poleposition\/wp-json\/wp\/v2\/comments?post=98"}],"version-history":[{"count":1,"href":"http:\/\/de-vv.com\/poleposition\/wp-json\/wp\/v2\/pages\/98\/revisions"}],"predecessor-version":[{"id":100,"href":"http:\/\/de-vv.com\/poleposition\/wp-json\/wp\/v2\/pages\/98\/revisions\/100"}],"up":[{"embeddable":true,"href":"http:\/\/de-vv.com\/poleposition\/wp-json\/wp\/v2\/pages\/21"}],"wp:featuredmedia":[{"embeddable":true,"href":"http:\/\/de-vv.com\/poleposition\/wp-json\/wp\/v2\/media\/81"}],"wp:attachment":[{"href":"http:\/\/de-vv.com\/poleposition\/wp-json\/wp\/v2\/media?parent=98"}],"curies":[{"name":"wp","href":"https:\/\/api.w.org\/{rel}","templated":true}]}}