{"id":201,"date":"2024-04-24T13:03:08","date_gmt":"2024-04-24T11:03:08","guid":{"rendered":"http:\/\/de-vv.com\/vignes\/?post_type=product&#038;p=201"},"modified":"2024-04-24T13:10:25","modified_gmt":"2024-04-24T11:10:25","slug":"code-en-ligne","status":"publish","type":"product","link":"http:\/\/de-vv.com\/vignes\/produit\/code-en-ligne\/","title":{"rendered":"Code en ligne"},"content":{"rendered":"<p>Les acc\u00e8s\u00a0<strong>code en ligne<\/strong>\u00a0vous permettent de\u00a0<strong>r\u00e9viser votre code de la route<\/strong>, depuis chez vous, sur ordinateur ou tablette. Apprendre son code en ligne est un compl\u00e9ment au cours de code en salle, \u00e0 l\u2019auto-\u00e9cole.<\/p>\n<p>Les s\u00e9ries de question de code de la route et les tests vous permettent de vous pr\u00e9parer \u00e0 l\u2019examen du code de la route voiture (ETG).<\/p>\n","protected":false},"excerpt":{"rendered":"<p>Les acc\u00e8s\u00a0<strong>code en ligne<\/strong>\u00a0vous permettent de\u00a0<strong>r\u00e9viser votre code de la route<\/strong>, depuis chez vous, sur ordinateur ou tablette. Apprendre son code en ligne est un compl\u00e9ment au cours de code en salle, \u00e0 l\u2019auto-\u00e9cole.<\/p>\n<p>Les s\u00e9ries de question de code de la route et les tests vous permettent de vous pr\u00e9parer \u00e0 l\u2019examen du code de la route voiture (ETG).<\/p>\n","protected":false},"featured_media":203,"comment_status":"open","ping_status":"closed","template":"","meta":[],"product_cat":[16],"product_tag":[19,20,18],"yoast_head":"<!-- This site is optimized with the Yoast SEO plugin v24.5 - https:\/\/yoast.com\/wordpress\/plugins\/seo\/ -->\n<title>Code en ligne - Auto-\u00e9cole des Vignes<\/title>\n<meta name=\"description\" content=\"Entrainez vous au code de la route en ligne depuis chez vous, sur ordinateur ou tablette. L&#039;entrainement \u00e0 la maison, vient en compl\u00e9ment de la formation \u00e0 l&#039;auto-\u00e9cole.\" \/>\n<meta name=\"robots\" content=\"noindex, follow, max-snippet:-1, max-image-preview:large, max-video-preview:-1\" \/>\n<meta property=\"og:locale\" content=\"fr_FR\" \/>\n<meta property=\"og:type\" content=\"article\" \/>\n<meta property=\"og:title\" content=\"Code en ligne - Auto-\u00e9cole des Vignes\" \/>\n<meta property=\"og:description\" content=\"Entrainez vous au code de la route en ligne depuis chez vous, sur ordinateur ou tablette. L&#039;entrainement \u00e0 la maison, vient en compl\u00e9ment de la formation \u00e0 l&#039;auto-\u00e9cole.\" \/>\n<meta property=\"og:url\" content=\"http:\/\/de-vv.com\/vignes\/produit\/code-en-ligne\/\" \/>\n<meta property=\"og:site_name\" content=\"Auto-\u00e9cole des Vignes\" \/>\n<meta property=\"article:modified_time\" content=\"2024-04-24T11:10:25+00:00\" \/>\n<meta property=\"og:image\" content=\"http:\/\/de-vv.com\/vignes\/wp-content\/uploads\/2024\/04\/Prepa-Code-1.png\" \/>\n\t<meta property=\"og:image:width\" content=\"324\" \/>\n\t<meta property=\"og:image:height\" content=\"122\" \/>\n\t<meta property=\"og:image:type\" content=\"image\/png\" \/>\n<meta name=\"twitter:card\" content=\"summary_large_image\" \/>\n<meta name=\"twitter:label1\" content=\"Dur\u00e9e de lecture estim\u00e9e\" \/>\n\t<meta name=\"twitter:data1\" content=\"1 minute\" \/>\n<script type=\"application\/ld+json\" class=\"yoast-schema-graph\">{\"@context\":\"https:\/\/schema.org\",\"@graph\":[{\"@type\":\"WebPage\",\"@id\":\"http:\/\/de-vv.com\/vignes\/produit\/code-en-ligne\/\",\"url\":\"http:\/\/de-vv.com\/vignes\/produit\/code-en-ligne\/\",\"name\":\"Code en ligne - Auto-\u00e9cole des Vignes\",\"isPartOf\":{\"@id\":\"http:\/\/de-vv.com\/vignes\/#website\"},\"primaryImageOfPage\":{\"@id\":\"http:\/\/de-vv.com\/vignes\/produit\/code-en-ligne\/#primaryimage\"},\"image\":{\"@id\":\"http:\/\/de-vv.com\/vignes\/produit\/code-en-ligne\/#primaryimage\"},\"thumbnailUrl\":\"http:\/\/de-vv.com\/vignes\/wp-content\/uploads\/2024\/04\/Prepa-Code-1.png\",\"datePublished\":\"2024-04-24T11:03:08+00:00\",\"dateModified\":\"2024-04-24T11:10:25+00:00\",\"description\":\"Entrainez vous au code de la route en ligne depuis chez vous, sur ordinateur ou tablette. L'entrainement \u00e0 la maison, vient en compl\u00e9ment de la formation \u00e0 l'auto-\u00e9cole.\",\"breadcrumb\":{\"@id\":\"http:\/\/de-vv.com\/vignes\/produit\/code-en-ligne\/#breadcrumb\"},\"inLanguage\":\"fr-FR\",\"potentialAction\":[{\"@type\":\"ReadAction\",\"target\":[\"http:\/\/de-vv.com\/vignes\/produit\/code-en-ligne\/\"]}]},{\"@type\":\"ImageObject\",\"inLanguage\":\"fr-FR\",\"@id\":\"http:\/\/de-vv.com\/vignes\/produit\/code-en-ligne\/#primaryimage\",\"url\":\"http:\/\/de-vv.com\/vignes\/wp-content\/uploads\/2024\/04\/Prepa-Code-1.png\",\"contentUrl\":\"http:\/\/de-vv.com\/vignes\/wp-content\/uploads\/2024\/04\/Prepa-Code-1.png\",\"width\":324,\"height\":122},{\"@type\":\"BreadcrumbList\",\"@id\":\"http:\/\/de-vv.com\/vignes\/produit\/code-en-ligne\/#breadcrumb\",\"itemListElement\":[{\"@type\":\"ListItem\",\"position\":1,\"name\":\"Accueil\",\"item\":\"http:\/\/de-vv.com\/vignes\/\"},{\"@type\":\"ListItem\",\"position\":2,\"name\":\"Boutique\",\"item\":\"http:\/\/de-vv.com\/vignes\/boutique\/\"},{\"@type\":\"ListItem\",\"position\":3,\"name\":\"Code en ligne\"}]},{\"@type\":\"WebSite\",\"@id\":\"http:\/\/de-vv.com\/vignes\/#website\",\"url\":\"http:\/\/de-vv.com\/vignes\/\",\"name\":\"Auto-\u00e9cole des Vignes\",\"description\":\"- Auto-\u00e9cole \u00e0 Issy-les-Moulineaux\",\"potentialAction\":[{\"@type\":\"SearchAction\",\"target\":{\"@type\":\"EntryPoint\",\"urlTemplate\":\"http:\/\/de-vv.com\/vignes\/?s={search_term_string}\"},\"query-input\":{\"@type\":\"PropertyValueSpecification\",\"valueRequired\":true,\"valueName\":\"search_term_string\"}}],\"inLanguage\":\"fr-FR\"}]}<\/script>\n<!-- \/ Yoast SEO plugin. -->","yoast_head_json":{"title":"Code en ligne - Auto-\u00e9cole des Vignes","description":"Entrainez vous au code de la route en ligne depuis chez vous, sur ordinateur ou tablette. L'entrainement \u00e0 la maison, vient en compl\u00e9ment de la formation \u00e0 l'auto-\u00e9cole.","robots":{"index":"noindex","follow":"follow","max-snippet":"max-snippet:-1","max-image-preview":"max-image-preview:large","max-video-preview":"max-video-preview:-1"},"og_locale":"fr_FR","og_type":"article","og_title":"Code en ligne - Auto-\u00e9cole des Vignes","og_description":"Entrainez vous au code de la route en ligne depuis chez vous, sur ordinateur ou tablette. L'entrainement \u00e0 la maison, vient en compl\u00e9ment de la formation \u00e0 l'auto-\u00e9cole.","og_url":"http:\/\/de-vv.com\/vignes\/produit\/code-en-ligne\/","og_site_name":"Auto-\u00e9cole des Vignes","article_modified_time":"2024-04-24T11:10:25+00:00","og_image":[{"width":324,"height":122,"url":"http:\/\/de-vv.com\/vignes\/wp-content\/uploads\/2024\/04\/Prepa-Code-1.png","type":"image\/png"}],"twitter_card":"summary_large_image","twitter_misc":{"Dur\u00e9e de lecture estim\u00e9e":"1 minute"},"schema":{"@context":"https:\/\/schema.org","@graph":[{"@type":"WebPage","@id":"http:\/\/de-vv.com\/vignes\/produit\/code-en-ligne\/","url":"http:\/\/de-vv.com\/vignes\/produit\/code-en-ligne\/","name":"Code en ligne - Auto-\u00e9cole des Vignes","isPartOf":{"@id":"http:\/\/de-vv.com\/vignes\/#website"},"primaryImageOfPage":{"@id":"http:\/\/de-vv.com\/vignes\/produit\/code-en-ligne\/#primaryimage"},"image":{"@id":"http:\/\/de-vv.com\/vignes\/produit\/code-en-ligne\/#primaryimage"},"thumbnailUrl":"http:\/\/de-vv.com\/vignes\/wp-content\/uploads\/2024\/04\/Prepa-Code-1.png","datePublished":"2024-04-24T11:03:08+00:00","dateModified":"2024-04-24T11:10:25+00:00","description":"Entrainez vous au code de la route en ligne depuis chez vous, sur ordinateur ou tablette. L'entrainement \u00e0 la maison, vient en compl\u00e9ment de la formation \u00e0 l'auto-\u00e9cole.","breadcrumb":{"@id":"http:\/\/de-vv.com\/vignes\/produit\/code-en-ligne\/#breadcrumb"},"inLanguage":"fr-FR","potentialAction":[{"@type":"ReadAction","target":["http:\/\/de-vv.com\/vignes\/produit\/code-en-ligne\/"]}]},{"@type":"ImageObject","inLanguage":"fr-FR","@id":"http:\/\/de-vv.com\/vignes\/produit\/code-en-ligne\/#primaryimage","url":"http:\/\/de-vv.com\/vignes\/wp-content\/uploads\/2024\/04\/Prepa-Code-1.png","contentUrl":"http:\/\/de-vv.com\/vignes\/wp-content\/uploads\/2024\/04\/Prepa-Code-1.png","width":324,"height":122},{"@type":"BreadcrumbList","@id":"http:\/\/de-vv.com\/vignes\/produit\/code-en-ligne\/#breadcrumb","itemListElement":[{"@type":"ListItem","position":1,"name":"Accueil","item":"http:\/\/de-vv.com\/vignes\/"},{"@type":"ListItem","position":2,"name":"Boutique","item":"http:\/\/de-vv.com\/vignes\/boutique\/"},{"@type":"ListItem","position":3,"name":"Code en ligne"}]},{"@type":"WebSite","@id":"http:\/\/de-vv.com\/vignes\/#website","url":"http:\/\/de-vv.com\/vignes\/","name":"Auto-\u00e9cole des Vignes","description":"- Auto-\u00e9cole \u00e0 Issy-les-Moulineaux","potentialAction":[{"@type":"SearchAction","target":{"@type":"EntryPoint","urlTemplate":"http:\/\/de-vv.com\/vignes\/?s={search_term_string}"},"query-input":{"@type":"PropertyValueSpecification","valueRequired":true,"valueName":"search_term_string"}}],"inLanguage":"fr-FR"}]}},"_links":{"self":[{"href":"http:\/\/de-vv.com\/vignes\/wp-json\/wp\/v2\/product\/201"}],"collection":[{"href":"http:\/\/de-vv.com\/vignes\/wp-json\/wp\/v2\/product"}],"about":[{"href":"http:\/\/de-vv.com\/vignes\/wp-json\/wp\/v2\/types\/product"}],"replies":[{"embeddable":true,"href":"http:\/\/de-vv.com\/vignes\/wp-json\/wp\/v2\/comments?post=201"}],"wp:featuredmedia":[{"embeddable":true,"href":"http:\/\/de-vv.com\/vignes\/wp-json\/wp\/v2\/media\/203"}],"wp:attachment":[{"href":"http:\/\/de-vv.com\/vignes\/wp-json\/wp\/v2\/media?parent=201"}],"wp:term":[{"taxonomy":"product_cat","embeddable":true,"href":"http:\/\/de-vv.com\/vignes\/wp-json\/wp\/v2\/product_cat?post=201"},{"taxonomy":"product_tag","embeddable":true,"href":"http:\/\/de-vv.com\/vignes\/wp-json\/wp\/v2\/product_tag?post=201"}],"curies":[{"name":"wp","href":"https:\/\/api.w.org\/{rel}","templated":true}]}}