{"id":6440,"date":"2021-02-27T09:03:39","date_gmt":"2021-02-27T08:03:39","guid":{"rendered":"http:\/\/de-vv.com\/zebra\/?page_id=6440"},"modified":"2021-03-20T18:21:42","modified_gmt":"2021-03-20T17:21:42","slug":"auto-ecole-beaupreau-en-mauges","status":"publish","type":"page","link":"http:\/\/de-vv.com\/zebra\/auto-ecole-beaupreau-en-mauges\/","title":{"rendered":"Auto-\u00e9cole Beaupr\u00e9au-en-Mauges"},"content":{"rendered":"[vc_row type=\u00a0\u00bbfull_width_background\u00a0\u00bb full_screen_row_position=\u00a0\u00bbmiddle\u00a0\u00bb equal_height=\u00a0\u00bbyes\u00a0\u00bb content_placement=\u00a0\u00bbmiddle\u00a0\u00bb column_margin=\u00a0\u00bbdefault\u00a0\u00bb scene_position=\u00a0\u00bbcenter\u00a0\u00bb text_color=\u00a0\u00bbdark\u00a0\u00bb text_align=\u00a0\u00bbleft\u00a0\u00bb top_padding=\u00a0\u00bb20&Prime; overlay_strength=\u00a0\u00bb0.3&Prime; shape_divider_position=\u00a0\u00bbbottom\u00a0\u00bb bg_image_animation=\u00a0\u00bbnone\u00a0\u00bb shape_type=\u00a0\u00bbcurve_opacity\u00a0\u00bb][vc_column column_padding=\u00a0\u00bbpadding-2-percent\u00a0\u00bb column_padding_position=\u00a0\u00bball\u00a0\u00bb background_color_opacity=\u00a0\u00bb1&Prime; background_hover_color_opacity=\u00a0\u00bb1&Prime; column_link_target=\u00a0\u00bb_self\u00a0\u00bb column_shadow=\u00a0\u00bbnone\u00a0\u00bb column_border_radius=\u00a0\u00bbnone\u00a0\u00bb width=\u00a0\u00bb1\/2&Prime; tablet_width_inherit=\u00a0\u00bbdefault\u00a0\u00bb tablet_text_alignment=\u00a0\u00bbdefault\u00a0\u00bb phone_text_alignment=\u00a0\u00bbdefault\u00a0\u00bb overlay_strength=\u00a0\u00bb0.3&Prime; column_border_width=\u00a0\u00bbnone\u00a0\u00bb column_border_style=\u00a0\u00bbsolid\u00a0\u00bb bg_image_animation=\u00a0\u00bbnone\u00a0\u00bb enable_animation=\u00a0\u00bbtrue\u00a0\u00bb animation=\u00a0\u00bbfade-in-from-left\u00a0\u00bb][vc_column_text]\n<h1>CER Zebra d\u00e9barque \u00e0 Beaupr\u00e9au-en-Mauges<\/h1>\n[\/vc_column_text][vc_column_text css=\u00a0\u00bb.vc_custom_1615630380183{padding-top: 20px !important;padding-bottom: 20px !important;}\u00a0\u00bb]D\u00e9j\u00e0 pr\u00e9sent \u00e0 Cholet, Vallet et Saint-Germain! Notre auto-\u00e9cole arrive \u00e0 Beaupr\u00e9au-en-Mauges tr\u00e8s prochainement.\u00a0\u00c0 bient\u00f4t chez CER <img class=\"emoji\" role=\"img\" draggable=\"false\" src=\"https:\/\/s.w.org\/images\/core\/emoji\/13.0.1\/svg\/1f44d.svg\" alt=\"\ud83d\udc4d\" \/>[\/vc_column_text][nectar_btn size=\u00a0\u00bblarge\u00a0\u00bb button_style=\u00a0\u00bbregular\u00a0\u00bb button_color_2=\u00a0\u00bbAccent-Color\u00a0\u00bb icon_family=\u00a0\u00bbfontawesome\u00a0\u00bb url=\u00a0\u00bbtel:06.69.37.86.07&Prime; text=\u00a0\u00bbNous appeler\u00a0\u00bb icon_fontawesome=\u00a0\u00bbfa fa-mobile\u00a0\u00bb margin_right=\u00a0\u00bb5&Prime; margin_left=\u00a0\u00bb5&Prime;][nectar_btn size=\u00a0\u00bblarge\u00a0\u00bb open_new_tab=\u00a0\u00bbtrue\u00a0\u00bb button_style=\u00a0\u00bbsee-through-2&Prime; hover_text_color_override=\u00a0\u00bb#ffffff\u00a0\u00bb icon_family=\u00a0\u00bbfontawesome\u00a0\u00bb url=\u00a0\u00bbhttp:\/\/de-vv.com\/zebra\/contact\/\u00a0\u00bb text=\u00a0\u00bbPrendre rendez-vous\u00a0\u00bb icon_fontawesome=\u00a0\u00bbfa fa-calendar\u00a0\u00bb margin_right=\u00a0\u00bb5&Prime; margin_left=\u00a0\u00bb5&Prime;][\/vc_column][vc_column centered_text=\u00a0\u00bbtrue\u00a0\u00bb column_padding=\u00a0\u00bbpadding-2-percent\u00a0\u00bb column_padding_position=\u00a0\u00bball\u00a0\u00bb background_color_opacity=\u00a0\u00bb1&Prime; background_hover_color_opacity=\u00a0\u00bb1&Prime; column_link_target=\u00a0\u00bb_self\u00a0\u00bb column_shadow=\u00a0\u00bbnone\u00a0\u00bb column_border_radius=\u00a0\u00bbnone\u00a0\u00bb width=\u00a0\u00bb1\/2&Prime; tablet_width_inherit=\u00a0\u00bbdefault\u00a0\u00bb tablet_text_alignment=\u00a0\u00bbdefault\u00a0\u00bb phone_text_alignment=\u00a0\u00bbdefault\u00a0\u00bb overlay_strength=\u00a0\u00bb0.3&Prime; column_border_width=\u00a0\u00bbnone\u00a0\u00bb column_border_style=\u00a0\u00bbsolid\u00a0\u00bb bg_image_animation=\u00a0\u00bbnone\u00a0\u00bb enable_animation=\u00a0\u00bbtrue\u00a0\u00bb animation=\u00a0\u00bbfade-in-from-right\u00a0\u00bb][image_with_animation image_url=\u00a0\u00bb6427&Prime; alignment=\u00a0\u00bbcenter\u00a0\u00bb animation=\u00a0\u00bbFade In\u00a0\u00bb hover_animation=\u00a0\u00bbzoom\u00a0\u00bb border_radius=\u00a0\u00bb5px\u00a0\u00bb box_shadow=\u00a0\u00bbmedium_depth\u00a0\u00bb image_loading=\u00a0\u00bbdefault\u00a0\u00bb max_width=\u00a0\u00bb100%\u00a0\u00bb max_width_mobile=\u00a0\u00bbdefault\u00a0\u00bb][\/vc_column][\/vc_row]\n","protected":false},"excerpt":{"rendered":"<p>[vc_row type=\u00a0\u00bbfull_width_background\u00a0\u00bb full_screen_row_position=\u00a0\u00bbmiddle\u00a0\u00bb equal_height=\u00a0\u00bbyes\u00a0\u00bb content_placement=\u00a0\u00bbmiddle\u00a0\u00bb column_margin=\u00a0\u00bbdefault\u00a0\u00bb scene_position=\u00a0\u00bbcenter\u00a0\u00bb text_color=\u00a0\u00bbdark\u00a0\u00bb text_align=\u00a0\u00bbleft\u00a0\u00bb top_padding=\u00a0\u00bb20&Prime; overlay_strength=\u00a0\u00bb0.3&Prime; shape_divider_position=\u00a0\u00bbbottom\u00a0\u00bb bg_image_animation=\u00a0\u00bbnone\u00a0\u00bb shape_type=\u00a0\u00bbcurve_opacity\u00a0\u00bb][vc_column column_padding=\u00a0\u00bbpadding-2-percent\u00a0\u00bb&#8230;<\/p>\n","protected":false},"author":1,"featured_media":0,"parent":0,"menu_order":0,"comment_status":"closed","ping_status":"closed","template":"","meta":[],"yoast_head":"<!-- This site is optimized with the Yoast SEO plugin v18.4.1 - https:\/\/yoast.com\/wordpress\/plugins\/seo\/ -->\n<title>Auto-\u00e9cole Beaupr\u00e9au-en-Mauges - CER Zebra Formations<\/title>\n<meta name=\"robots\" content=\"noindex, follow, max-snippet:-1, max-image-preview:large, max-video-preview:-1\" \/>\n<meta property=\"og:locale\" content=\"fr_FR\" \/>\n<meta property=\"og:type\" content=\"article\" \/>\n<meta property=\"og:title\" content=\"Auto-\u00e9cole Beaupr\u00e9au-en-Mauges - CER Zebra Formations\" \/>\n<meta property=\"og:description\" content=\"[vc_row type=\u00a0\u00bbfull_width_background\u00a0\u00bb full_screen_row_position=\u00a0\u00bbmiddle\u00a0\u00bb equal_height=\u00a0\u00bbyes\u00a0\u00bb content_placement=\u00a0\u00bbmiddle\u00a0\u00bb column_margin=\u00a0\u00bbdefault\u00a0\u00bb scene_position=\u00a0\u00bbcenter\u00a0\u00bb text_color=\u00a0\u00bbdark\u00a0\u00bb text_align=\u00a0\u00bbleft\u00a0\u00bb top_padding=\u00a0\u00bb20&Prime; overlay_strength=\u00a0\u00bb0.3&Prime; shape_divider_position=\u00a0\u00bbbottom\u00a0\u00bb bg_image_animation=\u00a0\u00bbnone\u00a0\u00bb shape_type=\u00a0\u00bbcurve_opacity\u00a0\u00bb][vc_column column_padding=\u00a0\u00bbpadding-2-percent\u00a0\u00bb...\" \/>\n<meta property=\"og:url\" content=\"http:\/\/de-vv.com\/zebra\/auto-ecole-beaupreau-en-mauges\/\" \/>\n<meta property=\"og:site_name\" content=\"CER Zebra Formations\" \/>\n<meta property=\"article:modified_time\" content=\"2021-03-20T17:21:42+00:00\" \/>\n<meta property=\"og:image\" content=\"https:\/\/s.w.org\/images\/core\/emoji\/13.0.1\/svg\/1f44d.svg\" \/>\n<meta name=\"twitter:card\" content=\"summary_large_image\" \/>\n<meta name=\"twitter:label1\" content=\"Dur\u00e9e de lecture estim\u00e9e\" \/>\n\t<meta name=\"twitter:data1\" content=\"1 minute\" \/>\n<script type=\"application\/ld+json\" class=\"yoast-schema-graph\">{\"@context\":\"https:\/\/schema.org\",\"@graph\":[{\"@type\":\"WebSite\",\"@id\":\"http:\/\/de-vv.com\/zebra\/#website\",\"url\":\"http:\/\/de-vv.com\/zebra\/\",\"name\":\"CER Zebra Formations\",\"description\":\"Mon auto-\u00e9cole \u00e0 Cholet, Vallet, Saint-Germain et Beaupr\u00e9au\",\"potentialAction\":[{\"@type\":\"SearchAction\",\"target\":{\"@type\":\"EntryPoint\",\"urlTemplate\":\"http:\/\/de-vv.com\/zebra\/?s={search_term_string}\"},\"query-input\":\"required name=search_term_string\"}],\"inLanguage\":\"fr-FR\"},{\"@type\":\"ImageObject\",\"@id\":\"http:\/\/de-vv.com\/zebra\/auto-ecole-beaupreau-en-mauges\/#primaryimage\",\"inLanguage\":\"fr-FR\",\"url\":\"https:\/\/s.w.org\/images\/core\/emoji\/13.0.1\/svg\/1f44d.svg\",\"contentUrl\":\"https:\/\/s.w.org\/images\/core\/emoji\/13.0.1\/svg\/1f44d.svg\"},{\"@type\":\"WebPage\",\"@id\":\"http:\/\/de-vv.com\/zebra\/auto-ecole-beaupreau-en-mauges\/#webpage\",\"url\":\"http:\/\/de-vv.com\/zebra\/auto-ecole-beaupreau-en-mauges\/\",\"name\":\"Auto-\u00e9cole Beaupr\u00e9au-en-Mauges - CER Zebra Formations\",\"isPartOf\":{\"@id\":\"http:\/\/de-vv.com\/zebra\/#website\"},\"primaryImageOfPage\":{\"@id\":\"http:\/\/de-vv.com\/zebra\/auto-ecole-beaupreau-en-mauges\/#primaryimage\"},\"datePublished\":\"2021-02-27T08:03:39+00:00\",\"dateModified\":\"2021-03-20T17:21:42+00:00\",\"breadcrumb\":{\"@id\":\"http:\/\/de-vv.com\/zebra\/auto-ecole-beaupreau-en-mauges\/#breadcrumb\"},\"inLanguage\":\"fr-FR\",\"potentialAction\":[{\"@type\":\"ReadAction\",\"target\":[\"http:\/\/de-vv.com\/zebra\/auto-ecole-beaupreau-en-mauges\/\"]}]},{\"@type\":\"BreadcrumbList\",\"@id\":\"http:\/\/de-vv.com\/zebra\/auto-ecole-beaupreau-en-mauges\/#breadcrumb\",\"itemListElement\":[{\"@type\":\"ListItem\",\"position\":1,\"name\":\"Accueil\",\"item\":\"http:\/\/de-vv.com\/zebra\/\"},{\"@type\":\"ListItem\",\"position\":2,\"name\":\"Auto-\u00e9cole Beaupr\u00e9au-en-Mauges\"}]}]}<\/script>\n<!-- \/ Yoast SEO plugin. -->","yoast_head_json":{"title":"Auto-\u00e9cole Beaupr\u00e9au-en-Mauges - CER Zebra Formations","robots":{"index":"noindex","follow":"follow","max-snippet":"max-snippet:-1","max-image-preview":"max-image-preview:large","max-video-preview":"max-video-preview:-1"},"og_locale":"fr_FR","og_type":"article","og_title":"Auto-\u00e9cole Beaupr\u00e9au-en-Mauges - CER Zebra Formations","og_description":"[vc_row type=\u00a0\u00bbfull_width_background\u00a0\u00bb full_screen_row_position=\u00a0\u00bbmiddle\u00a0\u00bb equal_height=\u00a0\u00bbyes\u00a0\u00bb content_placement=\u00a0\u00bbmiddle\u00a0\u00bb column_margin=\u00a0\u00bbdefault\u00a0\u00bb scene_position=\u00a0\u00bbcenter\u00a0\u00bb text_color=\u00a0\u00bbdark\u00a0\u00bb text_align=\u00a0\u00bbleft\u00a0\u00bb top_padding=\u00a0\u00bb20&Prime; overlay_strength=\u00a0\u00bb0.3&Prime; shape_divider_position=\u00a0\u00bbbottom\u00a0\u00bb bg_image_animation=\u00a0\u00bbnone\u00a0\u00bb shape_type=\u00a0\u00bbcurve_opacity\u00a0\u00bb][vc_column column_padding=\u00a0\u00bbpadding-2-percent\u00a0\u00bb...","og_url":"http:\/\/de-vv.com\/zebra\/auto-ecole-beaupreau-en-mauges\/","og_site_name":"CER Zebra Formations","article_modified_time":"2021-03-20T17:21:42+00:00","og_image":[{"url":"https:\/\/s.w.org\/images\/core\/emoji\/13.0.1\/svg\/1f44d.svg"}],"twitter_card":"summary_large_image","twitter_misc":{"Dur\u00e9e de lecture estim\u00e9e":"1 minute"},"schema":{"@context":"https:\/\/schema.org","@graph":[{"@type":"WebSite","@id":"http:\/\/de-vv.com\/zebra\/#website","url":"http:\/\/de-vv.com\/zebra\/","name":"CER Zebra Formations","description":"Mon auto-\u00e9cole \u00e0 Cholet, Vallet, Saint-Germain et Beaupr\u00e9au","potentialAction":[{"@type":"SearchAction","target":{"@type":"EntryPoint","urlTemplate":"http:\/\/de-vv.com\/zebra\/?s={search_term_string}"},"query-input":"required name=search_term_string"}],"inLanguage":"fr-FR"},{"@type":"ImageObject","@id":"http:\/\/de-vv.com\/zebra\/auto-ecole-beaupreau-en-mauges\/#primaryimage","inLanguage":"fr-FR","url":"https:\/\/s.w.org\/images\/core\/emoji\/13.0.1\/svg\/1f44d.svg","contentUrl":"https:\/\/s.w.org\/images\/core\/emoji\/13.0.1\/svg\/1f44d.svg"},{"@type":"WebPage","@id":"http:\/\/de-vv.com\/zebra\/auto-ecole-beaupreau-en-mauges\/#webpage","url":"http:\/\/de-vv.com\/zebra\/auto-ecole-beaupreau-en-mauges\/","name":"Auto-\u00e9cole Beaupr\u00e9au-en-Mauges - CER Zebra Formations","isPartOf":{"@id":"http:\/\/de-vv.com\/zebra\/#website"},"primaryImageOfPage":{"@id":"http:\/\/de-vv.com\/zebra\/auto-ecole-beaupreau-en-mauges\/#primaryimage"},"datePublished":"2021-02-27T08:03:39+00:00","dateModified":"2021-03-20T17:21:42+00:00","breadcrumb":{"@id":"http:\/\/de-vv.com\/zebra\/auto-ecole-beaupreau-en-mauges\/#breadcrumb"},"inLanguage":"fr-FR","potentialAction":[{"@type":"ReadAction","target":["http:\/\/de-vv.com\/zebra\/auto-ecole-beaupreau-en-mauges\/"]}]},{"@type":"BreadcrumbList","@id":"http:\/\/de-vv.com\/zebra\/auto-ecole-beaupreau-en-mauges\/#breadcrumb","itemListElement":[{"@type":"ListItem","position":1,"name":"Accueil","item":"http:\/\/de-vv.com\/zebra\/"},{"@type":"ListItem","position":2,"name":"Auto-\u00e9cole Beaupr\u00e9au-en-Mauges"}]}]}},"_links":{"self":[{"href":"http:\/\/de-vv.com\/zebra\/wp-json\/wp\/v2\/pages\/6440"}],"collection":[{"href":"http:\/\/de-vv.com\/zebra\/wp-json\/wp\/v2\/pages"}],"about":[{"href":"http:\/\/de-vv.com\/zebra\/wp-json\/wp\/v2\/types\/page"}],"author":[{"embeddable":true,"href":"http:\/\/de-vv.com\/zebra\/wp-json\/wp\/v2\/users\/1"}],"replies":[{"embeddable":true,"href":"http:\/\/de-vv.com\/zebra\/wp-json\/wp\/v2\/comments?post=6440"}],"version-history":[{"count":4,"href":"http:\/\/de-vv.com\/zebra\/wp-json\/wp\/v2\/pages\/6440\/revisions"}],"predecessor-version":[{"id":6661,"href":"http:\/\/de-vv.com\/zebra\/wp-json\/wp\/v2\/pages\/6440\/revisions\/6661"}],"wp:attachment":[{"href":"http:\/\/de-vv.com\/zebra\/wp-json\/wp\/v2\/media?parent=6440"}],"curies":[{"name":"wp","href":"https:\/\/api.w.org\/{rel}","templated":true}]}}