{"id":6640,"date":"2021-03-14T15:33:27","date_gmt":"2021-03-14T14:33:27","guid":{"rendered":"http:\/\/de-vv.com\/zebra\/?page_id=6640"},"modified":"2021-03-14T15:51:20","modified_gmt":"2021-03-14T14:51:20","slug":"mentions-legales","status":"publish","type":"page","link":"http:\/\/de-vv.com\/zebra\/mentions-legales\/","title":{"rendered":"Mentions l\u00e9gales"},"content":{"rendered":"[vc_row type=\u00a0\u00bbfull_width_background\u00a0\u00bb full_screen_row_position=\u00a0\u00bbmiddle\u00a0\u00bb column_margin=\u00a0\u00bbdefault\u00a0\u00bb scene_position=\u00a0\u00bbcenter\u00a0\u00bb text_color=\u00a0\u00bbdark\u00a0\u00bb text_align=\u00a0\u00bbleft\u00a0\u00bb top_padding=\u00a0\u00bb20&Prime; bottom_padding=\u00a0\u00bb20&Prime; overlay_strength=\u00a0\u00bb0.3&Prime; shape_divider_position=\u00a0\u00bbbottom\u00a0\u00bb bg_image_animation=\u00a0\u00bbnone\u00a0\u00bb shape_type=\u00a0\u00bb\u00a0\u00bb][vc_column column_padding=\u00a0\u00bbno-extra-padding\u00a0\u00bb column_padding_position=\u00a0\u00bball\u00a0\u00bb background_color_opacity=\u00a0\u00bb1&Prime; background_hover_color_opacity=\u00a0\u00bb1&Prime; column_link_target=\u00a0\u00bb_self\u00a0\u00bb column_shadow=\u00a0\u00bbnone\u00a0\u00bb column_border_radius=\u00a0\u00bbnone\u00a0\u00bb width=\u00a0\u00bb1\/6&Prime; tablet_width_inherit=\u00a0\u00bbdefault\u00a0\u00bb tablet_text_alignment=\u00a0\u00bbdefault\u00a0\u00bb phone_text_alignment=\u00a0\u00bbdefault\u00a0\u00bb overlay_strength=\u00a0\u00bb0.3&Prime; column_border_width=\u00a0\u00bbnone\u00a0\u00bb column_border_style=\u00a0\u00bbsolid\u00a0\u00bb bg_image_animation=\u00a0\u00bbnone\u00a0\u00bb][\/vc_column][vc_column column_padding=\u00a0\u00bbpadding-2-percent\u00a0\u00bb column_padding_position=\u00a0\u00bball\u00a0\u00bb background_color_opacity=\u00a0\u00bb1&Prime; background_hover_color_opacity=\u00a0\u00bb1&Prime; column_link_target=\u00a0\u00bb_self\u00a0\u00bb column_shadow=\u00a0\u00bbnone\u00a0\u00bb column_border_radius=\u00a0\u00bbnone\u00a0\u00bb width=\u00a0\u00bb2\/3&Prime; tablet_width_inherit=\u00a0\u00bbdefault\u00a0\u00bb tablet_text_alignment=\u00a0\u00bbdefault\u00a0\u00bb phone_text_alignment=\u00a0\u00bbdefault\u00a0\u00bb overlay_strength=\u00a0\u00bb0.3&Prime; column_border_width=\u00a0\u00bbnone\u00a0\u00bb column_border_style=\u00a0\u00bbsolid\u00a0\u00bb bg_image_animation=\u00a0\u00bbnone\u00a0\u00bb][vc_column_text]\n<div class=\"wpb_text_column wpb_content_element vc_custom_1528009475326 lazyloaded\" style=\"text-align: center;\">\n<div class=\"wpb_wrapper lazyloaded\">\n<h1>Mentions l\u00e9gales<\/h1>\n<\/div>\n<\/div>\n[\/vc_column_text][divider line_type=\u00a0\u00bbSmall Line\u00a0\u00bb line_alignment=\u00a0\u00bbcenter\u00a0\u00bb line_thickness=\u00a0\u00bb3&Prime; divider_color=\u00a0\u00bbaccent-color\u00a0\u00bb custom_height=\u00a0\u00bb20&Prime;][\/vc_column][vc_column column_padding=\u00a0\u00bbno-extra-padding\u00a0\u00bb column_padding_position=\u00a0\u00bball\u00a0\u00bb background_color_opacity=\u00a0\u00bb1&Prime; background_hover_color_opacity=\u00a0\u00bb1&Prime; column_link_target=\u00a0\u00bb_self\u00a0\u00bb column_shadow=\u00a0\u00bbnone\u00a0\u00bb column_border_radius=\u00a0\u00bbnone\u00a0\u00bb width=\u00a0\u00bb1\/6&Prime; tablet_width_inherit=\u00a0\u00bbdefault\u00a0\u00bb tablet_text_alignment=\u00a0\u00bbdefault\u00a0\u00bb phone_text_alignment=\u00a0\u00bbdefault\u00a0\u00bb overlay_strength=\u00a0\u00bb0.3&Prime; column_border_width=\u00a0\u00bbnone\u00a0\u00bb column_border_style=\u00a0\u00bbsolid\u00a0\u00bb bg_image_animation=\u00a0\u00bbnone\u00a0\u00bb][\/vc_column][\/vc_row][vc_row type=\u00a0\u00bbfull_width_background\u00a0\u00bb full_screen_row_position=\u00a0\u00bbmiddle\u00a0\u00bb column_margin=\u00a0\u00bbdefault\u00a0\u00bb scene_position=\u00a0\u00bbcenter\u00a0\u00bb text_color=\u00a0\u00bbdark\u00a0\u00bb text_align=\u00a0\u00bbleft\u00a0\u00bb top_padding=\u00a0\u00bb20&Prime; bottom_padding=\u00a0\u00bb20&Prime; overlay_strength=\u00a0\u00bb0.3&Prime; shape_divider_position=\u00a0\u00bbbottom\u00a0\u00bb bg_image_animation=\u00a0\u00bbnone\u00a0\u00bb shape_type=\u00a0\u00bb\u00a0\u00bb][vc_column column_padding=\u00a0\u00bbno-extra-padding\u00a0\u00bb column_padding_position=\u00a0\u00bball\u00a0\u00bb background_color_opacity=\u00a0\u00bb1&Prime; background_hover_color_opacity=\u00a0\u00bb1&Prime; column_link_target=\u00a0\u00bb_self\u00a0\u00bb column_shadow=\u00a0\u00bbnone\u00a0\u00bb column_border_radius=\u00a0\u00bbnone\u00a0\u00bb width=\u00a0\u00bb1\/6&Prime; tablet_width_inherit=\u00a0\u00bbdefault\u00a0\u00bb tablet_text_alignment=\u00a0\u00bbdefault\u00a0\u00bb phone_text_alignment=\u00a0\u00bbdefault\u00a0\u00bb overlay_strength=\u00a0\u00bb0.3&Prime; column_border_width=\u00a0\u00bbnone\u00a0\u00bb column_border_style=\u00a0\u00bbsolid\u00a0\u00bb bg_image_animation=\u00a0\u00bbnone\u00a0\u00bb][\/vc_column][vc_column column_padding=\u00a0\u00bbpadding-2-percent\u00a0\u00bb column_padding_position=\u00a0\u00bball\u00a0\u00bb background_color=\u00a0\u00bb#ffffff\u00a0\u00bb background_color_opacity=\u00a0\u00bb1&Prime; background_hover_color_opacity=\u00a0\u00bb1&Prime; column_link_target=\u00a0\u00bb_self\u00a0\u00bb column_shadow=\u00a0\u00bbsmall_depth\u00a0\u00bb column_border_radius=\u00a0\u00bb5px\u00a0\u00bb width=\u00a0\u00bb2\/3&Prime; tablet_width_inherit=\u00a0\u00bbdefault\u00a0\u00bb tablet_text_alignment=\u00a0\u00bbdefault\u00a0\u00bb phone_text_alignment=\u00a0\u00bbdefault\u00a0\u00bb overlay_strength=\u00a0\u00bb0.3&Prime; column_border_width=\u00a0\u00bbnone\u00a0\u00bb bg_image_animation=\u00a0\u00bbnone\u00a0\u00bb][vc_column_text]<span style=\"font-size: 16px;\">Le pr\u00e9sent site web <\/span><em style=\"font-size: 16px;\">(ci-apr\u00e8s le \u00ab Site \u00bb)<\/em><span style=\"font-size: 16px;\">\u00a0est la propri\u00e9t\u00e9 de ECOLE DE CONDUITE ZEBRA FORMATIONS, SARL unipersonnelle au capital de 5 000\u20ac, dont le si\u00e8ge social est situ\u00e9 au 11 rue de la Vend\u00e9e 49300 CHOLET (France).<\/span><\/p>\n<p>ECOLE DE CONDUITE ZEBRA FORMATIONS est immatricul\u00e9e au registre du commerce et des soci\u00e9t\u00e9s d\u2019Angers sous le num\u00e9ro SIREN 790 163 935 (Code NAF 7010Z).<\/p>\n<p>ECOLE DE CONDUITE ZEBRA FORMATIONS exploite trois \u00e9tablissements d\u2019enseignement de la conduite et de la s\u00e9curit\u00e9 routi\u00e8re :<\/p>\n<ul>\n<li>CER ZEBRA FORMATIONS \u00e0 Cholet (49300), num\u00e9ro d\u2019agr\u00e9ment : E1304900030<\/li>\n<li>CER ZEBRA FORMATIONS \u00e0 Saint-Germain-sur-Moine (49230), num\u00e9ro d\u2019agr\u00e9ment : E1804900080<\/li>\n<li>CER ZEBRA FORMATIONS \u00e0 Valet (44330), num\u00e9ro d\u2019agr\u00e9ment : E1804400050<\/li>\n<\/ul>\n<p>Le directeur de la publication est Monsieur Pierre FRUGIER.<\/p>\n<p>Email : pierre.frugier[at]cer-reseau.com<\/p>\n<p>T\u00e9l\u00e9phone : 02 53 69 38 36<\/p>\n<h2 style=\"margin-bottom: 15px;\">M\u00e9diateur<\/h2>\n<p>En cas de litige \u00e0 raison du pr\u00e9sent contrat, l\u2019\u00e9l\u00e8ve peut exercer un recours amiable aupr\u00e8s de l\u2019ECOLE DE CONDUITE ZEBRA FORMATIONS.\u00a0 Ce recours doit \u00eatre formul\u00e9 par lettre recommand\u00e9e avec avis de r\u00e9ception.\u00a0 L\u2019ECOLE DE CONDUITE ZEBRA FORMATIONS s\u2019engage \u00e0 r\u00e9pondre par \u00e9crit dans le d\u00e9lai de sept (7) jours ouvrables \u00e0 compter de la r\u00e9ception de la lettre de recours amiable de l\u2019\u00e9l\u00e8ve.\u00a0 La r\u00e9ponse \u00e9crite est adress\u00e9e \u00e0 l\u2019\u00e9l\u00e8ve par lettre recommand\u00e9e avec avis de r\u00e9ception.<\/p>\n<p>L\u2019\u00e9l\u00e8ve peut recourir gratuitement, dans les conditions pr\u00e9vues aux articles L.612-1 et suivants et R.612-1 et suivants du code de la consommation, \u00e0 un m\u00e9diateur de la consommation en vue de la r\u00e9solution amiable de tout litige l\u2019opposant \u00e0 l\u2019ECOLE DE CONDUITE ZEBRA FORMATIONS.<\/p>\n<p>Les coordonn\u00e9es du m\u00e9diateur de la consommation de l\u2019ECOLE DE CONDUITE ZEBRA FORMATIONS sont les suivantes :<\/p>\n<p><strong>Association des M\u00e9diateurs Europ\u00e9ens (A.M.E.)<\/strong><br \/>\n197 boulevard Saint-Germain 75007 Paris<br \/>\nt\u00e9l\u00e9phone\u00a0: 09.53.01.02.69.<br \/>\nsite internet\u00a0:\u00a0<a href=\"http:\/\/www.mediationconso-ame.com\/\">www.mediationconso-ame.com<\/a><\/p>\n<p>courriel\u00a0: saisine@mediationconso-ame.com<\/p>\n<h2 style=\"margin-bottom: 15px;\">R\u00e9alisation du site<\/h2>\n<p>La conception, le design et le d\u00e9veloppement technique du site a \u00e9t\u00e9 r\u00e9alis\u00e9 par VROOM FRANCE SASU, dont le si\u00e8ge social est situ\u00e9 13 Rue Olier 75015 Paris (France).<\/p>\n<p>VROOM FRANCE SASU est enregistr\u00e9 au RCS de Paris sous le num\u00e9ro SIRET 828 888 289 00018 (Code NAF 6311Z)<\/p>\n<p>T\u00e9l\u00e9phone: 01 85 08 47 51<\/p>\n<p>Site web:\u00a0<a href=\"http:\/\/www.vroomvroom.fr\/\" target=\"_blank\" rel=\"noopener noreferrer\">www.vroomvroom.fr<\/a><\/p>\n<p>Vroomvroom.fr est un comparateur d\u2019auto-\u00e9coles et de\u00a0<a href=\"https:\/\/www.vroomvroom.fr\/code-de-la-route\" target=\"_blank\" rel=\"noopener noreferrer\">centres d\u2019examen du code de la route<\/a>.<\/p>\n<h2 style=\"margin-bottom: 15px;\">H\u00e9bergeur<\/h2>\n<p>Le pr\u00e9sent site est h\u00e9berg\u00e9 par OVH SAS.<\/p>\n<p>Si\u00e8ge social : 2 rue Kellermann 59100 Roubaix\u00a0<em>(France)<\/em><\/p>\n<p>OVH SAS est enregistr\u00e9e au RCS de Lille M\u00e9tropole sous le num\u00e9ro SIRET\u00a0: 424 761 419 00045\u00a0<em>(Code NAF 2620Z)<\/em>.<\/p>\n<p>Num\u00e9ro de TVA intracommunautaire\u00a0: FR 22 424 761\u00a0419[\/vc_column_text][\/vc_column][vc_column column_padding=\u00a0\u00bbno-extra-padding\u00a0\u00bb column_padding_position=\u00a0\u00bball\u00a0\u00bb background_color_opacity=\u00a0\u00bb1&Prime; background_hover_color_opacity=\u00a0\u00bb1&Prime; column_link_target=\u00a0\u00bb_self\u00a0\u00bb column_shadow=\u00a0\u00bbnone\u00a0\u00bb column_border_radius=\u00a0\u00bbnone\u00a0\u00bb width=\u00a0\u00bb1\/6&Prime; tablet_width_inherit=\u00a0\u00bbdefault\u00a0\u00bb tablet_text_alignment=\u00a0\u00bbdefault\u00a0\u00bb phone_text_alignment=\u00a0\u00bbdefault\u00a0\u00bb overlay_strength=\u00a0\u00bb0.3&Prime; column_border_width=\u00a0\u00bbnone\u00a0\u00bb column_border_style=\u00a0\u00bbsolid\u00a0\u00bb bg_image_animation=\u00a0\u00bbnone\u00a0\u00bb][\/vc_column][\/vc_row]\n","protected":false},"excerpt":{"rendered":"<p>[vc_row type=\u00a0\u00bbfull_width_background\u00a0\u00bb full_screen_row_position=\u00a0\u00bbmiddle\u00a0\u00bb column_margin=\u00a0\u00bbdefault\u00a0\u00bb scene_position=\u00a0\u00bbcenter\u00a0\u00bb text_color=\u00a0\u00bbdark\u00a0\u00bb text_align=\u00a0\u00bbleft\u00a0\u00bb top_padding=\u00a0\u00bb20&Prime; bottom_padding=\u00a0\u00bb20&Prime; overlay_strength=\u00a0\u00bb0.3&Prime; shape_divider_position=\u00a0\u00bbbottom\u00a0\u00bb bg_image_animation=\u00a0\u00bbnone\u00a0\u00bb shape_type=\u00a0\u00bb\u00a0\u00bb][vc_column column_padding=\u00a0\u00bbno-extra-padding\u00a0\u00bb column_padding_position=\u00a0\u00bball\u00a0\u00bb&#8230;<\/p>\n","protected":false},"author":1,"featured_media":0,"parent":0,"menu_order":0,"comment_status":"closed","ping_status":"closed","template":"","meta":[],"yoast_head":"<!-- This site is optimized with the Yoast SEO plugin v18.4.1 - https:\/\/yoast.com\/wordpress\/plugins\/seo\/ -->\n<title>Mentions l\u00e9gales - CER Zebra Formations<\/title>\n<meta name=\"robots\" content=\"noindex, follow, max-snippet:-1, max-image-preview:large, max-video-preview:-1\" \/>\n<meta property=\"og:locale\" content=\"fr_FR\" \/>\n<meta property=\"og:type\" content=\"article\" \/>\n<meta property=\"og:title\" content=\"Mentions l\u00e9gales - CER Zebra Formations\" \/>\n<meta property=\"og:description\" content=\"[vc_row type=\u00a0\u00bbfull_width_background\u00a0\u00bb full_screen_row_position=\u00a0\u00bbmiddle\u00a0\u00bb column_margin=\u00a0\u00bbdefault\u00a0\u00bb scene_position=\u00a0\u00bbcenter\u00a0\u00bb text_color=\u00a0\u00bbdark\u00a0\u00bb text_align=\u00a0\u00bbleft\u00a0\u00bb top_padding=\u00a0\u00bb20&Prime; bottom_padding=\u00a0\u00bb20&Prime; overlay_strength=\u00a0\u00bb0.3&Prime; shape_divider_position=\u00a0\u00bbbottom\u00a0\u00bb bg_image_animation=\u00a0\u00bbnone\u00a0\u00bb shape_type=\u00a0\u00bb\u00a0\u00bb][vc_column column_padding=\u00a0\u00bbno-extra-padding\u00a0\u00bb column_padding_position=\u00a0\u00bball\u00a0\u00bb...\" \/>\n<meta property=\"og:url\" content=\"http:\/\/de-vv.com\/zebra\/mentions-legales\/\" \/>\n<meta property=\"og:site_name\" content=\"CER Zebra Formations\" \/>\n<meta property=\"article:modified_time\" content=\"2021-03-14T14:51:20+00:00\" \/>\n<meta name=\"twitter:card\" content=\"summary_large_image\" \/>\n<meta name=\"twitter:label1\" content=\"Dur\u00e9e de lecture estim\u00e9e\" \/>\n\t<meta name=\"twitter:data1\" content=\"3 minutes\" \/>\n<script type=\"application\/ld+json\" class=\"yoast-schema-graph\">{\"@context\":\"https:\/\/schema.org\",\"@graph\":[{\"@type\":\"WebSite\",\"@id\":\"http:\/\/de-vv.com\/zebra\/#website\",\"url\":\"http:\/\/de-vv.com\/zebra\/\",\"name\":\"CER Zebra Formations\",\"description\":\"Mon auto-\u00e9cole \u00e0 Cholet, Vallet, Saint-Germain et Beaupr\u00e9au\",\"potentialAction\":[{\"@type\":\"SearchAction\",\"target\":{\"@type\":\"EntryPoint\",\"urlTemplate\":\"http:\/\/de-vv.com\/zebra\/?s={search_term_string}\"},\"query-input\":\"required name=search_term_string\"}],\"inLanguage\":\"fr-FR\"},{\"@type\":\"WebPage\",\"@id\":\"http:\/\/de-vv.com\/zebra\/mentions-legales\/#webpage\",\"url\":\"http:\/\/de-vv.com\/zebra\/mentions-legales\/\",\"name\":\"Mentions l\u00e9gales - CER Zebra Formations\",\"isPartOf\":{\"@id\":\"http:\/\/de-vv.com\/zebra\/#website\"},\"datePublished\":\"2021-03-14T14:33:27+00:00\",\"dateModified\":\"2021-03-14T14:51:20+00:00\",\"breadcrumb\":{\"@id\":\"http:\/\/de-vv.com\/zebra\/mentions-legales\/#breadcrumb\"},\"inLanguage\":\"fr-FR\",\"potentialAction\":[{\"@type\":\"ReadAction\",\"target\":[\"http:\/\/de-vv.com\/zebra\/mentions-legales\/\"]}]},{\"@type\":\"BreadcrumbList\",\"@id\":\"http:\/\/de-vv.com\/zebra\/mentions-legales\/#breadcrumb\",\"itemListElement\":[{\"@type\":\"ListItem\",\"position\":1,\"name\":\"Accueil\",\"item\":\"http:\/\/de-vv.com\/zebra\/\"},{\"@type\":\"ListItem\",\"position\":2,\"name\":\"Mentions l\u00e9gales\"}]}]}<\/script>\n<!-- \/ Yoast SEO plugin. -->","yoast_head_json":{"title":"Mentions l\u00e9gales - CER Zebra Formations","robots":{"index":"noindex","follow":"follow","max-snippet":"max-snippet:-1","max-image-preview":"max-image-preview:large","max-video-preview":"max-video-preview:-1"},"og_locale":"fr_FR","og_type":"article","og_title":"Mentions l\u00e9gales - CER Zebra Formations","og_description":"[vc_row type=\u00a0\u00bbfull_width_background\u00a0\u00bb full_screen_row_position=\u00a0\u00bbmiddle\u00a0\u00bb column_margin=\u00a0\u00bbdefault\u00a0\u00bb scene_position=\u00a0\u00bbcenter\u00a0\u00bb text_color=\u00a0\u00bbdark\u00a0\u00bb text_align=\u00a0\u00bbleft\u00a0\u00bb top_padding=\u00a0\u00bb20&Prime; bottom_padding=\u00a0\u00bb20&Prime; overlay_strength=\u00a0\u00bb0.3&Prime; shape_divider_position=\u00a0\u00bbbottom\u00a0\u00bb bg_image_animation=\u00a0\u00bbnone\u00a0\u00bb shape_type=\u00a0\u00bb\u00a0\u00bb][vc_column column_padding=\u00a0\u00bbno-extra-padding\u00a0\u00bb column_padding_position=\u00a0\u00bball\u00a0\u00bb...","og_url":"http:\/\/de-vv.com\/zebra\/mentions-legales\/","og_site_name":"CER Zebra Formations","article_modified_time":"2021-03-14T14:51:20+00:00","twitter_card":"summary_large_image","twitter_misc":{"Dur\u00e9e de lecture estim\u00e9e":"3 minutes"},"schema":{"@context":"https:\/\/schema.org","@graph":[{"@type":"WebSite","@id":"http:\/\/de-vv.com\/zebra\/#website","url":"http:\/\/de-vv.com\/zebra\/","name":"CER Zebra Formations","description":"Mon auto-\u00e9cole \u00e0 Cholet, Vallet, Saint-Germain et Beaupr\u00e9au","potentialAction":[{"@type":"SearchAction","target":{"@type":"EntryPoint","urlTemplate":"http:\/\/de-vv.com\/zebra\/?s={search_term_string}"},"query-input":"required name=search_term_string"}],"inLanguage":"fr-FR"},{"@type":"WebPage","@id":"http:\/\/de-vv.com\/zebra\/mentions-legales\/#webpage","url":"http:\/\/de-vv.com\/zebra\/mentions-legales\/","name":"Mentions l\u00e9gales - CER Zebra Formations","isPartOf":{"@id":"http:\/\/de-vv.com\/zebra\/#website"},"datePublished":"2021-03-14T14:33:27+00:00","dateModified":"2021-03-14T14:51:20+00:00","breadcrumb":{"@id":"http:\/\/de-vv.com\/zebra\/mentions-legales\/#breadcrumb"},"inLanguage":"fr-FR","potentialAction":[{"@type":"ReadAction","target":["http:\/\/de-vv.com\/zebra\/mentions-legales\/"]}]},{"@type":"BreadcrumbList","@id":"http:\/\/de-vv.com\/zebra\/mentions-legales\/#breadcrumb","itemListElement":[{"@type":"ListItem","position":1,"name":"Accueil","item":"http:\/\/de-vv.com\/zebra\/"},{"@type":"ListItem","position":2,"name":"Mentions l\u00e9gales"}]}]}},"_links":{"self":[{"href":"http:\/\/de-vv.com\/zebra\/wp-json\/wp\/v2\/pages\/6640"}],"collection":[{"href":"http:\/\/de-vv.com\/zebra\/wp-json\/wp\/v2\/pages"}],"about":[{"href":"http:\/\/de-vv.com\/zebra\/wp-json\/wp\/v2\/types\/page"}],"author":[{"embeddable":true,"href":"http:\/\/de-vv.com\/zebra\/wp-json\/wp\/v2\/users\/1"}],"replies":[{"embeddable":true,"href":"http:\/\/de-vv.com\/zebra\/wp-json\/wp\/v2\/comments?post=6640"}],"version-history":[{"count":3,"href":"http:\/\/de-vv.com\/zebra\/wp-json\/wp\/v2\/pages\/6640\/revisions"}],"predecessor-version":[{"id":6643,"href":"http:\/\/de-vv.com\/zebra\/wp-json\/wp\/v2\/pages\/6640\/revisions\/6643"}],"wp:attachment":[{"href":"http:\/\/de-vv.com\/zebra\/wp-json\/wp\/v2\/media?parent=6640"}],"curies":[{"name":"wp","href":"https:\/\/api.w.org\/{rel}","templated":true}]}}