{"id":61,"date":"2022-04-24T10:13:52","date_gmt":"2022-04-24T08:13:52","guid":{"rendered":"https:\/\/de-vv.com\/acr\/?page_id=61"},"modified":"2022-04-24T10:13:52","modified_gmt":"2022-04-24T08:13:52","slug":"financement-cpf","status":"publish","type":"page","link":"https:\/\/de-vv.com\/acr\/financement-cpf\/","title":{"rendered":"Financement CPF"},"content":{"rendered":"","protected":false},"excerpt":{"rendered":"","protected":false},"author":1,"featured_media":0,"parent":0,"menu_order":0,"comment_status":"closed","ping_status":"closed","template":"","meta":[],"yoast_head":"<!-- This site is optimized with the Yoast SEO plugin v20.5 - https:\/\/yoast.com\/wordpress\/plugins\/seo\/ -->\n<title>Financement CPF - Auto-\u00e9cole ACR<\/title>\n<meta name=\"robots\" content=\"noindex, follow, max-snippet:-1, max-image-preview:large, max-video-preview:-1\" \/>\n<meta property=\"og:locale\" content=\"fr_FR\" \/>\n<meta property=\"og:type\" content=\"article\" \/>\n<meta property=\"og:title\" content=\"Financement CPF - Auto-\u00e9cole ACR\" \/>\n<meta property=\"og:url\" content=\"https:\/\/de-vv.com\/acr\/financement-cpf\/\" \/>\n<meta property=\"og:site_name\" content=\"Auto-\u00e9cole ACR\" \/>\n<meta name=\"twitter:card\" content=\"summary_large_image\" \/>\n<script type=\"application\/ld+json\" class=\"yoast-schema-graph\">{\"@context\":\"https:\/\/schema.org\",\"@graph\":[{\"@type\":\"WebPage\",\"@id\":\"https:\/\/de-vv.com\/acr\/financement-cpf\/\",\"url\":\"https:\/\/de-vv.com\/acr\/financement-cpf\/\",\"name\":\"Financement CPF - Auto-\u00e9cole ACR\",\"isPartOf\":{\"@id\":\"https:\/\/de-vv.com\/acr\/#website\"},\"datePublished\":\"2022-04-24T08:13:52+00:00\",\"dateModified\":\"2022-04-24T08:13:52+00:00\",\"breadcrumb\":{\"@id\":\"https:\/\/de-vv.com\/acr\/financement-cpf\/#breadcrumb\"},\"inLanguage\":\"fr-FR\",\"potentialAction\":[{\"@type\":\"ReadAction\",\"target\":[\"https:\/\/de-vv.com\/acr\/financement-cpf\/\"]}]},{\"@type\":\"BreadcrumbList\",\"@id\":\"https:\/\/de-vv.com\/acr\/financement-cpf\/#breadcrumb\",\"itemListElement\":[{\"@type\":\"ListItem\",\"position\":1,\"name\":\"Accueil\",\"item\":\"https:\/\/de-vv.com\/acr\/\"},{\"@type\":\"ListItem\",\"position\":2,\"name\":\"Financement CPF\"}]},{\"@type\":\"WebSite\",\"@id\":\"https:\/\/de-vv.com\/acr\/#website\",\"url\":\"https:\/\/de-vv.com\/acr\/\",\"name\":\"Auto-\u00e9cole ACR\",\"description\":\"Votre auto-\u00c9cole \u00e0 Argenteuil\",\"potentialAction\":[{\"@type\":\"SearchAction\",\"target\":{\"@type\":\"EntryPoint\",\"urlTemplate\":\"https:\/\/de-vv.com\/acr\/?s={search_term_string}\"},\"query-input\":\"required name=search_term_string\"}],\"inLanguage\":\"fr-FR\"}]}<\/script>\n<!-- \/ Yoast SEO plugin. -->","yoast_head_json":{"title":"Financement CPF - Auto-\u00e9cole ACR","robots":{"index":"noindex","follow":"follow","max-snippet":"max-snippet:-1","max-image-preview":"max-image-preview:large","max-video-preview":"max-video-preview:-1"},"og_locale":"fr_FR","og_type":"article","og_title":"Financement CPF - Auto-\u00e9cole ACR","og_url":"https:\/\/de-vv.com\/acr\/financement-cpf\/","og_site_name":"Auto-\u00e9cole ACR","twitter_card":"summary_large_image","schema":{"@context":"https:\/\/schema.org","@graph":[{"@type":"WebPage","@id":"https:\/\/de-vv.com\/acr\/financement-cpf\/","url":"https:\/\/de-vv.com\/acr\/financement-cpf\/","name":"Financement CPF - Auto-\u00e9cole ACR","isPartOf":{"@id":"https:\/\/de-vv.com\/acr\/#website"},"datePublished":"2022-04-24T08:13:52+00:00","dateModified":"2022-04-24T08:13:52+00:00","breadcrumb":{"@id":"https:\/\/de-vv.com\/acr\/financement-cpf\/#breadcrumb"},"inLanguage":"fr-FR","potentialAction":[{"@type":"ReadAction","target":["https:\/\/de-vv.com\/acr\/financement-cpf\/"]}]},{"@type":"BreadcrumbList","@id":"https:\/\/de-vv.com\/acr\/financement-cpf\/#breadcrumb","itemListElement":[{"@type":"ListItem","position":1,"name":"Accueil","item":"https:\/\/de-vv.com\/acr\/"},{"@type":"ListItem","position":2,"name":"Financement CPF"}]},{"@type":"WebSite","@id":"https:\/\/de-vv.com\/acr\/#website","url":"https:\/\/de-vv.com\/acr\/","name":"Auto-\u00e9cole ACR","description":"Votre auto-\u00c9cole \u00e0 Argenteuil","potentialAction":[{"@type":"SearchAction","target":{"@type":"EntryPoint","urlTemplate":"https:\/\/de-vv.com\/acr\/?s={search_term_string}"},"query-input":"required name=search_term_string"}],"inLanguage":"fr-FR"}]}},"_links":{"self":[{"href":"https:\/\/de-vv.com\/acr\/wp-json\/wp\/v2\/pages\/61"}],"collection":[{"href":"https:\/\/de-vv.com\/acr\/wp-json\/wp\/v2\/pages"}],"about":[{"href":"https:\/\/de-vv.com\/acr\/wp-json\/wp\/v2\/types\/page"}],"author":[{"embeddable":true,"href":"https:\/\/de-vv.com\/acr\/wp-json\/wp\/v2\/users\/1"}],"replies":[{"embeddable":true,"href":"https:\/\/de-vv.com\/acr\/wp-json\/wp\/v2\/comments?post=61"}],"version-history":[{"count":1,"href":"https:\/\/de-vv.com\/acr\/wp-json\/wp\/v2\/pages\/61\/revisions"}],"predecessor-version":[{"id":62,"href":"https:\/\/de-vv.com\/acr\/wp-json\/wp\/v2\/pages\/61\/revisions\/62"}],"wp:attachment":[{"href":"https:\/\/de-vv.com\/acr\/wp-json\/wp\/v2\/media?parent=61"}],"curies":[{"name":"wp","href":"https:\/\/api.w.org\/{rel}","templated":true}]}}