{"id":19,"date":"2023-04-02T20:42:40","date_gmt":"2023-04-02T18:42:40","guid":{"rendered":"https:\/\/de-vv.com\/aeducentre\/?page_id=19"},"modified":"2023-04-13T13:46:55","modified_gmt":"2023-04-13T11:46:55","slug":"avis","status":"publish","type":"page","link":"https:\/\/de-vv.com\/aeducentre\/avis\/","title":{"rendered":"Avis"},"content":{"rendered":"[vc_row type=\u00a0\u00bbin_container\u00a0\u00bb full_screen_row_position=\u00a0\u00bbmiddle\u00a0\u00bb column_margin=\u00a0\u00bbdefault\u00a0\u00bb scene_position=\u00a0\u00bbcenter\u00a0\u00bb text_color=\u00a0\u00bbdark\u00a0\u00bb text_align=\u00a0\u00bbleft\u00a0\u00bb overlay_strength=\u00a0\u00bb0.3&Prime; shape_divider_position=\u00a0\u00bbbottom\u00a0\u00bb bg_image_animation=\u00a0\u00bbnone\u00a0\u00bb][vc_column column_padding=\u00a0\u00bbpadding-2-percent\u00a0\u00bb column_padding_position=\u00a0\u00bball\u00a0\u00bb background_color_opacity=\u00a0\u00bb1&Prime; background_hover_color_opacity=\u00a0\u00bb1&Prime; column_link_target=\u00a0\u00bb_self\u00a0\u00bb column_shadow=\u00a0\u00bbnone\u00a0\u00bb column_border_radius=\u00a0\u00bbnone\u00a0\u00bb width=\u00a0\u00bb1\/1&Prime; tablet_width_inherit=\u00a0\u00bbdefault\u00a0\u00bb tablet_text_alignment=\u00a0\u00bbdefault\u00a0\u00bb phone_text_alignment=\u00a0\u00bbdefault\u00a0\u00bb overlay_strength=\u00a0\u00bb0.3&Prime; column_border_width=\u00a0\u00bbnone\u00a0\u00bb column_border_style=\u00a0\u00bbsolid\u00a0\u00bb bg_image_animation=\u00a0\u00bbnone\u00a0\u00bb][vc_column_text]\n<h1 style=\"text-align: left; color: #dd006b;\">Avis de nos anciens \u00e9l\u00e8ves<\/h1>\n<p>Nos anciens \u00e9l\u00e8ves sont satisfaits de leur formation, et ils le font savoir ! Consultez leurs t\u00e9moignages ci-dessous afin de vous faire une id\u00e9e. Vous pouvez d\u00e9poser un avis et partager votre exp\u00e9rience au sein de l&rsquo;Auto-\u00e9cole du Centre.[\/vc_column_text][\/vc_column][\/vc_row][vc_row type=\u00a0\u00bbin_container\u00a0\u00bb full_screen_row_position=\u00a0\u00bbmiddle\u00a0\u00bb column_margin=\u00a0\u00bbdefault\u00a0\u00bb scene_position=\u00a0\u00bbcenter\u00a0\u00bb text_color=\u00a0\u00bbdark\u00a0\u00bb text_align=\u00a0\u00bbleft\u00a0\u00bb overlay_strength=\u00a0\u00bb0.3&Prime; shape_divider_position=\u00a0\u00bbbottom\u00a0\u00bb bg_image_animation=\u00a0\u00bbnone\u00a0\u00bb][vc_column column_padding=\u00a0\u00bbpadding-2-percent\u00a0\u00bb column_padding_position=\u00a0\u00bball\u00a0\u00bb background_color_opacity=\u00a0\u00bb1&Prime; background_hover_color_opacity=\u00a0\u00bb1&Prime; column_link_target=\u00a0\u00bb_self\u00a0\u00bb column_shadow=\u00a0\u00bbsmall_depth\u00a0\u00bb column_border_radius=\u00a0\u00bbnone\u00a0\u00bb width=\u00a0\u00bb1\/2&Prime; tablet_width_inherit=\u00a0\u00bbdefault\u00a0\u00bb tablet_text_alignment=\u00a0\u00bbdefault\u00a0\u00bb phone_text_alignment=\u00a0\u00bbdefault\u00a0\u00bb overlay_strength=\u00a0\u00bb0.3&Prime; column_border_width=\u00a0\u00bbnone\u00a0\u00bb column_border_style=\u00a0\u00bbsolid\u00a0\u00bb bg_image_animation=\u00a0\u00bbnone\u00a0\u00bb enable_animation=\u00a0\u00bbtrue\u00a0\u00bb animation=\u00a0\u00bbfade-in-from-left\u00a0\u00bb][vc_row_inner equal_height=\u00a0\u00bbyes\u00a0\u00bb content_placement=\u00a0\u00bbmiddle\u00a0\u00bb column_margin=\u00a0\u00bbdefault\u00a0\u00bb text_align=\u00a0\u00bbleft\u00a0\u00bb][vc_column_inner column_padding=\u00a0\u00bbpadding-2-percent\u00a0\u00bb column_padding_position=\u00a0\u00bball\u00a0\u00bb background_color_opacity=\u00a0\u00bb1&Prime; background_hover_color_opacity=\u00a0\u00bb1&Prime; column_shadow=\u00a0\u00bbnone\u00a0\u00bb column_border_radius=\u00a0\u00bbnone\u00a0\u00bb column_link_target=\u00a0\u00bb_self\u00a0\u00bb width=\u00a0\u00bb1\/4&Prime; tablet_width_inherit=\u00a0\u00bbdefault\u00a0\u00bb overlay_strength=\u00a0\u00bb0.3&Prime; column_border_width=\u00a0\u00bbnone\u00a0\u00bb column_border_style=\u00a0\u00bbsolid\u00a0\u00bb bg_image_animation=\u00a0\u00bbnone\u00a0\u00bb][image_with_animation image_url=\u00a0\u00bb93&Prime; alignment=\u00a0\u00bbcenter\u00a0\u00bb animation=\u00a0\u00bbFade In\u00a0\u00bb hover_animation=\u00a0\u00bbnone\u00a0\u00bb border_radius=\u00a0\u00bbnone\u00a0\u00bb box_shadow=\u00a0\u00bbnone\u00a0\u00bb image_loading=\u00a0\u00bblazy-load\u00a0\u00bb max_width=\u00a0\u00bb100%\u00a0\u00bb max_width_mobile=\u00a0\u00bbdefault\u00a0\u00bb][\/vc_column_inner][vc_column_inner column_padding=\u00a0\u00bbpadding-2-percent\u00a0\u00bb column_padding_position=\u00a0\u00bball\u00a0\u00bb background_color_opacity=\u00a0\u00bb1&Prime; background_hover_color_opacity=\u00a0\u00bb1&Prime; column_shadow=\u00a0\u00bbnone\u00a0\u00bb column_border_radius=\u00a0\u00bbnone\u00a0\u00bb column_link_target=\u00a0\u00bb_self\u00a0\u00bb width=\u00a0\u00bb3\/4&Prime; tablet_width_inherit=\u00a0\u00bbdefault\u00a0\u00bb overlay_strength=\u00a0\u00bb0.3&Prime; column_border_width=\u00a0\u00bbnone\u00a0\u00bb column_border_style=\u00a0\u00bbsolid\u00a0\u00bb bg_image_animation=\u00a0\u00bbnone\u00a0\u00bb][vc_column_text css=\u00a0\u00bb.vc_custom_1680724183087{padding-bottom: 12px !important;}\u00a0\u00bb]\n<h4 style=\"color: #58002b;\">Sur Google<\/h4>\n<p>Consultez nos 184 avis laiss\u00e9s sur Google.[\/vc_column_text][nectar_btn size=\u00a0\u00bbsmall\u00a0\u00bb open_new_tab=\u00a0\u00bbtrue\u00a0\u00bb button_style=\u00a0\u00bbregular\u00a0\u00bb button_color_2=\u00a0\u00bbExtra-Color-1&Prime; icon_family=\u00a0\u00bbfontawesome\u00a0\u00bb text=\u00a0\u00bbVoir les avis\u00a0\u00bb icon_fontawesome=\u00a0\u00bbfa fa-eye\u00a0\u00bb margin_top=\u00a0\u00bb5&Prime; margin_right=\u00a0\u00bb10&Prime; margin_bottom=\u00a0\u00bb5&Prime; url=\u00a0\u00bbhttps:\/\/www.google.com\/search?q=auto+ecole+du+centre+boulogne\u00a0\u00bb][nectar_btn size=\u00a0\u00bbsmall\u00a0\u00bb open_new_tab=\u00a0\u00bbtrue\u00a0\u00bb button_style=\u00a0\u00bbregular\u00a0\u00bb button_color_2=\u00a0\u00bbAccent-Color\u00a0\u00bb icon_family=\u00a0\u00bbfontawesome\u00a0\u00bb text=\u00a0\u00bbLaisser un avis\u00a0\u00bb icon_fontawesome=\u00a0\u00bbfa fa-pencil\u00a0\u00bb margin_top=\u00a0\u00bb5&Prime; margin_right=\u00a0\u00bb5&Prime; margin_bottom=\u00a0\u00bb5&Prime; url=\u00a0\u00bbhttps:\/\/search.google.com\/local\/writereview?placeid=ChIJgXJxKel65kcRp02_wy3ik1s\u00a0\u00bb][\/vc_column_inner][\/vc_row_inner][\/vc_column][vc_column column_padding=\u00a0\u00bbpadding-2-percent\u00a0\u00bb column_padding_position=\u00a0\u00bball\u00a0\u00bb background_color_opacity=\u00a0\u00bb1&Prime; background_hover_color_opacity=\u00a0\u00bb1&Prime; column_link_target=\u00a0\u00bb_self\u00a0\u00bb column_shadow=\u00a0\u00bbsmall_depth\u00a0\u00bb column_border_radius=\u00a0\u00bbnone\u00a0\u00bb width=\u00a0\u00bb1\/2&Prime; tablet_width_inherit=\u00a0\u00bbdefault\u00a0\u00bb tablet_text_alignment=\u00a0\u00bbdefault\u00a0\u00bb phone_text_alignment=\u00a0\u00bbdefault\u00a0\u00bb overlay_strength=\u00a0\u00bb0.3&Prime; column_border_width=\u00a0\u00bbnone\u00a0\u00bb column_border_style=\u00a0\u00bbsolid\u00a0\u00bb bg_image_animation=\u00a0\u00bbnone\u00a0\u00bb enable_animation=\u00a0\u00bbtrue\u00a0\u00bb animation=\u00a0\u00bbfade-in-from-right\u00a0\u00bb delay=\u00a0\u00bb400&Prime;][vc_row_inner equal_height=\u00a0\u00bbyes\u00a0\u00bb content_placement=\u00a0\u00bbmiddle\u00a0\u00bb column_margin=\u00a0\u00bbdefault\u00a0\u00bb text_align=\u00a0\u00bbleft\u00a0\u00bb][vc_column_inner column_padding=\u00a0\u00bbpadding-2-percent\u00a0\u00bb column_padding_position=\u00a0\u00bball\u00a0\u00bb background_color_opacity=\u00a0\u00bb1&Prime; background_hover_color_opacity=\u00a0\u00bb1&Prime; column_shadow=\u00a0\u00bbnone\u00a0\u00bb column_border_radius=\u00a0\u00bbnone\u00a0\u00bb column_link_target=\u00a0\u00bb_self\u00a0\u00bb width=\u00a0\u00bb1\/4&Prime; tablet_width_inherit=\u00a0\u00bbdefault\u00a0\u00bb overlay_strength=\u00a0\u00bb0.3&Prime; column_border_width=\u00a0\u00bbnone\u00a0\u00bb column_border_style=\u00a0\u00bbsolid\u00a0\u00bb bg_image_animation=\u00a0\u00bbnone\u00a0\u00bb][image_with_animation image_url=\u00a0\u00bb94&Prime; alignment=\u00a0\u00bbcenter\u00a0\u00bb animation=\u00a0\u00bbFade In\u00a0\u00bb hover_animation=\u00a0\u00bbnone\u00a0\u00bb border_radius=\u00a0\u00bbnone\u00a0\u00bb box_shadow=\u00a0\u00bbnone\u00a0\u00bb image_loading=\u00a0\u00bbdefault\u00a0\u00bb max_width=\u00a0\u00bb75%\u00a0\u00bb max_width_mobile=\u00a0\u00bbdefault\u00a0\u00bb][\/vc_column_inner][vc_column_inner column_padding=\u00a0\u00bbpadding-2-percent\u00a0\u00bb column_padding_position=\u00a0\u00bball\u00a0\u00bb background_color_opacity=\u00a0\u00bb1&Prime; background_hover_color_opacity=\u00a0\u00bb1&Prime; column_shadow=\u00a0\u00bbnone\u00a0\u00bb column_border_radius=\u00a0\u00bbnone\u00a0\u00bb column_link_target=\u00a0\u00bb_self\u00a0\u00bb width=\u00a0\u00bb3\/4&Prime; tablet_width_inherit=\u00a0\u00bbdefault\u00a0\u00bb overlay_strength=\u00a0\u00bb0.3&Prime; column_border_width=\u00a0\u00bbnone\u00a0\u00bb column_border_style=\u00a0\u00bbsolid\u00a0\u00bb bg_image_animation=\u00a0\u00bbnone\u00a0\u00bb][vc_column_text css=\u00a0\u00bb.vc_custom_1681386413417{padding-bottom: 12px !important;}\u00a0\u00bb]\n<h4 style=\"color: #58002b;\">Sur VroomVroom<\/h4>\n<p>Consultez nos 48 avis laiss\u00e9s sur VroomVroom.[\/vc_column_text][nectar_btn size=\u00a0\u00bbsmall\u00a0\u00bb open_new_tab=\u00a0\u00bbtrue\u00a0\u00bb button_style=\u00a0\u00bbregular\u00a0\u00bb button_color_2=\u00a0\u00bbExtra-Color-1&Prime; icon_family=\u00a0\u00bbfontawesome\u00a0\u00bb text=\u00a0\u00bbVoir les avis\u00a0\u00bb icon_fontawesome=\u00a0\u00bbfa fa-eye\u00a0\u00bb margin_top=\u00a0\u00bb5&Prime; margin_right=\u00a0\u00bb5&Prime; margin_bottom=\u00a0\u00bb5&Prime; url=\u00a0\u00bbhttps:\/\/www.vroomvroom.fr\/auto-ecoles\/hauts-de-seine\/boulogne-billancourt\/auto-ecole-du-centre-boulogne\u00a0\u00bb][nectar_btn size=\u00a0\u00bbsmall\u00a0\u00bb open_new_tab=\u00a0\u00bbtrue\u00a0\u00bb button_style=\u00a0\u00bbregular\u00a0\u00bb button_color_2=\u00a0\u00bbAccent-Color\u00a0\u00bb icon_family=\u00a0\u00bbfontawesome\u00a0\u00bb text=\u00a0\u00bbLaisser un avis\u00a0\u00bb icon_fontawesome=\u00a0\u00bbfa fa-pencil\u00a0\u00bb margin_top=\u00a0\u00bb5&Prime; margin_right=\u00a0\u00bb10&Prime; margin_bottom=\u00a0\u00bb5&Prime; url=\u00a0\u00bbhttps:\/\/www.vroomvroom.fr\/auto-ecoles\/hauts-de-seine\/boulogne-billancourt\/auto-ecole-du-centre-boulogne#post-review\u00a0\u00bb][\/vc_column_inner][\/vc_row_inner][\/vc_column][\/vc_row][vc_row type=\u00a0\u00bbfull_width_background\u00a0\u00bb full_screen_row_position=\u00a0\u00bbmiddle\u00a0\u00bb column_margin=\u00a0\u00bbdefault\u00a0\u00bb bg_color=\u00a0\u00bb#dd006b\u00a0\u00bb scene_position=\u00a0\u00bbcenter\u00a0\u00bb text_color=\u00a0\u00bblight\u00a0\u00bb text_align=\u00a0\u00bbleft\u00a0\u00bb overlay_strength=\u00a0\u00bb0.3&Prime; shape_divider_position=\u00a0\u00bbbottom\u00a0\u00bb bg_image_animation=\u00a0\u00bbnone\u00a0\u00bb shape_type=\u00a0\u00bb\u00a0\u00bb][vc_column column_padding=\u00a0\u00bbpadding-2-percent\u00a0\u00bb column_padding_position=\u00a0\u00bball\u00a0\u00bb background_color_opacity=\u00a0\u00bb1&Prime; background_hover_color_opacity=\u00a0\u00bb1&Prime; column_link_target=\u00a0\u00bb_self\u00a0\u00bb column_shadow=\u00a0\u00bbnone\u00a0\u00bb column_border_radius=\u00a0\u00bbnone\u00a0\u00bb width=\u00a0\u00bb1\/1&Prime; tablet_width_inherit=\u00a0\u00bbdefault\u00a0\u00bb tablet_text_alignment=\u00a0\u00bbdefault\u00a0\u00bb phone_text_alignment=\u00a0\u00bbdefault\u00a0\u00bb overlay_strength=\u00a0\u00bb0.3&Prime; column_border_width=\u00a0\u00bbnone\u00a0\u00bb column_border_style=\u00a0\u00bbsolid\u00a0\u00bb bg_image_animation=\u00a0\u00bbnone\u00a0\u00bb][vc_column_text]\n<h2>Retrouvez nos actualit\u00e9s<\/h2>\n[\/vc_column_text][vc_column_text css=\u00a0\u00bb.vc_custom_1676122019579{padding-bottom: 12px !important;}\u00a0\u00bb]Restons en contact ! Consultez les derni\u00e8res actualit\u00e9s de l&rsquo;Auto-\u00e9cole du Centre et tenez vous inform\u00e9 des prochaines formations propos\u00e9es.[\/vc_column_text][nectar_btn size=\u00a0\u00bblarge\u00a0\u00bb button_style=\u00a0\u00bbregular\u00a0\u00bb button_color_2=\u00a0\u00bbExtra-Color-2&Prime; icon_family=\u00a0\u00bbfontawesome\u00a0\u00bb url=\u00a0\u00bbhttp:\/\/de-vv.com\/aeducentre\/actualites\/\u00a0\u00bb text=\u00a0\u00bbNos actualit\u00e9s\u00a0\u00bb icon_fontawesome=\u00a0\u00bbfa fa-newspaper-o\u00a0\u00bb margin_top=\u00a0\u00bb5&Prime; margin_right=\u00a0\u00bb10&Prime; margin_bottom=\u00a0\u00bb5&Prime;][nectar_btn size=\u00a0\u00bblarge\u00a0\u00bb button_style=\u00a0\u00bbregular\u00a0\u00bb button_color_2=\u00a0\u00bbExtra-Color-1&Prime; icon_family=\u00a0\u00bbdefault_arrow\u00a0\u00bb url=\u00a0\u00bbhttp:\/\/de-vv.com\/aeducentre\/contact\/\u00a0\u00bb text=\u00a0\u00bbContactez nous\u00a0\u00bb margin_top=\u00a0\u00bb5&Prime; margin_right=\u00a0\u00bb5&Prime; margin_bottom=\u00a0\u00bb5&Prime;][\/vc_column][\/vc_row]\n","protected":false},"excerpt":{"rendered":"<p>[vc_row type=\u00a0\u00bbin_container\u00a0\u00bb full_screen_row_position=\u00a0\u00bbmiddle\u00a0\u00bb column_margin=\u00a0\u00bbdefault\u00a0\u00bb scene_position=\u00a0\u00bbcenter\u00a0\u00bb text_color=\u00a0\u00bbdark\u00a0\u00bb text_align=\u00a0\u00bbleft\u00a0\u00bb overlay_strength=\u00a0\u00bb0.3&Prime; shape_divider_position=\u00a0\u00bbbottom\u00a0\u00bb bg_image_animation=\u00a0\u00bbnone\u00a0\u00bb][vc_column column_padding=\u00a0\u00bbpadding-2-percent\u00a0\u00bb column_padding_position=\u00a0\u00bball\u00a0\u00bb background_color_opacity=\u00a0\u00bb1&Prime; background_hover_color_opacity=\u00a0\u00bb1&Prime; column_link_target=\u00a0\u00bb_self\u00a0\u00bb column_shadow=\u00a0\u00bbnone\u00a0\u00bb column_border_radius=\u00a0\u00bbnone\u00a0\u00bb width=\u00a0\u00bb1\/1&Prime; tablet_width_inherit=\u00a0\u00bbdefault\u00a0\u00bb tablet_text_alignment=\u00a0\u00bbdefault\u00a0\u00bb phone_text_alignment=\u00a0\u00bbdefault\u00a0\u00bb overlay_strength=\u00a0\u00bb0.3&Prime; column_border_width=\u00a0\u00bbnone\u00a0\u00bb column_border_style=\u00a0\u00bbsolid\u00a0\u00bb bg_image_animation=\u00a0\u00bbnone\u00a0\u00bb][vc_column_text] Avis de nos anciens \u00e9l\u00e8ves&#8230;<\/p>\n","protected":false},"author":1,"featured_media":29,"parent":0,"menu_order":0,"comment_status":"closed","ping_status":"closed","template":"","meta":[],"yoast_head":"<!-- This site is optimized with the Yoast SEO plugin v20.5 - https:\/\/yoast.com\/wordpress\/plugins\/seo\/ -->\n<title>Avis des \u00e9l\u00e8ves - Auto-\u00e9cole du Centre \u00e0 Boulogne-Billancourt<\/title>\n<meta name=\"description\" content=\"Nos anciens \u00e9l\u00e8ves donnent leur avis sur leur formation au permis de conduire avec l&#039;auto-\u00e9cole du Centre \u00e0 Boulogne-Billancourt.\" \/>\n<meta name=\"robots\" content=\"noindex, follow, max-snippet:-1, max-image-preview:large, max-video-preview:-1\" \/>\n<meta property=\"og:locale\" content=\"fr_FR\" \/>\n<meta property=\"og:type\" content=\"article\" \/>\n<meta property=\"og:title\" content=\"Avis des \u00e9l\u00e8ves - Auto-\u00e9cole du Centre \u00e0 Boulogne-Billancourt\" \/>\n<meta property=\"og:description\" content=\"Nos anciens \u00e9l\u00e8ves donnent leur avis sur leur formation au permis de conduire avec l&#039;auto-\u00e9cole du Centre \u00e0 Boulogne-Billancourt.\" \/>\n<meta property=\"og:url\" content=\"https:\/\/de-vv.com\/aeducentre\/avis\/\" \/>\n<meta property=\"og:site_name\" content=\"Auto-\u00e9cole du Centre\" \/>\n<meta property=\"article:publisher\" content=\"https:\/\/www.facebook.com\/ae.cettac\" \/>\n<meta property=\"article:modified_time\" content=\"2023-04-13T11:46:55+00:00\" \/>\n<meta property=\"og:image\" content=\"https:\/\/de-vv.com\/aeducentre\/wp-content\/uploads\/2023\/04\/auto-ecole-cettac_boulogne_logo.png\" \/>\n\t<meta property=\"og:image:width\" content=\"582\" \/>\n\t<meta property=\"og:image:height\" content=\"385\" \/>\n\t<meta property=\"og:image:type\" content=\"image\/png\" \/>\n<meta name=\"twitter:card\" content=\"summary_large_image\" \/>\n<meta name=\"twitter:label1\" content=\"Dur\u00e9e de lecture estim\u00e9e\" \/>\n\t<meta name=\"twitter:data1\" content=\"2 minutes\" \/>\n<script type=\"application\/ld+json\" class=\"yoast-schema-graph\">{\"@context\":\"https:\/\/schema.org\",\"@graph\":[{\"@type\":\"WebPage\",\"@id\":\"https:\/\/de-vv.com\/aeducentre\/avis\/\",\"url\":\"https:\/\/de-vv.com\/aeducentre\/avis\/\",\"name\":\"Avis des \u00e9l\u00e8ves - Auto-\u00e9cole du Centre \u00e0 Boulogne-Billancourt\",\"isPartOf\":{\"@id\":\"http:\/\/de-vv.com\/aeducentre\/#website\"},\"datePublished\":\"2023-04-02T18:42:40+00:00\",\"dateModified\":\"2023-04-13T11:46:55+00:00\",\"description\":\"Nos anciens \u00e9l\u00e8ves donnent leur avis sur leur formation au permis de conduire avec l'auto-\u00e9cole du Centre \u00e0 Boulogne-Billancourt.\",\"breadcrumb\":{\"@id\":\"https:\/\/de-vv.com\/aeducentre\/avis\/#breadcrumb\"},\"inLanguage\":\"fr-FR\",\"potentialAction\":[{\"@type\":\"ReadAction\",\"target\":[\"https:\/\/de-vv.com\/aeducentre\/avis\/\"]}]},{\"@type\":\"BreadcrumbList\",\"@id\":\"https:\/\/de-vv.com\/aeducentre\/avis\/#breadcrumb\",\"itemListElement\":[{\"@type\":\"ListItem\",\"position\":1,\"name\":\"Accueil\",\"item\":\"http:\/\/de-vv.com\/aeducentre\/\"},{\"@type\":\"ListItem\",\"position\":2,\"name\":\"Avis\"}]},{\"@type\":\"WebSite\",\"@id\":\"http:\/\/de-vv.com\/aeducentre\/#website\",\"url\":\"http:\/\/de-vv.com\/aeducentre\/\",\"name\":\"Auto-\u00e9cole du Centre\",\"description\":\"Auto-\u00e9cole et Moto-\u00e9cole \u00e0 Boulogne-Billancourt\",\"publisher\":{\"@id\":\"http:\/\/de-vv.com\/aeducentre\/#organization\"},\"potentialAction\":[{\"@type\":\"SearchAction\",\"target\":{\"@type\":\"EntryPoint\",\"urlTemplate\":\"http:\/\/de-vv.com\/aeducentre\/?s={search_term_string}\"},\"query-input\":\"required name=search_term_string\"}],\"inLanguage\":\"fr-FR\"},{\"@type\":\"Organization\",\"@id\":\"http:\/\/de-vv.com\/aeducentre\/#organization\",\"name\":\"Auto-\u00e9cole du Centre\",\"url\":\"http:\/\/de-vv.com\/aeducentre\/\",\"logo\":{\"@type\":\"ImageObject\",\"inLanguage\":\"fr-FR\",\"@id\":\"http:\/\/de-vv.com\/aeducentre\/#\/schema\/logo\/image\/\",\"url\":\"http:\/\/de-vv.com\/aeducentre\/wp-content\/uploads\/2023\/04\/auto-ecole-cettac_boulogne_logo.png\",\"contentUrl\":\"http:\/\/de-vv.com\/aeducentre\/wp-content\/uploads\/2023\/04\/auto-ecole-cettac_boulogne_logo.png\",\"width\":582,\"height\":385,\"caption\":\"Auto-\u00e9cole du Centre\"},\"image\":{\"@id\":\"http:\/\/de-vv.com\/aeducentre\/#\/schema\/logo\/image\/\"},\"sameAs\":[\"https:\/\/www.facebook.com\/ae.cettac\"]}]}<\/script>\n<!-- \/ Yoast SEO plugin. -->","yoast_head_json":{"title":"Avis des \u00e9l\u00e8ves - Auto-\u00e9cole du Centre \u00e0 Boulogne-Billancourt","description":"Nos anciens \u00e9l\u00e8ves donnent leur avis sur leur formation au permis de conduire avec l'auto-\u00e9cole du Centre \u00e0 Boulogne-Billancourt.","robots":{"index":"noindex","follow":"follow","max-snippet":"max-snippet:-1","max-image-preview":"max-image-preview:large","max-video-preview":"max-video-preview:-1"},"og_locale":"fr_FR","og_type":"article","og_title":"Avis des \u00e9l\u00e8ves - Auto-\u00e9cole du Centre \u00e0 Boulogne-Billancourt","og_description":"Nos anciens \u00e9l\u00e8ves donnent leur avis sur leur formation au permis de conduire avec l'auto-\u00e9cole du Centre \u00e0 Boulogne-Billancourt.","og_url":"https:\/\/de-vv.com\/aeducentre\/avis\/","og_site_name":"Auto-\u00e9cole du Centre","article_publisher":"https:\/\/www.facebook.com\/ae.cettac","article_modified_time":"2023-04-13T11:46:55+00:00","og_image":[{"width":582,"height":385,"url":"https:\/\/de-vv.com\/aeducentre\/wp-content\/uploads\/2023\/04\/auto-ecole-cettac_boulogne_logo.png","type":"image\/png"}],"twitter_card":"summary_large_image","twitter_misc":{"Dur\u00e9e de lecture estim\u00e9e":"2 minutes"},"schema":{"@context":"https:\/\/schema.org","@graph":[{"@type":"WebPage","@id":"https:\/\/de-vv.com\/aeducentre\/avis\/","url":"https:\/\/de-vv.com\/aeducentre\/avis\/","name":"Avis des \u00e9l\u00e8ves - Auto-\u00e9cole du Centre \u00e0 Boulogne-Billancourt","isPartOf":{"@id":"http:\/\/de-vv.com\/aeducentre\/#website"},"datePublished":"2023-04-02T18:42:40+00:00","dateModified":"2023-04-13T11:46:55+00:00","description":"Nos anciens \u00e9l\u00e8ves donnent leur avis sur leur formation au permis de conduire avec l'auto-\u00e9cole du Centre \u00e0 Boulogne-Billancourt.","breadcrumb":{"@id":"https:\/\/de-vv.com\/aeducentre\/avis\/#breadcrumb"},"inLanguage":"fr-FR","potentialAction":[{"@type":"ReadAction","target":["https:\/\/de-vv.com\/aeducentre\/avis\/"]}]},{"@type":"BreadcrumbList","@id":"https:\/\/de-vv.com\/aeducentre\/avis\/#breadcrumb","itemListElement":[{"@type":"ListItem","position":1,"name":"Accueil","item":"http:\/\/de-vv.com\/aeducentre\/"},{"@type":"ListItem","position":2,"name":"Avis"}]},{"@type":"WebSite","@id":"http:\/\/de-vv.com\/aeducentre\/#website","url":"http:\/\/de-vv.com\/aeducentre\/","name":"Auto-\u00e9cole du Centre","description":"Auto-\u00e9cole et Moto-\u00e9cole \u00e0 Boulogne-Billancourt","publisher":{"@id":"http:\/\/de-vv.com\/aeducentre\/#organization"},"potentialAction":[{"@type":"SearchAction","target":{"@type":"EntryPoint","urlTemplate":"http:\/\/de-vv.com\/aeducentre\/?s={search_term_string}"},"query-input":"required name=search_term_string"}],"inLanguage":"fr-FR"},{"@type":"Organization","@id":"http:\/\/de-vv.com\/aeducentre\/#organization","name":"Auto-\u00e9cole du Centre","url":"http:\/\/de-vv.com\/aeducentre\/","logo":{"@type":"ImageObject","inLanguage":"fr-FR","@id":"http:\/\/de-vv.com\/aeducentre\/#\/schema\/logo\/image\/","url":"http:\/\/de-vv.com\/aeducentre\/wp-content\/uploads\/2023\/04\/auto-ecole-cettac_boulogne_logo.png","contentUrl":"http:\/\/de-vv.com\/aeducentre\/wp-content\/uploads\/2023\/04\/auto-ecole-cettac_boulogne_logo.png","width":582,"height":385,"caption":"Auto-\u00e9cole du Centre"},"image":{"@id":"http:\/\/de-vv.com\/aeducentre\/#\/schema\/logo\/image\/"},"sameAs":["https:\/\/www.facebook.com\/ae.cettac"]}]}},"_links":{"self":[{"href":"https:\/\/de-vv.com\/aeducentre\/wp-json\/wp\/v2\/pages\/19"}],"collection":[{"href":"https:\/\/de-vv.com\/aeducentre\/wp-json\/wp\/v2\/pages"}],"about":[{"href":"https:\/\/de-vv.com\/aeducentre\/wp-json\/wp\/v2\/types\/page"}],"author":[{"embeddable":true,"href":"https:\/\/de-vv.com\/aeducentre\/wp-json\/wp\/v2\/users\/1"}],"replies":[{"embeddable":true,"href":"https:\/\/de-vv.com\/aeducentre\/wp-json\/wp\/v2\/comments?post=19"}],"version-history":[{"count":1,"href":"https:\/\/de-vv.com\/aeducentre\/wp-json\/wp\/v2\/pages\/19\/revisions"}],"predecessor-version":[{"id":315,"href":"https:\/\/de-vv.com\/aeducentre\/wp-json\/wp\/v2\/pages\/19\/revisions\/315"}],"wp:featuredmedia":[{"embeddable":true,"href":"https:\/\/de-vv.com\/aeducentre\/wp-json\/wp\/v2\/media\/29"}],"wp:attachment":[{"href":"https:\/\/de-vv.com\/aeducentre\/wp-json\/wp\/v2\/media?parent=19"}],"curies":[{"name":"wp","href":"https:\/\/api.w.org\/{rel}","templated":true}]}}