{"id":51,"date":"2023-04-02T21:19:39","date_gmt":"2023-04-02T19:19:39","guid":{"rendered":"https:\/\/de-vv.com\/aeducentre\/?page_id=51"},"modified":"2023-04-07T22:02:07","modified_gmt":"2023-04-07T20:02:07","slug":"outils-pedagogiques","status":"publish","type":"page","link":"https:\/\/de-vv.com\/aeducentre\/outils-pedagogiques\/","title":{"rendered":"Outils p\u00e9dagogiques"},"content":{"rendered":"[vc_row type=\u00a0\u00bbin_container\u00a0\u00bb full_screen_row_position=\u00a0\u00bbmiddle\u00a0\u00bb equal_height=\u00a0\u00bbyes\u00a0\u00bb content_placement=\u00a0\u00bbmiddle\u00a0\u00bb column_margin=\u00a0\u00bbdefault\u00a0\u00bb scene_position=\u00a0\u00bbcenter\u00a0\u00bb text_color=\u00a0\u00bbdark\u00a0\u00bb text_align=\u00a0\u00bbleft\u00a0\u00bb overlay_strength=\u00a0\u00bb0.3&Prime; shape_divider_position=\u00a0\u00bbbottom\u00a0\u00bb bg_image_animation=\u00a0\u00bbnone\u00a0\u00bb shape_type=\u00a0\u00bb\u00a0\u00bb][vc_column column_padding=\u00a0\u00bbpadding-2-percent\u00a0\u00bb column_padding_position=\u00a0\u00bball\u00a0\u00bb background_color_opacity=\u00a0\u00bb1&Prime; background_hover_color_opacity=\u00a0\u00bb1&Prime; column_link_target=\u00a0\u00bb_self\u00a0\u00bb column_shadow=\u00a0\u00bbnone\u00a0\u00bb column_border_radius=\u00a0\u00bbnone\u00a0\u00bb width=\u00a0\u00bb1\/2&Prime; tablet_width_inherit=\u00a0\u00bbdefault\u00a0\u00bb tablet_text_alignment=\u00a0\u00bbdefault\u00a0\u00bb phone_text_alignment=\u00a0\u00bbdefault\u00a0\u00bb overlay_strength=\u00a0\u00bb0.3&Prime; column_border_width=\u00a0\u00bbnone\u00a0\u00bb column_border_style=\u00a0\u00bbsolid\u00a0\u00bb bg_image_animation=\u00a0\u00bbnone\u00a0\u00bb][vc_column_text]\n<h1 style=\"color: #dd006b;\">Outils p\u00e9dagogiques<\/h1>\n[\/vc_column_text][vc_column_text css=\u00a0\u00bb.vc_custom_1680893781829{padding-top: 15px !important;padding-bottom: 15px !important;}\u00a0\u00bb]Vous souhaitez une formation compl\u00e8te\u00a0\u00e0 la conduite ? Vous recherchez une auto-\u00e9cole avec un suivi p\u00e9dagogique de qualit\u00e9\u00a0? L\u2019<strong>Auto-\u00e9cole du Centre\u00a0<\/strong>met \u00e0 votre disposition des outils p\u00e9dagogiques modernes tels qu\u2019un\u00a0<strong>simulateur de conduite<\/strong> dans son agence de <strong>Boulogne-Billancourt<\/strong>.[\/vc_column_text][nectar_btn size=\u00a0\u00bblarge\u00a0\u00bb button_style=\u00a0\u00bbregular\u00a0\u00bb button_color_2=\u00a0\u00bbExtra-Color-1&Prime; icon_family=\u00a0\u00bbdefault_arrow\u00a0\u00bb margin_top=\u00a0\u00bb5&Prime; margin_right=\u00a0\u00bb10&Prime; margin_bottom=\u00a0\u00bb5&Prime; url=\u00a0\u00bbhttp:\/\/de-vv.com\/aeducentre\/contact\/\u00a0\u00bb text=\u00a0\u00bbContactez nous\u00a0\u00bb][nectar_btn size=\u00a0\u00bblarge\u00a0\u00bb button_style=\u00a0\u00bbregular\u00a0\u00bb button_color_2=\u00a0\u00bbAccent-Color\u00a0\u00bb icon_family=\u00a0\u00bbfontawesome\u00a0\u00bb margin_top=\u00a0\u00bb5&Prime; margin_right=\u00a0\u00bb5&Prime; margin_bottom=\u00a0\u00bb5&Prime; url=\u00a0\u00bbtel:01.84.19.42.84&Prime; text=\u00a0\u00bb01 84 19 42 84&Prime; icon_fontawesome=\u00a0\u00bbfa fa-mobile\u00a0\u00bb][\/vc_column][vc_column column_padding=\u00a0\u00bbpadding-2-percent\u00a0\u00bb column_padding_position=\u00a0\u00bball\u00a0\u00bb background_color_opacity=\u00a0\u00bb1&Prime; background_hover_color_opacity=\u00a0\u00bb1&Prime; column_link_target=\u00a0\u00bb_self\u00a0\u00bb column_shadow=\u00a0\u00bbnone\u00a0\u00bb column_border_radius=\u00a0\u00bbnone\u00a0\u00bb width=\u00a0\u00bb1\/2&Prime; tablet_width_inherit=\u00a0\u00bbdefault\u00a0\u00bb tablet_text_alignment=\u00a0\u00bbdefault\u00a0\u00bb phone_text_alignment=\u00a0\u00bbdefault\u00a0\u00bb overlay_strength=\u00a0\u00bb0.3&Prime; column_border_width=\u00a0\u00bbnone\u00a0\u00bb column_border_style=\u00a0\u00bbsolid\u00a0\u00bb bg_image_animation=\u00a0\u00bbnone\u00a0\u00bb enable_animation=\u00a0\u00bbtrue\u00a0\u00bb animation=\u00a0\u00bbfade-in-from-right\u00a0\u00bb][image_with_animation image_url=\u00a0\u00bb127&Prime; alignment=\u00a0\u00bbcenter\u00a0\u00bb animation=\u00a0\u00bbFade In\u00a0\u00bb hover_animation=\u00a0\u00bbnone\u00a0\u00bb border_radius=\u00a0\u00bb5px\u00a0\u00bb box_shadow=\u00a0\u00bbsmall_depth\u00a0\u00bb image_loading=\u00a0\u00bblazy-load\u00a0\u00bb max_width=\u00a0\u00bb100%\u00a0\u00bb max_width_mobile=\u00a0\u00bbdefault\u00a0\u00bb][\/vc_column][\/vc_row][vc_row type=\u00a0\u00bbfull_width_background\u00a0\u00bb full_screen_row_position=\u00a0\u00bbmiddle\u00a0\u00bb column_margin=\u00a0\u00bbdefault\u00a0\u00bb bg_color=\u00a0\u00bb#ffffff\u00a0\u00bb scene_position=\u00a0\u00bbcenter\u00a0\u00bb text_color=\u00a0\u00bbdark\u00a0\u00bb text_align=\u00a0\u00bbleft\u00a0\u00bb overlay_strength=\u00a0\u00bb0.3&Prime; shape_divider_position=\u00a0\u00bbbottom\u00a0\u00bb bg_image_animation=\u00a0\u00bbnone\u00a0\u00bb shape_type=\u00a0\u00bb\u00a0\u00bb][vc_column column_padding=\u00a0\u00bbno-extra-padding\u00a0\u00bb column_padding_position=\u00a0\u00bball\u00a0\u00bb background_color_opacity=\u00a0\u00bb1&Prime; background_hover_color_opacity=\u00a0\u00bb1&Prime; column_link_target=\u00a0\u00bb_self\u00a0\u00bb column_shadow=\u00a0\u00bbnone\u00a0\u00bb column_border_radius=\u00a0\u00bbnone\u00a0\u00bb width=\u00a0\u00bb1\/12&Prime; tablet_width_inherit=\u00a0\u00bbdefault\u00a0\u00bb tablet_text_alignment=\u00a0\u00bbdefault\u00a0\u00bb phone_text_alignment=\u00a0\u00bbdefault\u00a0\u00bb overlay_strength=\u00a0\u00bb0.3&Prime; column_border_width=\u00a0\u00bbnone\u00a0\u00bb column_border_style=\u00a0\u00bbsolid\u00a0\u00bb bg_image_animation=\u00a0\u00bbnone\u00a0\u00bb offset=\u00a0\u00bbvc_hidden-sm vc_hidden-xs\u00a0\u00bb][\/vc_column][vc_column column_padding=\u00a0\u00bbpadding-2-percent\u00a0\u00bb column_padding_position=\u00a0\u00bball\u00a0\u00bb background_color_opacity=\u00a0\u00bb1&Prime; background_hover_color_opacity=\u00a0\u00bb1&Prime; font_color=\u00a0\u00bb#ffffff\u00a0\u00bb column_link_target=\u00a0\u00bb_self\u00a0\u00bb column_shadow=\u00a0\u00bbnone\u00a0\u00bb column_border_radius=\u00a0\u00bbnone\u00a0\u00bb width=\u00a0\u00bb10\/12&Prime; tablet_width_inherit=\u00a0\u00bbdefault\u00a0\u00bb tablet_text_alignment=\u00a0\u00bbdefault\u00a0\u00bb phone_text_alignment=\u00a0\u00bbdefault\u00a0\u00bb overlay_strength=\u00a0\u00bb0.3&Prime; column_border_width=\u00a0\u00bbnone\u00a0\u00bb column_border_style=\u00a0\u00bbsolid\u00a0\u00bb bg_image_animation=\u00a0\u00bbnone\u00a0\u00bb][vc_column_text css=\u00a0\u00bb.vc_custom_1680895212043{padding-bottom: 15px !important;}\u00a0\u00bb]\n<h2 style=\"color: #dd006b; text-align: center;\">DES OUTILS AU SERVICE DE VOTRE FORMATION<\/h2>\n[\/vc_column_text][vc_row_inner equal_height=\u00a0\u00bbyes\u00a0\u00bb column_margin=\u00a0\u00bbdefault\u00a0\u00bb text_align=\u00a0\u00bbleft\u00a0\u00bb][vc_column_inner column_padding=\u00a0\u00bbno-extra-padding\u00a0\u00bb column_padding_position=\u00a0\u00bball\u00a0\u00bb background_color=\u00a0\u00bb#dd006b\u00a0\u00bb background_color_opacity=\u00a0\u00bb1&Prime; background_hover_color_opacity=\u00a0\u00bb1&Prime; column_shadow=\u00a0\u00bbnone\u00a0\u00bb column_border_radius=\u00a0\u00bbnone\u00a0\u00bb column_link_target=\u00a0\u00bb_self\u00a0\u00bb width=\u00a0\u00bb1\/2&Prime; tablet_width_inherit=\u00a0\u00bbdefault\u00a0\u00bb overlay_strength=\u00a0\u00bb0.3&Prime; column_border_width=\u00a0\u00bbnone\u00a0\u00bb column_border_style=\u00a0\u00bbsolid\u00a0\u00bb bg_image_animation=\u00a0\u00bbnone\u00a0\u00bb][image_with_animation image_url=\u00a0\u00bb130&Prime; alignment=\u00a0\u00bbcenter\u00a0\u00bb animation=\u00a0\u00bbFade In\u00a0\u00bb hover_animation=\u00a0\u00bbnone\u00a0\u00bb border_radius=\u00a0\u00bbnone\u00a0\u00bb box_shadow=\u00a0\u00bbnone\u00a0\u00bb image_loading=\u00a0\u00bblazy-load\u00a0\u00bb max_width=\u00a0\u00bb100%\u00a0\u00bb max_width_mobile=\u00a0\u00bbdefault\u00a0\u00bb][vc_column_text css=\u00a0\u00bb.vc_custom_1680896379650{padding-top: 4% !important;padding-right: 4% !important;padding-bottom: 4% !important;padding-left: 4% !important;}\u00a0\u00bb]\n<h3 style=\"color: #f2a8c0;\">Code en ligne<\/h3>\n<p>Vous souhaitez vous entra\u00eener au\u00a0<strong>code de la route<\/strong>\u00a0chez vous ou pendant votre pause d\u00e9jeuner\u00a0?<\/p>\n<p>L\u2019<strong>Auto-\u00e9cole du Centre\u00a0<\/strong>vous propose\u00a0le <strong>code en ligne<\/strong>. Entra\u00eenez vous sur notre site internet, b\u00e9n\u00e9ficiez des conseils du moniteur virtuel, posez nous directement vos questions de code.[\/vc_column_text][nectar_btn size=\u00a0\u00bbsmall\u00a0\u00bb button_style=\u00a0\u00bbregular\u00a0\u00bb button_color_2=\u00a0\u00bbExtra-Color-1&Prime; icon_family=\u00a0\u00bbdefault_arrow\u00a0\u00bb url=\u00a0\u00bbhttps:\/\/www.prepacode-enpc.fr\/connexion\u00a0\u00bb text=\u00a0\u00bbCommencer \u00e0 r\u00e9viser\u00a0\u00bb margin_top=\u00a0\u00bb5&Prime; margin_bottom=\u00a0\u00bb15&Prime; margin_left=\u00a0\u00bb15&Prime;][\/vc_column_inner][vc_column_inner column_padding=\u00a0\u00bbno-extra-padding\u00a0\u00bb column_padding_position=\u00a0\u00bball\u00a0\u00bb background_color=\u00a0\u00bb#dd006b\u00a0\u00bb background_color_opacity=\u00a0\u00bb1&Prime; background_hover_color_opacity=\u00a0\u00bb1&Prime; column_shadow=\u00a0\u00bbnone\u00a0\u00bb column_border_radius=\u00a0\u00bbnone\u00a0\u00bb column_link_target=\u00a0\u00bb_self\u00a0\u00bb width=\u00a0\u00bb1\/2&Prime; tablet_width_inherit=\u00a0\u00bbdefault\u00a0\u00bb overlay_strength=\u00a0\u00bb0.3&Prime; column_border_width=\u00a0\u00bbnone\u00a0\u00bb column_border_style=\u00a0\u00bbsolid\u00a0\u00bb bg_image_animation=\u00a0\u00bbnone\u00a0\u00bb][image_with_animation image_url=\u00a0\u00bb132&Prime; alignment=\u00a0\u00bbcenter\u00a0\u00bb animation=\u00a0\u00bbFade In\u00a0\u00bb hover_animation=\u00a0\u00bbnone\u00a0\u00bb border_radius=\u00a0\u00bbnone\u00a0\u00bb box_shadow=\u00a0\u00bbnone\u00a0\u00bb image_loading=\u00a0\u00bblazy-load\u00a0\u00bb max_width=\u00a0\u00bb100%\u00a0\u00bb max_width_mobile=\u00a0\u00bbdefault\u00a0\u00bb][vc_column_text css=\u00a0\u00bb.vc_custom_1680896366611{padding-top: 4% !important;padding-right: 4% !important;padding-bottom: 4% !important;padding-left: 4% !important;}\u00a0\u00bb]\n<section class=\"av_textblock_section \">\n<div class=\"avia_textblock av_inherit_color \">\n<h3 style=\"color: #f2a8c0;\">Simulateur de conduite<\/h3>\n<p>Immergez vous dans la pratique de la conduite gr\u00e2ce \u00e0 un <strong>simulateur de conduite<\/strong>.<\/p>\n<\/div>\n<\/section>\n<div class=\"flex_column av_one_half flex_column_div av-zero-column-padding first avia-builder-el-11 el_after_av_textblock el_before_av_one_half column-top-margin\">\n<section class=\"av_textblock_section \">\n<div class=\"avia_textblock av_inherit_color \">\n<ul>\n<li>Effectuez vos premi\u00e8res\u00a0heures de conduite sereinement,<\/li>\n<li>D\u00e9veloppez les premiers automatismes m\u00e9caniques,<\/li>\n<li>Corrigez vos mauvaises habitudes,<\/li>\n<li>Soyez suivi en permanence par un enseignant,<\/li>\n<li>Apprenez \u00e0 g\u00e9rer des situations de conduite complexes,<\/li>\n<li>D\u00e9couvrez et analysez les b\u00e9n\u00e9fices de l\u2019\u00e9coconduite.<\/li>\n<\/ul>\n<\/div>\n<\/section>\n<\/div>\n<div class=\"flex_column av_one_half flex_column_div av-zero-column-padding avia-builder-el-13 el_after_av_one_half avia-builder-el-last column-top-margin\">\n<section class=\"av_textblock_section \">\n<div class=\"avia_textblock av_inherit_color \"><\/div>\n<\/section>\n<\/div>\n[\/vc_column_text][\/vc_column_inner][\/vc_row_inner][vc_row_inner equal_height=\u00a0\u00bbyes\u00a0\u00bb column_margin=\u00a0\u00bbdefault\u00a0\u00bb text_align=\u00a0\u00bbleft\u00a0\u00bb][vc_column_inner column_padding=\u00a0\u00bbno-extra-padding\u00a0\u00bb column_padding_position=\u00a0\u00bball\u00a0\u00bb background_color=\u00a0\u00bb#dd006b\u00a0\u00bb background_color_opacity=\u00a0\u00bb1&Prime; background_hover_color_opacity=\u00a0\u00bb1&Prime; column_shadow=\u00a0\u00bbnone\u00a0\u00bb column_border_radius=\u00a0\u00bbnone\u00a0\u00bb column_link_target=\u00a0\u00bb_self\u00a0\u00bb width=\u00a0\u00bb1\/2&Prime; tablet_width_inherit=\u00a0\u00bbdefault\u00a0\u00bb overlay_strength=\u00a0\u00bb0.3&Prime; column_border_width=\u00a0\u00bbnone\u00a0\u00bb column_border_style=\u00a0\u00bbsolid\u00a0\u00bb bg_image_animation=\u00a0\u00bbnone\u00a0\u00bb][image_with_animation image_url=\u00a0\u00bb133&Prime; alignment=\u00a0\u00bbcenter\u00a0\u00bb animation=\u00a0\u00bbFade In\u00a0\u00bb hover_animation=\u00a0\u00bbnone\u00a0\u00bb border_radius=\u00a0\u00bbnone\u00a0\u00bb box_shadow=\u00a0\u00bbnone\u00a0\u00bb image_loading=\u00a0\u00bblazy-load\u00a0\u00bb max_width=\u00a0\u00bb100%\u00a0\u00bb max_width_mobile=\u00a0\u00bbdefault\u00a0\u00bb][vc_column_text css=\u00a0\u00bb.vc_custom_1680896835249{padding-top: 4% !important;padding-right: 4% !important;padding-bottom: 4% !important;padding-left: 4% !important;}\u00a0\u00bb]\n<h3 style=\"color: #f2a8c0;\">Ordinateur embarqu\u00e9<\/h3>\n<p>Avec l\u2019<strong>ordinateur embarqu\u00e9\u00a0<\/strong>en voiture suivez votre \u00e9volution dans la pratique de la conduite.<\/p>\n<ol>\n<li>Retrouvez votre progression sur votre application mobile,<\/li>\n<li>Suivez votre \u00e9volution \u00e0 chaque le\u00e7on de conduite,<\/li>\n<li>B\u00e9n\u00e9ficiez de supports innovants pour des explications de qualit\u00e9.<\/li>\n<\/ol>\n[\/vc_column_text][nectar_btn size=\u00a0\u00bbsmall\u00a0\u00bb button_style=\u00a0\u00bbregular\u00a0\u00bb button_color_2=\u00a0\u00bbExtra-Color-1&Prime; icon_family=\u00a0\u00bbdefault_arrow\u00a0\u00bb url=\u00a0\u00bbhttps:\/\/eleve.enpc-center.fr\/\u00a0\u00bb text=\u00a0\u00bbMon suivi p\u00e9dagogique\u00a0\u00bb margin_top=\u00a0\u00bb5&Prime; margin_bottom=\u00a0\u00bb15&Prime; margin_left=\u00a0\u00bb15&Prime;][\/vc_column_inner][vc_column_inner column_padding=\u00a0\u00bbno-extra-padding\u00a0\u00bb column_padding_position=\u00a0\u00bball\u00a0\u00bb background_color=\u00a0\u00bb#dd006b\u00a0\u00bb background_color_opacity=\u00a0\u00bb1&Prime; background_hover_color_opacity=\u00a0\u00bb1&Prime; column_shadow=\u00a0\u00bbnone\u00a0\u00bb column_border_radius=\u00a0\u00bbnone\u00a0\u00bb column_link_target=\u00a0\u00bb_self\u00a0\u00bb width=\u00a0\u00bb1\/2&Prime; tablet_width_inherit=\u00a0\u00bbdefault\u00a0\u00bb overlay_strength=\u00a0\u00bb0.3&Prime; column_border_width=\u00a0\u00bbnone\u00a0\u00bb column_border_style=\u00a0\u00bbsolid\u00a0\u00bb bg_image_animation=\u00a0\u00bbnone\u00a0\u00bb][image_with_animation image_url=\u00a0\u00bb134&Prime; alignment=\u00a0\u00bbcenter\u00a0\u00bb animation=\u00a0\u00bbFade In\u00a0\u00bb hover_animation=\u00a0\u00bbnone\u00a0\u00bb border_radius=\u00a0\u00bbnone\u00a0\u00bb box_shadow=\u00a0\u00bbnone\u00a0\u00bb image_loading=\u00a0\u00bblazy-load\u00a0\u00bb max_width=\u00a0\u00bb100%\u00a0\u00bb max_width_mobile=\u00a0\u00bbdefault\u00a0\u00bb][vc_column_text css=\u00a0\u00bb.vc_custom_1680897630327{padding-top: 4% !important;padding-right: 4% !important;padding-bottom: 4% !important;padding-left: 4% !important;}\u00a0\u00bb]\n<h3 style=\"color: #f2a8c0;\">Suivi centralis\u00e9<\/h3>\n<p>L&rsquo;Auto-\u00e9cole du Centre dispose du <em>must<\/em> de la technologie au service de votre formation :<\/p>\n<ol>\n<li>Tous les outils sont reli\u00e9s \u00e0 une base de donn\u00e9es centrale,<\/li>\n<li>Suivez en permanence votre progression depuis votre acc\u00e8s internet,<\/li>\n<li>De la salle de code jusqu\u2019\u00e0 l\u2019examen pratique : suivez \u00e0 100% votre \u00e9volution.<\/li>\n<\/ol>\n[\/vc_column_text][\/vc_column_inner][\/vc_row_inner][\/vc_column][vc_column column_padding=\u00a0\u00bbno-extra-padding\u00a0\u00bb column_padding_position=\u00a0\u00bball\u00a0\u00bb background_color_opacity=\u00a0\u00bb1&Prime; background_hover_color_opacity=\u00a0\u00bb1&Prime; column_link_target=\u00a0\u00bb_self\u00a0\u00bb column_shadow=\u00a0\u00bbnone\u00a0\u00bb column_border_radius=\u00a0\u00bbnone\u00a0\u00bb width=\u00a0\u00bb1\/12&Prime; tablet_width_inherit=\u00a0\u00bbdefault\u00a0\u00bb tablet_text_alignment=\u00a0\u00bbdefault\u00a0\u00bb phone_text_alignment=\u00a0\u00bbdefault\u00a0\u00bb overlay_strength=\u00a0\u00bb0.3&Prime; column_border_width=\u00a0\u00bbnone\u00a0\u00bb column_border_style=\u00a0\u00bbsolid\u00a0\u00bb bg_image_animation=\u00a0\u00bbnone\u00a0\u00bb offset=\u00a0\u00bbvc_hidden-sm vc_hidden-xs\u00a0\u00bb][\/vc_column][\/vc_row]\n","protected":false},"excerpt":{"rendered":"<p>[vc_row type=\u00a0\u00bbin_container\u00a0\u00bb full_screen_row_position=\u00a0\u00bbmiddle\u00a0\u00bb equal_height=\u00a0\u00bbyes\u00a0\u00bb content_placement=\u00a0\u00bbmiddle\u00a0\u00bb column_margin=\u00a0\u00bbdefault\u00a0\u00bb scene_position=\u00a0\u00bbcenter\u00a0\u00bb text_color=\u00a0\u00bbdark\u00a0\u00bb text_align=\u00a0\u00bbleft\u00a0\u00bb overlay_strength=\u00a0\u00bb0.3&Prime; shape_divider_position=\u00a0\u00bbbottom\u00a0\u00bb bg_image_animation=\u00a0\u00bbnone\u00a0\u00bb shape_type=\u00a0\u00bb\u00a0\u00bb][vc_column column_padding=\u00a0\u00bbpadding-2-percent\u00a0\u00bb column_padding_position=\u00a0\u00bball\u00a0\u00bb background_color_opacity=\u00a0\u00bb1&Prime; background_hover_color_opacity=\u00a0\u00bb1&Prime; column_link_target=\u00a0\u00bb_self\u00a0\u00bb column_shadow=\u00a0\u00bbnone\u00a0\u00bb column_border_radius=\u00a0\u00bbnone\u00a0\u00bb width=\u00a0\u00bb1\/2&Prime; tablet_width_inherit=\u00a0\u00bbdefault\u00a0\u00bb tablet_text_alignment=\u00a0\u00bbdefault\u00a0\u00bb phone_text_alignment=\u00a0\u00bbdefault\u00a0\u00bb overlay_strength=\u00a0\u00bb0.3&Prime; column_border_width=\u00a0\u00bbnone\u00a0\u00bb column_border_style=\u00a0\u00bbsolid\u00a0\u00bb bg_image_animation=\u00a0\u00bbnone\u00a0\u00bb][vc_column_text] Outils p\u00e9dagogiques&#8230;<\/p>\n","protected":false},"author":1,"featured_media":132,"parent":0,"menu_order":0,"comment_status":"closed","ping_status":"closed","template":"","meta":[],"yoast_head":"<!-- This site is optimized with the Yoast SEO plugin v20.5 - https:\/\/yoast.com\/wordpress\/plugins\/seo\/ -->\n<title>Outils p\u00e9dagogiques - Auto-\u00e9cole du Centre \u00e0 Boulogne-Billancourt<\/title>\n<meta name=\"description\" content=\"L&#039;Auto-\u00e9cole du Centre met \u00e0 votre disposition des outils p\u00e9dagogiques modernes : simulateur de conduite, livret de conduite, code en ligne.\" \/>\n<meta name=\"robots\" content=\"noindex, follow, max-snippet:-1, max-image-preview:large, max-video-preview:-1\" \/>\n<meta property=\"og:locale\" content=\"fr_FR\" \/>\n<meta property=\"og:type\" content=\"article\" \/>\n<meta property=\"og:title\" content=\"Outils p\u00e9dagogiques - Auto-\u00e9cole du Centre \u00e0 Boulogne-Billancourt\" \/>\n<meta property=\"og:description\" content=\"L&#039;Auto-\u00e9cole du Centre met \u00e0 votre disposition des outils p\u00e9dagogiques modernes : simulateur de conduite, livret de conduite, code en ligne.\" \/>\n<meta property=\"og:url\" content=\"https:\/\/de-vv.com\/aeducentre\/outils-pedagogiques\/\" \/>\n<meta property=\"og:site_name\" content=\"Auto-\u00e9cole du Centre\" \/>\n<meta property=\"article:publisher\" content=\"https:\/\/www.facebook.com\/ae.cettac\" \/>\n<meta property=\"article:modified_time\" content=\"2023-04-07T20:02:07+00:00\" \/>\n<meta property=\"og:image\" content=\"https:\/\/de-vv.com\/aeducentre\/wp-content\/uploads\/2023\/04\/auto-ecole-cettac_boulogne_outils-pedagogiques.jpg\" \/>\n\t<meta property=\"og:image:width\" content=\"768\" \/>\n\t<meta property=\"og:image:height\" content=\"512\" \/>\n\t<meta property=\"og:image:type\" content=\"image\/jpeg\" \/>\n<meta name=\"twitter:card\" content=\"summary_large_image\" \/>\n<meta name=\"twitter:label1\" content=\"Dur\u00e9e de lecture estim\u00e9e\" \/>\n\t<meta name=\"twitter:data1\" content=\"3 minutes\" \/>\n<script type=\"application\/ld+json\" class=\"yoast-schema-graph\">{\"@context\":\"https:\/\/schema.org\",\"@graph\":[{\"@type\":\"WebPage\",\"@id\":\"https:\/\/de-vv.com\/aeducentre\/outils-pedagogiques\/\",\"url\":\"https:\/\/de-vv.com\/aeducentre\/outils-pedagogiques\/\",\"name\":\"Outils p\u00e9dagogiques - Auto-\u00e9cole du Centre \u00e0 Boulogne-Billancourt\",\"isPartOf\":{\"@id\":\"https:\/\/de-vv.com\/aeducentre\/#website\"},\"datePublished\":\"2023-04-02T19:19:39+00:00\",\"dateModified\":\"2023-04-07T20:02:07+00:00\",\"description\":\"L'Auto-\u00e9cole du Centre met \u00e0 votre disposition des outils p\u00e9dagogiques modernes : simulateur de conduite, livret de conduite, code en ligne.\",\"breadcrumb\":{\"@id\":\"https:\/\/de-vv.com\/aeducentre\/outils-pedagogiques\/#breadcrumb\"},\"inLanguage\":\"fr-FR\",\"potentialAction\":[{\"@type\":\"ReadAction\",\"target\":[\"https:\/\/de-vv.com\/aeducentre\/outils-pedagogiques\/\"]}]},{\"@type\":\"BreadcrumbList\",\"@id\":\"https:\/\/de-vv.com\/aeducentre\/outils-pedagogiques\/#breadcrumb\",\"itemListElement\":[{\"@type\":\"ListItem\",\"position\":1,\"name\":\"Accueil\",\"item\":\"https:\/\/de-vv.com\/aeducentre\/\"},{\"@type\":\"ListItem\",\"position\":2,\"name\":\"Outils p\u00e9dagogiques\"}]},{\"@type\":\"WebSite\",\"@id\":\"https:\/\/de-vv.com\/aeducentre\/#website\",\"url\":\"https:\/\/de-vv.com\/aeducentre\/\",\"name\":\"Auto-\u00e9cole du Centre\",\"description\":\"Auto-\u00e9cole et Moto-\u00e9cole \u00e0 Boulogne-Billancourt\",\"publisher\":{\"@id\":\"https:\/\/de-vv.com\/aeducentre\/#organization\"},\"potentialAction\":[{\"@type\":\"SearchAction\",\"target\":{\"@type\":\"EntryPoint\",\"urlTemplate\":\"https:\/\/de-vv.com\/aeducentre\/?s={search_term_string}\"},\"query-input\":\"required name=search_term_string\"}],\"inLanguage\":\"fr-FR\"},{\"@type\":\"Organization\",\"@id\":\"https:\/\/de-vv.com\/aeducentre\/#organization\",\"name\":\"Auto-\u00e9cole du Centre\",\"url\":\"https:\/\/de-vv.com\/aeducentre\/\",\"logo\":{\"@type\":\"ImageObject\",\"inLanguage\":\"fr-FR\",\"@id\":\"https:\/\/de-vv.com\/aeducentre\/#\/schema\/logo\/image\/\",\"url\":\"http:\/\/de-vv.com\/aeducentre\/wp-content\/uploads\/2023\/04\/auto-ecole-cettac_boulogne_logo.png\",\"contentUrl\":\"http:\/\/de-vv.com\/aeducentre\/wp-content\/uploads\/2023\/04\/auto-ecole-cettac_boulogne_logo.png\",\"width\":582,\"height\":385,\"caption\":\"Auto-\u00e9cole du Centre\"},\"image\":{\"@id\":\"https:\/\/de-vv.com\/aeducentre\/#\/schema\/logo\/image\/\"},\"sameAs\":[\"https:\/\/www.facebook.com\/ae.cettac\"]}]}<\/script>\n<!-- \/ Yoast SEO plugin. -->","yoast_head_json":{"title":"Outils p\u00e9dagogiques - Auto-\u00e9cole du Centre \u00e0 Boulogne-Billancourt","description":"L'Auto-\u00e9cole du Centre met \u00e0 votre disposition des outils p\u00e9dagogiques modernes : simulateur de conduite, livret de conduite, code en ligne.","robots":{"index":"noindex","follow":"follow","max-snippet":"max-snippet:-1","max-image-preview":"max-image-preview:large","max-video-preview":"max-video-preview:-1"},"og_locale":"fr_FR","og_type":"article","og_title":"Outils p\u00e9dagogiques - Auto-\u00e9cole du Centre \u00e0 Boulogne-Billancourt","og_description":"L'Auto-\u00e9cole du Centre met \u00e0 votre disposition des outils p\u00e9dagogiques modernes : simulateur de conduite, livret de conduite, code en ligne.","og_url":"https:\/\/de-vv.com\/aeducentre\/outils-pedagogiques\/","og_site_name":"Auto-\u00e9cole du Centre","article_publisher":"https:\/\/www.facebook.com\/ae.cettac","article_modified_time":"2023-04-07T20:02:07+00:00","og_image":[{"width":768,"height":512,"url":"https:\/\/de-vv.com\/aeducentre\/wp-content\/uploads\/2023\/04\/auto-ecole-cettac_boulogne_outils-pedagogiques.jpg","type":"image\/jpeg"}],"twitter_card":"summary_large_image","twitter_misc":{"Dur\u00e9e de lecture estim\u00e9e":"3 minutes"},"schema":{"@context":"https:\/\/schema.org","@graph":[{"@type":"WebPage","@id":"https:\/\/de-vv.com\/aeducentre\/outils-pedagogiques\/","url":"https:\/\/de-vv.com\/aeducentre\/outils-pedagogiques\/","name":"Outils p\u00e9dagogiques - Auto-\u00e9cole du Centre \u00e0 Boulogne-Billancourt","isPartOf":{"@id":"https:\/\/de-vv.com\/aeducentre\/#website"},"datePublished":"2023-04-02T19:19:39+00:00","dateModified":"2023-04-07T20:02:07+00:00","description":"L'Auto-\u00e9cole du Centre met \u00e0 votre disposition des outils p\u00e9dagogiques modernes : simulateur de conduite, livret de conduite, code en ligne.","breadcrumb":{"@id":"https:\/\/de-vv.com\/aeducentre\/outils-pedagogiques\/#breadcrumb"},"inLanguage":"fr-FR","potentialAction":[{"@type":"ReadAction","target":["https:\/\/de-vv.com\/aeducentre\/outils-pedagogiques\/"]}]},{"@type":"BreadcrumbList","@id":"https:\/\/de-vv.com\/aeducentre\/outils-pedagogiques\/#breadcrumb","itemListElement":[{"@type":"ListItem","position":1,"name":"Accueil","item":"https:\/\/de-vv.com\/aeducentre\/"},{"@type":"ListItem","position":2,"name":"Outils p\u00e9dagogiques"}]},{"@type":"WebSite","@id":"https:\/\/de-vv.com\/aeducentre\/#website","url":"https:\/\/de-vv.com\/aeducentre\/","name":"Auto-\u00e9cole du Centre","description":"Auto-\u00e9cole et Moto-\u00e9cole \u00e0 Boulogne-Billancourt","publisher":{"@id":"https:\/\/de-vv.com\/aeducentre\/#organization"},"potentialAction":[{"@type":"SearchAction","target":{"@type":"EntryPoint","urlTemplate":"https:\/\/de-vv.com\/aeducentre\/?s={search_term_string}"},"query-input":"required name=search_term_string"}],"inLanguage":"fr-FR"},{"@type":"Organization","@id":"https:\/\/de-vv.com\/aeducentre\/#organization","name":"Auto-\u00e9cole du Centre","url":"https:\/\/de-vv.com\/aeducentre\/","logo":{"@type":"ImageObject","inLanguage":"fr-FR","@id":"https:\/\/de-vv.com\/aeducentre\/#\/schema\/logo\/image\/","url":"http:\/\/de-vv.com\/aeducentre\/wp-content\/uploads\/2023\/04\/auto-ecole-cettac_boulogne_logo.png","contentUrl":"http:\/\/de-vv.com\/aeducentre\/wp-content\/uploads\/2023\/04\/auto-ecole-cettac_boulogne_logo.png","width":582,"height":385,"caption":"Auto-\u00e9cole du Centre"},"image":{"@id":"https:\/\/de-vv.com\/aeducentre\/#\/schema\/logo\/image\/"},"sameAs":["https:\/\/www.facebook.com\/ae.cettac"]}]}},"_links":{"self":[{"href":"https:\/\/de-vv.com\/aeducentre\/wp-json\/wp\/v2\/pages\/51"}],"collection":[{"href":"https:\/\/de-vv.com\/aeducentre\/wp-json\/wp\/v2\/pages"}],"about":[{"href":"https:\/\/de-vv.com\/aeducentre\/wp-json\/wp\/v2\/types\/page"}],"author":[{"embeddable":true,"href":"https:\/\/de-vv.com\/aeducentre\/wp-json\/wp\/v2\/users\/1"}],"replies":[{"embeddable":true,"href":"https:\/\/de-vv.com\/aeducentre\/wp-json\/wp\/v2\/comments?post=51"}],"version-history":[{"count":0,"href":"https:\/\/de-vv.com\/aeducentre\/wp-json\/wp\/v2\/pages\/51\/revisions"}],"wp:featuredmedia":[{"embeddable":true,"href":"https:\/\/de-vv.com\/aeducentre\/wp-json\/wp\/v2\/media\/132"}],"wp:attachment":[{"href":"https:\/\/de-vv.com\/aeducentre\/wp-json\/wp\/v2\/media?parent=51"}],"curies":[{"name":"wp","href":"https:\/\/api.w.org\/{rel}","templated":true}]}}