{"id":137,"date":"2023-01-06T13:28:02","date_gmt":"2023-01-06T12:28:02","guid":{"rendered":"https:\/\/de-vv.com\/aeparissaclay\/?page_id=137"},"modified":"2023-01-06T17:33:51","modified_gmt":"2023-01-06T16:33:51","slug":"agence-de-palaiseau","status":"publish","type":"page","link":"https:\/\/de-vv.com\/aeparissaclay\/agence-de-palaiseau\/","title":{"rendered":"Agence de Palaiseau Gare RER"},"content":{"rendered":"[vc_row type=\u00a0\u00bbfull_width_background\u00a0\u00bb full_screen_row_position=\u00a0\u00bbmiddle\u00a0\u00bb equal_height=\u00a0\u00bbyes\u00a0\u00bb content_placement=\u00a0\u00bbmiddle\u00a0\u00bb column_margin=\u00a0\u00bbdefault\u00a0\u00bb scene_position=\u00a0\u00bbcenter\u00a0\u00bb text_color=\u00a0\u00bbdark\u00a0\u00bb text_align=\u00a0\u00bbleft\u00a0\u00bb overlay_strength=\u00a0\u00bb0.5&Prime; enable_shape_divider=\u00a0\u00bbtrue\u00a0\u00bb shape_divider_position=\u00a0\u00bbbottom\u00a0\u00bb bg_image_animation=\u00a0\u00bbnone\u00a0\u00bb shape_type=\u00a0\u00bbcurve_opacity\u00a0\u00bb][vc_column centered_text=\u00a0\u00bbtrue\u00a0\u00bb column_padding=\u00a0\u00bbpadding-4-percent\u00a0\u00bb column_padding_position=\u00a0\u00bball\u00a0\u00bb background_color_opacity=\u00a0\u00bb1&Prime; background_hover_color_opacity=\u00a0\u00bb1&Prime; column_link_target=\u00a0\u00bb_self\u00a0\u00bb column_shadow=\u00a0\u00bbnone\u00a0\u00bb column_border_radius=\u00a0\u00bbnone\u00a0\u00bb width=\u00a0\u00bb1\/2&Prime; tablet_width_inherit=\u00a0\u00bbdefault\u00a0\u00bb tablet_text_alignment=\u00a0\u00bbdefault\u00a0\u00bb phone_text_alignment=\u00a0\u00bbdefault\u00a0\u00bb overlay_strength=\u00a0\u00bb0.3&Prime; column_border_width=\u00a0\u00bbnone\u00a0\u00bb column_border_style=\u00a0\u00bbsolid\u00a0\u00bb bg_image_animation=\u00a0\u00bbnone\u00a0\u00bb enable_animation=\u00a0\u00bbtrue\u00a0\u00bb animation=\u00a0\u00bbfade-in-from-left\u00a0\u00bb][image_with_animation image_url=\u00a0\u00bb73&Prime; alignment=\u00a0\u00bbcenter\u00a0\u00bb animation=\u00a0\u00bbFade In\u00a0\u00bb hover_animation=\u00a0\u00bbnone\u00a0\u00bb border_radius=\u00a0\u00bb5px\u00a0\u00bb box_shadow=\u00a0\u00bblarge_depth\u00a0\u00bb image_loading=\u00a0\u00bblazy-load\u00a0\u00bb max_width=\u00a0\u00bb100%\u00a0\u00bb max_width_mobile=\u00a0\u00bbdefault\u00a0\u00bb][\/vc_column][vc_column column_padding=\u00a0\u00bbpadding-2-percent\u00a0\u00bb column_padding_position=\u00a0\u00bball\u00a0\u00bb background_color_opacity=\u00a0\u00bb1&Prime; background_hover_color_opacity=\u00a0\u00bb1&Prime; font_color=\u00a0\u00bb#444444&Prime; column_link_target=\u00a0\u00bb_self\u00a0\u00bb column_shadow=\u00a0\u00bbnone\u00a0\u00bb column_border_radius=\u00a0\u00bbnone\u00a0\u00bb width=\u00a0\u00bb1\/2&Prime; tablet_width_inherit=\u00a0\u00bbdefault\u00a0\u00bb tablet_text_alignment=\u00a0\u00bbdefault\u00a0\u00bb phone_text_alignment=\u00a0\u00bbdefault\u00a0\u00bb overlay_strength=\u00a0\u00bb0.3&Prime; column_border_width=\u00a0\u00bbnone\u00a0\u00bb column_border_style=\u00a0\u00bbsolid\u00a0\u00bb bg_image_animation=\u00a0\u00bbnone\u00a0\u00bb enable_animation=\u00a0\u00bbtrue\u00a0\u00bb animation=\u00a0\u00bbfade-in-from-right\u00a0\u00bb][vc_column_text]\n<h6>Auto-\u00e9cole Paris-Saclay<\/h6>\n[\/vc_column_text][vc_column_text]\n<h1>Agence de Palaiseau Gare RER<\/h1>\n[\/vc_column_text][vc_column_text]<i class=\"fa fa-map-o nectar-icon\" style=\"color: #cd464f;\"><\/i>\u00a0<a href=\"https:\/\/www.google.com\/maps\/dir\/\/AUTO-ECOLE+PARIS-SACLAY+-+RER+B+Palaiseau+-+Formation+Acc%C3%A9l%C3%A9r%C3%A9e+-+1er+Contact+sur+Rdv.,+Rue+de+la+Gare,+Palaiseau\/@48.717595,2.1771654,12z\/data=!4m8!4m7!1m0!1m5!1m1!1s0x47e679fad68ce071:0xb11f4bce9dea981d!2m2!1d2.2472056!2d48.717503\" target=\"_blank\" rel=\"noopener\">5 rue de la Gare 91120 Palaiseau<\/a>[\/vc_column_text][vc_column_text]Nous vous proposons des formations au <a class=\"link-2par\" href=\"https:\/\/de-vv.com\/aeparissaclay\/permis-boite-manuelle\/\" target=\"_blank\" rel=\"noopener noreferrer\">permis de conduire sur bo\u00eete manuelle<\/a>, sur <a class=\"link-2par\" href=\"https:\/\/de-vv.com\/aeparissaclay\/permis-boite-automatique\/\" target=\"_blank\" rel=\"noopener noreferrer\">bo\u00eete automatique<\/a>. Nous sommes sp\u00e9cialis\u00e9s dans le <a class=\"link-2par\" href=\"https:\/\/de-vv.com\/aeparissaclay\/permis-accelere\/\" target=\"_blank\" rel=\"noopener noreferrer\">permis acc\u00e9l\u00e9r\u00e9<\/a>.[\/vc_column_text][nectar_btn size=\u00a0\u00bblarge\u00a0\u00bb button_style=\u00a0\u00bbregular\u00a0\u00bb button_color_2=\u00a0\u00bbextra-color-gradient-1&Prime; icon_family=\u00a0\u00bbfontawesome\u00a0\u00bb url=\u00a0\u00bbhttps:\/\/de-vv.com\/aeparissaclay\/contact\/\u00a0\u00bb text=\u00a0\u00bbPrendre rendez-vous\u00a0\u00bb icon_fontawesome=\u00a0\u00bbfa fa-calendar\u00a0\u00bb margin_top=\u00a0\u00bb5&Prime; margin_right=\u00a0\u00bb5&Prime; margin_bottom=\u00a0\u00bb5&Prime; margin_left=\u00a0\u00bb5&Prime;][nectar_btn size=\u00a0\u00bblarge\u00a0\u00bb button_style=\u00a0\u00bbsee-through\u00a0\u00bb button_color_2=\u00a0\u00bbAccent-Color\u00a0\u00bb icon_family=\u00a0\u00bbfontawesome\u00a0\u00bb url=\u00a0\u00bbtel:01.69.59.46.52&Prime; text=\u00a0\u00bb01 69 59 46 52&Prime; icon_fontawesome=\u00a0\u00bbfa fa-mobile\u00a0\u00bb margin_top=\u00a0\u00bb5&Prime; margin_right=\u00a0\u00bb5&Prime; margin_bottom=\u00a0\u00bb5&Prime; margin_left=\u00a0\u00bb5&Prime;][divider line_type=\u00a0\u00bbNo Line\u00a0\u00bb custom_height=\u00a0\u00bb20&Prime;][\/vc_column][\/vc_row][vc_row type=\u00a0\u00bbin_container\u00a0\u00bb full_screen_row_position=\u00a0\u00bbmiddle\u00a0\u00bb equal_height=\u00a0\u00bbyes\u00a0\u00bb content_placement=\u00a0\u00bbmiddle\u00a0\u00bb column_margin=\u00a0\u00bbdefault\u00a0\u00bb scene_position=\u00a0\u00bbcenter\u00a0\u00bb text_color=\u00a0\u00bbdark\u00a0\u00bb text_align=\u00a0\u00bbleft\u00a0\u00bb top_padding=\u00a0\u00bb20&Prime; bottom_padding=\u00a0\u00bb20&Prime; overlay_strength=\u00a0\u00bb0.3&Prime; shape_divider_position=\u00a0\u00bbbottom\u00a0\u00bb bg_image_animation=\u00a0\u00bbnone\u00a0\u00bb shape_type=\u00a0\u00bb\u00a0\u00bb][vc_column column_padding=\u00a0\u00bbpadding-2-percent\u00a0\u00bb column_padding_position=\u00a0\u00bball\u00a0\u00bb background_color_opacity=\u00a0\u00bb1&Prime; background_hover_color_opacity=\u00a0\u00bb1&Prime; column_link_target=\u00a0\u00bb_self\u00a0\u00bb column_shadow=\u00a0\u00bbnone\u00a0\u00bb column_border_radius=\u00a0\u00bbnone\u00a0\u00bb width=\u00a0\u00bb1\/1&Prime; tablet_width_inherit=\u00a0\u00bbdefault\u00a0\u00bb tablet_text_alignment=\u00a0\u00bbdefault\u00a0\u00bb phone_text_alignment=\u00a0\u00bbdefault\u00a0\u00bb overlay_strength=\u00a0\u00bb0.3&Prime; column_border_width=\u00a0\u00bbnone\u00a0\u00bb column_border_style=\u00a0\u00bbsolid\u00a0\u00bb bg_image_animation=\u00a0\u00bbnone\u00a0\u00bb][vc_column_text]\n<h2>Nous retrouver<\/h2>\n[\/vc_column_text][vc_column_text]Id\u00e9alement situ\u00e9e \u00e0 50 m\u00e8tres de la gare RER de Palaiseau (RER B), notre agence est accessible en 15 minutes depuis Paris. Elle s&rsquo;adresse aux \u00e9l\u00e8ves habitant Villebon, Igny, Massy, Palaiseau et Orsay. Nous proposons \u00e9galement un accueil sur notre <a href=\"https:\/\/de-vv.com\/aeparissaclay\/auto-ecole-campus-paris-saclay\/\">agence Campus Paris-Saclay<\/a>, situ\u00e9e sur le campus.[\/vc_column_text][\/vc_column][\/vc_row][vc_row type=\u00a0\u00bbin_container\u00a0\u00bb full_screen_row_position=\u00a0\u00bbmiddle\u00a0\u00bb equal_height=\u00a0\u00bbyes\u00a0\u00bb content_placement=\u00a0\u00bbmiddle\u00a0\u00bb column_margin=\u00a0\u00bbdefault\u00a0\u00bb scene_position=\u00a0\u00bbcenter\u00a0\u00bb text_color=\u00a0\u00bbdark\u00a0\u00bb text_align=\u00a0\u00bbleft\u00a0\u00bb overlay_strength=\u00a0\u00bb0.3&Prime; shape_divider_position=\u00a0\u00bbbottom\u00a0\u00bb bg_image_animation=\u00a0\u00bbnone\u00a0\u00bb shape_type=\u00a0\u00bb\u00a0\u00bb][vc_column column_padding=\u00a0\u00bbno-extra-padding\u00a0\u00bb column_padding_position=\u00a0\u00bball\u00a0\u00bb background_color_opacity=\u00a0\u00bb1&Prime; background_hover_color_opacity=\u00a0\u00bb1&Prime; column_link_target=\u00a0\u00bb_self\u00a0\u00bb column_shadow=\u00a0\u00bbnone\u00a0\u00bb column_border_radius=\u00a0\u00bbnone\u00a0\u00bb width=\u00a0\u00bb1\/1&Prime; tablet_width_inherit=\u00a0\u00bbdefault\u00a0\u00bb tablet_text_alignment=\u00a0\u00bbdefault\u00a0\u00bb phone_text_alignment=\u00a0\u00bbdefault\u00a0\u00bb overlay_strength=\u00a0\u00bb0.3&Prime; column_border_width=\u00a0\u00bbnone\u00a0\u00bb column_border_style=\u00a0\u00bbsolid\u00a0\u00bb bg_image_animation=\u00a0\u00bbnone\u00a0\u00bb][vc_column_text]\n<h2>L&rsquo;agence en photos<\/h2>\n[\/vc_column_text][vc_gallery type=\u00a0\u00bbimage_grid\u00a0\u00bb images=\u00a0\u00bb73,74,81,80&Prime; layout=\u00a0\u00bbfullwidth\u00a0\u00bb masonry_style=\u00a0\u00bbtrue\u00a0\u00bb item_spacing=\u00a0\u00bbdefault\u00a0\u00bb gallery_style=\u00a0\u00bb7&Prime; load_in_animation=\u00a0\u00bbnone\u00a0\u00bb][\/vc_column][\/vc_row][vc_row type=\u00a0\u00bbfull_width_background\u00a0\u00bb full_screen_row_position=\u00a0\u00bbmiddle\u00a0\u00bb column_margin=\u00a0\u00bbdefault\u00a0\u00bb scene_position=\u00a0\u00bbcenter\u00a0\u00bb text_color=\u00a0\u00bbdark\u00a0\u00bb text_align=\u00a0\u00bbleft\u00a0\u00bb top_padding=\u00a0\u00bb10&Prime; bottom_padding=\u00a0\u00bb10&Prime; overlay_strength=\u00a0\u00bb0.3&Prime; shape_divider_position=\u00a0\u00bbbottom\u00a0\u00bb bg_image_animation=\u00a0\u00bbnone\u00a0\u00bb shape_type=\u00a0\u00bb\u00a0\u00bb][vc_column centered_text=\u00a0\u00bbtrue\u00a0\u00bb column_padding=\u00a0\u00bbpadding-2-percent\u00a0\u00bb column_padding_position=\u00a0\u00bball\u00a0\u00bb background_color_opacity=\u00a0\u00bb1&Prime; background_hover_color_opacity=\u00a0\u00bb1&Prime; column_link_target=\u00a0\u00bb_self\u00a0\u00bb column_shadow=\u00a0\u00bbnone\u00a0\u00bb column_border_radius=\u00a0\u00bbnone\u00a0\u00bb width=\u00a0\u00bb1\/3&Prime; tablet_width_inherit=\u00a0\u00bbdefault\u00a0\u00bb tablet_text_alignment=\u00a0\u00bbdefault\u00a0\u00bb phone_text_alignment=\u00a0\u00bbdefault\u00a0\u00bb overlay_strength=\u00a0\u00bb0.3&Prime; column_border_width=\u00a0\u00bbnone\u00a0\u00bb column_border_style=\u00a0\u00bbsolid\u00a0\u00bb bg_image_animation=\u00a0\u00bbnone\u00a0\u00bb offset=\u00a0\u00bbvc_hidden-sm vc_hidden-xs\u00a0\u00bb][image_with_animation image_url=\u00a0\u00bb76&Prime; alignment=\u00a0\u00bbcenter\u00a0\u00bb animation=\u00a0\u00bbFade In\u00a0\u00bb hover_animation=\u00a0\u00bbnone\u00a0\u00bb border_radius=\u00a0\u00bbnone\u00a0\u00bb box_shadow=\u00a0\u00bbnone\u00a0\u00bb image_loading=\u00a0\u00bbdefault\u00a0\u00bb max_width=\u00a0\u00bb100%\u00a0\u00bb max_width_mobile=\u00a0\u00bbdefault\u00a0\u00bb][\/vc_column][vc_column column_padding=\u00a0\u00bbpadding-2-percent\u00a0\u00bb column_padding_position=\u00a0\u00bball\u00a0\u00bb background_color_opacity=\u00a0\u00bb1&Prime; background_hover_color_opacity=\u00a0\u00bb1&Prime; column_link_target=\u00a0\u00bb_self\u00a0\u00bb column_shadow=\u00a0\u00bbnone\u00a0\u00bb column_border_radius=\u00a0\u00bbnone\u00a0\u00bb width=\u00a0\u00bb2\/3&Prime; tablet_width_inherit=\u00a0\u00bbdefault\u00a0\u00bb tablet_text_alignment=\u00a0\u00bbdefault\u00a0\u00bb phone_text_alignment=\u00a0\u00bbdefault\u00a0\u00bb overlay_strength=\u00a0\u00bb0.3&Prime; column_border_width=\u00a0\u00bbnone\u00a0\u00bb column_border_style=\u00a0\u00bbsolid\u00a0\u00bb bg_image_animation=\u00a0\u00bbnone\u00a0\u00bb offset=\u00a0\u00bbvc_hidden-sm vc_hidden-xs\u00a0\u00bb][vc_column_text]\n<h3>Nos \u00e9l\u00e8ves donnent leur avis !<\/h3>\n[\/vc_column_text][vc_column_text]\u00c0 l&rsquo;Auto-\u00e9cole Paris-Saclay, nous mettons tout en place pour satisfaire nos \u00e9l\u00e8ves. Les avis qu&rsquo;ils nous laissent t\u00e9moignent de la qualit\u00e9 de nos formations.[\/vc_column_text][nectar_btn size=\u00a0\u00bblarge\u00a0\u00bb open_new_tab=\u00a0\u00bbtrue\u00a0\u00bb button_style=\u00a0\u00bbregular\u00a0\u00bb button_color_2=\u00a0\u00bbextra-color-gradient-1&Prime; icon_family=\u00a0\u00bbdefault_arrow\u00a0\u00bb url=\u00a0\u00bbhttps:\/\/www.vroomvroom.fr\/auto-ecoles\/essonne\/palaiseau\/auto-\u00e9cole-paris-saclay\u00a0\u00bb text=\u00a0\u00bbConsultez nos avis\u00a0\u00bb margin_top=\u00a0\u00bb15&Prime; margin_bottom=\u00a0\u00bb15&Prime;][\/vc_column][\/vc_row][vc_row type=\u00a0\u00bbfull_width_background\u00a0\u00bb full_screen_row_position=\u00a0\u00bbmiddle\u00a0\u00bb column_margin=\u00a0\u00bbdefault\u00a0\u00bb scene_position=\u00a0\u00bbcenter\u00a0\u00bb text_color=\u00a0\u00bbdark\u00a0\u00bb text_align=\u00a0\u00bbleft\u00a0\u00bb top_padding=\u00a0\u00bb10&Prime; bottom_padding=\u00a0\u00bb10&Prime; overlay_strength=\u00a0\u00bb0.3&Prime; shape_divider_position=\u00a0\u00bbbottom\u00a0\u00bb bg_image_animation=\u00a0\u00bbnone\u00a0\u00bb shape_type=\u00a0\u00bb\u00a0\u00bb][vc_column column_padding=\u00a0\u00bbpadding-2-percent\u00a0\u00bb column_padding_position=\u00a0\u00bball\u00a0\u00bb background_color_opacity=\u00a0\u00bb1&Prime; background_hover_color_opacity=\u00a0\u00bb1&Prime; column_link_target=\u00a0\u00bb_self\u00a0\u00bb column_shadow=\u00a0\u00bbnone\u00a0\u00bb column_border_radius=\u00a0\u00bbnone\u00a0\u00bb width=\u00a0\u00bb1\/2&Prime; tablet_width_inherit=\u00a0\u00bbdefault\u00a0\u00bb tablet_text_alignment=\u00a0\u00bbdefault\u00a0\u00bb phone_text_alignment=\u00a0\u00bbdefault\u00a0\u00bb overlay_strength=\u00a0\u00bb0.3&Prime; column_border_width=\u00a0\u00bbnone\u00a0\u00bb column_border_style=\u00a0\u00bbsolid\u00a0\u00bb bg_image_animation=\u00a0\u00bbnone\u00a0\u00bb offset=\u00a0\u00bbvc_hidden-lg vc_hidden-md\u00a0\u00bb][vc_column_text]\n<h2>Nos \u00e9l\u00e8ves donnent leur avis !<\/h2>\n[\/vc_column_text][vc_column_text]\u00c0 l&rsquo;Auto-\u00e9cole Paris-Saclay, nous mettons tout en place pour satisfaire nos \u00e9l\u00e8ves. Les avis qu&rsquo;ils nous laissent t\u00e9moignent de la qualit\u00e9 de nos formations.[\/vc_column_text][nectar_btn size=\u00a0\u00bblarge\u00a0\u00bb open_new_tab=\u00a0\u00bbtrue\u00a0\u00bb button_style=\u00a0\u00bbregular\u00a0\u00bb button_color_2=\u00a0\u00bbextra-color-gradient-1&Prime; icon_family=\u00a0\u00bbdefault_arrow\u00a0\u00bb url=\u00a0\u00bbhttps:\/\/www.vroomvroom.fr\/auto-ecoles\/essonne\/palaiseau\/auto-\u00e9cole-paris-saclay\u00a0\u00bb text=\u00a0\u00bbConsultez nos avis\u00a0\u00bb margin_top=\u00a0\u00bb15&Prime; margin_bottom=\u00a0\u00bb15&Prime;][\/vc_column][vc_column centered_text=\u00a0\u00bbtrue\u00a0\u00bb column_padding=\u00a0\u00bbpadding-2-percent\u00a0\u00bb column_padding_position=\u00a0\u00bball\u00a0\u00bb background_color_opacity=\u00a0\u00bb1&Prime; background_hover_color_opacity=\u00a0\u00bb1&Prime; column_link_target=\u00a0\u00bb_self\u00a0\u00bb column_shadow=\u00a0\u00bbnone\u00a0\u00bb column_border_radius=\u00a0\u00bbnone\u00a0\u00bb width=\u00a0\u00bb1\/2&Prime; tablet_width_inherit=\u00a0\u00bbdefault\u00a0\u00bb tablet_text_alignment=\u00a0\u00bbdefault\u00a0\u00bb phone_text_alignment=\u00a0\u00bbdefault\u00a0\u00bb overlay_strength=\u00a0\u00bb0.3&Prime; column_border_width=\u00a0\u00bbnone\u00a0\u00bb column_border_style=\u00a0\u00bbsolid\u00a0\u00bb bg_image_animation=\u00a0\u00bbnone\u00a0\u00bb offset=\u00a0\u00bbvc_hidden-lg vc_hidden-md\u00a0\u00bb][image_with_animation image_url=\u00a0\u00bb76&Prime; alignment=\u00a0\u00bbcenter\u00a0\u00bb animation=\u00a0\u00bbFade In\u00a0\u00bb hover_animation=\u00a0\u00bbnone\u00a0\u00bb border_radius=\u00a0\u00bbnone\u00a0\u00bb box_shadow=\u00a0\u00bbnone\u00a0\u00bb image_loading=\u00a0\u00bbdefault\u00a0\u00bb max_width=\u00a0\u00bb100%\u00a0\u00bb max_width_mobile=\u00a0\u00bbdefault\u00a0\u00bb][\/vc_column][\/vc_row]\n","protected":false},"excerpt":{"rendered":"<p>[vc_row type=\u00a0\u00bbfull_width_background\u00a0\u00bb full_screen_row_position=\u00a0\u00bbmiddle\u00a0\u00bb equal_height=\u00a0\u00bbyes\u00a0\u00bb content_placement=\u00a0\u00bbmiddle\u00a0\u00bb column_margin=\u00a0\u00bbdefault\u00a0\u00bb scene_position=\u00a0\u00bbcenter\u00a0\u00bb text_color=\u00a0\u00bbdark\u00a0\u00bb text_align=\u00a0\u00bbleft\u00a0\u00bb overlay_strength=\u00a0\u00bb0.5&Prime; enable_shape_divider=\u00a0\u00bbtrue\u00a0\u00bb shape_divider_position=\u00a0\u00bbbottom\u00a0\u00bb bg_image_animation=\u00a0\u00bbnone\u00a0\u00bb shape_type=\u00a0\u00bbcurve_opacity\u00a0\u00bb][vc_column centered_text=\u00a0\u00bbtrue\u00a0\u00bb column_padding=\u00a0\u00bbpadding-4-percent\u00a0\u00bb column_padding_position=\u00a0\u00bball\u00a0\u00bb background_color_opacity=\u00a0\u00bb1&Prime; background_hover_color_opacity=\u00a0\u00bb1&Prime; column_link_target=\u00a0\u00bb_self\u00a0\u00bb column_shadow=\u00a0\u00bbnone\u00a0\u00bb column_border_radius=\u00a0\u00bbnone\u00a0\u00bb width=\u00a0\u00bb1\/2&Prime; tablet_width_inherit=\u00a0\u00bbdefault\u00a0\u00bb tablet_text_alignment=\u00a0\u00bbdefault\u00a0\u00bb phone_text_alignment=\u00a0\u00bbdefault\u00a0\u00bb overlay_strength=\u00a0\u00bb0.3&Prime; column_border_width=\u00a0\u00bbnone\u00a0\u00bb column_border_style=\u00a0\u00bbsolid\u00a0\u00bb bg_image_animation=\u00a0\u00bbnone\u00a0\u00bb&#8230;<\/p>\n","protected":false},"author":1,"featured_media":88,"parent":0,"menu_order":0,"comment_status":"closed","ping_status":"closed","template":"","meta":{"footnotes":""},"class_list":["post-137","page","type-page","status-publish","has-post-thumbnail"],"yoast_head":"<!-- This site is optimized with the Yoast SEO plugin v26.0 - https:\/\/yoast.com\/wordpress\/plugins\/seo\/ -->\n<title>Agence de Palaiseau Gare RER - Auto-\u00e9cole Paris Saclay<\/title>\n<meta name=\"description\" content=\"Consultez les information sur notre auto-\u00e9cole situ\u00e9e \u00e0 Palaiseau, \u00e0 100m de la Gare RER de Palaiseau. Formation permis B, permis acc\u00e9l\u00e9r\u00e9.\" \/>\n<meta name=\"robots\" content=\"noindex, follow, max-snippet:-1, max-image-preview:large, max-video-preview:-1\" \/>\n<meta property=\"og:locale\" content=\"fr_FR\" \/>\n<meta property=\"og:type\" content=\"article\" \/>\n<meta property=\"og:title\" content=\"Agence de Palaiseau Gare RER - Auto-\u00e9cole Paris Saclay\" \/>\n<meta property=\"og:description\" content=\"Consultez les information sur notre auto-\u00e9cole situ\u00e9e \u00e0 Palaiseau, \u00e0 100m de la Gare RER de Palaiseau. Formation permis B, permis acc\u00e9l\u00e9r\u00e9.\" \/>\n<meta property=\"og:url\" content=\"https:\/\/de-vv.com\/aeparissaclay\/agence-de-palaiseau\/\" \/>\n<meta property=\"og:site_name\" content=\"Auto-\u00e9cole Paris Saclay\" \/>\n<meta property=\"article:modified_time\" content=\"2023-01-06T16:33:51+00:00\" \/>\n<meta property=\"og:image\" content=\"https:\/\/de-vv.com\/aeparissaclay\/wp-content\/uploads\/2022\/12\/cropped-Logo_Auto-ecole-Paris_Saclay-scaled-1.jpg\" \/>\n\t<meta property=\"og:image:width\" content=\"512\" \/>\n\t<meta property=\"og:image:height\" content=\"512\" \/>\n\t<meta property=\"og:image:type\" content=\"image\/jpeg\" \/>\n<meta name=\"twitter:card\" content=\"summary_large_image\" \/>\n<meta name=\"twitter:label1\" content=\"Dur\u00e9e de lecture estim\u00e9e\" \/>\n\t<meta name=\"twitter:data1\" content=\"3 minutes\" \/>\n<script type=\"application\/ld+json\" class=\"yoast-schema-graph\">{\"@context\":\"https:\/\/schema.org\",\"@graph\":[{\"@type\":\"WebPage\",\"@id\":\"https:\/\/de-vv.com\/aeparissaclay\/agence-de-palaiseau\/\",\"url\":\"https:\/\/de-vv.com\/aeparissaclay\/agence-de-palaiseau\/\",\"name\":\"Agence de Palaiseau Gare RER - Auto-\u00e9cole Paris Saclay\",\"isPartOf\":{\"@id\":\"https:\/\/de-vv.com\/aeparissaclay\/#website\"},\"primaryImageOfPage\":{\"@id\":\"https:\/\/de-vv.com\/aeparissaclay\/agence-de-palaiseau\/#primaryimage\"},\"image\":{\"@id\":\"https:\/\/de-vv.com\/aeparissaclay\/agence-de-palaiseau\/#primaryimage\"},\"thumbnailUrl\":\"https:\/\/de-vv.com\/aeparissaclay\/wp-content\/uploads\/2022\/12\/cropped-Logo_Auto-ecole-Paris_Saclay-scaled-1.jpg\",\"datePublished\":\"2023-01-06T12:28:02+00:00\",\"dateModified\":\"2023-01-06T16:33:51+00:00\",\"description\":\"Consultez les information sur notre auto-\u00e9cole situ\u00e9e \u00e0 Palaiseau, \u00e0 100m de la Gare RER de Palaiseau. Formation permis B, permis acc\u00e9l\u00e9r\u00e9.\",\"breadcrumb\":{\"@id\":\"https:\/\/de-vv.com\/aeparissaclay\/agence-de-palaiseau\/#breadcrumb\"},\"inLanguage\":\"fr-FR\",\"potentialAction\":[{\"@type\":\"ReadAction\",\"target\":[\"https:\/\/de-vv.com\/aeparissaclay\/agence-de-palaiseau\/\"]}]},{\"@type\":\"ImageObject\",\"inLanguage\":\"fr-FR\",\"@id\":\"https:\/\/de-vv.com\/aeparissaclay\/agence-de-palaiseau\/#primaryimage\",\"url\":\"https:\/\/de-vv.com\/aeparissaclay\/wp-content\/uploads\/2022\/12\/cropped-Logo_Auto-ecole-Paris_Saclay-scaled-1.jpg\",\"contentUrl\":\"https:\/\/de-vv.com\/aeparissaclay\/wp-content\/uploads\/2022\/12\/cropped-Logo_Auto-ecole-Paris_Saclay-scaled-1.jpg\",\"width\":512,\"height\":512},{\"@type\":\"BreadcrumbList\",\"@id\":\"https:\/\/de-vv.com\/aeparissaclay\/agence-de-palaiseau\/#breadcrumb\",\"itemListElement\":[{\"@type\":\"ListItem\",\"position\":1,\"name\":\"Accueil\",\"item\":\"https:\/\/de-vv.com\/aeparissaclay\/\"},{\"@type\":\"ListItem\",\"position\":2,\"name\":\"Agence de Palaiseau Gare RER\"}]},{\"@type\":\"WebSite\",\"@id\":\"https:\/\/de-vv.com\/aeparissaclay\/#website\",\"url\":\"https:\/\/de-vv.com\/aeparissaclay\/\",\"name\":\"Auto-\u00e9cole Paris Saclay\",\"description\":\"Permis acc\u00e9l\u00e9r\u00e9 - Campus Paris Saclay\",\"potentialAction\":[{\"@type\":\"SearchAction\",\"target\":{\"@type\":\"EntryPoint\",\"urlTemplate\":\"https:\/\/de-vv.com\/aeparissaclay\/?s={search_term_string}\"},\"query-input\":{\"@type\":\"PropertyValueSpecification\",\"valueRequired\":true,\"valueName\":\"search_term_string\"}}],\"inLanguage\":\"fr-FR\"}]}<\/script>\n<!-- \/ Yoast SEO plugin. -->","yoast_head_json":{"title":"Agence de Palaiseau Gare RER - Auto-\u00e9cole Paris Saclay","description":"Consultez les information sur notre auto-\u00e9cole situ\u00e9e \u00e0 Palaiseau, \u00e0 100m de la Gare RER de Palaiseau. Formation permis B, permis acc\u00e9l\u00e9r\u00e9.","robots":{"index":"noindex","follow":"follow","max-snippet":"max-snippet:-1","max-image-preview":"max-image-preview:large","max-video-preview":"max-video-preview:-1"},"og_locale":"fr_FR","og_type":"article","og_title":"Agence de Palaiseau Gare RER - Auto-\u00e9cole Paris Saclay","og_description":"Consultez les information sur notre auto-\u00e9cole situ\u00e9e \u00e0 Palaiseau, \u00e0 100m de la Gare RER de Palaiseau. Formation permis B, permis acc\u00e9l\u00e9r\u00e9.","og_url":"https:\/\/de-vv.com\/aeparissaclay\/agence-de-palaiseau\/","og_site_name":"Auto-\u00e9cole Paris Saclay","article_modified_time":"2023-01-06T16:33:51+00:00","og_image":[{"width":512,"height":512,"url":"https:\/\/de-vv.com\/aeparissaclay\/wp-content\/uploads\/2022\/12\/cropped-Logo_Auto-ecole-Paris_Saclay-scaled-1.jpg","type":"image\/jpeg"}],"twitter_card":"summary_large_image","twitter_misc":{"Dur\u00e9e de lecture estim\u00e9e":"3 minutes"},"schema":{"@context":"https:\/\/schema.org","@graph":[{"@type":"WebPage","@id":"https:\/\/de-vv.com\/aeparissaclay\/agence-de-palaiseau\/","url":"https:\/\/de-vv.com\/aeparissaclay\/agence-de-palaiseau\/","name":"Agence de Palaiseau Gare RER - Auto-\u00e9cole Paris Saclay","isPartOf":{"@id":"https:\/\/de-vv.com\/aeparissaclay\/#website"},"primaryImageOfPage":{"@id":"https:\/\/de-vv.com\/aeparissaclay\/agence-de-palaiseau\/#primaryimage"},"image":{"@id":"https:\/\/de-vv.com\/aeparissaclay\/agence-de-palaiseau\/#primaryimage"},"thumbnailUrl":"https:\/\/de-vv.com\/aeparissaclay\/wp-content\/uploads\/2022\/12\/cropped-Logo_Auto-ecole-Paris_Saclay-scaled-1.jpg","datePublished":"2023-01-06T12:28:02+00:00","dateModified":"2023-01-06T16:33:51+00:00","description":"Consultez les information sur notre auto-\u00e9cole situ\u00e9e \u00e0 Palaiseau, \u00e0 100m de la Gare RER de Palaiseau. Formation permis B, permis acc\u00e9l\u00e9r\u00e9.","breadcrumb":{"@id":"https:\/\/de-vv.com\/aeparissaclay\/agence-de-palaiseau\/#breadcrumb"},"inLanguage":"fr-FR","potentialAction":[{"@type":"ReadAction","target":["https:\/\/de-vv.com\/aeparissaclay\/agence-de-palaiseau\/"]}]},{"@type":"ImageObject","inLanguage":"fr-FR","@id":"https:\/\/de-vv.com\/aeparissaclay\/agence-de-palaiseau\/#primaryimage","url":"https:\/\/de-vv.com\/aeparissaclay\/wp-content\/uploads\/2022\/12\/cropped-Logo_Auto-ecole-Paris_Saclay-scaled-1.jpg","contentUrl":"https:\/\/de-vv.com\/aeparissaclay\/wp-content\/uploads\/2022\/12\/cropped-Logo_Auto-ecole-Paris_Saclay-scaled-1.jpg","width":512,"height":512},{"@type":"BreadcrumbList","@id":"https:\/\/de-vv.com\/aeparissaclay\/agence-de-palaiseau\/#breadcrumb","itemListElement":[{"@type":"ListItem","position":1,"name":"Accueil","item":"https:\/\/de-vv.com\/aeparissaclay\/"},{"@type":"ListItem","position":2,"name":"Agence de Palaiseau Gare RER"}]},{"@type":"WebSite","@id":"https:\/\/de-vv.com\/aeparissaclay\/#website","url":"https:\/\/de-vv.com\/aeparissaclay\/","name":"Auto-\u00e9cole Paris Saclay","description":"Permis acc\u00e9l\u00e9r\u00e9 - Campus Paris Saclay","potentialAction":[{"@type":"SearchAction","target":{"@type":"EntryPoint","urlTemplate":"https:\/\/de-vv.com\/aeparissaclay\/?s={search_term_string}"},"query-input":{"@type":"PropertyValueSpecification","valueRequired":true,"valueName":"search_term_string"}}],"inLanguage":"fr-FR"}]}},"_links":{"self":[{"href":"https:\/\/de-vv.com\/aeparissaclay\/wp-json\/wp\/v2\/pages\/137","targetHints":{"allow":["GET"]}}],"collection":[{"href":"https:\/\/de-vv.com\/aeparissaclay\/wp-json\/wp\/v2\/pages"}],"about":[{"href":"https:\/\/de-vv.com\/aeparissaclay\/wp-json\/wp\/v2\/types\/page"}],"author":[{"embeddable":true,"href":"https:\/\/de-vv.com\/aeparissaclay\/wp-json\/wp\/v2\/users\/1"}],"replies":[{"embeddable":true,"href":"https:\/\/de-vv.com\/aeparissaclay\/wp-json\/wp\/v2\/comments?post=137"}],"version-history":[{"count":5,"href":"https:\/\/de-vv.com\/aeparissaclay\/wp-json\/wp\/v2\/pages\/137\/revisions"}],"predecessor-version":[{"id":157,"href":"https:\/\/de-vv.com\/aeparissaclay\/wp-json\/wp\/v2\/pages\/137\/revisions\/157"}],"wp:featuredmedia":[{"embeddable":true,"href":"https:\/\/de-vv.com\/aeparissaclay\/wp-json\/wp\/v2\/media\/88"}],"wp:attachment":[{"href":"https:\/\/de-vv.com\/aeparissaclay\/wp-json\/wp\/v2\/media?parent=137"}],"curies":[{"name":"wp","href":"https:\/\/api.w.org\/{rel}","templated":true}]}}