{"id":3,"date":"2025-07-17T21:13:17","date_gmt":"2025-07-17T19:13:17","guid":{"rendered":"https:\/\/de-vv.com\/barber\/?page_id=3"},"modified":"2025-09-20T20:18:16","modified_gmt":"2025-09-20T18:18:16","slug":"donnees-personnelles","status":"publish","type":"page","link":"https:\/\/de-vv.com\/barber\/donnees-personnelles\/","title":{"rendered":"Donn\u00e9es personnelles"},"content":{"rendered":"[vc_row type=\u00a0\u00bbin_container\u00a0\u00bb full_screen_row_position=\u00a0\u00bbmiddle\u00a0\u00bb column_margin=\u00a0\u00bbdefault\u00a0\u00bb column_direction=\u00a0\u00bbdefault\u00a0\u00bb column_direction_tablet=\u00a0\u00bbdefault\u00a0\u00bb column_direction_phone=\u00a0\u00bbdefault\u00a0\u00bb scene_position=\u00a0\u00bbcenter\u00a0\u00bb text_color=\u00a0\u00bbdark\u00a0\u00bb text_align=\u00a0\u00bbleft\u00a0\u00bb row_border_radius=\u00a0\u00bbnone\u00a0\u00bb row_border_radius_applies=\u00a0\u00bbbg\u00a0\u00bb overflow=\u00a0\u00bbvisible\u00a0\u00bb overlay_strength=\u00a0\u00bb0.3&Prime; gradient_direction=\u00a0\u00bbleft_to_right\u00a0\u00bb shape_divider_position=\u00a0\u00bbbottom\u00a0\u00bb bg_image_animation=\u00a0\u00bbnone\u00a0\u00bb][vc_column column_padding=\u00a0\u00bbno-extra-padding\u00a0\u00bb column_padding_tablet=\u00a0\u00bbinherit\u00a0\u00bb column_padding_phone=\u00a0\u00bbinherit\u00a0\u00bb column_padding_position=\u00a0\u00bball\u00a0\u00bb column_element_direction_desktop=\u00a0\u00bbdefault\u00a0\u00bb column_element_spacing=\u00a0\u00bbdefault\u00a0\u00bb desktop_text_alignment=\u00a0\u00bbdefault\u00a0\u00bb tablet_text_alignment=\u00a0\u00bbdefault\u00a0\u00bb phone_text_alignment=\u00a0\u00bbdefault\u00a0\u00bb background_color_opacity=\u00a0\u00bb1&Prime; background_hover_color_opacity=\u00a0\u00bb1&Prime; column_backdrop_filter=\u00a0\u00bbnone\u00a0\u00bb column_shadow=\u00a0\u00bbnone\u00a0\u00bb column_border_radius=\u00a0\u00bbnone\u00a0\u00bb column_link_target=\u00a0\u00bb_self\u00a0\u00bb column_position=\u00a0\u00bbdefault\u00a0\u00bb gradient_direction=\u00a0\u00bbleft_to_right\u00a0\u00bb overlay_strength=\u00a0\u00bb0.3&Prime; width=\u00a0\u00bb1\/6&Prime; tablet_width_inherit=\u00a0\u00bbdefault\u00a0\u00bb animation_type=\u00a0\u00bbdefault\u00a0\u00bb bg_image_animation=\u00a0\u00bbnone\u00a0\u00bb border_type=\u00a0\u00bbsimple\u00a0\u00bb column_border_width=\u00a0\u00bbnone\u00a0\u00bb column_border_style=\u00a0\u00bbsolid\u00a0\u00bb column_padding_type=\u00a0\u00bbdefault\u00a0\u00bb gradient_type=\u00a0\u00bbdefault\u00a0\u00bb offset=\u00a0\u00bbvc_hidden-sm vc_hidden-xs\u00a0\u00bb][\/vc_column][vc_column column_padding=\u00a0\u00bbpadding-2-percent\u00a0\u00bb column_padding_tablet=\u00a0\u00bbinherit\u00a0\u00bb column_padding_phone=\u00a0\u00bbinherit\u00a0\u00bb column_padding_position=\u00a0\u00bball\u00a0\u00bb column_element_direction_desktop=\u00a0\u00bbdefault\u00a0\u00bb column_element_spacing=\u00a0\u00bbdefault\u00a0\u00bb desktop_text_alignment=\u00a0\u00bbdefault\u00a0\u00bb tablet_text_alignment=\u00a0\u00bbdefault\u00a0\u00bb phone_text_alignment=\u00a0\u00bbdefault\u00a0\u00bb background_color_opacity=\u00a0\u00bb1&Prime; background_hover_color_opacity=\u00a0\u00bb1&Prime; column_backdrop_filter=\u00a0\u00bbnone\u00a0\u00bb column_shadow=\u00a0\u00bbnone\u00a0\u00bb column_border_radius=\u00a0\u00bbnone\u00a0\u00bb column_link_target=\u00a0\u00bb_self\u00a0\u00bb column_position=\u00a0\u00bbdefault\u00a0\u00bb gradient_direction=\u00a0\u00bbleft_to_right\u00a0\u00bb overlay_strength=\u00a0\u00bb0.3&Prime; width=\u00a0\u00bb2\/3&Prime; tablet_width_inherit=\u00a0\u00bbdefault\u00a0\u00bb animation_type=\u00a0\u00bbdefault\u00a0\u00bb bg_image_animation=\u00a0\u00bbnone\u00a0\u00bb border_type=\u00a0\u00bbsimple\u00a0\u00bb column_border_width=\u00a0\u00bbnone\u00a0\u00bb column_border_style=\u00a0\u00bbsolid\u00a0\u00bb column_padding_type=\u00a0\u00bbdefault\u00a0\u00bb gradient_type=\u00a0\u00bbdefault\u00a0\u00bb][vc_column_text css=\u00a0\u00bb\u00a0\u00bb text_direction=\u00a0\u00bbdefault\u00a0\u00bb]\n<h1 style=\"text-align: center;\">Politique de protection des donn\u00e9es personnelles<\/h1>\n[\/vc_column_text][vc_column_text css=\u00a0\u00bb\u00a0\u00bb text_direction=\u00a0\u00bbdefault\u00a0\u00bb]Le site internet de Barber des Princes ne collecte aucune donn\u00e9es personnelles. La prise de rendez-vous se fait directement sur le site Planity.com ou dans notre salon.<\/p>\n<p>Pour plus d&rsquo;informations, vous pouvez consulter la <a href=\"https:\/\/www.planity.com\/politique-de-confidentialite\" target=\"_blank\" rel=\"noopener nofollow\">politique de confidentialit\u00e9<\/a> de Planity. Vous pouvez \u00e9galement consulter nos <a href=\"https:\/\/de-vv.com\/barber\/mentions-legales\/\">mentions l\u00e9gales<\/a>.[\/vc_column_text][\/vc_column][vc_column column_padding=\u00a0\u00bbno-extra-padding\u00a0\u00bb column_padding_tablet=\u00a0\u00bbinherit\u00a0\u00bb column_padding_phone=\u00a0\u00bbinherit\u00a0\u00bb column_padding_position=\u00a0\u00bball\u00a0\u00bb column_element_direction_desktop=\u00a0\u00bbdefault\u00a0\u00bb column_element_spacing=\u00a0\u00bbdefault\u00a0\u00bb desktop_text_alignment=\u00a0\u00bbdefault\u00a0\u00bb tablet_text_alignment=\u00a0\u00bbdefault\u00a0\u00bb phone_text_alignment=\u00a0\u00bbdefault\u00a0\u00bb background_color_opacity=\u00a0\u00bb1&Prime; background_hover_color_opacity=\u00a0\u00bb1&Prime; column_backdrop_filter=\u00a0\u00bbnone\u00a0\u00bb column_shadow=\u00a0\u00bbnone\u00a0\u00bb column_border_radius=\u00a0\u00bbnone\u00a0\u00bb column_link_target=\u00a0\u00bb_self\u00a0\u00bb column_position=\u00a0\u00bbdefault\u00a0\u00bb gradient_direction=\u00a0\u00bbleft_to_right\u00a0\u00bb overlay_strength=\u00a0\u00bb0.3&Prime; width=\u00a0\u00bb1\/6&Prime; tablet_width_inherit=\u00a0\u00bbdefault\u00a0\u00bb animation_type=\u00a0\u00bbdefault\u00a0\u00bb bg_image_animation=\u00a0\u00bbnone\u00a0\u00bb border_type=\u00a0\u00bbsimple\u00a0\u00bb column_border_width=\u00a0\u00bbnone\u00a0\u00bb column_border_style=\u00a0\u00bbsolid\u00a0\u00bb column_padding_type=\u00a0\u00bbdefault\u00a0\u00bb gradient_type=\u00a0\u00bbdefault\u00a0\u00bb offset=\u00a0\u00bbvc_hidden-sm vc_hidden-xs\u00a0\u00bb][\/vc_column][\/vc_row]\n","protected":false},"excerpt":{"rendered":"<p>[vc_row type=\u00a0\u00bbin_container\u00a0\u00bb full_screen_row_position=\u00a0\u00bbmiddle\u00a0\u00bb column_margin=\u00a0\u00bbdefault\u00a0\u00bb column_direction=\u00a0\u00bbdefault\u00a0\u00bb column_direction_tablet=\u00a0\u00bbdefault\u00a0\u00bb column_direction_phone=\u00a0\u00bbdefault\u00a0\u00bb scene_position=\u00a0\u00bbcenter\u00a0\u00bb text_color=\u00a0\u00bbdark\u00a0\u00bb text_align=\u00a0\u00bbleft\u00a0\u00bb row_border_radius=\u00a0\u00bbnone\u00a0\u00bb row_border_radius_applies=\u00a0\u00bbbg\u00a0\u00bb overflow=\u00a0\u00bbvisible\u00a0\u00bb overlay_strength=\u00a0\u00bb0.3&Prime; gradient_direction=\u00a0\u00bbleft_to_right\u00a0\u00bb shape_divider_position=\u00a0\u00bbbottom\u00a0\u00bb bg_image_animation=\u00a0\u00bbnone\u00a0\u00bb][vc_column column_padding=\u00a0\u00bbno-extra-padding\u00a0\u00bb column_padding_tablet=\u00a0\u00bbinherit\u00a0\u00bb column_padding_phone=\u00a0\u00bbinherit\u00a0\u00bb column_padding_position=\u00a0\u00bball\u00a0\u00bb column_element_direction_desktop=\u00a0\u00bbdefault\u00a0\u00bb column_element_spacing=\u00a0\u00bbdefault\u00a0\u00bb desktop_text_alignment=\u00a0\u00bbdefault\u00a0\u00bb tablet_text_alignment=\u00a0\u00bbdefault\u00a0\u00bb phone_text_alignment=\u00a0\u00bbdefault\u00a0\u00bb background_color_opacity=\u00a0\u00bb1&Prime; background_hover_color_opacity=\u00a0\u00bb1&Prime; column_backdrop_filter=\u00a0\u00bbnone\u00a0\u00bb column_shadow=\u00a0\u00bbnone\u00a0\u00bb&#8230;<\/p>\n","protected":false},"author":1,"featured_media":51,"parent":0,"menu_order":0,"comment_status":"closed","ping_status":"open","template":"","meta":{"footnotes":""},"class_list":["post-3","page","type-page","status-publish","has-post-thumbnail"],"yoast_head":"<!-- This site is optimized with the Yoast SEO plugin v25.9 - https:\/\/yoast.com\/wordpress\/plugins\/seo\/ -->\n<title>Politique de protection des Donn\u00e9es personnelles - Barber des Princes<\/title>\n<meta name=\"description\" content=\"Consultez la politique de protection des donn\u00e9es personnelles du Barber des Princes, barbershop latino \u00e0 Boulogne-Billancourt.\" \/>\n<meta name=\"robots\" content=\"noindex, follow, max-snippet:-1, max-image-preview:large, max-video-preview:-1\" \/>\n<meta property=\"og:locale\" content=\"fr_FR\" \/>\n<meta property=\"og:type\" content=\"article\" \/>\n<meta property=\"og:title\" content=\"Politique de protection des Donn\u00e9es personnelles - Barber des Princes\" \/>\n<meta property=\"og:description\" content=\"Consultez la politique de protection des donn\u00e9es personnelles du Barber des Princes, barbershop latino \u00e0 Boulogne-Billancourt.\" \/>\n<meta property=\"og:url\" content=\"https:\/\/de-vv.com\/barber\/donnees-personnelles\/\" \/>\n<meta property=\"og:site_name\" content=\"Barber des Princes\" \/>\n<meta property=\"article:modified_time\" content=\"2025-09-20T18:18:16+00:00\" \/>\n<meta property=\"og:image\" content=\"https:\/\/de-vv.com\/barber\/wp-content\/uploads\/2025\/09\/cropped-Favicon-Barber-des-Princes-Boulogne-Billancourt-1.jpeg\" \/>\n\t<meta property=\"og:image:width\" content=\"512\" \/>\n\t<meta property=\"og:image:height\" content=\"512\" \/>\n\t<meta property=\"og:image:type\" content=\"image\/jpeg\" \/>\n<meta name=\"twitter:card\" content=\"summary_large_image\" \/>\n<meta name=\"twitter:label1\" content=\"Dur\u00e9e de lecture estim\u00e9e\" \/>\n\t<meta name=\"twitter:data1\" content=\"1 minute\" \/>\n<script type=\"application\/ld+json\" class=\"yoast-schema-graph\">{\"@context\":\"https:\/\/schema.org\",\"@graph\":[{\"@type\":\"WebPage\",\"@id\":\"https:\/\/de-vv.com\/barber\/donnees-personnelles\/\",\"url\":\"https:\/\/de-vv.com\/barber\/donnees-personnelles\/\",\"name\":\"Politique de protection des Donn\u00e9es personnelles - Barber des Princes\",\"isPartOf\":{\"@id\":\"https:\/\/de-vv.com\/barber\/#website\"},\"primaryImageOfPage\":{\"@id\":\"https:\/\/de-vv.com\/barber\/donnees-personnelles\/#primaryimage\"},\"image\":{\"@id\":\"https:\/\/de-vv.com\/barber\/donnees-personnelles\/#primaryimage\"},\"thumbnailUrl\":\"https:\/\/de-vv.com\/barber\/wp-content\/uploads\/2025\/09\/cropped-Favicon-Barber-des-Princes-Boulogne-Billancourt-1.jpeg\",\"datePublished\":\"2025-07-17T19:13:17+00:00\",\"dateModified\":\"2025-09-20T18:18:16+00:00\",\"description\":\"Consultez la politique de protection des donn\u00e9es personnelles du Barber des Princes, barbershop latino \u00e0 Boulogne-Billancourt.\",\"breadcrumb\":{\"@id\":\"https:\/\/de-vv.com\/barber\/donnees-personnelles\/#breadcrumb\"},\"inLanguage\":\"fr-FR\",\"potentialAction\":[{\"@type\":\"ReadAction\",\"target\":[\"https:\/\/de-vv.com\/barber\/donnees-personnelles\/\"]}]},{\"@type\":\"ImageObject\",\"inLanguage\":\"fr-FR\",\"@id\":\"https:\/\/de-vv.com\/barber\/donnees-personnelles\/#primaryimage\",\"url\":\"https:\/\/de-vv.com\/barber\/wp-content\/uploads\/2025\/09\/cropped-Favicon-Barber-des-Princes-Boulogne-Billancourt-1.jpeg\",\"contentUrl\":\"https:\/\/de-vv.com\/barber\/wp-content\/uploads\/2025\/09\/cropped-Favicon-Barber-des-Princes-Boulogne-Billancourt-1.jpeg\",\"width\":512,\"height\":512,\"caption\":\"Favicon Barber des Princes - Boulogne-Billancourt\"},{\"@type\":\"BreadcrumbList\",\"@id\":\"https:\/\/de-vv.com\/barber\/donnees-personnelles\/#breadcrumb\",\"itemListElement\":[{\"@type\":\"ListItem\",\"position\":1,\"name\":\"Accueil\",\"item\":\"https:\/\/de-vv.com\/barber\/\"},{\"@type\":\"ListItem\",\"position\":2,\"name\":\"Donn\u00e9es personnelles\"}]},{\"@type\":\"WebSite\",\"@id\":\"https:\/\/de-vv.com\/barber\/#website\",\"url\":\"https:\/\/de-vv.com\/barber\/\",\"name\":\"Barber des Princes\",\"description\":\"Barber latino \u00e0 Boulogne-Billancourt\",\"potentialAction\":[{\"@type\":\"SearchAction\",\"target\":{\"@type\":\"EntryPoint\",\"urlTemplate\":\"https:\/\/de-vv.com\/barber\/?s={search_term_string}\"},\"query-input\":{\"@type\":\"PropertyValueSpecification\",\"valueRequired\":true,\"valueName\":\"search_term_string\"}}],\"inLanguage\":\"fr-FR\"}]}<\/script>\n<!-- \/ Yoast SEO plugin. -->","yoast_head_json":{"title":"Politique de protection des Donn\u00e9es personnelles - Barber des Princes","description":"Consultez la politique de protection des donn\u00e9es personnelles du Barber des Princes, barbershop latino \u00e0 Boulogne-Billancourt.","robots":{"index":"noindex","follow":"follow","max-snippet":"max-snippet:-1","max-image-preview":"max-image-preview:large","max-video-preview":"max-video-preview:-1"},"og_locale":"fr_FR","og_type":"article","og_title":"Politique de protection des Donn\u00e9es personnelles - Barber des Princes","og_description":"Consultez la politique de protection des donn\u00e9es personnelles du Barber des Princes, barbershop latino \u00e0 Boulogne-Billancourt.","og_url":"https:\/\/de-vv.com\/barber\/donnees-personnelles\/","og_site_name":"Barber des Princes","article_modified_time":"2025-09-20T18:18:16+00:00","og_image":[{"width":512,"height":512,"url":"https:\/\/de-vv.com\/barber\/wp-content\/uploads\/2025\/09\/cropped-Favicon-Barber-des-Princes-Boulogne-Billancourt-1.jpeg","type":"image\/jpeg"}],"twitter_card":"summary_large_image","twitter_misc":{"Dur\u00e9e de lecture estim\u00e9e":"1 minute"},"schema":{"@context":"https:\/\/schema.org","@graph":[{"@type":"WebPage","@id":"https:\/\/de-vv.com\/barber\/donnees-personnelles\/","url":"https:\/\/de-vv.com\/barber\/donnees-personnelles\/","name":"Politique de protection des Donn\u00e9es personnelles - Barber des Princes","isPartOf":{"@id":"https:\/\/de-vv.com\/barber\/#website"},"primaryImageOfPage":{"@id":"https:\/\/de-vv.com\/barber\/donnees-personnelles\/#primaryimage"},"image":{"@id":"https:\/\/de-vv.com\/barber\/donnees-personnelles\/#primaryimage"},"thumbnailUrl":"https:\/\/de-vv.com\/barber\/wp-content\/uploads\/2025\/09\/cropped-Favicon-Barber-des-Princes-Boulogne-Billancourt-1.jpeg","datePublished":"2025-07-17T19:13:17+00:00","dateModified":"2025-09-20T18:18:16+00:00","description":"Consultez la politique de protection des donn\u00e9es personnelles du Barber des Princes, barbershop latino \u00e0 Boulogne-Billancourt.","breadcrumb":{"@id":"https:\/\/de-vv.com\/barber\/donnees-personnelles\/#breadcrumb"},"inLanguage":"fr-FR","potentialAction":[{"@type":"ReadAction","target":["https:\/\/de-vv.com\/barber\/donnees-personnelles\/"]}]},{"@type":"ImageObject","inLanguage":"fr-FR","@id":"https:\/\/de-vv.com\/barber\/donnees-personnelles\/#primaryimage","url":"https:\/\/de-vv.com\/barber\/wp-content\/uploads\/2025\/09\/cropped-Favicon-Barber-des-Princes-Boulogne-Billancourt-1.jpeg","contentUrl":"https:\/\/de-vv.com\/barber\/wp-content\/uploads\/2025\/09\/cropped-Favicon-Barber-des-Princes-Boulogne-Billancourt-1.jpeg","width":512,"height":512,"caption":"Favicon Barber des Princes - Boulogne-Billancourt"},{"@type":"BreadcrumbList","@id":"https:\/\/de-vv.com\/barber\/donnees-personnelles\/#breadcrumb","itemListElement":[{"@type":"ListItem","position":1,"name":"Accueil","item":"https:\/\/de-vv.com\/barber\/"},{"@type":"ListItem","position":2,"name":"Donn\u00e9es personnelles"}]},{"@type":"WebSite","@id":"https:\/\/de-vv.com\/barber\/#website","url":"https:\/\/de-vv.com\/barber\/","name":"Barber des Princes","description":"Barber latino \u00e0 Boulogne-Billancourt","potentialAction":[{"@type":"SearchAction","target":{"@type":"EntryPoint","urlTemplate":"https:\/\/de-vv.com\/barber\/?s={search_term_string}"},"query-input":{"@type":"PropertyValueSpecification","valueRequired":true,"valueName":"search_term_string"}}],"inLanguage":"fr-FR"}]}},"_links":{"self":[{"href":"https:\/\/de-vv.com\/barber\/wp-json\/wp\/v2\/pages\/3","targetHints":{"allow":["GET"]}}],"collection":[{"href":"https:\/\/de-vv.com\/barber\/wp-json\/wp\/v2\/pages"}],"about":[{"href":"https:\/\/de-vv.com\/barber\/wp-json\/wp\/v2\/types\/page"}],"author":[{"embeddable":true,"href":"https:\/\/de-vv.com\/barber\/wp-json\/wp\/v2\/users\/1"}],"replies":[{"embeddable":true,"href":"https:\/\/de-vv.com\/barber\/wp-json\/wp\/v2\/comments?post=3"}],"version-history":[{"count":3,"href":"https:\/\/de-vv.com\/barber\/wp-json\/wp\/v2\/pages\/3\/revisions"}],"predecessor-version":[{"id":103,"href":"https:\/\/de-vv.com\/barber\/wp-json\/wp\/v2\/pages\/3\/revisions\/103"}],"wp:featuredmedia":[{"embeddable":true,"href":"https:\/\/de-vv.com\/barber\/wp-json\/wp\/v2\/media\/51"}],"wp:attachment":[{"href":"https:\/\/de-vv.com\/barber\/wp-json\/wp\/v2\/media?parent=3"}],"curies":[{"name":"wp","href":"https:\/\/api.w.org\/{rel}","templated":true}]}}