{"id":172,"date":"2024-10-03T17:10:22","date_gmt":"2024-10-03T15:10:22","guid":{"rendered":"https:\/\/de-vv.com\/bhs\/?page_id=172"},"modified":"2024-10-24T10:08:47","modified_gmt":"2024-10-24T08:08:47","slug":"financement-cpf","status":"publish","type":"page","link":"https:\/\/de-vv.com\/bhs\/financement-cpf\/","title":{"rendered":"Financement CPF"},"content":{"rendered":"[vc_row type=\u00a0\u00bbfull_width_background\u00a0\u00bb full_screen_row_position=\u00a0\u00bbmiddle\u00a0\u00bb equal_height=\u00a0\u00bbyes\u00a0\u00bb content_placement=\u00a0\u00bbmiddle\u00a0\u00bb column_margin=\u00a0\u00bbdefault\u00a0\u00bb bg_image=\u00a0\u00bb285&Prime; bg_position=\u00a0\u00bbleft top\u00a0\u00bb bg_repeat=\u00a0\u00bbno-repeat\u00a0\u00bb scene_position=\u00a0\u00bbcenter\u00a0\u00bb text_color=\u00a0\u00bbdark\u00a0\u00bb text_align=\u00a0\u00bbleft\u00a0\u00bb overlay_strength=\u00a0\u00bb0.3&Prime; shape_divider_position=\u00a0\u00bbbottom\u00a0\u00bb bg_image_animation=\u00a0\u00bbnone\u00a0\u00bb shape_type=\u00a0\u00bb\u00a0\u00bb][vc_column column_padding=\u00a0\u00bbpadding-2-percent\u00a0\u00bb column_padding_position=\u00a0\u00bball\u00a0\u00bb background_color_opacity=\u00a0\u00bb1&Prime; background_hover_color_opacity=\u00a0\u00bb1&Prime; column_link_target=\u00a0\u00bb_self\u00a0\u00bb column_shadow=\u00a0\u00bbnone\u00a0\u00bb column_border_radius=\u00a0\u00bbnone\u00a0\u00bb width=\u00a0\u00bb2\/3&Prime; tablet_width_inherit=\u00a0\u00bbdefault\u00a0\u00bb tablet_text_alignment=\u00a0\u00bbdefault\u00a0\u00bb phone_text_alignment=\u00a0\u00bbdefault\u00a0\u00bb overlay_strength=\u00a0\u00bb0.3&Prime; column_border_width=\u00a0\u00bbnone\u00a0\u00bb column_border_style=\u00a0\u00bbsolid\u00a0\u00bb bg_image_animation=\u00a0\u00bbnone\u00a0\u00bb][vc_column_text]\n<h2><span style=\"color: #ffd237;\">Financez votre permis gr\u00e2ce au CPF<\/span><\/h2>\n[\/vc_column_text][vc_column_text]\n<p style=\"color: #fff;\">Vous \u00eates salari\u00e9 ou en alternance ? Vous disposez d\u2019un Compte Personnel de Formation (CPF) sur lequel vous avez accumul\u00e9 un budget en heures et\/ou en euros vous permettant de vous former. Vous pourrez utiliser ce budget pour financer tout ou partie de votre permis B ou A.<\/p>\n[\/vc_column_text][nectar_btn size=\u00a0\u00bblarge\u00a0\u00bb open_new_tab=\u00a0\u00bbtrue\u00a0\u00bb button_style=\u00a0\u00bbregular\u00a0\u00bb button_color_2=\u00a0\u00bbAccent-Color\u00a0\u00bb solid_text_color_override=\u00a0\u00bb#333333&Prime; icon_family=\u00a0\u00bbnone\u00a0\u00bb text=\u00a0\u00bbBient\u00f4t disponible !\u00a0\u00bb margin_top=\u00a0\u00bb5&Prime; margin_right=\u00a0\u00bb10&Prime; margin_bottom=\u00a0\u00bb5&Prime;][\/vc_column][vc_column column_padding=\u00a0\u00bbno-extra-padding\u00a0\u00bb column_padding_position=\u00a0\u00bball\u00a0\u00bb background_color_opacity=\u00a0\u00bb1&Prime; background_hover_color_opacity=\u00a0\u00bb1&Prime; column_link_target=\u00a0\u00bb_self\u00a0\u00bb column_shadow=\u00a0\u00bbnone\u00a0\u00bb column_border_radius=\u00a0\u00bbnone\u00a0\u00bb width=\u00a0\u00bb1\/3&Prime; tablet_width_inherit=\u00a0\u00bbdefault\u00a0\u00bb tablet_text_alignment=\u00a0\u00bbdefault\u00a0\u00bb phone_text_alignment=\u00a0\u00bbdefault\u00a0\u00bb overlay_strength=\u00a0\u00bb0.3&Prime; column_border_width=\u00a0\u00bbnone\u00a0\u00bb column_border_style=\u00a0\u00bbsolid\u00a0\u00bb bg_image_animation=\u00a0\u00bbnone\u00a0\u00bb][image_with_animation image_url=\u00a0\u00bb33&Prime; alignment=\u00a0\u00bb\u00a0\u00bb animation=\u00a0\u00bbFade In From Right\u00a0\u00bb hover_animation=\u00a0\u00bbnone\u00a0\u00bb border_radius=\u00a0\u00bbnone\u00a0\u00bb box_shadow=\u00a0\u00bbnone\u00a0\u00bb image_loading=\u00a0\u00bblazy-load\u00a0\u00bb max_width=\u00a0\u00bb50%\u00a0\u00bb max_width_mobile=\u00a0\u00bbdefault\u00a0\u00bb][\/vc_column][\/vc_row][vc_row type=\u00a0\u00bbin_container\u00a0\u00bb full_screen_row_position=\u00a0\u00bbmiddle\u00a0\u00bb column_margin=\u00a0\u00bbdefault\u00a0\u00bb scene_position=\u00a0\u00bbcenter\u00a0\u00bb text_color=\u00a0\u00bbdark\u00a0\u00bb text_align=\u00a0\u00bbleft\u00a0\u00bb overlay_strength=\u00a0\u00bb0.3&Prime; shape_divider_position=\u00a0\u00bbbottom\u00a0\u00bb bg_image_animation=\u00a0\u00bbnone\u00a0\u00bb][vc_column column_padding=\u00a0\u00bbpadding-2-percent\u00a0\u00bb column_padding_position=\u00a0\u00bball\u00a0\u00bb background_color_opacity=\u00a0\u00bb1&Prime; background_hover_color_opacity=\u00a0\u00bb1&Prime; column_link_target=\u00a0\u00bb_self\u00a0\u00bb column_shadow=\u00a0\u00bbnone\u00a0\u00bb column_border_radius=\u00a0\u00bbnone\u00a0\u00bb width=\u00a0\u00bb1\/1&Prime; tablet_width_inherit=\u00a0\u00bbdefault\u00a0\u00bb tablet_text_alignment=\u00a0\u00bbdefault\u00a0\u00bb phone_text_alignment=\u00a0\u00bbdefault\u00a0\u00bb overlay_strength=\u00a0\u00bb0.3&Prime; column_border_width=\u00a0\u00bbnone\u00a0\u00bb column_border_style=\u00a0\u00bbsolid\u00a0\u00bb bg_image_animation=\u00a0\u00bbnone\u00a0\u00bb][vc_column_text]\n<h3><span style=\"color: #ffd237;\">Une question sur le financement CPF ?<\/span><\/h3>\n[\/vc_column_text][vc_column_text css=\u00a0\u00bb.vc_custom_1727969140662{padding-bottom: 20px !important;}\u00a0\u00bb]<span style=\"color: #333333;\">Vous avez une question sur nos formations, nos horaires, nos tarifs ? Vous souhaitez conna\u00eetre la d\u00e9marche \u00e0 suivre pour vous inscrire ? Envoyez nous un message avec vos coordonn\u00e9es, nous vous recontacterons au plus vite.<\/span>[\/vc_column_text][nectar_btn size=\u00a0\u00bblarge\u00a0\u00bb button_style=\u00a0\u00bbregular\u00a0\u00bb button_color_2=\u00a0\u00bbAccent-Color\u00a0\u00bb solid_text_color_override=\u00a0\u00bb#000000&Prime; icon_family=\u00a0\u00bbfontawesome\u00a0\u00bb margin_right=\u00a0\u00bb12&Prime; url=\u00a0\u00bbhttps:\/\/de-vv.com\/bhs\/contact\/\u00a0\u00bb text=\u00a0\u00bbEnvoyer un message\u00a0\u00bb icon_fontawesome=\u00a0\u00bbfa fa-envelope-open-o\u00a0\u00bb][nectar_btn size=\u00a0\u00bblarge\u00a0\u00bb button_style=\u00a0\u00bbregular\u00a0\u00bb button_color_2=\u00a0\u00bbAccent-Color\u00a0\u00bb solid_text_color_override=\u00a0\u00bb#333333&Prime; icon_family=\u00a0\u00bbfontawesome\u00a0\u00bb url=\u00a0\u00bbtel:09.54.84.98.11&Prime; text=\u00a0\u00bb09 54 84 98 11&Prime; icon_fontawesome=\u00a0\u00bbfa fa-mobile\u00a0\u00bb][\/vc_column][\/vc_row]\n","protected":false},"excerpt":{"rendered":"<p>[vc_row type=\u00a0\u00bbfull_width_background\u00a0\u00bb full_screen_row_position=\u00a0\u00bbmiddle\u00a0\u00bb equal_height=\u00a0\u00bbyes\u00a0\u00bb content_placement=\u00a0\u00bbmiddle\u00a0\u00bb column_margin=\u00a0\u00bbdefault\u00a0\u00bb bg_image=\u00a0\u00bb285&Prime; bg_position=\u00a0\u00bbleft top\u00a0\u00bb bg_repeat=\u00a0\u00bbno-repeat\u00a0\u00bb scene_position=\u00a0\u00bbcenter\u00a0\u00bb text_color=\u00a0\u00bbdark\u00a0\u00bb text_align=\u00a0\u00bbleft\u00a0\u00bb overlay_strength=\u00a0\u00bb0.3&Prime; shape_divider_position=\u00a0\u00bbbottom\u00a0\u00bb bg_image_animation=\u00a0\u00bbnone\u00a0\u00bb shape_type=\u00a0\u00bb\u00a0\u00bb][vc_column column_padding=\u00a0\u00bbpadding-2-percent\u00a0\u00bb column_padding_position=\u00a0\u00bball\u00a0\u00bb background_color_opacity=\u00a0\u00bb1&Prime; background_hover_color_opacity=\u00a0\u00bb1&Prime; column_link_target=\u00a0\u00bb_self\u00a0\u00bb column_shadow=\u00a0\u00bbnone\u00a0\u00bb column_border_radius=\u00a0\u00bbnone\u00a0\u00bb width=\u00a0\u00bb2\/3&Prime; tablet_width_inherit=\u00a0\u00bbdefault\u00a0\u00bb tablet_text_alignment=\u00a0\u00bbdefault\u00a0\u00bb phone_text_alignment=\u00a0\u00bbdefault\u00a0\u00bb overlay_strength=\u00a0\u00bb0.3&Prime; column_border_width=\u00a0\u00bbnone\u00a0\u00bb&#8230;<\/p>\n","protected":false},"author":1,"featured_media":34,"parent":0,"menu_order":0,"comment_status":"closed","ping_status":"closed","template":"","meta":{"_joinchat":[],"footnotes":""},"class_list":["post-172","page","type-page","status-publish","has-post-thumbnail"],"yoast_head":"<!-- This site is optimized with the Yoast SEO plugin v26.8 - https:\/\/yoast.com\/product\/yoast-seo-wordpress\/ -->\n<title>Financez votre permis gr\u00e2ce au CPF - Auto-\u00e9cole BHS Permis \u00e0 Ch\u00e2tenay-Malabry<\/title>\n<meta name=\"description\" content=\"Utilisez votre CPF pour financer votre permis de conduire \u00e0 Ch\u00e2tenay-Malabry, avec l&#039;Auto-\u00e9cole BHS Permis. Infos et tarifs.\" \/>\n<meta name=\"robots\" content=\"noindex, follow, max-snippet:-1, max-image-preview:large, max-video-preview:-1\" \/>\n<meta property=\"og:locale\" content=\"fr_FR\" \/>\n<meta property=\"og:type\" content=\"article\" \/>\n<meta property=\"og:title\" content=\"Financez votre permis gr\u00e2ce au CPF - Auto-\u00e9cole BHS Permis \u00e0 Ch\u00e2tenay-Malabry\" \/>\n<meta property=\"og:description\" content=\"Utilisez votre CPF pour financer votre permis de conduire \u00e0 Ch\u00e2tenay-Malabry, avec l&#039;Auto-\u00e9cole BHS Permis. Infos et tarifs.\" \/>\n<meta property=\"og:url\" content=\"https:\/\/de-vv.com\/bhs\/financement-cpf\/\" \/>\n<meta property=\"og:site_name\" content=\"Auto-\u00e9cole BHS Permis\" \/>\n<meta property=\"article:modified_time\" content=\"2024-10-24T08:08:47+00:00\" \/>\n<meta property=\"og:image\" content=\"https:\/\/de-vv.com\/bhs\/wp-content\/uploads\/2024\/09\/Logo-CPF.jpeg\" \/>\n\t<meta property=\"og:image:width\" content=\"533\" \/>\n\t<meta property=\"og:image:height\" content=\"532\" \/>\n\t<meta property=\"og:image:type\" content=\"image\/jpeg\" \/>\n<meta name=\"twitter:card\" content=\"summary_large_image\" \/>\n<meta name=\"twitter:label1\" content=\"Dur\u00e9e de lecture estim\u00e9e\" \/>\n\t<meta name=\"twitter:data1\" content=\"2 minutes\" \/>\n<script type=\"application\/ld+json\" class=\"yoast-schema-graph\">{\"@context\":\"https:\/\/schema.org\",\"@graph\":[{\"@type\":\"WebPage\",\"@id\":\"https:\/\/de-vv.com\/bhs\/financement-cpf\/\",\"url\":\"https:\/\/de-vv.com\/bhs\/financement-cpf\/\",\"name\":\"Financez votre permis gr\u00e2ce au CPF - Auto-\u00e9cole BHS Permis \u00e0 Ch\u00e2tenay-Malabry\",\"isPartOf\":{\"@id\":\"https:\/\/de-vv.com\/bhs\/#website\"},\"primaryImageOfPage\":{\"@id\":\"https:\/\/de-vv.com\/bhs\/financement-cpf\/#primaryimage\"},\"image\":{\"@id\":\"https:\/\/de-vv.com\/bhs\/financement-cpf\/#primaryimage\"},\"thumbnailUrl\":\"https:\/\/de-vv.com\/bhs\/wp-content\/uploads\/2024\/09\/Logo-CPF.jpeg\",\"datePublished\":\"2024-10-03T15:10:22+00:00\",\"dateModified\":\"2024-10-24T08:08:47+00:00\",\"description\":\"Utilisez votre CPF pour financer votre permis de conduire \u00e0 Ch\u00e2tenay-Malabry, avec l'Auto-\u00e9cole BHS Permis. Infos et tarifs.\",\"breadcrumb\":{\"@id\":\"https:\/\/de-vv.com\/bhs\/financement-cpf\/#breadcrumb\"},\"inLanguage\":\"fr-FR\",\"potentialAction\":[{\"@type\":\"ReadAction\",\"target\":[\"https:\/\/de-vv.com\/bhs\/financement-cpf\/\"]}]},{\"@type\":\"ImageObject\",\"inLanguage\":\"fr-FR\",\"@id\":\"https:\/\/de-vv.com\/bhs\/financement-cpf\/#primaryimage\",\"url\":\"https:\/\/de-vv.com\/bhs\/wp-content\/uploads\/2024\/09\/Logo-CPF.jpeg\",\"contentUrl\":\"https:\/\/de-vv.com\/bhs\/wp-content\/uploads\/2024\/09\/Logo-CPF.jpeg\",\"width\":533,\"height\":532,\"caption\":\"Logo CPF\"},{\"@type\":\"BreadcrumbList\",\"@id\":\"https:\/\/de-vv.com\/bhs\/financement-cpf\/#breadcrumb\",\"itemListElement\":[{\"@type\":\"ListItem\",\"position\":1,\"name\":\"Accueil\",\"item\":\"https:\/\/de-vv.com\/bhs\/\"},{\"@type\":\"ListItem\",\"position\":2,\"name\":\"Financement CPF\"}]},{\"@type\":\"WebSite\",\"@id\":\"https:\/\/de-vv.com\/bhs\/#website\",\"url\":\"https:\/\/de-vv.com\/bhs\/\",\"name\":\"Auto-\u00e9cole BHS Permis\",\"description\":\"Votre auto-moto \u00e9cole \u00e0 Ch\u00e2tenay-Malabry !\",\"potentialAction\":[{\"@type\":\"SearchAction\",\"target\":{\"@type\":\"EntryPoint\",\"urlTemplate\":\"https:\/\/de-vv.com\/bhs\/?s={search_term_string}\"},\"query-input\":{\"@type\":\"PropertyValueSpecification\",\"valueRequired\":true,\"valueName\":\"search_term_string\"}}],\"inLanguage\":\"fr-FR\"}]}<\/script>\n<!-- \/ Yoast SEO plugin. -->","yoast_head_json":{"title":"Financez votre permis gr\u00e2ce au CPF - Auto-\u00e9cole BHS Permis \u00e0 Ch\u00e2tenay-Malabry","description":"Utilisez votre CPF pour financer votre permis de conduire \u00e0 Ch\u00e2tenay-Malabry, avec l'Auto-\u00e9cole BHS Permis. Infos et tarifs.","robots":{"index":"noindex","follow":"follow","max-snippet":"max-snippet:-1","max-image-preview":"max-image-preview:large","max-video-preview":"max-video-preview:-1"},"og_locale":"fr_FR","og_type":"article","og_title":"Financez votre permis gr\u00e2ce au CPF - Auto-\u00e9cole BHS Permis \u00e0 Ch\u00e2tenay-Malabry","og_description":"Utilisez votre CPF pour financer votre permis de conduire \u00e0 Ch\u00e2tenay-Malabry, avec l'Auto-\u00e9cole BHS Permis. Infos et tarifs.","og_url":"https:\/\/de-vv.com\/bhs\/financement-cpf\/","og_site_name":"Auto-\u00e9cole BHS Permis","article_modified_time":"2024-10-24T08:08:47+00:00","og_image":[{"width":533,"height":532,"url":"https:\/\/de-vv.com\/bhs\/wp-content\/uploads\/2024\/09\/Logo-CPF.jpeg","type":"image\/jpeg"}],"twitter_card":"summary_large_image","twitter_misc":{"Dur\u00e9e de lecture estim\u00e9e":"2 minutes"},"schema":{"@context":"https:\/\/schema.org","@graph":[{"@type":"WebPage","@id":"https:\/\/de-vv.com\/bhs\/financement-cpf\/","url":"https:\/\/de-vv.com\/bhs\/financement-cpf\/","name":"Financez votre permis gr\u00e2ce au CPF - Auto-\u00e9cole BHS Permis \u00e0 Ch\u00e2tenay-Malabry","isPartOf":{"@id":"https:\/\/de-vv.com\/bhs\/#website"},"primaryImageOfPage":{"@id":"https:\/\/de-vv.com\/bhs\/financement-cpf\/#primaryimage"},"image":{"@id":"https:\/\/de-vv.com\/bhs\/financement-cpf\/#primaryimage"},"thumbnailUrl":"https:\/\/de-vv.com\/bhs\/wp-content\/uploads\/2024\/09\/Logo-CPF.jpeg","datePublished":"2024-10-03T15:10:22+00:00","dateModified":"2024-10-24T08:08:47+00:00","description":"Utilisez votre CPF pour financer votre permis de conduire \u00e0 Ch\u00e2tenay-Malabry, avec l'Auto-\u00e9cole BHS Permis. Infos et tarifs.","breadcrumb":{"@id":"https:\/\/de-vv.com\/bhs\/financement-cpf\/#breadcrumb"},"inLanguage":"fr-FR","potentialAction":[{"@type":"ReadAction","target":["https:\/\/de-vv.com\/bhs\/financement-cpf\/"]}]},{"@type":"ImageObject","inLanguage":"fr-FR","@id":"https:\/\/de-vv.com\/bhs\/financement-cpf\/#primaryimage","url":"https:\/\/de-vv.com\/bhs\/wp-content\/uploads\/2024\/09\/Logo-CPF.jpeg","contentUrl":"https:\/\/de-vv.com\/bhs\/wp-content\/uploads\/2024\/09\/Logo-CPF.jpeg","width":533,"height":532,"caption":"Logo CPF"},{"@type":"BreadcrumbList","@id":"https:\/\/de-vv.com\/bhs\/financement-cpf\/#breadcrumb","itemListElement":[{"@type":"ListItem","position":1,"name":"Accueil","item":"https:\/\/de-vv.com\/bhs\/"},{"@type":"ListItem","position":2,"name":"Financement CPF"}]},{"@type":"WebSite","@id":"https:\/\/de-vv.com\/bhs\/#website","url":"https:\/\/de-vv.com\/bhs\/","name":"Auto-\u00e9cole BHS Permis","description":"Votre auto-moto \u00e9cole \u00e0 Ch\u00e2tenay-Malabry !","potentialAction":[{"@type":"SearchAction","target":{"@type":"EntryPoint","urlTemplate":"https:\/\/de-vv.com\/bhs\/?s={search_term_string}"},"query-input":{"@type":"PropertyValueSpecification","valueRequired":true,"valueName":"search_term_string"}}],"inLanguage":"fr-FR"}]}},"_links":{"self":[{"href":"https:\/\/de-vv.com\/bhs\/wp-json\/wp\/v2\/pages\/172","targetHints":{"allow":["GET"]}}],"collection":[{"href":"https:\/\/de-vv.com\/bhs\/wp-json\/wp\/v2\/pages"}],"about":[{"href":"https:\/\/de-vv.com\/bhs\/wp-json\/wp\/v2\/types\/page"}],"author":[{"embeddable":true,"href":"https:\/\/de-vv.com\/bhs\/wp-json\/wp\/v2\/users\/1"}],"replies":[{"embeddable":true,"href":"https:\/\/de-vv.com\/bhs\/wp-json\/wp\/v2\/comments?post=172"}],"version-history":[{"count":11,"href":"https:\/\/de-vv.com\/bhs\/wp-json\/wp\/v2\/pages\/172\/revisions"}],"predecessor-version":[{"id":405,"href":"https:\/\/de-vv.com\/bhs\/wp-json\/wp\/v2\/pages\/172\/revisions\/405"}],"wp:featuredmedia":[{"embeddable":true,"href":"https:\/\/de-vv.com\/bhs\/wp-json\/wp\/v2\/media\/34"}],"wp:attachment":[{"href":"https:\/\/de-vv.com\/bhs\/wp-json\/wp\/v2\/media?parent=172"}],"curies":[{"name":"wp","href":"https:\/\/api.w.org\/{rel}","templated":true}]}}