{"id":17,"date":"2022-03-21T08:25:34","date_gmt":"2022-03-21T07:25:34","guid":{"rendered":"https:\/\/de-vv.com\/campusdrive\/?page_id=17"},"modified":"2023-01-26T14:22:59","modified_gmt":"2023-01-26T13:22:59","slug":"mediateur","status":"publish","type":"page","link":"https:\/\/de-vv.com\/campusdrive\/mediateur\/","title":{"rendered":"M\u00e9diateur"},"content":{"rendered":"[vc_row type=\u00a0\u00bbin_container\u00a0\u00bb full_screen_row_position=\u00a0\u00bbmiddle\u00a0\u00bb column_margin=\u00a0\u00bbdefault\u00a0\u00bb scene_position=\u00a0\u00bbcenter\u00a0\u00bb text_color=\u00a0\u00bbdark\u00a0\u00bb text_align=\u00a0\u00bbleft\u00a0\u00bb overlay_strength=\u00a0\u00bb0.3&Prime; shape_divider_position=\u00a0\u00bbbottom\u00a0\u00bb bg_image_animation=\u00a0\u00bbnone\u00a0\u00bb][vc_column column_padding=\u00a0\u00bbpadding-2-percent\u00a0\u00bb column_padding_position=\u00a0\u00bball\u00a0\u00bb background_color_opacity=\u00a0\u00bb1&Prime; background_hover_color_opacity=\u00a0\u00bb1&Prime; column_link_target=\u00a0\u00bb_self\u00a0\u00bb column_shadow=\u00a0\u00bbnone\u00a0\u00bb column_border_radius=\u00a0\u00bbnone\u00a0\u00bb width=\u00a0\u00bb1\/1&Prime; tablet_width_inherit=\u00a0\u00bbdefault\u00a0\u00bb tablet_text_alignment=\u00a0\u00bbdefault\u00a0\u00bb phone_text_alignment=\u00a0\u00bbdefault\u00a0\u00bb overlay_strength=\u00a0\u00bb0.3&Prime; column_border_width=\u00a0\u00bbnone\u00a0\u00bb column_border_style=\u00a0\u00bbsolid\u00a0\u00bb bg_image_animation=\u00a0\u00bbnone\u00a0\u00bb][vc_column_text]\n<div class=\"wpb_text_column wpb_content_element \">\n<div class=\"wpb_wrapper\">\n<h3>M\u00e9diateur<\/h3>\n<\/div>\n<\/div>\n<div class=\"wpb_text_column wpb_content_element \">\n<div class=\"wpb_wrapper\">\n<p>En application des nouvelles obligations du code de la consommation, vous \u00eates inform\u00e9s qu\u2019en cas de litige, vous pouvez vous adresser au M\u00e9diateur du Conseil national des professions de l\u2019automobile (CNPA)\u00a0:<\/p>\n<ul>\n<li>par courrier, au moyen d\u2019un formulaire de saisine t\u00e9l\u00e9chargeable sur le site du m\u00e9diateur, \u00e0 l\u2019adresse : M. Paul Mauriac\u00a0 M\u00e9diateur du Conseil national des professions de l\u2019automobile (CNPA) \u2013 43 BIS ROUTE DE VAUGIRARD \u2013 CS 80016 \u2013 92197 MEUDON CEDEX<\/li>\n<li>sur son site internet\u00a0<a href=\"http:\/\/www.mediateur-cnpa.fr\/\">www.mediateur-cnpa.fr<\/a>.<\/li>\n<\/ul>\n<\/div>\n<\/div>\n[\/vc_column_text][\/vc_column][\/vc_row]\n","protected":false},"excerpt":{"rendered":"<p>[vc_row type=\u00a0\u00bbin_container\u00a0\u00bb full_screen_row_position=\u00a0\u00bbmiddle\u00a0\u00bb column_margin=\u00a0\u00bbdefault\u00a0\u00bb scene_position=\u00a0\u00bbcenter\u00a0\u00bb text_color=\u00a0\u00bbdark\u00a0\u00bb text_align=\u00a0\u00bbleft\u00a0\u00bb overlay_strength=\u00a0\u00bb0.3&Prime; shape_divider_position=\u00a0\u00bbbottom\u00a0\u00bb bg_image_animation=\u00a0\u00bbnone\u00a0\u00bb][vc_column column_padding=\u00a0\u00bbpadding-2-percent\u00a0\u00bb column_padding_position=\u00a0\u00bball\u00a0\u00bb background_color_opacity=\u00a0\u00bb1&Prime; background_hover_color_opacity=\u00a0\u00bb1&Prime; column_link_target=\u00a0\u00bb_self\u00a0\u00bb column_shadow=\u00a0\u00bbnone\u00a0\u00bb column_border_radius=\u00a0\u00bbnone\u00a0\u00bb width=\u00a0\u00bb1\/1&Prime; tablet_width_inherit=\u00a0\u00bbdefault\u00a0\u00bb tablet_text_alignment=\u00a0\u00bbdefault\u00a0\u00bb phone_text_alignment=\u00a0\u00bbdefault\u00a0\u00bb overlay_strength=\u00a0\u00bb0.3&Prime; column_border_width=\u00a0\u00bbnone\u00a0\u00bb column_border_style=\u00a0\u00bbsolid\u00a0\u00bb bg_image_animation=\u00a0\u00bbnone\u00a0\u00bb][vc_column_text] M\u00e9diateur En application des nouvelles&#8230;<\/p>\n","protected":false},"author":1,"featured_media":0,"parent":0,"menu_order":0,"comment_status":"closed","ping_status":"closed","template":"","meta":[],"yoast_head":"<!-- This site is optimized with the Yoast SEO plugin v21.1 - https:\/\/yoast.com\/wordpress\/plugins\/seo\/ -->\n<title>M\u00e9diateur - Auto-\u00e9cole Campus Drive<\/title>\n<meta name=\"robots\" content=\"noindex, follow, max-snippet:-1, max-image-preview:large, max-video-preview:-1\" \/>\n<meta property=\"og:locale\" content=\"fr_FR\" \/>\n<meta property=\"og:type\" content=\"article\" \/>\n<meta property=\"og:title\" content=\"M\u00e9diateur - Auto-\u00e9cole Campus Drive\" \/>\n<meta property=\"og:description\" content=\"[vc_row type=\u00a0\u00bbin_container\u00a0\u00bb full_screen_row_position=\u00a0\u00bbmiddle\u00a0\u00bb column_margin=\u00a0\u00bbdefault\u00a0\u00bb scene_position=\u00a0\u00bbcenter\u00a0\u00bb text_color=\u00a0\u00bbdark\u00a0\u00bb text_align=\u00a0\u00bbleft\u00a0\u00bb overlay_strength=\u00a0\u00bb0.3&Prime; shape_divider_position=\u00a0\u00bbbottom\u00a0\u00bb bg_image_animation=\u00a0\u00bbnone\u00a0\u00bb][vc_column column_padding=\u00a0\u00bbpadding-2-percent\u00a0\u00bb column_padding_position=\u00a0\u00bball\u00a0\u00bb background_color_opacity=\u00a0\u00bb1&Prime; background_hover_color_opacity=\u00a0\u00bb1&Prime; column_link_target=\u00a0\u00bb_self\u00a0\u00bb column_shadow=\u00a0\u00bbnone\u00a0\u00bb column_border_radius=\u00a0\u00bbnone\u00a0\u00bb width=\u00a0\u00bb1\/1&Prime; tablet_width_inherit=\u00a0\u00bbdefault\u00a0\u00bb tablet_text_alignment=\u00a0\u00bbdefault\u00a0\u00bb phone_text_alignment=\u00a0\u00bbdefault\u00a0\u00bb overlay_strength=\u00a0\u00bb0.3&Prime; column_border_width=\u00a0\u00bbnone\u00a0\u00bb column_border_style=\u00a0\u00bbsolid\u00a0\u00bb bg_image_animation=\u00a0\u00bbnone\u00a0\u00bb][vc_column_text] M\u00e9diateur En application des nouvelles...\" \/>\n<meta property=\"og:url\" content=\"https:\/\/de-vv.com\/campusdrive\/mediateur\/\" \/>\n<meta property=\"og:site_name\" content=\"Auto-\u00e9cole Campus Drive\" \/>\n<meta property=\"article:modified_time\" content=\"2023-01-26T13:22:59+00:00\" \/>\n<meta name=\"twitter:card\" content=\"summary_large_image\" \/>\n<meta name=\"twitter:label1\" content=\"Dur\u00e9e de lecture estim\u00e9e\" \/>\n\t<meta name=\"twitter:data1\" content=\"1 minute\" \/>\n<script type=\"application\/ld+json\" class=\"yoast-schema-graph\">{\"@context\":\"https:\/\/schema.org\",\"@graph\":[{\"@type\":\"WebPage\",\"@id\":\"https:\/\/de-vv.com\/campusdrive\/mediateur\/\",\"url\":\"https:\/\/de-vv.com\/campusdrive\/mediateur\/\",\"name\":\"M\u00e9diateur - Auto-\u00e9cole Campus Drive\",\"isPartOf\":{\"@id\":\"https:\/\/de-vv.com\/campusdrive\/#website\"},\"datePublished\":\"2022-03-21T07:25:34+00:00\",\"dateModified\":\"2023-01-26T13:22:59+00:00\",\"breadcrumb\":{\"@id\":\"https:\/\/de-vv.com\/campusdrive\/mediateur\/#breadcrumb\"},\"inLanguage\":\"fr-FR\",\"potentialAction\":[{\"@type\":\"ReadAction\",\"target\":[\"https:\/\/de-vv.com\/campusdrive\/mediateur\/\"]}]},{\"@type\":\"BreadcrumbList\",\"@id\":\"https:\/\/de-vv.com\/campusdrive\/mediateur\/#breadcrumb\",\"itemListElement\":[{\"@type\":\"ListItem\",\"position\":1,\"name\":\"Accueil\",\"item\":\"https:\/\/de-vv.com\/campusdrive\/\"},{\"@type\":\"ListItem\",\"position\":2,\"name\":\"M\u00e9diateur\"}]},{\"@type\":\"WebSite\",\"@id\":\"https:\/\/de-vv.com\/campusdrive\/#website\",\"url\":\"https:\/\/de-vv.com\/campusdrive\/\",\"name\":\"Auto-\u00e9cole Campus Drive\",\"description\":\"auto-\u00e9cole \u00e0 Paris 14\u00e8me - Porte Didot\",\"potentialAction\":[{\"@type\":\"SearchAction\",\"target\":{\"@type\":\"EntryPoint\",\"urlTemplate\":\"https:\/\/de-vv.com\/campusdrive\/?s={search_term_string}\"},\"query-input\":\"required name=search_term_string\"}],\"inLanguage\":\"fr-FR\"}]}<\/script>\n<!-- \/ Yoast SEO plugin. -->","yoast_head_json":{"title":"M\u00e9diateur - Auto-\u00e9cole Campus Drive","robots":{"index":"noindex","follow":"follow","max-snippet":"max-snippet:-1","max-image-preview":"max-image-preview:large","max-video-preview":"max-video-preview:-1"},"og_locale":"fr_FR","og_type":"article","og_title":"M\u00e9diateur - Auto-\u00e9cole Campus Drive","og_description":"[vc_row type=\u00a0\u00bbin_container\u00a0\u00bb full_screen_row_position=\u00a0\u00bbmiddle\u00a0\u00bb column_margin=\u00a0\u00bbdefault\u00a0\u00bb scene_position=\u00a0\u00bbcenter\u00a0\u00bb text_color=\u00a0\u00bbdark\u00a0\u00bb text_align=\u00a0\u00bbleft\u00a0\u00bb overlay_strength=\u00a0\u00bb0.3&Prime; shape_divider_position=\u00a0\u00bbbottom\u00a0\u00bb bg_image_animation=\u00a0\u00bbnone\u00a0\u00bb][vc_column column_padding=\u00a0\u00bbpadding-2-percent\u00a0\u00bb column_padding_position=\u00a0\u00bball\u00a0\u00bb background_color_opacity=\u00a0\u00bb1&Prime; background_hover_color_opacity=\u00a0\u00bb1&Prime; column_link_target=\u00a0\u00bb_self\u00a0\u00bb column_shadow=\u00a0\u00bbnone\u00a0\u00bb column_border_radius=\u00a0\u00bbnone\u00a0\u00bb width=\u00a0\u00bb1\/1&Prime; tablet_width_inherit=\u00a0\u00bbdefault\u00a0\u00bb tablet_text_alignment=\u00a0\u00bbdefault\u00a0\u00bb phone_text_alignment=\u00a0\u00bbdefault\u00a0\u00bb overlay_strength=\u00a0\u00bb0.3&Prime; column_border_width=\u00a0\u00bbnone\u00a0\u00bb column_border_style=\u00a0\u00bbsolid\u00a0\u00bb bg_image_animation=\u00a0\u00bbnone\u00a0\u00bb][vc_column_text] M\u00e9diateur En application des nouvelles...","og_url":"https:\/\/de-vv.com\/campusdrive\/mediateur\/","og_site_name":"Auto-\u00e9cole Campus Drive","article_modified_time":"2023-01-26T13:22:59+00:00","twitter_card":"summary_large_image","twitter_misc":{"Dur\u00e9e de lecture estim\u00e9e":"1 minute"},"schema":{"@context":"https:\/\/schema.org","@graph":[{"@type":"WebPage","@id":"https:\/\/de-vv.com\/campusdrive\/mediateur\/","url":"https:\/\/de-vv.com\/campusdrive\/mediateur\/","name":"M\u00e9diateur - Auto-\u00e9cole Campus Drive","isPartOf":{"@id":"https:\/\/de-vv.com\/campusdrive\/#website"},"datePublished":"2022-03-21T07:25:34+00:00","dateModified":"2023-01-26T13:22:59+00:00","breadcrumb":{"@id":"https:\/\/de-vv.com\/campusdrive\/mediateur\/#breadcrumb"},"inLanguage":"fr-FR","potentialAction":[{"@type":"ReadAction","target":["https:\/\/de-vv.com\/campusdrive\/mediateur\/"]}]},{"@type":"BreadcrumbList","@id":"https:\/\/de-vv.com\/campusdrive\/mediateur\/#breadcrumb","itemListElement":[{"@type":"ListItem","position":1,"name":"Accueil","item":"https:\/\/de-vv.com\/campusdrive\/"},{"@type":"ListItem","position":2,"name":"M\u00e9diateur"}]},{"@type":"WebSite","@id":"https:\/\/de-vv.com\/campusdrive\/#website","url":"https:\/\/de-vv.com\/campusdrive\/","name":"Auto-\u00e9cole Campus Drive","description":"auto-\u00e9cole \u00e0 Paris 14\u00e8me - Porte Didot","potentialAction":[{"@type":"SearchAction","target":{"@type":"EntryPoint","urlTemplate":"https:\/\/de-vv.com\/campusdrive\/?s={search_term_string}"},"query-input":"required name=search_term_string"}],"inLanguage":"fr-FR"}]}},"_links":{"self":[{"href":"https:\/\/de-vv.com\/campusdrive\/wp-json\/wp\/v2\/pages\/17"}],"collection":[{"href":"https:\/\/de-vv.com\/campusdrive\/wp-json\/wp\/v2\/pages"}],"about":[{"href":"https:\/\/de-vv.com\/campusdrive\/wp-json\/wp\/v2\/types\/page"}],"author":[{"embeddable":true,"href":"https:\/\/de-vv.com\/campusdrive\/wp-json\/wp\/v2\/users\/1"}],"replies":[{"embeddable":true,"href":"https:\/\/de-vv.com\/campusdrive\/wp-json\/wp\/v2\/comments?post=17"}],"version-history":[{"count":4,"href":"https:\/\/de-vv.com\/campusdrive\/wp-json\/wp\/v2\/pages\/17\/revisions"}],"predecessor-version":[{"id":151,"href":"https:\/\/de-vv.com\/campusdrive\/wp-json\/wp\/v2\/pages\/17\/revisions\/151"}],"wp:attachment":[{"href":"https:\/\/de-vv.com\/campusdrive\/wp-json\/wp\/v2\/media?parent=17"}],"curies":[{"name":"wp","href":"https:\/\/api.w.org\/{rel}","templated":true}]}}