{"id":210,"date":"2023-02-02T20:54:39","date_gmt":"2023-02-02T19:54:39","guid":{"rendered":"https:\/\/de-vv.com\/campusdrive\/?page_id=210"},"modified":"2023-02-02T20:54:39","modified_gmt":"2023-02-02T19:54:39","slug":"aide-region-ile-de-france","status":"publish","type":"page","link":"https:\/\/de-vv.com\/campusdrive\/aide-region-ile-de-france\/","title":{"rendered":"Aide R\u00e9gion \u00cele-de-France"},"content":{"rendered":"[vc_row type=\u00a0\u00bbin_container\u00a0\u00bb full_screen_row_position=\u00a0\u00bbmiddle\u00a0\u00bb equal_height=\u00a0\u00bbyes\u00a0\u00bb content_placement=\u00a0\u00bbmiddle\u00a0\u00bb column_margin=\u00a0\u00bbdefault\u00a0\u00bb scene_position=\u00a0\u00bbcenter\u00a0\u00bb text_color=\u00a0\u00bbdark\u00a0\u00bb text_align=\u00a0\u00bbleft\u00a0\u00bb overlay_strength=\u00a0\u00bb0.3&Prime; shape_divider_position=\u00a0\u00bbbottom\u00a0\u00bb bg_image_animation=\u00a0\u00bbnone\u00a0\u00bb shape_type=\u00a0\u00bb\u00a0\u00bb][vc_column column_padding=\u00a0\u00bbpadding-2-percent\u00a0\u00bb column_padding_position=\u00a0\u00bball\u00a0\u00bb background_color_opacity=\u00a0\u00bb1&Prime; background_hover_color_opacity=\u00a0\u00bb1&Prime; column_link_target=\u00a0\u00bb_self\u00a0\u00bb column_shadow=\u00a0\u00bbnone\u00a0\u00bb column_border_radius=\u00a0\u00bbnone\u00a0\u00bb width=\u00a0\u00bb2\/3&Prime; tablet_width_inherit=\u00a0\u00bbdefault\u00a0\u00bb tablet_text_alignment=\u00a0\u00bbdefault\u00a0\u00bb phone_text_alignment=\u00a0\u00bbdefault\u00a0\u00bb overlay_strength=\u00a0\u00bb0.3&Prime; column_border_width=\u00a0\u00bbnone\u00a0\u00bb column_border_style=\u00a0\u00bbsolid\u00a0\u00bb bg_image_animation=\u00a0\u00bbnone\u00a0\u00bb][vc_column_text]\n<h1>Aide au permis<br \/>\nR\u00e9gion \u00cele-de-France<\/h1>\n[\/vc_column_text][vc_column_text]La R\u00e9gion finance le permis B des jeunes Franciliens en formation ou suivis par une structure d&rsquo;insertion professionnelle ou en recherche d&#8217;emploi en zone rurale ou dans un quartier politique de la ville. Sans avance de frais pour les b\u00e9n\u00e9ficiaires.[\/vc_column_text][nectar_btn size=\u00a0\u00bblarge\u00a0\u00bb button_style=\u00a0\u00bbregular\u00a0\u00bb button_color_2=\u00a0\u00bbAccent-Color\u00a0\u00bb icon_family=\u00a0\u00bbnone\u00a0\u00bb url=\u00a0\u00bbtel:01.45.45.29.86&Prime; text=\u00a0\u00bb01 45 45 29 86&Prime; margin_right=\u00a0\u00bb5&Prime; margin_bottom=\u00a0\u00bb5&Prime;][\/vc_column][vc_column column_padding=\u00a0\u00bbpadding-2-percent\u00a0\u00bb column_padding_position=\u00a0\u00bball\u00a0\u00bb background_color_opacity=\u00a0\u00bb1&Prime; background_hover_color_opacity=\u00a0\u00bb1&Prime; column_link_target=\u00a0\u00bb_self\u00a0\u00bb column_shadow=\u00a0\u00bbnone\u00a0\u00bb column_border_radius=\u00a0\u00bbnone\u00a0\u00bb width=\u00a0\u00bb1\/3&Prime; tablet_width_inherit=\u00a0\u00bbdefault\u00a0\u00bb tablet_text_alignment=\u00a0\u00bbdefault\u00a0\u00bb phone_text_alignment=\u00a0\u00bbdefault\u00a0\u00bb overlay_strength=\u00a0\u00bb0.3&Prime; column_border_width=\u00a0\u00bbnone\u00a0\u00bb column_border_style=\u00a0\u00bbsolid\u00a0\u00bb bg_image_animation=\u00a0\u00bbnone\u00a0\u00bb enable_animation=\u00a0\u00bbtrue\u00a0\u00bb animation=\u00a0\u00bbfade-in-from-right\u00a0\u00bb][image_with_animation image_url=\u00a0\u00bb209&Prime; alignment=\u00a0\u00bbcenter\u00a0\u00bb animation=\u00a0\u00bbFade In\u00a0\u00bb hover_animation=\u00a0\u00bbnone\u00a0\u00bb border_radius=\u00a0\u00bbnone\u00a0\u00bb box_shadow=\u00a0\u00bbnone\u00a0\u00bb image_loading=\u00a0\u00bbdefault\u00a0\u00bb max_width=\u00a0\u00bb100%\u00a0\u00bb max_width_mobile=\u00a0\u00bbdefault\u00a0\u00bb][\/vc_column][\/vc_row][vc_row type=\u00a0\u00bbin_container\u00a0\u00bb full_screen_row_position=\u00a0\u00bbmiddle\u00a0\u00bb column_margin=\u00a0\u00bbdefault\u00a0\u00bb scene_position=\u00a0\u00bbcenter\u00a0\u00bb text_color=\u00a0\u00bbdark\u00a0\u00bb text_align=\u00a0\u00bbleft\u00a0\u00bb overlay_strength=\u00a0\u00bb0.3&Prime; shape_divider_position=\u00a0\u00bbbottom\u00a0\u00bb bg_image_animation=\u00a0\u00bbnone\u00a0\u00bb][vc_column column_padding=\u00a0\u00bbpadding-2-percent\u00a0\u00bb column_padding_position=\u00a0\u00bball\u00a0\u00bb background_color_opacity=\u00a0\u00bb1&Prime; background_hover_color_opacity=\u00a0\u00bb1&Prime; column_link_target=\u00a0\u00bb_self\u00a0\u00bb column_shadow=\u00a0\u00bbnone\u00a0\u00bb column_border_radius=\u00a0\u00bbnone\u00a0\u00bb width=\u00a0\u00bb1\/1&Prime; tablet_width_inherit=\u00a0\u00bbdefault\u00a0\u00bb tablet_text_alignment=\u00a0\u00bbdefault\u00a0\u00bb phone_text_alignment=\u00a0\u00bbdefault\u00a0\u00bb overlay_strength=\u00a0\u00bb0.3&Prime; column_border_width=\u00a0\u00bbnone\u00a0\u00bb column_border_style=\u00a0\u00bbsolid\u00a0\u00bb bg_image_animation=\u00a0\u00bbnone\u00a0\u00bb][vc_column_text]\n<h2 class=\"field--label field--label--field-aide-objectif\">De quoi s&rsquo;agit-il ?<\/h2>\n<div class=\"field__content\">\n<p><strong>Il s&rsquo;agit d&rsquo;une aide individuelle finan\u00e7ant des actions de formation \u00e0 la conduite pour le permis de conduire B.<\/strong><\/p>\n<p>Le jeune ou un repr\u00e9sentant de la structure qui l\u2019accompagne d\u00e9pose une demande et joint les justificatifs n\u00e9cessaires.<\/p>\n<p>Seules les demandes compl\u00e8tes peuvent \u00eatre \u00e9tudi\u00e9es.\u00a0Apr\u00e8s v\u00e9rification des pi\u00e8ces, une notification d\u2019accord ou de refus est envoy\u00e9e.<\/p>\n<p>L\u2019aide prend la forme d\u2019un ch\u00e8que \u00ab aide au permis\u00a0\u00bb de 1 300\u20ac d\u00e9compos\u00e9 en 3 coupons : le premier d\u2019une valeur de 300\u20ac et les deux suivants de 500\u20ac.<\/p>\n<\/div>\n[\/vc_column_text][vc_column_text]\n<h2>Qui peut en b\u00e9n\u00e9ficier ?<\/h2>\n<p><strong>Jeunes \u00e2g\u00e9s de 18 \u00e0 25 ans<\/strong>, habitant en \u00cele-de-France, inscrits dans une d\u00e9marche d\u2019insertion professionnelle, et \u00e9tant dans l\u2019une de ces situations :<\/p>\n<ul type=\"disc\">\n<li data-list=\"0\" data-level=\"1\">Stagiaires de la formation professionnelle inscrits dans une formation financ\u00e9e par la R\u00e9gion,<\/li>\n<li data-list=\"0\" data-level=\"1\">Inscrits et suivis en mission locale, signataires d\u2019un parcours contractualis\u00e9 d\u2019accompagnement vers l\u2019emploi et l\u2019autonomie (PACEA), dont le projet professionnel n\u00e9cessite l\u2019obtention du permis,<\/li>\n<li data-list=\"0\" data-level=\"1\">Signataires d\u2019un contrat d\u2019engagement jeune (CEJ),<\/li>\n<li data-list=\"0\" data-level=\"1\">Demandeurs d\u2019emploi r\u00e9sidant dans un quartier politique de la ville (condition v\u00e9rifiable sur <a href=\"https:\/\/sig.ville.gouv.fr\/\" target=\"_blank\" rel=\"noopener\">sig.ville.gouv.fr<\/a>) ou en zone rurale (d\u00e9finie au <a href=\"https:\/\/www.iledefrance.fr\/sites\/default\/files\/medias\/rapports\/RAPCR2019-012RAP.pdf\" target=\"_blank\" rel=\"noopener\">Pacte rural de la R\u00e9gion<\/a> : communes de moins de 10.000 habitants hors m\u00e9tropole Grand Paris et communes d\u2019un EPCI rural dont le si\u00e8ge est situ\u00e9 hors unit\u00e9 urbaine de Paris).<\/li>\n<\/ul>\n[\/vc_column_text][vc_column_text]\n<h2>Quelle est la nature de l&rsquo;aide ?<\/h2>\n<p><strong>Montant maximum de l&rsquo;aide : 1.300\u20ac <\/strong>(l\u2019aide est vers\u00e9e dans la limite des cr\u00e9dits disponibles).<\/p>\n<p><strong>L\u2019aide fait l\u2019objet de 3 versements \u00e0 l\u2019auto-\u00e9cole :<\/strong><\/p>\n<ul>\n<li>Un 1er versement forfaitaire de 300\u20ac vient valider la d\u00e9marche de formation engag\u00e9e, attest\u00e9e par le contrat de formation avec l\u2019auto-\u00e9cole,<\/li>\n<li>Un 2e versement de 500\u20ac pour la poursuite de la pr\u00e9paration \u00e0 l\u2019examen du permis de conduire conditionn\u00e9 \u00e0 la transmission par l\u2019auto-\u00e9cole du justificatif des heures\/prestations r\u00e9alis\u00e9es dans le premier temps,<\/li>\n<li>Un 3e versement de 500\u20ac conditionn\u00e9 \u00e0 la transmission des heures r\u00e9alis\u00e9es lors du 2e et dernier temps.<\/li>\n<\/ul>\n[\/vc_column_text][\/vc_column][\/vc_row]\n","protected":false},"excerpt":{"rendered":"<p>[vc_row type=\u00a0\u00bbin_container\u00a0\u00bb full_screen_row_position=\u00a0\u00bbmiddle\u00a0\u00bb equal_height=\u00a0\u00bbyes\u00a0\u00bb content_placement=\u00a0\u00bbmiddle\u00a0\u00bb column_margin=\u00a0\u00bbdefault\u00a0\u00bb scene_position=\u00a0\u00bbcenter\u00a0\u00bb text_color=\u00a0\u00bbdark\u00a0\u00bb text_align=\u00a0\u00bbleft\u00a0\u00bb overlay_strength=\u00a0\u00bb0.3&Prime; shape_divider_position=\u00a0\u00bbbottom\u00a0\u00bb bg_image_animation=\u00a0\u00bbnone\u00a0\u00bb shape_type=\u00a0\u00bb\u00a0\u00bb][vc_column column_padding=\u00a0\u00bbpadding-2-percent\u00a0\u00bb column_padding_position=\u00a0\u00bball\u00a0\u00bb background_color_opacity=\u00a0\u00bb1&Prime; background_hover_color_opacity=\u00a0\u00bb1&Prime; column_link_target=\u00a0\u00bb_self\u00a0\u00bb column_shadow=\u00a0\u00bbnone\u00a0\u00bb column_border_radius=\u00a0\u00bbnone\u00a0\u00bb width=\u00a0\u00bb2\/3&Prime; tablet_width_inherit=\u00a0\u00bbdefault\u00a0\u00bb tablet_text_alignment=\u00a0\u00bbdefault\u00a0\u00bb phone_text_alignment=\u00a0\u00bbdefault\u00a0\u00bb overlay_strength=\u00a0\u00bb0.3&Prime; column_border_width=\u00a0\u00bbnone\u00a0\u00bb column_border_style=\u00a0\u00bbsolid\u00a0\u00bb bg_image_animation=\u00a0\u00bbnone\u00a0\u00bb][vc_column_text] Aide au&#8230;<\/p>\n","protected":false},"author":1,"featured_media":0,"parent":0,"menu_order":0,"comment_status":"closed","ping_status":"closed","template":"","meta":[],"yoast_head":"<!-- This site is optimized with the Yoast SEO plugin v21.1 - https:\/\/yoast.com\/wordpress\/plugins\/seo\/ -->\n<title>Aide R\u00e9gion \u00cele-de-France - Auto-\u00e9cole Campus Drive<\/title>\n<meta name=\"robots\" content=\"noindex, follow, max-snippet:-1, max-image-preview:large, max-video-preview:-1\" \/>\n<meta property=\"og:locale\" content=\"fr_FR\" \/>\n<meta property=\"og:type\" content=\"article\" \/>\n<meta property=\"og:title\" content=\"Aide R\u00e9gion \u00cele-de-France - Auto-\u00e9cole Campus Drive\" \/>\n<meta property=\"og:description\" content=\"[vc_row type=\u00a0\u00bbin_container\u00a0\u00bb full_screen_row_position=\u00a0\u00bbmiddle\u00a0\u00bb equal_height=\u00a0\u00bbyes\u00a0\u00bb content_placement=\u00a0\u00bbmiddle\u00a0\u00bb column_margin=\u00a0\u00bbdefault\u00a0\u00bb scene_position=\u00a0\u00bbcenter\u00a0\u00bb text_color=\u00a0\u00bbdark\u00a0\u00bb text_align=\u00a0\u00bbleft\u00a0\u00bb overlay_strength=\u00a0\u00bb0.3&Prime; shape_divider_position=\u00a0\u00bbbottom\u00a0\u00bb bg_image_animation=\u00a0\u00bbnone\u00a0\u00bb shape_type=\u00a0\u00bb\u00a0\u00bb][vc_column column_padding=\u00a0\u00bbpadding-2-percent\u00a0\u00bb column_padding_position=\u00a0\u00bball\u00a0\u00bb background_color_opacity=\u00a0\u00bb1&Prime; background_hover_color_opacity=\u00a0\u00bb1&Prime; column_link_target=\u00a0\u00bb_self\u00a0\u00bb column_shadow=\u00a0\u00bbnone\u00a0\u00bb column_border_radius=\u00a0\u00bbnone\u00a0\u00bb width=\u00a0\u00bb2\/3&Prime; tablet_width_inherit=\u00a0\u00bbdefault\u00a0\u00bb tablet_text_alignment=\u00a0\u00bbdefault\u00a0\u00bb phone_text_alignment=\u00a0\u00bbdefault\u00a0\u00bb overlay_strength=\u00a0\u00bb0.3&Prime; column_border_width=\u00a0\u00bbnone\u00a0\u00bb column_border_style=\u00a0\u00bbsolid\u00a0\u00bb bg_image_animation=\u00a0\u00bbnone\u00a0\u00bb][vc_column_text] Aide au...\" \/>\n<meta property=\"og:url\" content=\"https:\/\/de-vv.com\/campusdrive\/aide-region-ile-de-france\/\" \/>\n<meta property=\"og:site_name\" content=\"Auto-\u00e9cole Campus Drive\" \/>\n<meta name=\"twitter:card\" content=\"summary_large_image\" \/>\n<meta name=\"twitter:label1\" content=\"Dur\u00e9e de lecture estim\u00e9e\" \/>\n\t<meta name=\"twitter:data1\" content=\"3 minutes\" \/>\n<script type=\"application\/ld+json\" class=\"yoast-schema-graph\">{\"@context\":\"https:\/\/schema.org\",\"@graph\":[{\"@type\":\"WebPage\",\"@id\":\"https:\/\/de-vv.com\/campusdrive\/aide-region-ile-de-france\/\",\"url\":\"https:\/\/de-vv.com\/campusdrive\/aide-region-ile-de-france\/\",\"name\":\"Aide R\u00e9gion \u00cele-de-France - Auto-\u00e9cole Campus Drive\",\"isPartOf\":{\"@id\":\"https:\/\/de-vv.com\/campusdrive\/#website\"},\"datePublished\":\"2023-02-02T19:54:39+00:00\",\"dateModified\":\"2023-02-02T19:54:39+00:00\",\"breadcrumb\":{\"@id\":\"https:\/\/de-vv.com\/campusdrive\/aide-region-ile-de-france\/#breadcrumb\"},\"inLanguage\":\"fr-FR\",\"potentialAction\":[{\"@type\":\"ReadAction\",\"target\":[\"https:\/\/de-vv.com\/campusdrive\/aide-region-ile-de-france\/\"]}]},{\"@type\":\"BreadcrumbList\",\"@id\":\"https:\/\/de-vv.com\/campusdrive\/aide-region-ile-de-france\/#breadcrumb\",\"itemListElement\":[{\"@type\":\"ListItem\",\"position\":1,\"name\":\"Accueil\",\"item\":\"https:\/\/de-vv.com\/campusdrive\/\"},{\"@type\":\"ListItem\",\"position\":2,\"name\":\"Aide R\u00e9gion \u00cele-de-France\"}]},{\"@type\":\"WebSite\",\"@id\":\"https:\/\/de-vv.com\/campusdrive\/#website\",\"url\":\"https:\/\/de-vv.com\/campusdrive\/\",\"name\":\"Auto-\u00e9cole Campus Drive\",\"description\":\"auto-\u00e9cole \u00e0 Paris 14\u00e8me - Porte Didot\",\"potentialAction\":[{\"@type\":\"SearchAction\",\"target\":{\"@type\":\"EntryPoint\",\"urlTemplate\":\"https:\/\/de-vv.com\/campusdrive\/?s={search_term_string}\"},\"query-input\":\"required name=search_term_string\"}],\"inLanguage\":\"fr-FR\"}]}<\/script>\n<!-- \/ Yoast SEO plugin. -->","yoast_head_json":{"title":"Aide R\u00e9gion \u00cele-de-France - Auto-\u00e9cole Campus Drive","robots":{"index":"noindex","follow":"follow","max-snippet":"max-snippet:-1","max-image-preview":"max-image-preview:large","max-video-preview":"max-video-preview:-1"},"og_locale":"fr_FR","og_type":"article","og_title":"Aide R\u00e9gion \u00cele-de-France - Auto-\u00e9cole Campus Drive","og_description":"[vc_row type=\u00a0\u00bbin_container\u00a0\u00bb full_screen_row_position=\u00a0\u00bbmiddle\u00a0\u00bb equal_height=\u00a0\u00bbyes\u00a0\u00bb content_placement=\u00a0\u00bbmiddle\u00a0\u00bb column_margin=\u00a0\u00bbdefault\u00a0\u00bb scene_position=\u00a0\u00bbcenter\u00a0\u00bb text_color=\u00a0\u00bbdark\u00a0\u00bb text_align=\u00a0\u00bbleft\u00a0\u00bb overlay_strength=\u00a0\u00bb0.3&Prime; shape_divider_position=\u00a0\u00bbbottom\u00a0\u00bb bg_image_animation=\u00a0\u00bbnone\u00a0\u00bb shape_type=\u00a0\u00bb\u00a0\u00bb][vc_column column_padding=\u00a0\u00bbpadding-2-percent\u00a0\u00bb column_padding_position=\u00a0\u00bball\u00a0\u00bb background_color_opacity=\u00a0\u00bb1&Prime; background_hover_color_opacity=\u00a0\u00bb1&Prime; column_link_target=\u00a0\u00bb_self\u00a0\u00bb column_shadow=\u00a0\u00bbnone\u00a0\u00bb column_border_radius=\u00a0\u00bbnone\u00a0\u00bb width=\u00a0\u00bb2\/3&Prime; tablet_width_inherit=\u00a0\u00bbdefault\u00a0\u00bb tablet_text_alignment=\u00a0\u00bbdefault\u00a0\u00bb phone_text_alignment=\u00a0\u00bbdefault\u00a0\u00bb overlay_strength=\u00a0\u00bb0.3&Prime; column_border_width=\u00a0\u00bbnone\u00a0\u00bb column_border_style=\u00a0\u00bbsolid\u00a0\u00bb bg_image_animation=\u00a0\u00bbnone\u00a0\u00bb][vc_column_text] Aide au...","og_url":"https:\/\/de-vv.com\/campusdrive\/aide-region-ile-de-france\/","og_site_name":"Auto-\u00e9cole Campus Drive","twitter_card":"summary_large_image","twitter_misc":{"Dur\u00e9e de lecture estim\u00e9e":"3 minutes"},"schema":{"@context":"https:\/\/schema.org","@graph":[{"@type":"WebPage","@id":"https:\/\/de-vv.com\/campusdrive\/aide-region-ile-de-france\/","url":"https:\/\/de-vv.com\/campusdrive\/aide-region-ile-de-france\/","name":"Aide R\u00e9gion \u00cele-de-France - Auto-\u00e9cole Campus Drive","isPartOf":{"@id":"https:\/\/de-vv.com\/campusdrive\/#website"},"datePublished":"2023-02-02T19:54:39+00:00","dateModified":"2023-02-02T19:54:39+00:00","breadcrumb":{"@id":"https:\/\/de-vv.com\/campusdrive\/aide-region-ile-de-france\/#breadcrumb"},"inLanguage":"fr-FR","potentialAction":[{"@type":"ReadAction","target":["https:\/\/de-vv.com\/campusdrive\/aide-region-ile-de-france\/"]}]},{"@type":"BreadcrumbList","@id":"https:\/\/de-vv.com\/campusdrive\/aide-region-ile-de-france\/#breadcrumb","itemListElement":[{"@type":"ListItem","position":1,"name":"Accueil","item":"https:\/\/de-vv.com\/campusdrive\/"},{"@type":"ListItem","position":2,"name":"Aide R\u00e9gion \u00cele-de-France"}]},{"@type":"WebSite","@id":"https:\/\/de-vv.com\/campusdrive\/#website","url":"https:\/\/de-vv.com\/campusdrive\/","name":"Auto-\u00e9cole Campus Drive","description":"auto-\u00e9cole \u00e0 Paris 14\u00e8me - Porte Didot","potentialAction":[{"@type":"SearchAction","target":{"@type":"EntryPoint","urlTemplate":"https:\/\/de-vv.com\/campusdrive\/?s={search_term_string}"},"query-input":"required name=search_term_string"}],"inLanguage":"fr-FR"}]}},"_links":{"self":[{"href":"https:\/\/de-vv.com\/campusdrive\/wp-json\/wp\/v2\/pages\/210"}],"collection":[{"href":"https:\/\/de-vv.com\/campusdrive\/wp-json\/wp\/v2\/pages"}],"about":[{"href":"https:\/\/de-vv.com\/campusdrive\/wp-json\/wp\/v2\/types\/page"}],"author":[{"embeddable":true,"href":"https:\/\/de-vv.com\/campusdrive\/wp-json\/wp\/v2\/users\/1"}],"replies":[{"embeddable":true,"href":"https:\/\/de-vv.com\/campusdrive\/wp-json\/wp\/v2\/comments?post=210"}],"version-history":[{"count":3,"href":"https:\/\/de-vv.com\/campusdrive\/wp-json\/wp\/v2\/pages\/210\/revisions"}],"predecessor-version":[{"id":213,"href":"https:\/\/de-vv.com\/campusdrive\/wp-json\/wp\/v2\/pages\/210\/revisions\/213"}],"wp:attachment":[{"href":"https:\/\/de-vv.com\/campusdrive\/wp-json\/wp\/v2\/media?parent=210"}],"curies":[{"name":"wp","href":"https:\/\/api.w.org\/{rel}","templated":true}]}}