{"id":30,"date":"2025-02-06T20:41:35","date_gmt":"2025-02-06T19:41:35","guid":{"rendered":"https:\/\/de-vv.com\/cec\/?page_id=30"},"modified":"2025-02-12T15:39:04","modified_gmt":"2025-02-12T14:39:04","slug":"informations-utiles","status":"publish","type":"page","link":"https:\/\/de-vv.com\/cec\/informations-utiles\/","title":{"rendered":"Informations utiles"},"content":{"rendered":"[vc_row type=\u00a0\u00bbin_container\u00a0\u00bb full_screen_row_position=\u00a0\u00bbmiddle\u00a0\u00bb column_margin=\u00a0\u00bbdefault\u00a0\u00bb scene_position=\u00a0\u00bbcenter\u00a0\u00bb text_color=\u00a0\u00bbdark\u00a0\u00bb text_align=\u00a0\u00bbleft\u00a0\u00bb overlay_strength=\u00a0\u00bb0.3&Prime; shape_divider_position=\u00a0\u00bbbottom\u00a0\u00bb bg_image_animation=\u00a0\u00bbnone\u00a0\u00bb][vc_column centered_text=\u00a0\u00bbtrue\u00a0\u00bb column_padding=\u00a0\u00bbpadding-2-percent\u00a0\u00bb column_padding_position=\u00a0\u00bball\u00a0\u00bb background_color_opacity=\u00a0\u00bb1&Prime; background_hover_color_opacity=\u00a0\u00bb1&Prime; column_link_target=\u00a0\u00bb_self\u00a0\u00bb column_shadow=\u00a0\u00bbnone\u00a0\u00bb column_border_radius=\u00a0\u00bbnone\u00a0\u00bb width=\u00a0\u00bb1\/1&Prime; tablet_width_inherit=\u00a0\u00bbdefault\u00a0\u00bb tablet_text_alignment=\u00a0\u00bbdefault\u00a0\u00bb phone_text_alignment=\u00a0\u00bbdefault\u00a0\u00bb overlay_strength=\u00a0\u00bb0.3&Prime; column_border_width=\u00a0\u00bbnone\u00a0\u00bb column_border_style=\u00a0\u00bbsolid\u00a0\u00bb bg_image_animation=\u00a0\u00bbnone\u00a0\u00bb][vc_column_text]\n<h1 style=\"text-align: center;\">Informations utiles<\/h1>\n[\/vc_column_text][vc_column_text]\n<p style=\"text-align: center;\">L\u2019essentiel \u00e0 conna\u00eetre pour une formation r\u00e9ussie avec <a href=\"https:\/\/de-vv.com\/cec\/\">CEC Auto Moto<\/a> \u00e0 Meaux !<\/p>\n[\/vc_column_text][\/vc_column][\/vc_row][vc_row type=\u00a0\u00bbin_container\u00a0\u00bb full_screen_row_position=\u00a0\u00bbmiddle\u00a0\u00bb column_margin=\u00a0\u00bbdefault\u00a0\u00bb scene_position=\u00a0\u00bbcenter\u00a0\u00bb text_color=\u00a0\u00bbdark\u00a0\u00bb text_align=\u00a0\u00bbleft\u00a0\u00bb overlay_strength=\u00a0\u00bb0.3&Prime; shape_divider_position=\u00a0\u00bbbottom\u00a0\u00bb bg_image_animation=\u00a0\u00bbnone\u00a0\u00bb shape_type=\u00a0\u00bb\u00a0\u00bb][vc_column column_padding=\u00a0\u00bbpadding-2-percent\u00a0\u00bb column_padding_position=\u00a0\u00bbtop-left\u00a0\u00bb background_color_opacity=\u00a0\u00bb1&Prime; background_hover_color_opacity=\u00a0\u00bb1&Prime; column_link_target=\u00a0\u00bb_self\u00a0\u00bb column_shadow=\u00a0\u00bbnone\u00a0\u00bb column_border_radius=\u00a0\u00bbnone\u00a0\u00bb width=\u00a0\u00bb2\/3&Prime; tablet_width_inherit=\u00a0\u00bbdefault\u00a0\u00bb tablet_text_alignment=\u00a0\u00bbdefault\u00a0\u00bb phone_text_alignment=\u00a0\u00bbdefault\u00a0\u00bb overlay_strength=\u00a0\u00bb0.3&Prime; column_border_width=\u00a0\u00bbnone\u00a0\u00bb column_border_style=\u00a0\u00bbsolid\u00a0\u00bb bg_image_animation=\u00a0\u00bbnone\u00a0\u00bb][vc_column_text]\n<p style=\"text-align: left;\">T\u00e9l\u00e9chargez notre livret d&rsquo;accueil en d\u00e9but de formation et retrouvez toutes les informations dont vous aurez besoin :<\/p>\n[\/vc_column_text][nectar_btn size=\u00a0\u00bbmedium\u00a0\u00bb open_new_tab=\u00a0\u00bbtrue\u00a0\u00bb button_style=\u00a0\u00bbregular\u00a0\u00bb button_color_2=\u00a0\u00bbAccent-Color\u00a0\u00bb icon_family=\u00a0\u00bbfontawesome\u00a0\u00bb url=\u00a0\u00bbhttps:\/\/de-vv.com\/cec\/wp-content\/uploads\/2025\/02\/Livret-daccueil-CEC-Auto-Moto.pdf\u00a0\u00bb text=\u00a0\u00bbLivret d&rsquo;accueil\u00a0\u00bb icon_fontawesome=\u00a0\u00bbfa fa-download\u00a0\u00bb][vc_column_text css=\u00a0\u00bb.vc_custom_1739371071802{padding-top: 12px !important;}\u00a0\u00bb]\n<p style=\"text-align: left;\">Consultez \u00e9galement :<\/p>\n[\/vc_column_text]<div class=\"nectar-fancy-ul\" data-list-icon=\"icon-salient-thin-line\" data-animation=\"false\" data-animation-delay=\"0\" data-color=\"accent-color\" data-spacing=\"default\" data-alignment=\"left\"> \n<ul>\n<li><a href=\"https:\/\/de-vv.com\/cec\/wp-content\/uploads\/2025\/02\/1.7-CRITERE-PROMOTION-AAC.pdf\" target=\"_blank\" rel=\"noopener\">Les avantages de la conduite accompagn\u00e9e et supervis\u00e9e<\/a><\/li>\n<li><a href=\"https:\/\/de-vv.com\/cec\/wp-content\/uploads\/2025\/02\/AFFICHAGE-POST-PERMIS.pdf\" target=\"_blank\" rel=\"noopener\">Les avantages du stage post-permis<\/a><\/li>\n<\/ul>\n <\/div>[\/vc_column][vc_column column_padding=\u00a0\u00bbpadding-2-percent\u00a0\u00bb column_padding_position=\u00a0\u00bball\u00a0\u00bb background_color=\u00a0\u00bb#f7f7f7&Prime; background_color_opacity=\u00a0\u00bb1&Prime; background_hover_color_opacity=\u00a0\u00bb1&Prime; column_link_target=\u00a0\u00bb_self\u00a0\u00bb column_shadow=\u00a0\u00bbnone\u00a0\u00bb column_border_radius=\u00a0\u00bbnone\u00a0\u00bb width=\u00a0\u00bb1\/3&Prime; tablet_width_inherit=\u00a0\u00bbdefault\u00a0\u00bb tablet_text_alignment=\u00a0\u00bbdefault\u00a0\u00bb phone_text_alignment=\u00a0\u00bbdefault\u00a0\u00bb overlay_strength=\u00a0\u00bb0.3&Prime; column_border_width=\u00a0\u00bbnone\u00a0\u00bb column_border_style=\u00a0\u00bbsolid\u00a0\u00bb bg_image_animation=\u00a0\u00bbnone\u00a0\u00bb][vc_column_text]\n<h4>Vous avez une question ?<\/h4>\n[\/vc_column_text][divider line_type=\u00a0\u00bbNo Line\u00a0\u00bb custom_height=\u00a0\u00bb12&Prime;][nectar_btn size=\u00a0\u00bbmedium\u00a0\u00bb button_style=\u00a0\u00bbregular\u00a0\u00bb button_color_2=\u00a0\u00bbExtra-Color-1&Prime; solid_text_color_override=\u00a0\u00bb#ffffff\u00a0\u00bb icon_family=\u00a0\u00bbfontawesome\u00a0\u00bb text=\u00a0\u00bbPrendre RDV\u00a0\u00bb url=\u00a0\u00bbhttps:\/\/de-vv.com\/cec\/contact\/\u00a0\u00bb icon_fontawesome=\u00a0\u00bbfa fa-envelope-open-o\u00a0\u00bb margin_right=\u00a0\u00bb8&Prime;][nectar_btn size=\u00a0\u00bbmedium\u00a0\u00bb button_style=\u00a0\u00bbregular\u00a0\u00bb button_color_2=\u00a0\u00bbAccent-Color\u00a0\u00bb solid_text_color_override=\u00a0\u00bb#ffffff\u00a0\u00bb icon_family=\u00a0\u00bbfontawesome\u00a0\u00bb text=\u00a0\u00bb01 64 35 71 30&Prime; url=\u00a0\u00bbtel:01.64.35.71.30&Prime; icon_fontawesome=\u00a0\u00bbfa fa-mobile\u00a0\u00bb][divider line_type=\u00a0\u00bbNo Line\u00a0\u00bb custom_height=\u00a0\u00bb12&Prime;][\/vc_column][\/vc_row][vc_row type=\u00a0\u00bbfull_width_background\u00a0\u00bb full_screen_row_position=\u00a0\u00bbmiddle\u00a0\u00bb equal_height=\u00a0\u00bbyes\u00a0\u00bb content_placement=\u00a0\u00bbmiddle\u00a0\u00bb column_margin=\u00a0\u00bbdefault\u00a0\u00bb bg_color=\u00a0\u00bb#4caf50&Prime; scene_position=\u00a0\u00bbcenter\u00a0\u00bb text_color=\u00a0\u00bblight\u00a0\u00bb text_align=\u00a0\u00bbleft\u00a0\u00bb overlay_strength=\u00a0\u00bb0.3&Prime; shape_divider_position=\u00a0\u00bbbottom\u00a0\u00bb bg_image_animation=\u00a0\u00bbnone\u00a0\u00bb shape_type=\u00a0\u00bb\u00a0\u00bb][vc_column centered_text=\u00a0\u00bbtrue\u00a0\u00bb column_padding=\u00a0\u00bbpadding-2-percent\u00a0\u00bb column_padding_position=\u00a0\u00bball\u00a0\u00bb background_color_opacity=\u00a0\u00bb1&Prime; background_hover_color_opacity=\u00a0\u00bb1&Prime; column_link_target=\u00a0\u00bb_self\u00a0\u00bb column_shadow=\u00a0\u00bbnone\u00a0\u00bb column_border_radius=\u00a0\u00bbnone\u00a0\u00bb width=\u00a0\u00bb1\/4&Prime; tablet_width_inherit=\u00a0\u00bbdefault\u00a0\u00bb tablet_text_alignment=\u00a0\u00bbdefault\u00a0\u00bb phone_text_alignment=\u00a0\u00bbdefault\u00a0\u00bb overlay_strength=\u00a0\u00bb0.3&Prime; column_border_width=\u00a0\u00bbnone\u00a0\u00bb column_border_style=\u00a0\u00bbsolid\u00a0\u00bb bg_image_animation=\u00a0\u00bbnone\u00a0\u00bb][image_with_animation image_url=\u00a0\u00bb53&Prime; alignment=\u00a0\u00bbcenter\u00a0\u00bb animation=\u00a0\u00bbFade In\u00a0\u00bb hover_animation=\u00a0\u00bbnone\u00a0\u00bb border_radius=\u00a0\u00bbnone\u00a0\u00bb box_shadow=\u00a0\u00bbnone\u00a0\u00bb image_loading=\u00a0\u00bblazy-load\u00a0\u00bb max_width=\u00a0\u00bb75%\u00a0\u00bb max_width_mobile=\u00a0\u00bbdefault\u00a0\u00bb][\/vc_column][vc_column column_padding=\u00a0\u00bbpadding-2-percent\u00a0\u00bb column_padding_position=\u00a0\u00bball\u00a0\u00bb background_color_opacity=\u00a0\u00bb1&Prime; background_hover_color_opacity=\u00a0\u00bb1&Prime; column_link_target=\u00a0\u00bb_self\u00a0\u00bb column_shadow=\u00a0\u00bbnone\u00a0\u00bb column_border_radius=\u00a0\u00bbnone\u00a0\u00bb width=\u00a0\u00bb3\/4&Prime; tablet_width_inherit=\u00a0\u00bbdefault\u00a0\u00bb tablet_text_alignment=\u00a0\u00bbdefault\u00a0\u00bb phone_text_alignment=\u00a0\u00bbdefault\u00a0\u00bb overlay_strength=\u00a0\u00bb0.3&Prime; column_border_width=\u00a0\u00bbnone\u00a0\u00bb column_border_style=\u00a0\u00bbsolid\u00a0\u00bb bg_image_animation=\u00a0\u00bbnone\u00a0\u00bb][vc_column_text css=\u00a0\u00bb.vc_custom_1733865227118{padding-bottom: 12px !important;}\u00a0\u00bb]\n<h2>Une auto-\u00e9cole de qualit\u00e9 !<\/h2>\n[\/vc_column_text][vc_column_text]CEC Auto Moto s\u2019est engag\u00e9e dans une d\u00e9marche de qualit\u00e9 et dispose du <a style=\"color: #2a3c8b;\" href=\"https:\/\/www.securite-routiere.gouv.fr\/les-metiers-de-leducation-routiere\/obtenir-le-label-pour-son-ecole-de-conduite\" target=\"_blank\" rel=\"noopener\">label \u00ab qualit\u00e9 des formations au sein des \u00e9coles de conduite \u00bb<\/a> d\u00e9cern\u00e9 par le Minist\u00e8re de l\u2019Int\u00e9rieur. Pour en savoir plus sur le contenu et le d\u00e9roulement de nos formations, nous vous invitons \u00e0 consulter ces informations utiles.[\/vc_column_text][\/vc_column][\/vc_row]\n","protected":false},"excerpt":{"rendered":"<p>[vc_row type=\u00a0\u00bbin_container\u00a0\u00bb full_screen_row_position=\u00a0\u00bbmiddle\u00a0\u00bb column_margin=\u00a0\u00bbdefault\u00a0\u00bb scene_position=\u00a0\u00bbcenter\u00a0\u00bb text_color=\u00a0\u00bbdark\u00a0\u00bb text_align=\u00a0\u00bbleft\u00a0\u00bb overlay_strength=\u00a0\u00bb0.3&Prime; shape_divider_position=\u00a0\u00bbbottom\u00a0\u00bb bg_image_animation=\u00a0\u00bbnone\u00a0\u00bb][vc_column centered_text=\u00a0\u00bbtrue\u00a0\u00bb column_padding=\u00a0\u00bbpadding-2-percent\u00a0\u00bb column_padding_position=\u00a0\u00bball\u00a0\u00bb background_color_opacity=\u00a0\u00bb1&Prime; background_hover_color_opacity=\u00a0\u00bb1&Prime; column_link_target=\u00a0\u00bb_self\u00a0\u00bb column_shadow=\u00a0\u00bbnone\u00a0\u00bb column_border_radius=\u00a0\u00bbnone\u00a0\u00bb width=\u00a0\u00bb1\/1&Prime; tablet_width_inherit=\u00a0\u00bbdefault\u00a0\u00bb tablet_text_alignment=\u00a0\u00bbdefault\u00a0\u00bb phone_text_alignment=\u00a0\u00bbdefault\u00a0\u00bb overlay_strength=\u00a0\u00bb0.3&Prime; column_border_width=\u00a0\u00bbnone\u00a0\u00bb column_border_style=\u00a0\u00bbsolid\u00a0\u00bb bg_image_animation=\u00a0\u00bbnone\u00a0\u00bb][vc_column_text] Informations utiles [\/vc_column_text][vc_column_text] L\u2019essentiel&#8230;<\/p>\n","protected":false},"author":1,"featured_media":53,"parent":0,"menu_order":0,"comment_status":"closed","ping_status":"closed","template":"","meta":{"_joinchat":[],"footnotes":""},"class_list":["post-30","page","type-page","status-publish","has-post-thumbnail"],"yoast_head":"<!-- This site is optimized with the Yoast SEO plugin v27.4 - https:\/\/yoast.com\/product\/yoast-seo-wordpress\/ -->\n<title>Informations utiles - CEC Auto Moto<\/title>\n<meta name=\"robots\" content=\"noindex, follow, max-snippet:-1, max-image-preview:large, max-video-preview:-1\" \/>\n<meta property=\"og:locale\" content=\"fr_FR\" \/>\n<meta property=\"og:type\" content=\"article\" \/>\n<meta property=\"og:title\" content=\"Informations utiles - CEC Auto Moto\" \/>\n<meta property=\"og:description\" content=\"[vc_row type=\u00a0\u00bbin_container\u00a0\u00bb full_screen_row_position=\u00a0\u00bbmiddle\u00a0\u00bb column_margin=\u00a0\u00bbdefault\u00a0\u00bb scene_position=\u00a0\u00bbcenter\u00a0\u00bb text_color=\u00a0\u00bbdark\u00a0\u00bb text_align=\u00a0\u00bbleft\u00a0\u00bb overlay_strength=\u00a0\u00bb0.3&Prime; shape_divider_position=\u00a0\u00bbbottom\u00a0\u00bb bg_image_animation=\u00a0\u00bbnone\u00a0\u00bb][vc_column centered_text=\u00a0\u00bbtrue\u00a0\u00bb column_padding=\u00a0\u00bbpadding-2-percent\u00a0\u00bb column_padding_position=\u00a0\u00bball\u00a0\u00bb background_color_opacity=\u00a0\u00bb1&Prime; background_hover_color_opacity=\u00a0\u00bb1&Prime; column_link_target=\u00a0\u00bb_self\u00a0\u00bb column_shadow=\u00a0\u00bbnone\u00a0\u00bb column_border_radius=\u00a0\u00bbnone\u00a0\u00bb width=\u00a0\u00bb1\/1&Prime; tablet_width_inherit=\u00a0\u00bbdefault\u00a0\u00bb tablet_text_alignment=\u00a0\u00bbdefault\u00a0\u00bb phone_text_alignment=\u00a0\u00bbdefault\u00a0\u00bb overlay_strength=\u00a0\u00bb0.3&Prime; column_border_width=\u00a0\u00bbnone\u00a0\u00bb column_border_style=\u00a0\u00bbsolid\u00a0\u00bb bg_image_animation=\u00a0\u00bbnone\u00a0\u00bb][vc_column_text] Informations utiles [\/vc_column_text][vc_column_text] L\u2019essentiel...\" \/>\n<meta property=\"og:url\" content=\"https:\/\/de-vv.com\/cec\/informations-utiles\/\" \/>\n<meta property=\"og:site_name\" content=\"CEC Auto Moto\" \/>\n<meta property=\"article:modified_time\" content=\"2025-02-12T14:39:04+00:00\" \/>\n<meta property=\"og:image\" content=\"https:\/\/de-vv.com\/cec\/wp-content\/uploads\/2025\/02\/Label-de-qualite-CEC-Auto-Moto-Meaux.png\" \/>\n\t<meta property=\"og:image:width\" content=\"768\" \/>\n\t<meta property=\"og:image:height\" content=\"733\" \/>\n\t<meta property=\"og:image:type\" content=\"image\/png\" \/>\n<meta name=\"twitter:card\" content=\"summary_large_image\" \/>\n<meta name=\"twitter:label1\" content=\"Dur\u00e9e de lecture estim\u00e9e\" \/>\n\t<meta name=\"twitter:data1\" content=\"2 minutes\" \/>\n<script type=\"application\/ld+json\" class=\"yoast-schema-graph\">{\"@context\":\"https:\\\/\\\/schema.org\",\"@graph\":[{\"@type\":\"WebPage\",\"@id\":\"https:\\\/\\\/de-vv.com\\\/cec\\\/informations-utiles\\\/\",\"url\":\"https:\\\/\\\/de-vv.com\\\/cec\\\/informations-utiles\\\/\",\"name\":\"Informations utiles - CEC Auto Moto\",\"isPartOf\":{\"@id\":\"https:\\\/\\\/de-vv.com\\\/cec\\\/#website\"},\"primaryImageOfPage\":{\"@id\":\"https:\\\/\\\/de-vv.com\\\/cec\\\/informations-utiles\\\/#primaryimage\"},\"image\":{\"@id\":\"https:\\\/\\\/de-vv.com\\\/cec\\\/informations-utiles\\\/#primaryimage\"},\"thumbnailUrl\":\"https:\\\/\\\/de-vv.com\\\/cec\\\/wp-content\\\/uploads\\\/2025\\\/02\\\/Label-de-qualite-CEC-Auto-Moto-Meaux.png\",\"datePublished\":\"2025-02-06T19:41:35+00:00\",\"dateModified\":\"2025-02-12T14:39:04+00:00\",\"breadcrumb\":{\"@id\":\"https:\\\/\\\/de-vv.com\\\/cec\\\/informations-utiles\\\/#breadcrumb\"},\"inLanguage\":\"fr-FR\",\"potentialAction\":[{\"@type\":\"ReadAction\",\"target\":[\"https:\\\/\\\/de-vv.com\\\/cec\\\/informations-utiles\\\/\"]}]},{\"@type\":\"ImageObject\",\"inLanguage\":\"fr-FR\",\"@id\":\"https:\\\/\\\/de-vv.com\\\/cec\\\/informations-utiles\\\/#primaryimage\",\"url\":\"https:\\\/\\\/de-vv.com\\\/cec\\\/wp-content\\\/uploads\\\/2025\\\/02\\\/Label-de-qualite-CEC-Auto-Moto-Meaux.png\",\"contentUrl\":\"https:\\\/\\\/de-vv.com\\\/cec\\\/wp-content\\\/uploads\\\/2025\\\/02\\\/Label-de-qualite-CEC-Auto-Moto-Meaux.png\",\"width\":768,\"height\":733,\"caption\":\"Label de qualit\u00e9 - CEC Auto Moto Meaux\"},{\"@type\":\"BreadcrumbList\",\"@id\":\"https:\\\/\\\/de-vv.com\\\/cec\\\/informations-utiles\\\/#breadcrumb\",\"itemListElement\":[{\"@type\":\"ListItem\",\"position\":1,\"name\":\"Accueil\",\"item\":\"https:\\\/\\\/de-vv.com\\\/cec\\\/\"},{\"@type\":\"ListItem\",\"position\":2,\"name\":\"Informations utiles\"}]},{\"@type\":\"WebSite\",\"@id\":\"https:\\\/\\\/de-vv.com\\\/cec\\\/#website\",\"url\":\"https:\\\/\\\/de-vv.com\\\/cec\\\/\",\"name\":\"CEC Auto Moto\",\"description\":\"Permis auto et Permis moto \u00e0 Meaux\",\"potentialAction\":[{\"@type\":\"SearchAction\",\"target\":{\"@type\":\"EntryPoint\",\"urlTemplate\":\"https:\\\/\\\/de-vv.com\\\/cec\\\/?s={search_term_string}\"},\"query-input\":{\"@type\":\"PropertyValueSpecification\",\"valueRequired\":true,\"valueName\":\"search_term_string\"}}],\"inLanguage\":\"fr-FR\"}]}<\/script>\n<!-- \/ Yoast SEO plugin. -->","yoast_head_json":{"title":"Informations utiles - CEC Auto Moto","robots":{"index":"noindex","follow":"follow","max-snippet":"max-snippet:-1","max-image-preview":"max-image-preview:large","max-video-preview":"max-video-preview:-1"},"og_locale":"fr_FR","og_type":"article","og_title":"Informations utiles - CEC Auto Moto","og_description":"[vc_row type=\u00a0\u00bbin_container\u00a0\u00bb full_screen_row_position=\u00a0\u00bbmiddle\u00a0\u00bb column_margin=\u00a0\u00bbdefault\u00a0\u00bb scene_position=\u00a0\u00bbcenter\u00a0\u00bb text_color=\u00a0\u00bbdark\u00a0\u00bb text_align=\u00a0\u00bbleft\u00a0\u00bb overlay_strength=\u00a0\u00bb0.3&Prime; shape_divider_position=\u00a0\u00bbbottom\u00a0\u00bb bg_image_animation=\u00a0\u00bbnone\u00a0\u00bb][vc_column centered_text=\u00a0\u00bbtrue\u00a0\u00bb column_padding=\u00a0\u00bbpadding-2-percent\u00a0\u00bb column_padding_position=\u00a0\u00bball\u00a0\u00bb background_color_opacity=\u00a0\u00bb1&Prime; background_hover_color_opacity=\u00a0\u00bb1&Prime; column_link_target=\u00a0\u00bb_self\u00a0\u00bb column_shadow=\u00a0\u00bbnone\u00a0\u00bb column_border_radius=\u00a0\u00bbnone\u00a0\u00bb width=\u00a0\u00bb1\/1&Prime; tablet_width_inherit=\u00a0\u00bbdefault\u00a0\u00bb tablet_text_alignment=\u00a0\u00bbdefault\u00a0\u00bb phone_text_alignment=\u00a0\u00bbdefault\u00a0\u00bb overlay_strength=\u00a0\u00bb0.3&Prime; column_border_width=\u00a0\u00bbnone\u00a0\u00bb column_border_style=\u00a0\u00bbsolid\u00a0\u00bb bg_image_animation=\u00a0\u00bbnone\u00a0\u00bb][vc_column_text] Informations utiles [\/vc_column_text][vc_column_text] L\u2019essentiel...","og_url":"https:\/\/de-vv.com\/cec\/informations-utiles\/","og_site_name":"CEC Auto Moto","article_modified_time":"2025-02-12T14:39:04+00:00","og_image":[{"width":768,"height":733,"url":"https:\/\/de-vv.com\/cec\/wp-content\/uploads\/2025\/02\/Label-de-qualite-CEC-Auto-Moto-Meaux.png","type":"image\/png"}],"twitter_card":"summary_large_image","twitter_misc":{"Dur\u00e9e de lecture estim\u00e9e":"2 minutes"},"schema":{"@context":"https:\/\/schema.org","@graph":[{"@type":"WebPage","@id":"https:\/\/de-vv.com\/cec\/informations-utiles\/","url":"https:\/\/de-vv.com\/cec\/informations-utiles\/","name":"Informations utiles - CEC Auto Moto","isPartOf":{"@id":"https:\/\/de-vv.com\/cec\/#website"},"primaryImageOfPage":{"@id":"https:\/\/de-vv.com\/cec\/informations-utiles\/#primaryimage"},"image":{"@id":"https:\/\/de-vv.com\/cec\/informations-utiles\/#primaryimage"},"thumbnailUrl":"https:\/\/de-vv.com\/cec\/wp-content\/uploads\/2025\/02\/Label-de-qualite-CEC-Auto-Moto-Meaux.png","datePublished":"2025-02-06T19:41:35+00:00","dateModified":"2025-02-12T14:39:04+00:00","breadcrumb":{"@id":"https:\/\/de-vv.com\/cec\/informations-utiles\/#breadcrumb"},"inLanguage":"fr-FR","potentialAction":[{"@type":"ReadAction","target":["https:\/\/de-vv.com\/cec\/informations-utiles\/"]}]},{"@type":"ImageObject","inLanguage":"fr-FR","@id":"https:\/\/de-vv.com\/cec\/informations-utiles\/#primaryimage","url":"https:\/\/de-vv.com\/cec\/wp-content\/uploads\/2025\/02\/Label-de-qualite-CEC-Auto-Moto-Meaux.png","contentUrl":"https:\/\/de-vv.com\/cec\/wp-content\/uploads\/2025\/02\/Label-de-qualite-CEC-Auto-Moto-Meaux.png","width":768,"height":733,"caption":"Label de qualit\u00e9 - CEC Auto Moto Meaux"},{"@type":"BreadcrumbList","@id":"https:\/\/de-vv.com\/cec\/informations-utiles\/#breadcrumb","itemListElement":[{"@type":"ListItem","position":1,"name":"Accueil","item":"https:\/\/de-vv.com\/cec\/"},{"@type":"ListItem","position":2,"name":"Informations utiles"}]},{"@type":"WebSite","@id":"https:\/\/de-vv.com\/cec\/#website","url":"https:\/\/de-vv.com\/cec\/","name":"CEC Auto Moto","description":"Permis auto et Permis moto \u00e0 Meaux","potentialAction":[{"@type":"SearchAction","target":{"@type":"EntryPoint","urlTemplate":"https:\/\/de-vv.com\/cec\/?s={search_term_string}"},"query-input":{"@type":"PropertyValueSpecification","valueRequired":true,"valueName":"search_term_string"}}],"inLanguage":"fr-FR"}]}},"_links":{"self":[{"href":"https:\/\/de-vv.com\/cec\/wp-json\/wp\/v2\/pages\/30","targetHints":{"allow":["GET"]}}],"collection":[{"href":"https:\/\/de-vv.com\/cec\/wp-json\/wp\/v2\/pages"}],"about":[{"href":"https:\/\/de-vv.com\/cec\/wp-json\/wp\/v2\/types\/page"}],"author":[{"embeddable":true,"href":"https:\/\/de-vv.com\/cec\/wp-json\/wp\/v2\/users\/1"}],"replies":[{"embeddable":true,"href":"https:\/\/de-vv.com\/cec\/wp-json\/wp\/v2\/comments?post=30"}],"version-history":[{"count":7,"href":"https:\/\/de-vv.com\/cec\/wp-json\/wp\/v2\/pages\/30\/revisions"}],"predecessor-version":[{"id":183,"href":"https:\/\/de-vv.com\/cec\/wp-json\/wp\/v2\/pages\/30\/revisions\/183"}],"wp:featuredmedia":[{"embeddable":true,"href":"https:\/\/de-vv.com\/cec\/wp-json\/wp\/v2\/media\/53"}],"wp:attachment":[{"href":"https:\/\/de-vv.com\/cec\/wp-json\/wp\/v2\/media?parent=30"}],"curies":[{"name":"wp","href":"https:\/\/api.w.org\/{rel}","templated":true}]}}