{"id":130,"date":"2023-06-10T11:16:24","date_gmt":"2023-06-10T09:16:24","guid":{"rendered":"https:\/\/de-vv.com\/cermontrouge\/?page_id=130"},"modified":"2023-07-08T07:39:08","modified_gmt":"2023-07-08T05:39:08","slug":"informations-utiles","status":"publish","type":"page","link":"https:\/\/de-vv.com\/cermontrouge\/informations-utiles\/","title":{"rendered":"Informations utiles"},"content":{"rendered":"[vc_row type=\u00a0\u00bbin_container\u00a0\u00bb full_screen_row_position=\u00a0\u00bbmiddle\u00a0\u00bb column_margin=\u00a0\u00bbdefault\u00a0\u00bb scene_position=\u00a0\u00bbcenter\u00a0\u00bb text_color=\u00a0\u00bbdark\u00a0\u00bb text_align=\u00a0\u00bbleft\u00a0\u00bb overlay_strength=\u00a0\u00bb0.3&Prime; shape_divider_position=\u00a0\u00bbbottom\u00a0\u00bb bg_image_animation=\u00a0\u00bbnone\u00a0\u00bb][vc_column column_padding=\u00a0\u00bbpadding-2-percent\u00a0\u00bb column_padding_position=\u00a0\u00bball\u00a0\u00bb background_color_opacity=\u00a0\u00bb1&Prime; background_hover_color_opacity=\u00a0\u00bb1&Prime; column_link_target=\u00a0\u00bb_self\u00a0\u00bb column_shadow=\u00a0\u00bbnone\u00a0\u00bb column_border_radius=\u00a0\u00bbnone\u00a0\u00bb width=\u00a0\u00bb1\/1&Prime; tablet_width_inherit=\u00a0\u00bbdefault\u00a0\u00bb tablet_text_alignment=\u00a0\u00bbdefault\u00a0\u00bb phone_text_alignment=\u00a0\u00bbdefault\u00a0\u00bb overlay_strength=\u00a0\u00bb0.3&Prime; column_border_width=\u00a0\u00bbnone\u00a0\u00bb column_border_style=\u00a0\u00bbsolid\u00a0\u00bb bg_image_animation=\u00a0\u00bbnone\u00a0\u00bb][vc_column_text]\n<h1 style=\"text-align: center; color: #e5695a;\">Informations utiles<\/h1>\n[\/vc_column_text][vc_column_text]\n<p style=\"text-align: center;\">L\u2019essentiel \u00e0 conna\u00eetre pour une formation r\u00e9ussie !<\/p>\n[\/vc_column_text][\/vc_column][\/vc_row][vc_row type=\u00a0\u00bbin_container\u00a0\u00bb full_screen_row_position=\u00a0\u00bbmiddle\u00a0\u00bb column_margin=\u00a0\u00bbdefault\u00a0\u00bb scene_position=\u00a0\u00bbcenter\u00a0\u00bb text_color=\u00a0\u00bbdark\u00a0\u00bb text_align=\u00a0\u00bbleft\u00a0\u00bb overlay_strength=\u00a0\u00bb0.3&Prime; shape_divider_position=\u00a0\u00bbbottom\u00a0\u00bb bg_image_animation=\u00a0\u00bbnone\u00a0\u00bb shape_type=\u00a0\u00bb\u00a0\u00bb][vc_column column_padding=\u00a0\u00bbpadding-2-percent\u00a0\u00bb column_padding_position=\u00a0\u00bbtop-left\u00a0\u00bb background_color_opacity=\u00a0\u00bb1&Prime; background_hover_color_opacity=\u00a0\u00bb1&Prime; column_link_target=\u00a0\u00bb_self\u00a0\u00bb column_shadow=\u00a0\u00bbnone\u00a0\u00bb column_border_radius=\u00a0\u00bbnone\u00a0\u00bb width=\u00a0\u00bb2\/3&Prime; tablet_width_inherit=\u00a0\u00bbdefault\u00a0\u00bb tablet_text_alignment=\u00a0\u00bbdefault\u00a0\u00bb phone_text_alignment=\u00a0\u00bbdefault\u00a0\u00bb overlay_strength=\u00a0\u00bb0.3&Prime; column_border_width=\u00a0\u00bbnone\u00a0\u00bb column_border_style=\u00a0\u00bbsolid\u00a0\u00bb bg_image_animation=\u00a0\u00bbnone\u00a0\u00bb][vc_column_text]\n<h3 style=\"color: #2f2f2d; text-align: left;\">Les enjeux de la formation<\/h3>\n[\/vc_column_text]<div class=\"nectar-fancy-ul\" data-list-icon=\"icon-salient-thin-line\" data-animation=\"false\" data-animation-delay=\"0\" data-color=\"accent-color\" data-spacing=\"default\" data-alignment=\"left\"> \n<ul>\n<li><a href=\"#\" target=\"_blank\" rel=\"noopener\">Les enjeux de la formation au permis<\/a><\/li>\n<\/ul>\n <\/div>[vc_column_text]\n<h3 style=\"color: #2f2f2d; text-align: left;\">Le r\u00e8glement int\u00e9rieur<\/h3>\n[\/vc_column_text]<div class=\"nectar-fancy-ul\" data-list-icon=\"icon-salient-thin-line\" data-animation=\"false\" data-animation-delay=\"0\" data-color=\"accent-color\" data-spacing=\"default\" data-alignment=\"left\"> \n<ul>\n<li><a href=\"#\" target=\"_blank\" rel=\"noopener\">Le r\u00e8glement int\u00e9rieur<\/a><\/li>\n<\/ul>\n <\/div>[vc_column_text css=\u00a0\u00bb.vc_custom_1681063196719{padding-bottom: 12px !important;}\u00a0\u00bb]\n<h3 style=\"color: #2f2f2d; text-align: left;\">Formations moto<\/h3>\n<p>AK Auto-moto-\u00e9cole propose les formations deux-roues suivantes : permis AM, formation 125 cm3, permis A2 et formation passerelle permis A2 vers A.<\/p>\n<p>Les cours de conduite des v\u00e9hicules motoris\u00e9s deux roues se d\u00e9roulent sur une piste priv\u00e9e et ferm\u00e9e \u00e0 la circulation. Elle se situe sur le parking du Pacha Club \u00e0 Louveciennes (<a href=\"https:\/\/www.google.com\/maps\/dir\/\/Pacha+Club,+64+Rte+de+Versailles,+78430+Louveciennes\/@48.8500961,2.1067326,14.19z\/data=!4m17!1m7!3m6!1s0x47e67d44c58deb51:0x9ef90570b93f0cc9!2sPacha+Club!8m2!3d48.8482411!4d2.1082542!16s%2Fg%2F1tf06_48!4m8!1m0!1m5!1m1!1s0x47e67d44c58deb51:0x9ef90570b93f0cc9!2m2!1d2.1082413!2d48.8482398!3e2\" target=\"_blank\" rel=\"noopener\">Plan d&rsquo;acc\u00e8s<\/a>). Sa capacit\u00e9 d\u2019accueil est d\u2019environ 30 v\u00e9hicules en exercice.<\/p>\n<p>La dur\u00e9e moyenne du trajet depuis notre \u00e9tablissement est de 25 minutes (20 kilom\u00e8tres). La piste est mise \u00e0 la disposition d&rsquo;AK Auto-moto-\u00e9cole, en libre acc\u00e8s, du lundi au samedi de 7h \u00e0 21h.[\/vc_column_text][\/vc_column][vc_column column_padding=\u00a0\u00bbpadding-2-percent\u00a0\u00bb column_padding_position=\u00a0\u00bball\u00a0\u00bb background_color=\u00a0\u00bb#f7f7f7&Prime; background_color_opacity=\u00a0\u00bb1&Prime; background_hover_color_opacity=\u00a0\u00bb1&Prime; column_link_target=\u00a0\u00bb_self\u00a0\u00bb column_shadow=\u00a0\u00bbnone\u00a0\u00bb column_border_radius=\u00a0\u00bbnone\u00a0\u00bb width=\u00a0\u00bb1\/3&Prime; tablet_width_inherit=\u00a0\u00bbdefault\u00a0\u00bb tablet_text_alignment=\u00a0\u00bbdefault\u00a0\u00bb phone_text_alignment=\u00a0\u00bbdefault\u00a0\u00bb overlay_strength=\u00a0\u00bb0.3&Prime; column_border_width=\u00a0\u00bbnone\u00a0\u00bb column_border_style=\u00a0\u00bbsolid\u00a0\u00bb bg_image_animation=\u00a0\u00bbnone\u00a0\u00bb][vc_wp_custommenu title=\u00a0\u00bbQuestions fr\u00e9quentes\u00a0\u00bb nav_menu=\u00a0\u00bb15&Prime;][\/vc_column][\/vc_row][vc_row type=\u00a0\u00bbin_container\u00a0\u00bb full_screen_row_position=\u00a0\u00bbmiddle\u00a0\u00bb column_margin=\u00a0\u00bbdefault\u00a0\u00bb scene_position=\u00a0\u00bbcenter\u00a0\u00bb text_color=\u00a0\u00bbdark\u00a0\u00bb text_align=\u00a0\u00bbleft\u00a0\u00bb overlay_strength=\u00a0\u00bb0.3&Prime; shape_divider_position=\u00a0\u00bbbottom\u00a0\u00bb bg_image_animation=\u00a0\u00bbnone\u00a0\u00bb][vc_column column_padding=\u00a0\u00bbpadding-2-percent\u00a0\u00bb column_padding_position=\u00a0\u00bbleft-right\u00a0\u00bb background_color_opacity=\u00a0\u00bb1&Prime; background_hover_color_opacity=\u00a0\u00bb1&Prime; column_link_target=\u00a0\u00bb_self\u00a0\u00bb column_shadow=\u00a0\u00bbnone\u00a0\u00bb column_border_radius=\u00a0\u00bbnone\u00a0\u00bb width=\u00a0\u00bb1\/1&Prime; tablet_width_inherit=\u00a0\u00bbdefault\u00a0\u00bb tablet_text_alignment=\u00a0\u00bbdefault\u00a0\u00bb phone_text_alignment=\u00a0\u00bbdefault\u00a0\u00bb overlay_strength=\u00a0\u00bb0.3&Prime; column_border_width=\u00a0\u00bbnone\u00a0\u00bb column_border_style=\u00a0\u00bbsolid\u00a0\u00bb bg_image_animation=\u00a0\u00bbnone\u00a0\u00bb][vc_column_text css=\u00a0\u00bb.vc_custom_1681063216118{padding-bottom: 20px !important;}\u00a0\u00bb]\n<h3 style=\"color: #2f2f2d; text-align: left;\">Stage post-permis<\/h3>\n<p>AK Auto-moto-\u00e9cole propose des stages post-permis aux \u00e9l\u00e8ves ayant r\u00e9ussi l&rsquo;examen. Ces stages permette de r\u00e9duire la dur\u00e9e de la p\u00e9riode probatoire et comportent de nombreux avantages. Plus d&rsquo;informations sur le contenu et le d\u00e9roulement de ces stages sur le site de la <a href=\"https:\/\/securite-routiere.gouv.fr\/passer-son-permis-de-conduire\/permis-probatoire\/les-stages-post-permis-et-reduction-de-la-periode\" target=\"_blank\" rel=\"noopener\">S\u00e9curit\u00e9 routi\u00e8re<\/a>.[\/vc_column_text][vc_column_text css=\u00a0\u00bb.vc_custom_1681063247470{padding-bottom: 20px !important;}\u00a0\u00bb]\n<h3 style=\"color: #2f2f2d; text-align: left;\">Les avantages de la conduite accompagn\u00e9e et supervis\u00e9e<\/h3>\n<p>L&rsquo;apprentissage anticip\u00e9 de la conduite (AAC) ou conduite accompagn\u00e9e, accessible d\u00e8s 15 ans, comporte de <a href=\"https:\/\/de-vv.com\/cermontrouge\/conduite-accompagnee#avantages\" target=\"_blank\" rel=\"noopener\">nombreux avantages<\/a>. La formation en conduite supervis\u00e9e (\u00e0 partir de 18 ans) comporte elle aussi <a href=\"https:\/\/de-vv.com\/cermontrouge\/conduite-supervisee#avantages\" target=\"_blank\" rel=\"noopener\">des avantages<\/a> par rapport \u00e0 la formation traditionnelle.[\/vc_column_text][vc_column_text]\n<h3 style=\"color: #2f2f2d; text-align: left;\">Proc\u00e9d\u00e9 de positionnement et d\u2019\u00e9valuation<\/h3>\n[\/vc_column_text]<div class=\"nectar-fancy-ul\" data-list-icon=\"icon-salient-thin-line\" data-animation=\"false\" data-animation-delay=\"0\" data-color=\"accent-color\" data-spacing=\"default\" data-alignment=\"left\"> \n<ul>\n<li><a href=\"#\" target=\"_blank\" rel=\"noopener\">Proc\u00e9d\u00e9 de positionnement et d&rsquo;\u00e9valuation &#8211; Permis B<\/a><\/li>\n<li><a href=\"#\" target=\"_blank\" rel=\"noopener\">Proc\u00e9d\u00e9 de positionnement et d&rsquo;\u00e9valuation &#8211; Permis AM<\/a><\/li>\n<li><a href=\"#\" target=\"_blank\" rel=\"noopener\">Proc\u00e9d\u00e9 de positionnement et d&rsquo;\u00e9valuation &#8211; Permis A1 et A2<\/a><\/li>\n<li><a href=\"#\" target=\"_blank\" rel=\"noopener\">Prise en compte du handicap<\/a><\/li>\n<\/ul>\n <\/div>[vc_column_text]\n<h3 style=\"color: #2f2f2d; text-align: left;\">Modalit\u00e9s d\u2019organisation des formations th\u00e9oriques et pratiques<\/h3>\n[\/vc_column_text]<div class=\"nectar-fancy-ul\" data-list-icon=\"icon-salient-thin-line\" data-animation=\"false\" data-animation-delay=\"0\" data-color=\"accent-color\" data-spacing=\"default\" data-alignment=\"left\"> \n<ul>\n<li><a href=\"#\" target=\"_blank\" rel=\"noopener\">Parcours de formation &#8211; Permis B<\/a><\/li>\n<li><a href=\"#\" target=\"_blank\" rel=\"noopener\">Parcours de formation &#8211; Permis A<\/a><\/li>\n<li><a href=\"#\">Programme de formation &#8211; Permis B<\/a><\/li>\n<\/ul>\n <\/div>[vc_column_text]\n<h3 style=\"color: #2f2f2d; text-align: left;\">Modalit\u00e9s de traitement des r\u00e9clamations<\/h3>\n[\/vc_column_text]<div class=\"nectar-fancy-ul\" data-list-icon=\"icon-salient-thin-line\" data-animation=\"false\" data-animation-delay=\"0\" data-color=\"accent-color\" data-spacing=\"default\" data-alignment=\"left\"> \n<ul>\n<li>Le traitement des r\u00e9clamations<\/li>\n<li><a href=\"#\" target=\"_blank\" rel=\"noopener\">Traitement des absences et des abandons<\/a><\/li>\n<li><a href=\"#\" target=\"_blank\" rel=\"noopener\">Charte d&rsquo;engagement \u00e9l\u00e8ve-auto-\u00e9cole<\/a><\/li>\n<\/ul>\n <\/div>[\/vc_column][\/vc_row][vc_row type=\u00a0\u00bbfull_width_background\u00a0\u00bb full_screen_row_position=\u00a0\u00bbmiddle\u00a0\u00bb equal_height=\u00a0\u00bbyes\u00a0\u00bb content_placement=\u00a0\u00bbmiddle\u00a0\u00bb column_margin=\u00a0\u00bbdefault\u00a0\u00bb bg_color=\u00a0\u00bb#e5695a\u00a0\u00bb scene_position=\u00a0\u00bbcenter\u00a0\u00bb text_color=\u00a0\u00bblight\u00a0\u00bb text_align=\u00a0\u00bbleft\u00a0\u00bb overlay_strength=\u00a0\u00bb0.3&Prime; shape_divider_position=\u00a0\u00bbbottom\u00a0\u00bb bg_image_animation=\u00a0\u00bbnone\u00a0\u00bb shape_type=\u00a0\u00bb\u00a0\u00bb][vc_column centered_text=\u00a0\u00bbtrue\u00a0\u00bb column_padding=\u00a0\u00bbpadding-2-percent\u00a0\u00bb column_padding_position=\u00a0\u00bball\u00a0\u00bb background_color_opacity=\u00a0\u00bb1&Prime; background_hover_color_opacity=\u00a0\u00bb1&Prime; column_link_target=\u00a0\u00bb_self\u00a0\u00bb column_shadow=\u00a0\u00bbnone\u00a0\u00bb column_border_radius=\u00a0\u00bbnone\u00a0\u00bb width=\u00a0\u00bb1\/4&Prime; tablet_width_inherit=\u00a0\u00bbdefault\u00a0\u00bb tablet_text_alignment=\u00a0\u00bbdefault\u00a0\u00bb phone_text_alignment=\u00a0\u00bbdefault\u00a0\u00bb overlay_strength=\u00a0\u00bb0.3&Prime; column_border_width=\u00a0\u00bbnone\u00a0\u00bb column_border_style=\u00a0\u00bbsolid\u00a0\u00bb bg_image_animation=\u00a0\u00bbnone\u00a0\u00bb][image_with_animation image_url=\u00a0\u00bb48&Prime; alignment=\u00a0\u00bbcenter\u00a0\u00bb animation=\u00a0\u00bbFade In\u00a0\u00bb hover_animation=\u00a0\u00bbnone\u00a0\u00bb border_radius=\u00a0\u00bbnone\u00a0\u00bb box_shadow=\u00a0\u00bbnone\u00a0\u00bb image_loading=\u00a0\u00bblazy-load\u00a0\u00bb max_width=\u00a0\u00bb75%\u00a0\u00bb max_width_mobile=\u00a0\u00bbdefault\u00a0\u00bb][\/vc_column][vc_column column_padding=\u00a0\u00bbpadding-2-percent\u00a0\u00bb column_padding_position=\u00a0\u00bball\u00a0\u00bb background_color_opacity=\u00a0\u00bb1&Prime; background_hover_color_opacity=\u00a0\u00bb1&Prime; column_link_target=\u00a0\u00bb_self\u00a0\u00bb column_shadow=\u00a0\u00bbnone\u00a0\u00bb column_border_radius=\u00a0\u00bbnone\u00a0\u00bb width=\u00a0\u00bb3\/4&Prime; tablet_width_inherit=\u00a0\u00bbdefault\u00a0\u00bb tablet_text_alignment=\u00a0\u00bbdefault\u00a0\u00bb phone_text_alignment=\u00a0\u00bbdefault\u00a0\u00bb overlay_strength=\u00a0\u00bb0.3&Prime; column_border_width=\u00a0\u00bbnone\u00a0\u00bb column_border_style=\u00a0\u00bbsolid\u00a0\u00bb bg_image_animation=\u00a0\u00bbnone\u00a0\u00bb][vc_column_text]\n<h2>Une auto-\u00e9cole de qualit\u00e9 !<\/h2>\n[\/vc_column_text][vc_column_text]AK Auto-moto-\u00e9cole s\u2019est engag\u00e9e dans une d\u00e9marche de qualit\u00e9 et dispose du label \u00ab qualit\u00e9 des formations au sein des \u00e9coles de conduite \u00bb d\u00e9cern\u00e9 par le Minist\u00e8re de l\u2019Int\u00e9rieur. Pour en savoir plus sur le contenu et le d\u00e9roulement de nos formations, nous vous invitons \u00e0 consulter ces informations utiles.[\/vc_column_text][\/vc_column][\/vc_row]\n","protected":false},"excerpt":{"rendered":"<p>[vc_row type=\u00a0\u00bbin_container\u00a0\u00bb full_screen_row_position=\u00a0\u00bbmiddle\u00a0\u00bb column_margin=\u00a0\u00bbdefault\u00a0\u00bb scene_position=\u00a0\u00bbcenter\u00a0\u00bb text_color=\u00a0\u00bbdark\u00a0\u00bb text_align=\u00a0\u00bbleft\u00a0\u00bb overlay_strength=\u00a0\u00bb0.3&Prime; shape_divider_position=\u00a0\u00bbbottom\u00a0\u00bb bg_image_animation=\u00a0\u00bbnone\u00a0\u00bb][vc_column column_padding=\u00a0\u00bbpadding-2-percent\u00a0\u00bb column_padding_position=\u00a0\u00bball\u00a0\u00bb background_color_opacity=\u00a0\u00bb1&Prime; background_hover_color_opacity=\u00a0\u00bb1&Prime; column_link_target=\u00a0\u00bb_self\u00a0\u00bb column_shadow=\u00a0\u00bbnone\u00a0\u00bb column_border_radius=\u00a0\u00bbnone\u00a0\u00bb width=\u00a0\u00bb1\/1&Prime; tablet_width_inherit=\u00a0\u00bbdefault\u00a0\u00bb tablet_text_alignment=\u00a0\u00bbdefault\u00a0\u00bb phone_text_alignment=\u00a0\u00bbdefault\u00a0\u00bb overlay_strength=\u00a0\u00bb0.3&Prime; column_border_width=\u00a0\u00bbnone\u00a0\u00bb column_border_style=\u00a0\u00bbsolid\u00a0\u00bb bg_image_animation=\u00a0\u00bbnone\u00a0\u00bb][vc_column_text] Informations utiles [\/vc_column_text][vc_column_text] L\u2019essentiel \u00e0&#8230;<\/p>\n","protected":false},"author":1,"featured_media":48,"parent":0,"menu_order":0,"comment_status":"closed","ping_status":"closed","template":"","meta":[],"yoast_head":"<!-- This site is optimized with the Yoast SEO plugin v21.8 - https:\/\/yoast.com\/wordpress\/plugins\/seo\/ -->\n<title>Informations utiles - AK Auto-moto-\u00e9cole \u00e0 Montrouge<\/title>\n<meta name=\"description\" content=\"AK Auto-moto-\u00e9cole dispose du Label de qualit\u00e9 du Minist\u00e8re de l&#039;Int\u00e9rieur. Vous trouverez des informations utiles pour votre formation.\" \/>\n<meta name=\"robots\" content=\"noindex, follow, max-snippet:-1, max-image-preview:large, max-video-preview:-1\" \/>\n<meta property=\"og:locale\" content=\"fr_FR\" \/>\n<meta property=\"og:type\" content=\"article\" \/>\n<meta property=\"og:title\" content=\"Informations utiles - AK Auto-moto-\u00e9cole \u00e0 Montrouge\" \/>\n<meta property=\"og:description\" content=\"AK Auto-moto-\u00e9cole dispose du Label de qualit\u00e9 du Minist\u00e8re de l&#039;Int\u00e9rieur. Vous trouverez des informations utiles pour votre formation.\" \/>\n<meta property=\"og:url\" content=\"https:\/\/de-vv.com\/cermontrouge\/informations-utiles\/\" \/>\n<meta property=\"og:site_name\" content=\"AK Auto-moto-\u00e9cole\" \/>\n<meta property=\"article:modified_time\" content=\"2023-07-08T05:39:08+00:00\" \/>\n<meta property=\"og:image\" content=\"https:\/\/de-vv.com\/cermontrouge\/wp-content\/uploads\/2023\/06\/logo_ecole_de_conduite_0_0.png\" \/>\n\t<meta property=\"og:image:width\" content=\"300\" \/>\n\t<meta property=\"og:image:height\" content=\"286\" \/>\n\t<meta property=\"og:image:type\" content=\"image\/png\" \/>\n<meta name=\"twitter:card\" content=\"summary_large_image\" \/>\n<meta name=\"twitter:label1\" content=\"Dur\u00e9e de lecture estim\u00e9e\" \/>\n\t<meta name=\"twitter:data1\" content=\"3 minutes\" \/>\n<script type=\"application\/ld+json\" class=\"yoast-schema-graph\">{\"@context\":\"https:\/\/schema.org\",\"@graph\":[{\"@type\":\"WebPage\",\"@id\":\"https:\/\/de-vv.com\/cermontrouge\/informations-utiles\/\",\"url\":\"https:\/\/de-vv.com\/cermontrouge\/informations-utiles\/\",\"name\":\"Informations utiles - AK Auto-moto-\u00e9cole \u00e0 Montrouge\",\"isPartOf\":{\"@id\":\"https:\/\/de-vv.com\/cermontrouge\/#website\"},\"datePublished\":\"2023-06-10T09:16:24+00:00\",\"dateModified\":\"2023-07-08T05:39:08+00:00\",\"description\":\"AK Auto-moto-\u00e9cole dispose du Label de qualit\u00e9 du Minist\u00e8re de l'Int\u00e9rieur. Vous trouverez des informations utiles pour votre formation.\",\"breadcrumb\":{\"@id\":\"https:\/\/de-vv.com\/cermontrouge\/informations-utiles\/#breadcrumb\"},\"inLanguage\":\"fr-FR\",\"potentialAction\":[{\"@type\":\"ReadAction\",\"target\":[\"https:\/\/de-vv.com\/cermontrouge\/informations-utiles\/\"]}]},{\"@type\":\"BreadcrumbList\",\"@id\":\"https:\/\/de-vv.com\/cermontrouge\/informations-utiles\/#breadcrumb\",\"itemListElement\":[{\"@type\":\"ListItem\",\"position\":1,\"name\":\"Accueil\",\"item\":\"https:\/\/de-vv.com\/cermontrouge\/\"},{\"@type\":\"ListItem\",\"position\":2,\"name\":\"Informations utiles\"}]},{\"@type\":\"WebSite\",\"@id\":\"https:\/\/de-vv.com\/cermontrouge\/#website\",\"url\":\"https:\/\/de-vv.com\/cermontrouge\/\",\"name\":\"AK Auto-moto-\u00e9cole\",\"description\":\"votre auto-\u00e9cole \u00e0 Montrouge\",\"potentialAction\":[{\"@type\":\"SearchAction\",\"target\":{\"@type\":\"EntryPoint\",\"urlTemplate\":\"https:\/\/de-vv.com\/cermontrouge\/?s={search_term_string}\"},\"query-input\":\"required name=search_term_string\"}],\"inLanguage\":\"fr-FR\"}]}<\/script>\n<!-- \/ Yoast SEO plugin. -->","yoast_head_json":{"title":"Informations utiles - AK Auto-moto-\u00e9cole \u00e0 Montrouge","description":"AK Auto-moto-\u00e9cole dispose du Label de qualit\u00e9 du Minist\u00e8re de l'Int\u00e9rieur. Vous trouverez des informations utiles pour votre formation.","robots":{"index":"noindex","follow":"follow","max-snippet":"max-snippet:-1","max-image-preview":"max-image-preview:large","max-video-preview":"max-video-preview:-1"},"og_locale":"fr_FR","og_type":"article","og_title":"Informations utiles - AK Auto-moto-\u00e9cole \u00e0 Montrouge","og_description":"AK Auto-moto-\u00e9cole dispose du Label de qualit\u00e9 du Minist\u00e8re de l'Int\u00e9rieur. Vous trouverez des informations utiles pour votre formation.","og_url":"https:\/\/de-vv.com\/cermontrouge\/informations-utiles\/","og_site_name":"AK Auto-moto-\u00e9cole","article_modified_time":"2023-07-08T05:39:08+00:00","og_image":[{"width":300,"height":286,"url":"https:\/\/de-vv.com\/cermontrouge\/wp-content\/uploads\/2023\/06\/logo_ecole_de_conduite_0_0.png","type":"image\/png"}],"twitter_card":"summary_large_image","twitter_misc":{"Dur\u00e9e de lecture estim\u00e9e":"3 minutes"},"schema":{"@context":"https:\/\/schema.org","@graph":[{"@type":"WebPage","@id":"https:\/\/de-vv.com\/cermontrouge\/informations-utiles\/","url":"https:\/\/de-vv.com\/cermontrouge\/informations-utiles\/","name":"Informations utiles - AK Auto-moto-\u00e9cole \u00e0 Montrouge","isPartOf":{"@id":"https:\/\/de-vv.com\/cermontrouge\/#website"},"datePublished":"2023-06-10T09:16:24+00:00","dateModified":"2023-07-08T05:39:08+00:00","description":"AK Auto-moto-\u00e9cole dispose du Label de qualit\u00e9 du Minist\u00e8re de l'Int\u00e9rieur. Vous trouverez des informations utiles pour votre formation.","breadcrumb":{"@id":"https:\/\/de-vv.com\/cermontrouge\/informations-utiles\/#breadcrumb"},"inLanguage":"fr-FR","potentialAction":[{"@type":"ReadAction","target":["https:\/\/de-vv.com\/cermontrouge\/informations-utiles\/"]}]},{"@type":"BreadcrumbList","@id":"https:\/\/de-vv.com\/cermontrouge\/informations-utiles\/#breadcrumb","itemListElement":[{"@type":"ListItem","position":1,"name":"Accueil","item":"https:\/\/de-vv.com\/cermontrouge\/"},{"@type":"ListItem","position":2,"name":"Informations utiles"}]},{"@type":"WebSite","@id":"https:\/\/de-vv.com\/cermontrouge\/#website","url":"https:\/\/de-vv.com\/cermontrouge\/","name":"AK Auto-moto-\u00e9cole","description":"votre auto-\u00e9cole \u00e0 Montrouge","potentialAction":[{"@type":"SearchAction","target":{"@type":"EntryPoint","urlTemplate":"https:\/\/de-vv.com\/cermontrouge\/?s={search_term_string}"},"query-input":"required name=search_term_string"}],"inLanguage":"fr-FR"}]}},"_links":{"self":[{"href":"https:\/\/de-vv.com\/cermontrouge\/wp-json\/wp\/v2\/pages\/130"}],"collection":[{"href":"https:\/\/de-vv.com\/cermontrouge\/wp-json\/wp\/v2\/pages"}],"about":[{"href":"https:\/\/de-vv.com\/cermontrouge\/wp-json\/wp\/v2\/types\/page"}],"author":[{"embeddable":true,"href":"https:\/\/de-vv.com\/cermontrouge\/wp-json\/wp\/v2\/users\/1"}],"replies":[{"embeddable":true,"href":"https:\/\/de-vv.com\/cermontrouge\/wp-json\/wp\/v2\/comments?post=130"}],"version-history":[{"count":4,"href":"https:\/\/de-vv.com\/cermontrouge\/wp-json\/wp\/v2\/pages\/130\/revisions"}],"predecessor-version":[{"id":267,"href":"https:\/\/de-vv.com\/cermontrouge\/wp-json\/wp\/v2\/pages\/130\/revisions\/267"}],"wp:featuredmedia":[{"embeddable":true,"href":"https:\/\/de-vv.com\/cermontrouge\/wp-json\/wp\/v2\/media\/48"}],"wp:attachment":[{"href":"https:\/\/de-vv.com\/cermontrouge\/wp-json\/wp\/v2\/media?parent=130"}],"curies":[{"name":"wp","href":"https:\/\/api.w.org\/{rel}","templated":true}]}}