{"id":169,"date":"2023-06-10T16:23:39","date_gmt":"2023-06-10T14:23:39","guid":{"rendered":"https:\/\/de-vv.com\/cermontrouge\/?page_id=169"},"modified":"2023-07-08T07:42:19","modified_gmt":"2023-07-08T05:42:19","slug":"permis-a-1e-par-jour","status":"publish","type":"page","link":"https:\/\/de-vv.com\/cermontrouge\/financements\/permis-a-1e-par-jour\/","title":{"rendered":"Permis \u00e0 1\u20ac par jour"},"content":{"rendered":"[vc_row type=\u00a0\u00bbfull_width_background\u00a0\u00bb full_screen_row_position=\u00a0\u00bbmiddle\u00a0\u00bb equal_height=\u00a0\u00bbyes\u00a0\u00bb content_placement=\u00a0\u00bbmiddle\u00a0\u00bb column_margin=\u00a0\u00bbdefault\u00a0\u00bb scene_position=\u00a0\u00bbcenter\u00a0\u00bb text_color=\u00a0\u00bbdark\u00a0\u00bb text_align=\u00a0\u00bbleft\u00a0\u00bb top_padding=\u00a0\u00bb20&Prime; bottom_padding=\u00a0\u00bb20&Prime; overlay_strength=\u00a0\u00bb0.3&Prime; shape_divider_position=\u00a0\u00bbbottom\u00a0\u00bb bg_image_animation=\u00a0\u00bbnone\u00a0\u00bb shape_type=\u00a0\u00bb\u00a0\u00bb][vc_column column_padding=\u00a0\u00bbpadding-2-percent\u00a0\u00bb column_padding_position=\u00a0\u00bball\u00a0\u00bb background_color_opacity=\u00a0\u00bb1&Prime; background_hover_color_opacity=\u00a0\u00bb1&Prime; column_link_target=\u00a0\u00bb_self\u00a0\u00bb column_shadow=\u00a0\u00bbnone\u00a0\u00bb column_border_radius=\u00a0\u00bbnone\u00a0\u00bb width=\u00a0\u00bb1\/1&Prime; tablet_width_inherit=\u00a0\u00bbdefault\u00a0\u00bb tablet_text_alignment=\u00a0\u00bbdefault\u00a0\u00bb phone_text_alignment=\u00a0\u00bbdefault\u00a0\u00bb overlay_strength=\u00a0\u00bb0.3&Prime; column_border_width=\u00a0\u00bbnone\u00a0\u00bb column_border_style=\u00a0\u00bbsolid\u00a0\u00bb bg_image_animation=\u00a0\u00bbnone\u00a0\u00bb][vc_column_text css=\u00a0\u00bb.vc_custom_1681066268089{padding-bottom: 12px !important;}\u00a0\u00bb]\n<h1 style=\"color: #e5695a;\">Le dispositif Permis \u00e0 1\u20ac par jour<\/h1>\n[\/vc_column_text][vc_row_inner column_margin=\u00a0\u00bbdefault\u00a0\u00bb text_align=\u00a0\u00bbleft\u00a0\u00bb][vc_column_inner column_padding=\u00a0\u00bbno-extra-padding\u00a0\u00bb column_padding_position=\u00a0\u00bball\u00a0\u00bb background_color_opacity=\u00a0\u00bb1&Prime; background_hover_color_opacity=\u00a0\u00bb1&Prime; column_shadow=\u00a0\u00bbnone\u00a0\u00bb column_border_radius=\u00a0\u00bbnone\u00a0\u00bb column_link_target=\u00a0\u00bb_self\u00a0\u00bb width=\u00a0\u00bb2\/3&Prime; tablet_width_inherit=\u00a0\u00bbdefault\u00a0\u00bb overlay_strength=\u00a0\u00bb0.3&Prime; column_border_width=\u00a0\u00bbnone\u00a0\u00bb column_border_style=\u00a0\u00bbsolid\u00a0\u00bb bg_image_animation=\u00a0\u00bbnone\u00a0\u00bb][vc_column_text css=\u00a0\u00bb.vc_custom_1676127454736{padding-top: 12px !important;padding-bottom: 12px !important;}\u00a0\u00bb]Vous avez entre 16 et 25 ans et vous souhaitez passer votre permis de conduire ? La s\u00e9curit\u00e9 routi\u00e8re \u00e0 lanc\u00e9 le \u00ab <a href=\"https:\/\/www.securite-routiere.gouv.fr\/passer-son-permis-de-conduire\/financement-du-permis-de-conduire\/permis-1-eu-par-jour\" target=\"_blank\" rel=\"noopener\">permis \u00e0 1 euro par jour<\/a> \u00bb.<\/p>\n<p>L\u2019objectif est de vous faciliter l\u2019acc\u00e8s au permis de conduire, dont le co\u00fbt peut repr\u00e9senter un frein et notamment un obstacle fort \u00e0 l\u2019obtention d\u2019un emploi.<\/p>\n<p>Mais cette op\u00e9ration a \u00e9galement pour vocation d\u2019am\u00e9liorer la qualit\u00e9 g\u00e9n\u00e9rale de la formation, gr\u00e2ce \u00e0 la signature d\u2019une charte, fond\u00e9e sur leur engagement dans une d\u00e9marche de qualit\u00e9.[\/vc_column_text][nectar_btn size=\u00a0\u00bblarge\u00a0\u00bb button_style=\u00a0\u00bbregular\u00a0\u00bb button_color_2=\u00a0\u00bbAccent-Color\u00a0\u00bb icon_family=\u00a0\u00bbfontawesome\u00a0\u00bb url=\u00a0\u00bbtel:01.70.19.63.80&Prime; text=\u00a0\u00bb01 70 19 63 80&Prime; margin_top=\u00a0\u00bb5&Prime; margin_right=\u00a0\u00bb10&Prime; margin_bottom=\u00a0\u00bb5&Prime; icon_fontawesome=\u00a0\u00bbfa fa-mobile\u00a0\u00bb][nectar_btn size=\u00a0\u00bblarge\u00a0\u00bb button_style=\u00a0\u00bbregular\u00a0\u00bb button_color_2=\u00a0\u00bbExtra-Color-3&Prime; icon_family=\u00a0\u00bbdefault_arrow\u00a0\u00bb url=\u00a0\u00bbhttps:\/\/de-vv.com\/cermontrouge\/contact\/\u00a0\u00bb text=\u00a0\u00bbContactez nous\u00a0\u00bb margin_top=\u00a0\u00bb5&Prime; margin_right=\u00a0\u00bb5&Prime; margin_bottom=\u00a0\u00bb5&Prime;][\/vc_column_inner][vc_column_inner column_padding=\u00a0\u00bbpadding-2-percent\u00a0\u00bb column_padding_position=\u00a0\u00bball\u00a0\u00bb background_color_opacity=\u00a0\u00bb1&Prime; background_hover_color_opacity=\u00a0\u00bb1&Prime; column_shadow=\u00a0\u00bbnone\u00a0\u00bb column_border_radius=\u00a0\u00bbnone\u00a0\u00bb column_link_target=\u00a0\u00bb_self\u00a0\u00bb width=\u00a0\u00bb1\/3&Prime; tablet_width_inherit=\u00a0\u00bbdefault\u00a0\u00bb overlay_strength=\u00a0\u00bb0.3&Prime; column_border_width=\u00a0\u00bbnone\u00a0\u00bb column_border_style=\u00a0\u00bbsolid\u00a0\u00bb bg_image_animation=\u00a0\u00bbnone\u00a0\u00bb][image_with_animation image_url=\u00a0\u00bb181&Prime; alignment=\u00a0\u00bb\u00a0\u00bb animation=\u00a0\u00bbFade In\u00a0\u00bb hover_animation=\u00a0\u00bbnone\u00a0\u00bb border_radius=\u00a0\u00bbnone\u00a0\u00bb box_shadow=\u00a0\u00bbnone\u00a0\u00bb image_loading=\u00a0\u00bbdefault\u00a0\u00bb max_width=\u00a0\u00bb100%\u00a0\u00bb max_width_mobile=\u00a0\u00bbdefault\u00a0\u00bb][\/vc_column_inner][\/vc_row_inner][\/vc_column][\/vc_row][vc_row type=\u00a0\u00bbfull_width_background\u00a0\u00bb full_screen_row_position=\u00a0\u00bbmiddle\u00a0\u00bb column_margin=\u00a0\u00bbdefault\u00a0\u00bb bg_color=\u00a0\u00bb#e5695a\u00a0\u00bb scene_position=\u00a0\u00bbcenter\u00a0\u00bb text_color=\u00a0\u00bblight\u00a0\u00bb text_align=\u00a0\u00bbleft\u00a0\u00bb top_padding=\u00a0\u00bb20&Prime; bottom_padding=\u00a0\u00bb20&Prime; overlay_strength=\u00a0\u00bb0.3&Prime; shape_divider_position=\u00a0\u00bbbottom\u00a0\u00bb bg_image_animation=\u00a0\u00bbnone\u00a0\u00bb shape_type=\u00a0\u00bb\u00a0\u00bb][vc_column column_padding=\u00a0\u00bbpadding-2-percent\u00a0\u00bb column_padding_position=\u00a0\u00bball\u00a0\u00bb background_color_opacity=\u00a0\u00bb1&Prime; background_hover_color_opacity=\u00a0\u00bb1&Prime; column_link_target=\u00a0\u00bb_self\u00a0\u00bb column_shadow=\u00a0\u00bbnone\u00a0\u00bb column_border_radius=\u00a0\u00bbnone\u00a0\u00bb width=\u00a0\u00bb1\/1&Prime; tablet_width_inherit=\u00a0\u00bbdefault\u00a0\u00bb tablet_text_alignment=\u00a0\u00bbdefault\u00a0\u00bb phone_text_alignment=\u00a0\u00bbdefault\u00a0\u00bb overlay_strength=\u00a0\u00bb0.3&Prime; column_border_width=\u00a0\u00bbnone\u00a0\u00bb column_border_style=\u00a0\u00bbsolid\u00a0\u00bb bg_image_animation=\u00a0\u00bbnone\u00a0\u00bb][vc_column_text css=\u00a0\u00bb.vc_custom_1686407891160{padding-bottom: 12px !important;}\u00a0\u00bb]\n<h2>Retrouvez tous les dispositifs de financement<\/h2>\n<p>AK Auto-moto-\u00e9cole propose un <a style=\"color: #2f2f2d;\" href=\"https:\/\/de-vv.com\/cermontrouge\/financements\/\" target=\"_blank\" rel=\"noopener\">grand nombre de financements<\/a> pour vous faciliter le passage du permis de conduire. Nos conseill\u00e8res et conseillers en formation sont l\u00e0 pour vous aider et vous orienter.[\/vc_column_text][\/vc_column][\/vc_row][vc_row type=\u00a0\u00bbfull_width_background\u00a0\u00bb full_screen_row_position=\u00a0\u00bbmiddle\u00a0\u00bb column_margin=\u00a0\u00bbdefault\u00a0\u00bb scene_position=\u00a0\u00bbcenter\u00a0\u00bb text_color=\u00a0\u00bbdark\u00a0\u00bb text_align=\u00a0\u00bbleft\u00a0\u00bb top_padding=\u00a0\u00bb20&Prime; bottom_padding=\u00a0\u00bb20&Prime; overlay_strength=\u00a0\u00bb0.3&Prime; shape_divider_position=\u00a0\u00bbbottom\u00a0\u00bb bg_image_animation=\u00a0\u00bbnone\u00a0\u00bb shape_type=\u00a0\u00bb\u00a0\u00bb][vc_column column_padding=\u00a0\u00bbpadding-2-percent\u00a0\u00bb column_padding_position=\u00a0\u00bball\u00a0\u00bb background_color_opacity=\u00a0\u00bb1&Prime; background_hover_color_opacity=\u00a0\u00bb1&Prime; column_link_target=\u00a0\u00bb_self\u00a0\u00bb column_shadow=\u00a0\u00bbnone\u00a0\u00bb column_border_radius=\u00a0\u00bbnone\u00a0\u00bb width=\u00a0\u00bb1\/2&Prime; tablet_width_inherit=\u00a0\u00bbdefault\u00a0\u00bb tablet_text_alignment=\u00a0\u00bbdefault\u00a0\u00bb phone_text_alignment=\u00a0\u00bbdefault\u00a0\u00bb overlay_strength=\u00a0\u00bb0.3&Prime; column_border_width=\u00a0\u00bbnone\u00a0\u00bb column_border_style=\u00a0\u00bbsolid\u00a0\u00bb bg_image_animation=\u00a0\u00bbnone\u00a0\u00bb enable_animation=\u00a0\u00bbtrue\u00a0\u00bb animation=\u00a0\u00bbfade-in-from-left\u00a0\u00bb][vc_column_text css=\u00a0\u00bb.vc_custom_1681066349853{padding-bottom: 20px !important;}\u00a0\u00bb]\n<h3 style=\"color: #e5695a;\">Consultez nos avis !<\/h3>\n<p>Nos \u00e9l\u00e8ves sont satisfaits, et ils le font savoir ! Pour vous faire une id\u00e9e de la qualit\u00e9 de nos formations, consultez les commentaires laiss\u00e9s par nos anciens \u00e9l\u00e8ves.[\/vc_column_text][nectar_btn size=\u00a0\u00bblarge\u00a0\u00bb open_new_tab=\u00a0\u00bbtrue\u00a0\u00bb button_style=\u00a0\u00bbregular\u00a0\u00bb button_color_2=\u00a0\u00bbAccent-Color\u00a0\u00bb icon_family=\u00a0\u00bbfontawesome\u00a0\u00bb url=\u00a0\u00bbhttps:\/\/de-vv.com\/cermontrouge\/avis\/\u00a0\u00bb text=\u00a0\u00bbConsultez nos avis\u00a0\u00bb icon_fontawesome=\u00a0\u00bbfa fa-trophy\u00a0\u00bb][\/vc_column][vc_column column_padding=\u00a0\u00bbpadding-2-percent\u00a0\u00bb column_padding_position=\u00a0\u00bball\u00a0\u00bb background_color_opacity=\u00a0\u00bb1&Prime; background_hover_color_opacity=\u00a0\u00bb1&Prime; column_link_target=\u00a0\u00bb_self\u00a0\u00bb column_shadow=\u00a0\u00bbnone\u00a0\u00bb column_border_radius=\u00a0\u00bbnone\u00a0\u00bb width=\u00a0\u00bb1\/2&Prime; tablet_width_inherit=\u00a0\u00bbdefault\u00a0\u00bb tablet_text_alignment=\u00a0\u00bbdefault\u00a0\u00bb phone_text_alignment=\u00a0\u00bbdefault\u00a0\u00bb overlay_strength=\u00a0\u00bb0.3&Prime; column_border_width=\u00a0\u00bbnone\u00a0\u00bb column_border_style=\u00a0\u00bbsolid\u00a0\u00bb bg_image_animation=\u00a0\u00bbnone\u00a0\u00bb enable_animation=\u00a0\u00bbtrue\u00a0\u00bb animation=\u00a0\u00bbfade-in-from-right\u00a0\u00bb delay=\u00a0\u00bb400&Prime;][vc_column_text css=\u00a0\u00bb.vc_custom_1681066365965{padding-bottom: 20px !important;}\u00a0\u00bb]\n<h3 style=\"color: #e5695a;\">Suivez notre actualit\u00e9<\/h3>\n<p>Restons en contact ! Consultez les derni\u00e8res actualit\u00e9s d&rsquo;AK Auto-moto-\u00e9cole et tenez vous inform\u00e9 des prochaines formations propos\u00e9es par l&rsquo;auto-\u00e9cole.[\/vc_column_text][nectar_btn size=\u00a0\u00bblarge\u00a0\u00bb open_new_tab=\u00a0\u00bbtrue\u00a0\u00bb button_style=\u00a0\u00bbregular\u00a0\u00bb button_color_2=\u00a0\u00bbExtra-Color-1&Prime; icon_family=\u00a0\u00bbfontawesome\u00a0\u00bb url=\u00a0\u00bbhttps:\/\/de-vv.com\/cermontrouge\/actualites\/\u00a0\u00bb text=\u00a0\u00bbConsultez nos avis\u00a0\u00bb icon_fontawesome=\u00a0\u00bbfa fa-newspaper-o\u00a0\u00bb][\/vc_column][\/vc_row][vc_row type=\u00a0\u00bbfull_width_background\u00a0\u00bb full_screen_row_position=\u00a0\u00bbmiddle\u00a0\u00bb column_margin=\u00a0\u00bbdefault\u00a0\u00bb bg_color=\u00a0\u00bb#e5695a\u00a0\u00bb scene_position=\u00a0\u00bbcenter\u00a0\u00bb text_color=\u00a0\u00bblight\u00a0\u00bb text_align=\u00a0\u00bbleft\u00a0\u00bb top_padding=\u00a0\u00bb20&Prime; bottom_padding=\u00a0\u00bb20&Prime; overlay_strength=\u00a0\u00bb0.3&Prime; shape_divider_position=\u00a0\u00bbbottom\u00a0\u00bb bg_image_animation=\u00a0\u00bbnone\u00a0\u00bb shape_type=\u00a0\u00bb\u00a0\u00bb][vc_column column_padding=\u00a0\u00bbpadding-2-percent\u00a0\u00bb column_padding_position=\u00a0\u00bball\u00a0\u00bb background_color_opacity=\u00a0\u00bb1&Prime; background_hover_color_opacity=\u00a0\u00bb1&Prime; column_link_target=\u00a0\u00bb_self\u00a0\u00bb column_shadow=\u00a0\u00bbnone\u00a0\u00bb column_border_radius=\u00a0\u00bbnone\u00a0\u00bb width=\u00a0\u00bb1\/1&Prime; tablet_width_inherit=\u00a0\u00bbdefault\u00a0\u00bb tablet_text_alignment=\u00a0\u00bbdefault\u00a0\u00bb phone_text_alignment=\u00a0\u00bbdefault\u00a0\u00bb overlay_strength=\u00a0\u00bb0.3&Prime; column_border_width=\u00a0\u00bbnone\u00a0\u00bb column_border_style=\u00a0\u00bbsolid\u00a0\u00bb bg_image_animation=\u00a0\u00bbnone\u00a0\u00bb][vc_column_text css=\u00a0\u00bb.vc_custom_1676126166911{padding-bottom: 12px !important;}\u00a0\u00bb]\n<h2>Vous avez une question sur le Permis \u00e0 1\u20ac ?<\/h2>\n<p>Vous avez une question sur le contenu de nos formations, sur nos tarifs ou sur nos horaires ? Vous voulez des conseils personnalis\u00e9s en fonction de votre situation ? Vous avez des contraintes d&rsquo;agenda ou souhaitez passer le permis rapidement?[\/vc_column_text][nectar_btn size=\u00a0\u00bblarge\u00a0\u00bb button_style=\u00a0\u00bbregular\u00a0\u00bb button_color_2=\u00a0\u00bbAccent-Color\u00a0\u00bb color_override=\u00a0\u00bb#ffffff\u00a0\u00bb solid_text_color_override=\u00a0\u00bb#e5695a\u00a0\u00bb icon_family=\u00a0\u00bbfontawesome\u00a0\u00bb url=\u00a0\u00bbtel:01.70.19.63.80&Prime; text=\u00a0\u00bb01 70 19 63 80&Prime; margin_top=\u00a0\u00bb5&Prime; margin_right=\u00a0\u00bb10&Prime; margin_bottom=\u00a0\u00bb5&Prime; icon_fontawesome=\u00a0\u00bbfa fa-mobile\u00a0\u00bb][nectar_btn size=\u00a0\u00bblarge\u00a0\u00bb button_style=\u00a0\u00bbregular\u00a0\u00bb button_color_2=\u00a0\u00bbExtra-Color-3&Prime; icon_family=\u00a0\u00bbdefault_arrow\u00a0\u00bb url=\u00a0\u00bbhttps:\/\/de-vv.com\/cermontrouge\/contact\/\u00a0\u00bb text=\u00a0\u00bbContactez nous\u00a0\u00bb margin_top=\u00a0\u00bb5&Prime; margin_right=\u00a0\u00bb10&Prime; margin_bottom=\u00a0\u00bb5&Prime;][\/vc_column][\/vc_row]\n","protected":false},"excerpt":{"rendered":"<p>[vc_row type=\u00a0\u00bbfull_width_background\u00a0\u00bb full_screen_row_position=\u00a0\u00bbmiddle\u00a0\u00bb equal_height=\u00a0\u00bbyes\u00a0\u00bb content_placement=\u00a0\u00bbmiddle\u00a0\u00bb column_margin=\u00a0\u00bbdefault\u00a0\u00bb scene_position=\u00a0\u00bbcenter\u00a0\u00bb text_color=\u00a0\u00bbdark\u00a0\u00bb text_align=\u00a0\u00bbleft\u00a0\u00bb top_padding=\u00a0\u00bb20&Prime; bottom_padding=\u00a0\u00bb20&Prime; overlay_strength=\u00a0\u00bb0.3&Prime; shape_divider_position=\u00a0\u00bbbottom\u00a0\u00bb bg_image_animation=\u00a0\u00bbnone\u00a0\u00bb shape_type=\u00a0\u00bb\u00a0\u00bb][vc_column column_padding=\u00a0\u00bbpadding-2-percent\u00a0\u00bb column_padding_position=\u00a0\u00bball\u00a0\u00bb background_color_opacity=\u00a0\u00bb1&Prime; background_hover_color_opacity=\u00a0\u00bb1&Prime; column_link_target=\u00a0\u00bb_self\u00a0\u00bb column_shadow=\u00a0\u00bbnone\u00a0\u00bb column_border_radius=\u00a0\u00bbnone\u00a0\u00bb width=\u00a0\u00bb1\/1&Prime; tablet_width_inherit=\u00a0\u00bbdefault\u00a0\u00bb tablet_text_alignment=\u00a0\u00bbdefault\u00a0\u00bb phone_text_alignment=\u00a0\u00bbdefault\u00a0\u00bb overlay_strength=\u00a0\u00bb0.3&Prime; column_border_width=\u00a0\u00bbnone\u00a0\u00bb column_border_style=\u00a0\u00bbsolid\u00a0\u00bb bg_image_animation=\u00a0\u00bbnone\u00a0\u00bb][vc_column_text&#8230;<\/p>\n","protected":false},"author":1,"featured_media":181,"parent":84,"menu_order":0,"comment_status":"closed","ping_status":"closed","template":"","meta":[],"yoast_head":"<!-- This site is optimized with the Yoast SEO plugin v21.8 - https:\/\/yoast.com\/wordpress\/plugins\/seo\/ -->\n<title>Permis \u00e0 1\u20ac par jour - AK Auto-moto-\u00e9cole \u00e0 Montrouge<\/title>\n<meta name=\"description\" content=\"AK Auto-\u00e9cole Montrouge est partenaire du dispositif Permis \u00e0 1 euro par jour. Ce dispositif vise \u00e0 faciliter l&#039;acc\u00e8s au permis de conduire.\" \/>\n<meta name=\"robots\" content=\"noindex, follow, max-snippet:-1, max-image-preview:large, max-video-preview:-1\" \/>\n<meta property=\"og:locale\" content=\"fr_FR\" \/>\n<meta property=\"og:type\" content=\"article\" \/>\n<meta property=\"og:title\" content=\"Permis \u00e0 1\u20ac par jour - AK Auto-moto-\u00e9cole \u00e0 Montrouge\" \/>\n<meta property=\"og:description\" content=\"AK Auto-\u00e9cole Montrouge est partenaire du dispositif Permis \u00e0 1 euro par jour. Ce dispositif vise \u00e0 faciliter l&#039;acc\u00e8s au permis de conduire.\" \/>\n<meta property=\"og:url\" content=\"https:\/\/de-vv.com\/cermontrouge\/financements\/permis-a-1e-par-jour\/\" \/>\n<meta property=\"og:site_name\" content=\"AK Auto-moto-\u00e9cole\" \/>\n<meta property=\"article:modified_time\" content=\"2023-07-08T05:42:19+00:00\" \/>\n<meta property=\"og:image\" content=\"https:\/\/de-vv.com\/cermontrouge\/wp-content\/uploads\/2023\/06\/logo-Permis-1-euro-1536x958-CER-Montrouge.png\" \/>\n\t<meta property=\"og:image:width\" content=\"1536\" \/>\n\t<meta property=\"og:image:height\" content=\"958\" \/>\n\t<meta property=\"og:image:type\" content=\"image\/png\" \/>\n<meta name=\"twitter:card\" content=\"summary_large_image\" \/>\n<meta name=\"twitter:label1\" content=\"Dur\u00e9e de lecture estim\u00e9e\" \/>\n\t<meta name=\"twitter:data1\" content=\"3 minutes\" \/>\n<script type=\"application\/ld+json\" class=\"yoast-schema-graph\">{\"@context\":\"https:\/\/schema.org\",\"@graph\":[{\"@type\":\"WebPage\",\"@id\":\"https:\/\/de-vv.com\/cermontrouge\/financements\/permis-a-1e-par-jour\/\",\"url\":\"https:\/\/de-vv.com\/cermontrouge\/financements\/permis-a-1e-par-jour\/\",\"name\":\"Permis \u00e0 1\u20ac par jour - AK Auto-moto-\u00e9cole \u00e0 Montrouge\",\"isPartOf\":{\"@id\":\"https:\/\/de-vv.com\/cermontrouge\/#website\"},\"datePublished\":\"2023-06-10T14:23:39+00:00\",\"dateModified\":\"2023-07-08T05:42:19+00:00\",\"description\":\"AK Auto-\u00e9cole Montrouge est partenaire du dispositif Permis \u00e0 1 euro par jour. Ce dispositif vise \u00e0 faciliter l'acc\u00e8s au permis de conduire.\",\"breadcrumb\":{\"@id\":\"https:\/\/de-vv.com\/cermontrouge\/financements\/permis-a-1e-par-jour\/#breadcrumb\"},\"inLanguage\":\"fr-FR\",\"potentialAction\":[{\"@type\":\"ReadAction\",\"target\":[\"https:\/\/de-vv.com\/cermontrouge\/financements\/permis-a-1e-par-jour\/\"]}]},{\"@type\":\"BreadcrumbList\",\"@id\":\"https:\/\/de-vv.com\/cermontrouge\/financements\/permis-a-1e-par-jour\/#breadcrumb\",\"itemListElement\":[{\"@type\":\"ListItem\",\"position\":1,\"name\":\"Accueil\",\"item\":\"https:\/\/de-vv.com\/cermontrouge\/\"},{\"@type\":\"ListItem\",\"position\":2,\"name\":\"Financements\",\"item\":\"https:\/\/de-vv.com\/cermontrouge\/financements\/\"},{\"@type\":\"ListItem\",\"position\":3,\"name\":\"Permis \u00e0 1\u20ac par jour\"}]},{\"@type\":\"WebSite\",\"@id\":\"https:\/\/de-vv.com\/cermontrouge\/#website\",\"url\":\"https:\/\/de-vv.com\/cermontrouge\/\",\"name\":\"AK Auto-moto-\u00e9cole\",\"description\":\"votre auto-\u00e9cole \u00e0 Montrouge\",\"potentialAction\":[{\"@type\":\"SearchAction\",\"target\":{\"@type\":\"EntryPoint\",\"urlTemplate\":\"https:\/\/de-vv.com\/cermontrouge\/?s={search_term_string}\"},\"query-input\":\"required name=search_term_string\"}],\"inLanguage\":\"fr-FR\"}]}<\/script>\n<!-- \/ Yoast SEO plugin. -->","yoast_head_json":{"title":"Permis \u00e0 1\u20ac par jour - AK Auto-moto-\u00e9cole \u00e0 Montrouge","description":"AK Auto-\u00e9cole Montrouge est partenaire du dispositif Permis \u00e0 1 euro par jour. Ce dispositif vise \u00e0 faciliter l'acc\u00e8s au permis de conduire.","robots":{"index":"noindex","follow":"follow","max-snippet":"max-snippet:-1","max-image-preview":"max-image-preview:large","max-video-preview":"max-video-preview:-1"},"og_locale":"fr_FR","og_type":"article","og_title":"Permis \u00e0 1\u20ac par jour - AK Auto-moto-\u00e9cole \u00e0 Montrouge","og_description":"AK Auto-\u00e9cole Montrouge est partenaire du dispositif Permis \u00e0 1 euro par jour. Ce dispositif vise \u00e0 faciliter l'acc\u00e8s au permis de conduire.","og_url":"https:\/\/de-vv.com\/cermontrouge\/financements\/permis-a-1e-par-jour\/","og_site_name":"AK Auto-moto-\u00e9cole","article_modified_time":"2023-07-08T05:42:19+00:00","og_image":[{"width":1536,"height":958,"url":"https:\/\/de-vv.com\/cermontrouge\/wp-content\/uploads\/2023\/06\/logo-Permis-1-euro-1536x958-CER-Montrouge.png","type":"image\/png"}],"twitter_card":"summary_large_image","twitter_misc":{"Dur\u00e9e de lecture estim\u00e9e":"3 minutes"},"schema":{"@context":"https:\/\/schema.org","@graph":[{"@type":"WebPage","@id":"https:\/\/de-vv.com\/cermontrouge\/financements\/permis-a-1e-par-jour\/","url":"https:\/\/de-vv.com\/cermontrouge\/financements\/permis-a-1e-par-jour\/","name":"Permis \u00e0 1\u20ac par jour - AK Auto-moto-\u00e9cole \u00e0 Montrouge","isPartOf":{"@id":"https:\/\/de-vv.com\/cermontrouge\/#website"},"datePublished":"2023-06-10T14:23:39+00:00","dateModified":"2023-07-08T05:42:19+00:00","description":"AK Auto-\u00e9cole Montrouge est partenaire du dispositif Permis \u00e0 1 euro par jour. Ce dispositif vise \u00e0 faciliter l'acc\u00e8s au permis de conduire.","breadcrumb":{"@id":"https:\/\/de-vv.com\/cermontrouge\/financements\/permis-a-1e-par-jour\/#breadcrumb"},"inLanguage":"fr-FR","potentialAction":[{"@type":"ReadAction","target":["https:\/\/de-vv.com\/cermontrouge\/financements\/permis-a-1e-par-jour\/"]}]},{"@type":"BreadcrumbList","@id":"https:\/\/de-vv.com\/cermontrouge\/financements\/permis-a-1e-par-jour\/#breadcrumb","itemListElement":[{"@type":"ListItem","position":1,"name":"Accueil","item":"https:\/\/de-vv.com\/cermontrouge\/"},{"@type":"ListItem","position":2,"name":"Financements","item":"https:\/\/de-vv.com\/cermontrouge\/financements\/"},{"@type":"ListItem","position":3,"name":"Permis \u00e0 1\u20ac par jour"}]},{"@type":"WebSite","@id":"https:\/\/de-vv.com\/cermontrouge\/#website","url":"https:\/\/de-vv.com\/cermontrouge\/","name":"AK Auto-moto-\u00e9cole","description":"votre auto-\u00e9cole \u00e0 Montrouge","potentialAction":[{"@type":"SearchAction","target":{"@type":"EntryPoint","urlTemplate":"https:\/\/de-vv.com\/cermontrouge\/?s={search_term_string}"},"query-input":"required name=search_term_string"}],"inLanguage":"fr-FR"}]}},"_links":{"self":[{"href":"https:\/\/de-vv.com\/cermontrouge\/wp-json\/wp\/v2\/pages\/169"}],"collection":[{"href":"https:\/\/de-vv.com\/cermontrouge\/wp-json\/wp\/v2\/pages"}],"about":[{"href":"https:\/\/de-vv.com\/cermontrouge\/wp-json\/wp\/v2\/types\/page"}],"author":[{"embeddable":true,"href":"https:\/\/de-vv.com\/cermontrouge\/wp-json\/wp\/v2\/users\/1"}],"replies":[{"embeddable":true,"href":"https:\/\/de-vv.com\/cermontrouge\/wp-json\/wp\/v2\/comments?post=169"}],"version-history":[{"count":7,"href":"https:\/\/de-vv.com\/cermontrouge\/wp-json\/wp\/v2\/pages\/169\/revisions"}],"predecessor-version":[{"id":270,"href":"https:\/\/de-vv.com\/cermontrouge\/wp-json\/wp\/v2\/pages\/169\/revisions\/270"}],"up":[{"embeddable":true,"href":"https:\/\/de-vv.com\/cermontrouge\/wp-json\/wp\/v2\/pages\/84"}],"wp:featuredmedia":[{"embeddable":true,"href":"https:\/\/de-vv.com\/cermontrouge\/wp-json\/wp\/v2\/media\/181"}],"wp:attachment":[{"href":"https:\/\/de-vv.com\/cermontrouge\/wp-json\/wp\/v2\/media?parent=169"}],"curies":[{"name":"wp","href":"https:\/\/api.w.org\/{rel}","templated":true}]}}