{"id":119,"date":"2026-04-18T15:12:48","date_gmt":"2026-04-18T13:12:48","guid":{"rendered":"https:\/\/de-vv.com\/chronopermis\/?page_id=119"},"modified":"2026-04-22T16:19:15","modified_gmt":"2026-04-22T14:19:15","slug":"informations-utiles","status":"publish","type":"page","link":"https:\/\/de-vv.com\/chronopermis\/informations-utiles\/","title":{"rendered":"Informations utiles"},"content":{"rendered":"","protected":false},"excerpt":{"rendered":"","protected":false},"author":1,"featured_media":190,"parent":0,"menu_order":0,"comment_status":"closed","ping_status":"closed","template":"","meta":{"footnotes":""},"class_list":["post-119","page","type-page","status-publish","has-post-thumbnail"],"yoast_head":"<!-- This site is optimized with the Yoast SEO plugin v27.4 - https:\/\/yoast.com\/product\/yoast-seo-wordpress\/ -->\n<title>Informations utiles - Chronopermis Pyr\u00e9n\u00e9es<\/title>\n<meta name=\"robots\" content=\"noindex, follow, max-snippet:-1, max-image-preview:large, max-video-preview:-1\" \/>\n<meta property=\"og:locale\" content=\"fr_FR\" \/>\n<meta property=\"og:type\" content=\"article\" \/>\n<meta property=\"og:title\" content=\"Informations utiles - Chronopermis Pyr\u00e9n\u00e9es\" \/>\n<meta property=\"og:url\" content=\"https:\/\/de-vv.com\/chronopermis\/informations-utiles\/\" \/>\n<meta property=\"og:site_name\" content=\"Chronopermis Pyr\u00e9n\u00e9es\" \/>\n<meta property=\"article:modified_time\" content=\"2026-04-22T14:19:15+00:00\" \/>\n<meta property=\"og:image\" content=\"https:\/\/de-vv.com\/chronopermis\/wp-content\/uploads\/2026\/04\/Chronopermis-favicon.png\" \/>\n\t<meta property=\"og:image:width\" content=\"925\" \/>\n\t<meta property=\"og:image:height\" content=\"925\" \/>\n\t<meta property=\"og:image:type\" content=\"image\/png\" \/>\n<meta name=\"twitter:card\" content=\"summary_large_image\" \/>\n<script type=\"application\/ld+json\" class=\"yoast-schema-graph\">{\"@context\":\"https:\\\/\\\/schema.org\",\"@graph\":[{\"@type\":\"WebPage\",\"@id\":\"https:\\\/\\\/de-vv.com\\\/chronopermis\\\/informations-utiles\\\/\",\"url\":\"https:\\\/\\\/de-vv.com\\\/chronopermis\\\/informations-utiles\\\/\",\"name\":\"Informations utiles - Chronopermis Pyr\u00e9n\u00e9es\",\"isPartOf\":{\"@id\":\"https:\\\/\\\/de-vv.com\\\/chronopermis\\\/#website\"},\"primaryImageOfPage\":{\"@id\":\"https:\\\/\\\/de-vv.com\\\/chronopermis\\\/informations-utiles\\\/#primaryimage\"},\"image\":{\"@id\":\"https:\\\/\\\/de-vv.com\\\/chronopermis\\\/informations-utiles\\\/#primaryimage\"},\"thumbnailUrl\":\"https:\\\/\\\/de-vv.com\\\/chronopermis\\\/wp-content\\\/uploads\\\/2026\\\/04\\\/Chronopermis-favicon.png\",\"datePublished\":\"2026-04-18T13:12:48+00:00\",\"dateModified\":\"2026-04-22T14:19:15+00:00\",\"breadcrumb\":{\"@id\":\"https:\\\/\\\/de-vv.com\\\/chronopermis\\\/informations-utiles\\\/#breadcrumb\"},\"inLanguage\":\"fr-FR\",\"potentialAction\":[{\"@type\":\"ReadAction\",\"target\":[\"https:\\\/\\\/de-vv.com\\\/chronopermis\\\/informations-utiles\\\/\"]}]},{\"@type\":\"ImageObject\",\"inLanguage\":\"fr-FR\",\"@id\":\"https:\\\/\\\/de-vv.com\\\/chronopermis\\\/informations-utiles\\\/#primaryimage\",\"url\":\"https:\\\/\\\/de-vv.com\\\/chronopermis\\\/wp-content\\\/uploads\\\/2026\\\/04\\\/Chronopermis-favicon.png\",\"contentUrl\":\"https:\\\/\\\/de-vv.com\\\/chronopermis\\\/wp-content\\\/uploads\\\/2026\\\/04\\\/Chronopermis-favicon.png\",\"width\":925,\"height\":925,\"caption\":\"Chronopermis favicon\"},{\"@type\":\"BreadcrumbList\",\"@id\":\"https:\\\/\\\/de-vv.com\\\/chronopermis\\\/informations-utiles\\\/#breadcrumb\",\"itemListElement\":[{\"@type\":\"ListItem\",\"position\":1,\"name\":\"Accueil\",\"item\":\"https:\\\/\\\/de-vv.com\\\/chronopermis\\\/\"},{\"@type\":\"ListItem\",\"position\":2,\"name\":\"Informations utiles\"}]},{\"@type\":\"WebSite\",\"@id\":\"https:\\\/\\\/de-vv.com\\\/chronopermis\\\/#website\",\"url\":\"https:\\\/\\\/de-vv.com\\\/chronopermis\\\/\",\"name\":\"Chronopermis Pyr\u00e9n\u00e9es\",\"description\":\"Auto-\u00e9cole | Paris 20\u00e8me arrondissement\",\"potentialAction\":[{\"@type\":\"SearchAction\",\"target\":{\"@type\":\"EntryPoint\",\"urlTemplate\":\"https:\\\/\\\/de-vv.com\\\/chronopermis\\\/?s={search_term_string}\"},\"query-input\":{\"@type\":\"PropertyValueSpecification\",\"valueRequired\":true,\"valueName\":\"search_term_string\"}}],\"inLanguage\":\"fr-FR\"}]}<\/script>\n<!-- \/ Yoast SEO plugin. -->","yoast_head_json":{"title":"Informations utiles - Chronopermis Pyr\u00e9n\u00e9es","robots":{"index":"noindex","follow":"follow","max-snippet":"max-snippet:-1","max-image-preview":"max-image-preview:large","max-video-preview":"max-video-preview:-1"},"og_locale":"fr_FR","og_type":"article","og_title":"Informations utiles - Chronopermis Pyr\u00e9n\u00e9es","og_url":"https:\/\/de-vv.com\/chronopermis\/informations-utiles\/","og_site_name":"Chronopermis Pyr\u00e9n\u00e9es","article_modified_time":"2026-04-22T14:19:15+00:00","og_image":[{"width":925,"height":925,"url":"https:\/\/de-vv.com\/chronopermis\/wp-content\/uploads\/2026\/04\/Chronopermis-favicon.png","type":"image\/png"}],"twitter_card":"summary_large_image","schema":{"@context":"https:\/\/schema.org","@graph":[{"@type":"WebPage","@id":"https:\/\/de-vv.com\/chronopermis\/informations-utiles\/","url":"https:\/\/de-vv.com\/chronopermis\/informations-utiles\/","name":"Informations utiles - Chronopermis Pyr\u00e9n\u00e9es","isPartOf":{"@id":"https:\/\/de-vv.com\/chronopermis\/#website"},"primaryImageOfPage":{"@id":"https:\/\/de-vv.com\/chronopermis\/informations-utiles\/#primaryimage"},"image":{"@id":"https:\/\/de-vv.com\/chronopermis\/informations-utiles\/#primaryimage"},"thumbnailUrl":"https:\/\/de-vv.com\/chronopermis\/wp-content\/uploads\/2026\/04\/Chronopermis-favicon.png","datePublished":"2026-04-18T13:12:48+00:00","dateModified":"2026-04-22T14:19:15+00:00","breadcrumb":{"@id":"https:\/\/de-vv.com\/chronopermis\/informations-utiles\/#breadcrumb"},"inLanguage":"fr-FR","potentialAction":[{"@type":"ReadAction","target":["https:\/\/de-vv.com\/chronopermis\/informations-utiles\/"]}]},{"@type":"ImageObject","inLanguage":"fr-FR","@id":"https:\/\/de-vv.com\/chronopermis\/informations-utiles\/#primaryimage","url":"https:\/\/de-vv.com\/chronopermis\/wp-content\/uploads\/2026\/04\/Chronopermis-favicon.png","contentUrl":"https:\/\/de-vv.com\/chronopermis\/wp-content\/uploads\/2026\/04\/Chronopermis-favicon.png","width":925,"height":925,"caption":"Chronopermis favicon"},{"@type":"BreadcrumbList","@id":"https:\/\/de-vv.com\/chronopermis\/informations-utiles\/#breadcrumb","itemListElement":[{"@type":"ListItem","position":1,"name":"Accueil","item":"https:\/\/de-vv.com\/chronopermis\/"},{"@type":"ListItem","position":2,"name":"Informations utiles"}]},{"@type":"WebSite","@id":"https:\/\/de-vv.com\/chronopermis\/#website","url":"https:\/\/de-vv.com\/chronopermis\/","name":"Chronopermis Pyr\u00e9n\u00e9es","description":"Auto-\u00e9cole | Paris 20\u00e8me arrondissement","potentialAction":[{"@type":"SearchAction","target":{"@type":"EntryPoint","urlTemplate":"https:\/\/de-vv.com\/chronopermis\/?s={search_term_string}"},"query-input":{"@type":"PropertyValueSpecification","valueRequired":true,"valueName":"search_term_string"}}],"inLanguage":"fr-FR"}]}},"_links":{"self":[{"href":"https:\/\/de-vv.com\/chronopermis\/wp-json\/wp\/v2\/pages\/119","targetHints":{"allow":["GET"]}}],"collection":[{"href":"https:\/\/de-vv.com\/chronopermis\/wp-json\/wp\/v2\/pages"}],"about":[{"href":"https:\/\/de-vv.com\/chronopermis\/wp-json\/wp\/v2\/types\/page"}],"author":[{"embeddable":true,"href":"https:\/\/de-vv.com\/chronopermis\/wp-json\/wp\/v2\/users\/1"}],"replies":[{"embeddable":true,"href":"https:\/\/de-vv.com\/chronopermis\/wp-json\/wp\/v2\/comments?post=119"}],"version-history":[{"count":1,"href":"https:\/\/de-vv.com\/chronopermis\/wp-json\/wp\/v2\/pages\/119\/revisions"}],"predecessor-version":[{"id":120,"href":"https:\/\/de-vv.com\/chronopermis\/wp-json\/wp\/v2\/pages\/119\/revisions\/120"}],"wp:featuredmedia":[{"embeddable":true,"href":"https:\/\/de-vv.com\/chronopermis\/wp-json\/wp\/v2\/media\/190"}],"wp:attachment":[{"href":"https:\/\/de-vv.com\/chronopermis\/wp-json\/wp\/v2\/media?parent=119"}],"curies":[{"name":"wp","href":"https:\/\/api.w.org\/{rel}","templated":true}]}}