{"id":225,"date":"2023-03-26T09:15:35","date_gmt":"2023-03-26T07:15:35","guid":{"rendered":"https:\/\/de-vv.com\/driven\/?page_id=225"},"modified":"2023-03-26T09:15:35","modified_gmt":"2023-03-26T07:15:35","slug":"code-offert","status":"publish","type":"page","link":"https:\/\/de-vv.com\/driven\/code-offert\/","title":{"rendered":"Code offert"},"content":{"rendered":"[vc_row type=\u00a0\u00bbfull_width_background\u00a0\u00bb full_screen_row_position=\u00a0\u00bbmiddle\u00a0\u00bb column_margin=\u00a0\u00bbdefault\u00a0\u00bb bg_image=\u00a0\u00bb72&Prime; bg_position=\u00a0\u00bbleft top\u00a0\u00bb bg_repeat=\u00a0\u00bbno-repeat\u00a0\u00bb scene_position=\u00a0\u00bbcenter\u00a0\u00bb text_color=\u00a0\u00bblight\u00a0\u00bb text_align=\u00a0\u00bbleft\u00a0\u00bb overlay_strength=\u00a0\u00bb0.3&Prime; shape_divider_position=\u00a0\u00bbbottom\u00a0\u00bb bg_image_animation=\u00a0\u00bbnone\u00a0\u00bb shape_type=\u00a0\u00bb\u00a0\u00bb][vc_column column_padding=\u00a0\u00bbno-extra-padding\u00a0\u00bb column_padding_position=\u00a0\u00bball\u00a0\u00bb background_color_opacity=\u00a0\u00bb1&Prime; background_hover_color_opacity=\u00a0\u00bb1&Prime; column_link_target=\u00a0\u00bb_self\u00a0\u00bb column_shadow=\u00a0\u00bbnone\u00a0\u00bb column_border_radius=\u00a0\u00bbnone\u00a0\u00bb width=\u00a0\u00bb1\/1&Prime; tablet_width_inherit=\u00a0\u00bbdefault\u00a0\u00bb tablet_text_alignment=\u00a0\u00bbdefault\u00a0\u00bb phone_text_alignment=\u00a0\u00bbdefault\u00a0\u00bb overlay_strength=\u00a0\u00bb0.3&Prime; column_border_width=\u00a0\u00bbnone\u00a0\u00bb column_border_style=\u00a0\u00bbsolid\u00a0\u00bb bg_image_animation=\u00a0\u00bbnone\u00a0\u00bb][vc_row_inner column_margin=\u00a0\u00bbdefault\u00a0\u00bb text_align=\u00a0\u00bbleft\u00a0\u00bb][vc_column_inner column_padding=\u00a0\u00bbpadding-2-percent\u00a0\u00bb column_padding_position=\u00a0\u00bball\u00a0\u00bb background_color_opacity=\u00a0\u00bb1&Prime; background_hover_color_opacity=\u00a0\u00bb1&Prime; column_shadow=\u00a0\u00bbnone\u00a0\u00bb column_border_radius=\u00a0\u00bbnone\u00a0\u00bb column_link_target=\u00a0\u00bb_self\u00a0\u00bb width=\u00a0\u00bb1\/1&Prime; tablet_width_inherit=\u00a0\u00bbdefault\u00a0\u00bb overlay_strength=\u00a0\u00bb0.3&Prime; column_border_width=\u00a0\u00bbnone\u00a0\u00bb column_border_style=\u00a0\u00bbsolid\u00a0\u00bb bg_image_animation=\u00a0\u00bbnone\u00a0\u00bb offset=\u00a0\u00bbvc_hidden-sm vc_hidden-xs\u00a0\u00bb][divider line_type=\u00a0\u00bbNo Line\u00a0\u00bb custom_height=\u00a0\u00bb80&Prime;][\/vc_column_inner][\/vc_row_inner][vc_row_inner equal_height=\u00a0\u00bbyes\u00a0\u00bb content_placement=\u00a0\u00bbmiddle\u00a0\u00bb column_margin=\u00a0\u00bbdefault\u00a0\u00bb bottom_padding=\u00a0\u00bb20&Prime; text_align=\u00a0\u00bbleft\u00a0\u00bb][vc_column_inner column_padding=\u00a0\u00bbpadding-2-percent\u00a0\u00bb column_padding_position=\u00a0\u00bball\u00a0\u00bb background_color_opacity=\u00a0\u00bb1&Prime; background_hover_color_opacity=\u00a0\u00bb1&Prime; column_shadow=\u00a0\u00bbnone\u00a0\u00bb column_border_radius=\u00a0\u00bbnone\u00a0\u00bb column_link_target=\u00a0\u00bb_self\u00a0\u00bb width=\u00a0\u00bb2\/3&Prime; tablet_width_inherit=\u00a0\u00bbdefault\u00a0\u00bb overlay_strength=\u00a0\u00bb0.3&Prime; column_border_width=\u00a0\u00bbnone\u00a0\u00bb column_border_style=\u00a0\u00bbsolid\u00a0\u00bb bg_image_animation=\u00a0\u00bbnone\u00a0\u00bb][vc_column_text]\n<h3 style=\"color: #eb671a;\">Pour toute souscription \u00e0 un forfait<\/h3>\n<h1><em>VOTRE CODE DE LA ROUTE OFFERT<\/em><\/h1>\n<p>Pour toute souscription \u00e0 un de nos <a href=\"https:\/\/de-vv.com\/driven\/permis-boite-manuelle\/\" target=\"_blank\" rel=\"noopener\">forfaits bo\u00eete manuelle<\/a> ou <a href=\"https:\/\/de-vv.com\/driven\/permis-boite-automatique\/\" target=\"_blank\" rel=\"noopener\">bo\u00eete automatique<\/a>, l&rsquo;Auto-\u00e9cole Driven vous offre votre formation au code de la route : code en salle et code en ligne, sur internet.[\/vc_column_text][nectar_btn size=\u00a0\u00bblarge\u00a0\u00bb button_style=\u00a0\u00bbregular\u00a0\u00bb button_color_2=\u00a0\u00bbExtra-Color-1&Prime; solid_text_color_override=\u00a0\u00bb#373736&Prime; icon_family=\u00a0\u00bbdefault_arrow\u00a0\u00bb url=\u00a0\u00bbhttps:\/\/de-vv.com\/driven\/contact\/\u00a0\u00bb text=\u00a0\u00bbPrendre RDV\u00a0\u00bb margin_top=\u00a0\u00bb5&Prime; margin_right=\u00a0\u00bb15&Prime; margin_bottom=\u00a0\u00bb5&Prime;][nectar_btn size=\u00a0\u00bblarge\u00a0\u00bb button_style=\u00a0\u00bbregular\u00a0\u00bb button_color_2=\u00a0\u00bbAccent-Color\u00a0\u00bb icon_family=\u00a0\u00bbfontawesome\u00a0\u00bb url=\u00a0\u00bbtel:01.75.38.87.09&Prime; text=\u00a0\u00bb01 75 38 87 09&Prime; icon_fontawesome=\u00a0\u00bbfa fa-mobile\u00a0\u00bb margin_top=\u00a0\u00bb5&Prime; margin_right=\u00a0\u00bb10&Prime; margin_bottom=\u00a0\u00bb5&Prime;][\/vc_column_inner][vc_column_inner column_padding=\u00a0\u00bbpadding-2-percent\u00a0\u00bb column_padding_position=\u00a0\u00bball\u00a0\u00bb background_color_opacity=\u00a0\u00bb1&Prime; background_hover_color_opacity=\u00a0\u00bb1&Prime; column_shadow=\u00a0\u00bbnone\u00a0\u00bb column_border_radius=\u00a0\u00bbnone\u00a0\u00bb column_link_target=\u00a0\u00bb_self\u00a0\u00bb width=\u00a0\u00bb1\/3&Prime; tablet_width_inherit=\u00a0\u00bbdefault\u00a0\u00bb overlay_strength=\u00a0\u00bb0.3&Prime; column_border_width=\u00a0\u00bbnone\u00a0\u00bb column_border_style=\u00a0\u00bbsolid\u00a0\u00bb bg_image_animation=\u00a0\u00bbnone\u00a0\u00bb][image_with_animation image_url=\u00a0\u00bb130&Prime; alignment=\u00a0\u00bbcenter\u00a0\u00bb animation=\u00a0\u00bbFade In\u00a0\u00bb hover_animation=\u00a0\u00bbnone\u00a0\u00bb border_radius=\u00a0\u00bbnone\u00a0\u00bb box_shadow=\u00a0\u00bbnone\u00a0\u00bb image_loading=\u00a0\u00bblazy-load\u00a0\u00bb max_width=\u00a0\u00bb100%\u00a0\u00bb max_width_mobile=\u00a0\u00bbdefault\u00a0\u00bb][\/vc_column_inner][\/vc_row_inner][\/vc_column][\/vc_row]\n","protected":false},"excerpt":{"rendered":"<p>[vc_row type=\u00a0\u00bbfull_width_background\u00a0\u00bb full_screen_row_position=\u00a0\u00bbmiddle\u00a0\u00bb column_margin=\u00a0\u00bbdefault\u00a0\u00bb bg_image=\u00a0\u00bb72&Prime; bg_position=\u00a0\u00bbleft top\u00a0\u00bb bg_repeat=\u00a0\u00bbno-repeat\u00a0\u00bb scene_position=\u00a0\u00bbcenter\u00a0\u00bb text_color=\u00a0\u00bblight\u00a0\u00bb text_align=\u00a0\u00bbleft\u00a0\u00bb overlay_strength=\u00a0\u00bb0.3&Prime; shape_divider_position=\u00a0\u00bbbottom\u00a0\u00bb bg_image_animation=\u00a0\u00bbnone\u00a0\u00bb shape_type=\u00a0\u00bb\u00a0\u00bb][vc_column column_padding=\u00a0\u00bbno-extra-padding\u00a0\u00bb column_padding_position=\u00a0\u00bball\u00a0\u00bb background_color_opacity=\u00a0\u00bb1&Prime; background_hover_color_opacity=\u00a0\u00bb1&Prime; column_link_target=\u00a0\u00bb_self\u00a0\u00bb column_shadow=\u00a0\u00bbnone\u00a0\u00bb column_border_radius=\u00a0\u00bbnone\u00a0\u00bb width=\u00a0\u00bb1\/1&Prime; tablet_width_inherit=\u00a0\u00bbdefault\u00a0\u00bb tablet_text_alignment=\u00a0\u00bbdefault\u00a0\u00bb phone_text_alignment=\u00a0\u00bbdefault\u00a0\u00bb overlay_strength=\u00a0\u00bb0.3&Prime; column_border_width=\u00a0\u00bbnone\u00a0\u00bb column_border_style=\u00a0\u00bbsolid\u00a0\u00bb bg_image_animation=\u00a0\u00bbnone\u00a0\u00bb][vc_row_inner&#8230;<\/p>\n","protected":false},"author":1,"featured_media":130,"parent":0,"menu_order":0,"comment_status":"closed","ping_status":"closed","template":"","meta":[],"yoast_head":"<!-- This site is optimized with the Yoast SEO plugin v21.8.1 - https:\/\/yoast.com\/wordpress\/plugins\/seo\/ -->\n<title>Code de la route gratuit - Auto-\u00e9cole Driven \u00e0 Beaumont-sur-Oise<\/title>\n<meta name=\"description\" content=\"Votre formation au code de la route offert pour toute souscription d&#039;un forfait au sein de l&#039;Auto-\u00e9cole Driven \u00e0 Beaumont-sur-Oise (95).\" \/>\n<meta name=\"robots\" content=\"noindex, follow, max-snippet:-1, max-image-preview:large, max-video-preview:-1\" \/>\n<meta property=\"og:locale\" content=\"fr_FR\" \/>\n<meta property=\"og:type\" content=\"article\" \/>\n<meta property=\"og:title\" content=\"Code de la route gratuit - Auto-\u00e9cole Driven \u00e0 Beaumont-sur-Oise\" \/>\n<meta property=\"og:description\" content=\"Votre formation au code de la route offert pour toute souscription d&#039;un forfait au sein de l&#039;Auto-\u00e9cole Driven \u00e0 Beaumont-sur-Oise (95).\" \/>\n<meta property=\"og:url\" content=\"https:\/\/de-vv.com\/driven\/code-offert\/\" \/>\n<meta property=\"og:site_name\" content=\"Auto-\u00e9cole Driven\" \/>\n<meta property=\"og:image\" content=\"https:\/\/de-vv.com\/driven\/wp-content\/uploads\/2023\/03\/Code-offert.png\" \/>\n\t<meta property=\"og:image:width\" content=\"600\" \/>\n\t<meta property=\"og:image:height\" content=\"400\" \/>\n\t<meta property=\"og:image:type\" content=\"image\/png\" \/>\n<meta name=\"twitter:card\" content=\"summary_large_image\" \/>\n<meta name=\"twitter:label1\" content=\"Dur\u00e9e de lecture estim\u00e9e\" \/>\n\t<meta name=\"twitter:data1\" content=\"1 minute\" \/>\n<script type=\"application\/ld+json\" class=\"yoast-schema-graph\">{\"@context\":\"https:\/\/schema.org\",\"@graph\":[{\"@type\":\"WebPage\",\"@id\":\"https:\/\/de-vv.com\/driven\/code-offert\/\",\"url\":\"https:\/\/de-vv.com\/driven\/code-offert\/\",\"name\":\"Code de la route gratuit - Auto-\u00e9cole Driven \u00e0 Beaumont-sur-Oise\",\"isPartOf\":{\"@id\":\"https:\/\/de-vv.com\/driven\/#website\"},\"datePublished\":\"2023-03-26T07:15:35+00:00\",\"dateModified\":\"2023-03-26T07:15:35+00:00\",\"description\":\"Votre formation au code de la route offert pour toute souscription d'un forfait au sein de l'Auto-\u00e9cole Driven \u00e0 Beaumont-sur-Oise (95).\",\"breadcrumb\":{\"@id\":\"https:\/\/de-vv.com\/driven\/code-offert\/#breadcrumb\"},\"inLanguage\":\"fr-FR\",\"potentialAction\":[{\"@type\":\"ReadAction\",\"target\":[\"https:\/\/de-vv.com\/driven\/code-offert\/\"]}]},{\"@type\":\"BreadcrumbList\",\"@id\":\"https:\/\/de-vv.com\/driven\/code-offert\/#breadcrumb\",\"itemListElement\":[{\"@type\":\"ListItem\",\"position\":1,\"name\":\"Accueil\",\"item\":\"https:\/\/de-vv.com\/driven\/\"},{\"@type\":\"ListItem\",\"position\":2,\"name\":\"Code offert\"}]},{\"@type\":\"WebSite\",\"@id\":\"https:\/\/de-vv.com\/driven\/#website\",\"url\":\"https:\/\/de-vv.com\/driven\/\",\"name\":\"Auto-\u00e9cole Driven\",\"description\":\"Auto-\u00e9cole \u00e0 Beaumont-sur-Oise\",\"potentialAction\":[{\"@type\":\"SearchAction\",\"target\":{\"@type\":\"EntryPoint\",\"urlTemplate\":\"https:\/\/de-vv.com\/driven\/?s={search_term_string}\"},\"query-input\":\"required name=search_term_string\"}],\"inLanguage\":\"fr-FR\"}]}<\/script>\n<!-- \/ Yoast SEO plugin. -->","yoast_head_json":{"title":"Code de la route gratuit - Auto-\u00e9cole Driven \u00e0 Beaumont-sur-Oise","description":"Votre formation au code de la route offert pour toute souscription d'un forfait au sein de l'Auto-\u00e9cole Driven \u00e0 Beaumont-sur-Oise (95).","robots":{"index":"noindex","follow":"follow","max-snippet":"max-snippet:-1","max-image-preview":"max-image-preview:large","max-video-preview":"max-video-preview:-1"},"og_locale":"fr_FR","og_type":"article","og_title":"Code de la route gratuit - Auto-\u00e9cole Driven \u00e0 Beaumont-sur-Oise","og_description":"Votre formation au code de la route offert pour toute souscription d'un forfait au sein de l'Auto-\u00e9cole Driven \u00e0 Beaumont-sur-Oise (95).","og_url":"https:\/\/de-vv.com\/driven\/code-offert\/","og_site_name":"Auto-\u00e9cole Driven","og_image":[{"width":600,"height":400,"url":"https:\/\/de-vv.com\/driven\/wp-content\/uploads\/2023\/03\/Code-offert.png","type":"image\/png"}],"twitter_card":"summary_large_image","twitter_misc":{"Dur\u00e9e de lecture estim\u00e9e":"1 minute"},"schema":{"@context":"https:\/\/schema.org","@graph":[{"@type":"WebPage","@id":"https:\/\/de-vv.com\/driven\/code-offert\/","url":"https:\/\/de-vv.com\/driven\/code-offert\/","name":"Code de la route gratuit - Auto-\u00e9cole Driven \u00e0 Beaumont-sur-Oise","isPartOf":{"@id":"https:\/\/de-vv.com\/driven\/#website"},"datePublished":"2023-03-26T07:15:35+00:00","dateModified":"2023-03-26T07:15:35+00:00","description":"Votre formation au code de la route offert pour toute souscription d'un forfait au sein de l'Auto-\u00e9cole Driven \u00e0 Beaumont-sur-Oise (95).","breadcrumb":{"@id":"https:\/\/de-vv.com\/driven\/code-offert\/#breadcrumb"},"inLanguage":"fr-FR","potentialAction":[{"@type":"ReadAction","target":["https:\/\/de-vv.com\/driven\/code-offert\/"]}]},{"@type":"BreadcrumbList","@id":"https:\/\/de-vv.com\/driven\/code-offert\/#breadcrumb","itemListElement":[{"@type":"ListItem","position":1,"name":"Accueil","item":"https:\/\/de-vv.com\/driven\/"},{"@type":"ListItem","position":2,"name":"Code offert"}]},{"@type":"WebSite","@id":"https:\/\/de-vv.com\/driven\/#website","url":"https:\/\/de-vv.com\/driven\/","name":"Auto-\u00e9cole Driven","description":"Auto-\u00e9cole \u00e0 Beaumont-sur-Oise","potentialAction":[{"@type":"SearchAction","target":{"@type":"EntryPoint","urlTemplate":"https:\/\/de-vv.com\/driven\/?s={search_term_string}"},"query-input":"required name=search_term_string"}],"inLanguage":"fr-FR"}]}},"_links":{"self":[{"href":"https:\/\/de-vv.com\/driven\/wp-json\/wp\/v2\/pages\/225"}],"collection":[{"href":"https:\/\/de-vv.com\/driven\/wp-json\/wp\/v2\/pages"}],"about":[{"href":"https:\/\/de-vv.com\/driven\/wp-json\/wp\/v2\/types\/page"}],"author":[{"embeddable":true,"href":"https:\/\/de-vv.com\/driven\/wp-json\/wp\/v2\/users\/1"}],"replies":[{"embeddable":true,"href":"https:\/\/de-vv.com\/driven\/wp-json\/wp\/v2\/comments?post=225"}],"version-history":[{"count":2,"href":"https:\/\/de-vv.com\/driven\/wp-json\/wp\/v2\/pages\/225\/revisions"}],"predecessor-version":[{"id":227,"href":"https:\/\/de-vv.com\/driven\/wp-json\/wp\/v2\/pages\/225\/revisions\/227"}],"wp:featuredmedia":[{"embeddable":true,"href":"https:\/\/de-vv.com\/driven\/wp-json\/wp\/v2\/media\/130"}],"wp:attachment":[{"href":"https:\/\/de-vv.com\/driven\/wp-json\/wp\/v2\/media?parent=225"}],"curies":[{"name":"wp","href":"https:\/\/api.w.org\/{rel}","templated":true}]}}