{"id":28,"date":"2022-05-22T09:51:24","date_gmt":"2022-05-22T07:51:24","guid":{"rendered":"https:\/\/de-vv.com\/drivingsek\/?page_id=28"},"modified":"2024-05-24T09:49:15","modified_gmt":"2024-05-24T07:49:15","slug":"mediateur","status":"publish","type":"page","link":"https:\/\/de-vv.com\/drivingsek\/mediateur\/","title":{"rendered":"M\u00e9diateur"},"content":{"rendered":"[vc_row type=\u00a0\u00bbin_container\u00a0\u00bb full_screen_row_position=\u00a0\u00bbmiddle\u00a0\u00bb column_margin=\u00a0\u00bbdefault\u00a0\u00bb scene_position=\u00a0\u00bbcenter\u00a0\u00bb text_color=\u00a0\u00bbdark\u00a0\u00bb text_align=\u00a0\u00bbleft\u00a0\u00bb overlay_strength=\u00a0\u00bb0.3&Prime; shape_divider_position=\u00a0\u00bbbottom\u00a0\u00bb bg_image_animation=\u00a0\u00bbnone\u00a0\u00bb][vc_column column_padding=\u00a0\u00bbno-extra-padding\u00a0\u00bb column_padding_position=\u00a0\u00bball\u00a0\u00bb background_color_opacity=\u00a0\u00bb1&Prime; background_hover_color_opacity=\u00a0\u00bb1&Prime; column_link_target=\u00a0\u00bb_self\u00a0\u00bb column_shadow=\u00a0\u00bbnone\u00a0\u00bb column_border_radius=\u00a0\u00bbnone\u00a0\u00bb width=\u00a0\u00bb1\/6&Prime; tablet_width_inherit=\u00a0\u00bbdefault\u00a0\u00bb tablet_text_alignment=\u00a0\u00bbdefault\u00a0\u00bb phone_text_alignment=\u00a0\u00bbdefault\u00a0\u00bb overlay_strength=\u00a0\u00bb0.3&Prime; column_border_width=\u00a0\u00bbnone\u00a0\u00bb column_border_style=\u00a0\u00bbsolid\u00a0\u00bb bg_image_animation=\u00a0\u00bbnone\u00a0\u00bb][\/vc_column][vc_column column_padding=\u00a0\u00bbpadding-3-percent\u00a0\u00bb column_padding_position=\u00a0\u00bball\u00a0\u00bb background_color_opacity=\u00a0\u00bb1&Prime; background_hover_color_opacity=\u00a0\u00bb1&Prime; column_link_target=\u00a0\u00bb_self\u00a0\u00bb column_shadow=\u00a0\u00bbnone\u00a0\u00bb column_border_radius=\u00a0\u00bbnone\u00a0\u00bb width=\u00a0\u00bb2\/3&Prime; tablet_width_inherit=\u00a0\u00bbdefault\u00a0\u00bb tablet_text_alignment=\u00a0\u00bbdefault\u00a0\u00bb phone_text_alignment=\u00a0\u00bbdefault\u00a0\u00bb overlay_strength=\u00a0\u00bb0.3&Prime; column_border_width=\u00a0\u00bbnone\u00a0\u00bb column_border_style=\u00a0\u00bbsolid\u00a0\u00bb bg_image_animation=\u00a0\u00bbnone\u00a0\u00bb][vc_column_text css=\u00a0\u00bb.vc_custom_1716536366977{padding-top: 20px !important;padding-bottom: 30px !important;}\u00a0\u00bb]\n<h2 style=\"color: #23423d;\"><span style=\"color: #f66933;\">M\u00e9diateur de la consommation<\/span><\/h2>\n[\/vc_column_text][vc_column_text css=\u00a0\u00bb.vc_custom_1716536793314{padding-bottom: 20px !important;}\u00a0\u00bb]En application des nouvelles obligations du code de la consommation, vous \u00eates inform\u00e9s qu\u2019en cas de litige, vous pouvez vous adresser \u00e0 notre m\u00e9diateur de la consommation :<\/p>\n<ul>\n<li>par courrier : Centre de m\u00e9diation et de cyber-services M\u00e9dicys,<br \/>\n73 boulevard de Clichy &#8211; 75009 Paris ;<\/li>\n<li>par mail : <a href=\"mailto:contact@medicys.fr\">contact@medicys.fr<\/a> ;<\/li>\n<li>par t\u00e9l\u00e9phone : <a href=\"tel:01.49.70.15.93\">01 49 70 15 93.<\/a><\/li>\n<\/ul>\n[\/vc_column_text][\/vc_column][vc_column column_padding=\u00a0\u00bbno-extra-padding\u00a0\u00bb column_padding_position=\u00a0\u00bball\u00a0\u00bb background_color_opacity=\u00a0\u00bb1&Prime; background_hover_color_opacity=\u00a0\u00bb1&Prime; column_link_target=\u00a0\u00bb_self\u00a0\u00bb column_shadow=\u00a0\u00bbnone\u00a0\u00bb column_border_radius=\u00a0\u00bbnone\u00a0\u00bb width=\u00a0\u00bb1\/6&Prime; tablet_width_inherit=\u00a0\u00bbdefault\u00a0\u00bb tablet_text_alignment=\u00a0\u00bbdefault\u00a0\u00bb phone_text_alignment=\u00a0\u00bbdefault\u00a0\u00bb overlay_strength=\u00a0\u00bb0.3&Prime; column_border_width=\u00a0\u00bbnone\u00a0\u00bb column_border_style=\u00a0\u00bbsolid\u00a0\u00bb bg_image_animation=\u00a0\u00bbnone\u00a0\u00bb][\/vc_column][\/vc_row]\n","protected":false},"excerpt":{"rendered":"<p>[vc_row type=\u00a0\u00bbin_container\u00a0\u00bb full_screen_row_position=\u00a0\u00bbmiddle\u00a0\u00bb column_margin=\u00a0\u00bbdefault\u00a0\u00bb scene_position=\u00a0\u00bbcenter\u00a0\u00bb text_color=\u00a0\u00bbdark\u00a0\u00bb text_align=\u00a0\u00bbleft\u00a0\u00bb overlay_strength=\u00a0\u00bb0.3&Prime; shape_divider_position=\u00a0\u00bbbottom\u00a0\u00bb bg_image_animation=\u00a0\u00bbnone\u00a0\u00bb][vc_column column_padding=\u00a0\u00bbno-extra-padding\u00a0\u00bb column_padding_position=\u00a0\u00bball\u00a0\u00bb background_color_opacity=\u00a0\u00bb1&Prime; background_hover_color_opacity=\u00a0\u00bb1&Prime; column_link_target=\u00a0\u00bb_self\u00a0\u00bb column_shadow=\u00a0\u00bbnone\u00a0\u00bb column_border_radius=\u00a0\u00bbnone\u00a0\u00bb width=\u00a0\u00bb1\/6&Prime; tablet_width_inherit=\u00a0\u00bbdefault\u00a0\u00bb tablet_text_alignment=\u00a0\u00bbdefault\u00a0\u00bb phone_text_alignment=\u00a0\u00bbdefault\u00a0\u00bb overlay_strength=\u00a0\u00bb0.3&Prime; column_border_width=\u00a0\u00bbnone\u00a0\u00bb column_border_style=\u00a0\u00bbsolid\u00a0\u00bb bg_image_animation=\u00a0\u00bbnone\u00a0\u00bb][\/vc_column][vc_column column_padding=\u00a0\u00bbpadding-3-percent\u00a0\u00bb column_padding_position=\u00a0\u00bball\u00a0\u00bb background_color_opacity=\u00a0\u00bb1&Prime; background_hover_color_opacity=\u00a0\u00bb1&Prime; column_link_target=\u00a0\u00bb_self\u00a0\u00bb&#8230;<\/p>\n","protected":false},"author":1,"featured_media":336,"parent":0,"menu_order":0,"comment_status":"closed","ping_status":"closed","template":"","meta":{"footnotes":""},"yoast_head":"<!-- This site is optimized with the Yoast SEO plugin v24.5 - https:\/\/yoast.com\/wordpress\/plugins\/seo\/ -->\n<title>M\u00e9diateur de la consommation - Auto-\u00e9cole Driving SEK \u00e0 Poissy<\/title>\n<meta name=\"description\" content=\"L&#039;Auto-\u00e9cole Drivin Sek \u00e0 Poissy dispose d&#039;un m\u00e9diateur de la consommation que vous pouvez saisir en cas de litige.\" \/>\n<meta name=\"robots\" content=\"noindex, follow, max-snippet:-1, max-image-preview:large, max-video-preview:-1\" \/>\n<meta property=\"og:locale\" content=\"fr_FR\" \/>\n<meta property=\"og:type\" content=\"article\" \/>\n<meta property=\"og:title\" content=\"M\u00e9diateur de la consommation - Auto-\u00e9cole Driving SEK \u00e0 Poissy\" \/>\n<meta property=\"og:description\" content=\"L&#039;Auto-\u00e9cole Drivin Sek \u00e0 Poissy dispose d&#039;un m\u00e9diateur de la consommation que vous pouvez saisir en cas de litige.\" \/>\n<meta property=\"og:url\" content=\"https:\/\/de-vv.com\/drivingsek\/mediateur\/\" \/>\n<meta property=\"og:site_name\" content=\"Auto-\u00e9cole Driving SEK \u00e0 Poissy\" \/>\n<meta property=\"article:modified_time\" content=\"2024-05-24T07:49:15+00:00\" \/>\n<meta property=\"og:image\" content=\"https:\/\/de-vv.com\/drivingsek\/wp-content\/uploads\/2024\/05\/cropped-logo-Auto-ecole-Driving-SEK.png\" \/>\n\t<meta property=\"og:image:width\" content=\"512\" \/>\n\t<meta property=\"og:image:height\" content=\"512\" \/>\n\t<meta property=\"og:image:type\" content=\"image\/png\" \/>\n<meta name=\"twitter:card\" content=\"summary_large_image\" \/>\n<meta name=\"twitter:label1\" content=\"Dur\u00e9e de lecture estim\u00e9e\" \/>\n\t<meta name=\"twitter:data1\" content=\"1 minute\" \/>\n<script type=\"application\/ld+json\" class=\"yoast-schema-graph\">{\"@context\":\"https:\/\/schema.org\",\"@graph\":[{\"@type\":\"WebPage\",\"@id\":\"https:\/\/de-vv.com\/drivingsek\/mediateur\/\",\"url\":\"https:\/\/de-vv.com\/drivingsek\/mediateur\/\",\"name\":\"M\u00e9diateur de la consommation - Auto-\u00e9cole Driving SEK \u00e0 Poissy\",\"isPartOf\":{\"@id\":\"http:\/\/de-vv.com\/drivingsek\/#website\"},\"primaryImageOfPage\":{\"@id\":\"https:\/\/de-vv.com\/drivingsek\/mediateur\/#primaryimage\"},\"image\":{\"@id\":\"https:\/\/de-vv.com\/drivingsek\/mediateur\/#primaryimage\"},\"thumbnailUrl\":\"https:\/\/de-vv.com\/drivingsek\/wp-content\/uploads\/2024\/05\/cropped-logo-Auto-ecole-Driving-SEK.png\",\"datePublished\":\"2022-05-22T07:51:24+00:00\",\"dateModified\":\"2024-05-24T07:49:15+00:00\",\"description\":\"L'Auto-\u00e9cole Drivin Sek \u00e0 Poissy dispose d'un m\u00e9diateur de la consommation que vous pouvez saisir en cas de litige.\",\"breadcrumb\":{\"@id\":\"https:\/\/de-vv.com\/drivingsek\/mediateur\/#breadcrumb\"},\"inLanguage\":\"fr-FR\",\"potentialAction\":[{\"@type\":\"ReadAction\",\"target\":[\"https:\/\/de-vv.com\/drivingsek\/mediateur\/\"]}]},{\"@type\":\"ImageObject\",\"inLanguage\":\"fr-FR\",\"@id\":\"https:\/\/de-vv.com\/drivingsek\/mediateur\/#primaryimage\",\"url\":\"https:\/\/de-vv.com\/drivingsek\/wp-content\/uploads\/2024\/05\/cropped-logo-Auto-ecole-Driving-SEK.png\",\"contentUrl\":\"https:\/\/de-vv.com\/drivingsek\/wp-content\/uploads\/2024\/05\/cropped-logo-Auto-ecole-Driving-SEK.png\",\"width\":512,\"height\":512,\"caption\":\"logo Auto-\u00e9cole Driving SEK\"},{\"@type\":\"BreadcrumbList\",\"@id\":\"https:\/\/de-vv.com\/drivingsek\/mediateur\/#breadcrumb\",\"itemListElement\":[{\"@type\":\"ListItem\",\"position\":1,\"name\":\"Accueil\",\"item\":\"http:\/\/de-vv.com\/drivingsek\/\"},{\"@type\":\"ListItem\",\"position\":2,\"name\":\"M\u00e9diateur\"}]},{\"@type\":\"WebSite\",\"@id\":\"http:\/\/de-vv.com\/drivingsek\/#website\",\"url\":\"http:\/\/de-vv.com\/drivingsek\/\",\"name\":\"Auto-\u00e9cole Driving SEK \u00e0 Poissy\",\"description\":\"Formation au permis de conduire\",\"potentialAction\":[{\"@type\":\"SearchAction\",\"target\":{\"@type\":\"EntryPoint\",\"urlTemplate\":\"http:\/\/de-vv.com\/drivingsek\/?s={search_term_string}\"},\"query-input\":{\"@type\":\"PropertyValueSpecification\",\"valueRequired\":true,\"valueName\":\"search_term_string\"}}],\"inLanguage\":\"fr-FR\"}]}<\/script>\n<!-- \/ Yoast SEO plugin. -->","yoast_head_json":{"title":"M\u00e9diateur de la consommation - Auto-\u00e9cole Driving SEK \u00e0 Poissy","description":"L'Auto-\u00e9cole Drivin Sek \u00e0 Poissy dispose d'un m\u00e9diateur de la consommation que vous pouvez saisir en cas de litige.","robots":{"index":"noindex","follow":"follow","max-snippet":"max-snippet:-1","max-image-preview":"max-image-preview:large","max-video-preview":"max-video-preview:-1"},"og_locale":"fr_FR","og_type":"article","og_title":"M\u00e9diateur de la consommation - Auto-\u00e9cole Driving SEK \u00e0 Poissy","og_description":"L'Auto-\u00e9cole Drivin Sek \u00e0 Poissy dispose d'un m\u00e9diateur de la consommation que vous pouvez saisir en cas de litige.","og_url":"https:\/\/de-vv.com\/drivingsek\/mediateur\/","og_site_name":"Auto-\u00e9cole Driving SEK \u00e0 Poissy","article_modified_time":"2024-05-24T07:49:15+00:00","og_image":[{"width":512,"height":512,"url":"https:\/\/de-vv.com\/drivingsek\/wp-content\/uploads\/2024\/05\/cropped-logo-Auto-ecole-Driving-SEK.png","type":"image\/png"}],"twitter_card":"summary_large_image","twitter_misc":{"Dur\u00e9e de lecture estim\u00e9e":"1 minute"},"schema":{"@context":"https:\/\/schema.org","@graph":[{"@type":"WebPage","@id":"https:\/\/de-vv.com\/drivingsek\/mediateur\/","url":"https:\/\/de-vv.com\/drivingsek\/mediateur\/","name":"M\u00e9diateur de la consommation - Auto-\u00e9cole Driving SEK \u00e0 Poissy","isPartOf":{"@id":"http:\/\/de-vv.com\/drivingsek\/#website"},"primaryImageOfPage":{"@id":"https:\/\/de-vv.com\/drivingsek\/mediateur\/#primaryimage"},"image":{"@id":"https:\/\/de-vv.com\/drivingsek\/mediateur\/#primaryimage"},"thumbnailUrl":"https:\/\/de-vv.com\/drivingsek\/wp-content\/uploads\/2024\/05\/cropped-logo-Auto-ecole-Driving-SEK.png","datePublished":"2022-05-22T07:51:24+00:00","dateModified":"2024-05-24T07:49:15+00:00","description":"L'Auto-\u00e9cole Drivin Sek \u00e0 Poissy dispose d'un m\u00e9diateur de la consommation que vous pouvez saisir en cas de litige.","breadcrumb":{"@id":"https:\/\/de-vv.com\/drivingsek\/mediateur\/#breadcrumb"},"inLanguage":"fr-FR","potentialAction":[{"@type":"ReadAction","target":["https:\/\/de-vv.com\/drivingsek\/mediateur\/"]}]},{"@type":"ImageObject","inLanguage":"fr-FR","@id":"https:\/\/de-vv.com\/drivingsek\/mediateur\/#primaryimage","url":"https:\/\/de-vv.com\/drivingsek\/wp-content\/uploads\/2024\/05\/cropped-logo-Auto-ecole-Driving-SEK.png","contentUrl":"https:\/\/de-vv.com\/drivingsek\/wp-content\/uploads\/2024\/05\/cropped-logo-Auto-ecole-Driving-SEK.png","width":512,"height":512,"caption":"logo Auto-\u00e9cole Driving SEK"},{"@type":"BreadcrumbList","@id":"https:\/\/de-vv.com\/drivingsek\/mediateur\/#breadcrumb","itemListElement":[{"@type":"ListItem","position":1,"name":"Accueil","item":"http:\/\/de-vv.com\/drivingsek\/"},{"@type":"ListItem","position":2,"name":"M\u00e9diateur"}]},{"@type":"WebSite","@id":"http:\/\/de-vv.com\/drivingsek\/#website","url":"http:\/\/de-vv.com\/drivingsek\/","name":"Auto-\u00e9cole Driving SEK \u00e0 Poissy","description":"Formation au permis de conduire","potentialAction":[{"@type":"SearchAction","target":{"@type":"EntryPoint","urlTemplate":"http:\/\/de-vv.com\/drivingsek\/?s={search_term_string}"},"query-input":{"@type":"PropertyValueSpecification","valueRequired":true,"valueName":"search_term_string"}}],"inLanguage":"fr-FR"}]}},"_links":{"self":[{"href":"https:\/\/de-vv.com\/drivingsek\/wp-json\/wp\/v2\/pages\/28"}],"collection":[{"href":"https:\/\/de-vv.com\/drivingsek\/wp-json\/wp\/v2\/pages"}],"about":[{"href":"https:\/\/de-vv.com\/drivingsek\/wp-json\/wp\/v2\/types\/page"}],"author":[{"embeddable":true,"href":"https:\/\/de-vv.com\/drivingsek\/wp-json\/wp\/v2\/users\/1"}],"replies":[{"embeddable":true,"href":"https:\/\/de-vv.com\/drivingsek\/wp-json\/wp\/v2\/comments?post=28"}],"version-history":[{"count":4,"href":"https:\/\/de-vv.com\/drivingsek\/wp-json\/wp\/v2\/pages\/28\/revisions"}],"predecessor-version":[{"id":379,"href":"https:\/\/de-vv.com\/drivingsek\/wp-json\/wp\/v2\/pages\/28\/revisions\/379"}],"wp:featuredmedia":[{"embeddable":true,"href":"https:\/\/de-vv.com\/drivingsek\/wp-json\/wp\/v2\/media\/336"}],"wp:attachment":[{"href":"https:\/\/de-vv.com\/drivingsek\/wp-json\/wp\/v2\/media?parent=28"}],"curies":[{"name":"wp","href":"https:\/\/api.w.org\/{rel}","templated":true}]}}