{"id":256,"date":"2025-02-26T21:03:33","date_gmt":"2025-02-26T20:03:33","guid":{"rendered":"https:\/\/de-vv.com\/franklin\/?page_id=256"},"modified":"2025-02-26T21:25:11","modified_gmt":"2025-02-26T20:25:11","slug":"auto-ecole-fontenay-sous-bois","status":"publish","type":"page","link":"https:\/\/de-vv.com\/franklin\/auto-ecole-fontenay-sous-bois\/","title":{"rendered":"Auto-\u00e9cole Fontenay-sous-Bois"},"content":{"rendered":"[vc_row type=\u00a0\u00bbfull_width_background\u00a0\u00bb full_screen_row_position=\u00a0\u00bbmiddle\u00a0\u00bb column_margin=\u00a0\u00bbdefault\u00a0\u00bb scene_position=\u00a0\u00bbcenter\u00a0\u00bb text_color=\u00a0\u00bbdark\u00a0\u00bb text_align=\u00a0\u00bbleft\u00a0\u00bb bottom_padding=\u00a0\u00bb40&Prime; overlay_strength=\u00a0\u00bb0.3&Prime; shape_divider_position=\u00a0\u00bbbottom\u00a0\u00bb bg_image_animation=\u00a0\u00bbnone\u00a0\u00bb shape_type=\u00a0\u00bb\u00a0\u00bb][vc_column column_padding=\u00a0\u00bbpadding-2-percent\u00a0\u00bb column_padding_position=\u00a0\u00bball\u00a0\u00bb background_color_opacity=\u00a0\u00bb1&Prime; background_hover_color_opacity=\u00a0\u00bb1&Prime; column_link_target=\u00a0\u00bb_self\u00a0\u00bb column_shadow=\u00a0\u00bbnone\u00a0\u00bb column_border_radius=\u00a0\u00bbnone\u00a0\u00bb width=\u00a0\u00bb1\/1&Prime; tablet_width_inherit=\u00a0\u00bbdefault\u00a0\u00bb tablet_text_alignment=\u00a0\u00bbdefault\u00a0\u00bb phone_text_alignment=\u00a0\u00bbdefault\u00a0\u00bb overlay_strength=\u00a0\u00bb0.3&Prime; column_border_width=\u00a0\u00bbnone\u00a0\u00bb column_border_style=\u00a0\u00bbsolid\u00a0\u00bb bg_image_animation=\u00a0\u00bbnone\u00a0\u00bb][vc_column_text css=\u00a0\u00bb.vc_custom_1740600308372{padding-top: 30px !important;padding-bottom: 20px !important;}\u00a0\u00bb]\n<h1 style=\"text-align: left;\">Votre auto-\u00e9cole \u00e0 Fontenay-sous-Bois<\/h1>\n[\/vc_column_text][vc_column_text]\n<p id=\"acceleree\" style=\"text-align: left;\">Vous habitez \u00e0 <strong>Fontenay-sous-Bois<\/strong>\u00a0et vous cherchez une <strong>auto-\u00e9cole<\/strong> afin de passer votre <strong>permis de conduire <\/strong>? L&rsquo;Auto-\u00e9cole Franklin \u2013 situ\u00e9e \u00e0 quelques m\u00e8tres de la station Mairie de Montreuil \u2013 est faite pour vous !<\/p>\n[\/vc_column_text][nectar_btn size=\u00a0\u00bblarge\u00a0\u00bb button_style=\u00a0\u00bbregular\u00a0\u00bb button_color_2=\u00a0\u00bbAccent-Color\u00a0\u00bb icon_family=\u00a0\u00bbnone\u00a0\u00bb url=\u00a0\u00bbtel:01.79.63.42.68&Prime; text=\u00a0\u00bb01 79 63 42 68&Prime;][vc_column_text]\n<h2 style=\"color: #333; text-align: left;\">Passez le permis \u00e0 Fontenay-sous-Bois<\/h2>\n[\/vc_column_text][vc_column_text]\n<p id=\"acceleree\" style=\"text-align: left;\">Que vous habitiez dans le quartier des <strong>Alouettes<\/strong>, de <strong>Bois Cadet<\/strong>, au <strong>Bois-Clos d&rsquo;Orl\u00e9ans<\/strong>, \u00e0 <strong>Jean Zay<\/strong>, \u00e0 <strong>H\u00f4tel de Ville<\/strong>, aux <strong>Larris<\/strong>, \u00e0 <strong>Pasteur-Rousseau<\/strong>\u00a0ou aux <strong>Rigollots<\/strong>, notre agence est tr\u00e8s facilement accessible \u00e0 pied ou en transports en commun (voir notre <a href=\"https:\/\/de-vv.com\/franklin\/contact\/\">plan d&rsquo;acc\u00e8s<\/a>). Nous sommes \u00e0 2 minutes \u00e0 pieds de la station Mairie de Montreuil (ligne 9).<\/p>\n[\/vc_column_text][vc_column_text]\n<p id=\"acceleree\" style=\"text-align: left;\">Vous \u00eates \u00e9tudiant au <strong>Lyc\u00e9e Jules Michelet<\/strong>\u00a0ou au <strong>Lyc\u00e9e Pablo Picasso<\/strong>\u00a0?\u00a0Nous nous ferons un plaisir de vous former \u00e0 la conduite et vous pr\u00e9parer \u00e0 l&rsquo;examen du permis de conduire.<\/p>\n[\/vc_column_text][vc_column_text]\n<h2 style=\"color: #333; text-align: left;\">Passez le permis de conduire \u00e0 Fontenay-sous-Bois<\/h2>\n[\/vc_column_text][vc_column_text]\n<p id=\"acceleree\" style=\"text-align: left;\">L&rsquo;auto-\u00e9cole Franklin forme les habitants de <strong>Fontenay-sous-Bois<\/strong>\u00a0\u00e0 la conduite et \u00e0 la s\u00e9curit\u00e9 routi\u00e8re, quelle que soit leur situation. Nous proposons des formations au permis de conduire traditionnelles, en <a href=\"https:\/\/de-vv.com\/franklin\/conduite-accompagnee\/\"><strong>conduite accompagn\u00e9e<\/strong><\/a> (d\u00e8s 15 ans) ou en <strong>conduite supervis\u00e9e<\/strong>\u00a0(\u00e0 partir de 18 ans).<\/p>\n<p>Ces formations peuvent avoir lieu sur un v\u00e9hicule \u00e9quip\u00e9e d&rsquo;une <a href=\"https:\/\/de-vv.com\/franklin\/permis-boite-manuelle\/\"><strong>bo\u00eete de vitesse manuelle<\/strong><\/a> ou d&rsquo;une <a href=\"https:\/\/de-vv.com\/franklin\/permis-boite-automatique\/\"><strong>bo\u00eete automatique<\/strong><\/a>. Nous nous adressons \u00e9galement aux personnes ayant un <strong>permis de conduire \u00e9tranger<\/strong> ou vous \u00eates en situation d&rsquo;<strong>annulation de permis<\/strong>.[\/vc_column_text][nectar_btn size=\u00a0\u00bblarge\u00a0\u00bb button_style=\u00a0\u00bbregular\u00a0\u00bb button_color_2=\u00a0\u00bbAccent-Color\u00a0\u00bb icon_family=\u00a0\u00bbnone\u00a0\u00bb url=\u00a0\u00bbtel:01.79.63.42.68&Prime; text=\u00a0\u00bb01 79 63 42 68&Prime;][vc_column_text]\n<h2 style=\"color: #333; text-align: left;\">Passez le permis en acc\u00e9l\u00e9r\u00e9 \u00e0 Fontenay-sous-Bois<\/h2>\n[\/vc_column_text][vc_column_text]\n<p id=\"acceleree\" style=\"text-align: left;\">Vous cherchez une <strong>auto-\u00e9cole<\/strong> qui vous permette de passer le <strong>permis de conduire rapidement \u00e0 Fontenay-sous-Bois<\/strong>. L&rsquo;auto-\u00e9cole Franklin est sp\u00e9cialis\u00e9e dans le <strong>permis de conduire en acc\u00e9l\u00e9r\u00e9<\/strong>. Nous proposons\u00a0des <strong>stages de conduite en acc\u00e9l\u00e9r\u00e9<\/strong> sur 10 jours (20 le\u00e7ons de conduite) et 20 jours (40 le\u00e7ons). Notre formule qui comprend de l&rsquo;\u00e9coute p\u00e9dagogique et une pr\u00e9paration intensive en vue de l&rsquo;examen permet d&rsquo;obtenir un <strong>excellent taux de r\u00e9ussite<\/strong>.<\/p>\n[\/vc_column_text][vc_column_text]\n<h2 style=\"color: #333; text-align: left;\">Passez le permis moto \u00e0 Fontenay-sous-Bois<\/h2>\n[\/vc_column_text][vc_column_text]\n<p id=\"moto\" style=\"text-align: left;\">Nous vous proposerons \u00e9galement une large gamme de <strong>formations au permis moto \u00e0 Fontenay-sous-Bois<\/strong> : le <a href=\"https:\/\/de-vv.com\/franklin\/permis-am-scooter\/\" target=\"_blank\" rel=\"noopener\">permis AM<\/a> (anciennement BSR) pour permettre de conduire un scooter 50 cm3 d\u00e8s l\u2019\u00e2ge de 15 ans), la <a href=\"https:\/\/de-vv.com\/franklin\/formation-125-cm3\/\" target=\"_blank\" rel=\"noopener\">formation 125 cm3<\/a> pour les titulaires du permis B depuis plus de deux ans, le <a href=\"https:\/\/de-vv.com\/franklin\/permis-moto-a1-a2\/\" target=\"_blank\" rel=\"noopener\">permis A1 et le permis A2<\/a>. Enfin, nous proposons la <a href=\"https:\/\/de-vv.com\/franklin\/passerelle-a2-vers-a\/\" target=\"_blank\" rel=\"noopener\">passerelle A2 vers A<\/a> pour vous permettre de conduire des motos de plus grosse cylindr\u00e9e.<\/p>\n[\/vc_column_text][\/vc_column][\/vc_row]\n","protected":false},"excerpt":{"rendered":"<p>[vc_row type=\u00a0\u00bbfull_width_background\u00a0\u00bb full_screen_row_position=\u00a0\u00bbmiddle\u00a0\u00bb column_margin=\u00a0\u00bbdefault\u00a0\u00bb scene_position=\u00a0\u00bbcenter\u00a0\u00bb text_color=\u00a0\u00bbdark\u00a0\u00bb text_align=\u00a0\u00bbleft\u00a0\u00bb bottom_padding=\u00a0\u00bb40&Prime; overlay_strength=\u00a0\u00bb0.3&Prime; shape_divider_position=\u00a0\u00bbbottom\u00a0\u00bb bg_image_animation=\u00a0\u00bbnone\u00a0\u00bb shape_type=\u00a0\u00bb\u00a0\u00bb][vc_column column_padding=\u00a0\u00bbpadding-2-percent\u00a0\u00bb column_padding_position=\u00a0\u00bball\u00a0\u00bb background_color_opacity=\u00a0\u00bb1&Prime; background_hover_color_opacity=\u00a0\u00bb1&Prime; column_link_target=\u00a0\u00bb_self\u00a0\u00bb column_shadow=\u00a0\u00bbnone\u00a0\u00bb column_border_radius=\u00a0\u00bbnone\u00a0\u00bb width=\u00a0\u00bb1\/1&Prime; tablet_width_inherit=\u00a0\u00bbdefault\u00a0\u00bb tablet_text_alignment=\u00a0\u00bbdefault\u00a0\u00bb phone_text_alignment=\u00a0\u00bbdefault\u00a0\u00bb overlay_strength=\u00a0\u00bb0.3&Prime; column_border_width=\u00a0\u00bbnone\u00a0\u00bb column_border_style=\u00a0\u00bbsolid\u00a0\u00bb bg_image_animation=\u00a0\u00bbnone\u00a0\u00bb][vc_column_text css=\u00a0\u00bb.vc_custom_1740600308372{padding-top: 30px !important;padding-bottom:&#8230;<\/p>\n","protected":false},"author":1,"featured_media":57,"parent":0,"menu_order":0,"comment_status":"closed","ping_status":"closed","template":"","meta":{"footnotes":""},"class_list":["post-256","page","type-page","status-publish","has-post-thumbnail"],"yoast_head":"<!-- This site is optimized with the Yoast SEO plugin v26.8 - https:\/\/yoast.com\/product\/yoast-seo-wordpress\/ -->\n<title>Auto-\u00e9cole \u00e0 Fontenay-sous-Bois - Auto-\u00e9cole Franklin<\/title>\n<meta name=\"description\" content=\"Vous cherchez une auto-\u00e9cole \u00e0 Fontenay-sous-Bois pour passer le permis auto ou moto, choisissez l&#039;Auto-\u00e9cole Franklin \u00e0 Montreuil.\" \/>\n<meta name=\"robots\" content=\"noindex, follow, max-snippet:-1, max-image-preview:large, max-video-preview:-1\" \/>\n<meta property=\"og:locale\" content=\"fr_FR\" \/>\n<meta property=\"og:type\" content=\"article\" \/>\n<meta property=\"og:title\" content=\"Auto-\u00e9cole \u00e0 Fontenay-sous-Bois - Auto-\u00e9cole Franklin\" \/>\n<meta property=\"og:description\" content=\"Vous cherchez une auto-\u00e9cole \u00e0 Fontenay-sous-Bois pour passer le permis auto ou moto, choisissez l&#039;Auto-\u00e9cole Franklin \u00e0 Montreuil.\" \/>\n<meta property=\"og:url\" content=\"https:\/\/de-vv.com\/franklin\/auto-ecole-fontenay-sous-bois\/\" \/>\n<meta property=\"og:site_name\" content=\"Auto-\u00e9cole Franklin\" \/>\n<meta property=\"article:modified_time\" content=\"2025-02-26T20:25:11+00:00\" \/>\n<meta property=\"og:image\" content=\"https:\/\/de-vv.com\/franklin\/wp-content\/uploads\/2025\/02\/Auto-ecole-Franklin-agence-3.jpeg\" \/>\n\t<meta property=\"og:image:width\" content=\"2016\" \/>\n\t<meta property=\"og:image:height\" content=\"1512\" \/>\n\t<meta property=\"og:image:type\" content=\"image\/jpeg\" \/>\n<meta name=\"twitter:card\" content=\"summary_large_image\" \/>\n<meta name=\"twitter:label1\" content=\"Dur\u00e9e de lecture estim\u00e9e\" \/>\n\t<meta name=\"twitter:data1\" content=\"3 minutes\" \/>\n<script type=\"application\/ld+json\" class=\"yoast-schema-graph\">{\"@context\":\"https:\/\/schema.org\",\"@graph\":[{\"@type\":\"WebPage\",\"@id\":\"https:\/\/de-vv.com\/franklin\/auto-ecole-fontenay-sous-bois\/\",\"url\":\"https:\/\/de-vv.com\/franklin\/auto-ecole-fontenay-sous-bois\/\",\"name\":\"Auto-\u00e9cole \u00e0 Fontenay-sous-Bois - Auto-\u00e9cole Franklin\",\"isPartOf\":{\"@id\":\"https:\/\/de-vv.com\/franklin\/#website\"},\"primaryImageOfPage\":{\"@id\":\"https:\/\/de-vv.com\/franklin\/auto-ecole-fontenay-sous-bois\/#primaryimage\"},\"image\":{\"@id\":\"https:\/\/de-vv.com\/franklin\/auto-ecole-fontenay-sous-bois\/#primaryimage\"},\"thumbnailUrl\":\"https:\/\/de-vv.com\/franklin\/wp-content\/uploads\/2025\/02\/Auto-ecole-Franklin-agence-3.jpeg\",\"datePublished\":\"2025-02-26T20:03:33+00:00\",\"dateModified\":\"2025-02-26T20:25:11+00:00\",\"description\":\"Vous cherchez une auto-\u00e9cole \u00e0 Fontenay-sous-Bois pour passer le permis auto ou moto, choisissez l'Auto-\u00e9cole Franklin \u00e0 Montreuil.\",\"breadcrumb\":{\"@id\":\"https:\/\/de-vv.com\/franklin\/auto-ecole-fontenay-sous-bois\/#breadcrumb\"},\"inLanguage\":\"fr-FR\",\"potentialAction\":[{\"@type\":\"ReadAction\",\"target\":[\"https:\/\/de-vv.com\/franklin\/auto-ecole-fontenay-sous-bois\/\"]}]},{\"@type\":\"ImageObject\",\"inLanguage\":\"fr-FR\",\"@id\":\"https:\/\/de-vv.com\/franklin\/auto-ecole-fontenay-sous-bois\/#primaryimage\",\"url\":\"https:\/\/de-vv.com\/franklin\/wp-content\/uploads\/2025\/02\/Auto-ecole-Franklin-agence-3.jpeg\",\"contentUrl\":\"https:\/\/de-vv.com\/franklin\/wp-content\/uploads\/2025\/02\/Auto-ecole-Franklin-agence-3.jpeg\",\"width\":2016,\"height\":1512,\"caption\":\"auto-\u00e9cole Bagnolet Vincennes Fontenay-sous-Bois Paris\"},{\"@type\":\"BreadcrumbList\",\"@id\":\"https:\/\/de-vv.com\/franklin\/auto-ecole-fontenay-sous-bois\/#breadcrumb\",\"itemListElement\":[{\"@type\":\"ListItem\",\"position\":1,\"name\":\"Accueil\",\"item\":\"https:\/\/de-vv.com\/franklin\/\"},{\"@type\":\"ListItem\",\"position\":2,\"name\":\"Auto-\u00e9cole Fontenay-sous-Bois\"}]},{\"@type\":\"WebSite\",\"@id\":\"https:\/\/de-vv.com\/franklin\/#website\",\"url\":\"https:\/\/de-vv.com\/franklin\/\",\"name\":\"Auto-\u00e9cole Franklin\",\"description\":\"votre auto-\u00e9cole \u00e0 la Mairie de Montreuil\",\"potentialAction\":[{\"@type\":\"SearchAction\",\"target\":{\"@type\":\"EntryPoint\",\"urlTemplate\":\"https:\/\/de-vv.com\/franklin\/?s={search_term_string}\"},\"query-input\":{\"@type\":\"PropertyValueSpecification\",\"valueRequired\":true,\"valueName\":\"search_term_string\"}}],\"inLanguage\":\"fr-FR\"}]}<\/script>\n<!-- \/ Yoast SEO plugin. -->","yoast_head_json":{"title":"Auto-\u00e9cole \u00e0 Fontenay-sous-Bois - Auto-\u00e9cole Franklin","description":"Vous cherchez une auto-\u00e9cole \u00e0 Fontenay-sous-Bois pour passer le permis auto ou moto, choisissez l'Auto-\u00e9cole Franklin \u00e0 Montreuil.","robots":{"index":"noindex","follow":"follow","max-snippet":"max-snippet:-1","max-image-preview":"max-image-preview:large","max-video-preview":"max-video-preview:-1"},"og_locale":"fr_FR","og_type":"article","og_title":"Auto-\u00e9cole \u00e0 Fontenay-sous-Bois - Auto-\u00e9cole Franklin","og_description":"Vous cherchez une auto-\u00e9cole \u00e0 Fontenay-sous-Bois pour passer le permis auto ou moto, choisissez l'Auto-\u00e9cole Franklin \u00e0 Montreuil.","og_url":"https:\/\/de-vv.com\/franklin\/auto-ecole-fontenay-sous-bois\/","og_site_name":"Auto-\u00e9cole Franklin","article_modified_time":"2025-02-26T20:25:11+00:00","og_image":[{"width":2016,"height":1512,"url":"https:\/\/de-vv.com\/franklin\/wp-content\/uploads\/2025\/02\/Auto-ecole-Franklin-agence-3.jpeg","type":"image\/jpeg"}],"twitter_card":"summary_large_image","twitter_misc":{"Dur\u00e9e de lecture estim\u00e9e":"3 minutes"},"schema":{"@context":"https:\/\/schema.org","@graph":[{"@type":"WebPage","@id":"https:\/\/de-vv.com\/franklin\/auto-ecole-fontenay-sous-bois\/","url":"https:\/\/de-vv.com\/franklin\/auto-ecole-fontenay-sous-bois\/","name":"Auto-\u00e9cole \u00e0 Fontenay-sous-Bois - Auto-\u00e9cole Franklin","isPartOf":{"@id":"https:\/\/de-vv.com\/franklin\/#website"},"primaryImageOfPage":{"@id":"https:\/\/de-vv.com\/franklin\/auto-ecole-fontenay-sous-bois\/#primaryimage"},"image":{"@id":"https:\/\/de-vv.com\/franklin\/auto-ecole-fontenay-sous-bois\/#primaryimage"},"thumbnailUrl":"https:\/\/de-vv.com\/franklin\/wp-content\/uploads\/2025\/02\/Auto-ecole-Franklin-agence-3.jpeg","datePublished":"2025-02-26T20:03:33+00:00","dateModified":"2025-02-26T20:25:11+00:00","description":"Vous cherchez une auto-\u00e9cole \u00e0 Fontenay-sous-Bois pour passer le permis auto ou moto, choisissez l'Auto-\u00e9cole Franklin \u00e0 Montreuil.","breadcrumb":{"@id":"https:\/\/de-vv.com\/franklin\/auto-ecole-fontenay-sous-bois\/#breadcrumb"},"inLanguage":"fr-FR","potentialAction":[{"@type":"ReadAction","target":["https:\/\/de-vv.com\/franklin\/auto-ecole-fontenay-sous-bois\/"]}]},{"@type":"ImageObject","inLanguage":"fr-FR","@id":"https:\/\/de-vv.com\/franklin\/auto-ecole-fontenay-sous-bois\/#primaryimage","url":"https:\/\/de-vv.com\/franklin\/wp-content\/uploads\/2025\/02\/Auto-ecole-Franklin-agence-3.jpeg","contentUrl":"https:\/\/de-vv.com\/franklin\/wp-content\/uploads\/2025\/02\/Auto-ecole-Franklin-agence-3.jpeg","width":2016,"height":1512,"caption":"auto-\u00e9cole Bagnolet Vincennes Fontenay-sous-Bois Paris"},{"@type":"BreadcrumbList","@id":"https:\/\/de-vv.com\/franklin\/auto-ecole-fontenay-sous-bois\/#breadcrumb","itemListElement":[{"@type":"ListItem","position":1,"name":"Accueil","item":"https:\/\/de-vv.com\/franklin\/"},{"@type":"ListItem","position":2,"name":"Auto-\u00e9cole Fontenay-sous-Bois"}]},{"@type":"WebSite","@id":"https:\/\/de-vv.com\/franklin\/#website","url":"https:\/\/de-vv.com\/franklin\/","name":"Auto-\u00e9cole Franklin","description":"votre auto-\u00e9cole \u00e0 la Mairie de Montreuil","potentialAction":[{"@type":"SearchAction","target":{"@type":"EntryPoint","urlTemplate":"https:\/\/de-vv.com\/franklin\/?s={search_term_string}"},"query-input":{"@type":"PropertyValueSpecification","valueRequired":true,"valueName":"search_term_string"}}],"inLanguage":"fr-FR"}]}},"_links":{"self":[{"href":"https:\/\/de-vv.com\/franklin\/wp-json\/wp\/v2\/pages\/256","targetHints":{"allow":["GET"]}}],"collection":[{"href":"https:\/\/de-vv.com\/franklin\/wp-json\/wp\/v2\/pages"}],"about":[{"href":"https:\/\/de-vv.com\/franklin\/wp-json\/wp\/v2\/types\/page"}],"author":[{"embeddable":true,"href":"https:\/\/de-vv.com\/franklin\/wp-json\/wp\/v2\/users\/1"}],"replies":[{"embeddable":true,"href":"https:\/\/de-vv.com\/franklin\/wp-json\/wp\/v2\/comments?post=256"}],"version-history":[{"count":3,"href":"https:\/\/de-vv.com\/franklin\/wp-json\/wp\/v2\/pages\/256\/revisions"}],"predecessor-version":[{"id":266,"href":"https:\/\/de-vv.com\/franklin\/wp-json\/wp\/v2\/pages\/256\/revisions\/266"}],"wp:featuredmedia":[{"embeddable":true,"href":"https:\/\/de-vv.com\/franklin\/wp-json\/wp\/v2\/media\/57"}],"wp:attachment":[{"href":"https:\/\/de-vv.com\/franklin\/wp-json\/wp\/v2\/media?parent=256"}],"curies":[{"name":"wp","href":"https:\/\/api.w.org\/{rel}","templated":true}]}}