{"id":45,"date":"2025-02-15T20:39:34","date_gmt":"2025-02-15T19:39:34","guid":{"rendered":"https:\/\/de-vv.com\/franklin\/?page_id=45"},"modified":"2025-02-26T18:57:55","modified_gmt":"2025-02-26T17:57:55","slug":"questions-frequentes","status":"publish","type":"page","link":"https:\/\/de-vv.com\/franklin\/questions-frequentes\/","title":{"rendered":"Questions fr\u00e9quentes"},"content":{"rendered":"[vc_row type=\u00a0\u00bbfull_width_content\u00a0\u00bb full_screen_row_position=\u00a0\u00bbmiddle\u00a0\u00bb equal_height=\u00a0\u00bbyes\u00a0\u00bb column_margin=\u00a0\u00bbnone\u00a0\u00bb bg_color=\u00a0\u00bb#ffffff\u00a0\u00bb scene_position=\u00a0\u00bbcenter\u00a0\u00bb text_color=\u00a0\u00bbdark\u00a0\u00bb text_align=\u00a0\u00bbleft\u00a0\u00bb class=\u00a0\u00bbmargin-form\u00a0\u00bb overlay_strength=\u00a0\u00bb1&Prime; shape_divider_position=\u00a0\u00bbbottom\u00a0\u00bb bg_image_animation=\u00a0\u00bbnone\u00a0\u00bb shape_type=\u00a0\u00bb\u00a0\u00bb][vc_column column_padding=\u00a0\u00bbpadding-4-percent\u00a0\u00bb column_padding_position=\u00a0\u00bball\u00a0\u00bb background_color=\u00a0\u00bb#ffffff\u00a0\u00bb background_color_opacity=\u00a0\u00bb1&Prime; background_hover_color_opacity=\u00a0\u00bb1&Prime; font_color=\u00a0\u00bb#040404&Prime; column_link_target=\u00a0\u00bb_self\u00a0\u00bb column_shadow=\u00a0\u00bbnone\u00a0\u00bb column_border_radius=\u00a0\u00bbnone\u00a0\u00bb width=\u00a0\u00bb2\/3&Prime; tablet_width_inherit=\u00a0\u00bbdefault\u00a0\u00bb tablet_text_alignment=\u00a0\u00bbdefault\u00a0\u00bb phone_text_alignment=\u00a0\u00bbdefault\u00a0\u00bb overlay_strength=\u00a0\u00bb0.3&Prime; column_border_width=\u00a0\u00bbnone\u00a0\u00bb column_border_style=\u00a0\u00bbsolid\u00a0\u00bb bg_image_animation=\u00a0\u00bbnone\u00a0\u00bb][vc_column_text css=\u00a0\u00bb.vc_custom_1739699118388{border-left-width: 2% !important;padding-right: 2% !important;}\u00a0\u00bb]\n<h1>Question fr\u00e9quentes<\/h1>\n[\/vc_column_text][divider line_type=\u00a0\u00bbSmall Line\u00a0\u00bb line_alignment=\u00a0\u00bbdefault\u00a0\u00bb line_thickness=\u00a0\u00bb2&Prime; divider_color=\u00a0\u00bbaccent-color\u00a0\u00bb animate=\u00a0\u00bbyes\u00a0\u00bb custom_height=\u00a0\u00bb20&Prime;][divider line_type=\u00a0\u00bbNo Line\u00a0\u00bb custom_height=\u00a0\u00bb20&Prime;][vc_column_text css=\u00a0\u00bb.vc_custom_1739699146703{border-left-width: 2% !important;padding-right: 2% !important;}\u00a0\u00bb]Retrouvez ci-dessous les r\u00e9ponses aux questions qui nous sont fr\u00e9quemment pos\u00e9es sur nos formations au permis auto et moto.[\/vc_column_text][toggles style=\u00a0\u00bbdefault\u00a0\u00bb][toggle color=\u00a0\u00bbDefault\u00a0\u00bb title=\u00a0\u00bbA quel \u00e2ge puis-je passer l&rsquo;examen du permis B ?\u00a0\u00bb][vc_column_text]Depuis janvier 2024, il est possible de passer l\u2019examen du permis de conduire \u00e0 partir de 17 ans. Une fois obtenu, vous pourrez en toute autonomie d\u00e8s 17 ans.[\/vc_column_text][\/toggle][toggle color=\u00a0\u00bbDefault\u00a0\u00bb title=\u00a0\u00bbJ&rsquo;ai un permis \u00e9tranger, suis-je oblig\u00e9 de prendre un forfait 20 heures ?\u00a0\u00bb][vc_column_text]Si votre permis n\u2019a pu \u00eatre \u00e9chang\u00e9, vous serez contraint de passer l&rsquo;examen de code et conduite, en fonction de votre niveau, nous proposons un forfait \u00e0 4h permis \u00e9tranger pour remise \u00e0 niveau et pr\u00e9paration.[\/vc_column_text][\/toggle][toggle color=\u00a0\u00bbDefault\u00a0\u00bb title=\u00a0\u00bbQuels risques sur la route ?\u00a0\u00bb][vc_column_text]Le saviez vous ? 2 accidents corporels sur 3 ont lieu \u00e0 proximit\u00e9 du domicile. 1 accident corporel sur 3, pour un tu\u00e9 sur 2, se produit la nuit. Cumuler alcool et cannabis, c\u2019est multiplier le risque d\u2019accident mortel par 15 ! 328 vies auraient pu \u00eatre sauv\u00e9es si elles avaient attach\u00e9 leurs ceintures de s\u00e9curit\u00e9. Rouler \u00e0 130 klm\/h au lieu de 120 klm\/h sur 100 klm ne fait gagner que 4 minutes ![\/vc_column_text][\/toggle][toggle color=\u00a0\u00bbDefault\u00a0\u00bb title=\u00a0\u00bbBient\u00f4t 15 ans ? Vous pouvez apprendre \u00e0 conduire !\u00a0\u00bb][vc_column_text]Voici quelques infos pratiques pour vous aider \u00e0 faire votre choix, comparer les avantages et les inconv\u00e9nients de chacune des formules de conduite accompagn\u00e9e (AAC, conduite supervis\u00e9e ou encadr\u00e9e. Les avantages de l\u2019AAC : Le taux de r\u00e9ussite d\u00e8s le premier passage \u00e0 l\u2019\u00e9preuve de conduite est de 70% pour les \u00e9l\u00e8ves ayant suivi l\u2019AAC, contre 52 % par la fili\u00e8re classique (chiffres DSCR). C\u00f4t\u00e9 assurance, une surprime r\u00e9duite \u00e0 50 % d\u00e8s la premi\u00e8re ann\u00e9e, puis \u00e0 25 % la deuxi\u00e8me ann\u00e9e et qui, s\u2019il n\u2019y a pas eu d\u2019accident, dispara\u00eet la troisi\u00e8me ann\u00e9e. La r\u00e9duction de la p\u00e9riode du permis probatoire de 3 \u00e0 2 ans. A partir d&rsquo;un capital initial de 6 points pour tout conducteur novice, l&rsquo;attribution du nombre maximal de 12 points se fait ensuite progressivement, \u00e0 raison de trois chaque ann\u00e9e pendant deux ans pour l\u2019AAC, contre deux chaque ann\u00e9e pendant trois ans pour ceux ayant suivi la fili\u00e8re classique, sous r\u00e9serve de ne pas avoir commis d&rsquo;infraction pendant la p\u00e9riode probatoire. Enfin, l\u2019occasion d\u2019acqu\u00e9rir une solide exp\u00e9rience de la conduite en situation r\u00e9elle avant de se lancer seul sur la route.[\/vc_column_text][\/toggle][toggle color=\u00a0\u00bbDefault\u00a0\u00bb title=\u00a0\u00bb\u00c0 quel \u00e2ge peut-on passer son code ?\u00a0\u00bb][vc_column_text]L\u2019\u00e2ge minimum requis pour passer l\u2019examen du code de la route et de 16 ans. Pour une conduite accompagn\u00e9e, c\u2019est \u00e0 partir de 15 ans.[\/vc_column_text][\/toggle][toggle color=\u00a0\u00bbDefault\u00a0\u00bb title=\u00a0\u00bbQuel est le d\u00e9roulement de l&rsquo;examen du code de la route ?\u00a0\u00bb][vc_column_text]L\u2019examen comporte 40 questions proposant chacune 2 \u00e0 4 possibilit\u00e9s de r\u00e9ponses (not\u00e9es A,B,C,D). Une question attend au moins une r\u00e9ponse, plusieurs propositions peuvent \u00eatre correctes, mais il y en a au moins une fausse. Afin d&rsquo;obtenir votre code de la route il vous faudra un minimum de 35 bonnes r\u00e9ponses ![\/vc_column_text][\/toggle][toggle color=\u00a0\u00bbDefault\u00a0\u00bb title=\u00a0\u00bbQuelles sont les consignes ?\u00a0\u00bb][vc_column_text]Le candidat est le conducteur de la voiture d\u2019o\u00f9 sont prises les photos. Sauf indication contraire, il est titulaire d\u2019un permis de conduire qui n\u2019est plus probatoire et circule \u00e0 une vitesse proche de la limite autoris\u00e9e.<\/p>\n<p>Dans les situations de d\u00e9passement, il roule plus vite que la voiture d\u00e9pass\u00e9e (20 km\/h environ) et les v\u00e9hicules qui le d\u00e9passent roulent \u00e9videmment plus vite que lui.<\/p>\n<p>Combien de fautes maximum autoris\u00e9es pour l\u2019obtention de l\u2019examen ? Il faut un minimum de 35 bonnes r\u00e9ponses (soit 5 fautes maximum)) pour r\u00e9ussir l\u2019examen du code. Le code est valable 3 ans dans la limite de 5 \u00e9preuves pratiques.[\/vc_column_text][\/toggle][\/toggles][\/vc_column][vc_column column_padding=\u00a0\u00bbpadding-4-percent\u00a0\u00bb column_padding_position=\u00a0\u00bball\u00a0\u00bb background_color_opacity=\u00a0\u00bb1&Prime; background_hover_color_opacity=\u00a0\u00bb1&Prime; background_image=\u00a0\u00bb57&Prime; enable_bg_scale=\u00a0\u00bbtrue\u00a0\u00bb column_link_target=\u00a0\u00bb_self\u00a0\u00bb column_shadow=\u00a0\u00bbnone\u00a0\u00bb column_border_radius=\u00a0\u00bbnone\u00a0\u00bb width=\u00a0\u00bb1\/3&Prime; tablet_width_inherit=\u00a0\u00bbdefault\u00a0\u00bb tablet_text_alignment=\u00a0\u00bbdefault\u00a0\u00bb phone_text_alignment=\u00a0\u00bbdefault\u00a0\u00bb color_overlay=\u00a0\u00bb#000000&Prime; overlay_strength=\u00a0\u00bb0.5&Prime; column_border_width=\u00a0\u00bbnone\u00a0\u00bb column_border_style=\u00a0\u00bbsolid\u00a0\u00bb bg_image_animation=\u00a0\u00bbnone\u00a0\u00bb][vc_row_inner column_margin=\u00a0\u00bbdefault\u00a0\u00bb bottom_padding=\u00a0\u00bb30&Prime; text_align=\u00a0\u00bbleft\u00a0\u00bb][vc_column_inner column_padding=\u00a0\u00bbno-extra-padding\u00a0\u00bb column_padding_position=\u00a0\u00bball\u00a0\u00bb background_color_opacity=\u00a0\u00bb1&Prime; background_hover_color_opacity=\u00a0\u00bb1&Prime; font_color=\u00a0\u00bb#ffffff\u00a0\u00bb column_shadow=\u00a0\u00bbnone\u00a0\u00bb column_border_radius=\u00a0\u00bbnone\u00a0\u00bb column_link_target=\u00a0\u00bb_self\u00a0\u00bb width=\u00a0\u00bb1\/1&Prime; tablet_width_inherit=\u00a0\u00bbdefault\u00a0\u00bb overlay_strength=\u00a0\u00bb0.3&Prime; column_border_width=\u00a0\u00bbnone\u00a0\u00bb column_border_style=\u00a0\u00bbsolid\u00a0\u00bb bg_image_animation=\u00a0\u00bbnone\u00a0\u00bb][vc_column_text]\n<h4><i class=\"fa fa-map-signs\" style=\"color: #bdd5ea;\"><\/i> O\u00f9 sommes-nous ?<\/h4>\n<p>Venez nous rencontrer dans notre agence de Montreuil :<br \/>\n10 avenue Walwein<br \/>\n93100 Montreuil[\/vc_column_text][image_with_animation image_url=\u00a0\u00bb226&Prime; alignment=\u00a0\u00bbcenter\u00a0\u00bb animation=\u00a0\u00bbNone\u00a0\u00bb img_link_target=\u00a0\u00bb_blank\u00a0\u00bb hover_animation=\u00a0\u00bbzoom\u00a0\u00bb border_radius=\u00a0\u00bb5px\u00a0\u00bb box_shadow=\u00a0\u00bbsmall_depth\u00a0\u00bb image_loading=\u00a0\u00bblazy-load\u00a0\u00bb max_width=\u00a0\u00bb100%\u00a0\u00bb max_width_mobile=\u00a0\u00bbdefault\u00a0\u00bb img_link=\u00a0\u00bbhttps:\/\/www.google.com\/maps\/dir\/\/Auto-\u00c9cole+Montreuil+Franklin+-+Organisme+de+Formation+CPF,+Avenue+Walwein,+Montreuil\/@48.8622862,2.4411097,1001m\/data=!3m1!1e3!4m9!4m8!1m0!1m5!1m1!1s0x47e66d5afaf12609:0x3adf8efbf39bc66!2m2!1d2.4440215!2d48.8622172!3e2?entry=ttu&amp;g_ep=EgoyMDI1MDIxMi4wIKXMDSoJLDEwMjExNDU1SAFQAw%3D%3D\u00a0\u00bb][\/vc_column_inner][\/vc_row_inner][vc_row_inner column_margin=\u00a0\u00bbdefault\u00a0\u00bb bottom_padding=\u00a0\u00bb30&Prime; text_align=\u00a0\u00bbleft\u00a0\u00bb][vc_column_inner column_padding=\u00a0\u00bbno-extra-padding\u00a0\u00bb column_padding_position=\u00a0\u00bball\u00a0\u00bb background_color_opacity=\u00a0\u00bb1&Prime; background_hover_color_opacity=\u00a0\u00bb1&Prime; font_color=\u00a0\u00bb#ffffff\u00a0\u00bb column_shadow=\u00a0\u00bbnone\u00a0\u00bb column_border_radius=\u00a0\u00bbnone\u00a0\u00bb bottom_margin=\u00a0\u00bb30&Prime; column_link_target=\u00a0\u00bb_self\u00a0\u00bb width=\u00a0\u00bb1\/1&Prime; tablet_width_inherit=\u00a0\u00bbdefault\u00a0\u00bb overlay_strength=\u00a0\u00bb0.3&Prime; column_border_width=\u00a0\u00bbnone\u00a0\u00bb column_border_style=\u00a0\u00bbsolid\u00a0\u00bb bg_image_animation=\u00a0\u00bbnone\u00a0\u00bb][vc_column_text]\n<h4><i class=\"fa fa-comments\" style=\"color: #bdd5ea;\"><\/i> Nos coordonn\u00e9es<\/h4>\n<p><a class=\"phone\" href=\"tel:01.79.63.42.68\">01 79 63 42 68<\/a><br \/>\n<a class=\"phone\" href=\"mailto:autoecole.franklin@hotmail.fr\">Envoyer un mail<\/a>[\/vc_column_text][\/vc_column_inner][\/vc_row_inner][vc_row_inner column_margin=\u00a0\u00bbdefault\u00a0\u00bb bottom_padding=\u00a0\u00bb30&Prime; text_align=\u00a0\u00bbleft\u00a0\u00bb][vc_column_inner column_padding=\u00a0\u00bbno-extra-padding\u00a0\u00bb column_padding_position=\u00a0\u00bball\u00a0\u00bb background_color_opacity=\u00a0\u00bb1&Prime; background_hover_color_opacity=\u00a0\u00bb1&Prime; font_color=\u00a0\u00bb#ffffff\u00a0\u00bb column_shadow=\u00a0\u00bbnone\u00a0\u00bb column_border_radius=\u00a0\u00bbnone\u00a0\u00bb column_link_target=\u00a0\u00bb_self\u00a0\u00bb width=\u00a0\u00bb1\/1&Prime; tablet_width_inherit=\u00a0\u00bbdefault\u00a0\u00bb overlay_strength=\u00a0\u00bb0.3&Prime; column_border_width=\u00a0\u00bbnone\u00a0\u00bb column_border_style=\u00a0\u00bbsolid\u00a0\u00bb bg_image_animation=\u00a0\u00bbnone\u00a0\u00bb][vc_column_text]\n<h4><i class=\"fa fa-clock\" style=\"color: #bdd5ea;\"><\/i> Nos horaires<\/h4>\n<p>Notre agence est ouverte :<\/p>\n<ul>\n<li>lundi-vendredi : 09h-13h &amp; 14-19h<\/li>\n<li>samedi : 09h-14h<\/li>\n<\/ul>\n[\/vc_column_text][\/vc_column_inner][\/vc_row_inner][\/vc_column][\/vc_row]\n","protected":false},"excerpt":{"rendered":"<p>[vc_row type=\u00a0\u00bbfull_width_content\u00a0\u00bb full_screen_row_position=\u00a0\u00bbmiddle\u00a0\u00bb equal_height=\u00a0\u00bbyes\u00a0\u00bb column_margin=\u00a0\u00bbnone\u00a0\u00bb bg_color=\u00a0\u00bb#ffffff\u00a0\u00bb scene_position=\u00a0\u00bbcenter\u00a0\u00bb text_color=\u00a0\u00bbdark\u00a0\u00bb text_align=\u00a0\u00bbleft\u00a0\u00bb class=\u00a0\u00bbmargin-form\u00a0\u00bb overlay_strength=\u00a0\u00bb1&Prime; shape_divider_position=\u00a0\u00bbbottom\u00a0\u00bb bg_image_animation=\u00a0\u00bbnone\u00a0\u00bb shape_type=\u00a0\u00bb\u00a0\u00bb][vc_column column_padding=\u00a0\u00bbpadding-4-percent\u00a0\u00bb column_padding_position=\u00a0\u00bball\u00a0\u00bb background_color=\u00a0\u00bb#ffffff\u00a0\u00bb background_color_opacity=\u00a0\u00bb1&Prime; background_hover_color_opacity=\u00a0\u00bb1&Prime; font_color=\u00a0\u00bb#040404&Prime; column_link_target=\u00a0\u00bb_self\u00a0\u00bb column_shadow=\u00a0\u00bbnone\u00a0\u00bb column_border_radius=\u00a0\u00bbnone\u00a0\u00bb width=\u00a0\u00bb2\/3&Prime; tablet_width_inherit=\u00a0\u00bbdefault\u00a0\u00bb tablet_text_alignment=\u00a0\u00bbdefault\u00a0\u00bb phone_text_alignment=\u00a0\u00bbdefault\u00a0\u00bb overlay_strength=\u00a0\u00bb0.3&Prime; column_border_width=\u00a0\u00bbnone\u00a0\u00bb column_border_style=\u00a0\u00bbsolid\u00a0\u00bb&#8230;<\/p>\n","protected":false},"author":1,"featured_media":152,"parent":0,"menu_order":0,"comment_status":"closed","ping_status":"closed","template":"","meta":{"footnotes":""},"class_list":["post-45","page","type-page","status-publish","has-post-thumbnail"],"yoast_head":"<!-- This site is optimized with the Yoast SEO plugin v26.8 - https:\/\/yoast.com\/product\/yoast-seo-wordpress\/ -->\n<title>Questions fr\u00e9quentes permis de conduire - Auto-\u00e9cole Franklin<\/title>\n<meta name=\"description\" content=\"L&#039;Auto-\u00e9cole Franklin \u00e0 Montreuil r\u00e9pond aux questions fr\u00e9quentes pos\u00e9es sur le permis de conduire (permis auto et moto).\" \/>\n<meta name=\"robots\" content=\"noindex, follow, max-snippet:-1, max-image-preview:large, max-video-preview:-1\" \/>\n<meta property=\"og:locale\" content=\"fr_FR\" \/>\n<meta property=\"og:type\" content=\"article\" \/>\n<meta property=\"og:title\" content=\"Questions fr\u00e9quentes permis de conduire - Auto-\u00e9cole Franklin\" \/>\n<meta property=\"og:description\" content=\"L&#039;Auto-\u00e9cole Franklin \u00e0 Montreuil r\u00e9pond aux questions fr\u00e9quentes pos\u00e9es sur le permis de conduire (permis auto et moto).\" \/>\n<meta property=\"og:url\" content=\"https:\/\/de-vv.com\/franklin\/questions-frequentes\/\" \/>\n<meta property=\"og:site_name\" content=\"Auto-\u00e9cole Franklin\" \/>\n<meta property=\"article:modified_time\" content=\"2025-02-26T17:57:55+00:00\" \/>\n<meta property=\"og:image\" content=\"https:\/\/de-vv.com\/franklin\/wp-content\/uploads\/2025\/02\/Auto-ecole-Franklin-logo.png\" \/>\n\t<meta property=\"og:image:width\" content=\"500\" \/>\n\t<meta property=\"og:image:height\" content=\"230\" \/>\n\t<meta property=\"og:image:type\" content=\"image\/png\" \/>\n<meta name=\"twitter:card\" content=\"summary_large_image\" \/>\n<meta name=\"twitter:label1\" content=\"Dur\u00e9e de lecture estim\u00e9e\" \/>\n\t<meta name=\"twitter:data1\" content=\"5 minutes\" \/>\n<script type=\"application\/ld+json\" class=\"yoast-schema-graph\">{\"@context\":\"https:\/\/schema.org\",\"@graph\":[{\"@type\":\"WebPage\",\"@id\":\"https:\/\/de-vv.com\/franklin\/questions-frequentes\/\",\"url\":\"https:\/\/de-vv.com\/franklin\/questions-frequentes\/\",\"name\":\"Questions fr\u00e9quentes permis de conduire - Auto-\u00e9cole Franklin\",\"isPartOf\":{\"@id\":\"https:\/\/de-vv.com\/franklin\/#website\"},\"primaryImageOfPage\":{\"@id\":\"https:\/\/de-vv.com\/franklin\/questions-frequentes\/#primaryimage\"},\"image\":{\"@id\":\"https:\/\/de-vv.com\/franklin\/questions-frequentes\/#primaryimage\"},\"thumbnailUrl\":\"https:\/\/de-vv.com\/franklin\/wp-content\/uploads\/2025\/02\/Auto-ecole-Franklin-logo.png\",\"datePublished\":\"2025-02-15T19:39:34+00:00\",\"dateModified\":\"2025-02-26T17:57:55+00:00\",\"description\":\"L'Auto-\u00e9cole Franklin \u00e0 Montreuil r\u00e9pond aux questions fr\u00e9quentes pos\u00e9es sur le permis de conduire (permis auto et moto).\",\"breadcrumb\":{\"@id\":\"https:\/\/de-vv.com\/franklin\/questions-frequentes\/#breadcrumb\"},\"inLanguage\":\"fr-FR\",\"potentialAction\":[{\"@type\":\"ReadAction\",\"target\":[\"https:\/\/de-vv.com\/franklin\/questions-frequentes\/\"]}]},{\"@type\":\"ImageObject\",\"inLanguage\":\"fr-FR\",\"@id\":\"https:\/\/de-vv.com\/franklin\/questions-frequentes\/#primaryimage\",\"url\":\"https:\/\/de-vv.com\/franklin\/wp-content\/uploads\/2025\/02\/Auto-ecole-Franklin-logo.png\",\"contentUrl\":\"https:\/\/de-vv.com\/franklin\/wp-content\/uploads\/2025\/02\/Auto-ecole-Franklin-logo.png\",\"width\":500,\"height\":230,\"caption\":\"Auto-\u00e9cole Franklin - logo\"},{\"@type\":\"BreadcrumbList\",\"@id\":\"https:\/\/de-vv.com\/franklin\/questions-frequentes\/#breadcrumb\",\"itemListElement\":[{\"@type\":\"ListItem\",\"position\":1,\"name\":\"Accueil\",\"item\":\"https:\/\/de-vv.com\/franklin\/\"},{\"@type\":\"ListItem\",\"position\":2,\"name\":\"Questions fr\u00e9quentes\"}]},{\"@type\":\"WebSite\",\"@id\":\"https:\/\/de-vv.com\/franklin\/#website\",\"url\":\"https:\/\/de-vv.com\/franklin\/\",\"name\":\"Auto-\u00e9cole Franklin\",\"description\":\"votre auto-\u00e9cole \u00e0 la Mairie de Montreuil\",\"potentialAction\":[{\"@type\":\"SearchAction\",\"target\":{\"@type\":\"EntryPoint\",\"urlTemplate\":\"https:\/\/de-vv.com\/franklin\/?s={search_term_string}\"},\"query-input\":{\"@type\":\"PropertyValueSpecification\",\"valueRequired\":true,\"valueName\":\"search_term_string\"}}],\"inLanguage\":\"fr-FR\"}]}<\/script>\n<!-- \/ Yoast SEO plugin. -->","yoast_head_json":{"title":"Questions fr\u00e9quentes permis de conduire - Auto-\u00e9cole Franklin","description":"L'Auto-\u00e9cole Franklin \u00e0 Montreuil r\u00e9pond aux questions fr\u00e9quentes pos\u00e9es sur le permis de conduire (permis auto et moto).","robots":{"index":"noindex","follow":"follow","max-snippet":"max-snippet:-1","max-image-preview":"max-image-preview:large","max-video-preview":"max-video-preview:-1"},"og_locale":"fr_FR","og_type":"article","og_title":"Questions fr\u00e9quentes permis de conduire - Auto-\u00e9cole Franklin","og_description":"L'Auto-\u00e9cole Franklin \u00e0 Montreuil r\u00e9pond aux questions fr\u00e9quentes pos\u00e9es sur le permis de conduire (permis auto et moto).","og_url":"https:\/\/de-vv.com\/franklin\/questions-frequentes\/","og_site_name":"Auto-\u00e9cole Franklin","article_modified_time":"2025-02-26T17:57:55+00:00","og_image":[{"width":500,"height":230,"url":"https:\/\/de-vv.com\/franklin\/wp-content\/uploads\/2025\/02\/Auto-ecole-Franklin-logo.png","type":"image\/png"}],"twitter_card":"summary_large_image","twitter_misc":{"Dur\u00e9e de lecture estim\u00e9e":"5 minutes"},"schema":{"@context":"https:\/\/schema.org","@graph":[{"@type":"WebPage","@id":"https:\/\/de-vv.com\/franklin\/questions-frequentes\/","url":"https:\/\/de-vv.com\/franklin\/questions-frequentes\/","name":"Questions fr\u00e9quentes permis de conduire - Auto-\u00e9cole Franklin","isPartOf":{"@id":"https:\/\/de-vv.com\/franklin\/#website"},"primaryImageOfPage":{"@id":"https:\/\/de-vv.com\/franklin\/questions-frequentes\/#primaryimage"},"image":{"@id":"https:\/\/de-vv.com\/franklin\/questions-frequentes\/#primaryimage"},"thumbnailUrl":"https:\/\/de-vv.com\/franklin\/wp-content\/uploads\/2025\/02\/Auto-ecole-Franklin-logo.png","datePublished":"2025-02-15T19:39:34+00:00","dateModified":"2025-02-26T17:57:55+00:00","description":"L'Auto-\u00e9cole Franklin \u00e0 Montreuil r\u00e9pond aux questions fr\u00e9quentes pos\u00e9es sur le permis de conduire (permis auto et moto).","breadcrumb":{"@id":"https:\/\/de-vv.com\/franklin\/questions-frequentes\/#breadcrumb"},"inLanguage":"fr-FR","potentialAction":[{"@type":"ReadAction","target":["https:\/\/de-vv.com\/franklin\/questions-frequentes\/"]}]},{"@type":"ImageObject","inLanguage":"fr-FR","@id":"https:\/\/de-vv.com\/franklin\/questions-frequentes\/#primaryimage","url":"https:\/\/de-vv.com\/franklin\/wp-content\/uploads\/2025\/02\/Auto-ecole-Franklin-logo.png","contentUrl":"https:\/\/de-vv.com\/franklin\/wp-content\/uploads\/2025\/02\/Auto-ecole-Franklin-logo.png","width":500,"height":230,"caption":"Auto-\u00e9cole Franklin - logo"},{"@type":"BreadcrumbList","@id":"https:\/\/de-vv.com\/franklin\/questions-frequentes\/#breadcrumb","itemListElement":[{"@type":"ListItem","position":1,"name":"Accueil","item":"https:\/\/de-vv.com\/franklin\/"},{"@type":"ListItem","position":2,"name":"Questions fr\u00e9quentes"}]},{"@type":"WebSite","@id":"https:\/\/de-vv.com\/franklin\/#website","url":"https:\/\/de-vv.com\/franklin\/","name":"Auto-\u00e9cole Franklin","description":"votre auto-\u00e9cole \u00e0 la Mairie de Montreuil","potentialAction":[{"@type":"SearchAction","target":{"@type":"EntryPoint","urlTemplate":"https:\/\/de-vv.com\/franklin\/?s={search_term_string}"},"query-input":{"@type":"PropertyValueSpecification","valueRequired":true,"valueName":"search_term_string"}}],"inLanguage":"fr-FR"}]}},"_links":{"self":[{"href":"https:\/\/de-vv.com\/franklin\/wp-json\/wp\/v2\/pages\/45","targetHints":{"allow":["GET"]}}],"collection":[{"href":"https:\/\/de-vv.com\/franklin\/wp-json\/wp\/v2\/pages"}],"about":[{"href":"https:\/\/de-vv.com\/franklin\/wp-json\/wp\/v2\/types\/page"}],"author":[{"embeddable":true,"href":"https:\/\/de-vv.com\/franklin\/wp-json\/wp\/v2\/users\/1"}],"replies":[{"embeddable":true,"href":"https:\/\/de-vv.com\/franklin\/wp-json\/wp\/v2\/comments?post=45"}],"version-history":[{"count":4,"href":"https:\/\/de-vv.com\/franklin\/wp-json\/wp\/v2\/pages\/45\/revisions"}],"predecessor-version":[{"id":228,"href":"https:\/\/de-vv.com\/franklin\/wp-json\/wp\/v2\/pages\/45\/revisions\/228"}],"wp:featuredmedia":[{"embeddable":true,"href":"https:\/\/de-vv.com\/franklin\/wp-json\/wp\/v2\/media\/152"}],"wp:attachment":[{"href":"https:\/\/de-vv.com\/franklin\/wp-json\/wp\/v2\/media?parent=45"}],"curies":[{"name":"wp","href":"https:\/\/api.w.org\/{rel}","templated":true}]}}