{"id":181,"date":"2025-12-24T18:15:33","date_gmt":"2025-12-24T17:15:33","guid":{"rendered":"https:\/\/de-vv.com\/havana\/?page_id=181"},"modified":"2025-12-24T18:28:41","modified_gmt":"2025-12-24T17:28:41","slug":"permis-a-1-euro-par-jour","status":"publish","type":"page","link":"https:\/\/de-vv.com\/havana\/permis-a-1-euro-par-jour\/","title":{"rendered":"Permis \u00e0 1 euro par jour"},"content":{"rendered":"[vc_row type=\u00a0\u00bbfull_width_background\u00a0\u00bb full_screen_row_position=\u00a0\u00bbmiddle\u00a0\u00bb column_margin=\u00a0\u00bbdefault\u00a0\u00bb column_direction=\u00a0\u00bbdefault\u00a0\u00bb column_direction_tablet=\u00a0\u00bbdefault\u00a0\u00bb column_direction_phone=\u00a0\u00bbdefault\u00a0\u00bb bg_color=\u00a0\u00bb#ffffff\u00a0\u00bb bg_image=\u00a0\u00bb102&Prime; bg_position=\u00a0\u00bbright bottom\u00a0\u00bb background_image_loading=\u00a0\u00bbdefault\u00a0\u00bb bg_repeat=\u00a0\u00bbno-repeat\u00a0\u00bb full_height=\u00a0\u00bbyes\u00a0\u00bb scene_position=\u00a0\u00bbcenter\u00a0\u00bb text_color=\u00a0\u00bbdark\u00a0\u00bb text_align=\u00a0\u00bbleft\u00a0\u00bb row_border_radius=\u00a0\u00bbnone\u00a0\u00bb row_border_radius_applies=\u00a0\u00bbbg\u00a0\u00bb overflow=\u00a0\u00bbvisible\u00a0\u00bb overlay_strength=\u00a0\u00bb1&Prime; gradient_direction=\u00a0\u00bbleft_to_right\u00a0\u00bb shape_divider_position=\u00a0\u00bbbottom\u00a0\u00bb bg_image_animation=\u00a0\u00bbnone\u00a0\u00bb shape_type=\u00a0\u00bb\u00a0\u00bb gradient_type=\u00a0\u00bbdefault\u00a0\u00bb][vc_column column_padding=\u00a0\u00bbpadding-1-percent\u00a0\u00bb column_padding_tablet=\u00a0\u00bbinherit\u00a0\u00bb column_padding_phone=\u00a0\u00bbinherit\u00a0\u00bb column_padding_position=\u00a0\u00bball\u00a0\u00bb column_element_direction_desktop=\u00a0\u00bbdefault\u00a0\u00bb column_element_spacing=\u00a0\u00bbdefault\u00a0\u00bb desktop_text_alignment=\u00a0\u00bbdefault\u00a0\u00bb tablet_text_alignment=\u00a0\u00bbdefault\u00a0\u00bb phone_text_alignment=\u00a0\u00bbdefault\u00a0\u00bb background_color_opacity=\u00a0\u00bb1&Prime; background_hover_color_opacity=\u00a0\u00bb1&Prime; column_backdrop_filter=\u00a0\u00bbnone\u00a0\u00bb column_shadow=\u00a0\u00bbnone\u00a0\u00bb column_border_radius=\u00a0\u00bbnone\u00a0\u00bb column_link_target=\u00a0\u00bb_self\u00a0\u00bb column_position=\u00a0\u00bbdefault\u00a0\u00bb gradient_direction=\u00a0\u00bbleft_to_right\u00a0\u00bb overlay_strength=\u00a0\u00bb0.3&Prime; width=\u00a0\u00bb1\/1&Prime; tablet_width_inherit=\u00a0\u00bbdefault\u00a0\u00bb animation_type=\u00a0\u00bbdefault\u00a0\u00bb bg_image_animation=\u00a0\u00bbnone\u00a0\u00bb border_type=\u00a0\u00bbsimple\u00a0\u00bb column_border_width=\u00a0\u00bbnone\u00a0\u00bb column_border_style=\u00a0\u00bbsolid\u00a0\u00bb][vc_column_text css=\u00a0\u00bb\u00a0\u00bb text_direction=\u00a0\u00bbdefault\u00a0\u00bb]\n<h1>Le dispositif Permis \u00e0 1\u20ac par jour<\/h1>\n[\/vc_column_text][vc_row_inner equal_height=\u00a0\u00bbyes\u00a0\u00bb content_placement=\u00a0\u00bbmiddle\u00a0\u00bb column_margin=\u00a0\u00bbdefault\u00a0\u00bb column_direction=\u00a0\u00bbdefault\u00a0\u00bb column_direction_tablet=\u00a0\u00bbdefault\u00a0\u00bb column_direction_phone=\u00a0\u00bbdefault\u00a0\u00bb text_align=\u00a0\u00bbleft\u00a0\u00bb row_position=\u00a0\u00bbdefault\u00a0\u00bb row_position_tablet=\u00a0\u00bbinherit\u00a0\u00bb row_position_phone=\u00a0\u00bbinherit\u00a0\u00bb overflow=\u00a0\u00bbvisible\u00a0\u00bb pointer_events=\u00a0\u00bball\u00a0\u00bb][vc_column_inner column_padding=\u00a0\u00bbpadding-2-percent\u00a0\u00bb column_padding_tablet=\u00a0\u00bbinherit\u00a0\u00bb column_padding_phone=\u00a0\u00bbinherit\u00a0\u00bb column_padding_position=\u00a0\u00bball\u00a0\u00bb column_element_direction_desktop=\u00a0\u00bbdefault\u00a0\u00bb column_element_spacing=\u00a0\u00bbdefault\u00a0\u00bb desktop_text_alignment=\u00a0\u00bbdefault\u00a0\u00bb tablet_text_alignment=\u00a0\u00bbdefault\u00a0\u00bb phone_text_alignment=\u00a0\u00bbdefault\u00a0\u00bb background_color_opacity=\u00a0\u00bb1&Prime; background_hover_color_opacity=\u00a0\u00bb1&Prime; column_backdrop_filter=\u00a0\u00bbnone\u00a0\u00bb column_shadow=\u00a0\u00bbnone\u00a0\u00bb column_border_radius=\u00a0\u00bbnone\u00a0\u00bb column_link_target=\u00a0\u00bb_self\u00a0\u00bb overflow=\u00a0\u00bbvisible\u00a0\u00bb gradient_direction=\u00a0\u00bbleft_to_right\u00a0\u00bb overlay_strength=\u00a0\u00bb0.3&Prime; width=\u00a0\u00bb3\/4&Prime; tablet_width_inherit=\u00a0\u00bbdefault\u00a0\u00bb animation_type=\u00a0\u00bbdefault\u00a0\u00bb bg_image_animation=\u00a0\u00bbnone\u00a0\u00bb border_type=\u00a0\u00bbsimple\u00a0\u00bb column_border_width=\u00a0\u00bbnone\u00a0\u00bb column_border_style=\u00a0\u00bbsolid\u00a0\u00bb column_padding_type=\u00a0\u00bbdefault\u00a0\u00bb gradient_type=\u00a0\u00bbdefault\u00a0\u00bb][vc_column_text css=\u00a0\u00bb.vc_custom_1766596723762{padding-top: 20px !important;padding-bottom: 20px !important;}\u00a0\u00bb text_direction=\u00a0\u00bbdefault\u00a0\u00bb]Vous avez entre 16 et 25 ans et vous souhaitez passer votre permis de conduire ? La s\u00e9curit\u00e9 routi\u00e8re \u00e0 lanc\u00e9 le \u00ab <a href=\"https:\/\/www.securite-routiere.gouv.fr\/passer-son-permis-de-conduire\/financement-du-permis-de-conduire\/permis-1-eu-par-jour\" target=\"_blank\" rel=\"noopener\">permis \u00e0 1 euro par jour<\/a> \u00bb.<\/p>\n<p>L\u2019objectif est de vous faciliter l\u2019acc\u00e8s au permis de conduire, dont le co\u00fbt peut repr\u00e9senter un frein et notamment un obstacle fort \u00e0 l\u2019obtention d\u2019un emploi.<\/p>\n<p>Mais cette op\u00e9ration a \u00e9galement pour vocation d\u2019am\u00e9liorer la qualit\u00e9 g\u00e9n\u00e9rale de la formation, gr\u00e2ce \u00e0 la signature d\u2019une charte, fond\u00e9e sur leur engagement dans une d\u00e9marche de qualit\u00e9.[\/vc_column_text][nectar_btn size=\u00a0\u00bblarge\u00a0\u00bb button_style=\u00a0\u00bbsee-through\u00a0\u00bb button_color_2=\u00a0\u00bbExtra-Color-1&Prime; icon_family=\u00a0\u00bbfontawesome\u00a0\u00bb url=\u00a0\u00bbhttps:\/\/de-vv.com\/havana\/contact\/\u00a0\u00bb text=\u00a0\u00bbEnvoyer un message\u00a0\u00bb margin_top=\u00a0\u00bb5&Prime; margin_right=\u00a0\u00bb12&Prime; margin_bottom=\u00a0\u00bb5&Prime; icon_fontawesome=\u00a0\u00bbfa fa-envelope-open-o\u00a0\u00bb][nectar_btn size=\u00a0\u00bblarge\u00a0\u00bb button_style=\u00a0\u00bbregular\u00a0\u00bb button_color_2=\u00a0\u00bbAccent-Color\u00a0\u00bb solid_text_color_override=\u00a0\u00bb#ffffff\u00a0\u00bb icon_family=\u00a0\u00bbfontawesome\u00a0\u00bb url=\u00a0\u00bbtel:07.63.16.43.40&Prime; text=\u00a0\u00bb07 63 16 43 40&Prime; margin_top=\u00a0\u00bb5&Prime; margin_right=\u00a0\u00bb5&Prime; margin_bottom=\u00a0\u00bb5&Prime; icon_fontawesome=\u00a0\u00bbfa fa-mobile\u00a0\u00bb][\/vc_column_inner][vc_column_inner column_padding=\u00a0\u00bbpadding-1-percent\u00a0\u00bb column_padding_tablet=\u00a0\u00bbinherit\u00a0\u00bb column_padding_phone=\u00a0\u00bbinherit\u00a0\u00bb column_padding_position=\u00a0\u00bball\u00a0\u00bb column_element_direction_desktop=\u00a0\u00bbdefault\u00a0\u00bb column_element_spacing=\u00a0\u00bbdefault\u00a0\u00bb desktop_text_alignment=\u00a0\u00bbdefault\u00a0\u00bb tablet_text_alignment=\u00a0\u00bbdefault\u00a0\u00bb phone_text_alignment=\u00a0\u00bbdefault\u00a0\u00bb background_color_opacity=\u00a0\u00bb1&Prime; background_hover_color_opacity=\u00a0\u00bb1&Prime; column_backdrop_filter=\u00a0\u00bbnone\u00a0\u00bb column_shadow=\u00a0\u00bbnone\u00a0\u00bb column_border_radius=\u00a0\u00bbnone\u00a0\u00bb column_link_target=\u00a0\u00bb_self\u00a0\u00bb overflow=\u00a0\u00bbvisible\u00a0\u00bb gradient_direction=\u00a0\u00bbleft_to_right\u00a0\u00bb overlay_strength=\u00a0\u00bb0.3&Prime; width=\u00a0\u00bb1\/4&Prime; tablet_width_inherit=\u00a0\u00bbdefault\u00a0\u00bb animation_type=\u00a0\u00bbdefault\u00a0\u00bb bg_image_animation=\u00a0\u00bbnone\u00a0\u00bb border_type=\u00a0\u00bbsimple\u00a0\u00bb column_border_width=\u00a0\u00bbnone\u00a0\u00bb column_border_style=\u00a0\u00bbsolid\u00a0\u00bb column_padding_type=\u00a0\u00bbdefault\u00a0\u00bb gradient_type=\u00a0\u00bbdefault\u00a0\u00bb][image_with_animation image_url=\u00a0\u00bb186&Prime; image_size=\u00a0\u00bbfull\u00a0\u00bb animation_type=\u00a0\u00bbentrance\u00a0\u00bb animation=\u00a0\u00bbGrow In\u00a0\u00bb animation_easing=\u00a0\u00bbdefault\u00a0\u00bb animation_movement_type=\u00a0\u00bbtransform_y\u00a0\u00bb hover_animation=\u00a0\u00bbnone\u00a0\u00bb alignment=\u00a0\u00bbcenter\u00a0\u00bb border_radius=\u00a0\u00bbnone\u00a0\u00bb box_shadow=\u00a0\u00bbnone\u00a0\u00bb image_loading=\u00a0\u00bblazy-load\u00a0\u00bb max_width=\u00a0\u00bb125%\u00a0\u00bb max_width_mobile=\u00a0\u00bbdefault\u00a0\u00bb][\/vc_column_inner][\/vc_row_inner][\/vc_column][\/vc_row][vc_row type=\u00a0\u00bbfull_width_background\u00a0\u00bb full_screen_row_position=\u00a0\u00bbmiddle\u00a0\u00bb column_margin=\u00a0\u00bbdefault\u00a0\u00bb column_direction=\u00a0\u00bbdefault\u00a0\u00bb column_direction_tablet=\u00a0\u00bbdefault\u00a0\u00bb column_direction_phone=\u00a0\u00bbdefault\u00a0\u00bb bg_image=\u00a0\u00bb135&Prime; bg_position=\u00a0\u00bbcenter center\u00a0\u00bb background_image_loading=\u00a0\u00bbdefault\u00a0\u00bb bg_repeat=\u00a0\u00bbno-repeat\u00a0\u00bb scene_position=\u00a0\u00bbcenter\u00a0\u00bb top_padding=\u00a0\u00bb20&Prime; bottom_padding=\u00a0\u00bb20&Prime; text_color=\u00a0\u00bblight\u00a0\u00bb text_align=\u00a0\u00bbleft\u00a0\u00bb row_border_radius=\u00a0\u00bbnone\u00a0\u00bb row_border_radius_applies=\u00a0\u00bbbg\u00a0\u00bb overflow=\u00a0\u00bbvisible\u00a0\u00bb color_overlay=\u00a0\u00bb#333333&Prime; overlay_strength=\u00a0\u00bb0.5&Prime; gradient_direction=\u00a0\u00bbleft_to_right\u00a0\u00bb shape_divider_position=\u00a0\u00bbbottom\u00a0\u00bb bg_image_animation=\u00a0\u00bbnone\u00a0\u00bb shape_type=\u00a0\u00bb\u00a0\u00bb gradient_type=\u00a0\u00bbdefault\u00a0\u00bb][vc_column column_padding=\u00a0\u00bbpadding-2-percent\u00a0\u00bb column_padding_tablet=\u00a0\u00bbinherit\u00a0\u00bb column_padding_phone=\u00a0\u00bbinherit\u00a0\u00bb column_padding_position=\u00a0\u00bball\u00a0\u00bb column_element_direction_desktop=\u00a0\u00bbdefault\u00a0\u00bb column_element_spacing=\u00a0\u00bbdefault\u00a0\u00bb desktop_text_alignment=\u00a0\u00bbdefault\u00a0\u00bb tablet_text_alignment=\u00a0\u00bbdefault\u00a0\u00bb phone_text_alignment=\u00a0\u00bbdefault\u00a0\u00bb background_color_opacity=\u00a0\u00bb1&Prime; background_hover_color_opacity=\u00a0\u00bb1&Prime; column_backdrop_filter=\u00a0\u00bbnone\u00a0\u00bb column_shadow=\u00a0\u00bbnone\u00a0\u00bb column_border_radius=\u00a0\u00bbnone\u00a0\u00bb column_link_target=\u00a0\u00bb_self\u00a0\u00bb column_position=\u00a0\u00bbdefault\u00a0\u00bb gradient_direction=\u00a0\u00bbleft_to_right\u00a0\u00bb overlay_strength=\u00a0\u00bb0.3&Prime; width=\u00a0\u00bb1\/1&Prime; tablet_width_inherit=\u00a0\u00bbdefault\u00a0\u00bb animation_type=\u00a0\u00bbdefault\u00a0\u00bb bg_image_animation=\u00a0\u00bbnone\u00a0\u00bb border_type=\u00a0\u00bbsimple\u00a0\u00bb column_border_width=\u00a0\u00bbnone\u00a0\u00bb column_border_style=\u00a0\u00bbsolid\u00a0\u00bb][vc_column_text css=\u00a0\u00bb.vc_custom_1766596755311{padding-bottom: 12px !important;}\u00a0\u00bb text_direction=\u00a0\u00bbdefault\u00a0\u00bb]\n<h2>Vous avez une question sur le permis \u00e0 1\u20ac ?<\/h2>\n<p>Vous avez une question sur le contenu de nos formations, sur nos tarifs ou sur nos horaires ? Vous voulez des conseils personnalis\u00e9s en fonction de votre situation ? Vous avez des contraintes d&rsquo;agenda ou souhaitez passer le permis rapidement?[\/vc_column_text][nectar_btn size=\u00a0\u00bblarge\u00a0\u00bb button_style=\u00a0\u00bbsee-through\u00a0\u00bb button_color_2=\u00a0\u00bbExtra-Color-1&Prime; icon_family=\u00a0\u00bbfontawesome\u00a0\u00bb url=\u00a0\u00bbhttps:\/\/de-vv.com\/havana\/contact\/\u00a0\u00bb text=\u00a0\u00bbContactez nous\u00a0\u00bb margin_top=\u00a0\u00bb5&Prime; margin_right=\u00a0\u00bb12&Prime; margin_bottom=\u00a0\u00bb5&Prime; icon_fontawesome=\u00a0\u00bbfa fa-envelope-open-o\u00a0\u00bb][nectar_btn size=\u00a0\u00bblarge\u00a0\u00bb button_style=\u00a0\u00bbregular\u00a0\u00bb button_color_2=\u00a0\u00bbAccent-Color\u00a0\u00bb icon_family=\u00a0\u00bbfontawesome\u00a0\u00bb url=\u00a0\u00bbtel:07.63.16.43.40&Prime; text=\u00a0\u00bb07 63 16 43 40&Prime; margin_top=\u00a0\u00bb5&Prime; margin_right=\u00a0\u00bb5&Prime; margin_bottom=\u00a0\u00bb5&Prime; icon_fontawesome=\u00a0\u00bbfa fa-mobile\u00a0\u00bb][\/vc_column][\/vc_row]\n","protected":false},"excerpt":{"rendered":"<p>[vc_row type=\u00a0\u00bbfull_width_background\u00a0\u00bb full_screen_row_position=\u00a0\u00bbmiddle\u00a0\u00bb column_margin=\u00a0\u00bbdefault\u00a0\u00bb column_direction=\u00a0\u00bbdefault\u00a0\u00bb column_direction_tablet=\u00a0\u00bbdefault\u00a0\u00bb column_direction_phone=\u00a0\u00bbdefault\u00a0\u00bb bg_color=\u00a0\u00bb#ffffff\u00a0\u00bb bg_image=\u00a0\u00bb102&Prime; bg_position=\u00a0\u00bbright bottom\u00a0\u00bb background_image_loading=\u00a0\u00bbdefault\u00a0\u00bb bg_repeat=\u00a0\u00bbno-repeat\u00a0\u00bb full_height=\u00a0\u00bbyes\u00a0\u00bb scene_position=\u00a0\u00bbcenter\u00a0\u00bb text_color=\u00a0\u00bbdark\u00a0\u00bb text_align=\u00a0\u00bbleft\u00a0\u00bb row_border_radius=\u00a0\u00bbnone\u00a0\u00bb row_border_radius_applies=\u00a0\u00bbbg\u00a0\u00bb overflow=\u00a0\u00bbvisible\u00a0\u00bb overlay_strength=\u00a0\u00bb1&Prime; gradient_direction=\u00a0\u00bbleft_to_right\u00a0\u00bb shape_divider_position=\u00a0\u00bbbottom\u00a0\u00bb bg_image_animation=\u00a0\u00bbnone\u00a0\u00bb shape_type=\u00a0\u00bb\u00a0\u00bb gradient_type=\u00a0\u00bbdefault\u00a0\u00bb][vc_column column_padding=\u00a0\u00bbpadding-1-percent\u00a0\u00bb column_padding_tablet=\u00a0\u00bbinherit\u00a0\u00bb column_padding_phone=\u00a0\u00bbinherit\u00a0\u00bb column_padding_position=\u00a0\u00bball\u00a0\u00bb&#8230;<\/p>\n","protected":false},"author":1,"featured_media":186,"parent":0,"menu_order":0,"comment_status":"closed","ping_status":"closed","template":"","meta":{"footnotes":""},"class_list":["post-181","page","type-page","status-publish","has-post-thumbnail"],"yoast_head":"<!-- This site is optimized with the Yoast SEO plugin v27.5 - https:\/\/yoast.com\/product\/yoast-seo-wordpress\/ -->\n<title>Permis \u00e0 1 euro par jour - Havana Auto-\u00e9cole \u00e0 Roissy-en-Brie<\/title>\n<meta name=\"description\" content=\"Havana Auto-\u00e9cole vous permet de b\u00e9n\u00e9ficier du dispositif permis \u00e0 1 euro par jour \u00e0 Roissy-en-Brie. Renseignement et inscription en agence.\" \/>\n<meta name=\"robots\" content=\"noindex, follow, max-snippet:-1, max-image-preview:large, max-video-preview:-1\" \/>\n<meta property=\"og:locale\" content=\"fr_FR\" \/>\n<meta property=\"og:type\" content=\"article\" \/>\n<meta property=\"og:title\" content=\"Permis \u00e0 1 euro par jour - Havana Auto-\u00e9cole \u00e0 Roissy-en-Brie\" \/>\n<meta property=\"og:description\" content=\"Havana Auto-\u00e9cole vous permet de b\u00e9n\u00e9ficier du dispositif permis \u00e0 1 euro par jour \u00e0 Roissy-en-Brie. Renseignement et inscription en agence.\" \/>\n<meta property=\"og:url\" content=\"https:\/\/de-vv.com\/havana\/permis-a-1-euro-par-jour\/\" \/>\n<meta property=\"og:site_name\" content=\"Havana Auto-\u00e9cole\" \/>\n<meta property=\"article:modified_time\" content=\"2025-12-24T17:28:41+00:00\" \/>\n<meta property=\"og:image\" content=\"https:\/\/de-vv.com\/havana\/wp-content\/uploads\/2025\/12\/logo-Permis-1-euro-1536x958-1.png\" \/>\n\t<meta property=\"og:image:width\" content=\"1536\" \/>\n\t<meta property=\"og:image:height\" content=\"958\" \/>\n\t<meta property=\"og:image:type\" content=\"image\/png\" \/>\n<meta name=\"twitter:card\" content=\"summary_large_image\" \/>\n<meta name=\"twitter:label1\" content=\"Dur\u00e9e de lecture estim\u00e9e\" \/>\n\t<meta name=\"twitter:data1\" content=\"2 minutes\" \/>\n<script type=\"application\/ld+json\" class=\"yoast-schema-graph\">{\"@context\":\"https:\\\/\\\/schema.org\",\"@graph\":[{\"@type\":\"WebPage\",\"@id\":\"https:\\\/\\\/de-vv.com\\\/havana\\\/permis-a-1-euro-par-jour\\\/\",\"url\":\"https:\\\/\\\/de-vv.com\\\/havana\\\/permis-a-1-euro-par-jour\\\/\",\"name\":\"Permis \u00e0 1 euro par jour - Havana Auto-\u00e9cole \u00e0 Roissy-en-Brie\",\"isPartOf\":{\"@id\":\"https:\\\/\\\/de-vv.com\\\/havana\\\/#website\"},\"primaryImageOfPage\":{\"@id\":\"https:\\\/\\\/de-vv.com\\\/havana\\\/permis-a-1-euro-par-jour\\\/#primaryimage\"},\"image\":{\"@id\":\"https:\\\/\\\/de-vv.com\\\/havana\\\/permis-a-1-euro-par-jour\\\/#primaryimage\"},\"thumbnailUrl\":\"https:\\\/\\\/de-vv.com\\\/havana\\\/wp-content\\\/uploads\\\/2025\\\/12\\\/logo-Permis-1-euro-1536x958-1.png\",\"datePublished\":\"2025-12-24T17:15:33+00:00\",\"dateModified\":\"2025-12-24T17:28:41+00:00\",\"description\":\"Havana Auto-\u00e9cole vous permet de b\u00e9n\u00e9ficier du dispositif permis \u00e0 1 euro par jour \u00e0 Roissy-en-Brie. Renseignement et inscription en agence.\",\"breadcrumb\":{\"@id\":\"https:\\\/\\\/de-vv.com\\\/havana\\\/permis-a-1-euro-par-jour\\\/#breadcrumb\"},\"inLanguage\":\"fr-FR\",\"potentialAction\":[{\"@type\":\"ReadAction\",\"target\":[\"https:\\\/\\\/de-vv.com\\\/havana\\\/permis-a-1-euro-par-jour\\\/\"]}]},{\"@type\":\"ImageObject\",\"inLanguage\":\"fr-FR\",\"@id\":\"https:\\\/\\\/de-vv.com\\\/havana\\\/permis-a-1-euro-par-jour\\\/#primaryimage\",\"url\":\"https:\\\/\\\/de-vv.com\\\/havana\\\/wp-content\\\/uploads\\\/2025\\\/12\\\/logo-Permis-1-euro-1536x958-1.png\",\"contentUrl\":\"https:\\\/\\\/de-vv.com\\\/havana\\\/wp-content\\\/uploads\\\/2025\\\/12\\\/logo-Permis-1-euro-1536x958-1.png\",\"width\":1536,\"height\":958,\"caption\":\"Permis \u00e0 1 euro par jour\"},{\"@type\":\"BreadcrumbList\",\"@id\":\"https:\\\/\\\/de-vv.com\\\/havana\\\/permis-a-1-euro-par-jour\\\/#breadcrumb\",\"itemListElement\":[{\"@type\":\"ListItem\",\"position\":1,\"name\":\"Accueil\",\"item\":\"https:\\\/\\\/de-vv.com\\\/havana\\\/\"},{\"@type\":\"ListItem\",\"position\":2,\"name\":\"Permis \u00e0 1 euro par jour\"}]},{\"@type\":\"WebSite\",\"@id\":\"https:\\\/\\\/de-vv.com\\\/havana\\\/#website\",\"url\":\"https:\\\/\\\/de-vv.com\\\/havana\\\/\",\"name\":\"Havana Auto-\u00e9cole\",\"description\":\"Auto-\u00e9cole \u00e0 Roissy-en-Brie\",\"potentialAction\":[{\"@type\":\"SearchAction\",\"target\":{\"@type\":\"EntryPoint\",\"urlTemplate\":\"https:\\\/\\\/de-vv.com\\\/havana\\\/?s={search_term_string}\"},\"query-input\":{\"@type\":\"PropertyValueSpecification\",\"valueRequired\":true,\"valueName\":\"search_term_string\"}}],\"inLanguage\":\"fr-FR\"}]}<\/script>\n<!-- \/ Yoast SEO plugin. -->","yoast_head_json":{"title":"Permis \u00e0 1 euro par jour - Havana Auto-\u00e9cole \u00e0 Roissy-en-Brie","description":"Havana Auto-\u00e9cole vous permet de b\u00e9n\u00e9ficier du dispositif permis \u00e0 1 euro par jour \u00e0 Roissy-en-Brie. Renseignement et inscription en agence.","robots":{"index":"noindex","follow":"follow","max-snippet":"max-snippet:-1","max-image-preview":"max-image-preview:large","max-video-preview":"max-video-preview:-1"},"og_locale":"fr_FR","og_type":"article","og_title":"Permis \u00e0 1 euro par jour - Havana Auto-\u00e9cole \u00e0 Roissy-en-Brie","og_description":"Havana Auto-\u00e9cole vous permet de b\u00e9n\u00e9ficier du dispositif permis \u00e0 1 euro par jour \u00e0 Roissy-en-Brie. Renseignement et inscription en agence.","og_url":"https:\/\/de-vv.com\/havana\/permis-a-1-euro-par-jour\/","og_site_name":"Havana Auto-\u00e9cole","article_modified_time":"2025-12-24T17:28:41+00:00","og_image":[{"width":1536,"height":958,"url":"https:\/\/de-vv.com\/havana\/wp-content\/uploads\/2025\/12\/logo-Permis-1-euro-1536x958-1.png","type":"image\/png"}],"twitter_card":"summary_large_image","twitter_misc":{"Dur\u00e9e de lecture estim\u00e9e":"2 minutes"},"schema":{"@context":"https:\/\/schema.org","@graph":[{"@type":"WebPage","@id":"https:\/\/de-vv.com\/havana\/permis-a-1-euro-par-jour\/","url":"https:\/\/de-vv.com\/havana\/permis-a-1-euro-par-jour\/","name":"Permis \u00e0 1 euro par jour - Havana Auto-\u00e9cole \u00e0 Roissy-en-Brie","isPartOf":{"@id":"https:\/\/de-vv.com\/havana\/#website"},"primaryImageOfPage":{"@id":"https:\/\/de-vv.com\/havana\/permis-a-1-euro-par-jour\/#primaryimage"},"image":{"@id":"https:\/\/de-vv.com\/havana\/permis-a-1-euro-par-jour\/#primaryimage"},"thumbnailUrl":"https:\/\/de-vv.com\/havana\/wp-content\/uploads\/2025\/12\/logo-Permis-1-euro-1536x958-1.png","datePublished":"2025-12-24T17:15:33+00:00","dateModified":"2025-12-24T17:28:41+00:00","description":"Havana Auto-\u00e9cole vous permet de b\u00e9n\u00e9ficier du dispositif permis \u00e0 1 euro par jour \u00e0 Roissy-en-Brie. Renseignement et inscription en agence.","breadcrumb":{"@id":"https:\/\/de-vv.com\/havana\/permis-a-1-euro-par-jour\/#breadcrumb"},"inLanguage":"fr-FR","potentialAction":[{"@type":"ReadAction","target":["https:\/\/de-vv.com\/havana\/permis-a-1-euro-par-jour\/"]}]},{"@type":"ImageObject","inLanguage":"fr-FR","@id":"https:\/\/de-vv.com\/havana\/permis-a-1-euro-par-jour\/#primaryimage","url":"https:\/\/de-vv.com\/havana\/wp-content\/uploads\/2025\/12\/logo-Permis-1-euro-1536x958-1.png","contentUrl":"https:\/\/de-vv.com\/havana\/wp-content\/uploads\/2025\/12\/logo-Permis-1-euro-1536x958-1.png","width":1536,"height":958,"caption":"Permis \u00e0 1 euro par jour"},{"@type":"BreadcrumbList","@id":"https:\/\/de-vv.com\/havana\/permis-a-1-euro-par-jour\/#breadcrumb","itemListElement":[{"@type":"ListItem","position":1,"name":"Accueil","item":"https:\/\/de-vv.com\/havana\/"},{"@type":"ListItem","position":2,"name":"Permis \u00e0 1 euro par jour"}]},{"@type":"WebSite","@id":"https:\/\/de-vv.com\/havana\/#website","url":"https:\/\/de-vv.com\/havana\/","name":"Havana Auto-\u00e9cole","description":"Auto-\u00e9cole \u00e0 Roissy-en-Brie","potentialAction":[{"@type":"SearchAction","target":{"@type":"EntryPoint","urlTemplate":"https:\/\/de-vv.com\/havana\/?s={search_term_string}"},"query-input":{"@type":"PropertyValueSpecification","valueRequired":true,"valueName":"search_term_string"}}],"inLanguage":"fr-FR"}]}},"_links":{"self":[{"href":"https:\/\/de-vv.com\/havana\/wp-json\/wp\/v2\/pages\/181","targetHints":{"allow":["GET"]}}],"collection":[{"href":"https:\/\/de-vv.com\/havana\/wp-json\/wp\/v2\/pages"}],"about":[{"href":"https:\/\/de-vv.com\/havana\/wp-json\/wp\/v2\/types\/page"}],"author":[{"embeddable":true,"href":"https:\/\/de-vv.com\/havana\/wp-json\/wp\/v2\/users\/1"}],"replies":[{"embeddable":true,"href":"https:\/\/de-vv.com\/havana\/wp-json\/wp\/v2\/comments?post=181"}],"version-history":[{"count":4,"href":"https:\/\/de-vv.com\/havana\/wp-json\/wp\/v2\/pages\/181\/revisions"}],"predecessor-version":[{"id":189,"href":"https:\/\/de-vv.com\/havana\/wp-json\/wp\/v2\/pages\/181\/revisions\/189"}],"wp:featuredmedia":[{"embeddable":true,"href":"https:\/\/de-vv.com\/havana\/wp-json\/wp\/v2\/media\/186"}],"wp:attachment":[{"href":"https:\/\/de-vv.com\/havana\/wp-json\/wp\/v2\/media?parent=181"}],"curies":[{"name":"wp","href":"https:\/\/api.w.org\/{rel}","templated":true}]}}