{"id":24,"date":"2025-10-03T20:10:51","date_gmt":"2025-10-03T18:10:51","guid":{"rendered":"https:\/\/de-vv.com\/havana\/?page_id=24"},"modified":"2025-12-21T17:24:14","modified_gmt":"2025-12-21T16:24:14","slug":"mediateur","status":"publish","type":"page","link":"https:\/\/de-vv.com\/havana\/mediateur\/","title":{"rendered":"M\u00e9diateur"},"content":{"rendered":"[vc_row type=\u00a0\u00bbfull_width_background\u00a0\u00bb full_screen_row_position=\u00a0\u00bbmiddle\u00a0\u00bb column_margin=\u00a0\u00bbdefault\u00a0\u00bb column_direction=\u00a0\u00bbdefault\u00a0\u00bb column_direction_tablet=\u00a0\u00bbdefault\u00a0\u00bb column_direction_phone=\u00a0\u00bbdefault\u00a0\u00bb scene_position=\u00a0\u00bbcenter\u00a0\u00bb text_color=\u00a0\u00bbcustom\u00a0\u00bb text_align=\u00a0\u00bbleft\u00a0\u00bb row_border_radius=\u00a0\u00bbnone\u00a0\u00bb row_border_radius_applies=\u00a0\u00bbbg\u00a0\u00bb overflow=\u00a0\u00bbvisible\u00a0\u00bb overlay_strength=\u00a0\u00bb0.3&Prime; gradient_direction=\u00a0\u00bbleft_to_right\u00a0\u00bb shape_divider_position=\u00a0\u00bbbottom\u00a0\u00bb bg_image_animation=\u00a0\u00bbnone\u00a0\u00bb shape_type=\u00a0\u00bb\u00a0\u00bb][vc_column column_padding=\u00a0\u00bbpadding-2-percent\u00a0\u00bb column_padding_tablet=\u00a0\u00bbinherit\u00a0\u00bb column_padding_phone=\u00a0\u00bbinherit\u00a0\u00bb column_padding_position=\u00a0\u00bball\u00a0\u00bb column_element_direction_desktop=\u00a0\u00bbdefault\u00a0\u00bb column_element_spacing=\u00a0\u00bbdefault\u00a0\u00bb centered_text=\u00a0\u00bbtrue\u00a0\u00bb desktop_text_alignment=\u00a0\u00bbdefault\u00a0\u00bb tablet_text_alignment=\u00a0\u00bbdefault\u00a0\u00bb phone_text_alignment=\u00a0\u00bbdefault\u00a0\u00bb background_color_opacity=\u00a0\u00bb1&Prime; background_hover_color_opacity=\u00a0\u00bb1&Prime; column_backdrop_filter=\u00a0\u00bbnone\u00a0\u00bb column_shadow=\u00a0\u00bbnone\u00a0\u00bb column_border_radius=\u00a0\u00bbnone\u00a0\u00bb column_link_target=\u00a0\u00bb_self\u00a0\u00bb column_position=\u00a0\u00bbdefault\u00a0\u00bb gradient_direction=\u00a0\u00bbleft_to_right\u00a0\u00bb overlay_strength=\u00a0\u00bb0.3&Prime; width=\u00a0\u00bb1\/1&Prime; tablet_width_inherit=\u00a0\u00bbdefault\u00a0\u00bb animation_type=\u00a0\u00bbdefault\u00a0\u00bb bg_image_animation=\u00a0\u00bbnone\u00a0\u00bb border_type=\u00a0\u00bbsimple\u00a0\u00bb column_border_width=\u00a0\u00bbnone\u00a0\u00bb column_border_style=\u00a0\u00bbsolid\u00a0\u00bb column_padding_type=\u00a0\u00bbdefault\u00a0\u00bb gradient_type=\u00a0\u00bbdefault\u00a0\u00bb][vc_column_text css=\u00a0\u00bb.vc_custom_1762876092909{padding-bottom: 20px !important;}\u00a0\u00bb text_direction=\u00a0\u00bbdefault\u00a0\u00bb]\n<h1 style=\"text-align: center;\">M\u00e9diateur de la consommation<\/h1>\n[\/vc_column_text][\/vc_column][\/vc_row][vc_row type=\u00a0\u00bbin_container\u00a0\u00bb full_screen_row_position=\u00a0\u00bbmiddle\u00a0\u00bb column_margin=\u00a0\u00bbdefault\u00a0\u00bb column_direction=\u00a0\u00bbdefault\u00a0\u00bb column_direction_tablet=\u00a0\u00bbdefault\u00a0\u00bb column_direction_phone=\u00a0\u00bbdefault\u00a0\u00bb scene_position=\u00a0\u00bbcenter\u00a0\u00bb text_color=\u00a0\u00bbdark\u00a0\u00bb text_align=\u00a0\u00bbleft\u00a0\u00bb row_border_radius=\u00a0\u00bbnone\u00a0\u00bb row_border_radius_applies=\u00a0\u00bbbg\u00a0\u00bb overflow=\u00a0\u00bbvisible\u00a0\u00bb overlay_strength=\u00a0\u00bb0.3&Prime; gradient_direction=\u00a0\u00bbleft_to_right\u00a0\u00bb shape_divider_position=\u00a0\u00bbbottom\u00a0\u00bb bg_image_animation=\u00a0\u00bbnone\u00a0\u00bb][vc_column column_padding=\u00a0\u00bbno-extra-padding\u00a0\u00bb column_padding_tablet=\u00a0\u00bbinherit\u00a0\u00bb column_padding_phone=\u00a0\u00bbinherit\u00a0\u00bb column_padding_position=\u00a0\u00bball\u00a0\u00bb column_element_direction_desktop=\u00a0\u00bbdefault\u00a0\u00bb column_element_spacing=\u00a0\u00bbdefault\u00a0\u00bb desktop_text_alignment=\u00a0\u00bbdefault\u00a0\u00bb tablet_text_alignment=\u00a0\u00bbdefault\u00a0\u00bb phone_text_alignment=\u00a0\u00bbdefault\u00a0\u00bb background_color_opacity=\u00a0\u00bb1&Prime; background_hover_color_opacity=\u00a0\u00bb1&Prime; column_backdrop_filter=\u00a0\u00bbnone\u00a0\u00bb column_shadow=\u00a0\u00bbnone\u00a0\u00bb column_border_radius=\u00a0\u00bbnone\u00a0\u00bb column_link_target=\u00a0\u00bb_self\u00a0\u00bb column_position=\u00a0\u00bbdefault\u00a0\u00bb gradient_direction=\u00a0\u00bbleft_to_right\u00a0\u00bb overlay_strength=\u00a0\u00bb0.3&Prime; width=\u00a0\u00bb1\/6&Prime; tablet_width_inherit=\u00a0\u00bbdefault\u00a0\u00bb animation_type=\u00a0\u00bbdefault\u00a0\u00bb bg_image_animation=\u00a0\u00bbnone\u00a0\u00bb border_type=\u00a0\u00bbsimple\u00a0\u00bb column_border_width=\u00a0\u00bbnone\u00a0\u00bb column_border_style=\u00a0\u00bbsolid\u00a0\u00bb][\/vc_column][vc_column column_padding=\u00a0\u00bbpadding-3-percent\u00a0\u00bb column_padding_tablet=\u00a0\u00bbinherit\u00a0\u00bb column_padding_phone=\u00a0\u00bbinherit\u00a0\u00bb column_padding_position=\u00a0\u00bball\u00a0\u00bb column_element_direction_desktop=\u00a0\u00bbdefault\u00a0\u00bb column_element_spacing=\u00a0\u00bbdefault\u00a0\u00bb desktop_text_alignment=\u00a0\u00bbdefault\u00a0\u00bb tablet_text_alignment=\u00a0\u00bbdefault\u00a0\u00bb phone_text_alignment=\u00a0\u00bbdefault\u00a0\u00bb background_color_opacity=\u00a0\u00bb1&Prime; background_hover_color_opacity=\u00a0\u00bb1&Prime; column_backdrop_filter=\u00a0\u00bbnone\u00a0\u00bb column_shadow=\u00a0\u00bbnone\u00a0\u00bb column_border_radius=\u00a0\u00bbnone\u00a0\u00bb column_link_target=\u00a0\u00bb_self\u00a0\u00bb column_position=\u00a0\u00bbdefault\u00a0\u00bb gradient_direction=\u00a0\u00bbleft_to_right\u00a0\u00bb overlay_strength=\u00a0\u00bb0.3&Prime; width=\u00a0\u00bb2\/3&Prime; tablet_width_inherit=\u00a0\u00bbdefault\u00a0\u00bb animation_type=\u00a0\u00bbdefault\u00a0\u00bb bg_image_animation=\u00a0\u00bbnone\u00a0\u00bb border_type=\u00a0\u00bbsimple\u00a0\u00bb column_border_width=\u00a0\u00bbnone\u00a0\u00bb column_border_style=\u00a0\u00bbsolid\u00a0\u00bb][vc_column_text css=\u00a0\u00bb.vc_custom_1766334168402{padding-bottom: 20px !important;}\u00a0\u00bb text_direction=\u00a0\u00bbdefault\u00a0\u00bb]En cas de litige, l\u2019\u00e9l\u00e8ve peut exercer un recours amiable aupr\u00e8s de Havana Auto-\u00e9cole. Ce recours doit \u00eatre formul\u00e9 par lettre recommand\u00e9e avec avis de r\u00e9ception. Havana Auto-\u00e9cole s&rsquo;engage \u00e0 r\u00e9pondre par \u00e9crit dans le d\u00e9lai de huit (8) jours ouvrables \u00e0 compter de la r\u00e9ception de la lettre de recours amiable de l&rsquo;\u00e9l\u00e8ve.\u00a0 La r\u00e9ponse \u00e9crite est adress\u00e9e \u00e0 l&rsquo;\u00e9l\u00e8ve par lettre recommand\u00e9e avec avis de r\u00e9ception.<\/p>\n<p>L&rsquo;\u00e9l\u00e8ve peut recourir gratuitement, dans les conditions pr\u00e9vues aux articles L.612-1 et suivants et R.612-1 et suivants du code de la consommation, \u00e0 un m\u00e9diateur de la consommation en vue de la r\u00e9solution amiable de tout litige l&rsquo;opposant \u00e0 Havana Auto-\u00e9cole.<\/p>\n<p>Les coordonn\u00e9es du m\u00e9diateur de la consommation de Havana Auto-\u00e9cole sont les suivantes :<\/p>\n<p><strong>Association des M\u00e9diateurs Europ\u00e9ens (A.M.E.)<\/strong><br \/>\n197 boulevard Saint-Germain 75007 Paris<br \/>\nt\u00e9l\u00e9phone\u00a0: 09.53.01.02.69.<br \/>\nsite internet\u00a0:\u00a0<a href=\"https:\/\/www.mediationconso-ame.com\/\">www.mediationconso-ame.com<\/a><\/p>\n<p>courriel\u00a0: saisine@mediationconso-ame.com[\/vc_column_text][\/vc_column][vc_column column_padding=\u00a0\u00bbno-extra-padding\u00a0\u00bb column_padding_tablet=\u00a0\u00bbinherit\u00a0\u00bb column_padding_phone=\u00a0\u00bbinherit\u00a0\u00bb column_padding_position=\u00a0\u00bball\u00a0\u00bb column_element_direction_desktop=\u00a0\u00bbdefault\u00a0\u00bb column_element_spacing=\u00a0\u00bbdefault\u00a0\u00bb desktop_text_alignment=\u00a0\u00bbdefault\u00a0\u00bb tablet_text_alignment=\u00a0\u00bbdefault\u00a0\u00bb phone_text_alignment=\u00a0\u00bbdefault\u00a0\u00bb background_color_opacity=\u00a0\u00bb1&Prime; background_hover_color_opacity=\u00a0\u00bb1&Prime; column_backdrop_filter=\u00a0\u00bbnone\u00a0\u00bb column_shadow=\u00a0\u00bbnone\u00a0\u00bb column_border_radius=\u00a0\u00bbnone\u00a0\u00bb column_link_target=\u00a0\u00bb_self\u00a0\u00bb column_position=\u00a0\u00bbdefault\u00a0\u00bb gradient_direction=\u00a0\u00bbleft_to_right\u00a0\u00bb overlay_strength=\u00a0\u00bb0.3&Prime; width=\u00a0\u00bb1\/6&Prime; tablet_width_inherit=\u00a0\u00bbdefault\u00a0\u00bb animation_type=\u00a0\u00bbdefault\u00a0\u00bb bg_image_animation=\u00a0\u00bbnone\u00a0\u00bb border_type=\u00a0\u00bbsimple\u00a0\u00bb column_border_width=\u00a0\u00bbnone\u00a0\u00bb column_border_style=\u00a0\u00bbsolid\u00a0\u00bb][\/vc_column][\/vc_row]\n","protected":false},"excerpt":{"rendered":"<p>[vc_row type=\u00a0\u00bbfull_width_background\u00a0\u00bb full_screen_row_position=\u00a0\u00bbmiddle\u00a0\u00bb column_margin=\u00a0\u00bbdefault\u00a0\u00bb column_direction=\u00a0\u00bbdefault\u00a0\u00bb column_direction_tablet=\u00a0\u00bbdefault\u00a0\u00bb column_direction_phone=\u00a0\u00bbdefault\u00a0\u00bb scene_position=\u00a0\u00bbcenter\u00a0\u00bb text_color=\u00a0\u00bbcustom\u00a0\u00bb text_align=\u00a0\u00bbleft\u00a0\u00bb row_border_radius=\u00a0\u00bbnone\u00a0\u00bb row_border_radius_applies=\u00a0\u00bbbg\u00a0\u00bb overflow=\u00a0\u00bbvisible\u00a0\u00bb overlay_strength=\u00a0\u00bb0.3&Prime; gradient_direction=\u00a0\u00bbleft_to_right\u00a0\u00bb shape_divider_position=\u00a0\u00bbbottom\u00a0\u00bb bg_image_animation=\u00a0\u00bbnone\u00a0\u00bb shape_type=\u00a0\u00bb\u00a0\u00bb][vc_column column_padding=\u00a0\u00bbpadding-2-percent\u00a0\u00bb column_padding_tablet=\u00a0\u00bbinherit\u00a0\u00bb column_padding_phone=\u00a0\u00bbinherit\u00a0\u00bb column_padding_position=\u00a0\u00bball\u00a0\u00bb column_element_direction_desktop=\u00a0\u00bbdefault\u00a0\u00bb column_element_spacing=\u00a0\u00bbdefault\u00a0\u00bb centered_text=\u00a0\u00bbtrue\u00a0\u00bb desktop_text_alignment=\u00a0\u00bbdefault\u00a0\u00bb tablet_text_alignment=\u00a0\u00bbdefault\u00a0\u00bb phone_text_alignment=\u00a0\u00bbdefault\u00a0\u00bb background_color_opacity=\u00a0\u00bb1&Prime; background_hover_color_opacity=\u00a0\u00bb1&Prime;&#8230;<\/p>\n","protected":false},"author":1,"featured_media":47,"parent":0,"menu_order":0,"comment_status":"closed","ping_status":"closed","template":"","meta":{"footnotes":""},"class_list":["post-24","page","type-page","status-publish","has-post-thumbnail"],"yoast_head":"<!-- This site is optimized with the Yoast SEO plugin v27.5 - https:\/\/yoast.com\/product\/yoast-seo-wordpress\/ -->\n<title>M\u00e9diateur de la consommation - Havana Auto-\u00e9cole<\/title>\n<meta name=\"description\" content=\"Retrouvez les coordonn\u00e9es du m\u00e9diateur de la consommation de Havana Auto-\u00e9cole. Vous pouvez le saisir en cas de litige avec l&#039;auto-\u00e9cole.\" \/>\n<meta name=\"robots\" content=\"noindex, follow, max-snippet:-1, max-image-preview:large, max-video-preview:-1\" \/>\n<meta property=\"og:locale\" content=\"fr_FR\" \/>\n<meta property=\"og:type\" content=\"article\" \/>\n<meta property=\"og:title\" content=\"M\u00e9diateur de la consommation - Havana Auto-\u00e9cole\" \/>\n<meta property=\"og:description\" content=\"Retrouvez les coordonn\u00e9es du m\u00e9diateur de la consommation de Havana Auto-\u00e9cole. Vous pouvez le saisir en cas de litige avec l&#039;auto-\u00e9cole.\" \/>\n<meta property=\"og:url\" content=\"https:\/\/de-vv.com\/havana\/mediateur\/\" \/>\n<meta property=\"og:site_name\" content=\"Havana Auto-\u00e9cole\" \/>\n<meta property=\"article:modified_time\" content=\"2025-12-21T16:24:14+00:00\" \/>\n<meta property=\"og:image\" content=\"https:\/\/de-vv.com\/havana\/wp-content\/uploads\/2025\/12\/cropped-HAVANA-AUTO-ECOLE-Roissy.png\" \/>\n\t<meta property=\"og:image:width\" content=\"512\" \/>\n\t<meta property=\"og:image:height\" content=\"512\" \/>\n\t<meta property=\"og:image:type\" content=\"image\/png\" \/>\n<meta name=\"twitter:card\" content=\"summary_large_image\" \/>\n<meta name=\"twitter:label1\" content=\"Dur\u00e9e de lecture estim\u00e9e\" \/>\n\t<meta name=\"twitter:data1\" content=\"1 minute\" \/>\n<script type=\"application\/ld+json\" class=\"yoast-schema-graph\">{\"@context\":\"https:\\\/\\\/schema.org\",\"@graph\":[{\"@type\":\"WebPage\",\"@id\":\"https:\\\/\\\/de-vv.com\\\/havana\\\/mediateur\\\/\",\"url\":\"https:\\\/\\\/de-vv.com\\\/havana\\\/mediateur\\\/\",\"name\":\"M\u00e9diateur de la consommation - Havana Auto-\u00e9cole\",\"isPartOf\":{\"@id\":\"https:\\\/\\\/de-vv.com\\\/havana\\\/#website\"},\"primaryImageOfPage\":{\"@id\":\"https:\\\/\\\/de-vv.com\\\/havana\\\/mediateur\\\/#primaryimage\"},\"image\":{\"@id\":\"https:\\\/\\\/de-vv.com\\\/havana\\\/mediateur\\\/#primaryimage\"},\"thumbnailUrl\":\"https:\\\/\\\/de-vv.com\\\/havana\\\/wp-content\\\/uploads\\\/2025\\\/12\\\/cropped-HAVANA-AUTO-ECOLE-Roissy.png\",\"datePublished\":\"2025-10-03T18:10:51+00:00\",\"dateModified\":\"2025-12-21T16:24:14+00:00\",\"description\":\"Retrouvez les coordonn\u00e9es du m\u00e9diateur de la consommation de Havana Auto-\u00e9cole. Vous pouvez le saisir en cas de litige avec l'auto-\u00e9cole.\",\"breadcrumb\":{\"@id\":\"https:\\\/\\\/de-vv.com\\\/havana\\\/mediateur\\\/#breadcrumb\"},\"inLanguage\":\"fr-FR\",\"potentialAction\":[{\"@type\":\"ReadAction\",\"target\":[\"https:\\\/\\\/de-vv.com\\\/havana\\\/mediateur\\\/\"]}]},{\"@type\":\"ImageObject\",\"inLanguage\":\"fr-FR\",\"@id\":\"https:\\\/\\\/de-vv.com\\\/havana\\\/mediateur\\\/#primaryimage\",\"url\":\"https:\\\/\\\/de-vv.com\\\/havana\\\/wp-content\\\/uploads\\\/2025\\\/12\\\/cropped-HAVANA-AUTO-ECOLE-Roissy.png\",\"contentUrl\":\"https:\\\/\\\/de-vv.com\\\/havana\\\/wp-content\\\/uploads\\\/2025\\\/12\\\/cropped-HAVANA-AUTO-ECOLE-Roissy.png\",\"width\":512,\"height\":512,\"caption\":\"Logo HAVANA-AUTO-ECOLE Roissy-en-Bris\"},{\"@type\":\"BreadcrumbList\",\"@id\":\"https:\\\/\\\/de-vv.com\\\/havana\\\/mediateur\\\/#breadcrumb\",\"itemListElement\":[{\"@type\":\"ListItem\",\"position\":1,\"name\":\"Accueil\",\"item\":\"https:\\\/\\\/de-vv.com\\\/havana\\\/\"},{\"@type\":\"ListItem\",\"position\":2,\"name\":\"M\u00e9diateur\"}]},{\"@type\":\"WebSite\",\"@id\":\"https:\\\/\\\/de-vv.com\\\/havana\\\/#website\",\"url\":\"https:\\\/\\\/de-vv.com\\\/havana\\\/\",\"name\":\"Havana Auto-\u00e9cole\",\"description\":\"Auto-\u00e9cole \u00e0 Roissy-en-Brie\",\"potentialAction\":[{\"@type\":\"SearchAction\",\"target\":{\"@type\":\"EntryPoint\",\"urlTemplate\":\"https:\\\/\\\/de-vv.com\\\/havana\\\/?s={search_term_string}\"},\"query-input\":{\"@type\":\"PropertyValueSpecification\",\"valueRequired\":true,\"valueName\":\"search_term_string\"}}],\"inLanguage\":\"fr-FR\"}]}<\/script>\n<!-- \/ Yoast SEO plugin. -->","yoast_head_json":{"title":"M\u00e9diateur de la consommation - Havana Auto-\u00e9cole","description":"Retrouvez les coordonn\u00e9es du m\u00e9diateur de la consommation de Havana Auto-\u00e9cole. Vous pouvez le saisir en cas de litige avec l'auto-\u00e9cole.","robots":{"index":"noindex","follow":"follow","max-snippet":"max-snippet:-1","max-image-preview":"max-image-preview:large","max-video-preview":"max-video-preview:-1"},"og_locale":"fr_FR","og_type":"article","og_title":"M\u00e9diateur de la consommation - Havana Auto-\u00e9cole","og_description":"Retrouvez les coordonn\u00e9es du m\u00e9diateur de la consommation de Havana Auto-\u00e9cole. Vous pouvez le saisir en cas de litige avec l'auto-\u00e9cole.","og_url":"https:\/\/de-vv.com\/havana\/mediateur\/","og_site_name":"Havana Auto-\u00e9cole","article_modified_time":"2025-12-21T16:24:14+00:00","og_image":[{"width":512,"height":512,"url":"https:\/\/de-vv.com\/havana\/wp-content\/uploads\/2025\/12\/cropped-HAVANA-AUTO-ECOLE-Roissy.png","type":"image\/png"}],"twitter_card":"summary_large_image","twitter_misc":{"Dur\u00e9e de lecture estim\u00e9e":"1 minute"},"schema":{"@context":"https:\/\/schema.org","@graph":[{"@type":"WebPage","@id":"https:\/\/de-vv.com\/havana\/mediateur\/","url":"https:\/\/de-vv.com\/havana\/mediateur\/","name":"M\u00e9diateur de la consommation - Havana Auto-\u00e9cole","isPartOf":{"@id":"https:\/\/de-vv.com\/havana\/#website"},"primaryImageOfPage":{"@id":"https:\/\/de-vv.com\/havana\/mediateur\/#primaryimage"},"image":{"@id":"https:\/\/de-vv.com\/havana\/mediateur\/#primaryimage"},"thumbnailUrl":"https:\/\/de-vv.com\/havana\/wp-content\/uploads\/2025\/12\/cropped-HAVANA-AUTO-ECOLE-Roissy.png","datePublished":"2025-10-03T18:10:51+00:00","dateModified":"2025-12-21T16:24:14+00:00","description":"Retrouvez les coordonn\u00e9es du m\u00e9diateur de la consommation de Havana Auto-\u00e9cole. Vous pouvez le saisir en cas de litige avec l'auto-\u00e9cole.","breadcrumb":{"@id":"https:\/\/de-vv.com\/havana\/mediateur\/#breadcrumb"},"inLanguage":"fr-FR","potentialAction":[{"@type":"ReadAction","target":["https:\/\/de-vv.com\/havana\/mediateur\/"]}]},{"@type":"ImageObject","inLanguage":"fr-FR","@id":"https:\/\/de-vv.com\/havana\/mediateur\/#primaryimage","url":"https:\/\/de-vv.com\/havana\/wp-content\/uploads\/2025\/12\/cropped-HAVANA-AUTO-ECOLE-Roissy.png","contentUrl":"https:\/\/de-vv.com\/havana\/wp-content\/uploads\/2025\/12\/cropped-HAVANA-AUTO-ECOLE-Roissy.png","width":512,"height":512,"caption":"Logo HAVANA-AUTO-ECOLE Roissy-en-Bris"},{"@type":"BreadcrumbList","@id":"https:\/\/de-vv.com\/havana\/mediateur\/#breadcrumb","itemListElement":[{"@type":"ListItem","position":1,"name":"Accueil","item":"https:\/\/de-vv.com\/havana\/"},{"@type":"ListItem","position":2,"name":"M\u00e9diateur"}]},{"@type":"WebSite","@id":"https:\/\/de-vv.com\/havana\/#website","url":"https:\/\/de-vv.com\/havana\/","name":"Havana Auto-\u00e9cole","description":"Auto-\u00e9cole \u00e0 Roissy-en-Brie","potentialAction":[{"@type":"SearchAction","target":{"@type":"EntryPoint","urlTemplate":"https:\/\/de-vv.com\/havana\/?s={search_term_string}"},"query-input":{"@type":"PropertyValueSpecification","valueRequired":true,"valueName":"search_term_string"}}],"inLanguage":"fr-FR"}]}},"_links":{"self":[{"href":"https:\/\/de-vv.com\/havana\/wp-json\/wp\/v2\/pages\/24","targetHints":{"allow":["GET"]}}],"collection":[{"href":"https:\/\/de-vv.com\/havana\/wp-json\/wp\/v2\/pages"}],"about":[{"href":"https:\/\/de-vv.com\/havana\/wp-json\/wp\/v2\/types\/page"}],"author":[{"embeddable":true,"href":"https:\/\/de-vv.com\/havana\/wp-json\/wp\/v2\/users\/1"}],"replies":[{"embeddable":true,"href":"https:\/\/de-vv.com\/havana\/wp-json\/wp\/v2\/comments?post=24"}],"version-history":[{"count":3,"href":"https:\/\/de-vv.com\/havana\/wp-json\/wp\/v2\/pages\/24\/revisions"}],"predecessor-version":[{"id":93,"href":"https:\/\/de-vv.com\/havana\/wp-json\/wp\/v2\/pages\/24\/revisions\/93"}],"wp:featuredmedia":[{"embeddable":true,"href":"https:\/\/de-vv.com\/havana\/wp-json\/wp\/v2\/media\/47"}],"wp:attachment":[{"href":"https:\/\/de-vv.com\/havana\/wp-json\/wp\/v2\/media?parent=24"}],"curies":[{"name":"wp","href":"https:\/\/api.w.org\/{rel}","templated":true}]}}