{"id":15,"date":"2025-02-20T19:13:26","date_gmt":"2025-02-20T18:13:26","guid":{"rendered":"https:\/\/de-vv.com\/inris\/?page_id=15"},"modified":"2025-03-31T21:44:35","modified_gmt":"2025-03-31T19:44:35","slug":"contact","status":"publish","type":"page","link":"https:\/\/de-vv.com\/inris\/contact\/","title":{"rendered":"Contact"},"content":{"rendered":"[vc_row type=\u00a0\u00bbfull_width_content\u00a0\u00bb full_screen_row_position=\u00a0\u00bbmiddle\u00a0\u00bb equal_height=\u00a0\u00bbyes\u00a0\u00bb column_margin=\u00a0\u00bbnone\u00a0\u00bb bg_color=\u00a0\u00bb#ffffff\u00a0\u00bb scene_position=\u00a0\u00bbcenter\u00a0\u00bb text_color=\u00a0\u00bbdark\u00a0\u00bb text_align=\u00a0\u00bbleft\u00a0\u00bb class=\u00a0\u00bbmargin-form\u00a0\u00bb overlay_strength=\u00a0\u00bb1&Prime; shape_divider_position=\u00a0\u00bbbottom\u00a0\u00bb bg_image_animation=\u00a0\u00bbnone\u00a0\u00bb shape_type=\u00a0\u00bb\u00a0\u00bb][vc_column column_padding=\u00a0\u00bbpadding-4-percent\u00a0\u00bb column_padding_position=\u00a0\u00bball\u00a0\u00bb background_color=\u00a0\u00bb#ffffff\u00a0\u00bb background_color_opacity=\u00a0\u00bb1&Prime; background_hover_color_opacity=\u00a0\u00bb1&Prime; font_color=\u00a0\u00bb#040404&Prime; column_link_target=\u00a0\u00bb_self\u00a0\u00bb column_shadow=\u00a0\u00bbnone\u00a0\u00bb column_border_radius=\u00a0\u00bbnone\u00a0\u00bb width=\u00a0\u00bb2\/3&Prime; tablet_width_inherit=\u00a0\u00bbdefault\u00a0\u00bb tablet_text_alignment=\u00a0\u00bbdefault\u00a0\u00bb phone_text_alignment=\u00a0\u00bbdefault\u00a0\u00bb overlay_strength=\u00a0\u00bb0.3&Prime; column_border_width=\u00a0\u00bbnone\u00a0\u00bb column_border_style=\u00a0\u00bbsolid\u00a0\u00bb bg_image_animation=\u00a0\u00bbnone\u00a0\u00bb][vc_column_text css=\u00a0\u00bb.vc_custom_1738944688963{border-left-width: 2% !important;padding-right: 2% !important;}\u00a0\u00bb]\n<h1>Contactez nous<\/h1>\n[\/vc_column_text][divider line_type=\u00a0\u00bbSmall Line\u00a0\u00bb line_alignment=\u00a0\u00bbdefault\u00a0\u00bb line_thickness=\u00a0\u00bb2&Prime; divider_color=\u00a0\u00bbaccent-color\u00a0\u00bb animate=\u00a0\u00bbyes\u00a0\u00bb custom_height=\u00a0\u00bb20&Prime;][divider line_type=\u00a0\u00bbNo Line\u00a0\u00bb custom_height=\u00a0\u00bb20&Prime;][vc_column_text css=\u00a0\u00bb.vc_custom_1738944683275{border-left-width: 2% !important;padding-right: 2% !important;}\u00a0\u00bb]Vous avez une question sur nos formations ? Vous souhaitez conna\u00eetre la d\u00e9marche \u00e0 suivre pour vous inscrire ? Envoyez nous un message avec vos coordonn\u00e9es, nous vous recontacterons au plus vite.[\/vc_column_text][vc_raw_html]JTNDaWZyYW1lJTIwc2FuZGJveCUzRCUyN2FsbG93LXNjcmlwdHMlMjBhbGxvdy1mb3JtcyUyMGFsbG93LXNhbWUtb3JpZ2luJTIwYWxsb3ctcG9wdXBzJTI3JTIwc3JjJTNEJTI3aHR0cHMlM0ElMkYlMkZ3d3cudnJvb212cm9vbS5mciUyRm1lZXRpbmdzLWNvbnRhY3QlM0ZzY2hvb2xfaWQlM0Q1MjQ2ZTNhZjI0YTAzOTAwMDIwMDAxZGQlMjZmcyUzRGV5SnRaV1YwYVc1blUzVmlhbVZqZEhNaU9sdDdJbTVoYldVaU9pSlFaWEp0YVhNZ1FTQXRJRzF2ZEc4aWZTeDdJbTVoYldVaU9pSlFaWEp0YVhNZ1FURWlmU3g3SW01aGJXVWlPaUpRWlhKdGFYTWdRVElpZlN4N0ltNWhiV1VpT2lKUVpYSnRhWE1nUVUwaWZTeDdJbTVoYldVaU9pSlFaWEp0YVhNZ1FpRGlnSk1nWW0lMkZEcm5SbElHMWhiblZsYkd4bEluMHNleUp1WVcxbElqb2lVR1Z5YldseklFSWc0b0NUSUdKdnc2NTBaU0JoZFhSdmJXRjBhWEYxWlNKOUxIc2libUZ0WlNJNklsQmxjbTFwY3lCREluMHNleUp1WVcxbElqb2lVR1Z5YldseklFRWc0b0NUSUdKdnc2NTBaU0JoZFhSdmJXRjBhWEYxWlNKOUxIc2libUZ0WlNJNklsQmxjbTFwY3lCQlRTRGlnSk1nY1hWaFpISnBZM2xqYkdVaWZTeDdJbTVoYldVaU9pSkRiMlJsSUhWdWFYRjFaVzFsYm5RaWZTeDdJbTVoYldVaU9pSlZibVVnWVhWMGNtVWdabTl5YldGMGFXOXVJbjBzZXlKdVlXMWxJam9pUTI5dVpIVnBkR1VnWVdOamIyMXdZV2R1dzZsbEluMHNleUp1WVcxbElqb2lSbTl5YldGMGFXOXVJSEJ2YzNRdGNHVnliV2x6SW4xZExDSnpZMmh2YjJ4eklqcGJleUpwWkNJNklqVXlORFpsTTJGbU1qUmhNRE01TURBd01qQXdNREZrWkNJc0luUnBkR3hsSWpvaVFYVjBieTNEcVdOdmJHVWdTVTVTU1NkVElFeGhJRU52ZFhKdVpYVjJaU0lzSW5OMGNtVmxkQ0k2SWpFMUlHRjJaVzUxWlNCTXc2bHVhVzVsSWl3aVkybDBlU0k2SWt4aElFTnZkWEp1WlhWMlpTSXNJbnBwY0dOdlpHVWlPaUk1TXpFeU1DSjlYU3dpYzJWamRHbHZibk1pT2x0N0ltbGtJam94TENKdVlXMWxJam9pVUhMRHFXNXZiU0lzSW1GeVpXRWlPaUptYVhKemRHNWhiV1VpTENKcGMwTm9aV05yWldRaU9uUnlkV1VzSW1selJISnZjR1J2ZDI0aU9tWmhiSE5sTENKd2JHRmpaV2h2YkdSbGNpSTZJazFoY25ScGJpSjlMSHNpYVdRaU9qSXNJbTVoYldVaU9pSk9iMjBpTENKaGNtVmhJam9pYkdGemRHNWhiV1VpTENKcGMwTm9aV05yWldRaU9uUnlkV1VzSW1selJISnZjR1J2ZDI0aU9tWmhiSE5sTENKd2JHRmpaV2h2YkdSbGNpSTZJa1IxY0c5dWRDSjlMSHNpYVdRaU9qTXNJbTVoYldVaU9pSlV3NmxzdzZsd2FHOXVaU0lzSW1GeVpXRWlPaUp3YUc5dVpTSXNJbWx6UTJobFkydGxaQ0k2ZEhKMVpTd2lhWE5FY205d1pHOTNiaUk2Wm1Gc2MyVXNJbkJzWVdObGFHOXNaR1Z5SWpvaUt6TXpJRE1nTXpNZ016TWdNek1nTXpNaWZTeDdJbWxrSWpvMExDSnVZVzFsSWpvaVJXMWhhV3dpTENKaGNtVmhJam9pWlcxaGFXd2lMQ0pwYzBOb1pXTnJaV1FpT25SeWRXVXNJbWx6UkhKdmNHUnZkMjRpT21aaGJITmxMQ0p3YkdGalpXaHZiR1JsY2lJNkltVjRaVzF3YkdWQVpYaGxiWEJzWlM1amIyMGlmU3g3SW1sa0lqbzFMQ0p1WVcxbElqb2lSbTl5YldGMGFXOXVJSE52ZFdoaGFYVERxV1VpTENKaGNtVmhJam9pWm05eWJXRjBhVzl1SWl3aWFYTkRhR1ZqYTJWa0lqcDBjblZsTENKcGMwUnliM0JrYjNkdUlqcDBjblZsTENKd2JHRmpaV2h2YkdSbGNpSTZJbFBEcVd4bFkzUnBiMjV1WlhvZ2RXNWxJR1p2Y20xaGRHbHZiaUo5TEhzaWFXUWlPallzSW01aGJXVWlPaUpRWlhKdFpYUjBjbVVndzZBZ2JPS0FtY09wYk1Pb2RtVWdaR1VnYzhPcGJHVmpkR2x2Ym01bGNpQjFibVVnWVdkbGJtTmxJaXdpWVhKbFlTSTZJbUZuWlc1amVTSXNJbWx6UTJobFkydGxaQ0k2Wm1Gc2MyVXNJbWx6UkhKdmNHUnZkMjRpT25SeWRXVXNJbkJzWVdObGFHOXNaR1Z5SWpvaVU4T3BiR1ZqZEdsdmJtNWxlaUIxYm1VZ1lXZGxibU5sSW4wc2V5SnBaQ0k2Tnl3aWJtRnRaU0k2SWsxbGMzTmhaMlVnY0dWeWMyOXVibUZzYVhQRHFTSXNJbUZ5WldFaU9pSnRaWE56WVdkbElpd2lhWE5EYUdWamEyVmtJanAwY25WbExDSnBjMFJ5YjNCa2IzZHVJanBtWVd4elpTd2ljR3hoWTJWb2IyeGtaWElpT2lJaWZWMHNJbVp2Y20xRGIyeHZjbk1pT2x0N0ltbGtJam94TENKdVlXMWxJam9pUVhKeWFjT29jbVVnY0d4aGJpSXNJbUZ5WldFaU9pSmlZV05yWjNKdmRXNWtRMjlzYjNJaUxDSmpiMnh2Y2lJNklpTm1abVptWm1ZaWZTeDdJbWxrSWpveUxDSnVZVzFsSWpvaVEyaGhiWEJ6SWl3aVlYSmxZU0k2SW1acFpXeGtjME52Ykc5eUlpd2lZMjlzYjNJaU9pSWpSamRHTjBZM0luMHNleUpwWkNJNk15d2libUZ0WlNJNklsUmxlSFJsSUNqRHFYUnBjWFZsZEhSbGN5a2lMQ0poY21WaElqb2liR0ZpWld4elEyOXNiM0lpTENKamIyeHZjaUk2SWlNek16TXpNek1pZlN4N0ltbGtJam8wTENKdVlXMWxJam9pVkdWNGRHVWdLR05vWVcxd2N5a2lMQ0poY21WaElqb2labWxsYkdSelZHVjRkRU52Ykc5eUlpd2lZMjlzYjNJaU9pSWpNek16TXpNekluMHNleUpwWkNJNk5Td2libUZ0WlNJNklrSnZkWFJ2YmlJc0ltRnlaV0VpT2lKaWRYUjBiMjVEYjJ4dmNpSXNJbU52Ykc5eUlqb2lJMk14TURBMU9DSjlMSHNpYVdRaU9qWXNJbTVoYldVaU9pSlVaWGgwWlNBb1ltOTFkRzl1S1NJc0ltRnlaV0VpT2lKaWRYUjBiMjVVWlhoMFEyOXNiM0lpTENKamIyeHZjaUk2SWlOR1JrWkdSa1lpZlYwc0luTmphRzl2YkVsa0lqb2lOVEkwTm1VellXWXlOR0V3TXprd01EQXlNREF3TVdSa0luMCUzRCUyNyUyMHdpZHRoJTNEJTI3MTAwJTI1JTI3JTIwc2Nyb2xsaW5nJTNEJTI3bm8lMjclMjBhbGxvd2Z1bGxzY3JlZW4lMjBpZCUzRCUyN2luaWZyYW1lJTI3JTIwc3R5bGUlM0QlMjdib3JkZXItc3R5bGUlM0ElMjBub25lJTNCJTIwb3ZlcmZsb3clM0ElMjBzY3JvbGwlM0IlMjBvdmVyZmxvdy14JTNBJTIwaGlkZGVuJTNCJTIwaGVpZ2h0JTNBJTIwMTIwdmglM0IlMjclM0UlM0MlMkZpZnJhbWUlM0U=[\/vc_raw_html][\/vc_column][vc_column column_padding=\u00a0\u00bbpadding-4-percent\u00a0\u00bb column_padding_position=\u00a0\u00bball\u00a0\u00bb background_color_opacity=\u00a0\u00bb1&Prime; background_hover_color_opacity=\u00a0\u00bb1&Prime; column_link_target=\u00a0\u00bb_self\u00a0\u00bb column_shadow=\u00a0\u00bbnone\u00a0\u00bb column_border_radius=\u00a0\u00bbnone\u00a0\u00bb width=\u00a0\u00bb1\/3&Prime; tablet_width_inherit=\u00a0\u00bbdefault\u00a0\u00bb tablet_text_alignment=\u00a0\u00bbdefault\u00a0\u00bb phone_text_alignment=\u00a0\u00bbdefault\u00a0\u00bb enable_gradient=\u00a0\u00bbtrue\u00a0\u00bb color_overlay=\u00a0\u00bb#281b59&Prime; color_overlay_2=\u00a0\u00bb#c10058&Prime; gradient_direction=\u00a0\u00bbleft_to_right\u00a0\u00bb overlay_strength=\u00a0\u00bb1&Prime; column_border_width=\u00a0\u00bbnone\u00a0\u00bb column_border_style=\u00a0\u00bbsolid\u00a0\u00bb bg_image_animation=\u00a0\u00bbnone\u00a0\u00bb][vc_row_inner column_margin=\u00a0\u00bbdefault\u00a0\u00bb bottom_padding=\u00a0\u00bb30&Prime; text_align=\u00a0\u00bbleft\u00a0\u00bb][vc_column_inner column_padding=\u00a0\u00bbno-extra-padding\u00a0\u00bb column_padding_position=\u00a0\u00bball\u00a0\u00bb background_color_opacity=\u00a0\u00bb1&Prime; background_hover_color_opacity=\u00a0\u00bb1&Prime; font_color=\u00a0\u00bb#ffffff\u00a0\u00bb column_shadow=\u00a0\u00bbnone\u00a0\u00bb column_border_radius=\u00a0\u00bbnone\u00a0\u00bb column_link_target=\u00a0\u00bb_self\u00a0\u00bb width=\u00a0\u00bb1\/1&Prime; tablet_width_inherit=\u00a0\u00bbdefault\u00a0\u00bb overlay_strength=\u00a0\u00bb0.3&Prime; column_border_width=\u00a0\u00bbnone\u00a0\u00bb column_border_style=\u00a0\u00bbsolid\u00a0\u00bb bg_image_animation=\u00a0\u00bbnone\u00a0\u00bb][vc_column_text]\n<h4><i class=\"fa fa-map-signs\" style=\"color: #00e5ac!important;\"><\/i> O\u00f9 sommes-nous ?<\/h4>\n<p>Venez nous rencontrer au :<br \/>\n15 avenue L\u00e9nine<br \/>\n93120 La Courneuve<br \/>\n<a style=\"color: #00e5ac!important;\" href=\"https:\/\/www.google.com\/maps\/dir\/\/15+Av.+L\u00e9nine,+93120+La+Courneuve\/@48.9201305,2.4122286,15z\/data=!4m18!1m8!3m7!1s0x47e66c6156f0cb41:0x5d21a3426aead916!2s15+Av.+L\u00e9nine,+93120+La+Courneuve!3b1!8m2!3d48.9201401!4d2.4122571!16s%2Fg%2F11cnddnwlk!4m8!1m0!1m5!1m1!1s0x47e66c6156f0cb41:0x5d21a3426aead916!2m2!1d2.4122571!2d48.9201401!3e3?entry=ttu&amp;g_ep=EgoyMDI1MDMwNC4wIKXMDSoJLDEwMjExNDU1SAFQAw%3D%3D\" target=\"_blank\" rel=\"noopener\">Plan d&rsquo;acc\u00e8s<\/a><\/p>\n<p>M\u00e9tro <span class=\"metro ligne7\">7<\/span> La Courneuve &#8211; 8 Mai 1945<br \/>\nTram <span class=\"bus_rer ligneT1\">T1<\/span> Maurice Lach\u00e2tre[\/vc_column_text][\/vc_column_inner][\/vc_row_inner][vc_row_inner column_margin=\u00a0\u00bbdefault\u00a0\u00bb bottom_padding=\u00a0\u00bb30&Prime; text_align=\u00a0\u00bbleft\u00a0\u00bb][vc_column_inner column_padding=\u00a0\u00bbno-extra-padding\u00a0\u00bb column_padding_position=\u00a0\u00bball\u00a0\u00bb background_color_opacity=\u00a0\u00bb1&Prime; background_hover_color_opacity=\u00a0\u00bb1&Prime; font_color=\u00a0\u00bb#ffffff\u00a0\u00bb column_shadow=\u00a0\u00bbnone\u00a0\u00bb column_border_radius=\u00a0\u00bbnone\u00a0\u00bb bottom_margin=\u00a0\u00bb30&Prime; column_link_target=\u00a0\u00bb_self\u00a0\u00bb width=\u00a0\u00bb1\/1&Prime; tablet_width_inherit=\u00a0\u00bbdefault\u00a0\u00bb overlay_strength=\u00a0\u00bb0.3&Prime; column_border_width=\u00a0\u00bbnone\u00a0\u00bb column_border_style=\u00a0\u00bbsolid\u00a0\u00bb bg_image_animation=\u00a0\u00bbnone\u00a0\u00bb][vc_column_text]\n<h4><i class=\"fa fa-comments\" style=\"color: #00e5ac!important;\"><\/i> Nos coordonn\u00e9es<\/h4>\n<p><a class=\"phone\" href=\"tel:01.48.36.43.51\">01 48 36 43 51<\/a><br \/>\n<a class=\"phone\" href=\"mailto:lacourneuve@autoecole-inris.com\">Envoyer un mail<\/a>[\/vc_column_text][\/vc_column_inner][\/vc_row_inner][vc_row_inner column_margin=\u00a0\u00bbdefault\u00a0\u00bb bottom_padding=\u00a0\u00bb30&Prime; text_align=\u00a0\u00bbleft\u00a0\u00bb][vc_column_inner column_padding=\u00a0\u00bbno-extra-padding\u00a0\u00bb column_padding_position=\u00a0\u00bball\u00a0\u00bb background_color_opacity=\u00a0\u00bb1&Prime; background_hover_color_opacity=\u00a0\u00bb1&Prime; font_color=\u00a0\u00bb#ffffff\u00a0\u00bb column_shadow=\u00a0\u00bbnone\u00a0\u00bb column_border_radius=\u00a0\u00bbnone\u00a0\u00bb column_link_target=\u00a0\u00bb_self\u00a0\u00bb width=\u00a0\u00bb1\/1&Prime; tablet_width_inherit=\u00a0\u00bbdefault\u00a0\u00bb overlay_strength=\u00a0\u00bb0.3&Prime; column_border_width=\u00a0\u00bbnone\u00a0\u00bb column_border_style=\u00a0\u00bbsolid\u00a0\u00bb bg_image_animation=\u00a0\u00bbnone\u00a0\u00bb][vc_column_text]\n<h4><i class=\"fa fa-clock\" style=\"color: #00e5ac!important;\"><\/i> Nos horaires<\/h4>\n<p>Notre agence est ouverte :<\/p>\n<ul>\n<li>lundi : 15h-19h<\/li>\n<li>mardi et vendredi : 10h-19h.<\/li>\n<li>samedi : 10h-16h.<\/li>\n<\/ul>\n[\/vc_column_text][\/vc_column_inner][\/vc_row_inner][\/vc_column][\/vc_row][vc_row type=\u00a0\u00bbfull_width_content\u00a0\u00bb full_screen_row_position=\u00a0\u00bbmiddle\u00a0\u00bb column_margin=\u00a0\u00bbdefault\u00a0\u00bb scene_position=\u00a0\u00bbcenter\u00a0\u00bb text_color=\u00a0\u00bbdark\u00a0\u00bb text_align=\u00a0\u00bbleft\u00a0\u00bb overlay_strength=\u00a0\u00bb0.3&Prime; shape_divider_position=\u00a0\u00bbbottom\u00a0\u00bb bg_image_animation=\u00a0\u00bbnone\u00a0\u00bb shape_type=\u00a0\u00bb\u00a0\u00bb][vc_column centered_text=\u00a0\u00bbtrue\u00a0\u00bb column_padding=\u00a0\u00bbpadding-1-percent\u00a0\u00bb column_padding_position=\u00a0\u00bball\u00a0\u00bb background_color=\u00a0\u00bb#333333&Prime; background_color_opacity=\u00a0\u00bb1&Prime; background_hover_color_opacity=\u00a0\u00bb1&Prime; font_color=\u00a0\u00bb#ffffff\u00a0\u00bb column_link_target=\u00a0\u00bb_self\u00a0\u00bb column_shadow=\u00a0\u00bbnone\u00a0\u00bb column_border_radius=\u00a0\u00bbnone\u00a0\u00bb width=\u00a0\u00bb1\/1&Prime; tablet_width_inherit=\u00a0\u00bbdefault\u00a0\u00bb tablet_text_alignment=\u00a0\u00bbdefault\u00a0\u00bb phone_text_alignment=\u00a0\u00bbdefault\u00a0\u00bb overlay_strength=\u00a0\u00bb0.3&Prime; column_border_width=\u00a0\u00bbnone\u00a0\u00bb column_border_style=\u00a0\u00bbsolid\u00a0\u00bb bg_image_animation=\u00a0\u00bbnone\u00a0\u00bb][vc_column_text]Vous pouvez vous <b>opposer \u00e0 l\u2019utilisation de vos coordonn\u00e9es t\u00e9l\u00e9phoniques<\/b> \u00e0 des fins de prospection commerciale en vous inscrivant sur la liste d\u2019opposition au d\u00e9marchage t\u00e9l\u00e9phonique sur le site internet\u00a0 <u>bloctel.gouv.fr<\/u>\u00a0ou par courrier \u00e0 l\u2019adresse\u00a0: Worldline \u2013 Service Bloctel \u2013 CS 61311 \u2013 41013 BLOIS CEDEX[\/vc_column_text][\/vc_column][\/vc_row]\n","protected":false},"excerpt":{"rendered":"<p>[vc_row type=\u00a0\u00bbfull_width_content\u00a0\u00bb full_screen_row_position=\u00a0\u00bbmiddle\u00a0\u00bb equal_height=\u00a0\u00bbyes\u00a0\u00bb column_margin=\u00a0\u00bbnone\u00a0\u00bb bg_color=\u00a0\u00bb#ffffff\u00a0\u00bb scene_position=\u00a0\u00bbcenter\u00a0\u00bb text_color=\u00a0\u00bbdark\u00a0\u00bb text_align=\u00a0\u00bbleft\u00a0\u00bb class=\u00a0\u00bbmargin-form\u00a0\u00bb overlay_strength=\u00a0\u00bb1&Prime; shape_divider_position=\u00a0\u00bbbottom\u00a0\u00bb bg_image_animation=\u00a0\u00bbnone\u00a0\u00bb shape_type=\u00a0\u00bb\u00a0\u00bb][vc_column column_padding=\u00a0\u00bbpadding-4-percent\u00a0\u00bb column_padding_position=\u00a0\u00bball\u00a0\u00bb background_color=\u00a0\u00bb#ffffff\u00a0\u00bb background_color_opacity=\u00a0\u00bb1&Prime; background_hover_color_opacity=\u00a0\u00bb1&Prime; font_color=\u00a0\u00bb#040404&Prime; column_link_target=\u00a0\u00bb_self\u00a0\u00bb column_shadow=\u00a0\u00bbnone\u00a0\u00bb column_border_radius=\u00a0\u00bbnone\u00a0\u00bb width=\u00a0\u00bb2\/3&Prime; tablet_width_inherit=\u00a0\u00bbdefault\u00a0\u00bb tablet_text_alignment=\u00a0\u00bbdefault\u00a0\u00bb phone_text_alignment=\u00a0\u00bbdefault\u00a0\u00bb overlay_strength=\u00a0\u00bb0.3&Prime; column_border_width=\u00a0\u00bbnone\u00a0\u00bb column_border_style=\u00a0\u00bbsolid\u00a0\u00bb&#8230;<\/p>\n","protected":false},"author":1,"featured_media":27,"parent":0,"menu_order":0,"comment_status":"closed","ping_status":"closed","template":"","meta":{"_joinchat":[],"footnotes":""},"class_list":["post-15","page","type-page","status-publish","has-post-thumbnail"],"yoast_head":"<!-- This site is optimized with the Yoast SEO plugin v26.8 - https:\/\/yoast.com\/product\/yoast-seo-wordpress\/ -->\n<title>Contact ez nous par t\u00e9l\u00e9phone ou email - INRI&#039;S La Courneuve<\/title>\n<meta name=\"description\" content=\"Contactez l&#039;Auto-\u00e9cole INRI&#039;S La Courneuve (93), par t\u00e9l\u00e9phone, par email ou prendre rendez-vous en agence aux horaires d&#039;ouverture.\" \/>\n<meta name=\"robots\" content=\"noindex, follow, max-snippet:-1, max-image-preview:large, max-video-preview:-1\" \/>\n<meta property=\"og:locale\" content=\"fr_FR\" \/>\n<meta property=\"og:type\" content=\"article\" \/>\n<meta property=\"og:title\" content=\"Contact ez nous par t\u00e9l\u00e9phone ou email - INRI&#039;S La Courneuve\" \/>\n<meta property=\"og:description\" content=\"Contactez l&#039;Auto-\u00e9cole INRI&#039;S La Courneuve (93), par t\u00e9l\u00e9phone, par email ou prendre rendez-vous en agence aux horaires d&#039;ouverture.\" \/>\n<meta property=\"og:url\" content=\"https:\/\/de-vv.com\/inris\/contact\/\" \/>\n<meta property=\"og:site_name\" content=\"INRI&#039;S La Courneuve\" \/>\n<meta property=\"article:modified_time\" content=\"2025-03-31T19:44:35+00:00\" \/>\n<meta property=\"og:image\" content=\"https:\/\/de-vv.com\/inris\/wp-content\/uploads\/2025\/02\/favicon_inris_formation.png\" \/>\n\t<meta property=\"og:image:width\" content=\"512\" \/>\n\t<meta property=\"og:image:height\" content=\"512\" \/>\n\t<meta property=\"og:image:type\" content=\"image\/png\" \/>\n<meta name=\"twitter:card\" content=\"summary_large_image\" \/>\n<meta name=\"twitter:label1\" content=\"Dur\u00e9e de lecture estim\u00e9e\" \/>\n\t<meta name=\"twitter:data1\" content=\"2 minutes\" \/>\n<script type=\"application\/ld+json\" class=\"yoast-schema-graph\">{\"@context\":\"https:\/\/schema.org\",\"@graph\":[{\"@type\":\"WebPage\",\"@id\":\"https:\/\/de-vv.com\/inris\/contact\/\",\"url\":\"https:\/\/de-vv.com\/inris\/contact\/\",\"name\":\"Contact ez nous par t\u00e9l\u00e9phone ou email - INRI&#039;S La Courneuve\",\"isPartOf\":{\"@id\":\"https:\/\/de-vv.com\/inris\/#website\"},\"primaryImageOfPage\":{\"@id\":\"https:\/\/de-vv.com\/inris\/contact\/#primaryimage\"},\"image\":{\"@id\":\"https:\/\/de-vv.com\/inris\/contact\/#primaryimage\"},\"thumbnailUrl\":\"https:\/\/de-vv.com\/inris\/wp-content\/uploads\/2025\/02\/favicon_inris_formation.png\",\"datePublished\":\"2025-02-20T18:13:26+00:00\",\"dateModified\":\"2025-03-31T19:44:35+00:00\",\"description\":\"Contactez l'Auto-\u00e9cole INRI'S La Courneuve (93), par t\u00e9l\u00e9phone, par email ou prendre rendez-vous en agence aux horaires d'ouverture.\",\"breadcrumb\":{\"@id\":\"https:\/\/de-vv.com\/inris\/contact\/#breadcrumb\"},\"inLanguage\":\"fr-FR\",\"potentialAction\":[{\"@type\":\"ReadAction\",\"target\":[\"https:\/\/de-vv.com\/inris\/contact\/\"]}]},{\"@type\":\"ImageObject\",\"inLanguage\":\"fr-FR\",\"@id\":\"https:\/\/de-vv.com\/inris\/contact\/#primaryimage\",\"url\":\"https:\/\/de-vv.com\/inris\/wp-content\/uploads\/2025\/02\/favicon_inris_formation.png\",\"contentUrl\":\"https:\/\/de-vv.com\/inris\/wp-content\/uploads\/2025\/02\/favicon_inris_formation.png\",\"width\":512,\"height\":512,\"caption\":\"Favicon INRI'S Formation\"},{\"@type\":\"BreadcrumbList\",\"@id\":\"https:\/\/de-vv.com\/inris\/contact\/#breadcrumb\",\"itemListElement\":[{\"@type\":\"ListItem\",\"position\":1,\"name\":\"Accueil\",\"item\":\"https:\/\/de-vv.com\/inris\/\"},{\"@type\":\"ListItem\",\"position\":2,\"name\":\"Contact\"}]},{\"@type\":\"WebSite\",\"@id\":\"https:\/\/de-vv.com\/inris\/#website\",\"url\":\"https:\/\/de-vv.com\/inris\/\",\"name\":\"INRI&#039;S La Courneuve\",\"description\":\"Permis auto, moto et poids-lourd \u00e0 La Courneuve\",\"potentialAction\":[{\"@type\":\"SearchAction\",\"target\":{\"@type\":\"EntryPoint\",\"urlTemplate\":\"https:\/\/de-vv.com\/inris\/?s={search_term_string}\"},\"query-input\":{\"@type\":\"PropertyValueSpecification\",\"valueRequired\":true,\"valueName\":\"search_term_string\"}}],\"inLanguage\":\"fr-FR\"}]}<\/script>\n<!-- \/ Yoast SEO plugin. -->","yoast_head_json":{"title":"Contact ez nous par t\u00e9l\u00e9phone ou email - INRI&#039;S La Courneuve","description":"Contactez l'Auto-\u00e9cole INRI'S La Courneuve (93), par t\u00e9l\u00e9phone, par email ou prendre rendez-vous en agence aux horaires d'ouverture.","robots":{"index":"noindex","follow":"follow","max-snippet":"max-snippet:-1","max-image-preview":"max-image-preview:large","max-video-preview":"max-video-preview:-1"},"og_locale":"fr_FR","og_type":"article","og_title":"Contact ez nous par t\u00e9l\u00e9phone ou email - INRI&#039;S La Courneuve","og_description":"Contactez l'Auto-\u00e9cole INRI'S La Courneuve (93), par t\u00e9l\u00e9phone, par email ou prendre rendez-vous en agence aux horaires d'ouverture.","og_url":"https:\/\/de-vv.com\/inris\/contact\/","og_site_name":"INRI&#039;S La Courneuve","article_modified_time":"2025-03-31T19:44:35+00:00","og_image":[{"width":512,"height":512,"url":"https:\/\/de-vv.com\/inris\/wp-content\/uploads\/2025\/02\/favicon_inris_formation.png","type":"image\/png"}],"twitter_card":"summary_large_image","twitter_misc":{"Dur\u00e9e de lecture estim\u00e9e":"2 minutes"},"schema":{"@context":"https:\/\/schema.org","@graph":[{"@type":"WebPage","@id":"https:\/\/de-vv.com\/inris\/contact\/","url":"https:\/\/de-vv.com\/inris\/contact\/","name":"Contact ez nous par t\u00e9l\u00e9phone ou email - INRI&#039;S La Courneuve","isPartOf":{"@id":"https:\/\/de-vv.com\/inris\/#website"},"primaryImageOfPage":{"@id":"https:\/\/de-vv.com\/inris\/contact\/#primaryimage"},"image":{"@id":"https:\/\/de-vv.com\/inris\/contact\/#primaryimage"},"thumbnailUrl":"https:\/\/de-vv.com\/inris\/wp-content\/uploads\/2025\/02\/favicon_inris_formation.png","datePublished":"2025-02-20T18:13:26+00:00","dateModified":"2025-03-31T19:44:35+00:00","description":"Contactez l'Auto-\u00e9cole INRI'S La Courneuve (93), par t\u00e9l\u00e9phone, par email ou prendre rendez-vous en agence aux horaires d'ouverture.","breadcrumb":{"@id":"https:\/\/de-vv.com\/inris\/contact\/#breadcrumb"},"inLanguage":"fr-FR","potentialAction":[{"@type":"ReadAction","target":["https:\/\/de-vv.com\/inris\/contact\/"]}]},{"@type":"ImageObject","inLanguage":"fr-FR","@id":"https:\/\/de-vv.com\/inris\/contact\/#primaryimage","url":"https:\/\/de-vv.com\/inris\/wp-content\/uploads\/2025\/02\/favicon_inris_formation.png","contentUrl":"https:\/\/de-vv.com\/inris\/wp-content\/uploads\/2025\/02\/favicon_inris_formation.png","width":512,"height":512,"caption":"Favicon INRI'S Formation"},{"@type":"BreadcrumbList","@id":"https:\/\/de-vv.com\/inris\/contact\/#breadcrumb","itemListElement":[{"@type":"ListItem","position":1,"name":"Accueil","item":"https:\/\/de-vv.com\/inris\/"},{"@type":"ListItem","position":2,"name":"Contact"}]},{"@type":"WebSite","@id":"https:\/\/de-vv.com\/inris\/#website","url":"https:\/\/de-vv.com\/inris\/","name":"INRI&#039;S La Courneuve","description":"Permis auto, moto et poids-lourd \u00e0 La Courneuve","potentialAction":[{"@type":"SearchAction","target":{"@type":"EntryPoint","urlTemplate":"https:\/\/de-vv.com\/inris\/?s={search_term_string}"},"query-input":{"@type":"PropertyValueSpecification","valueRequired":true,"valueName":"search_term_string"}}],"inLanguage":"fr-FR"}]}},"_links":{"self":[{"href":"https:\/\/de-vv.com\/inris\/wp-json\/wp\/v2\/pages\/15","targetHints":{"allow":["GET"]}}],"collection":[{"href":"https:\/\/de-vv.com\/inris\/wp-json\/wp\/v2\/pages"}],"about":[{"href":"https:\/\/de-vv.com\/inris\/wp-json\/wp\/v2\/types\/page"}],"author":[{"embeddable":true,"href":"https:\/\/de-vv.com\/inris\/wp-json\/wp\/v2\/users\/1"}],"replies":[{"embeddable":true,"href":"https:\/\/de-vv.com\/inris\/wp-json\/wp\/v2\/comments?post=15"}],"version-history":[{"count":5,"href":"https:\/\/de-vv.com\/inris\/wp-json\/wp\/v2\/pages\/15\/revisions"}],"predecessor-version":[{"id":408,"href":"https:\/\/de-vv.com\/inris\/wp-json\/wp\/v2\/pages\/15\/revisions\/408"}],"wp:featuredmedia":[{"embeddable":true,"href":"https:\/\/de-vv.com\/inris\/wp-json\/wp\/v2\/media\/27"}],"wp:attachment":[{"href":"https:\/\/de-vv.com\/inris\/wp-json\/wp\/v2\/media?parent=15"}],"curies":[{"name":"wp","href":"https:\/\/api.w.org\/{rel}","templated":true}]}}