{"id":32,"date":"2025-02-20T19:40:06","date_gmt":"2025-02-20T18:40:06","guid":{"rendered":"https:\/\/de-vv.com\/inris\/?page_id=32"},"modified":"2025-03-15T13:16:06","modified_gmt":"2025-03-15T12:16:06","slug":"permis-poids-lourd","status":"publish","type":"page","link":"https:\/\/de-vv.com\/inris\/permis-poids-lourd\/","title":{"rendered":"Permis Poids Lourd"},"content":{"rendered":"[vc_row type=\u00a0\u00bbfull_width_background\u00a0\u00bb full_screen_row_position=\u00a0\u00bbmiddle\u00a0\u00bb equal_height=\u00a0\u00bbyes\u00a0\u00bb content_placement=\u00a0\u00bbmiddle\u00a0\u00bb column_margin=\u00a0\u00bbdefault\u00a0\u00bb scene_position=\u00a0\u00bbcenter\u00a0\u00bb text_color=\u00a0\u00bbdark\u00a0\u00bb text_align=\u00a0\u00bbcenter\u00a0\u00bb overlay_strength=\u00a0\u00bb0.3&Prime; shape_divider_position=\u00a0\u00bbbottom\u00a0\u00bb bg_image_animation=\u00a0\u00bbnone\u00a0\u00bb shape_type=\u00a0\u00bb\u00a0\u00bb][vc_column column_padding=\u00a0\u00bbpadding-2-percent\u00a0\u00bb column_padding_position=\u00a0\u00bball\u00a0\u00bb background_color_opacity=\u00a0\u00bb1&Prime; background_hover_color_opacity=\u00a0\u00bb1&Prime; column_link_target=\u00a0\u00bb_self\u00a0\u00bb column_shadow=\u00a0\u00bbnone\u00a0\u00bb column_border_radius=\u00a0\u00bbnone\u00a0\u00bb width=\u00a0\u00bb1\/1&Prime; tablet_width_inherit=\u00a0\u00bbdefault\u00a0\u00bb tablet_text_alignment=\u00a0\u00bbdefault\u00a0\u00bb phone_text_alignment=\u00a0\u00bbdefault\u00a0\u00bb overlay_strength=\u00a0\u00bb0.3&Prime; column_border_width=\u00a0\u00bbnone\u00a0\u00bb column_border_style=\u00a0\u00bbsolid\u00a0\u00bb bg_image_animation=\u00a0\u00bbnone\u00a0\u00bb][vc_column_text]\n<h1 style=\"text-align: center;\">Passez le permis poids lourd avec l\u2019auto-\u00e9cole INRI&rsquo;S La Courneuve !<\/h1>\n[\/vc_column_text][\/vc_column][\/vc_row][vc_row type=\u00a0\u00bbfull_width_background\u00a0\u00bb full_screen_row_position=\u00a0\u00bbmiddle\u00a0\u00bb column_margin=\u00a0\u00bbdefault\u00a0\u00bb scene_position=\u00a0\u00bbcenter\u00a0\u00bb text_color=\u00a0\u00bbdark\u00a0\u00bb text_align=\u00a0\u00bbleft\u00a0\u00bb top_padding=\u00a0\u00bb2%\u00a0\u00bb bottom_padding=\u00a0\u00bb2%\u00a0\u00bb overlay_strength=\u00a0\u00bb0.3&Prime; shape_divider_position=\u00a0\u00bbbottom\u00a0\u00bb bg_image_animation=\u00a0\u00bbnone\u00a0\u00bb shape_type=\u00a0\u00bb\u00a0\u00bb][vc_column column_padding=\u00a0\u00bbno-extra-padding\u00a0\u00bb column_padding_position=\u00a0\u00bball\u00a0\u00bb background_color_opacity=\u00a0\u00bb1&Prime; background_hover_color_opacity=\u00a0\u00bb1&Prime; column_link_target=\u00a0\u00bb_self\u00a0\u00bb column_shadow=\u00a0\u00bbnone\u00a0\u00bb column_border_radius=\u00a0\u00bbnone\u00a0\u00bb width=\u00a0\u00bb1\/6&Prime; tablet_width_inherit=\u00a0\u00bbdefault\u00a0\u00bb tablet_text_alignment=\u00a0\u00bbdefault\u00a0\u00bb phone_text_alignment=\u00a0\u00bbdefault\u00a0\u00bb overlay_strength=\u00a0\u00bb0.3&Prime; column_border_width=\u00a0\u00bbnone\u00a0\u00bb column_border_style=\u00a0\u00bbsolid\u00a0\u00bb bg_image_animation=\u00a0\u00bbnone\u00a0\u00bb offset=\u00a0\u00bbvc_hidden-sm vc_hidden-xs\u00a0\u00bb][\/vc_column][vc_column centered_text=\u00a0\u00bbtrue\u00a0\u00bb column_padding=\u00a0\u00bbpadding-2-percent\u00a0\u00bb column_padding_position=\u00a0\u00bball\u00a0\u00bb background_color=\u00a0\u00bb#ffffff\u00a0\u00bb background_color_opacity=\u00a0\u00bb1&Prime; background_color_hover=\u00a0\u00bb#ffffff\u00a0\u00bb background_hover_color_opacity=\u00a0\u00bb1&Prime; column_link_target=\u00a0\u00bb_self\u00a0\u00bb column_shadow=\u00a0\u00bbsmall_depth\u00a0\u00bb column_border_radius=\u00a0\u00bb5px\u00a0\u00bb el_class=\u00a0\u00bbcolorhover\u00a0\u00bb width=\u00a0\u00bb1\/3&Prime; tablet_width_inherit=\u00a0\u00bbdefault\u00a0\u00bb tablet_text_alignment=\u00a0\u00bbdefault\u00a0\u00bb phone_text_alignment=\u00a0\u00bbdefault\u00a0\u00bb overlay_strength=\u00a0\u00bb0.3&Prime; column_border_width=\u00a0\u00bb1px\u00a0\u00bb column_border_color=\u00a0\u00bb#eff2ff\u00a0\u00bb bg_image_animation=\u00a0\u00bbnone\u00a0\u00bb][vc_column_text css=\u00a0\u00bb.vc_custom_1742036791480{padding-bottom: 20px !important;}\u00a0\u00bb]\n<h5 style=\"text-transform: uppercase;\"><a style=\"color: #00e5ac;\" href=\"https:\/\/de-vv.com\/inris\/financement-cpf\/#lourd\">\u00c9ligible CPF<\/a><\/h5>\n<h2>Permis C<\/h2>\n<p>Le permis C autorise la conduite des v\u00e9hicules affect\u00e9s au transport de marchandises ou de mat\u00e9riel.<\/p>\n<h3>d\u00e8s 1900\u20ac TTC<\/h3>\n[\/vc_column_text][nectar_btn size=\u00a0\u00bblarge\u00a0\u00bb button_style=\u00a0\u00bbregular\u00a0\u00bb button_color_2=\u00a0\u00bbAccent-Color\u00a0\u00bb icon_family=\u00a0\u00bbdefault_arrow\u00a0\u00bb url=\u00a0\u00bbhttps:\/\/de-vv.com\/inris\/permis-c\/\u00a0\u00bb text=\u00a0\u00bbJe d\u00e9couvre\u00a0\u00bb][\/vc_column][vc_column centered_text=\u00a0\u00bbtrue\u00a0\u00bb column_padding=\u00a0\u00bbpadding-2-percent\u00a0\u00bb column_padding_position=\u00a0\u00bball\u00a0\u00bb background_color=\u00a0\u00bb#ffffff\u00a0\u00bb background_color_opacity=\u00a0\u00bb1&Prime; background_color_hover=\u00a0\u00bb#ffffff\u00a0\u00bb background_hover_color_opacity=\u00a0\u00bb1&Prime; column_link_target=\u00a0\u00bb_self\u00a0\u00bb column_shadow=\u00a0\u00bbsmall_depth\u00a0\u00bb column_border_radius=\u00a0\u00bb5px\u00a0\u00bb el_class=\u00a0\u00bbcolorhover\u00a0\u00bb width=\u00a0\u00bb1\/3&Prime; tablet_width_inherit=\u00a0\u00bbdefault\u00a0\u00bb tablet_text_alignment=\u00a0\u00bbdefault\u00a0\u00bb phone_text_alignment=\u00a0\u00bbdefault\u00a0\u00bb overlay_strength=\u00a0\u00bb0.3&Prime; column_border_width=\u00a0\u00bb1px\u00a0\u00bb column_border_color=\u00a0\u00bb#eff2ff\u00a0\u00bb bg_image_animation=\u00a0\u00bbnone\u00a0\u00bb][vc_column_text css=\u00a0\u00bb.vc_custom_1742036488147{padding-bottom: 20px !important;}\u00a0\u00bb]\n<h5 style=\"color: #c10058; text-transform: uppercase;\">Prochainement<\/h5>\n<h2>Permis CE<\/h2>\n<p>Le permis CE autorise la conduite des v\u00e9hicules affect\u00e9s au transport de marchandises ou de mat\u00e9riel.<\/p>\n<h3>d\u00e8s 1900\u20ac TTC<\/h3>\n[\/vc_column_text][nectar_btn size=\u00a0\u00bblarge\u00a0\u00bb button_style=\u00a0\u00bbregular\u00a0\u00bb button_color_2=\u00a0\u00bbAccent-Color\u00a0\u00bb icon_family=\u00a0\u00bbdefault_arrow\u00a0\u00bb url=\u00a0\u00bbhttps:\/\/de-vv.com\/inris\/permis-ce\/\u00a0\u00bb text=\u00a0\u00bbJe d\u00e9couvre\u00a0\u00bb][\/vc_column][vc_column column_padding=\u00a0\u00bbno-extra-padding\u00a0\u00bb column_padding_position=\u00a0\u00bball\u00a0\u00bb background_color_opacity=\u00a0\u00bb1&Prime; background_hover_color_opacity=\u00a0\u00bb1&Prime; column_link_target=\u00a0\u00bb_self\u00a0\u00bb column_shadow=\u00a0\u00bbnone\u00a0\u00bb column_border_radius=\u00a0\u00bbnone\u00a0\u00bb width=\u00a0\u00bb1\/6&Prime; tablet_width_inherit=\u00a0\u00bbdefault\u00a0\u00bb tablet_text_alignment=\u00a0\u00bbdefault\u00a0\u00bb phone_text_alignment=\u00a0\u00bbdefault\u00a0\u00bb overlay_strength=\u00a0\u00bb0.3&Prime; column_border_width=\u00a0\u00bbnone\u00a0\u00bb column_border_style=\u00a0\u00bbsolid\u00a0\u00bb bg_image_animation=\u00a0\u00bbnone\u00a0\u00bb offset=\u00a0\u00bbvc_hidden-sm vc_hidden-xs\u00a0\u00bb][\/vc_column][\/vc_row][vc_row type=\u00a0\u00bbfull_width_background\u00a0\u00bb full_screen_row_position=\u00a0\u00bbmiddle\u00a0\u00bb column_margin=\u00a0\u00bbdefault\u00a0\u00bb bg_image=\u00a0\u00bb22&Prime; bg_position=\u00a0\u00bbcenter center\u00a0\u00bb bg_repeat=\u00a0\u00bbno-repeat\u00a0\u00bb scene_position=\u00a0\u00bbcenter\u00a0\u00bb text_color=\u00a0\u00bblight\u00a0\u00bb text_align=\u00a0\u00bbleft\u00a0\u00bb top_padding=\u00a0\u00bb20&Prime; bottom_padding=\u00a0\u00bb20&Prime; color_overlay=\u00a0\u00bb#000000&Prime; overlay_strength=\u00a0\u00bb0.5&Prime; shape_divider_position=\u00a0\u00bbbottom\u00a0\u00bb bg_image_animation=\u00a0\u00bbnone\u00a0\u00bb shape_type=\u00a0\u00bb\u00a0\u00bb][vc_column column_padding=\u00a0\u00bbpadding-2-percent\u00a0\u00bb column_padding_position=\u00a0\u00bball\u00a0\u00bb background_color_opacity=\u00a0\u00bb1&Prime; background_hover_color_opacity=\u00a0\u00bb1&Prime; column_link_target=\u00a0\u00bb_self\u00a0\u00bb column_shadow=\u00a0\u00bbnone\u00a0\u00bb column_border_radius=\u00a0\u00bbnone\u00a0\u00bb width=\u00a0\u00bb1\/1&Prime; tablet_width_inherit=\u00a0\u00bbdefault\u00a0\u00bb tablet_text_alignment=\u00a0\u00bbdefault\u00a0\u00bb phone_text_alignment=\u00a0\u00bbdefault\u00a0\u00bb overlay_strength=\u00a0\u00bb0.3&Prime; column_border_width=\u00a0\u00bbnone\u00a0\u00bb column_border_style=\u00a0\u00bbsolid\u00a0\u00bb bg_image_animation=\u00a0\u00bbnone\u00a0\u00bb][vc_column_text css=\u00a0\u00bb.vc_custom_1741463056476{padding-bottom: 12px !important;}\u00a0\u00bb]\n<h2>Une question sur le permis poids lourd ?<\/h2>\n<p>Vous avez une question sur le contenu de nos formations, sur nos tarifs ou sur nos horaires ? Besoin de conseils personnalis\u00e9s en fonction de votre situation ? Vous avez des contraintes d&rsquo;agenda ou souhaitez passer le permis rapidement?[\/vc_column_text][nectar_btn size=\u00a0\u00bblarge\u00a0\u00bb button_style=\u00a0\u00bbregular\u00a0\u00bb button_color_2=\u00a0\u00bbExtra-Color-2&Prime; solid_text_color_override=\u00a0\u00bb#281b59&Prime; icon_family=\u00a0\u00bbfontawesome\u00a0\u00bb url=\u00a0\u00bbhttps:\/\/de-vv.com\/inris\/contact\/\u00a0\u00bb text=\u00a0\u00bbContactez nous\u00a0\u00bb margin_top=\u00a0\u00bb5&Prime; margin_right=\u00a0\u00bb5&Prime; margin_bottom=\u00a0\u00bb5&Prime; icon_fontawesome=\u00a0\u00bbfa fa-envelope-open-o\u00a0\u00bb][nectar_btn size=\u00a0\u00bblarge\u00a0\u00bb button_style=\u00a0\u00bbregular\u00a0\u00bb button_color_2=\u00a0\u00bbExtra-Color-1&Prime; solid_text_color_override=\u00a0\u00bb#ffffff\u00a0\u00bb icon_family=\u00a0\u00bbfontawesome\u00a0\u00bb url=\u00a0\u00bbtel:01.48.36.43.51&Prime; text=\u00a0\u00bb01 48 36 43 51&Prime; margin_top=\u00a0\u00bb5&Prime; margin_right=\u00a0\u00bb5&Prime; margin_bottom=\u00a0\u00bb5&Prime; icon_fontawesome=\u00a0\u00bbfa fa-mobile\u00a0\u00bb][\/vc_column][\/vc_row]\n","protected":false},"excerpt":{"rendered":"<p>[vc_row type=\u00a0\u00bbfull_width_background\u00a0\u00bb full_screen_row_position=\u00a0\u00bbmiddle\u00a0\u00bb equal_height=\u00a0\u00bbyes\u00a0\u00bb content_placement=\u00a0\u00bbmiddle\u00a0\u00bb column_margin=\u00a0\u00bbdefault\u00a0\u00bb scene_position=\u00a0\u00bbcenter\u00a0\u00bb text_color=\u00a0\u00bbdark\u00a0\u00bb text_align=\u00a0\u00bbcenter\u00a0\u00bb overlay_strength=\u00a0\u00bb0.3&Prime; shape_divider_position=\u00a0\u00bbbottom\u00a0\u00bb bg_image_animation=\u00a0\u00bbnone\u00a0\u00bb shape_type=\u00a0\u00bb\u00a0\u00bb][vc_column column_padding=\u00a0\u00bbpadding-2-percent\u00a0\u00bb column_padding_position=\u00a0\u00bball\u00a0\u00bb background_color_opacity=\u00a0\u00bb1&Prime; background_hover_color_opacity=\u00a0\u00bb1&Prime; column_link_target=\u00a0\u00bb_self\u00a0\u00bb column_shadow=\u00a0\u00bbnone\u00a0\u00bb column_border_radius=\u00a0\u00bbnone\u00a0\u00bb width=\u00a0\u00bb1\/1&Prime; tablet_width_inherit=\u00a0\u00bbdefault\u00a0\u00bb tablet_text_alignment=\u00a0\u00bbdefault\u00a0\u00bb phone_text_alignment=\u00a0\u00bbdefault\u00a0\u00bb overlay_strength=\u00a0\u00bb0.3&Prime; column_border_width=\u00a0\u00bbnone\u00a0\u00bb column_border_style=\u00a0\u00bbsolid\u00a0\u00bb bg_image_animation=\u00a0\u00bbnone\u00a0\u00bb][vc_column_text] Passez le&#8230;<\/p>\n","protected":false},"author":1,"featured_media":27,"parent":0,"menu_order":0,"comment_status":"closed","ping_status":"closed","template":"","meta":{"_joinchat":[],"footnotes":""},"class_list":["post-32","page","type-page","status-publish","has-post-thumbnail"],"yoast_head":"<!-- This site is optimized with the Yoast SEO plugin v26.8 - https:\/\/yoast.com\/product\/yoast-seo-wordpress\/ -->\n<title>Permis Poids Lourd \/ Permis C \u00e0 La Courneuve - INRI&#039;S La Courneuve<\/title>\n<meta name=\"description\" content=\"L&#039;Auto-\u00e9cole INRI&#039;S La Courneuve vous permet de passer le permis poids lourd (C) sur piste priv\u00e9e. Financement CPF et France Travail.\" \/>\n<meta name=\"robots\" content=\"noindex, follow, max-snippet:-1, max-image-preview:large, max-video-preview:-1\" \/>\n<meta property=\"og:locale\" content=\"fr_FR\" \/>\n<meta property=\"og:type\" content=\"article\" \/>\n<meta property=\"og:title\" content=\"Permis Poids Lourd \/ Permis C \u00e0 La Courneuve - INRI&#039;S La Courneuve\" \/>\n<meta property=\"og:description\" content=\"L&#039;Auto-\u00e9cole INRI&#039;S La Courneuve vous permet de passer le permis poids lourd (C) sur piste priv\u00e9e. Financement CPF et France Travail.\" \/>\n<meta property=\"og:url\" content=\"https:\/\/de-vv.com\/inris\/permis-poids-lourd\/\" \/>\n<meta property=\"og:site_name\" content=\"INRI&#039;S La Courneuve\" \/>\n<meta property=\"article:modified_time\" content=\"2025-03-15T12:16:06+00:00\" \/>\n<meta property=\"og:image\" content=\"https:\/\/de-vv.com\/inris\/wp-content\/uploads\/2025\/02\/favicon_inris_formation.png\" \/>\n\t<meta property=\"og:image:width\" content=\"512\" \/>\n\t<meta property=\"og:image:height\" content=\"512\" \/>\n\t<meta property=\"og:image:type\" content=\"image\/png\" \/>\n<meta name=\"twitter:card\" content=\"summary_large_image\" \/>\n<meta name=\"twitter:label1\" content=\"Dur\u00e9e de lecture estim\u00e9e\" \/>\n\t<meta name=\"twitter:data1\" content=\"2 minutes\" \/>\n<script type=\"application\/ld+json\" class=\"yoast-schema-graph\">{\"@context\":\"https:\/\/schema.org\",\"@graph\":[{\"@type\":\"WebPage\",\"@id\":\"https:\/\/de-vv.com\/inris\/permis-poids-lourd\/\",\"url\":\"https:\/\/de-vv.com\/inris\/permis-poids-lourd\/\",\"name\":\"Permis Poids Lourd \/ Permis C \u00e0 La Courneuve - INRI&#039;S La Courneuve\",\"isPartOf\":{\"@id\":\"https:\/\/de-vv.com\/inris\/#website\"},\"primaryImageOfPage\":{\"@id\":\"https:\/\/de-vv.com\/inris\/permis-poids-lourd\/#primaryimage\"},\"image\":{\"@id\":\"https:\/\/de-vv.com\/inris\/permis-poids-lourd\/#primaryimage\"},\"thumbnailUrl\":\"https:\/\/de-vv.com\/inris\/wp-content\/uploads\/2025\/02\/favicon_inris_formation.png\",\"datePublished\":\"2025-02-20T18:40:06+00:00\",\"dateModified\":\"2025-03-15T12:16:06+00:00\",\"description\":\"L'Auto-\u00e9cole INRI'S La Courneuve vous permet de passer le permis poids lourd (C) sur piste priv\u00e9e. Financement CPF et France Travail.\",\"breadcrumb\":{\"@id\":\"https:\/\/de-vv.com\/inris\/permis-poids-lourd\/#breadcrumb\"},\"inLanguage\":\"fr-FR\",\"potentialAction\":[{\"@type\":\"ReadAction\",\"target\":[\"https:\/\/de-vv.com\/inris\/permis-poids-lourd\/\"]}]},{\"@type\":\"ImageObject\",\"inLanguage\":\"fr-FR\",\"@id\":\"https:\/\/de-vv.com\/inris\/permis-poids-lourd\/#primaryimage\",\"url\":\"https:\/\/de-vv.com\/inris\/wp-content\/uploads\/2025\/02\/favicon_inris_formation.png\",\"contentUrl\":\"https:\/\/de-vv.com\/inris\/wp-content\/uploads\/2025\/02\/favicon_inris_formation.png\",\"width\":512,\"height\":512,\"caption\":\"Favicon INRI'S Formation\"},{\"@type\":\"BreadcrumbList\",\"@id\":\"https:\/\/de-vv.com\/inris\/permis-poids-lourd\/#breadcrumb\",\"itemListElement\":[{\"@type\":\"ListItem\",\"position\":1,\"name\":\"Accueil\",\"item\":\"https:\/\/de-vv.com\/inris\/\"},{\"@type\":\"ListItem\",\"position\":2,\"name\":\"Permis Poids Lourd\"}]},{\"@type\":\"WebSite\",\"@id\":\"https:\/\/de-vv.com\/inris\/#website\",\"url\":\"https:\/\/de-vv.com\/inris\/\",\"name\":\"INRI&#039;S La Courneuve\",\"description\":\"Permis auto, moto et poids-lourd \u00e0 La Courneuve\",\"potentialAction\":[{\"@type\":\"SearchAction\",\"target\":{\"@type\":\"EntryPoint\",\"urlTemplate\":\"https:\/\/de-vv.com\/inris\/?s={search_term_string}\"},\"query-input\":{\"@type\":\"PropertyValueSpecification\",\"valueRequired\":true,\"valueName\":\"search_term_string\"}}],\"inLanguage\":\"fr-FR\"}]}<\/script>\n<!-- \/ Yoast SEO plugin. -->","yoast_head_json":{"title":"Permis Poids Lourd \/ Permis C \u00e0 La Courneuve - INRI&#039;S La Courneuve","description":"L'Auto-\u00e9cole INRI'S La Courneuve vous permet de passer le permis poids lourd (C) sur piste priv\u00e9e. Financement CPF et France Travail.","robots":{"index":"noindex","follow":"follow","max-snippet":"max-snippet:-1","max-image-preview":"max-image-preview:large","max-video-preview":"max-video-preview:-1"},"og_locale":"fr_FR","og_type":"article","og_title":"Permis Poids Lourd \/ Permis C \u00e0 La Courneuve - INRI&#039;S La Courneuve","og_description":"L'Auto-\u00e9cole INRI'S La Courneuve vous permet de passer le permis poids lourd (C) sur piste priv\u00e9e. Financement CPF et France Travail.","og_url":"https:\/\/de-vv.com\/inris\/permis-poids-lourd\/","og_site_name":"INRI&#039;S La Courneuve","article_modified_time":"2025-03-15T12:16:06+00:00","og_image":[{"width":512,"height":512,"url":"https:\/\/de-vv.com\/inris\/wp-content\/uploads\/2025\/02\/favicon_inris_formation.png","type":"image\/png"}],"twitter_card":"summary_large_image","twitter_misc":{"Dur\u00e9e de lecture estim\u00e9e":"2 minutes"},"schema":{"@context":"https:\/\/schema.org","@graph":[{"@type":"WebPage","@id":"https:\/\/de-vv.com\/inris\/permis-poids-lourd\/","url":"https:\/\/de-vv.com\/inris\/permis-poids-lourd\/","name":"Permis Poids Lourd \/ Permis C \u00e0 La Courneuve - INRI&#039;S La Courneuve","isPartOf":{"@id":"https:\/\/de-vv.com\/inris\/#website"},"primaryImageOfPage":{"@id":"https:\/\/de-vv.com\/inris\/permis-poids-lourd\/#primaryimage"},"image":{"@id":"https:\/\/de-vv.com\/inris\/permis-poids-lourd\/#primaryimage"},"thumbnailUrl":"https:\/\/de-vv.com\/inris\/wp-content\/uploads\/2025\/02\/favicon_inris_formation.png","datePublished":"2025-02-20T18:40:06+00:00","dateModified":"2025-03-15T12:16:06+00:00","description":"L'Auto-\u00e9cole INRI'S La Courneuve vous permet de passer le permis poids lourd (C) sur piste priv\u00e9e. Financement CPF et France Travail.","breadcrumb":{"@id":"https:\/\/de-vv.com\/inris\/permis-poids-lourd\/#breadcrumb"},"inLanguage":"fr-FR","potentialAction":[{"@type":"ReadAction","target":["https:\/\/de-vv.com\/inris\/permis-poids-lourd\/"]}]},{"@type":"ImageObject","inLanguage":"fr-FR","@id":"https:\/\/de-vv.com\/inris\/permis-poids-lourd\/#primaryimage","url":"https:\/\/de-vv.com\/inris\/wp-content\/uploads\/2025\/02\/favicon_inris_formation.png","contentUrl":"https:\/\/de-vv.com\/inris\/wp-content\/uploads\/2025\/02\/favicon_inris_formation.png","width":512,"height":512,"caption":"Favicon INRI'S Formation"},{"@type":"BreadcrumbList","@id":"https:\/\/de-vv.com\/inris\/permis-poids-lourd\/#breadcrumb","itemListElement":[{"@type":"ListItem","position":1,"name":"Accueil","item":"https:\/\/de-vv.com\/inris\/"},{"@type":"ListItem","position":2,"name":"Permis Poids Lourd"}]},{"@type":"WebSite","@id":"https:\/\/de-vv.com\/inris\/#website","url":"https:\/\/de-vv.com\/inris\/","name":"INRI&#039;S La Courneuve","description":"Permis auto, moto et poids-lourd \u00e0 La Courneuve","potentialAction":[{"@type":"SearchAction","target":{"@type":"EntryPoint","urlTemplate":"https:\/\/de-vv.com\/inris\/?s={search_term_string}"},"query-input":{"@type":"PropertyValueSpecification","valueRequired":true,"valueName":"search_term_string"}}],"inLanguage":"fr-FR"}]}},"_links":{"self":[{"href":"https:\/\/de-vv.com\/inris\/wp-json\/wp\/v2\/pages\/32","targetHints":{"allow":["GET"]}}],"collection":[{"href":"https:\/\/de-vv.com\/inris\/wp-json\/wp\/v2\/pages"}],"about":[{"href":"https:\/\/de-vv.com\/inris\/wp-json\/wp\/v2\/types\/page"}],"author":[{"embeddable":true,"href":"https:\/\/de-vv.com\/inris\/wp-json\/wp\/v2\/users\/1"}],"replies":[{"embeddable":true,"href":"https:\/\/de-vv.com\/inris\/wp-json\/wp\/v2\/comments?post=32"}],"version-history":[{"count":23,"href":"https:\/\/de-vv.com\/inris\/wp-json\/wp\/v2\/pages\/32\/revisions"}],"predecessor-version":[{"id":299,"href":"https:\/\/de-vv.com\/inris\/wp-json\/wp\/v2\/pages\/32\/revisions\/299"}],"wp:featuredmedia":[{"embeddable":true,"href":"https:\/\/de-vv.com\/inris\/wp-json\/wp\/v2\/media\/27"}],"wp:attachment":[{"href":"https:\/\/de-vv.com\/inris\/wp-json\/wp\/v2\/media?parent=32"}],"curies":[{"name":"wp","href":"https:\/\/api.w.org\/{rel}","templated":true}]}}